{"id":40547,"date":"2023-11-10T11:14:00","date_gmt":"2023-11-10T10:14:00","guid":{"rendered":"https:\/\/c-profil.se\/?post_type=product&#038;p=40547"},"modified":"2026-03-19T15:44:06","modified_gmt":"2026-03-19T14:44:06","slug":"psu-lyte-ii","status":"publish","type":"product","link":"https:\/\/c-profil.se\/english\/produkt\/nataggregat-lyte-ii\/","title":{"rendered":"Power supply | LYTE II"},"content":{"rendered":"<p><strong>Power Supply \/ LYTE II is a DIN-mounted power supply with high power density and universal AC input<\/strong> for reliable operation in industrial applications.<br \/>\nIt operates in temperatures from -30\u00b0C to +70\u00b0C (cold start down to -40\u00b0C) and meets DOE VI and SEMI F47 for energy-efficient and stable performance.<\/p>","protected":false},"excerpt":{"rendered":"<p>PSU \/ LYTE II, is mounted on DIN Rails. The PSU is a versatile solution that is easy to mount on the DIN Rail. With its universal AC input voltage range and built-in constant current circuit for reactive loads, it provides high power density and reliable performance. It can operate in extreme temperatures from -30\u00b0C to +70\u00b0C with -40\u00b0C cold start. Its reduced no-load current consumption and DOE VI Energy Standard and SEMI F47 @ 200Vac compliance make it a reliable choice for your needs.<\/p>\n<ul>\n<li>Efficiency up to 93%<\/li>\n<li>Universal AC input voltage range<\/li>\n<li>Built-in constant current circuit for reactive loads<\/li>\n<li>High power density<\/li>\n<li>Operate from -30\u00b0C to +70\u00b0C with -40\u00b0C Cold Start<\/li>\n<li>Reduced no-load power consumption<\/li>\n<li>Compliance with DOE VI Energy Standard<\/li>\n<li>Compliance to SEMI F47 @ 200Vac<\/li>\n<\/ul>","protected":false},"featured_media":51718,"template":"","meta":{"_acf_changed":false},"product_brand":[736],"product_cat":[535],"product_tag":[940,959,958],"class_list":{"0":"post-40547","1":"product","2":"type-product","3":"status-publish","4":"has-post-thumbnail","6":"product_brand-delta-electronics","7":"product_cat-nataggregat","8":"product_tag-apparatskap","9":"product_tag-din-skena","10":"product_tag-stromforsorjning","12":"first","13":"instock","14":"shipping-taxable","15":"product-type-simple"},"acf":[],"yoast_head":"<!-- This site is optimized with the Yoast SEO Premium plugin v27.6 (Yoast SEO v27.6) - https:\/\/yoast.com\/product\/yoast-seo-premium-wordpress\/ -->\n<title>N\u00e4taggregat | LYTE II - C-Pro<\/title>\n<meta name=\"description\" content=\"N\u00e4taggregat \/ LYTE II, monteras p\u00e5 DIN-Profil. Extremt slimmad design. Minskad str\u00f6mf\u00f6rbrukning utan belastning. Bred driftstemperatur. L\u00e4s Mer!\" \/>\n<meta name=\"robots\" content=\"index, follow, max-snippet:-1, max-image-preview:large, max-video-preview:-1\" \/>\n<link rel=\"canonical\" href=\"https:\/\/c-profil.se\/english\/product\/psu-lyte-ii\/\" \/>\n<meta property=\"og:locale\" content=\"en_US\" \/>\n<meta property=\"og:type\" content=\"article\" \/>\n<meta property=\"og:title\" content=\"N\u00e4taggregat | LYTE II - C-Pro\" \/>\n<meta property=\"og:description\" content=\"N\u00e4taggregat \/ LYTE II, monteras p\u00e5 DIN-Profil. PSU\u00b4n \u00e4r en m\u00e5ngsidig l\u00f6sning som \u00e4r enkel att montera p\u00e5 DIN-profilen. Med sitt universal AC-ing\u00e5ngssp\u00e4nningsomr\u00e5de och inbyggda konstantstr\u00f6mkrets f\u00f6r reaktiva belastningar, ger den h\u00f6g effektt\u00e4thet och p\u00e5litlig prestanda. Den kan fungera i extrema temperaturer fr\u00e5n -30\u00b0C till +70\u00b0C med -40\u00b0C kallstart. Dess minskade str\u00f6mf\u00f6rbrukning utan belastning och \u00f6verensst\u00e4mmelse med DOE VI Energy Standard och SEMI F47 @ 200Vac g\u00f6r den till ett p\u00e5litligt val f\u00f6r dina behov.   Verkningsgrad upp till 93%  Universal AC-ing\u00e5ngssp\u00e4nningsomr\u00e5de  Inbyggd konstantstr\u00f6mkrets f\u00f6r reaktiva belastningar  H\u00f6g effektt\u00e4thet  K\u00f6r fr\u00e5n -30\u00b0C till +70\u00b0C med -40\u00b0C kallstart  Minskad str\u00f6mf\u00f6rbrukning utan belastning  \u00d6verensst\u00e4mmelse med DOE VI Energy Standard  \u00d6verensst\u00e4mmelse med SEMI F47 @ 200Vac\" \/>\n<meta property=\"og:url\" content=\"https:\/\/c-profil.se\/english\/product\/psu-lyte-ii\/\" \/>\n<meta property=\"og:site_name\" content=\"C-Pro\" \/>\n<meta property=\"article:publisher\" content=\"https:\/\/www.facebook.com\/people\/C-Pro\/61561767306874\/\" \/>\n<meta property=\"article:modified_time\" content=\"2026-03-19T14:44:06+00:00\" \/>\n<meta property=\"og:image\" content=\"https:\/\/c-profil.se\/wp-content\/uploads\/2023\/11\/Nataggregat-LYTE-II.jpg\" \/>\n\t<meta property=\"og:image:width\" content=\"1000\" \/>\n\t<meta property=\"og:image:height\" content=\"1000\" \/>\n\t<meta property=\"og:image:type\" content=\"image\/jpeg\" \/>\n<meta name=\"twitter:card\" content=\"summary_large_image\" \/>\n<meta name=\"twitter:label1\" content=\"Price\" \/>\n\t<meta name=\"twitter:data1\" content=\"\" \/>\n\t<meta name=\"twitter:label2\" content=\"Availability\" \/>\n\t<meta name=\"twitter:data2\" content=\"In stock\" \/>\n<script type=\"application\/ld+json\" class=\"yoast-schema-graph\">{\"@context\":\"https:\\\/\\\/schema.org\",\"@graph\":[{\"@type\":\"WebPage\",\"@id\":\"https:\\\/\\\/c-profil.se\\\/produkt\\\/nataggregat-lyte-ii\\\/\",\"url\":\"https:\\\/\\\/c-profil.se\\\/produkt\\\/nataggregat-lyte-ii\\\/\",\"name\":\"N\u00e4taggregat | LYTE II - C-Pro\",\"isPartOf\":{\"@id\":\"https:\\\/\\\/c-profil.se\\\/#website\"},\"primaryImageOfPage\":{\"@id\":\"https:\\\/\\\/c-profil.se\\\/produkt\\\/nataggregat-lyte-ii\\\/#primaryimage\"},\"image\":{\"@id\":\"https:\\\/\\\/c-profil.se\\\/produkt\\\/nataggregat-lyte-ii\\\/#primaryimage\"},\"thumbnailUrl\":\"https:\\\/\\\/c-profil.se\\\/wp-content\\\/uploads\\\/2023\\\/11\\\/Nataggregat-LYTE-II.jpg\",\"datePublished\":\"2023-11-10T10:14:00+00:00\",\"dateModified\":\"2026-03-19T14:44:06+00:00\",\"description\":\"N\u00e4taggregat \\\/ LYTE II, monteras p\u00e5 DIN-Profil. Extremt slimmad design. Minskad str\u00f6mf\u00f6rbrukning utan belastning. Bred driftstemperatur. L\u00e4s Mer!\",\"breadcrumb\":{\"@id\":\"https:\\\/\\\/c-profil.se\\\/produkt\\\/nataggregat-lyte-ii\\\/#breadcrumb\"},\"inLanguage\":\"en\",\"potentialAction\":[{\"@type\":\"ReadAction\",\"target\":[\"https:\\\/\\\/c-profil.se\\\/produkt\\\/nataggregat-lyte-ii\\\/\"]}]},{\"@type\":\"ImageObject\",\"inLanguage\":\"en\",\"@id\":\"https:\\\/\\\/c-profil.se\\\/produkt\\\/nataggregat-lyte-ii\\\/#primaryimage\",\"url\":\"https:\\\/\\\/c-profil.se\\\/wp-content\\\/uploads\\\/2023\\\/11\\\/Nataggregat-LYTE-II.jpg\",\"contentUrl\":\"https:\\\/\\\/c-profil.se\\\/wp-content\\\/uploads\\\/2023\\\/11\\\/Nataggregat-LYTE-II.jpg\",\"width\":1000,\"height\":1000,\"caption\":\"N\u00e4taggregat LYTE II\"},{\"@type\":\"BreadcrumbList\",\"@id\":\"https:\\\/\\\/c-profil.se\\\/produkt\\\/nataggregat-lyte-ii\\\/#breadcrumb\",\"itemListElement\":[{\"@type\":\"ListItem\",\"position\":1,\"name\":\"Hem\",\"item\":\"https:\\\/\\\/c-profil.se\\\/\"},{\"@type\":\"ListItem\",\"position\":2,\"name\":\"Produkter\",\"item\":\"https:\\\/\\\/c-profil.se\\\/produkter\\\/\"},{\"@type\":\"ListItem\",\"position\":3,\"name\":\"N\u00e4taggregat\",\"item\":\"https:\\\/\\\/c-profil.se\\\/produkt-kategori\\\/nataggregat\\\/\"},{\"@type\":\"ListItem\",\"position\":4,\"name\":\"N\u00e4taggregat | LYTE II\"}]},{\"@type\":\"WebSite\",\"@id\":\"https:\\\/\\\/c-profil.se\\\/#website\",\"url\":\"https:\\\/\\\/c-profil.se\\\/\",\"name\":\"C-Pro\",\"description\":\"Produkter f\u00f6r El och Automation\",\"publisher\":{\"@id\":\"https:\\\/\\\/c-profil.se\\\/#organization\"},\"potentialAction\":[{\"@type\":\"SearchAction\",\"target\":{\"@type\":\"EntryPoint\",\"urlTemplate\":\"https:\\\/\\\/c-profil.se\\\/?s={search_term_string}\"},\"query-input\":{\"@type\":\"PropertyValueSpecification\",\"valueRequired\":true,\"valueName\":\"search_term_string\"}}],\"inLanguage\":\"en\"},{\"@type\":\"Organization\",\"@id\":\"https:\\\/\\\/c-profil.se\\\/#organization\",\"name\":\"C-Pro\",\"alternateName\":\"C-PRO\",\"url\":\"https:\\\/\\\/c-profil.se\\\/\",\"logo\":{\"@type\":\"ImageObject\",\"inLanguage\":\"en\",\"@id\":\"https:\\\/\\\/c-profil.se\\\/#\\\/schema\\\/logo\\\/image\\\/\",\"url\":\"https:\\\/\\\/c-profil.se\\\/wp-content\\\/uploads\\\/2022\\\/03\\\/c-pro-logga-liggande-500x500-1.png\",\"contentUrl\":\"https:\\\/\\\/c-profil.se\\\/wp-content\\\/uploads\\\/2022\\\/03\\\/c-pro-logga-liggande-500x500-1.png\",\"width\":500,\"height\":500,\"caption\":\"C-Pro\"},\"image\":{\"@id\":\"https:\\\/\\\/c-profil.se\\\/#\\\/schema\\\/logo\\\/image\\\/\"},\"sameAs\":[\"https:\\\/\\\/www.facebook.com\\\/people\\\/C-Pro\\\/61561767306874\\\/\",\"https:\\\/\\\/www.linkedin.com\\\/company\\\/c-pro-ab\",\"https:\\\/\\\/www.instagram.com\\\/cpro.ab\\\/\"],\"description\":\"C-PRO AB \u00e4r en helt\u00e4ckande leverant\u00f6r av material f\u00f6r applikationer inom el och automation. \u00c4nda sedan starten 1987 har vi f\u00f6rsett den svenska tillverkande industrin med elmaterial. Trots v\u00e5r storlek och ledande position har vi aldrig \u00f6vergett v\u00e5r grundfilosofi, att vara en personlig leverant\u00f6r. Vi p\u00e5 C-PRO \u00e4r l\u00e4tta att komma i kontakt med, \u00e4rliga och brinner f\u00f6r att l\u00f6sa v\u00e5ra kunders problem.\",\"email\":\"info@c-profil.se\",\"telephone\":\"031575785\",\"legalName\":\"C-Profil F\u00f6rl\u00e4ggningsmaterial AB\",\"foundingDate\":\"1987-01-01\"}]}<\/script>\n<meta property=\"product:brand\" content=\"apparatsk\u00e5p\" \/>\n<meta property=\"product:price:currency\" content=\"SEK\" \/>\n<meta property=\"og:availability\" content=\"instock\" \/>\n<meta property=\"product:availability\" content=\"instock\" \/>\n<meta property=\"product:retailer_item_id\" content=\"LYTE II\" \/>\n<meta property=\"product:condition\" content=\"new\" \/>\n<!-- \/ Yoast SEO Premium plugin. -->","yoast_head_json":{"title":"Power supply | LYTE II - C-Pro","description":"PSU \/ LYTE II, is mounted on DIN Rail. Extremely narrow width. Reduced no-load power consumption. Wide operating temperature. Read more!","robots":{"index":"index","follow":"follow","max-snippet":"max-snippet:-1","max-image-preview":"max-image-preview:large","max-video-preview":"max-video-preview:-1"},"canonical":"https:\/\/c-profil.se\/english\/product\/psu-lyte-ii\/","og_locale":"en_US","og_type":"article","og_title":"N\u00e4taggregat | LYTE II - C-Pro","og_description":"N\u00e4taggregat \/ LYTE II, monteras p\u00e5 DIN-Profil. PSU\u00b4n \u00e4r en m\u00e5ngsidig l\u00f6sning som \u00e4r enkel att montera p\u00e5 DIN-profilen. Med sitt universal AC-ing\u00e5ngssp\u00e4nningsomr\u00e5de och inbyggda konstantstr\u00f6mkrets f\u00f6r reaktiva belastningar, ger den h\u00f6g effektt\u00e4thet och p\u00e5litlig prestanda. Den kan fungera i extrema temperaturer fr\u00e5n -30\u00b0C till +70\u00b0C med -40\u00b0C kallstart. Dess minskade str\u00f6mf\u00f6rbrukning utan belastning och \u00f6verensst\u00e4mmelse med DOE VI Energy Standard och SEMI F47 @ 200Vac g\u00f6r den till ett p\u00e5litligt val f\u00f6r dina behov.   Verkningsgrad upp till 93%  Universal AC-ing\u00e5ngssp\u00e4nningsomr\u00e5de  Inbyggd konstantstr\u00f6mkrets f\u00f6r reaktiva belastningar  H\u00f6g effektt\u00e4thet  K\u00f6r fr\u00e5n -30\u00b0C till +70\u00b0C med -40\u00b0C kallstart  Minskad str\u00f6mf\u00f6rbrukning utan belastning  \u00d6verensst\u00e4mmelse med DOE VI Energy Standard  \u00d6verensst\u00e4mmelse med SEMI F47 @ 200Vac","og_url":"https:\/\/c-profil.se\/english\/product\/psu-lyte-ii\/","og_site_name":"C-Pro","article_publisher":"https:\/\/www.facebook.com\/people\/C-Pro\/61561767306874\/","article_modified_time":"2026-03-19T14:44:06+00:00","og_image":[{"width":1000,"height":1000,"url":"https:\/\/c-profil.se\/wp-content\/uploads\/2023\/11\/Nataggregat-LYTE-II.jpg","type":"image\/jpeg"}],"twitter_card":"summary_large_image","twitter_misc":{"Price":"","Availability":"In stock"},"schema":{"@context":"https:\/\/schema.org","@graph":[{"@type":"WebPage","@id":"https:\/\/c-profil.se\/produkt\/nataggregat-lyte-ii\/","url":"https:\/\/c-profil.se\/produkt\/nataggregat-lyte-ii\/","name":"Power supply | LYTE II - C-Pro","isPartOf":{"@id":"https:\/\/c-profil.se\/#website"},"primaryImageOfPage":{"@id":"https:\/\/c-profil.se\/produkt\/nataggregat-lyte-ii\/#primaryimage"},"image":{"@id":"https:\/\/c-profil.se\/produkt\/nataggregat-lyte-ii\/#primaryimage"},"thumbnailUrl":"https:\/\/c-profil.se\/wp-content\/uploads\/2023\/11\/Nataggregat-LYTE-II.jpg","datePublished":"2023-11-10T10:14:00+00:00","dateModified":"2026-03-19T14:44:06+00:00","description":"PSU \/ LYTE II, is mounted on DIN Rail. Extremely narrow width. Reduced no-load power consumption. Wide operating temperature. Read more!","breadcrumb":{"@id":"https:\/\/c-profil.se\/produkt\/nataggregat-lyte-ii\/#breadcrumb"},"inLanguage":"en","potentialAction":[{"@type":"ReadAction","target":["https:\/\/c-profil.se\/produkt\/nataggregat-lyte-ii\/"]}]},{"@type":"ImageObject","inLanguage":"en","@id":"https:\/\/c-profil.se\/produkt\/nataggregat-lyte-ii\/#primaryimage","url":"https:\/\/c-profil.se\/wp-content\/uploads\/2023\/11\/Nataggregat-LYTE-II.jpg","contentUrl":"https:\/\/c-profil.se\/wp-content\/uploads\/2023\/11\/Nataggregat-LYTE-II.jpg","width":1000,"height":1000,"caption":"N\u00e4taggregat LYTE II"},{"@type":"BreadcrumbList","@id":"https:\/\/c-profil.se\/produkt\/nataggregat-lyte-ii\/#breadcrumb","itemListElement":[{"@type":"ListItem","position":1,"name":"Hem","item":"https:\/\/c-profil.se\/"},{"@type":"ListItem","position":2,"name":"Produkter","item":"https:\/\/c-profil.se\/produkter\/"},{"@type":"ListItem","position":3,"name":"N\u00e4taggregat","item":"https:\/\/c-profil.se\/produkt-kategori\/nataggregat\/"},{"@type":"ListItem","position":4,"name":"N\u00e4taggregat | LYTE II"}]},{"@type":"WebSite","@id":"https:\/\/c-profil.se\/#website","url":"https:\/\/c-profil.se\/","name":"C-Pro","description":"Products for Electricity and Automation","publisher":{"@id":"https:\/\/c-profil.se\/#organization"},"potentialAction":[{"@type":"SearchAction","target":{"@type":"EntryPoint","urlTemplate":"https:\/\/c-profil.se\/?s={search_term_string}"},"query-input":{"@type":"PropertyValueSpecification","valueRequired":true,"valueName":"search_term_string"}}],"inLanguage":"en"},{"@type":"Organization","@id":"https:\/\/c-profil.se\/#organization","name":"C-Pro","alternateName":"C-PRO","url":"https:\/\/c-profil.se\/","logo":{"@type":"ImageObject","inLanguage":"en","@id":"https:\/\/c-profil.se\/#\/schema\/logo\/image\/","url":"https:\/\/c-profil.se\/wp-content\/uploads\/2022\/03\/c-pro-logga-liggande-500x500-1.png","contentUrl":"https:\/\/c-profil.se\/wp-content\/uploads\/2022\/03\/c-pro-logga-liggande-500x500-1.png","width":500,"height":500,"caption":"C-Pro"},"image":{"@id":"https:\/\/c-profil.se\/#\/schema\/logo\/image\/"},"sameAs":["https:\/\/www.facebook.com\/people\/C-Pro\/61561767306874\/","https:\/\/www.linkedin.com\/company\/c-pro-ab","https:\/\/www.instagram.com\/cpro.ab\/"],"description":"C-PRO AB is a comprehensive supplier of materials for applications in electricity and automation. Ever since the start in 1987, we have supplied the Swedish manufacturing industry with electrical materials. Despite our size and leading position, we have never abandoned our basic philosophy, to be a personal supplier. We at C-PRO are easy to get in touch with, honest and passionate about solving our customers&#039; problems.","email":"info@c-profil.se","telephone":"031575785","legalName":"C-Profil F\u00f6rl\u00e4ggningsmaterial AB","foundingDate":"1987-01-01"}]},"product_brand":"apparatsk\u00e5p","product_price_currency":"SEK","og_availability":"instock","product_availability":"instock","product_retailer_item_id":"LYTE II","product_condition":"new"},"_links":{"self":[{"href":"https:\/\/c-profil.se\/english\/wp-json\/wp\/v2\/product\/40547","targetHints":{"allow":["GET"]}}],"collection":[{"href":"https:\/\/c-profil.se\/english\/wp-json\/wp\/v2\/product"}],"about":[{"href":"https:\/\/c-profil.se\/english\/wp-json\/wp\/v2\/types\/product"}],"version-history":[{"count":11,"href":"https:\/\/c-profil.se\/english\/wp-json\/wp\/v2\/product\/40547\/revisions"}],"predecessor-version":[{"id":74439,"href":"https:\/\/c-profil.se\/english\/wp-json\/wp\/v2\/product\/40547\/revisions\/74439"}],"wp:featuredmedia":[{"embeddable":true,"href":"https:\/\/c-profil.se\/english\/wp-json\/wp\/v2\/media\/51718"}],"wp:attachment":[{"href":"https:\/\/c-profil.se\/english\/wp-json\/wp\/v2\/media?parent=40547"}],"wp:term":[{"taxonomy":"product_brand","embeddable":true,"href":"https:\/\/c-profil.se\/english\/wp-json\/wp\/v2\/product_brand?post=40547"},{"taxonomy":"product_cat","embeddable":true,"href":"https:\/\/c-profil.se\/english\/wp-json\/wp\/v2\/product_cat?post=40547"},{"taxonomy":"product_tag","embeddable":true,"href":"https:\/\/c-profil.se\/english\/wp-json\/wp\/v2\/product_tag?post=40547"}],"curies":[{"name":"wp","href":"https:\/\/api.w.org\/{rel}","templated":true}]}}