{"id":40544,"date":"2023-11-10T11:08:00","date_gmt":"2023-11-10T10:08:00","guid":{"rendered":"https:\/\/c-profil.se\/?post_type=product&#038;p=40544"},"modified":"2026-03-19T15:44:07","modified_gmt":"2026-03-19T14:44:07","slug":"psu-cliq-m","status":"publish","type":"product","link":"https:\/\/c-profil.se\/english\/produkt\/nataggregat-cliq-m\/","title":{"rendered":"Power supply | CliQ M"},"content":{"rendered":"<p><strong>Power supply \/ CliQ M is a high-performance DIN-mounted power supply with up to 95.5 % efficiency and Power Boost function<\/strong> for demanding industrial and maritime applications.<br \/>\nIt features universal AC input, Advanced Power Boost, cold start down to -40\u00b0C, and DNV GL and ABS approvals for safe and reliable operation.<\/p>","protected":false},"excerpt":{"rendered":"<p>PSU \/  CliQ M, mounted on DIN Rail. With its universal AC input voltage range, you can use it anywhere. The high-power, corrosion-resistant aluminum housing ensures long-term durability. The Power Boost feature gives you a 150% boost for up to 7 seconds, while Advanced Power Boost (APB) provides extra power when it's needed most. With DNV GL and ABS approvals, it is also suitable for maritime applications. In addition, it can handle extremely low temperatures down to -40\u00b0C and has a built-in DC OK contact and LED indicator for easy monitoring. All these features make the CliQ M power supply a reliable and certified choice for your needs.<\/p>\n<ul>\n<li>Efficiency up to 95.5%<\/li>\n<li>Universal AC input voltage range<\/li>\n<li>High power density in corrosion resistant aluminium casing<\/li>\n<li>Power Boost of 150% up to 7 seconds<\/li>\n<li>Advanced Power Boost (APB)<\/li>\n<li>DNV GL and ABS approvals for maritime applications<\/li>\n<li>Extreme low temperature cold start at -40\u00b0C<\/li>\n<li>Built-in DC OK Contact and LED indicator for DC OK\/ Overload<\/li>\n<li>Conformal coating on PCBAs to protect against common dust and chemical pollutants<\/li>\n<li>Certified according to IEC\/EN\/UL 62368-1<\/li>\n<\/ul>","protected":false},"featured_media":65464,"template":"","meta":{"_acf_changed":false},"product_brand":[736],"product_cat":[535],"product_tag":[940,959,958],"class_list":{"0":"post-40544","1":"product","2":"type-product","3":"status-publish","4":"has-post-thumbnail","6":"product_brand-delta-electronics","7":"product_cat-nataggregat","8":"product_tag-apparatskap","9":"product_tag-din-skena","10":"product_tag-stromforsorjning","12":"first","13":"instock","14":"shipping-taxable","15":"product-type-simple"},"acf":[],"yoast_head":"<!-- This site is optimized with the Yoast SEO Premium plugin v27.6 (Yoast SEO v27.6) - https:\/\/yoast.com\/product\/yoast-seo-premium-wordpress\/ -->\n<title>N\u00e4taggregat | CliQ M - C-Pro<\/title>\n<meta name=\"description\" content=\"N\u00e4taggregat\/\u00a0 CliQ M, monteras p\u00e5 DIN-Profil. Full kraft upp till +60\u00b0C. Advanced Power Boost (APB). Marincertifieringar. L\u00e4s Mer!\" \/>\n<meta name=\"robots\" content=\"index, follow, max-snippet:-1, max-image-preview:large, max-video-preview:-1\" \/>\n<link rel=\"canonical\" href=\"https:\/\/c-profil.se\/english\/product\/psu-cliq-m\/\" \/>\n<meta property=\"og:locale\" content=\"en_US\" \/>\n<meta property=\"og:type\" content=\"article\" \/>\n<meta property=\"og:title\" content=\"N\u00e4taggregat | CliQ M - C-Pro\" \/>\n<meta property=\"og:description\" content=\"N\u00e4taggregat\/\u00a0 CliQ M, monteras p\u00e5 DIN-Profil. Med sitt universella AC-ing\u00e5ngssp\u00e4nningsomr\u00e5de kan det anv\u00e4ndas \u00f6verallt. Det h\u00f6geffektt\u00e4ta korrosionsbest\u00e4ndiga aluminiumh\u00f6ljet garanterar l\u00e5ngvarig h\u00e5llbarhet. Power Boost-funktionen ger en \u00f6kning p\u00e5 150 % i upp till 7 sekunder, medan Advanced Power Boost (APB) ger extra kraft n\u00e4r det beh\u00f6vs som mest. Med DNV GL- och ABS-godk\u00e4nnanden \u00e4r det \u00e4ven l\u00e4mpligt f\u00f6r maritima applikationer. Dessutom klarar det extremt l\u00e5ga temperaturer ner till -40\u00b0C och har en inbyggd DC OK-kontakt samt LED-indikator f\u00f6r enkel \u00f6vervakning. Alla dessa funktioner g\u00f6r att n\u00e4taggregatet CliQ M \u00e4r ett p\u00e5litligt och certifierat val f\u00f6r dina behov.   Verkningsgrad upp till 95.5%  Universal AC-ing\u00e5ngssp\u00e4nningsomr\u00e5de  H\u00f6g effektt\u00e4thet i korrosionsbest\u00e4ndigt aluminiumh\u00f6lje  Power Boost p\u00e5 150 % upp till 7 sekunder  Advanced Power Boost (APB)  DNV GL och ABS godk\u00e4nnanden f\u00f6r maritima applikationer  Extrem l\u00e5g temperatur kallstart vid -40\u00b0C  Inbyggd DC OK-kontakt och LED-indikator f\u00f6r DC OK\/ \u00d6verbelastning  Konform bel\u00e4ggning p\u00e5 PCBA f\u00f6r att skydda mot vanligt damm och kemiska f\u00f6roreningar  Certifierad enligt IEC\/EN\/UL 62368-1\" \/>\n<meta property=\"og:url\" content=\"https:\/\/c-profil.se\/english\/product\/psu-cliq-m\/\" \/>\n<meta property=\"og:site_name\" content=\"C-Pro\" \/>\n<meta property=\"article:publisher\" content=\"https:\/\/www.facebook.com\/people\/C-Pro\/61561767306874\/\" \/>\n<meta property=\"article:modified_time\" content=\"2026-03-19T14:44:07+00:00\" \/>\n<meta property=\"og:image\" content=\"https:\/\/c-profil.se\/wp-content\/uploads\/2023\/11\/Nataggregat-CliQ-M-DNV.jpg\" \/>\n\t<meta property=\"og:image:width\" content=\"1000\" \/>\n\t<meta property=\"og:image:height\" content=\"1000\" \/>\n\t<meta property=\"og:image:type\" content=\"image\/jpeg\" \/>\n<meta name=\"twitter:card\" content=\"summary_large_image\" \/>\n<meta name=\"twitter:label1\" content=\"Price\" \/>\n\t<meta name=\"twitter:data1\" content=\"\" \/>\n\t<meta name=\"twitter:label2\" content=\"Availability\" \/>\n\t<meta name=\"twitter:data2\" content=\"In stock\" \/>\n<script type=\"application\/ld+json\" class=\"yoast-schema-graph\">{\"@context\":\"https:\\\/\\\/schema.org\",\"@graph\":[{\"@type\":\"WebPage\",\"@id\":\"https:\\\/\\\/c-profil.se\\\/produkt\\\/nataggregat-cliq-m\\\/\",\"url\":\"https:\\\/\\\/c-profil.se\\\/produkt\\\/nataggregat-cliq-m\\\/\",\"name\":\"N\u00e4taggregat | CliQ M - C-Pro\",\"isPartOf\":{\"@id\":\"https:\\\/\\\/c-profil.se\\\/#website\"},\"primaryImageOfPage\":{\"@id\":\"https:\\\/\\\/c-profil.se\\\/produkt\\\/nataggregat-cliq-m\\\/#primaryimage\"},\"image\":{\"@id\":\"https:\\\/\\\/c-profil.se\\\/produkt\\\/nataggregat-cliq-m\\\/#primaryimage\"},\"thumbnailUrl\":\"https:\\\/\\\/c-profil.se\\\/wp-content\\\/uploads\\\/2023\\\/11\\\/Nataggregat-CliQ-M-DNV.jpg\",\"datePublished\":\"2023-11-10T10:08:00+00:00\",\"dateModified\":\"2026-03-19T14:44:07+00:00\",\"description\":\"N\u00e4taggregat\\\/\u00a0 CliQ M, monteras p\u00e5 DIN-Profil. Full kraft upp till +60\u00b0C. Advanced Power Boost (APB). Marincertifieringar. L\u00e4s Mer!\",\"breadcrumb\":{\"@id\":\"https:\\\/\\\/c-profil.se\\\/produkt\\\/nataggregat-cliq-m\\\/#breadcrumb\"},\"inLanguage\":\"en\",\"potentialAction\":[{\"@type\":\"ReadAction\",\"target\":[\"https:\\\/\\\/c-profil.se\\\/produkt\\\/nataggregat-cliq-m\\\/\"]}]},{\"@type\":\"ImageObject\",\"inLanguage\":\"en\",\"@id\":\"https:\\\/\\\/c-profil.se\\\/produkt\\\/nataggregat-cliq-m\\\/#primaryimage\",\"url\":\"https:\\\/\\\/c-profil.se\\\/wp-content\\\/uploads\\\/2023\\\/11\\\/Nataggregat-CliQ-M-DNV.jpg\",\"contentUrl\":\"https:\\\/\\\/c-profil.se\\\/wp-content\\\/uploads\\\/2023\\\/11\\\/Nataggregat-CliQ-M-DNV.jpg\",\"width\":1000,\"height\":1000,\"caption\":\"N\u00e4taggregat CliQ M DNV\"},{\"@type\":\"BreadcrumbList\",\"@id\":\"https:\\\/\\\/c-profil.se\\\/produkt\\\/nataggregat-cliq-m\\\/#breadcrumb\",\"itemListElement\":[{\"@type\":\"ListItem\",\"position\":1,\"name\":\"Hem\",\"item\":\"https:\\\/\\\/c-profil.se\\\/\"},{\"@type\":\"ListItem\",\"position\":2,\"name\":\"Produkter\",\"item\":\"https:\\\/\\\/c-profil.se\\\/produkter\\\/\"},{\"@type\":\"ListItem\",\"position\":3,\"name\":\"N\u00e4taggregat\",\"item\":\"https:\\\/\\\/c-profil.se\\\/produkt-kategori\\\/nataggregat\\\/\"},{\"@type\":\"ListItem\",\"position\":4,\"name\":\"N\u00e4taggregat | CliQ M\"}]},{\"@type\":\"WebSite\",\"@id\":\"https:\\\/\\\/c-profil.se\\\/#website\",\"url\":\"https:\\\/\\\/c-profil.se\\\/\",\"name\":\"C-Pro\",\"description\":\"Produkter f\u00f6r El och Automation\",\"publisher\":{\"@id\":\"https:\\\/\\\/c-profil.se\\\/#organization\"},\"potentialAction\":[{\"@type\":\"SearchAction\",\"target\":{\"@type\":\"EntryPoint\",\"urlTemplate\":\"https:\\\/\\\/c-profil.se\\\/?s={search_term_string}\"},\"query-input\":{\"@type\":\"PropertyValueSpecification\",\"valueRequired\":true,\"valueName\":\"search_term_string\"}}],\"inLanguage\":\"en\"},{\"@type\":\"Organization\",\"@id\":\"https:\\\/\\\/c-profil.se\\\/#organization\",\"name\":\"C-Pro\",\"alternateName\":\"C-PRO\",\"url\":\"https:\\\/\\\/c-profil.se\\\/\",\"logo\":{\"@type\":\"ImageObject\",\"inLanguage\":\"en\",\"@id\":\"https:\\\/\\\/c-profil.se\\\/#\\\/schema\\\/logo\\\/image\\\/\",\"url\":\"https:\\\/\\\/c-profil.se\\\/wp-content\\\/uploads\\\/2022\\\/03\\\/c-pro-logga-liggande-500x500-1.png\",\"contentUrl\":\"https:\\\/\\\/c-profil.se\\\/wp-content\\\/uploads\\\/2022\\\/03\\\/c-pro-logga-liggande-500x500-1.png\",\"width\":500,\"height\":500,\"caption\":\"C-Pro\"},\"image\":{\"@id\":\"https:\\\/\\\/c-profil.se\\\/#\\\/schema\\\/logo\\\/image\\\/\"},\"sameAs\":[\"https:\\\/\\\/www.facebook.com\\\/people\\\/C-Pro\\\/61561767306874\\\/\",\"https:\\\/\\\/www.linkedin.com\\\/company\\\/c-pro-ab\",\"https:\\\/\\\/www.instagram.com\\\/cpro.ab\\\/\"],\"description\":\"C-PRO AB \u00e4r en helt\u00e4ckande leverant\u00f6r av material f\u00f6r applikationer inom el och automation. \u00c4nda sedan starten 1987 har vi f\u00f6rsett den svenska tillverkande industrin med elmaterial. Trots v\u00e5r storlek och ledande position har vi aldrig \u00f6vergett v\u00e5r grundfilosofi, att vara en personlig leverant\u00f6r. Vi p\u00e5 C-PRO \u00e4r l\u00e4tta att komma i kontakt med, \u00e4rliga och brinner f\u00f6r att l\u00f6sa v\u00e5ra kunders problem.\",\"email\":\"info@c-profil.se\",\"telephone\":\"031575785\",\"legalName\":\"C-Profil F\u00f6rl\u00e4ggningsmaterial AB\",\"foundingDate\":\"1987-01-01\"}]}<\/script>\n<meta property=\"product:brand\" content=\"apparatsk\u00e5p\" \/>\n<meta property=\"product:price:currency\" content=\"SEK\" \/>\n<meta property=\"og:availability\" content=\"instock\" \/>\n<meta property=\"product:availability\" content=\"instock\" \/>\n<meta property=\"product:retailer_item_id\" content=\"CliQ M\" \/>\n<meta property=\"product:condition\" content=\"new\" \/>\n<!-- \/ Yoast SEO Premium plugin. -->","yoast_head_json":{"title":"Power Supply | CliQ M - C-Pro","description":"PSU \/  CliQ M, mounted on DIN Rail. Full power up to +60\u00b0C. Advanced Power Boost (APB). Marine certifications. Read more!","robots":{"index":"index","follow":"follow","max-snippet":"max-snippet:-1","max-image-preview":"max-image-preview:large","max-video-preview":"max-video-preview:-1"},"canonical":"https:\/\/c-profil.se\/english\/product\/psu-cliq-m\/","og_locale":"en_US","og_type":"article","og_title":"N\u00e4taggregat | CliQ M - C-Pro","og_description":"N\u00e4taggregat\/\u00a0 CliQ M, monteras p\u00e5 DIN-Profil. Med sitt universella AC-ing\u00e5ngssp\u00e4nningsomr\u00e5de kan det anv\u00e4ndas \u00f6verallt. Det h\u00f6geffektt\u00e4ta korrosionsbest\u00e4ndiga aluminiumh\u00f6ljet garanterar l\u00e5ngvarig h\u00e5llbarhet. Power Boost-funktionen ger en \u00f6kning p\u00e5 150 % i upp till 7 sekunder, medan Advanced Power Boost (APB) ger extra kraft n\u00e4r det beh\u00f6vs som mest. Med DNV GL- och ABS-godk\u00e4nnanden \u00e4r det \u00e4ven l\u00e4mpligt f\u00f6r maritima applikationer. Dessutom klarar det extremt l\u00e5ga temperaturer ner till -40\u00b0C och har en inbyggd DC OK-kontakt samt LED-indikator f\u00f6r enkel \u00f6vervakning. Alla dessa funktioner g\u00f6r att n\u00e4taggregatet CliQ M \u00e4r ett p\u00e5litligt och certifierat val f\u00f6r dina behov.   Verkningsgrad upp till 95.5%  Universal AC-ing\u00e5ngssp\u00e4nningsomr\u00e5de  H\u00f6g effektt\u00e4thet i korrosionsbest\u00e4ndigt aluminiumh\u00f6lje  Power Boost p\u00e5 150 % upp till 7 sekunder  Advanced Power Boost (APB)  DNV GL och ABS godk\u00e4nnanden f\u00f6r maritima applikationer  Extrem l\u00e5g temperatur kallstart vid -40\u00b0C  Inbyggd DC OK-kontakt och LED-indikator f\u00f6r DC OK\/ \u00d6verbelastning  Konform bel\u00e4ggning p\u00e5 PCBA f\u00f6r att skydda mot vanligt damm och kemiska f\u00f6roreningar  Certifierad enligt IEC\/EN\/UL 62368-1","og_url":"https:\/\/c-profil.se\/english\/product\/psu-cliq-m\/","og_site_name":"C-Pro","article_publisher":"https:\/\/www.facebook.com\/people\/C-Pro\/61561767306874\/","article_modified_time":"2026-03-19T14:44:07+00:00","og_image":[{"width":1000,"height":1000,"url":"https:\/\/c-profil.se\/wp-content\/uploads\/2023\/11\/Nataggregat-CliQ-M-DNV.jpg","type":"image\/jpeg"}],"twitter_card":"summary_large_image","twitter_misc":{"Price":"","Availability":"In stock"},"schema":{"@context":"https:\/\/schema.org","@graph":[{"@type":"WebPage","@id":"https:\/\/c-profil.se\/produkt\/nataggregat-cliq-m\/","url":"https:\/\/c-profil.se\/produkt\/nataggregat-cliq-m\/","name":"Power Supply | CliQ M - C-Pro","isPartOf":{"@id":"https:\/\/c-profil.se\/#website"},"primaryImageOfPage":{"@id":"https:\/\/c-profil.se\/produkt\/nataggregat-cliq-m\/#primaryimage"},"image":{"@id":"https:\/\/c-profil.se\/produkt\/nataggregat-cliq-m\/#primaryimage"},"thumbnailUrl":"https:\/\/c-profil.se\/wp-content\/uploads\/2023\/11\/Nataggregat-CliQ-M-DNV.jpg","datePublished":"2023-11-10T10:08:00+00:00","dateModified":"2026-03-19T14:44:07+00:00","description":"PSU \/  CliQ M, mounted on DIN Rail. Full power up to +60\u00b0C. Advanced Power Boost (APB). Marine certifications. Read more!","breadcrumb":{"@id":"https:\/\/c-profil.se\/produkt\/nataggregat-cliq-m\/#breadcrumb"},"inLanguage":"en","potentialAction":[{"@type":"ReadAction","target":["https:\/\/c-profil.se\/produkt\/nataggregat-cliq-m\/"]}]},{"@type":"ImageObject","inLanguage":"en","@id":"https:\/\/c-profil.se\/produkt\/nataggregat-cliq-m\/#primaryimage","url":"https:\/\/c-profil.se\/wp-content\/uploads\/2023\/11\/Nataggregat-CliQ-M-DNV.jpg","contentUrl":"https:\/\/c-profil.se\/wp-content\/uploads\/2023\/11\/Nataggregat-CliQ-M-DNV.jpg","width":1000,"height":1000,"caption":"N\u00e4taggregat CliQ M DNV"},{"@type":"BreadcrumbList","@id":"https:\/\/c-profil.se\/produkt\/nataggregat-cliq-m\/#breadcrumb","itemListElement":[{"@type":"ListItem","position":1,"name":"Hem","item":"https:\/\/c-profil.se\/"},{"@type":"ListItem","position":2,"name":"Produkter","item":"https:\/\/c-profil.se\/produkter\/"},{"@type":"ListItem","position":3,"name":"N\u00e4taggregat","item":"https:\/\/c-profil.se\/produkt-kategori\/nataggregat\/"},{"@type":"ListItem","position":4,"name":"N\u00e4taggregat | CliQ M"}]},{"@type":"WebSite","@id":"https:\/\/c-profil.se\/#website","url":"https:\/\/c-profil.se\/","name":"C-Pro","description":"Products for Electricity and Automation","publisher":{"@id":"https:\/\/c-profil.se\/#organization"},"potentialAction":[{"@type":"SearchAction","target":{"@type":"EntryPoint","urlTemplate":"https:\/\/c-profil.se\/?s={search_term_string}"},"query-input":{"@type":"PropertyValueSpecification","valueRequired":true,"valueName":"search_term_string"}}],"inLanguage":"en"},{"@type":"Organization","@id":"https:\/\/c-profil.se\/#organization","name":"C-Pro","alternateName":"C-PRO","url":"https:\/\/c-profil.se\/","logo":{"@type":"ImageObject","inLanguage":"en","@id":"https:\/\/c-profil.se\/#\/schema\/logo\/image\/","url":"https:\/\/c-profil.se\/wp-content\/uploads\/2022\/03\/c-pro-logga-liggande-500x500-1.png","contentUrl":"https:\/\/c-profil.se\/wp-content\/uploads\/2022\/03\/c-pro-logga-liggande-500x500-1.png","width":500,"height":500,"caption":"C-Pro"},"image":{"@id":"https:\/\/c-profil.se\/#\/schema\/logo\/image\/"},"sameAs":["https:\/\/www.facebook.com\/people\/C-Pro\/61561767306874\/","https:\/\/www.linkedin.com\/company\/c-pro-ab","https:\/\/www.instagram.com\/cpro.ab\/"],"description":"C-PRO AB is a comprehensive supplier of materials for applications in electricity and automation. Ever since the start in 1987, we have supplied the Swedish manufacturing industry with electrical materials. Despite our size and leading position, we have never abandoned our basic philosophy, to be a personal supplier. We at C-PRO are easy to get in touch with, honest and passionate about solving our customers&#039; problems.","email":"info@c-profil.se","telephone":"031575785","legalName":"C-Profil F\u00f6rl\u00e4ggningsmaterial AB","foundingDate":"1987-01-01"}]},"product_brand":"apparatsk\u00e5p","product_price_currency":"SEK","og_availability":"instock","product_availability":"instock","product_retailer_item_id":"CliQ M","product_condition":"new"},"_links":{"self":[{"href":"https:\/\/c-profil.se\/english\/wp-json\/wp\/v2\/product\/40544","targetHints":{"allow":["GET"]}}],"collection":[{"href":"https:\/\/c-profil.se\/english\/wp-json\/wp\/v2\/product"}],"about":[{"href":"https:\/\/c-profil.se\/english\/wp-json\/wp\/v2\/types\/product"}],"version-history":[{"count":12,"href":"https:\/\/c-profil.se\/english\/wp-json\/wp\/v2\/product\/40544\/revisions"}],"predecessor-version":[{"id":74437,"href":"https:\/\/c-profil.se\/english\/wp-json\/wp\/v2\/product\/40544\/revisions\/74437"}],"wp:featuredmedia":[{"embeddable":true,"href":"https:\/\/c-profil.se\/english\/wp-json\/wp\/v2\/media\/65464"}],"wp:attachment":[{"href":"https:\/\/c-profil.se\/english\/wp-json\/wp\/v2\/media?parent=40544"}],"wp:term":[{"taxonomy":"product_brand","embeddable":true,"href":"https:\/\/c-profil.se\/english\/wp-json\/wp\/v2\/product_brand?post=40544"},{"taxonomy":"product_cat","embeddable":true,"href":"https:\/\/c-profil.se\/english\/wp-json\/wp\/v2\/product_cat?post=40544"},{"taxonomy":"product_tag","embeddable":true,"href":"https:\/\/c-profil.se\/english\/wp-json\/wp\/v2\/product_tag?post=40544"}],"curies":[{"name":"wp","href":"https:\/\/api.w.org\/{rel}","templated":true}]}}