{"id":40526,"date":"2023-11-10T10:33:00","date_gmt":"2023-11-10T09:33:00","guid":{"rendered":"https:\/\/c-profil.se\/?post_type=product&#038;p=40526"},"modified":"2026-04-08T13:59:18","modified_gmt":"2026-04-08T12:59:18","slug":"psu-force-gt","status":"publish","type":"product","link":"https:\/\/c-profil.se\/english\/produkt\/nataggregat-force-gt\/","title":{"rendered":"Power supply | Force-GT"},"content":{"rendered":"<p><strong>Power Supply | Force-GT is an ultra-thin DIN-mounted power supply with up to 95.5 % efficiency<\/strong> and built-in constant current circuit for charging applications. It delivers full power up to 60 \u00b0C, can handle cold starts at -40 \u00b0C and is equipped with a DC OK relay, LED indicator and conformal coating for increased operational reliability.<\/p>","protected":false},"excerpt":{"rendered":"<p><strong>Power supply | Force-GT<\/strong>, mounts on DIN rail. With a universal AC input voltage range and a built-in constant current circuit for charging applications, it provides reliable power to your devices. Regardless of the environment, it can operate at full load up to 60\u00b0C and start even at extreme -40\u00b0C. Its ultra-thin design makes it easy to install and the electrolytic capacitor ensures a long service life. With a built-in DC OK relay and LED indicator, you stay in control. In addition, the conformal coating protects against dust and contaminants.<\/p>\n<ul>\n<li>Efficiency up to 95.5%<\/li>\n<li>Universal AC input voltage range<\/li>\n<li>Built-in constant current circuit for charging applications<\/li>\n<li>Full load operating temperature up to 60\u00b0C<\/li>\n<li>Cold start at -40\u00b0C<\/li>\n<li>Ultra-Slim design<\/li>\n<li>Long life electrolytic capacitor<\/li>\n<li>Built-in DC OK relay and LED indicator<\/li>\n<li>Conformal coating on PCBAs to protect against common dust and pollutants<\/li>\n<\/ul>","protected":false},"featured_media":51709,"template":"","meta":{"_acf_changed":false},"product_brand":[736],"product_cat":[535],"product_tag":[940,959,958],"class_list":{"0":"post-40526","1":"product","2":"type-product","3":"status-publish","4":"has-post-thumbnail","6":"product_brand-delta-electronics","7":"product_cat-nataggregat","8":"product_tag-apparatskap","9":"product_tag-din-skena","10":"product_tag-stromforsorjning","12":"first","13":"instock","14":"shipping-taxable","15":"product-type-simple"},"acf":[],"yoast_head":"<!-- This site is optimized with the Yoast SEO Premium plugin v27.4 (Yoast SEO v27.4) - https:\/\/yoast.com\/product\/yoast-seo-premium-wordpress\/ -->\n<title>N\u00e4taggregat | Force-GT - C-Pro<\/title>\n<meta name=\"description\" content=\"N\u00e4taggregat | Force-GT, f\u00f6r DIN-Profil. Fulllastdriftstemperatur upp till 60\u00b0C. Inbyggd konstantstr\u00f6mkrets f\u00f6r laddningsapplikationer. Ultra-slim design.\" \/>\n<meta name=\"robots\" content=\"index, follow, max-snippet:-1, max-image-preview:large, max-video-preview:-1\" \/>\n<link rel=\"canonical\" href=\"https:\/\/c-profil.se\/english\/product\/psu-force-gt\/\" \/>\n<meta property=\"og:locale\" content=\"en_US\" \/>\n<meta property=\"og:type\" content=\"article\" \/>\n<meta property=\"og:title\" content=\"N\u00e4taggregat | Force-GT - C-Pro\" \/>\n<meta property=\"og:description\" content=\"N\u00e4taggregat | Force-GT, monteras p\u00e5 DIN-Profil. Med ett universellt AC-ing\u00e5ngssp\u00e4nningsomr\u00e5de och en inbyggd konstantstr\u00f6mkrets f\u00f6r laddningsapplikationer ger det p\u00e5litlig str\u00f6m till dina enheter. Oavsett omgivning kan det fungera vid full last upp till 60\u00b0C och starta \u00e4ven vid extrema -40\u00b0C. Dess ultratunna design g\u00f6r det enkelt att installera och den elektrolytiska kondensatorn garanterar l\u00e5ng livsl\u00e4ngd. Med inbyggt DC OK-rel\u00e4 och LED-indikator beh\u00e5ller du kontrollen. Dessutom skyddar den konforma bel\u00e4ggningen mot damm och f\u00f6roreningar.   Verkningsgrad upp till 95.5%  Universal AC-ing\u00e5ngssp\u00e4nningsomr\u00e5de  Inbyggd konstantstr\u00f6mkrets f\u00f6r laddningsapplikationer  Drifttemperatur f\u00f6r full last upp till 60\u00b0C  Kallstart vid -40\u00b0C  Ultratunn design  Elektrolytisk kondensator med l\u00e5ng livsl\u00e4ngd  Inbyggt DC OK-rel\u00e4 och LED-indikator  Konform bel\u00e4ggning p\u00e5 PCBA f\u00f6r att skydda mot vanligt damm och f\u00f6roreningar\" \/>\n<meta property=\"og:url\" content=\"https:\/\/c-profil.se\/english\/product\/psu-force-gt\/\" \/>\n<meta property=\"og:site_name\" content=\"C-Pro\" \/>\n<meta property=\"article:publisher\" content=\"https:\/\/www.facebook.com\/people\/C-Pro\/61561767306874\/\" \/>\n<meta property=\"article:modified_time\" content=\"2026-04-08T12:59:18+00:00\" \/>\n<meta property=\"og:image\" content=\"https:\/\/c-profil.se\/wp-content\/uploads\/2023\/11\/Nataggregat-Force-GT.jpg\" \/>\n\t<meta property=\"og:image:width\" content=\"1000\" \/>\n\t<meta property=\"og:image:height\" content=\"1000\" \/>\n\t<meta property=\"og:image:type\" content=\"image\/jpeg\" \/>\n<meta name=\"twitter:card\" content=\"summary_large_image\" \/>\n<meta name=\"twitter:label1\" content=\"Price\" \/>\n\t<meta name=\"twitter:data1\" content=\"\" \/>\n\t<meta name=\"twitter:label2\" content=\"Availability\" \/>\n\t<meta name=\"twitter:data2\" content=\"In stock\" \/>\n<script type=\"application\/ld+json\" class=\"yoast-schema-graph\">{\"@context\":\"https:\\\/\\\/schema.org\",\"@graph\":[{\"@type\":\"WebPage\",\"@id\":\"https:\\\/\\\/c-profil.se\\\/produkt\\\/nataggregat-force-gt\\\/\",\"url\":\"https:\\\/\\\/c-profil.se\\\/produkt\\\/nataggregat-force-gt\\\/\",\"name\":\"N\u00e4taggregat | Force-GT - C-Pro\",\"isPartOf\":{\"@id\":\"https:\\\/\\\/c-profil.se\\\/#website\"},\"primaryImageOfPage\":{\"@id\":\"https:\\\/\\\/c-profil.se\\\/produkt\\\/nataggregat-force-gt\\\/#primaryimage\"},\"image\":{\"@id\":\"https:\\\/\\\/c-profil.se\\\/produkt\\\/nataggregat-force-gt\\\/#primaryimage\"},\"thumbnailUrl\":\"https:\\\/\\\/c-profil.se\\\/wp-content\\\/uploads\\\/2023\\\/11\\\/Nataggregat-Force-GT.jpg\",\"datePublished\":\"2023-11-10T09:33:00+00:00\",\"dateModified\":\"2026-04-08T12:59:18+00:00\",\"description\":\"N\u00e4taggregat | Force-GT, f\u00f6r DIN-Profil. Fulllastdriftstemperatur upp till 60\u00b0C. Inbyggd konstantstr\u00f6mkrets f\u00f6r laddningsapplikationer. Ultra-slim design.\",\"breadcrumb\":{\"@id\":\"https:\\\/\\\/c-profil.se\\\/produkt\\\/nataggregat-force-gt\\\/#breadcrumb\"},\"inLanguage\":\"en\",\"potentialAction\":[{\"@type\":\"ReadAction\",\"target\":[\"https:\\\/\\\/c-profil.se\\\/produkt\\\/nataggregat-force-gt\\\/\"]}]},{\"@type\":\"ImageObject\",\"inLanguage\":\"en\",\"@id\":\"https:\\\/\\\/c-profil.se\\\/produkt\\\/nataggregat-force-gt\\\/#primaryimage\",\"url\":\"https:\\\/\\\/c-profil.se\\\/wp-content\\\/uploads\\\/2023\\\/11\\\/Nataggregat-Force-GT.jpg\",\"contentUrl\":\"https:\\\/\\\/c-profil.se\\\/wp-content\\\/uploads\\\/2023\\\/11\\\/Nataggregat-Force-GT.jpg\",\"width\":1000,\"height\":1000,\"caption\":\"N\u00e4taggregat Force-GT\"},{\"@type\":\"BreadcrumbList\",\"@id\":\"https:\\\/\\\/c-profil.se\\\/produkt\\\/nataggregat-force-gt\\\/#breadcrumb\",\"itemListElement\":[{\"@type\":\"ListItem\",\"position\":1,\"name\":\"Hem\",\"item\":\"https:\\\/\\\/c-profil.se\\\/\"},{\"@type\":\"ListItem\",\"position\":2,\"name\":\"Produkter\",\"item\":\"https:\\\/\\\/c-profil.se\\\/produkter\\\/\"},{\"@type\":\"ListItem\",\"position\":3,\"name\":\"N\u00e4taggregat\",\"item\":\"https:\\\/\\\/c-profil.se\\\/produkt-kategori\\\/nataggregat\\\/\"},{\"@type\":\"ListItem\",\"position\":4,\"name\":\"N\u00e4taggregat | Force-GT\"}]},{\"@type\":\"WebSite\",\"@id\":\"https:\\\/\\\/c-profil.se\\\/#website\",\"url\":\"https:\\\/\\\/c-profil.se\\\/\",\"name\":\"C-Pro\",\"description\":\"Produkter f\u00f6r El och Automation\",\"publisher\":{\"@id\":\"https:\\\/\\\/c-profil.se\\\/#organization\"},\"potentialAction\":[{\"@type\":\"SearchAction\",\"target\":{\"@type\":\"EntryPoint\",\"urlTemplate\":\"https:\\\/\\\/c-profil.se\\\/?s={search_term_string}\"},\"query-input\":{\"@type\":\"PropertyValueSpecification\",\"valueRequired\":true,\"valueName\":\"search_term_string\"}}],\"inLanguage\":\"en\"},{\"@type\":\"Organization\",\"@id\":\"https:\\\/\\\/c-profil.se\\\/#organization\",\"name\":\"C-Pro\",\"alternateName\":\"C-PRO\",\"url\":\"https:\\\/\\\/c-profil.se\\\/\",\"logo\":{\"@type\":\"ImageObject\",\"inLanguage\":\"en\",\"@id\":\"https:\\\/\\\/c-profil.se\\\/#\\\/schema\\\/logo\\\/image\\\/\",\"url\":\"https:\\\/\\\/c-profil.se\\\/wp-content\\\/uploads\\\/2022\\\/03\\\/c-pro-logga-liggande-500x500-1.png\",\"contentUrl\":\"https:\\\/\\\/c-profil.se\\\/wp-content\\\/uploads\\\/2022\\\/03\\\/c-pro-logga-liggande-500x500-1.png\",\"width\":500,\"height\":500,\"caption\":\"C-Pro\"},\"image\":{\"@id\":\"https:\\\/\\\/c-profil.se\\\/#\\\/schema\\\/logo\\\/image\\\/\"},\"sameAs\":[\"https:\\\/\\\/www.facebook.com\\\/people\\\/C-Pro\\\/61561767306874\\\/\",\"https:\\\/\\\/www.linkedin.com\\\/company\\\/c-pro-ab\",\"https:\\\/\\\/www.instagram.com\\\/cpro.ab\\\/\"],\"description\":\"C-PRO AB \u00e4r en helt\u00e4ckande leverant\u00f6r av material f\u00f6r applikationer inom el och automation. \u00c4nda sedan starten 1987 har vi f\u00f6rsett den svenska tillverkande industrin med elmaterial. Trots v\u00e5r storlek och ledande position har vi aldrig \u00f6vergett v\u00e5r grundfilosofi, att vara en personlig leverant\u00f6r. Vi p\u00e5 C-PRO \u00e4r l\u00e4tta att komma i kontakt med, \u00e4rliga och brinner f\u00f6r att l\u00f6sa v\u00e5ra kunders problem.\",\"email\":\"info@c-profil.se\",\"telephone\":\"031575785\",\"legalName\":\"C-Profil F\u00f6rl\u00e4ggningsmaterial AB\",\"foundingDate\":\"1987-01-01\"}]}<\/script>\n<meta property=\"product:brand\" content=\"apparatsk\u00e5p\" \/>\n<meta property=\"product:price:currency\" content=\"SEK\" \/>\n<meta property=\"og:availability\" content=\"instock\" \/>\n<meta property=\"product:availability\" content=\"instock\" \/>\n<meta property=\"product:retailer_item_id\" content=\"Force-GT\" \/>\n<meta property=\"product:condition\" content=\"new\" \/>\n<!-- \/ Yoast SEO Premium plugin. -->","yoast_head_json":{"title":"Power supply | Force-GT - C-Pro","description":"Power supply | Force-GT, for DIN-Profile. Full load operating temperature up to 60\u00b0C. Built-in constant current circuit for charging applications. Ultra-slim design.","robots":{"index":"index","follow":"follow","max-snippet":"max-snippet:-1","max-image-preview":"max-image-preview:large","max-video-preview":"max-video-preview:-1"},"canonical":"https:\/\/c-profil.se\/english\/product\/psu-force-gt\/","og_locale":"en_US","og_type":"article","og_title":"N\u00e4taggregat | Force-GT - C-Pro","og_description":"N\u00e4taggregat | Force-GT, monteras p\u00e5 DIN-Profil. Med ett universellt AC-ing\u00e5ngssp\u00e4nningsomr\u00e5de och en inbyggd konstantstr\u00f6mkrets f\u00f6r laddningsapplikationer ger det p\u00e5litlig str\u00f6m till dina enheter. Oavsett omgivning kan det fungera vid full last upp till 60\u00b0C och starta \u00e4ven vid extrema -40\u00b0C. Dess ultratunna design g\u00f6r det enkelt att installera och den elektrolytiska kondensatorn garanterar l\u00e5ng livsl\u00e4ngd. Med inbyggt DC OK-rel\u00e4 och LED-indikator beh\u00e5ller du kontrollen. Dessutom skyddar den konforma bel\u00e4ggningen mot damm och f\u00f6roreningar.   Verkningsgrad upp till 95.5%  Universal AC-ing\u00e5ngssp\u00e4nningsomr\u00e5de  Inbyggd konstantstr\u00f6mkrets f\u00f6r laddningsapplikationer  Drifttemperatur f\u00f6r full last upp till 60\u00b0C  Kallstart vid -40\u00b0C  Ultratunn design  Elektrolytisk kondensator med l\u00e5ng livsl\u00e4ngd  Inbyggt DC OK-rel\u00e4 och LED-indikator  Konform bel\u00e4ggning p\u00e5 PCBA f\u00f6r att skydda mot vanligt damm och f\u00f6roreningar","og_url":"https:\/\/c-profil.se\/english\/product\/psu-force-gt\/","og_site_name":"C-Pro","article_publisher":"https:\/\/www.facebook.com\/people\/C-Pro\/61561767306874\/","article_modified_time":"2026-04-08T12:59:18+00:00","og_image":[{"width":1000,"height":1000,"url":"https:\/\/c-profil.se\/wp-content\/uploads\/2023\/11\/Nataggregat-Force-GT.jpg","type":"image\/jpeg"}],"twitter_card":"summary_large_image","twitter_misc":{"Price":"","Availability":"In stock"},"schema":{"@context":"https:\/\/schema.org","@graph":[{"@type":"WebPage","@id":"https:\/\/c-profil.se\/produkt\/nataggregat-force-gt\/","url":"https:\/\/c-profil.se\/produkt\/nataggregat-force-gt\/","name":"Power supply | Force-GT - C-Pro","isPartOf":{"@id":"https:\/\/c-profil.se\/#website"},"primaryImageOfPage":{"@id":"https:\/\/c-profil.se\/produkt\/nataggregat-force-gt\/#primaryimage"},"image":{"@id":"https:\/\/c-profil.se\/produkt\/nataggregat-force-gt\/#primaryimage"},"thumbnailUrl":"https:\/\/c-profil.se\/wp-content\/uploads\/2023\/11\/Nataggregat-Force-GT.jpg","datePublished":"2023-11-10T09:33:00+00:00","dateModified":"2026-04-08T12:59:18+00:00","description":"Power supply | Force-GT, for DIN-Profile. Full load operating temperature up to 60\u00b0C. Built-in constant current circuit for charging applications. Ultra-slim design.","breadcrumb":{"@id":"https:\/\/c-profil.se\/produkt\/nataggregat-force-gt\/#breadcrumb"},"inLanguage":"en","potentialAction":[{"@type":"ReadAction","target":["https:\/\/c-profil.se\/produkt\/nataggregat-force-gt\/"]}]},{"@type":"ImageObject","inLanguage":"en","@id":"https:\/\/c-profil.se\/produkt\/nataggregat-force-gt\/#primaryimage","url":"https:\/\/c-profil.se\/wp-content\/uploads\/2023\/11\/Nataggregat-Force-GT.jpg","contentUrl":"https:\/\/c-profil.se\/wp-content\/uploads\/2023\/11\/Nataggregat-Force-GT.jpg","width":1000,"height":1000,"caption":"N\u00e4taggregat Force-GT"},{"@type":"BreadcrumbList","@id":"https:\/\/c-profil.se\/produkt\/nataggregat-force-gt\/#breadcrumb","itemListElement":[{"@type":"ListItem","position":1,"name":"Hem","item":"https:\/\/c-profil.se\/"},{"@type":"ListItem","position":2,"name":"Produkter","item":"https:\/\/c-profil.se\/produkter\/"},{"@type":"ListItem","position":3,"name":"N\u00e4taggregat","item":"https:\/\/c-profil.se\/produkt-kategori\/nataggregat\/"},{"@type":"ListItem","position":4,"name":"N\u00e4taggregat | Force-GT"}]},{"@type":"WebSite","@id":"https:\/\/c-profil.se\/#website","url":"https:\/\/c-profil.se\/","name":"C-Pro","description":"Products for Electricity and Automation","publisher":{"@id":"https:\/\/c-profil.se\/#organization"},"potentialAction":[{"@type":"SearchAction","target":{"@type":"EntryPoint","urlTemplate":"https:\/\/c-profil.se\/?s={search_term_string}"},"query-input":{"@type":"PropertyValueSpecification","valueRequired":true,"valueName":"search_term_string"}}],"inLanguage":"en"},{"@type":"Organization","@id":"https:\/\/c-profil.se\/#organization","name":"C-Pro","alternateName":"C-PRO","url":"https:\/\/c-profil.se\/","logo":{"@type":"ImageObject","inLanguage":"en","@id":"https:\/\/c-profil.se\/#\/schema\/logo\/image\/","url":"https:\/\/c-profil.se\/wp-content\/uploads\/2022\/03\/c-pro-logga-liggande-500x500-1.png","contentUrl":"https:\/\/c-profil.se\/wp-content\/uploads\/2022\/03\/c-pro-logga-liggande-500x500-1.png","width":500,"height":500,"caption":"C-Pro"},"image":{"@id":"https:\/\/c-profil.se\/#\/schema\/logo\/image\/"},"sameAs":["https:\/\/www.facebook.com\/people\/C-Pro\/61561767306874\/","https:\/\/www.linkedin.com\/company\/c-pro-ab","https:\/\/www.instagram.com\/cpro.ab\/"],"description":"C-PRO AB is a comprehensive supplier of materials for applications in electricity and automation. Ever since the start in 1987, we have supplied the Swedish manufacturing industry with electrical materials. Despite our size and leading position, we have never abandoned our basic philosophy, to be a personal supplier. We at C-PRO are easy to get in touch with, honest and passionate about solving our customers&#039; problems.","email":"info@c-profil.se","telephone":"031575785","legalName":"C-Profil F\u00f6rl\u00e4ggningsmaterial AB","foundingDate":"1987-01-01"}]},"product_brand":"apparatsk\u00e5p","product_price_currency":"SEK","og_availability":"instock","product_availability":"instock","product_retailer_item_id":"Force-GT","product_condition":"new"},"_links":{"self":[{"href":"https:\/\/c-profil.se\/english\/wp-json\/wp\/v2\/product\/40526","targetHints":{"allow":["GET"]}}],"collection":[{"href":"https:\/\/c-profil.se\/english\/wp-json\/wp\/v2\/product"}],"about":[{"href":"https:\/\/c-profil.se\/english\/wp-json\/wp\/v2\/types\/product"}],"version-history":[{"count":32,"href":"https:\/\/c-profil.se\/english\/wp-json\/wp\/v2\/product\/40526\/revisions"}],"predecessor-version":[{"id":74905,"href":"https:\/\/c-profil.se\/english\/wp-json\/wp\/v2\/product\/40526\/revisions\/74905"}],"wp:featuredmedia":[{"embeddable":true,"href":"https:\/\/c-profil.se\/english\/wp-json\/wp\/v2\/media\/51709"}],"wp:attachment":[{"href":"https:\/\/c-profil.se\/english\/wp-json\/wp\/v2\/media?parent=40526"}],"wp:term":[{"taxonomy":"product_brand","embeddable":true,"href":"https:\/\/c-profil.se\/english\/wp-json\/wp\/v2\/product_brand?post=40526"},{"taxonomy":"product_cat","embeddable":true,"href":"https:\/\/c-profil.se\/english\/wp-json\/wp\/v2\/product_cat?post=40526"},{"taxonomy":"product_tag","embeddable":true,"href":"https:\/\/c-profil.se\/english\/wp-json\/wp\/v2\/product_tag?post=40526"}],"curies":[{"name":"wp","href":"https:\/\/api.w.org\/{rel}","templated":true}]}}