{"id":39905,"date":"2023-10-26T12:10:00","date_gmt":"2023-10-26T11:10:00","guid":{"rendered":"https:\/\/c-profil.se\/?post_type=product&#038;p=39905"},"modified":"2026-04-30T08:30:43","modified_gmt":"2026-04-30T07:30:43","slug":"lighting-led-allio","status":"publish","type":"product","link":"https:\/\/c-profil.se\/english\/produkt\/belysning-led-allio\/","title":{"rendered":"Lighting LED | ALLIO"},"content":{"rendered":"<p><strong>Lighting LED \/ ALLIO is a compact and space-saving LED luminaire for efficient lighting in control cabinets and enclosures<\/strong> with a 190\u00b0 rotating tube for optimal light direction.<br \/>\nThe innovative design makes it easy to retrofit into existing installations and provides a homogeneous, glare-free light output of 1050 lumens with a long lifespan.<\/p>","protected":false},"excerpt":{"rendered":"<p class=\"ai-optimize-31 ai-optimize-introduction\">Lighting LED \/ ALLIO has, with its compact design and 190\u00b0 rotating tube, a perfect space-saving design for lighting cabinets. Lighting LED \/ ALLIO has with its innovative design also made it possible for you to easily retrofit into existing enclosures. With its High Power LED, the luminaire shines with 1050 lumens and offers a lifespan of 50,000 hours. The opal white polycarbonate tube provides a homogeneous, glare-free area light.<\/p>\n<p class=\"ai-optimize-33\"><strong>Advantages:<\/strong><\/p>\n<ul>\n<li class=\"ai-optimize-34\">Compact design with 190\u00b0 rotating LED tube<\/li>\n<li class=\"ai-optimize-35\">Various mounting types: with magnets, screw mounting or snap-in mounting in the 19\u2033 server rack<\/li>\n<li class=\"ai-optimize-36\">Simple retrofitting in existing boxes<\/li>\n<li class=\"ai-optimize-37\">Efficient LED lighting with 1050 lm<\/li>\n<li class=\"ai-optimize-38\">Available with motion sensor<\/li>\n<li class=\"ai-optimize-39\">Door operated switch is available as an option<\/li>\n<li class=\"ai-optimize-42\"><a href=\"https:\/\/www.icotek.com\/en\/products\/alliolight\/tps\">A door-operated switch is available as an option.<\/a><\/li>\n<\/ul>","protected":false},"featured_media":51487,"template":"","meta":{"_acf_changed":false},"product_brand":[740],"product_cat":[232],"product_tag":[940,973,974],"class_list":{"0":"post-39905","1":"product","2":"type-product","3":"status-publish","4":"has-post-thumbnail","6":"product_brand-icotek","7":"product_cat-belysning","8":"product_tag-apparatskap","9":"product_tag-belysning","10":"product_tag-service-underhall","12":"first","13":"instock","14":"shipping-taxable","15":"product-type-simple"},"acf":[],"yoast_head":"<!-- This site is optimized with the Yoast SEO Premium plugin v27.5 (Yoast SEO v27.5) - https:\/\/yoast.com\/product\/yoast-seo-premium-wordpress\/ -->\n<title>Belysning LED \/ ALLIO- C-Pro<\/title>\n<meta name=\"description\" content=\"Belysning LED \/ ALLIO har med sin kompakta design och 190\u00b0 roterande r\u00f6r, en perfekt platsbesparande design f\u00f6r belysning av sk\u00e5p. L\u00e4s Mer!\" \/>\n<meta name=\"robots\" content=\"index, follow, max-snippet:-1, max-image-preview:large, max-video-preview:-1\" \/>\n<link rel=\"canonical\" href=\"https:\/\/c-profil.se\/english\/product\/lighting-led-allio\/\" \/>\n<meta property=\"og:locale\" content=\"en_US\" \/>\n<meta property=\"og:type\" content=\"article\" \/>\n<meta property=\"og:title\" content=\"Belysning LED | ALLIO - C-Pro\" \/>\n<meta property=\"og:description\" content=\"Belysning LED \/ ALLIO har med sin kompakta design och 190\u00b0 roterande r\u00f6r, en perfekt platsbesparande design f\u00f6r belysning av sk\u00e5p. Belysning LED \/ ALLIO har med sin innovativa design m\u00f6jliggjort \u00e4ven att du enkelt kan eftermontera i befintliga kapslingar. Med sin High Power LED lyser armaturen med 1050 lumen och erbjuder en livsl\u00e4ngd p\u00e5 50 000 timmar. Det opalvita polykarbonatr\u00f6ret ger ett homogent, bl\u00e4ndfritt omr\u00e5desljus. F\u00f6rdelar:    Kompakt design med 190\u00b0 roterande LED-r\u00f6r  Olika monteringstyper: med magneter, skruvmontage eller snap-in montering i 19&quot; serverracket  Enkel eftermontering i befintliga kapslingar  Effektiv LED-belysning med 1050 lm  Finns med r\u00f6relsesensor  D\u00f6rrman\u00f6vrerad str\u00f6mbrytare finns som tillval  En d\u00f6rrman\u00f6vrerad str\u00f6mbrytare finns som tillval.\" \/>\n<meta property=\"og:url\" content=\"https:\/\/c-profil.se\/english\/product\/lighting-led-allio\/\" \/>\n<meta property=\"og:site_name\" content=\"C-Pro\" \/>\n<meta property=\"article:publisher\" content=\"https:\/\/www.facebook.com\/people\/C-Pro\/61561767306874\/\" \/>\n<meta property=\"article:modified_time\" content=\"2026-04-30T07:30:43+00:00\" \/>\n<meta property=\"og:image\" content=\"https:\/\/c-profil.se\/wp-content\/uploads\/2023\/10\/Belysning-LED-ALLIO-1.jpg\" \/>\n\t<meta property=\"og:image:width\" content=\"1000\" \/>\n\t<meta property=\"og:image:height\" content=\"1000\" \/>\n\t<meta property=\"og:image:type\" content=\"image\/jpeg\" \/>\n<meta name=\"twitter:card\" content=\"summary_large_image\" \/>\n<meta name=\"twitter:label1\" content=\"Price\" \/>\n\t<meta name=\"twitter:data1\" content=\"\" \/>\n\t<meta name=\"twitter:label2\" content=\"Availability\" \/>\n\t<meta name=\"twitter:data2\" content=\"In stock\" \/>\n<script type=\"application\/ld+json\" class=\"yoast-schema-graph\">{\"@context\":\"https:\\\/\\\/schema.org\",\"@graph\":[{\"@type\":\"WebPage\",\"@id\":\"https:\\\/\\\/c-profil.se\\\/produkt\\\/belysning-led-allio\\\/\",\"url\":\"https:\\\/\\\/c-profil.se\\\/produkt\\\/belysning-led-allio\\\/\",\"name\":\"Belysning LED \\\/ ALLIO- C-Pro\",\"isPartOf\":{\"@id\":\"https:\\\/\\\/c-profil.se\\\/#website\"},\"primaryImageOfPage\":{\"@id\":\"https:\\\/\\\/c-profil.se\\\/produkt\\\/belysning-led-allio\\\/#primaryimage\"},\"image\":{\"@id\":\"https:\\\/\\\/c-profil.se\\\/produkt\\\/belysning-led-allio\\\/#primaryimage\"},\"thumbnailUrl\":\"https:\\\/\\\/c-profil.se\\\/wp-content\\\/uploads\\\/2023\\\/10\\\/Belysning-LED-ALLIO-1.jpg\",\"datePublished\":\"2023-10-26T11:10:00+00:00\",\"dateModified\":\"2026-04-30T07:30:43+00:00\",\"description\":\"Belysning LED \\\/ ALLIO har med sin kompakta design och 190\u00b0 roterande r\u00f6r, en perfekt platsbesparande design f\u00f6r belysning av sk\u00e5p. L\u00e4s Mer!\",\"breadcrumb\":{\"@id\":\"https:\\\/\\\/c-profil.se\\\/produkt\\\/belysning-led-allio\\\/#breadcrumb\"},\"inLanguage\":\"en\",\"potentialAction\":[{\"@type\":\"ReadAction\",\"target\":[\"https:\\\/\\\/c-profil.se\\\/produkt\\\/belysning-led-allio\\\/\"]}]},{\"@type\":\"ImageObject\",\"inLanguage\":\"en\",\"@id\":\"https:\\\/\\\/c-profil.se\\\/produkt\\\/belysning-led-allio\\\/#primaryimage\",\"url\":\"https:\\\/\\\/c-profil.se\\\/wp-content\\\/uploads\\\/2023\\\/10\\\/Belysning-LED-ALLIO-1.jpg\",\"contentUrl\":\"https:\\\/\\\/c-profil.se\\\/wp-content\\\/uploads\\\/2023\\\/10\\\/Belysning-LED-ALLIO-1.jpg\",\"width\":1000,\"height\":1000,\"caption\":\"Belysning LED - ALLIO\"},{\"@type\":\"BreadcrumbList\",\"@id\":\"https:\\\/\\\/c-profil.se\\\/produkt\\\/belysning-led-allio\\\/#breadcrumb\",\"itemListElement\":[{\"@type\":\"ListItem\",\"position\":1,\"name\":\"Hem\",\"item\":\"https:\\\/\\\/c-profil.se\\\/\"},{\"@type\":\"ListItem\",\"position\":2,\"name\":\"Produkter\",\"item\":\"https:\\\/\\\/c-profil.se\\\/produkter\\\/\"},{\"@type\":\"ListItem\",\"position\":3,\"name\":\"Belysning\",\"item\":\"https:\\\/\\\/c-profil.se\\\/produkt-kategori\\\/belysning\\\/\"},{\"@type\":\"ListItem\",\"position\":4,\"name\":\"Belysning LED | ALLIO\"}]},{\"@type\":\"WebSite\",\"@id\":\"https:\\\/\\\/c-profil.se\\\/#website\",\"url\":\"https:\\\/\\\/c-profil.se\\\/\",\"name\":\"C-Pro\",\"description\":\"Produkter f\u00f6r El och Automation\",\"publisher\":{\"@id\":\"https:\\\/\\\/c-profil.se\\\/#organization\"},\"potentialAction\":[{\"@type\":\"SearchAction\",\"target\":{\"@type\":\"EntryPoint\",\"urlTemplate\":\"https:\\\/\\\/c-profil.se\\\/?s={search_term_string}\"},\"query-input\":{\"@type\":\"PropertyValueSpecification\",\"valueRequired\":true,\"valueName\":\"search_term_string\"}}],\"inLanguage\":\"en\"},{\"@type\":\"Organization\",\"@id\":\"https:\\\/\\\/c-profil.se\\\/#organization\",\"name\":\"C-Pro\",\"alternateName\":\"C-PRO\",\"url\":\"https:\\\/\\\/c-profil.se\\\/\",\"logo\":{\"@type\":\"ImageObject\",\"inLanguage\":\"en\",\"@id\":\"https:\\\/\\\/c-profil.se\\\/#\\\/schema\\\/logo\\\/image\\\/\",\"url\":\"https:\\\/\\\/c-profil.se\\\/wp-content\\\/uploads\\\/2022\\\/03\\\/c-pro-logga-liggande-500x500-1.png\",\"contentUrl\":\"https:\\\/\\\/c-profil.se\\\/wp-content\\\/uploads\\\/2022\\\/03\\\/c-pro-logga-liggande-500x500-1.png\",\"width\":500,\"height\":500,\"caption\":\"C-Pro\"},\"image\":{\"@id\":\"https:\\\/\\\/c-profil.se\\\/#\\\/schema\\\/logo\\\/image\\\/\"},\"sameAs\":[\"https:\\\/\\\/www.facebook.com\\\/people\\\/C-Pro\\\/61561767306874\\\/\",\"https:\\\/\\\/www.linkedin.com\\\/company\\\/c-pro-ab\",\"https:\\\/\\\/www.instagram.com\\\/cpro.ab\\\/\"],\"description\":\"C-PRO AB \u00e4r en helt\u00e4ckande leverant\u00f6r av material f\u00f6r applikationer inom el och automation. \u00c4nda sedan starten 1987 har vi f\u00f6rsett den svenska tillverkande industrin med elmaterial. Trots v\u00e5r storlek och ledande position har vi aldrig \u00f6vergett v\u00e5r grundfilosofi, att vara en personlig leverant\u00f6r. Vi p\u00e5 C-PRO \u00e4r l\u00e4tta att komma i kontakt med, \u00e4rliga och brinner f\u00f6r att l\u00f6sa v\u00e5ra kunders problem.\",\"email\":\"info@c-profil.se\",\"telephone\":\"031575785\",\"legalName\":\"C-Profil F\u00f6rl\u00e4ggningsmaterial AB\",\"foundingDate\":\"1987-01-01\"}]}<\/script>\n<meta property=\"product:brand\" content=\"apparatsk\u00e5p\" \/>\n<meta property=\"product:price:currency\" content=\"SEK\" \/>\n<meta property=\"og:availability\" content=\"instock\" \/>\n<meta property=\"product:availability\" content=\"instock\" \/>\n<meta property=\"product:retailer_item_id\" content=\"ALLIO\" \/>\n<meta property=\"product:condition\" content=\"new\" \/>\n<!-- \/ Yoast SEO Premium plugin. -->","yoast_head_json":{"title":"Lighting LED \/ ALLIO - C-Pro","description":"Lighting LED \/ ALLIO has, with its compact design and 190\u00b0 rotating tube, a perfect space-saving design for cabinet lighting. Read more!","robots":{"index":"index","follow":"follow","max-snippet":"max-snippet:-1","max-image-preview":"max-image-preview:large","max-video-preview":"max-video-preview:-1"},"canonical":"https:\/\/c-profil.se\/english\/product\/lighting-led-allio\/","og_locale":"en_US","og_type":"article","og_title":"Belysning LED | ALLIO - C-Pro","og_description":"Belysning LED \/ ALLIO har med sin kompakta design och 190\u00b0 roterande r\u00f6r, en perfekt platsbesparande design f\u00f6r belysning av sk\u00e5p. Belysning LED \/ ALLIO har med sin innovativa design m\u00f6jliggjort \u00e4ven att du enkelt kan eftermontera i befintliga kapslingar. Med sin High Power LED lyser armaturen med 1050 lumen och erbjuder en livsl\u00e4ngd p\u00e5 50 000 timmar. Det opalvita polykarbonatr\u00f6ret ger ett homogent, bl\u00e4ndfritt omr\u00e5desljus. F\u00f6rdelar:    Kompakt design med 190\u00b0 roterande LED-r\u00f6r  Olika monteringstyper: med magneter, skruvmontage eller snap-in montering i 19\" serverracket  Enkel eftermontering i befintliga kapslingar  Effektiv LED-belysning med 1050 lm  Finns med r\u00f6relsesensor  D\u00f6rrman\u00f6vrerad str\u00f6mbrytare finns som tillval  En d\u00f6rrman\u00f6vrerad str\u00f6mbrytare finns som tillval.","og_url":"https:\/\/c-profil.se\/english\/product\/lighting-led-allio\/","og_site_name":"C-Pro","article_publisher":"https:\/\/www.facebook.com\/people\/C-Pro\/61561767306874\/","article_modified_time":"2026-04-30T07:30:43+00:00","og_image":[{"width":1000,"height":1000,"url":"https:\/\/c-profil.se\/wp-content\/uploads\/2023\/10\/Belysning-LED-ALLIO-1.jpg","type":"image\/jpeg"}],"twitter_card":"summary_large_image","twitter_misc":{"Price":"","Availability":"In stock"},"schema":{"@context":"https:\/\/schema.org","@graph":[{"@type":"WebPage","@id":"https:\/\/c-profil.se\/produkt\/belysning-led-allio\/","url":"https:\/\/c-profil.se\/produkt\/belysning-led-allio\/","name":"Lighting LED \/ ALLIO - C-Pro","isPartOf":{"@id":"https:\/\/c-profil.se\/#website"},"primaryImageOfPage":{"@id":"https:\/\/c-profil.se\/produkt\/belysning-led-allio\/#primaryimage"},"image":{"@id":"https:\/\/c-profil.se\/produkt\/belysning-led-allio\/#primaryimage"},"thumbnailUrl":"https:\/\/c-profil.se\/wp-content\/uploads\/2023\/10\/Belysning-LED-ALLIO-1.jpg","datePublished":"2023-10-26T11:10:00+00:00","dateModified":"2026-04-30T07:30:43+00:00","description":"Lighting LED \/ ALLIO has, with its compact design and 190\u00b0 rotating tube, a perfect space-saving design for cabinet lighting. Read more!","breadcrumb":{"@id":"https:\/\/c-profil.se\/produkt\/belysning-led-allio\/#breadcrumb"},"inLanguage":"en","potentialAction":[{"@type":"ReadAction","target":["https:\/\/c-profil.se\/produkt\/belysning-led-allio\/"]}]},{"@type":"ImageObject","inLanguage":"en","@id":"https:\/\/c-profil.se\/produkt\/belysning-led-allio\/#primaryimage","url":"https:\/\/c-profil.se\/wp-content\/uploads\/2023\/10\/Belysning-LED-ALLIO-1.jpg","contentUrl":"https:\/\/c-profil.se\/wp-content\/uploads\/2023\/10\/Belysning-LED-ALLIO-1.jpg","width":1000,"height":1000,"caption":"Belysning LED - ALLIO"},{"@type":"BreadcrumbList","@id":"https:\/\/c-profil.se\/produkt\/belysning-led-allio\/#breadcrumb","itemListElement":[{"@type":"ListItem","position":1,"name":"Hem","item":"https:\/\/c-profil.se\/"},{"@type":"ListItem","position":2,"name":"Produkter","item":"https:\/\/c-profil.se\/produkter\/"},{"@type":"ListItem","position":3,"name":"Belysning","item":"https:\/\/c-profil.se\/produkt-kategori\/belysning\/"},{"@type":"ListItem","position":4,"name":"Belysning LED | ALLIO"}]},{"@type":"WebSite","@id":"https:\/\/c-profil.se\/#website","url":"https:\/\/c-profil.se\/","name":"C-Pro","description":"Products for Electricity and Automation","publisher":{"@id":"https:\/\/c-profil.se\/#organization"},"potentialAction":[{"@type":"SearchAction","target":{"@type":"EntryPoint","urlTemplate":"https:\/\/c-profil.se\/?s={search_term_string}"},"query-input":{"@type":"PropertyValueSpecification","valueRequired":true,"valueName":"search_term_string"}}],"inLanguage":"en"},{"@type":"Organization","@id":"https:\/\/c-profil.se\/#organization","name":"C-Pro","alternateName":"C-PRO","url":"https:\/\/c-profil.se\/","logo":{"@type":"ImageObject","inLanguage":"en","@id":"https:\/\/c-profil.se\/#\/schema\/logo\/image\/","url":"https:\/\/c-profil.se\/wp-content\/uploads\/2022\/03\/c-pro-logga-liggande-500x500-1.png","contentUrl":"https:\/\/c-profil.se\/wp-content\/uploads\/2022\/03\/c-pro-logga-liggande-500x500-1.png","width":500,"height":500,"caption":"C-Pro"},"image":{"@id":"https:\/\/c-profil.se\/#\/schema\/logo\/image\/"},"sameAs":["https:\/\/www.facebook.com\/people\/C-Pro\/61561767306874\/","https:\/\/www.linkedin.com\/company\/c-pro-ab","https:\/\/www.instagram.com\/cpro.ab\/"],"description":"C-PRO AB is a comprehensive supplier of materials for applications in electricity and automation. Ever since the start in 1987, we have supplied the Swedish manufacturing industry with electrical materials. Despite our size and leading position, we have never abandoned our basic philosophy, to be a personal supplier. We at C-PRO are easy to get in touch with, honest and passionate about solving our customers&#039; problems.","email":"info@c-profil.se","telephone":"031575785","legalName":"C-Profil F\u00f6rl\u00e4ggningsmaterial AB","foundingDate":"1987-01-01"}]},"product_brand":"apparatsk\u00e5p","product_price_currency":"SEK","og_availability":"instock","product_availability":"instock","product_retailer_item_id":"ALLIO","product_condition":"new"},"_links":{"self":[{"href":"https:\/\/c-profil.se\/english\/wp-json\/wp\/v2\/product\/39905","targetHints":{"allow":["GET"]}}],"collection":[{"href":"https:\/\/c-profil.se\/english\/wp-json\/wp\/v2\/product"}],"about":[{"href":"https:\/\/c-profil.se\/english\/wp-json\/wp\/v2\/types\/product"}],"version-history":[{"count":13,"href":"https:\/\/c-profil.se\/english\/wp-json\/wp\/v2\/product\/39905\/revisions"}],"predecessor-version":[{"id":75277,"href":"https:\/\/c-profil.se\/english\/wp-json\/wp\/v2\/product\/39905\/revisions\/75277"}],"wp:featuredmedia":[{"embeddable":true,"href":"https:\/\/c-profil.se\/english\/wp-json\/wp\/v2\/media\/51487"}],"wp:attachment":[{"href":"https:\/\/c-profil.se\/english\/wp-json\/wp\/v2\/media?parent=39905"}],"wp:term":[{"taxonomy":"product_brand","embeddable":true,"href":"https:\/\/c-profil.se\/english\/wp-json\/wp\/v2\/product_brand?post=39905"},{"taxonomy":"product_cat","embeddable":true,"href":"https:\/\/c-profil.se\/english\/wp-json\/wp\/v2\/product_cat?post=39905"},{"taxonomy":"product_tag","embeddable":true,"href":"https:\/\/c-profil.se\/english\/wp-json\/wp\/v2\/product_tag?post=39905"}],"curies":[{"name":"wp","href":"https:\/\/api.w.org\/{rel}","templated":true}]}}