{"id":39895,"date":"2023-10-26T10:30:00","date_gmt":"2023-10-26T09:30:00","guid":{"rendered":"https:\/\/c-profil.se\/?post_type=product&#038;p=39895"},"modified":"2026-03-18T14:50:57","modified_gmt":"2026-03-18T13:50:57","slug":"lighting-led-alu-line","status":"publish","type":"product","link":"https:\/\/c-profil.se\/english\/produkt\/belysning-led-alu-line\/","title":{"rendered":"Lighting LED | ALU-LINE"},"content":{"rendered":"<p><strong>Lighting LED \/ ALU-LINE provides efficient and even lighting in enclosures for industrial and IT applications<\/strong> with a robust aluminum housing for high stability and long service life.<br \/>\nThe luminaire is equipped with a High Power LED of 1350 lumens, integrated socket (EU, CH, BE or GB) and can be easily connected in series for flexible installation.<\/p>","protected":false},"excerpt":{"rendered":"<p class=\"ai-optimize-31 ai-optimize-introduction\">Lighting LED \/ ALU-LINE provides efficient lighting in enclosures for industrial and IT applications. Their aluminum casing makes them extra high-quality and stable. Lighting LED \/ ALU-LINE offers an integrated socket as a practical extra advantage. This is available in EU, CH, BE or GB versions. The High Power LED shines with 1350 lumens and provides a balanced, homogeneous light. Another advantage is that the passage of several luminaires is possible.<\/p>\n<p class=\"ai-optimize-33\"><strong>Advantages:<\/strong><\/p>\n<ul>\n<li class=\"ai-optimize-34\">Integrated socket available in different versions: EU, CH, BE, GB<\/li>\n<li class=\"ai-optimize-35\">High-quality and stable aluminum housing<\/li>\n<li class=\"ai-optimize-36\">Different mounting types: screw mounting and mounting on top rail 35 mm<\/li>\n<li class=\"ai-optimize-37\">Efficient LED lighting with 1350 lm<\/li>\n<li class=\"ai-optimize-38\">Available with motion sensor<\/li>\n<li class=\"ai-optimize-39\">Door operated switch is available as an option<\/li>\n<li class=\"ai-optimize-40\">Connection of several luminaires possible<\/li>\n<li class=\"ai-optimize-41\"><a href=\"https:\/\/www.icotek.com\/en\/products\/alliolight\/tps\">A door-operated switch is available as an option<\/a><\/li>\n<\/ul>","protected":false},"featured_media":51493,"template":"","meta":{"_acf_changed":false},"product_brand":[740],"product_cat":[232],"product_tag":[940,973,974],"class_list":{"0":"post-39895","1":"product","2":"type-product","3":"status-publish","4":"has-post-thumbnail","6":"product_brand-icotek","7":"product_cat-belysning","8":"product_tag-apparatskap","9":"product_tag-belysning","10":"product_tag-service-underhall","12":"first","13":"instock","14":"shipping-taxable","15":"product-type-simple"},"acf":[],"yoast_head":"<!-- This site is optimized with the Yoast SEO Premium plugin v27.4 (Yoast SEO v27.4) - https:\/\/yoast.com\/product\/yoast-seo-premium-wordpress\/ -->\n<title>Belysning LED \/ ALU-LINE- C-Pro<\/title>\n<meta name=\"description\" content=\"Belysning LED \/ ALU-LINE ger effektiv belysning i kapslingar f\u00f6r industri- och IT-applikationer. Deras aluminiumh\u00f6lje g\u00f6r dem extra h\u00f6gkvalitativa &amp; stabila\" \/>\n<meta name=\"robots\" content=\"index, follow, max-snippet:-1, max-image-preview:large, max-video-preview:-1\" \/>\n<link rel=\"canonical\" href=\"https:\/\/c-profil.se\/english\/product\/lighting-led-alu-line\/\" \/>\n<meta property=\"og:locale\" content=\"en_US\" \/>\n<meta property=\"og:type\" content=\"article\" \/>\n<meta property=\"og:title\" content=\"Belysning LED | ALU-LINE - C-Pro\" \/>\n<meta property=\"og:description\" content=\"Belysning LED \/ ALU-LINE ger effektiv belysning i kapslingar f\u00f6r industri- och IT-applikationer. Deras aluminiumh\u00f6lje g\u00f6r dem extra h\u00f6gkvalitativa och stabila. Belysning LED \/ ALU-LINE erbjuder ett integrerat uttag som en praktisk extra f\u00f6rdel. Detta \u00e4r tillg\u00e4ngligt i EU, CH, BE eller GB versioner. High Power LED lyser med 1350 lumen och ger ett balanserat homogent ljus. En annan f\u00f6rdel \u00e4r att genomg\u00e5ngen av flera armaturer \u00e4r m\u00f6jlig. F\u00f6rdelar:    Integrerat uttag finns i olika versioner: EU, CH, BE, GB  H\u00f6gkvalitativt och stabilt aluminiumh\u00f6lje  Olika monteringstyper: skruvmontage och montering p\u00e5 toppskena 35 mm  Effektiv LED-belysning med 1350 lm  Finns med r\u00f6relsesensor  D\u00f6rrman\u00f6vrerad str\u00f6mbrytare finns som tillval  Genomkoppling av flera armaturer m\u00f6jlig  En d\u00f6rrman\u00f6vrerad str\u00f6mbrytare finns som tillval\" \/>\n<meta property=\"og:url\" content=\"https:\/\/c-profil.se\/english\/product\/lighting-led-alu-line\/\" \/>\n<meta property=\"og:site_name\" content=\"C-Pro\" \/>\n<meta property=\"article:publisher\" content=\"https:\/\/www.facebook.com\/people\/C-Pro\/61561767306874\/\" \/>\n<meta property=\"article:modified_time\" content=\"2026-03-18T13:50:57+00:00\" \/>\n<meta property=\"og:image\" content=\"https:\/\/c-profil.se\/wp-content\/uploads\/2023\/10\/Belysning-LED-ALU-LINE.jpg\" \/>\n\t<meta property=\"og:image:width\" content=\"1000\" \/>\n\t<meta property=\"og:image:height\" content=\"1000\" \/>\n\t<meta property=\"og:image:type\" content=\"image\/jpeg\" \/>\n<meta name=\"twitter:card\" content=\"summary_large_image\" \/>\n<meta name=\"twitter:label1\" content=\"Price\" \/>\n\t<meta name=\"twitter:data1\" content=\"\" \/>\n\t<meta name=\"twitter:label2\" content=\"Availability\" \/>\n\t<meta name=\"twitter:data2\" content=\"In stock\" \/>\n<script type=\"application\/ld+json\" class=\"yoast-schema-graph\">{\"@context\":\"https:\\\/\\\/schema.org\",\"@graph\":[{\"@type\":\"WebPage\",\"@id\":\"https:\\\/\\\/c-profil.se\\\/produkt\\\/belysning-led-alu-line\\\/\",\"url\":\"https:\\\/\\\/c-profil.se\\\/produkt\\\/belysning-led-alu-line\\\/\",\"name\":\"Belysning LED \\\/ ALU-LINE- C-Pro\",\"isPartOf\":{\"@id\":\"https:\\\/\\\/c-profil.se\\\/#website\"},\"primaryImageOfPage\":{\"@id\":\"https:\\\/\\\/c-profil.se\\\/produkt\\\/belysning-led-alu-line\\\/#primaryimage\"},\"image\":{\"@id\":\"https:\\\/\\\/c-profil.se\\\/produkt\\\/belysning-led-alu-line\\\/#primaryimage\"},\"thumbnailUrl\":\"https:\\\/\\\/c-profil.se\\\/wp-content\\\/uploads\\\/2023\\\/10\\\/Belysning-LED-ALU-LINE.jpg\",\"datePublished\":\"2023-10-26T09:30:00+00:00\",\"dateModified\":\"2026-03-18T13:50:57+00:00\",\"description\":\"Belysning LED \\\/ ALU-LINE ger effektiv belysning i kapslingar f\u00f6r industri- och IT-applikationer. Deras aluminiumh\u00f6lje g\u00f6r dem extra h\u00f6gkvalitativa & stabila\",\"breadcrumb\":{\"@id\":\"https:\\\/\\\/c-profil.se\\\/produkt\\\/belysning-led-alu-line\\\/#breadcrumb\"},\"inLanguage\":\"en\",\"potentialAction\":[{\"@type\":\"ReadAction\",\"target\":[\"https:\\\/\\\/c-profil.se\\\/produkt\\\/belysning-led-alu-line\\\/\"]}]},{\"@type\":\"ImageObject\",\"inLanguage\":\"en\",\"@id\":\"https:\\\/\\\/c-profil.se\\\/produkt\\\/belysning-led-alu-line\\\/#primaryimage\",\"url\":\"https:\\\/\\\/c-profil.se\\\/wp-content\\\/uploads\\\/2023\\\/10\\\/Belysning-LED-ALU-LINE.jpg\",\"contentUrl\":\"https:\\\/\\\/c-profil.se\\\/wp-content\\\/uploads\\\/2023\\\/10\\\/Belysning-LED-ALU-LINE.jpg\",\"width\":1000,\"height\":1000,\"caption\":\"Belysning LED ALU-LINE\"},{\"@type\":\"BreadcrumbList\",\"@id\":\"https:\\\/\\\/c-profil.se\\\/produkt\\\/belysning-led-alu-line\\\/#breadcrumb\",\"itemListElement\":[{\"@type\":\"ListItem\",\"position\":1,\"name\":\"Hem\",\"item\":\"https:\\\/\\\/c-profil.se\\\/\"},{\"@type\":\"ListItem\",\"position\":2,\"name\":\"Produkter\",\"item\":\"https:\\\/\\\/c-profil.se\\\/produkter\\\/\"},{\"@type\":\"ListItem\",\"position\":3,\"name\":\"Belysning\",\"item\":\"https:\\\/\\\/c-profil.se\\\/produkt-kategori\\\/belysning\\\/\"},{\"@type\":\"ListItem\",\"position\":4,\"name\":\"Belysning LED | ALU-LINE\"}]},{\"@type\":\"WebSite\",\"@id\":\"https:\\\/\\\/c-profil.se\\\/#website\",\"url\":\"https:\\\/\\\/c-profil.se\\\/\",\"name\":\"C-Pro\",\"description\":\"Produkter f\u00f6r El och Automation\",\"publisher\":{\"@id\":\"https:\\\/\\\/c-profil.se\\\/#organization\"},\"potentialAction\":[{\"@type\":\"SearchAction\",\"target\":{\"@type\":\"EntryPoint\",\"urlTemplate\":\"https:\\\/\\\/c-profil.se\\\/?s={search_term_string}\"},\"query-input\":{\"@type\":\"PropertyValueSpecification\",\"valueRequired\":true,\"valueName\":\"search_term_string\"}}],\"inLanguage\":\"en\"},{\"@type\":\"Organization\",\"@id\":\"https:\\\/\\\/c-profil.se\\\/#organization\",\"name\":\"C-Pro\",\"alternateName\":\"C-PRO\",\"url\":\"https:\\\/\\\/c-profil.se\\\/\",\"logo\":{\"@type\":\"ImageObject\",\"inLanguage\":\"en\",\"@id\":\"https:\\\/\\\/c-profil.se\\\/#\\\/schema\\\/logo\\\/image\\\/\",\"url\":\"https:\\\/\\\/c-profil.se\\\/wp-content\\\/uploads\\\/2022\\\/03\\\/c-pro-logga-liggande-500x500-1.png\",\"contentUrl\":\"https:\\\/\\\/c-profil.se\\\/wp-content\\\/uploads\\\/2022\\\/03\\\/c-pro-logga-liggande-500x500-1.png\",\"width\":500,\"height\":500,\"caption\":\"C-Pro\"},\"image\":{\"@id\":\"https:\\\/\\\/c-profil.se\\\/#\\\/schema\\\/logo\\\/image\\\/\"},\"sameAs\":[\"https:\\\/\\\/www.facebook.com\\\/people\\\/C-Pro\\\/61561767306874\\\/\",\"https:\\\/\\\/www.linkedin.com\\\/company\\\/c-pro-ab\",\"https:\\\/\\\/www.instagram.com\\\/cpro.ab\\\/\"],\"description\":\"C-PRO AB \u00e4r en helt\u00e4ckande leverant\u00f6r av material f\u00f6r applikationer inom el och automation. \u00c4nda sedan starten 1987 har vi f\u00f6rsett den svenska tillverkande industrin med elmaterial. Trots v\u00e5r storlek och ledande position har vi aldrig \u00f6vergett v\u00e5r grundfilosofi, att vara en personlig leverant\u00f6r. Vi p\u00e5 C-PRO \u00e4r l\u00e4tta att komma i kontakt med, \u00e4rliga och brinner f\u00f6r att l\u00f6sa v\u00e5ra kunders problem.\",\"email\":\"info@c-profil.se\",\"telephone\":\"031575785\",\"legalName\":\"C-Profil F\u00f6rl\u00e4ggningsmaterial AB\",\"foundingDate\":\"1987-01-01\"}]}<\/script>\n<meta property=\"product:brand\" content=\"apparatsk\u00e5p\" \/>\n<meta property=\"product:price:currency\" content=\"SEK\" \/>\n<meta property=\"og:availability\" content=\"instock\" \/>\n<meta property=\"product:availability\" content=\"instock\" \/>\n<meta property=\"product:retailer_item_id\" content=\"ALU-LINE\" \/>\n<meta property=\"product:condition\" content=\"new\" \/>\n<!-- \/ Yoast SEO Premium plugin. -->","yoast_head_json":{"title":"Lighting LED \/ ALU-LINE - C-Pro","description":"Lighting LED \/ ALU-LINE provides efficient lighting in enclosures for industrial and IT applications. Their aluminum casing makes them extra high quality &amp; stable","robots":{"index":"index","follow":"follow","max-snippet":"max-snippet:-1","max-image-preview":"max-image-preview:large","max-video-preview":"max-video-preview:-1"},"canonical":"https:\/\/c-profil.se\/english\/product\/lighting-led-alu-line\/","og_locale":"en_US","og_type":"article","og_title":"Belysning LED | ALU-LINE - C-Pro","og_description":"Belysning LED \/ ALU-LINE ger effektiv belysning i kapslingar f\u00f6r industri- och IT-applikationer. Deras aluminiumh\u00f6lje g\u00f6r dem extra h\u00f6gkvalitativa och stabila. Belysning LED \/ ALU-LINE erbjuder ett integrerat uttag som en praktisk extra f\u00f6rdel. Detta \u00e4r tillg\u00e4ngligt i EU, CH, BE eller GB versioner. High Power LED lyser med 1350 lumen och ger ett balanserat homogent ljus. En annan f\u00f6rdel \u00e4r att genomg\u00e5ngen av flera armaturer \u00e4r m\u00f6jlig. F\u00f6rdelar:    Integrerat uttag finns i olika versioner: EU, CH, BE, GB  H\u00f6gkvalitativt och stabilt aluminiumh\u00f6lje  Olika monteringstyper: skruvmontage och montering p\u00e5 toppskena 35 mm  Effektiv LED-belysning med 1350 lm  Finns med r\u00f6relsesensor  D\u00f6rrman\u00f6vrerad str\u00f6mbrytare finns som tillval  Genomkoppling av flera armaturer m\u00f6jlig  En d\u00f6rrman\u00f6vrerad str\u00f6mbrytare finns som tillval","og_url":"https:\/\/c-profil.se\/english\/product\/lighting-led-alu-line\/","og_site_name":"C-Pro","article_publisher":"https:\/\/www.facebook.com\/people\/C-Pro\/61561767306874\/","article_modified_time":"2026-03-18T13:50:57+00:00","og_image":[{"width":1000,"height":1000,"url":"https:\/\/c-profil.se\/wp-content\/uploads\/2023\/10\/Belysning-LED-ALU-LINE.jpg","type":"image\/jpeg"}],"twitter_card":"summary_large_image","twitter_misc":{"Price":"","Availability":"In stock"},"schema":{"@context":"https:\/\/schema.org","@graph":[{"@type":"WebPage","@id":"https:\/\/c-profil.se\/produkt\/belysning-led-alu-line\/","url":"https:\/\/c-profil.se\/produkt\/belysning-led-alu-line\/","name":"Lighting LED \/ ALU-LINE - C-Pro","isPartOf":{"@id":"https:\/\/c-profil.se\/#website"},"primaryImageOfPage":{"@id":"https:\/\/c-profil.se\/produkt\/belysning-led-alu-line\/#primaryimage"},"image":{"@id":"https:\/\/c-profil.se\/produkt\/belysning-led-alu-line\/#primaryimage"},"thumbnailUrl":"https:\/\/c-profil.se\/wp-content\/uploads\/2023\/10\/Belysning-LED-ALU-LINE.jpg","datePublished":"2023-10-26T09:30:00+00:00","dateModified":"2026-03-18T13:50:57+00:00","description":"Lighting LED \/ ALU-LINE provides efficient lighting in enclosures for industrial and IT applications. Their aluminum casing makes them extra high quality &amp; stable","breadcrumb":{"@id":"https:\/\/c-profil.se\/produkt\/belysning-led-alu-line\/#breadcrumb"},"inLanguage":"en","potentialAction":[{"@type":"ReadAction","target":["https:\/\/c-profil.se\/produkt\/belysning-led-alu-line\/"]}]},{"@type":"ImageObject","inLanguage":"en","@id":"https:\/\/c-profil.se\/produkt\/belysning-led-alu-line\/#primaryimage","url":"https:\/\/c-profil.se\/wp-content\/uploads\/2023\/10\/Belysning-LED-ALU-LINE.jpg","contentUrl":"https:\/\/c-profil.se\/wp-content\/uploads\/2023\/10\/Belysning-LED-ALU-LINE.jpg","width":1000,"height":1000,"caption":"Belysning LED ALU-LINE"},{"@type":"BreadcrumbList","@id":"https:\/\/c-profil.se\/produkt\/belysning-led-alu-line\/#breadcrumb","itemListElement":[{"@type":"ListItem","position":1,"name":"Hem","item":"https:\/\/c-profil.se\/"},{"@type":"ListItem","position":2,"name":"Produkter","item":"https:\/\/c-profil.se\/produkter\/"},{"@type":"ListItem","position":3,"name":"Belysning","item":"https:\/\/c-profil.se\/produkt-kategori\/belysning\/"},{"@type":"ListItem","position":4,"name":"Belysning LED | ALU-LINE"}]},{"@type":"WebSite","@id":"https:\/\/c-profil.se\/#website","url":"https:\/\/c-profil.se\/","name":"C-Pro","description":"Products for Electricity and Automation","publisher":{"@id":"https:\/\/c-profil.se\/#organization"},"potentialAction":[{"@type":"SearchAction","target":{"@type":"EntryPoint","urlTemplate":"https:\/\/c-profil.se\/?s={search_term_string}"},"query-input":{"@type":"PropertyValueSpecification","valueRequired":true,"valueName":"search_term_string"}}],"inLanguage":"en"},{"@type":"Organization","@id":"https:\/\/c-profil.se\/#organization","name":"C-Pro","alternateName":"C-PRO","url":"https:\/\/c-profil.se\/","logo":{"@type":"ImageObject","inLanguage":"en","@id":"https:\/\/c-profil.se\/#\/schema\/logo\/image\/","url":"https:\/\/c-profil.se\/wp-content\/uploads\/2022\/03\/c-pro-logga-liggande-500x500-1.png","contentUrl":"https:\/\/c-profil.se\/wp-content\/uploads\/2022\/03\/c-pro-logga-liggande-500x500-1.png","width":500,"height":500,"caption":"C-Pro"},"image":{"@id":"https:\/\/c-profil.se\/#\/schema\/logo\/image\/"},"sameAs":["https:\/\/www.facebook.com\/people\/C-Pro\/61561767306874\/","https:\/\/www.linkedin.com\/company\/c-pro-ab","https:\/\/www.instagram.com\/cpro.ab\/"],"description":"C-PRO AB is a comprehensive supplier of materials for applications in electricity and automation. Ever since the start in 1987, we have supplied the Swedish manufacturing industry with electrical materials. Despite our size and leading position, we have never abandoned our basic philosophy, to be a personal supplier. We at C-PRO are easy to get in touch with, honest and passionate about solving our customers&#039; problems.","email":"info@c-profil.se","telephone":"031575785","legalName":"C-Profil F\u00f6rl\u00e4ggningsmaterial AB","foundingDate":"1987-01-01"}]},"product_brand":"apparatsk\u00e5p","product_price_currency":"SEK","og_availability":"instock","product_availability":"instock","product_retailer_item_id":"ALU-LINE","product_condition":"new"},"_links":{"self":[{"href":"https:\/\/c-profil.se\/english\/wp-json\/wp\/v2\/product\/39895","targetHints":{"allow":["GET"]}}],"collection":[{"href":"https:\/\/c-profil.se\/english\/wp-json\/wp\/v2\/product"}],"about":[{"href":"https:\/\/c-profil.se\/english\/wp-json\/wp\/v2\/types\/product"}],"version-history":[{"count":9,"href":"https:\/\/c-profil.se\/english\/wp-json\/wp\/v2\/product\/39895\/revisions"}],"predecessor-version":[{"id":74393,"href":"https:\/\/c-profil.se\/english\/wp-json\/wp\/v2\/product\/39895\/revisions\/74393"}],"wp:featuredmedia":[{"embeddable":true,"href":"https:\/\/c-profil.se\/english\/wp-json\/wp\/v2\/media\/51493"}],"wp:attachment":[{"href":"https:\/\/c-profil.se\/english\/wp-json\/wp\/v2\/media?parent=39895"}],"wp:term":[{"taxonomy":"product_brand","embeddable":true,"href":"https:\/\/c-profil.se\/english\/wp-json\/wp\/v2\/product_brand?post=39895"},{"taxonomy":"product_cat","embeddable":true,"href":"https:\/\/c-profil.se\/english\/wp-json\/wp\/v2\/product_cat?post=39895"},{"taxonomy":"product_tag","embeddable":true,"href":"https:\/\/c-profil.se\/english\/wp-json\/wp\/v2\/product_tag?post=39895"}],"curies":[{"name":"wp","href":"https:\/\/api.w.org\/{rel}","templated":true}]}}