{"id":39887,"date":"2023-10-26T10:04:00","date_gmt":"2023-10-26T09:04:00","guid":{"rendered":"https:\/\/c-profil.se\/?post_type=product&#038;p=39887"},"modified":"2026-03-18T14:50:58","modified_gmt":"2026-03-18T13:50:58","slug":"lighting-led-tube","status":"publish","type":"product","link":"https:\/\/c-profil.se\/english\/produkt\/belysning-led-tube\/","title":{"rendered":"Lighting LED | Tube"},"content":{"rendered":"<p><strong>Lighting LED \/ Tube provides efficient and robust lighting for machinery and equipment<\/strong> with standardized M12 connection and a service life of up to 50,000 operating hours.<br \/>\nThe luminaire is available with tubes made of chemical-resistant borosilicate glass or impact-resistant polycarbonate and is not affected by oil, water, chemicals or varying temperatures.<\/p>","protected":false},"excerpt":{"rendered":"<p class=\"ai-optimize-32 ai-optimize-introduction\">Lighting LED \/ Tube provides efficient lighting for machines and equipment, with M12 connectors for standardized connection. The fixture is easy to mount, rotates and offers a circuit-independent lifespan of 50,000 operating hours. Depending on the application, you can choose different materials for the tubes: Lighting LED \/ Tube is available in chemical-resistant borosilicate glass and in impact-resistant polycarbonate. Varying temperatures, oil, water or various chemicals therefore affect neither the brightness nor the lifespan.<\/p>\n<p class=\"ai-optimize-34\"><strong>Advantages:<\/strong><\/p>\n<ul>\n<li class=\"ai-optimize-35\">Chemical-resistant borosilicate glass or impact-resistant polycarbonate tube<\/li>\n<li class=\"ai-optimize-36\">Protection class IP67<\/li>\n<li class=\"ai-optimize-37\">Completely maintenance-free product<\/li>\n<li class=\"ai-optimize-38\">High energy efficiency thanks to High Power LED<\/li>\n<li class=\"ai-optimize-39\">Compact round design \u00f8 28 mm, suitable for tight installation situations<\/li>\n<li class=\"ai-optimize-40\">Simple retrofitting in existing machines<\/li>\n<li class=\"ai-optimize-41\">With rotating LED tube<\/li>\n<li class=\"ai-optimize-42\">End pieces in stainless steel<\/li>\n<li class=\"ai-optimize-43\">Cable connection via M12 connector<\/li>\n<\/ul>\n<p class=\"ai-optimize-32 ai-optimize-introduction\">Lighting LED \/ Tube provides efficient lighting for machines and equipment, with M12 connectors for standardized connection. The fixture is easy to mount, rotates and offers a circuit-independent lifespan of 50,000 operating hours. Depending on the application, you can choose different materials for the tubes: Lighting LED \/ Tube is available in chemical-resistant borosilicate glass and in impact-resistant polycarbonate. Varying temperatures, oil, water or various chemicals therefore affect neither the brightness nor the lifespan.<\/p>","protected":false},"featured_media":51495,"template":"","meta":{"_acf_changed":false},"product_brand":[740],"product_cat":[232],"product_tag":[940,973,974],"class_list":{"0":"post-39887","1":"product","2":"type-product","3":"status-publish","4":"has-post-thumbnail","6":"product_brand-icotek","7":"product_cat-belysning","8":"product_tag-apparatskap","9":"product_tag-belysning","10":"product_tag-service-underhall","12":"first","13":"instock","14":"shipping-taxable","15":"product-type-simple"},"acf":[],"yoast_head":"<!-- This site is optimized with the Yoast SEO Premium plugin v27.6 (Yoast SEO v27.6) - https:\/\/yoast.com\/product\/yoast-seo-premium-wordpress\/ -->\n<title>Belysning LED | Tube - C-Pro<\/title>\n<meta name=\"description\" content=\"Belysning LED \/ Tube ger effektiv belysning f\u00f6r maskiner och utrustning, med M12-kontakter f\u00f6r standardiserad anslutning. L\u00e4s Mer!\" \/>\n<meta name=\"robots\" content=\"index, follow, max-snippet:-1, max-image-preview:large, max-video-preview:-1\" \/>\n<link rel=\"canonical\" href=\"https:\/\/c-profil.se\/english\/product\/lighting-led-tube\/\" \/>\n<meta property=\"og:locale\" content=\"en_US\" \/>\n<meta property=\"og:type\" content=\"article\" \/>\n<meta property=\"og:title\" content=\"Belysning LED | Tube - C-Pro\" \/>\n<meta property=\"og:description\" content=\"Belysning LED \/ Tube ger effektiv belysning f\u00f6r maskiner och utrustning, med M12-kontakter f\u00f6r standardiserad anslutning. Armaturen \u00e4r enkel att montera, roterar och erbjuder en kretsoberoende livsl\u00e4ngd p\u00e5 50 000 drifttimmar. Beroende p\u00e5 applikation kan du v\u00e4lja olika material f\u00f6r r\u00f6ren: Belysning LED \/ Tube finns i kemikaliebest\u00e4ndigt borosilikatglas och i slag-resistent polykarbonat. Varierande temperaturer, olja, vatten eller olika kemikalier p\u00e5verkar d\u00e4rf\u00f6r varken ljusstyrkan eller livsl\u00e4ngden. F\u00f6rdelar:    Kemikaliebest\u00e4ndigt borosilikatglas eller slagt\u00e5ligt r\u00f6r i polykarbonat  Skyddsklass IP67  Helt underh\u00e5llsfri produkt  H\u00f6g energieffektivitet tack vare High Power LED  Kompakt rund design \u00f8 28 mm, l\u00e4mplig f\u00f6r tr\u00e5nga installationssituationer  Enkel eftermontering i befintliga maskiner  Med roterande LED-r\u00f6r  \u00c4ndstycken i rostfritt st\u00e5l  Kabelanslutning via M12-kontakt  Belysning LED \/ Tube ger effektiv belysning f\u00f6r maskiner och utrustning, med M12-kontakter f\u00f6r standardiserad anslutning. Armaturen \u00e4r enkel att montera, roterar och erbjuder en kretsoberoende livsl\u00e4ngd p\u00e5 50 000 drifttimmar. Beroende p\u00e5 applikation kan du v\u00e4lja olika material f\u00f6r r\u00f6ren: Belysning LED \/ Tube finns i kemikaliebest\u00e4ndigt borosilikatglas och i slag-resistent polykarbonat. Varierande temperaturer, olja, vatten eller olika kemikalier p\u00e5verkar d\u00e4rf\u00f6r varken ljusstyrkan eller livsl\u00e4ngden.\" \/>\n<meta property=\"og:url\" content=\"https:\/\/c-profil.se\/english\/product\/lighting-led-tube\/\" \/>\n<meta property=\"og:site_name\" content=\"C-Pro\" \/>\n<meta property=\"article:publisher\" content=\"https:\/\/www.facebook.com\/people\/C-Pro\/61561767306874\/\" \/>\n<meta property=\"article:modified_time\" content=\"2026-03-18T13:50:58+00:00\" \/>\n<meta property=\"og:image\" content=\"https:\/\/c-profil.se\/wp-content\/uploads\/2023\/10\/Belysning-LED-Tube.jpg\" \/>\n\t<meta property=\"og:image:width\" content=\"1000\" \/>\n\t<meta property=\"og:image:height\" content=\"1000\" \/>\n\t<meta property=\"og:image:type\" content=\"image\/jpeg\" \/>\n<meta name=\"twitter:card\" content=\"summary_large_image\" \/>\n<meta name=\"twitter:label1\" content=\"Price\" \/>\n\t<meta name=\"twitter:data1\" content=\"\" \/>\n\t<meta name=\"twitter:label2\" content=\"Availability\" \/>\n\t<meta name=\"twitter:data2\" content=\"In stock\" \/>\n<script type=\"application\/ld+json\" class=\"yoast-schema-graph\">{\"@context\":\"https:\\\/\\\/schema.org\",\"@graph\":[{\"@type\":\"WebPage\",\"@id\":\"https:\\\/\\\/c-profil.se\\\/produkt\\\/belysning-led-tube\\\/\",\"url\":\"https:\\\/\\\/c-profil.se\\\/produkt\\\/belysning-led-tube\\\/\",\"name\":\"Belysning LED | Tube - C-Pro\",\"isPartOf\":{\"@id\":\"https:\\\/\\\/c-profil.se\\\/#website\"},\"primaryImageOfPage\":{\"@id\":\"https:\\\/\\\/c-profil.se\\\/produkt\\\/belysning-led-tube\\\/#primaryimage\"},\"image\":{\"@id\":\"https:\\\/\\\/c-profil.se\\\/produkt\\\/belysning-led-tube\\\/#primaryimage\"},\"thumbnailUrl\":\"https:\\\/\\\/c-profil.se\\\/wp-content\\\/uploads\\\/2023\\\/10\\\/Belysning-LED-Tube.jpg\",\"datePublished\":\"2023-10-26T09:04:00+00:00\",\"dateModified\":\"2026-03-18T13:50:58+00:00\",\"description\":\"Belysning LED \\\/ Tube ger effektiv belysning f\u00f6r maskiner och utrustning, med M12-kontakter f\u00f6r standardiserad anslutning. L\u00e4s Mer!\",\"breadcrumb\":{\"@id\":\"https:\\\/\\\/c-profil.se\\\/produkt\\\/belysning-led-tube\\\/#breadcrumb\"},\"inLanguage\":\"en\",\"potentialAction\":[{\"@type\":\"ReadAction\",\"target\":[\"https:\\\/\\\/c-profil.se\\\/produkt\\\/belysning-led-tube\\\/\"]}]},{\"@type\":\"ImageObject\",\"inLanguage\":\"en\",\"@id\":\"https:\\\/\\\/c-profil.se\\\/produkt\\\/belysning-led-tube\\\/#primaryimage\",\"url\":\"https:\\\/\\\/c-profil.se\\\/wp-content\\\/uploads\\\/2023\\\/10\\\/Belysning-LED-Tube.jpg\",\"contentUrl\":\"https:\\\/\\\/c-profil.se\\\/wp-content\\\/uploads\\\/2023\\\/10\\\/Belysning-LED-Tube.jpg\",\"width\":1000,\"height\":1000,\"caption\":\"Belysning LED Tube\"},{\"@type\":\"BreadcrumbList\",\"@id\":\"https:\\\/\\\/c-profil.se\\\/produkt\\\/belysning-led-tube\\\/#breadcrumb\",\"itemListElement\":[{\"@type\":\"ListItem\",\"position\":1,\"name\":\"Hem\",\"item\":\"https:\\\/\\\/c-profil.se\\\/\"},{\"@type\":\"ListItem\",\"position\":2,\"name\":\"Produkter\",\"item\":\"https:\\\/\\\/c-profil.se\\\/produkter\\\/\"},{\"@type\":\"ListItem\",\"position\":3,\"name\":\"Belysning\",\"item\":\"https:\\\/\\\/c-profil.se\\\/produkt-kategori\\\/belysning\\\/\"},{\"@type\":\"ListItem\",\"position\":4,\"name\":\"Belysning LED | Tube\"}]},{\"@type\":\"WebSite\",\"@id\":\"https:\\\/\\\/c-profil.se\\\/#website\",\"url\":\"https:\\\/\\\/c-profil.se\\\/\",\"name\":\"C-Pro\",\"description\":\"Produkter f\u00f6r El och Automation\",\"publisher\":{\"@id\":\"https:\\\/\\\/c-profil.se\\\/#organization\"},\"potentialAction\":[{\"@type\":\"SearchAction\",\"target\":{\"@type\":\"EntryPoint\",\"urlTemplate\":\"https:\\\/\\\/c-profil.se\\\/?s={search_term_string}\"},\"query-input\":{\"@type\":\"PropertyValueSpecification\",\"valueRequired\":true,\"valueName\":\"search_term_string\"}}],\"inLanguage\":\"en\"},{\"@type\":\"Organization\",\"@id\":\"https:\\\/\\\/c-profil.se\\\/#organization\",\"name\":\"C-Pro\",\"alternateName\":\"C-PRO\",\"url\":\"https:\\\/\\\/c-profil.se\\\/\",\"logo\":{\"@type\":\"ImageObject\",\"inLanguage\":\"en\",\"@id\":\"https:\\\/\\\/c-profil.se\\\/#\\\/schema\\\/logo\\\/image\\\/\",\"url\":\"https:\\\/\\\/c-profil.se\\\/wp-content\\\/uploads\\\/2022\\\/03\\\/c-pro-logga-liggande-500x500-1.png\",\"contentUrl\":\"https:\\\/\\\/c-profil.se\\\/wp-content\\\/uploads\\\/2022\\\/03\\\/c-pro-logga-liggande-500x500-1.png\",\"width\":500,\"height\":500,\"caption\":\"C-Pro\"},\"image\":{\"@id\":\"https:\\\/\\\/c-profil.se\\\/#\\\/schema\\\/logo\\\/image\\\/\"},\"sameAs\":[\"https:\\\/\\\/www.facebook.com\\\/people\\\/C-Pro\\\/61561767306874\\\/\",\"https:\\\/\\\/www.linkedin.com\\\/company\\\/c-pro-ab\",\"https:\\\/\\\/www.instagram.com\\\/cpro.ab\\\/\"],\"description\":\"C-PRO AB \u00e4r en helt\u00e4ckande leverant\u00f6r av material f\u00f6r applikationer inom el och automation. \u00c4nda sedan starten 1987 har vi f\u00f6rsett den svenska tillverkande industrin med elmaterial. Trots v\u00e5r storlek och ledande position har vi aldrig \u00f6vergett v\u00e5r grundfilosofi, att vara en personlig leverant\u00f6r. Vi p\u00e5 C-PRO \u00e4r l\u00e4tta att komma i kontakt med, \u00e4rliga och brinner f\u00f6r att l\u00f6sa v\u00e5ra kunders problem.\",\"email\":\"info@c-profil.se\",\"telephone\":\"031575785\",\"legalName\":\"C-Profil F\u00f6rl\u00e4ggningsmaterial AB\",\"foundingDate\":\"1987-01-01\"}]}<\/script>\n<meta property=\"product:brand\" content=\"apparatsk\u00e5p\" \/>\n<meta property=\"product:price:currency\" content=\"SEK\" \/>\n<meta property=\"og:availability\" content=\"instock\" \/>\n<meta property=\"product:availability\" content=\"instock\" \/>\n<meta property=\"product:retailer_item_id\" content=\"Tube\" \/>\n<meta property=\"product:condition\" content=\"new\" \/>\n<!-- \/ Yoast SEO Premium plugin. -->","yoast_head_json":{"title":"LED Lighting | Tube - C-Pro","description":"Lighting LED \/ Tube provides efficient lighting for machines and equipment, with M12 connectors for standardized connection. Read more!","robots":{"index":"index","follow":"follow","max-snippet":"max-snippet:-1","max-image-preview":"max-image-preview:large","max-video-preview":"max-video-preview:-1"},"canonical":"https:\/\/c-profil.se\/english\/product\/lighting-led-tube\/","og_locale":"en_US","og_type":"article","og_title":"Belysning LED | Tube - C-Pro","og_description":"Belysning LED \/ Tube ger effektiv belysning f\u00f6r maskiner och utrustning, med M12-kontakter f\u00f6r standardiserad anslutning. Armaturen \u00e4r enkel att montera, roterar och erbjuder en kretsoberoende livsl\u00e4ngd p\u00e5 50 000 drifttimmar. Beroende p\u00e5 applikation kan du v\u00e4lja olika material f\u00f6r r\u00f6ren: Belysning LED \/ Tube finns i kemikaliebest\u00e4ndigt borosilikatglas och i slag-resistent polykarbonat. Varierande temperaturer, olja, vatten eller olika kemikalier p\u00e5verkar d\u00e4rf\u00f6r varken ljusstyrkan eller livsl\u00e4ngden. F\u00f6rdelar:    Kemikaliebest\u00e4ndigt borosilikatglas eller slagt\u00e5ligt r\u00f6r i polykarbonat  Skyddsklass IP67  Helt underh\u00e5llsfri produkt  H\u00f6g energieffektivitet tack vare High Power LED  Kompakt rund design \u00f8 28 mm, l\u00e4mplig f\u00f6r tr\u00e5nga installationssituationer  Enkel eftermontering i befintliga maskiner  Med roterande LED-r\u00f6r  \u00c4ndstycken i rostfritt st\u00e5l  Kabelanslutning via M12-kontakt  Belysning LED \/ Tube ger effektiv belysning f\u00f6r maskiner och utrustning, med M12-kontakter f\u00f6r standardiserad anslutning. Armaturen \u00e4r enkel att montera, roterar och erbjuder en kretsoberoende livsl\u00e4ngd p\u00e5 50 000 drifttimmar. Beroende p\u00e5 applikation kan du v\u00e4lja olika material f\u00f6r r\u00f6ren: Belysning LED \/ Tube finns i kemikaliebest\u00e4ndigt borosilikatglas och i slag-resistent polykarbonat. Varierande temperaturer, olja, vatten eller olika kemikalier p\u00e5verkar d\u00e4rf\u00f6r varken ljusstyrkan eller livsl\u00e4ngden.","og_url":"https:\/\/c-profil.se\/english\/product\/lighting-led-tube\/","og_site_name":"C-Pro","article_publisher":"https:\/\/www.facebook.com\/people\/C-Pro\/61561767306874\/","article_modified_time":"2026-03-18T13:50:58+00:00","og_image":[{"width":1000,"height":1000,"url":"https:\/\/c-profil.se\/wp-content\/uploads\/2023\/10\/Belysning-LED-Tube.jpg","type":"image\/jpeg"}],"twitter_card":"summary_large_image","twitter_misc":{"Price":"","Availability":"In stock"},"schema":{"@context":"https:\/\/schema.org","@graph":[{"@type":"WebPage","@id":"https:\/\/c-profil.se\/produkt\/belysning-led-tube\/","url":"https:\/\/c-profil.se\/produkt\/belysning-led-tube\/","name":"LED Lighting | Tube - C-Pro","isPartOf":{"@id":"https:\/\/c-profil.se\/#website"},"primaryImageOfPage":{"@id":"https:\/\/c-profil.se\/produkt\/belysning-led-tube\/#primaryimage"},"image":{"@id":"https:\/\/c-profil.se\/produkt\/belysning-led-tube\/#primaryimage"},"thumbnailUrl":"https:\/\/c-profil.se\/wp-content\/uploads\/2023\/10\/Belysning-LED-Tube.jpg","datePublished":"2023-10-26T09:04:00+00:00","dateModified":"2026-03-18T13:50:58+00:00","description":"Lighting LED \/ Tube provides efficient lighting for machines and equipment, with M12 connectors for standardized connection. Read more!","breadcrumb":{"@id":"https:\/\/c-profil.se\/produkt\/belysning-led-tube\/#breadcrumb"},"inLanguage":"en","potentialAction":[{"@type":"ReadAction","target":["https:\/\/c-profil.se\/produkt\/belysning-led-tube\/"]}]},{"@type":"ImageObject","inLanguage":"en","@id":"https:\/\/c-profil.se\/produkt\/belysning-led-tube\/#primaryimage","url":"https:\/\/c-profil.se\/wp-content\/uploads\/2023\/10\/Belysning-LED-Tube.jpg","contentUrl":"https:\/\/c-profil.se\/wp-content\/uploads\/2023\/10\/Belysning-LED-Tube.jpg","width":1000,"height":1000,"caption":"Belysning LED Tube"},{"@type":"BreadcrumbList","@id":"https:\/\/c-profil.se\/produkt\/belysning-led-tube\/#breadcrumb","itemListElement":[{"@type":"ListItem","position":1,"name":"Hem","item":"https:\/\/c-profil.se\/"},{"@type":"ListItem","position":2,"name":"Produkter","item":"https:\/\/c-profil.se\/produkter\/"},{"@type":"ListItem","position":3,"name":"Belysning","item":"https:\/\/c-profil.se\/produkt-kategori\/belysning\/"},{"@type":"ListItem","position":4,"name":"Belysning LED | Tube"}]},{"@type":"WebSite","@id":"https:\/\/c-profil.se\/#website","url":"https:\/\/c-profil.se\/","name":"C-Pro","description":"Products for Electricity and Automation","publisher":{"@id":"https:\/\/c-profil.se\/#organization"},"potentialAction":[{"@type":"SearchAction","target":{"@type":"EntryPoint","urlTemplate":"https:\/\/c-profil.se\/?s={search_term_string}"},"query-input":{"@type":"PropertyValueSpecification","valueRequired":true,"valueName":"search_term_string"}}],"inLanguage":"en"},{"@type":"Organization","@id":"https:\/\/c-profil.se\/#organization","name":"C-Pro","alternateName":"C-PRO","url":"https:\/\/c-profil.se\/","logo":{"@type":"ImageObject","inLanguage":"en","@id":"https:\/\/c-profil.se\/#\/schema\/logo\/image\/","url":"https:\/\/c-profil.se\/wp-content\/uploads\/2022\/03\/c-pro-logga-liggande-500x500-1.png","contentUrl":"https:\/\/c-profil.se\/wp-content\/uploads\/2022\/03\/c-pro-logga-liggande-500x500-1.png","width":500,"height":500,"caption":"C-Pro"},"image":{"@id":"https:\/\/c-profil.se\/#\/schema\/logo\/image\/"},"sameAs":["https:\/\/www.facebook.com\/people\/C-Pro\/61561767306874\/","https:\/\/www.linkedin.com\/company\/c-pro-ab","https:\/\/www.instagram.com\/cpro.ab\/"],"description":"C-PRO AB is a comprehensive supplier of materials for applications in electricity and automation. Ever since the start in 1987, we have supplied the Swedish manufacturing industry with electrical materials. Despite our size and leading position, we have never abandoned our basic philosophy, to be a personal supplier. We at C-PRO are easy to get in touch with, honest and passionate about solving our customers&#039; problems.","email":"info@c-profil.se","telephone":"031575785","legalName":"C-Profil F\u00f6rl\u00e4ggningsmaterial AB","foundingDate":"1987-01-01"}]},"product_brand":"apparatsk\u00e5p","product_price_currency":"SEK","og_availability":"instock","product_availability":"instock","product_retailer_item_id":"Tube","product_condition":"new"},"_links":{"self":[{"href":"https:\/\/c-profil.se\/english\/wp-json\/wp\/v2\/product\/39887","targetHints":{"allow":["GET"]}}],"collection":[{"href":"https:\/\/c-profil.se\/english\/wp-json\/wp\/v2\/product"}],"about":[{"href":"https:\/\/c-profil.se\/english\/wp-json\/wp\/v2\/types\/product"}],"version-history":[{"count":11,"href":"https:\/\/c-profil.se\/english\/wp-json\/wp\/v2\/product\/39887\/revisions"}],"predecessor-version":[{"id":74394,"href":"https:\/\/c-profil.se\/english\/wp-json\/wp\/v2\/product\/39887\/revisions\/74394"}],"wp:featuredmedia":[{"embeddable":true,"href":"https:\/\/c-profil.se\/english\/wp-json\/wp\/v2\/media\/51495"}],"wp:attachment":[{"href":"https:\/\/c-profil.se\/english\/wp-json\/wp\/v2\/media?parent=39887"}],"wp:term":[{"taxonomy":"product_brand","embeddable":true,"href":"https:\/\/c-profil.se\/english\/wp-json\/wp\/v2\/product_brand?post=39887"},{"taxonomy":"product_cat","embeddable":true,"href":"https:\/\/c-profil.se\/english\/wp-json\/wp\/v2\/product_cat?post=39887"},{"taxonomy":"product_tag","embeddable":true,"href":"https:\/\/c-profil.se\/english\/wp-json\/wp\/v2\/product_tag?post=39887"}],"curies":[{"name":"wp","href":"https:\/\/api.w.org\/{rel}","templated":true}]}}