{"id":38729,"date":"2023-09-21T13:33:00","date_gmt":"2023-09-21T12:33:00","guid":{"rendered":"https:\/\/c-profil.se\/?post_type=product&#038;p=38729"},"modified":"2026-03-19T15:09:56","modified_gmt":"2026-03-19T14:09:56","slug":"adapter-grommet-at-pp-2","status":"publish","type":"product","link":"https:\/\/c-profil.se\/english\/produkt\/adapterinsats-at-pp\/","title":{"rendered":"Adapter insert | AT-PP"},"content":{"rendered":"<p><strong>AT-PP is an adapter insert based on a KT cable gland for integrating PushPull modules into industrial installations<\/strong>.<br \/>\nThe adapter insert enables the passage of pre-connected cables and reduces the need for separate drilling and assembly work.<\/p>","protected":false},"excerpt":{"rendered":"<p class=\"ai-optimize-32 ai-optimize-introduction\"><strong>Adapter grommet \/ AT-PP<\/strong> IMAS-CONNECT\u2122 is based on a large KT bushing. This bushing has a polyamide body. With the screw-on housings, all modules in the \u201dcompact\u201d category that have a PushPull system can be inserted into the bushing. With the divisible adapter insert \/ AT-PP, you can feed pre-terminated cables through. This way, you can reduce the drilling and labor costs.<\/p>\n<ul>\n<li class=\"ai-optimize-33\">PushPull modules and the housings are not included in the shipment.<\/li>\n<\/ul>\n<p class=\"ai-optimize-34\"><strong>AT-PP is compatible with:<\/strong><\/p>\n<p class=\"ai-optimize-35\"><a href=\"https:\/\/c-profil.se\/english\/product-category\/cable-glands-for-cables-with-connectors\/\">Cable glands for cables with connectors<\/a><\/p>\n<p class=\"ai-optimize-36\"><a href=\"https:\/\/c-profil.se\/english\/product-category\/cable-entry-systems-for-cables-with-connectors\/\">Cable entry systems for cables with connectors<\/a><\/p>\n<p class=\"ai-optimize-38\"><strong>Advantages: <\/strong><\/p>\n<ul>\n<li class=\"ai-optimize-39\">By utilising the AT-PP grommet, connectors can be integrated directly into the cable entry frame<\/li>\n<li class=\"ai-optimize-40\">Separate cut-outs for connectors are no longer necessary<\/li>\n<li class=\"ai-optimize-41\">Space-saving design<\/li>\n<li class=\"ai-optimize-42\">Grommet is suitable for PushPull housings<\/li>\n<li class=\"ai-optimize-43\">Cost-saving assembly<\/li>\n<\/ul>","protected":false},"featured_media":51018,"template":"","meta":{"_acf_changed":false},"product_brand":[740],"product_cat":[304,305],"product_tag":[953,992,938,1005,939],"class_list":{"0":"post-38729","1":"product","2":"type-product","3":"status-publish","4":"has-post-thumbnail","6":"product_brand-icotek","7":"product_cat-kabelforskruvningar-for-kablar-med-kontakt","8":"product_cat-kabelgenomforingssystem-for-kablar-med-kontakt","9":"product_tag-eftermontering","10":"product_tag-kabelgenomforing","11":"product_tag-kabelinforing","12":"product_tag-platbearbetning","13":"product_tag-tatning","15":"first","16":"instock","17":"shipping-taxable","18":"product-type-simple"},"acf":[],"yoast_head":"<!-- This site is optimized with the Yoast SEO Premium plugin v27.5 (Yoast SEO v27.5) - https:\/\/yoast.com\/product\/yoast-seo-premium-wordpress\/ -->\n<title>Adapterinsats | AT-PP - C-Pro<\/title>\n<meta name=\"description\" content=\"Adapterinsats \/ AT-PP baserar p\u00e5 en stor\u00a0 KT genomf\u00f6ring. I den h\u00e4r genomf\u00f6ringen finns det en polyamidkropp. L\u00e4s Mer!\" \/>\n<meta name=\"robots\" content=\"index, follow, max-snippet:-1, max-image-preview:large, max-video-preview:-1\" \/>\n<link rel=\"canonical\" href=\"https:\/\/c-profil.se\/english\/product\/adapter-grommet-at-pp-2\/\" \/>\n<meta property=\"og:locale\" content=\"en_US\" \/>\n<meta property=\"og:type\" content=\"article\" \/>\n<meta property=\"og:title\" content=\"Adapterinsats | AT-PP - C-Pro\" \/>\n<meta property=\"og:description\" content=\"Adapterinsats \/ AT-PP IMAS-CONNECT\u2122 baserar p\u00e5 en stor\u00a0 KT genomf\u00f6ring. I den h\u00e4r genomf\u00f6ringen finns det en polyamidkropp. Med de p\u00e5skruvbara h\u00f6ljena kan alla modulerna i kategorin &quot;compact&quot; som f\u00f6rfogar \u00f6ver ett PushPull system ins\u00e4ttas i genomf\u00f6ringen. Med den delbara Adapterinsatsen \/ AT-PP kan du\u00a0 f\u00f6ra igenom f\u00f6rkontakterade kablar. P\u00e5 det viset kan du reducera h\u00e5ltagning och arbetskostnad.    PushPull moduler och h\u00f6ljen \u00e4r inte inkluderade i s\u00e4ndningen  AT-PP \u00e4r kompatibel med: Kabelf\u00f6rskruvningar f\u00f6r kablar med kontakt Kabelgenomf\u00f6ringssystem f\u00f6r kablar med kontakt F\u00f6rdelar:     Genom att anv\u00e4nda AT-PP-genomf\u00f6ringen kan kontakter integreras direkt i kabelgenomf\u00f6ringsramen  Separat h\u00e5ltagning i h\u00f6ljets v\u00e4gg \u00e4r inte n\u00f6dv\u00e4ndigt  Platsbesparande design  Genomf\u00f6ring \u00e4r l\u00e4mplig f\u00f6r PushPull  Kostnadsbesparande montering\" \/>\n<meta property=\"og:url\" content=\"https:\/\/c-profil.se\/english\/product\/adapter-grommet-at-pp-2\/\" \/>\n<meta property=\"og:site_name\" content=\"C-Pro\" \/>\n<meta property=\"article:publisher\" content=\"https:\/\/www.facebook.com\/people\/C-Pro\/61561767306874\/\" \/>\n<meta property=\"article:modified_time\" content=\"2026-03-19T14:09:56+00:00\" \/>\n<meta property=\"og:image\" content=\"https:\/\/c-profil.se\/wp-content\/uploads\/2023\/09\/Adapterinsats-AT-PP.jpg\" \/>\n\t<meta property=\"og:image:width\" content=\"1000\" \/>\n\t<meta property=\"og:image:height\" content=\"1000\" \/>\n\t<meta property=\"og:image:type\" content=\"image\/jpeg\" \/>\n<meta name=\"twitter:card\" content=\"summary_large_image\" \/>\n<meta name=\"twitter:label1\" content=\"Price\" \/>\n\t<meta name=\"twitter:data1\" content=\"\" \/>\n\t<meta name=\"twitter:label2\" content=\"Availability\" \/>\n\t<meta name=\"twitter:data2\" content=\"In stock\" \/>\n<script type=\"application\/ld+json\" class=\"yoast-schema-graph\">{\"@context\":\"https:\\\/\\\/schema.org\",\"@graph\":[{\"@type\":\"WebPage\",\"@id\":\"https:\\\/\\\/c-profil.se\\\/produkt\\\/adapterinsats-at-pp\\\/\",\"url\":\"https:\\\/\\\/c-profil.se\\\/produkt\\\/adapterinsats-at-pp\\\/\",\"name\":\"Adapterinsats | AT-PP - C-Pro\",\"isPartOf\":{\"@id\":\"https:\\\/\\\/c-profil.se\\\/#website\"},\"primaryImageOfPage\":{\"@id\":\"https:\\\/\\\/c-profil.se\\\/produkt\\\/adapterinsats-at-pp\\\/#primaryimage\"},\"image\":{\"@id\":\"https:\\\/\\\/c-profil.se\\\/produkt\\\/adapterinsats-at-pp\\\/#primaryimage\"},\"thumbnailUrl\":\"https:\\\/\\\/c-profil.se\\\/wp-content\\\/uploads\\\/2023\\\/09\\\/Adapterinsats-AT-PP.jpg\",\"datePublished\":\"2023-09-21T12:33:00+00:00\",\"dateModified\":\"2026-03-19T14:09:56+00:00\",\"description\":\"Adapterinsats \\\/ AT-PP baserar p\u00e5 en stor\u00a0 KT genomf\u00f6ring. I den h\u00e4r genomf\u00f6ringen finns det en polyamidkropp. L\u00e4s Mer!\",\"breadcrumb\":{\"@id\":\"https:\\\/\\\/c-profil.se\\\/produkt\\\/adapterinsats-at-pp\\\/#breadcrumb\"},\"inLanguage\":\"en\",\"potentialAction\":[{\"@type\":\"ReadAction\",\"target\":[\"https:\\\/\\\/c-profil.se\\\/produkt\\\/adapterinsats-at-pp\\\/\"]}]},{\"@type\":\"ImageObject\",\"inLanguage\":\"en\",\"@id\":\"https:\\\/\\\/c-profil.se\\\/produkt\\\/adapterinsats-at-pp\\\/#primaryimage\",\"url\":\"https:\\\/\\\/c-profil.se\\\/wp-content\\\/uploads\\\/2023\\\/09\\\/Adapterinsats-AT-PP.jpg\",\"contentUrl\":\"https:\\\/\\\/c-profil.se\\\/wp-content\\\/uploads\\\/2023\\\/09\\\/Adapterinsats-AT-PP.jpg\",\"width\":1000,\"height\":1000,\"caption\":\"Adapterinsats AT-PP\"},{\"@type\":\"BreadcrumbList\",\"@id\":\"https:\\\/\\\/c-profil.se\\\/produkt\\\/adapterinsats-at-pp\\\/#breadcrumb\",\"itemListElement\":[{\"@type\":\"ListItem\",\"position\":1,\"name\":\"Hem\",\"item\":\"https:\\\/\\\/c-profil.se\\\/\"},{\"@type\":\"ListItem\",\"position\":2,\"name\":\"Produkter\",\"item\":\"https:\\\/\\\/c-profil.se\\\/produkter\\\/\"},{\"@type\":\"ListItem\",\"position\":3,\"name\":\"Kabelf\u00f6rskruvningar f\u00f6r kablar med kontakt\",\"item\":\"https:\\\/\\\/c-profil.se\\\/produkt-kategori\\\/kabelforskruvningar-for-kablar-med-kontakt\\\/\"},{\"@type\":\"ListItem\",\"position\":4,\"name\":\"Adapterinsats | AT-PP\"}]},{\"@type\":\"WebSite\",\"@id\":\"https:\\\/\\\/c-profil.se\\\/#website\",\"url\":\"https:\\\/\\\/c-profil.se\\\/\",\"name\":\"C-Pro\",\"description\":\"Produkter f\u00f6r El och Automation\",\"publisher\":{\"@id\":\"https:\\\/\\\/c-profil.se\\\/#organization\"},\"potentialAction\":[{\"@type\":\"SearchAction\",\"target\":{\"@type\":\"EntryPoint\",\"urlTemplate\":\"https:\\\/\\\/c-profil.se\\\/?s={search_term_string}\"},\"query-input\":{\"@type\":\"PropertyValueSpecification\",\"valueRequired\":true,\"valueName\":\"search_term_string\"}}],\"inLanguage\":\"en\"},{\"@type\":\"Organization\",\"@id\":\"https:\\\/\\\/c-profil.se\\\/#organization\",\"name\":\"C-Pro\",\"alternateName\":\"C-PRO\",\"url\":\"https:\\\/\\\/c-profil.se\\\/\",\"logo\":{\"@type\":\"ImageObject\",\"inLanguage\":\"en\",\"@id\":\"https:\\\/\\\/c-profil.se\\\/#\\\/schema\\\/logo\\\/image\\\/\",\"url\":\"https:\\\/\\\/c-profil.se\\\/wp-content\\\/uploads\\\/2022\\\/03\\\/c-pro-logga-liggande-500x500-1.png\",\"contentUrl\":\"https:\\\/\\\/c-profil.se\\\/wp-content\\\/uploads\\\/2022\\\/03\\\/c-pro-logga-liggande-500x500-1.png\",\"width\":500,\"height\":500,\"caption\":\"C-Pro\"},\"image\":{\"@id\":\"https:\\\/\\\/c-profil.se\\\/#\\\/schema\\\/logo\\\/image\\\/\"},\"sameAs\":[\"https:\\\/\\\/www.facebook.com\\\/people\\\/C-Pro\\\/61561767306874\\\/\",\"https:\\\/\\\/www.linkedin.com\\\/company\\\/c-pro-ab\",\"https:\\\/\\\/www.instagram.com\\\/cpro.ab\\\/\"],\"description\":\"C-PRO AB \u00e4r en helt\u00e4ckande leverant\u00f6r av material f\u00f6r applikationer inom el och automation. \u00c4nda sedan starten 1987 har vi f\u00f6rsett den svenska tillverkande industrin med elmaterial. Trots v\u00e5r storlek och ledande position har vi aldrig \u00f6vergett v\u00e5r grundfilosofi, att vara en personlig leverant\u00f6r. Vi p\u00e5 C-PRO \u00e4r l\u00e4tta att komma i kontakt med, \u00e4rliga och brinner f\u00f6r att l\u00f6sa v\u00e5ra kunders problem.\",\"email\":\"info@c-profil.se\",\"telephone\":\"031575785\",\"legalName\":\"C-Profil F\u00f6rl\u00e4ggningsmaterial AB\",\"foundingDate\":\"1987-01-01\"}]}<\/script>\n<meta property=\"product:brand\" content=\"eftermontering\" \/>\n<meta property=\"product:price:currency\" content=\"SEK\" \/>\n<meta property=\"og:availability\" content=\"instock\" \/>\n<meta property=\"product:availability\" content=\"instock\" \/>\n<meta property=\"product:retailer_item_id\" content=\"AT-PP\" \/>\n<meta property=\"product:condition\" content=\"new\" \/>\n<!-- \/ Yoast SEO Premium plugin. -->","yoast_head_json":{"title":"Adapter insert | AT-PP - C-Pro","description":"Adapter grommet \/ AT-PP is based on a large KT grommet. In this implementation there is a polyamide body. Read More!","robots":{"index":"index","follow":"follow","max-snippet":"max-snippet:-1","max-image-preview":"max-image-preview:large","max-video-preview":"max-video-preview:-1"},"canonical":"https:\/\/c-profil.se\/english\/product\/adapter-grommet-at-pp-2\/","og_locale":"en_US","og_type":"article","og_title":"Adapterinsats | AT-PP - C-Pro","og_description":"Adapterinsats \/ AT-PP IMAS-CONNECT\u2122 baserar p\u00e5 en stor\u00a0 KT genomf\u00f6ring. I den h\u00e4r genomf\u00f6ringen finns det en polyamidkropp. Med de p\u00e5skruvbara h\u00f6ljena kan alla modulerna i kategorin \"compact\" som f\u00f6rfogar \u00f6ver ett PushPull system ins\u00e4ttas i genomf\u00f6ringen. Med den delbara Adapterinsatsen \/ AT-PP kan du\u00a0 f\u00f6ra igenom f\u00f6rkontakterade kablar. P\u00e5 det viset kan du reducera h\u00e5ltagning och arbetskostnad.    PushPull moduler och h\u00f6ljen \u00e4r inte inkluderade i s\u00e4ndningen  AT-PP \u00e4r kompatibel med: Kabelf\u00f6rskruvningar f\u00f6r kablar med kontakt Kabelgenomf\u00f6ringssystem f\u00f6r kablar med kontakt F\u00f6rdelar:     Genom att anv\u00e4nda AT-PP-genomf\u00f6ringen kan kontakter integreras direkt i kabelgenomf\u00f6ringsramen  Separat h\u00e5ltagning i h\u00f6ljets v\u00e4gg \u00e4r inte n\u00f6dv\u00e4ndigt  Platsbesparande design  Genomf\u00f6ring \u00e4r l\u00e4mplig f\u00f6r PushPull  Kostnadsbesparande montering","og_url":"https:\/\/c-profil.se\/english\/product\/adapter-grommet-at-pp-2\/","og_site_name":"C-Pro","article_publisher":"https:\/\/www.facebook.com\/people\/C-Pro\/61561767306874\/","article_modified_time":"2026-03-19T14:09:56+00:00","og_image":[{"width":1000,"height":1000,"url":"https:\/\/c-profil.se\/wp-content\/uploads\/2023\/09\/Adapterinsats-AT-PP.jpg","type":"image\/jpeg"}],"twitter_card":"summary_large_image","twitter_misc":{"Price":"","Availability":"In stock"},"schema":{"@context":"https:\/\/schema.org","@graph":[{"@type":"WebPage","@id":"https:\/\/c-profil.se\/produkt\/adapterinsats-at-pp\/","url":"https:\/\/c-profil.se\/produkt\/adapterinsats-at-pp\/","name":"Adapter insert | AT-PP - C-Pro","isPartOf":{"@id":"https:\/\/c-profil.se\/#website"},"primaryImageOfPage":{"@id":"https:\/\/c-profil.se\/produkt\/adapterinsats-at-pp\/#primaryimage"},"image":{"@id":"https:\/\/c-profil.se\/produkt\/adapterinsats-at-pp\/#primaryimage"},"thumbnailUrl":"https:\/\/c-profil.se\/wp-content\/uploads\/2023\/09\/Adapterinsats-AT-PP.jpg","datePublished":"2023-09-21T12:33:00+00:00","dateModified":"2026-03-19T14:09:56+00:00","description":"Adapter grommet \/ AT-PP is based on a large KT grommet. In this implementation there is a polyamide body. Read More!","breadcrumb":{"@id":"https:\/\/c-profil.se\/produkt\/adapterinsats-at-pp\/#breadcrumb"},"inLanguage":"en","potentialAction":[{"@type":"ReadAction","target":["https:\/\/c-profil.se\/produkt\/adapterinsats-at-pp\/"]}]},{"@type":"ImageObject","inLanguage":"en","@id":"https:\/\/c-profil.se\/produkt\/adapterinsats-at-pp\/#primaryimage","url":"https:\/\/c-profil.se\/wp-content\/uploads\/2023\/09\/Adapterinsats-AT-PP.jpg","contentUrl":"https:\/\/c-profil.se\/wp-content\/uploads\/2023\/09\/Adapterinsats-AT-PP.jpg","width":1000,"height":1000,"caption":"Adapterinsats AT-PP"},{"@type":"BreadcrumbList","@id":"https:\/\/c-profil.se\/produkt\/adapterinsats-at-pp\/#breadcrumb","itemListElement":[{"@type":"ListItem","position":1,"name":"Hem","item":"https:\/\/c-profil.se\/"},{"@type":"ListItem","position":2,"name":"Produkter","item":"https:\/\/c-profil.se\/produkter\/"},{"@type":"ListItem","position":3,"name":"Kabelf\u00f6rskruvningar f\u00f6r kablar med kontakt","item":"https:\/\/c-profil.se\/produkt-kategori\/kabelforskruvningar-for-kablar-med-kontakt\/"},{"@type":"ListItem","position":4,"name":"Adapterinsats | AT-PP"}]},{"@type":"WebSite","@id":"https:\/\/c-profil.se\/#website","url":"https:\/\/c-profil.se\/","name":"C-Pro","description":"Products for Electricity and Automation","publisher":{"@id":"https:\/\/c-profil.se\/#organization"},"potentialAction":[{"@type":"SearchAction","target":{"@type":"EntryPoint","urlTemplate":"https:\/\/c-profil.se\/?s={search_term_string}"},"query-input":{"@type":"PropertyValueSpecification","valueRequired":true,"valueName":"search_term_string"}}],"inLanguage":"en"},{"@type":"Organization","@id":"https:\/\/c-profil.se\/#organization","name":"C-Pro","alternateName":"C-PRO","url":"https:\/\/c-profil.se\/","logo":{"@type":"ImageObject","inLanguage":"en","@id":"https:\/\/c-profil.se\/#\/schema\/logo\/image\/","url":"https:\/\/c-profil.se\/wp-content\/uploads\/2022\/03\/c-pro-logga-liggande-500x500-1.png","contentUrl":"https:\/\/c-profil.se\/wp-content\/uploads\/2022\/03\/c-pro-logga-liggande-500x500-1.png","width":500,"height":500,"caption":"C-Pro"},"image":{"@id":"https:\/\/c-profil.se\/#\/schema\/logo\/image\/"},"sameAs":["https:\/\/www.facebook.com\/people\/C-Pro\/61561767306874\/","https:\/\/www.linkedin.com\/company\/c-pro-ab","https:\/\/www.instagram.com\/cpro.ab\/"],"description":"C-PRO AB is a comprehensive supplier of materials for applications in electricity and automation. Ever since the start in 1987, we have supplied the Swedish manufacturing industry with electrical materials. Despite our size and leading position, we have never abandoned our basic philosophy, to be a personal supplier. We at C-PRO are easy to get in touch with, honest and passionate about solving our customers&#039; problems.","email":"info@c-profil.se","telephone":"031575785","legalName":"C-Profil F\u00f6rl\u00e4ggningsmaterial AB","foundingDate":"1987-01-01"}]},"product_brand":"eftermontering","product_price_currency":"SEK","og_availability":"instock","product_availability":"instock","product_retailer_item_id":"AT-PP","product_condition":"new"},"_links":{"self":[{"href":"https:\/\/c-profil.se\/english\/wp-json\/wp\/v2\/product\/38729","targetHints":{"allow":["GET"]}}],"collection":[{"href":"https:\/\/c-profil.se\/english\/wp-json\/wp\/v2\/product"}],"about":[{"href":"https:\/\/c-profil.se\/english\/wp-json\/wp\/v2\/types\/product"}],"version-history":[{"count":11,"href":"https:\/\/c-profil.se\/english\/wp-json\/wp\/v2\/product\/38729\/revisions"}],"predecessor-version":[{"id":74271,"href":"https:\/\/c-profil.se\/english\/wp-json\/wp\/v2\/product\/38729\/revisions\/74271"}],"wp:featuredmedia":[{"embeddable":true,"href":"https:\/\/c-profil.se\/english\/wp-json\/wp\/v2\/media\/51018"}],"wp:attachment":[{"href":"https:\/\/c-profil.se\/english\/wp-json\/wp\/v2\/media?parent=38729"}],"wp:term":[{"taxonomy":"product_brand","embeddable":true,"href":"https:\/\/c-profil.se\/english\/wp-json\/wp\/v2\/product_brand?post=38729"},{"taxonomy":"product_cat","embeddable":true,"href":"https:\/\/c-profil.se\/english\/wp-json\/wp\/v2\/product_cat?post=38729"},{"taxonomy":"product_tag","embeddable":true,"href":"https:\/\/c-profil.se\/english\/wp-json\/wp\/v2\/product_tag?post=38729"}],"curies":[{"name":"wp","href":"https:\/\/api.w.org\/{rel}","templated":true}]}}