{"id":38721,"date":"2023-09-21T12:51:00","date_gmt":"2023-09-21T11:51:00","guid":{"rendered":"https:\/\/c-profil.se\/?post_type=product&#038;p=38721"},"modified":"2026-03-19T15:09:59","modified_gmt":"2026-03-19T14:09:59","slug":"adapter-grommets-at-m-at-k-m","status":"publish","type":"product","link":"https:\/\/c-profil.se\/english\/produkt\/adapterinsatser-at-m-at-k-m\/","title":{"rendered":"Adapter Inserts | AT-M \/ AT-KM \/ AT-KZ"},"content":{"rendered":"<p><strong>AT-M and AT-KM(Z) are adapter inserts with integrated threads for industrial installations<\/strong>, developed to create direct panel connections in split cable entry systems.<br \/>\nThe adapter inserts enable easy integration of signal, data, power and pneumatic connections without separate holes in the housing.<\/p>","protected":false},"excerpt":{"rendered":"<p class=\"ai-optimize-introduction ai-optimize-34\"><strong>\u00a0Adapter inserts \/ AT-M are e<\/strong>n IMAS-CONNECT\u2122 feed-through adapter (based on the large KT feed-through) with integrated metric threads, suitable for split cable entry frames KEL. AT-M are made of elastomer with a polyamide body. AT-M is ideal for creating an interface for signal, data, power or hybrid contacts by simply screwing them into the AT-M thread. Pressure compensation elements or hose fittings up to M25 x 1.5 can also be screwed into AT-M.<\/p>\n<p class=\"ai-optimize-36\"><strong>AT-M is available with thread:<\/strong> M12 x 1.0, M16 x 1.5, M20 x 1.5 and M25 x 1.5<\/p>\n<ul>\n<li class=\"ai-optimize-37\">icotek also offers screw plugs for sizes M16, M20 and M25 to close the new adapter grommet with the metric internal thread AT-M.<\/li>\n<\/ul>\n<hr \/>\n<p class=\"ai-optimize-38\"><strong>Adapter grommet \/ AT-K-M(Z)<\/strong><\/p>\n<p class=\"ai-optimize-39\">A grommet adapter (based on small KT grommets) with integral metric threads, suitable for split cable entry frames. AT-K-M are made of elastomer with a nickel-plated brass body. By using the AT-K-M, several connections can be inserted directly into the cable entry frame, e.g. pneumatic connections M12 x 1.0, metric connections and pressure compensation elements.<\/p>\n<p class=\"ai-optimize-40\"><strong>AT-K-M is available with thread<\/strong>: M5 x 0.5, M8 x 1.0, M12 x 1.0, M12 x 1.5, M14 x 1.0, M16 x 1.5, 1\/8\u2033 and 1\/4\u2033 (AT-K-Z with Whitworth pipe thread according to ISO 227-1)<\/p>\n<hr \/>\n<p class=\"ai-optimize-41\"><strong>AT-M &amp; AT-K-M(Z)<\/strong> are compatible with:<\/p>\n<p class=\"ai-optimize-42\"><a href=\"https:\/\/c-profil.se\/english\/product-category\/cable-glands-for-cables-with-connectors\/\">Cable glands for cables with connectors<\/a><\/p>\n<p class=\"ai-optimize-43\"><a href=\"https:\/\/c-profil.se\/english\/product-category\/cable-entry-systems-for-cables-with-connectors\/\">Cable entry systems for cables with connectors<\/a><\/p>\n<hr \/>\n<p class=\"ai-optimize-45\"><strong>Advantages:<\/strong><\/p>\n<ul>\n<li class=\"ai-optimize-46\">Panel connectors and sockets can be integrated directly into the cable entry system<\/li>\n<li class=\"ai-optimize-47\">Separate cut-outs for connectors are no longer necessary<\/li>\n<li class=\"ai-optimize-48\">Space-saving design<\/li>\n<\/ul>\n<p>&nbsp;<\/p>","protected":false},"featured_media":51000,"template":"","meta":{"_acf_changed":false},"product_brand":[740],"product_cat":[304,305],"product_tag":[953,992,938,1005,939],"class_list":{"0":"post-38721","1":"product","2":"type-product","3":"status-publish","4":"has-post-thumbnail","6":"product_brand-icotek","7":"product_cat-kabelforskruvningar-for-kablar-med-kontakt","8":"product_cat-kabelgenomforingssystem-for-kablar-med-kontakt","9":"product_tag-eftermontering","10":"product_tag-kabelgenomforing","11":"product_tag-kabelinforing","12":"product_tag-platbearbetning","13":"product_tag-tatning","15":"first","16":"instock","17":"shipping-taxable","18":"product-type-simple"},"acf":[],"yoast_head":"<!-- This site is optimized with the Yoast SEO Premium plugin v27.5 (Yoast SEO v27.5) - https:\/\/yoast.com\/product\/yoast-seo-premium-wordpress\/ -->\n<title>Adapterinsatser | AT-M \/ AT-K-M \/ AT-K-Z - C-Pro<\/title>\n<meta name=\"description\" content=\"Adapterinsatser \/ AT-M | AT-K-M \u00e4r en genomf\u00f6ringsadapter (baserad p\u00e5 stora KT-genomf\u00f6ringen) med integrerade metriska g\u00e4ngor. L\u00e4s Mer!\" \/>\n<meta name=\"robots\" content=\"index, follow, max-snippet:-1, max-image-preview:large, max-video-preview:-1\" \/>\n<link rel=\"canonical\" href=\"https:\/\/c-profil.se\/english\/product\/adapter-grommets-at-m-at-k-m\/\" \/>\n<meta property=\"og:locale\" content=\"en_US\" \/>\n<meta property=\"og:type\" content=\"article\" \/>\n<meta property=\"og:title\" content=\"Adapterinsatser | AT-M \/ AT-K-M \/ AT-K-Z - C-Pro\" \/>\n<meta property=\"og:description\" content=\"\u00a0Adapterinsatser \/ AT-M \u00e4r en genomf\u00f6ringsadapter IMAS-CONNECT\u2122 (baserad p\u00e5 stora KT-genomf\u00f6ringen) med integrerade metriska g\u00e4ngor, l\u00e4mpliga f\u00f6r delade kabelgenomf\u00f6ringsramar KEL. AT-M \u00e4r gjorda av elastomer med en polyamidkropp. AT-M \u00e4r idealisk f\u00f6r att skapa ett gr\u00e4nssnitt f\u00f6r signal-, data-, effekt- eller hybridkontakt genom att helt enkelt skruva in dem i AT-M-g\u00e4ngan. Tryckkompensationselement eller slangf\u00f6rskruvningar upp till M25 x 1,5 kan ocks\u00e5 skruvas in i AT-M. AT-M finns med g\u00e4nga: M12 x 1.0, M16 x 1.5, M20 x 1.5 och M25 x 1.5    icotek erbjuder ocks\u00e5 skruvpluggar f\u00f6r storlekarna M16, M20 och M25 f\u00f6r att st\u00e4nga den metriska inre g\u00e4ngan AT-M.    Adapterinsatser \/ AT-K-M(Z) En genomf\u00f6ringsadapter (baserad p\u00e5 sm\u00e5 KT-genomf\u00f6ringar) med integrerade metriska g\u00e4ngor, l\u00e4mpliga f\u00f6r delade kabelgenomf\u00f6ringsramar. AT-K-M \u00e4r gjorda av elastomer med en nickelpl\u00e4terad m\u00e4ssingskropp. Genom att anv\u00e4nda AT-K-M kan flera anslutningar s\u00e4ttas in direkt i kabelgenomf\u00f6ringsramen, t.ex. pneumatiska anslutningar M12 x 1,0, metriska anslutningar och tryckkompensationselement. AT-K-M finns med g\u00e4nga: M5 x 0,5, M8 x 1,0, M12 x 1,0, M12 x 1,5, M14 x 1.0, M16 x 1.5, 1\/8&quot; och 1\/4&quot; (AT-K-Z med Whitworth-r\u00f6rg\u00e4nga enligt ISO 227-1)    AT-M &amp; AT-K-M(Z) \u00e4r kompatibla med: Kabelf\u00f6rskruvningar f\u00f6r kablar med kontakt Kabelgenomf\u00f6ringssystem f\u00f6r kablar med kontakt    F\u00f6rdelar:    Genom att anv\u00e4nda genomf\u00f6ringar kan panelanslutningar och uttag integreras direkt i kabelgenomf\u00f6ringssystemet  Separat h\u00e5ltagning i h\u00f6ljets v\u00e4gg \u00e4r inte n\u00f6dv\u00e4ndigt  Platsbesparande design  &nbsp;\" \/>\n<meta property=\"og:url\" content=\"https:\/\/c-profil.se\/english\/product\/adapter-grommets-at-m-at-k-m\/\" \/>\n<meta property=\"og:site_name\" content=\"C-Pro\" \/>\n<meta property=\"article:publisher\" content=\"https:\/\/www.facebook.com\/people\/C-Pro\/61561767306874\/\" \/>\n<meta property=\"article:modified_time\" content=\"2026-03-19T14:09:59+00:00\" \/>\n<meta property=\"og:image\" content=\"https:\/\/c-profil.se\/wp-content\/uploads\/2023\/09\/Genomforingsadapter-AT-M-AT-K-M.jpg\" \/>\n\t<meta property=\"og:image:width\" content=\"1000\" \/>\n\t<meta property=\"og:image:height\" content=\"1000\" \/>\n\t<meta property=\"og:image:type\" content=\"image\/jpeg\" \/>\n<meta name=\"twitter:card\" content=\"summary_large_image\" \/>\n<meta name=\"twitter:label1\" content=\"Price\" \/>\n\t<meta name=\"twitter:data1\" content=\"\" \/>\n\t<meta name=\"twitter:label2\" content=\"Availability\" \/>\n\t<meta name=\"twitter:data2\" content=\"In stock\" \/>\n<script type=\"application\/ld+json\" class=\"yoast-schema-graph\">{\"@context\":\"https:\\\/\\\/schema.org\",\"@graph\":[{\"@type\":\"WebPage\",\"@id\":\"https:\\\/\\\/c-profil.se\\\/produkt\\\/adapterinsatser-at-m-at-k-m\\\/\",\"url\":\"https:\\\/\\\/c-profil.se\\\/produkt\\\/adapterinsatser-at-m-at-k-m\\\/\",\"name\":\"Adapterinsatser | AT-M \\\/ AT-K-M \\\/ AT-K-Z - C-Pro\",\"isPartOf\":{\"@id\":\"https:\\\/\\\/c-profil.se\\\/#website\"},\"primaryImageOfPage\":{\"@id\":\"https:\\\/\\\/c-profil.se\\\/produkt\\\/adapterinsatser-at-m-at-k-m\\\/#primaryimage\"},\"image\":{\"@id\":\"https:\\\/\\\/c-profil.se\\\/produkt\\\/adapterinsatser-at-m-at-k-m\\\/#primaryimage\"},\"thumbnailUrl\":\"https:\\\/\\\/c-profil.se\\\/wp-content\\\/uploads\\\/2023\\\/09\\\/Genomforingsadapter-AT-M-AT-K-M.jpg\",\"datePublished\":\"2023-09-21T11:51:00+00:00\",\"dateModified\":\"2026-03-19T14:09:59+00:00\",\"description\":\"Adapterinsatser \\\/ AT-M | AT-K-M \u00e4r en genomf\u00f6ringsadapter (baserad p\u00e5 stora KT-genomf\u00f6ringen) med integrerade metriska g\u00e4ngor. L\u00e4s Mer!\",\"breadcrumb\":{\"@id\":\"https:\\\/\\\/c-profil.se\\\/produkt\\\/adapterinsatser-at-m-at-k-m\\\/#breadcrumb\"},\"inLanguage\":\"en\",\"potentialAction\":[{\"@type\":\"ReadAction\",\"target\":[\"https:\\\/\\\/c-profil.se\\\/produkt\\\/adapterinsatser-at-m-at-k-m\\\/\"]}]},{\"@type\":\"ImageObject\",\"inLanguage\":\"en\",\"@id\":\"https:\\\/\\\/c-profil.se\\\/produkt\\\/adapterinsatser-at-m-at-k-m\\\/#primaryimage\",\"url\":\"https:\\\/\\\/c-profil.se\\\/wp-content\\\/uploads\\\/2023\\\/09\\\/Genomforingsadapter-AT-M-AT-K-M.jpg\",\"contentUrl\":\"https:\\\/\\\/c-profil.se\\\/wp-content\\\/uploads\\\/2023\\\/09\\\/Genomforingsadapter-AT-M-AT-K-M.jpg\",\"width\":1000,\"height\":1000,\"caption\":\"Genomf\u00f6ringsadapter AT-M AT-K-M\"},{\"@type\":\"BreadcrumbList\",\"@id\":\"https:\\\/\\\/c-profil.se\\\/produkt\\\/adapterinsatser-at-m-at-k-m\\\/#breadcrumb\",\"itemListElement\":[{\"@type\":\"ListItem\",\"position\":1,\"name\":\"Hem\",\"item\":\"https:\\\/\\\/c-profil.se\\\/\"},{\"@type\":\"ListItem\",\"position\":2,\"name\":\"Produkter\",\"item\":\"https:\\\/\\\/c-profil.se\\\/produkter\\\/\"},{\"@type\":\"ListItem\",\"position\":3,\"name\":\"Kabelf\u00f6rskruvningar f\u00f6r kablar med kontakt\",\"item\":\"https:\\\/\\\/c-profil.se\\\/produkt-kategori\\\/kabelforskruvningar-for-kablar-med-kontakt\\\/\"},{\"@type\":\"ListItem\",\"position\":4,\"name\":\"Adapterinsatser | AT-M \\\/ AT-K-M \\\/ AT-K-Z\"}]},{\"@type\":\"WebSite\",\"@id\":\"https:\\\/\\\/c-profil.se\\\/#website\",\"url\":\"https:\\\/\\\/c-profil.se\\\/\",\"name\":\"C-Pro\",\"description\":\"Produkter f\u00f6r El och Automation\",\"publisher\":{\"@id\":\"https:\\\/\\\/c-profil.se\\\/#organization\"},\"potentialAction\":[{\"@type\":\"SearchAction\",\"target\":{\"@type\":\"EntryPoint\",\"urlTemplate\":\"https:\\\/\\\/c-profil.se\\\/?s={search_term_string}\"},\"query-input\":{\"@type\":\"PropertyValueSpecification\",\"valueRequired\":true,\"valueName\":\"search_term_string\"}}],\"inLanguage\":\"en\"},{\"@type\":\"Organization\",\"@id\":\"https:\\\/\\\/c-profil.se\\\/#organization\",\"name\":\"C-Pro\",\"alternateName\":\"C-PRO\",\"url\":\"https:\\\/\\\/c-profil.se\\\/\",\"logo\":{\"@type\":\"ImageObject\",\"inLanguage\":\"en\",\"@id\":\"https:\\\/\\\/c-profil.se\\\/#\\\/schema\\\/logo\\\/image\\\/\",\"url\":\"https:\\\/\\\/c-profil.se\\\/wp-content\\\/uploads\\\/2022\\\/03\\\/c-pro-logga-liggande-500x500-1.png\",\"contentUrl\":\"https:\\\/\\\/c-profil.se\\\/wp-content\\\/uploads\\\/2022\\\/03\\\/c-pro-logga-liggande-500x500-1.png\",\"width\":500,\"height\":500,\"caption\":\"C-Pro\"},\"image\":{\"@id\":\"https:\\\/\\\/c-profil.se\\\/#\\\/schema\\\/logo\\\/image\\\/\"},\"sameAs\":[\"https:\\\/\\\/www.facebook.com\\\/people\\\/C-Pro\\\/61561767306874\\\/\",\"https:\\\/\\\/www.linkedin.com\\\/company\\\/c-pro-ab\",\"https:\\\/\\\/www.instagram.com\\\/cpro.ab\\\/\"],\"description\":\"C-PRO AB \u00e4r en helt\u00e4ckande leverant\u00f6r av material f\u00f6r applikationer inom el och automation. \u00c4nda sedan starten 1987 har vi f\u00f6rsett den svenska tillverkande industrin med elmaterial. Trots v\u00e5r storlek och ledande position har vi aldrig \u00f6vergett v\u00e5r grundfilosofi, att vara en personlig leverant\u00f6r. Vi p\u00e5 C-PRO \u00e4r l\u00e4tta att komma i kontakt med, \u00e4rliga och brinner f\u00f6r att l\u00f6sa v\u00e5ra kunders problem.\",\"email\":\"info@c-profil.se\",\"telephone\":\"031575785\",\"legalName\":\"C-Profil F\u00f6rl\u00e4ggningsmaterial AB\",\"foundingDate\":\"1987-01-01\"}]}<\/script>\n<meta property=\"product:brand\" content=\"eftermontering\" \/>\n<meta property=\"product:price:currency\" content=\"SEK\" \/>\n<meta property=\"og:availability\" content=\"instock\" \/>\n<meta property=\"product:availability\" content=\"instock\" \/>\n<meta property=\"product:retailer_item_id\" content=\"AT-M \/ AT-K-M \/ AT-K-Z\" \/>\n<meta property=\"product:condition\" content=\"new\" \/>\n<!-- \/ Yoast SEO Premium plugin. -->","yoast_head_json":{"title":"Adapter Inserts | AT-M \/ AT-KM \/ AT-KZ - C-Pro","description":"Adapter grommets \/ AT-M | AT-K-M is a grommet adapter (based on the large KT grommet) with integral metric threads. Read More!","robots":{"index":"index","follow":"follow","max-snippet":"max-snippet:-1","max-image-preview":"max-image-preview:large","max-video-preview":"max-video-preview:-1"},"canonical":"https:\/\/c-profil.se\/english\/product\/adapter-grommets-at-m-at-k-m\/","og_locale":"en_US","og_type":"article","og_title":"Adapterinsatser | AT-M \/ AT-K-M \/ AT-K-Z - C-Pro","og_description":"\u00a0Adapterinsatser \/ AT-M \u00e4r en genomf\u00f6ringsadapter IMAS-CONNECT\u2122 (baserad p\u00e5 stora KT-genomf\u00f6ringen) med integrerade metriska g\u00e4ngor, l\u00e4mpliga f\u00f6r delade kabelgenomf\u00f6ringsramar KEL. AT-M \u00e4r gjorda av elastomer med en polyamidkropp. AT-M \u00e4r idealisk f\u00f6r att skapa ett gr\u00e4nssnitt f\u00f6r signal-, data-, effekt- eller hybridkontakt genom att helt enkelt skruva in dem i AT-M-g\u00e4ngan. Tryckkompensationselement eller slangf\u00f6rskruvningar upp till M25 x 1,5 kan ocks\u00e5 skruvas in i AT-M. AT-M finns med g\u00e4nga: M12 x 1.0, M16 x 1.5, M20 x 1.5 och M25 x 1.5    icotek erbjuder ocks\u00e5 skruvpluggar f\u00f6r storlekarna M16, M20 och M25 f\u00f6r att st\u00e4nga den metriska inre g\u00e4ngan AT-M.    Adapterinsatser \/ AT-K-M(Z) En genomf\u00f6ringsadapter (baserad p\u00e5 sm\u00e5 KT-genomf\u00f6ringar) med integrerade metriska g\u00e4ngor, l\u00e4mpliga f\u00f6r delade kabelgenomf\u00f6ringsramar. AT-K-M \u00e4r gjorda av elastomer med en nickelpl\u00e4terad m\u00e4ssingskropp. Genom att anv\u00e4nda AT-K-M kan flera anslutningar s\u00e4ttas in direkt i kabelgenomf\u00f6ringsramen, t.ex. pneumatiska anslutningar M12 x 1,0, metriska anslutningar och tryckkompensationselement. AT-K-M finns med g\u00e4nga: M5 x 0,5, M8 x 1,0, M12 x 1,0, M12 x 1,5, M14 x 1.0, M16 x 1.5, 1\/8\" och 1\/4\" (AT-K-Z med Whitworth-r\u00f6rg\u00e4nga enligt ISO 227-1)    AT-M &amp; AT-K-M(Z) \u00e4r kompatibla med: Kabelf\u00f6rskruvningar f\u00f6r kablar med kontakt Kabelgenomf\u00f6ringssystem f\u00f6r kablar med kontakt    F\u00f6rdelar:    Genom att anv\u00e4nda genomf\u00f6ringar kan panelanslutningar och uttag integreras direkt i kabelgenomf\u00f6ringssystemet  Separat h\u00e5ltagning i h\u00f6ljets v\u00e4gg \u00e4r inte n\u00f6dv\u00e4ndigt  Platsbesparande design  &nbsp;","og_url":"https:\/\/c-profil.se\/english\/product\/adapter-grommets-at-m-at-k-m\/","og_site_name":"C-Pro","article_publisher":"https:\/\/www.facebook.com\/people\/C-Pro\/61561767306874\/","article_modified_time":"2026-03-19T14:09:59+00:00","og_image":[{"width":1000,"height":1000,"url":"https:\/\/c-profil.se\/wp-content\/uploads\/2023\/09\/Genomforingsadapter-AT-M-AT-K-M.jpg","type":"image\/jpeg"}],"twitter_card":"summary_large_image","twitter_misc":{"Price":"","Availability":"In stock"},"schema":{"@context":"https:\/\/schema.org","@graph":[{"@type":"WebPage","@id":"https:\/\/c-profil.se\/produkt\/adapterinsatser-at-m-at-k-m\/","url":"https:\/\/c-profil.se\/produkt\/adapterinsatser-at-m-at-k-m\/","name":"Adapter Inserts | AT-M \/ AT-KM \/ AT-KZ - C-Pro","isPartOf":{"@id":"https:\/\/c-profil.se\/#website"},"primaryImageOfPage":{"@id":"https:\/\/c-profil.se\/produkt\/adapterinsatser-at-m-at-k-m\/#primaryimage"},"image":{"@id":"https:\/\/c-profil.se\/produkt\/adapterinsatser-at-m-at-k-m\/#primaryimage"},"thumbnailUrl":"https:\/\/c-profil.se\/wp-content\/uploads\/2023\/09\/Genomforingsadapter-AT-M-AT-K-M.jpg","datePublished":"2023-09-21T11:51:00+00:00","dateModified":"2026-03-19T14:09:59+00:00","description":"Adapter grommets \/ AT-M | AT-K-M is a grommet adapter (based on the large KT grommet) with integral metric threads. Read More!","breadcrumb":{"@id":"https:\/\/c-profil.se\/produkt\/adapterinsatser-at-m-at-k-m\/#breadcrumb"},"inLanguage":"en","potentialAction":[{"@type":"ReadAction","target":["https:\/\/c-profil.se\/produkt\/adapterinsatser-at-m-at-k-m\/"]}]},{"@type":"ImageObject","inLanguage":"en","@id":"https:\/\/c-profil.se\/produkt\/adapterinsatser-at-m-at-k-m\/#primaryimage","url":"https:\/\/c-profil.se\/wp-content\/uploads\/2023\/09\/Genomforingsadapter-AT-M-AT-K-M.jpg","contentUrl":"https:\/\/c-profil.se\/wp-content\/uploads\/2023\/09\/Genomforingsadapter-AT-M-AT-K-M.jpg","width":1000,"height":1000,"caption":"Genomf\u00f6ringsadapter AT-M AT-K-M"},{"@type":"BreadcrumbList","@id":"https:\/\/c-profil.se\/produkt\/adapterinsatser-at-m-at-k-m\/#breadcrumb","itemListElement":[{"@type":"ListItem","position":1,"name":"Hem","item":"https:\/\/c-profil.se\/"},{"@type":"ListItem","position":2,"name":"Produkter","item":"https:\/\/c-profil.se\/produkter\/"},{"@type":"ListItem","position":3,"name":"Kabelf\u00f6rskruvningar f\u00f6r kablar med kontakt","item":"https:\/\/c-profil.se\/produkt-kategori\/kabelforskruvningar-for-kablar-med-kontakt\/"},{"@type":"ListItem","position":4,"name":"Adapterinsatser | AT-M \/ AT-K-M \/ AT-K-Z"}]},{"@type":"WebSite","@id":"https:\/\/c-profil.se\/#website","url":"https:\/\/c-profil.se\/","name":"C-Pro","description":"Products for Electricity and Automation","publisher":{"@id":"https:\/\/c-profil.se\/#organization"},"potentialAction":[{"@type":"SearchAction","target":{"@type":"EntryPoint","urlTemplate":"https:\/\/c-profil.se\/?s={search_term_string}"},"query-input":{"@type":"PropertyValueSpecification","valueRequired":true,"valueName":"search_term_string"}}],"inLanguage":"en"},{"@type":"Organization","@id":"https:\/\/c-profil.se\/#organization","name":"C-Pro","alternateName":"C-PRO","url":"https:\/\/c-profil.se\/","logo":{"@type":"ImageObject","inLanguage":"en","@id":"https:\/\/c-profil.se\/#\/schema\/logo\/image\/","url":"https:\/\/c-profil.se\/wp-content\/uploads\/2022\/03\/c-pro-logga-liggande-500x500-1.png","contentUrl":"https:\/\/c-profil.se\/wp-content\/uploads\/2022\/03\/c-pro-logga-liggande-500x500-1.png","width":500,"height":500,"caption":"C-Pro"},"image":{"@id":"https:\/\/c-profil.se\/#\/schema\/logo\/image\/"},"sameAs":["https:\/\/www.facebook.com\/people\/C-Pro\/61561767306874\/","https:\/\/www.linkedin.com\/company\/c-pro-ab","https:\/\/www.instagram.com\/cpro.ab\/"],"description":"C-PRO AB is a comprehensive supplier of materials for applications in electricity and automation. Ever since the start in 1987, we have supplied the Swedish manufacturing industry with electrical materials. Despite our size and leading position, we have never abandoned our basic philosophy, to be a personal supplier. We at C-PRO are easy to get in touch with, honest and passionate about solving our customers&#039; problems.","email":"info@c-profil.se","telephone":"031575785","legalName":"C-Profil F\u00f6rl\u00e4ggningsmaterial AB","foundingDate":"1987-01-01"}]},"product_brand":"eftermontering","product_price_currency":"SEK","og_availability":"instock","product_availability":"instock","product_retailer_item_id":"AT-M \/ AT-K-M \/ AT-K-Z","product_condition":"new"},"_links":{"self":[{"href":"https:\/\/c-profil.se\/english\/wp-json\/wp\/v2\/product\/38721","targetHints":{"allow":["GET"]}}],"collection":[{"href":"https:\/\/c-profil.se\/english\/wp-json\/wp\/v2\/product"}],"about":[{"href":"https:\/\/c-profil.se\/english\/wp-json\/wp\/v2\/types\/product"}],"version-history":[{"count":11,"href":"https:\/\/c-profil.se\/english\/wp-json\/wp\/v2\/product\/38721\/revisions"}],"predecessor-version":[{"id":74273,"href":"https:\/\/c-profil.se\/english\/wp-json\/wp\/v2\/product\/38721\/revisions\/74273"}],"wp:featuredmedia":[{"embeddable":true,"href":"https:\/\/c-profil.se\/english\/wp-json\/wp\/v2\/media\/51000"}],"wp:attachment":[{"href":"https:\/\/c-profil.se\/english\/wp-json\/wp\/v2\/media?parent=38721"}],"wp:term":[{"taxonomy":"product_brand","embeddable":true,"href":"https:\/\/c-profil.se\/english\/wp-json\/wp\/v2\/product_brand?post=38721"},{"taxonomy":"product_cat","embeddable":true,"href":"https:\/\/c-profil.se\/english\/wp-json\/wp\/v2\/product_cat?post=38721"},{"taxonomy":"product_tag","embeddable":true,"href":"https:\/\/c-profil.se\/english\/wp-json\/wp\/v2\/product_tag?post=38721"}],"curies":[{"name":"wp","href":"https:\/\/api.w.org\/{rel}","templated":true}]}}