{"id":34706,"date":"2023-02-10T12:48:00","date_gmt":"2023-02-10T11:48:00","guid":{"rendered":"https:\/\/c-profil.se\/?post_type=product&#038;p=34706"},"modified":"2026-03-18T15:55:17","modified_gmt":"2026-03-18T14:55:17","slug":"color-2","status":"publish","type":"product","link":"https:\/\/c-profil.se\/english\/produkt\/farg\/","title":{"rendered":"Color"},"content":{"rendered":"<p>Color \u2013 Customize your plastic enclosure. When we use customer-specific paint, the material can be used and processed as usual. We color our products as varied as our customers' requirements.<\/p>\n<p><strong>Special colors for plastic enclosures<\/strong><\/p>\n<p>Within our own plastic injection production, we manufacture all molded parts from our own tools. For special colors, we either use already dyed base materials or we dye natural materials by adding highly concentrated dye bundles. In both cases, we color the material completely and you use the casing and process as usual. Depending on the size, a special coloring is possible from an amount of 500 and above.<\/p>\n<p><strong>Special colors for aluminum casings<\/strong><\/p>\n<p>We produce special aluminum colors depending on order quantity and customer specifications.<\/p>\n<ul>\n<li>Powder or Wet paint coatings.<\/li>\n<\/ul>\n<p><strong>Powder coating<\/strong><\/p>\n<p>Multi-Box uses an electrostatic powder coating process. The electrically charged powder particles adhere to the containment surface and are baked at approx. 220 \u00b0 C in a continuous oven. The pre-treatment is chrome-free passivation, which significantly increases corrosion protection. Our high-quality polyester powders are UV-stable and available in various colors, textures and gloss levels.<\/p>\n<p><strong>Wet color<\/strong><\/p>\n<p>Especially for smaller series up to 50 parts, we offer special paints in wet paint based on water or solvent. Through the use of well-known paint manufacturers, we achieve good corrosion protection with this coating. Upon request and with special reference to the railway and marine technology, where target systems are prescribed, the casing can also be pre-treated with a special primer. In these cases, we ask you to send the specifications.<\/p>\n<p>When requesting special colors, specify the texture, gloss and color screen in accordance with RAL, HKS or Pantone<\/p>\n<h4>The benefits are obvious:<\/h4>\n<p><strong>In principle, all our standard enclosures are available in special colors.<\/strong><\/p>\n<ul>\n<li>Implementing your company's identity<\/li>\n<li>Color adaptation of the enclosure to the installation area<\/li>\n<li>Conversion of signal colors for product marking<\/li>\n<li>Unlike other products in standard colors<\/li>\n<\/ul>","protected":false},"excerpt":{"rendered":"<p>Color \u2013 Customize your plastic enclosure. When we use customer-specific paint, the material can be used and processed as usual. We color our products as varied as our customers' requirements.<\/p>\n<p><strong>Special colors for plastic enclosures<\/strong><\/p>\n<p>Within our own plastic injection production, we manufacture all molded parts from our own tools. For special colors, we either use already dyed base materials or we dye natural materials by adding highly concentrated dye bundles. In both cases, we color the material completely and you use the casing and process as usual. Depending on the size, a special coloring is possible from an amount of 500 and above.<\/p>\n<p><strong>Special colors for aluminum casings<\/strong><\/p>\n<p>We produce special aluminum colors depending on order quantity and customer specifications.<\/p>\n<ul>\n<li>Powder or Wet paint coatings.<\/li>\n<\/ul>\n<p><strong>Powder coating<\/strong><\/p>\n<p>Multi-Box uses an electrostatic powder coating process. The electrically charged powder particles adhere to the containment surface and are baked at approx. 220 \u00b0 C in a continuous oven. The pre-treatment is chrome-free passivation, which significantly increases corrosion protection. Our high-quality polyester powders are UV-stable and available in various colors, textures and gloss levels.<\/p>\n<p><strong>Wet color<\/strong><\/p>\n<p>Especially for smaller series up to 50 parts, we offer special paints in wet paint based on water or solvent. Through the use of well-known paint manufacturers, we achieve good corrosion protection with this coating. Upon request and with special reference to the railway and marine technology, where target systems are prescribed, the casing can also be pre-treated with a special primer. In these cases, we ask you to send the specifications.<\/p>\n<p>When requesting special colors, specify the texture, gloss and color screen in accordance with RAL, HKS or Pantone<\/p>\n<h4>The benefits are obvious:<\/h4>\n<p><strong>In principle, all our standard enclosures are available in special colors.<\/strong><\/p>\n<ul>\n<li>Implementing your company's identity<\/li>\n<li>Color adaptation of the enclosure to the installation area<\/li>\n<li>Conversion of signal colors for product marking<\/li>\n<li>Unlike other products in standard colors<\/li>\n<\/ul>","protected":false},"featured_media":45418,"template":"","meta":{"_acf_changed":false},"product_brand":[743],"product_cat":[269],"product_tag":[995,990,997],"class_list":{"0":"post-34706","1":"product","2":"type-product","3":"status-publish","4":"has-post-thumbnail","6":"product_brand-multi-box","7":"product_cat-kapslingar-i-plast","8":"product_tag-anpassning","9":"product_tag-kapsling","10":"product_tag-ytbehandling","12":"first","13":"instock","14":"shipping-taxable","15":"product-type-simple"},"acf":[],"yoast_head":"<!-- This site is optimized with the Yoast SEO Premium plugin v27.5 (Yoast SEO v27.5) - https:\/\/yoast.com\/product\/yoast-seo-premium-wordpress\/ -->\n<title>F\u00e4rg - Anpassa din plastkapsling: Skapa din unika design - C-Pro<\/title>\n<meta name=\"description\" content=\"F\u00e4rg - Anpassa din plastkapsling. Vid kundspecifik f\u00e4rg kan materialet anv\u00e4ndas och bearbetas som vanligt. Vi f\u00e4rgar din kapsling. L\u00e4s Mer!\" \/>\n<meta name=\"robots\" content=\"index, follow, max-snippet:-1, max-image-preview:large, max-video-preview:-1\" \/>\n<link rel=\"canonical\" href=\"https:\/\/c-profil.se\/english\/product\/color-2\/\" \/>\n<meta property=\"og:locale\" content=\"en_US\" \/>\n<meta property=\"og:type\" content=\"article\" \/>\n<meta property=\"og:title\" content=\"F\u00e4rg - C-Pro\" \/>\n<meta property=\"og:url\" content=\"https:\/\/c-profil.se\/english\/product\/color-2\/\" \/>\n<meta property=\"og:site_name\" content=\"C-Pro\" \/>\n<meta property=\"article:publisher\" content=\"https:\/\/www.facebook.com\/people\/C-Pro\/61561767306874\/\" \/>\n<meta property=\"article:modified_time\" content=\"2026-03-18T14:55:17+00:00\" \/>\n<meta property=\"og:image\" content=\"https:\/\/c-profil.se\/wp-content\/uploads\/2023\/02\/Farg-1.jpg\" \/>\n\t<meta property=\"og:image:width\" content=\"1000\" \/>\n\t<meta property=\"og:image:height\" content=\"1000\" \/>\n\t<meta property=\"og:image:type\" content=\"image\/jpeg\" \/>\n<meta name=\"twitter:card\" content=\"summary_large_image\" \/>\n<meta name=\"twitter:label1\" content=\"Price\" \/>\n\t<meta name=\"twitter:data1\" content=\"\" \/>\n\t<meta name=\"twitter:label2\" content=\"Availability\" \/>\n\t<meta name=\"twitter:data2\" content=\"In stock\" \/>\n<script type=\"application\/ld+json\" class=\"yoast-schema-graph\">{\"@context\":\"https:\\\/\\\/schema.org\",\"@graph\":[{\"@type\":\"WebPage\",\"@id\":\"https:\\\/\\\/c-profil.se\\\/produkt\\\/farg\\\/\",\"url\":\"https:\\\/\\\/c-profil.se\\\/produkt\\\/farg\\\/\",\"name\":\"F\u00e4rg - Anpassa din plastkapsling: Skapa din unika design - C-Pro\",\"isPartOf\":{\"@id\":\"https:\\\/\\\/c-profil.se\\\/#website\"},\"primaryImageOfPage\":{\"@id\":\"https:\\\/\\\/c-profil.se\\\/produkt\\\/farg\\\/#primaryimage\"},\"image\":{\"@id\":\"https:\\\/\\\/c-profil.se\\\/produkt\\\/farg\\\/#primaryimage\"},\"thumbnailUrl\":\"https:\\\/\\\/c-profil.se\\\/wp-content\\\/uploads\\\/2023\\\/02\\\/Farg-1.jpg\",\"datePublished\":\"2023-02-10T11:48:00+00:00\",\"dateModified\":\"2026-03-18T14:55:17+00:00\",\"description\":\"F\u00e4rg - Anpassa din plastkapsling. Vid kundspecifik f\u00e4rg kan materialet anv\u00e4ndas och bearbetas som vanligt. Vi f\u00e4rgar din kapsling. L\u00e4s Mer!\",\"breadcrumb\":{\"@id\":\"https:\\\/\\\/c-profil.se\\\/produkt\\\/farg\\\/#breadcrumb\"},\"inLanguage\":\"en\",\"potentialAction\":[{\"@type\":\"ReadAction\",\"target\":[\"https:\\\/\\\/c-profil.se\\\/produkt\\\/farg\\\/\"]}]},{\"@type\":\"ImageObject\",\"inLanguage\":\"en\",\"@id\":\"https:\\\/\\\/c-profil.se\\\/produkt\\\/farg\\\/#primaryimage\",\"url\":\"https:\\\/\\\/c-profil.se\\\/wp-content\\\/uploads\\\/2023\\\/02\\\/Farg-1.jpg\",\"contentUrl\":\"https:\\\/\\\/c-profil.se\\\/wp-content\\\/uploads\\\/2023\\\/02\\\/Farg-1.jpg\",\"width\":1000,\"height\":1000,\"caption\":\"F\u00e4rg - Anpassa din plastkapsling\"},{\"@type\":\"BreadcrumbList\",\"@id\":\"https:\\\/\\\/c-profil.se\\\/produkt\\\/farg\\\/#breadcrumb\",\"itemListElement\":[{\"@type\":\"ListItem\",\"position\":1,\"name\":\"Hem\",\"item\":\"https:\\\/\\\/c-profil.se\\\/\"},{\"@type\":\"ListItem\",\"position\":2,\"name\":\"Produkter\",\"item\":\"https:\\\/\\\/c-profil.se\\\/produkter\\\/\"},{\"@type\":\"ListItem\",\"position\":3,\"name\":\"Kapslingar i plast\",\"item\":\"https:\\\/\\\/c-profil.se\\\/produkt-kategori\\\/kapslingar-i-plast\\\/\"},{\"@type\":\"ListItem\",\"position\":4,\"name\":\"F\u00e4rg\"}]},{\"@type\":\"WebSite\",\"@id\":\"https:\\\/\\\/c-profil.se\\\/#website\",\"url\":\"https:\\\/\\\/c-profil.se\\\/\",\"name\":\"C-Pro\",\"description\":\"Produkter f\u00f6r El och Automation\",\"publisher\":{\"@id\":\"https:\\\/\\\/c-profil.se\\\/#organization\"},\"potentialAction\":[{\"@type\":\"SearchAction\",\"target\":{\"@type\":\"EntryPoint\",\"urlTemplate\":\"https:\\\/\\\/c-profil.se\\\/?s={search_term_string}\"},\"query-input\":{\"@type\":\"PropertyValueSpecification\",\"valueRequired\":true,\"valueName\":\"search_term_string\"}}],\"inLanguage\":\"en\"},{\"@type\":\"Organization\",\"@id\":\"https:\\\/\\\/c-profil.se\\\/#organization\",\"name\":\"C-Pro\",\"alternateName\":\"C-PRO\",\"url\":\"https:\\\/\\\/c-profil.se\\\/\",\"logo\":{\"@type\":\"ImageObject\",\"inLanguage\":\"en\",\"@id\":\"https:\\\/\\\/c-profil.se\\\/#\\\/schema\\\/logo\\\/image\\\/\",\"url\":\"https:\\\/\\\/c-profil.se\\\/wp-content\\\/uploads\\\/2022\\\/03\\\/c-pro-logga-liggande-500x500-1.png\",\"contentUrl\":\"https:\\\/\\\/c-profil.se\\\/wp-content\\\/uploads\\\/2022\\\/03\\\/c-pro-logga-liggande-500x500-1.png\",\"width\":500,\"height\":500,\"caption\":\"C-Pro\"},\"image\":{\"@id\":\"https:\\\/\\\/c-profil.se\\\/#\\\/schema\\\/logo\\\/image\\\/\"},\"sameAs\":[\"https:\\\/\\\/www.facebook.com\\\/people\\\/C-Pro\\\/61561767306874\\\/\",\"https:\\\/\\\/www.linkedin.com\\\/company\\\/c-pro-ab\",\"https:\\\/\\\/www.instagram.com\\\/cpro.ab\\\/\"],\"description\":\"C-PRO AB \u00e4r en helt\u00e4ckande leverant\u00f6r av material f\u00f6r applikationer inom el och automation. \u00c4nda sedan starten 1987 har vi f\u00f6rsett den svenska tillverkande industrin med elmaterial. Trots v\u00e5r storlek och ledande position har vi aldrig \u00f6vergett v\u00e5r grundfilosofi, att vara en personlig leverant\u00f6r. Vi p\u00e5 C-PRO \u00e4r l\u00e4tta att komma i kontakt med, \u00e4rliga och brinner f\u00f6r att l\u00f6sa v\u00e5ra kunders problem.\",\"email\":\"info@c-profil.se\",\"telephone\":\"031575785\",\"legalName\":\"C-Profil F\u00f6rl\u00e4ggningsmaterial AB\",\"foundingDate\":\"1987-01-01\"}]}<\/script>\n<meta property=\"product:brand\" content=\"anpassning\" \/>\n<meta property=\"product:price:currency\" content=\"SEK\" \/>\n<meta property=\"og:availability\" content=\"instock\" \/>\n<meta property=\"product:availability\" content=\"instock\" \/>\n<meta property=\"product:retailer_item_id\" content=\"F\u00e4rg - Anpassa din plastkapsling\" \/>\n<meta property=\"product:condition\" content=\"new\" \/>\n<!-- \/ Yoast SEO Premium plugin. -->","yoast_head_json":{"title":"Color - Customize your plastic enclosure: Create your unique design - C-Pro","description":"Color - Customize your plastic enclosure. In the case of a customer-specific color, the material can be used and processed as usual. We color your casing. Read More!","robots":{"index":"index","follow":"follow","max-snippet":"max-snippet:-1","max-image-preview":"max-image-preview:large","max-video-preview":"max-video-preview:-1"},"canonical":"https:\/\/c-profil.se\/english\/product\/color-2\/","og_locale":"en_US","og_type":"article","og_title":"F\u00e4rg - C-Pro","og_url":"https:\/\/c-profil.se\/english\/product\/color-2\/","og_site_name":"C-Pro","article_publisher":"https:\/\/www.facebook.com\/people\/C-Pro\/61561767306874\/","article_modified_time":"2026-03-18T14:55:17+00:00","og_image":[{"width":1000,"height":1000,"url":"https:\/\/c-profil.se\/wp-content\/uploads\/2023\/02\/Farg-1.jpg","type":"image\/jpeg"}],"twitter_card":"summary_large_image","twitter_misc":{"Price":"","Availability":"In stock"},"schema":{"@context":"https:\/\/schema.org","@graph":[{"@type":"WebPage","@id":"https:\/\/c-profil.se\/produkt\/farg\/","url":"https:\/\/c-profil.se\/produkt\/farg\/","name":"Color - Customize your plastic enclosure: Create your unique design - C-Pro","isPartOf":{"@id":"https:\/\/c-profil.se\/#website"},"primaryImageOfPage":{"@id":"https:\/\/c-profil.se\/produkt\/farg\/#primaryimage"},"image":{"@id":"https:\/\/c-profil.se\/produkt\/farg\/#primaryimage"},"thumbnailUrl":"https:\/\/c-profil.se\/wp-content\/uploads\/2023\/02\/Farg-1.jpg","datePublished":"2023-02-10T11:48:00+00:00","dateModified":"2026-03-18T14:55:17+00:00","description":"Color - Customize your plastic enclosure. In the case of a customer-specific color, the material can be used and processed as usual. We color your casing. Read More!","breadcrumb":{"@id":"https:\/\/c-profil.se\/produkt\/farg\/#breadcrumb"},"inLanguage":"en","potentialAction":[{"@type":"ReadAction","target":["https:\/\/c-profil.se\/produkt\/farg\/"]}]},{"@type":"ImageObject","inLanguage":"en","@id":"https:\/\/c-profil.se\/produkt\/farg\/#primaryimage","url":"https:\/\/c-profil.se\/wp-content\/uploads\/2023\/02\/Farg-1.jpg","contentUrl":"https:\/\/c-profil.se\/wp-content\/uploads\/2023\/02\/Farg-1.jpg","width":1000,"height":1000,"caption":"F\u00e4rg - Anpassa din plastkapsling"},{"@type":"BreadcrumbList","@id":"https:\/\/c-profil.se\/produkt\/farg\/#breadcrumb","itemListElement":[{"@type":"ListItem","position":1,"name":"Hem","item":"https:\/\/c-profil.se\/"},{"@type":"ListItem","position":2,"name":"Produkter","item":"https:\/\/c-profil.se\/produkter\/"},{"@type":"ListItem","position":3,"name":"Kapslingar i plast","item":"https:\/\/c-profil.se\/produkt-kategori\/kapslingar-i-plast\/"},{"@type":"ListItem","position":4,"name":"F\u00e4rg"}]},{"@type":"WebSite","@id":"https:\/\/c-profil.se\/#website","url":"https:\/\/c-profil.se\/","name":"C-Pro","description":"Products for Electricity and Automation","publisher":{"@id":"https:\/\/c-profil.se\/#organization"},"potentialAction":[{"@type":"SearchAction","target":{"@type":"EntryPoint","urlTemplate":"https:\/\/c-profil.se\/?s={search_term_string}"},"query-input":{"@type":"PropertyValueSpecification","valueRequired":true,"valueName":"search_term_string"}}],"inLanguage":"en"},{"@type":"Organization","@id":"https:\/\/c-profil.se\/#organization","name":"C-Pro","alternateName":"C-PRO","url":"https:\/\/c-profil.se\/","logo":{"@type":"ImageObject","inLanguage":"en","@id":"https:\/\/c-profil.se\/#\/schema\/logo\/image\/","url":"https:\/\/c-profil.se\/wp-content\/uploads\/2022\/03\/c-pro-logga-liggande-500x500-1.png","contentUrl":"https:\/\/c-profil.se\/wp-content\/uploads\/2022\/03\/c-pro-logga-liggande-500x500-1.png","width":500,"height":500,"caption":"C-Pro"},"image":{"@id":"https:\/\/c-profil.se\/#\/schema\/logo\/image\/"},"sameAs":["https:\/\/www.facebook.com\/people\/C-Pro\/61561767306874\/","https:\/\/www.linkedin.com\/company\/c-pro-ab","https:\/\/www.instagram.com\/cpro.ab\/"],"description":"C-PRO AB is a comprehensive supplier of materials for applications in electricity and automation. Ever since the start in 1987, we have supplied the Swedish manufacturing industry with electrical materials. Despite our size and leading position, we have never abandoned our basic philosophy, to be a personal supplier. We at C-PRO are easy to get in touch with, honest and passionate about solving our customers&#039; problems.","email":"info@c-profil.se","telephone":"031575785","legalName":"C-Profil F\u00f6rl\u00e4ggningsmaterial AB","foundingDate":"1987-01-01"}]},"product_brand":"anpassning","product_price_currency":"SEK","og_availability":"instock","product_availability":"instock","product_retailer_item_id":"F\u00e4rg - Anpassa din plastkapsling","product_condition":"new"},"_links":{"self":[{"href":"https:\/\/c-profil.se\/english\/wp-json\/wp\/v2\/product\/34706","targetHints":{"allow":["GET"]}}],"collection":[{"href":"https:\/\/c-profil.se\/english\/wp-json\/wp\/v2\/product"}],"about":[{"href":"https:\/\/c-profil.se\/english\/wp-json\/wp\/v2\/types\/product"}],"version-history":[{"count":4,"href":"https:\/\/c-profil.se\/english\/wp-json\/wp\/v2\/product\/34706\/revisions"}],"predecessor-version":[{"id":74564,"href":"https:\/\/c-profil.se\/english\/wp-json\/wp\/v2\/product\/34706\/revisions\/74564"}],"wp:featuredmedia":[{"embeddable":true,"href":"https:\/\/c-profil.se\/english\/wp-json\/wp\/v2\/media\/45418"}],"wp:attachment":[{"href":"https:\/\/c-profil.se\/english\/wp-json\/wp\/v2\/media?parent=34706"}],"wp:term":[{"taxonomy":"product_brand","embeddable":true,"href":"https:\/\/c-profil.se\/english\/wp-json\/wp\/v2\/product_brand?post=34706"},{"taxonomy":"product_cat","embeddable":true,"href":"https:\/\/c-profil.se\/english\/wp-json\/wp\/v2\/product_cat?post=34706"},{"taxonomy":"product_tag","embeddable":true,"href":"https:\/\/c-profil.se\/english\/wp-json\/wp\/v2\/product_tag?post=34706"}],"curies":[{"name":"wp","href":"https:\/\/api.w.org\/{rel}","templated":true}]}}