{"id":34702,"date":"2023-02-10T12:27:00","date_gmt":"2023-02-10T11:27:00","guid":{"rendered":"https:\/\/c-profil.se\/?post_type=product&#038;p=34702"},"modified":"2026-03-18T15:55:18","modified_gmt":"2026-03-18T14:55:18","slug":"design","status":"publish","type":"product","link":"https:\/\/c-profil.se\/english\/produkt\/design\/","title":{"rendered":"Design"},"content":{"rendered":"<p>Design \u2013 Customize your plastic enclosure. Specially adapted enclosures with own design are always required when the customer's individual requirements cannot be solved with a standard product.<\/p>\n<p>MULTI-BOX develops individual customer solutions if corresponding quantities are required. We implement your optical and technical requirements.<\/p>\n<p><b>Construction and project duration<\/b><\/p>\n<p>In close cooperation with our customers, we take over both the design and technical implementation of exclusive enclosure solutions. Within a few weeks, you will receive construction documents according to your specifications. As soon as we have the final designs, we create 3D printed prototypes from near-series materials. This allows you to test the enclosure in practice even before the molds are manufactured.<\/p>\n<p>After approval of the design data, we need between 10 and 14 weeks, depending on the complexity, until we present a first sample from the new molds.<\/p>\n<p><b>Shape quality<\/b><\/p>\n<p>We use high-quality steel and standard components from well-known manufacturers for our injection molds and molds. All details are optimally designed for the corresponding cast parts, the material and the desired amount of output.<\/p>\n<p><b>Production of series and material selection<\/b><\/p>\n<p>After finishing the mold construction, we produce your desired enclosure in our own injection department for plastic. You decide on the use of special materials or an individual color design for the injected parts. Then we foam seamless PU gaskets, process the enclosures mechanically or take over printing and assembly.<\/p>\n<p>The result is a cost-effective and tailored encapsulation solution from one source.<\/p>\n<h4>Special development of enclosures includes<\/h4>\n<ul>\n<li>Design preparations and 3D constructions<\/li>\n<li>Advice on the choice of raw materials<\/li>\n<li>Optimization of existing patterns<\/li>\n<li>Preliminary studies and Moldflow analyzes<\/li>\n<li>Printing of 3D prototypes<\/li>\n<li>Construction and procurement of injection molding machines<\/li>\n<li>Series production of special enclosures<\/li>\n<li>Quality documentation, certification and protection class tests<\/li>\n<li>Mechanical machining (CNC)<\/li>\n<li>Optical design (screen printing, engraving)<\/li>\n<li>Assembly work and cable installation<\/li>\n<\/ul>","protected":false},"excerpt":{"rendered":"<p>Design \u2013 Customize your plastic enclosure. Specially adapted enclosures with own design are always required when the customer's individual requirements cannot be solved with a standard product.<\/p>\n<p>MULTI-BOX develops individual customer solutions if corresponding quantities are required. We implement your optical and technical requirements.<\/p>\n<p><b>Construction and project duration<\/b><\/p>\n<p>In close cooperation with our customers, we take over both the design and technical implementation of exclusive enclosure solutions. Within a few weeks, you will receive construction documents according to your specifications. As soon as we have the final designs, we create 3D printed prototypes from near-series materials. This allows you to test the enclosure in practice even before the molds are manufactured.<\/p>\n<p>After approval of the design data, we need between 10 and 14 weeks, depending on the complexity, until we present a first sample from the new molds.<\/p>\n<p><b>Shape quality<\/b><\/p>\n<p>We use high-quality steel and standard components from well-known manufacturers for our injection molds and molds. All details are optimally designed for the corresponding cast parts, the material and the desired amount of output.<\/p>\n<p><b>Production of series and material selection<\/b><\/p>\n<p>After finishing the mold construction, we produce your desired enclosure in our own injection department for plastic. You decide on the use of special materials or an individual color design for the injected parts. Then we foam seamless PU gaskets, process the enclosures mechanically or take over printing and assembly.<\/p>\n<p>The result is a cost-effective and tailored encapsulation solution from one source.<\/p>\n<h4>Special development of enclosures includes<\/h4>\n<ul>\n<li>Design preparations and 3D constructions<\/li>\n<li>Advice on the choice of raw materials<\/li>\n<li>Optimization of existing patterns<\/li>\n<li>Preliminary studies and Moldflow analyzes<\/li>\n<li>Printing of 3D prototypes<\/li>\n<li>Construction and procurement of injection molding machines<\/li>\n<li>Series production of special enclosures<\/li>\n<li>Quality documentation, certification and protection class tests<\/li>\n<li>Mechanical machining (CNC)<\/li>\n<li>Optical design (screen printing, engraving)<\/li>\n<li>Assembly work and cable installation<\/li>\n<\/ul>","protected":false},"featured_media":45415,"template":"","meta":{"_acf_changed":false},"product_brand":[743],"product_cat":[269],"product_tag":[995,996,990],"class_list":{"0":"post-34702","1":"product","2":"type-product","3":"status-publish","4":"has-post-thumbnail","6":"product_brand-multi-box","7":"product_cat-kapslingar-i-plast","8":"product_tag-anpassning","9":"product_tag-design","10":"product_tag-kapsling","12":"first","13":"instock","14":"shipping-taxable","15":"product-type-simple"},"acf":[],"yoast_head":"<!-- This site is optimized with the Yoast SEO Premium plugin v27.5 (Yoast SEO v27.5) - https:\/\/yoast.com\/product\/yoast-seo-premium-wordpress\/ -->\n<title>Design - Anpassa din plastkapsling med egen design - C-Pro<\/title>\n<meta name=\"description\" content=\"Design - Anpassa din plastkapsling. Kapslingar med egen design kr\u00e4vs alltid n\u00e4r kundens individuella krav inte kan l\u00f6sas med en standardprodukt. L\u00e4s Mer!\" \/>\n<meta name=\"robots\" content=\"index, follow, max-snippet:-1, max-image-preview:large, max-video-preview:-1\" \/>\n<link rel=\"canonical\" href=\"https:\/\/c-profil.se\/english\/product\/design\/\" \/>\n<meta property=\"og:locale\" content=\"en_US\" \/>\n<meta property=\"og:type\" content=\"article\" \/>\n<meta property=\"og:title\" content=\"Design - C-Pro\" \/>\n<meta property=\"og:description\" content=\"Design - Anpassa din plastkapsling. Specialanpassade kapslingar med egen design kr\u00e4vs alltid n\u00e4r kundens individuella krav inte kan l\u00f6sas med en standardprodukt.  MULTI-BOX utvecklar individuella kundl\u00f6sningar om motsvarande m\u00e4ngder kr\u00e4vs. Vi implementerar dina optiska och tekniska krav.  Konstruktion och projektets varaktighet  I n\u00e4ra samarbete med v\u00e5ra kunder tar vi \u00f6ver b\u00e5de design och teknisk implementering av exklusiva kapslingsl\u00f6sningar. Inom n\u00e5gra veckor kommer du att f\u00e5 byggdokument enligt dina specifikationer. S\u00e5 snart vi har slutkonstruktioner skapar vi tryckta 3D-prototyper fr\u00e5n material i n\u00e4stan serie. Detta g\u00f6r att du kan testa kapslingen i praktiken \u00e4ven innan formar tillverkas.  Efter godk\u00e4nnande av konstruktionsdata beh\u00f6ver vi mellan 10 och 14 veckor, beroende p\u00e5 komplexiteten, tills vi presenterar ett f\u00f6rsta prov fr\u00e5n de nya formarna.  Formkvalitet  Vi anv\u00e4nder h\u00f6gkvalitativa st\u00e5l- och standardkomponenter fr\u00e5n k\u00e4nda tillverkare f\u00f6r v\u00e5ra formsprutningar och gjutformar. Alla detaljer \u00e4r optimalt utformade f\u00f6r motsvarande gjutna delar, materialet och \u00f6nskad utmatningsm\u00e4ngd.  Produktion av serier och materialval  Efter avslutad formkonstruktion producerar vi din \u00f6nskade kapsling i v\u00e5r egen injektionsavdelning f\u00f6r plast. Du best\u00e4mmer dig f\u00f6r anv\u00e4ndning av specialmaterial eller en individuell f\u00e4rgdesign f\u00f6r de injicerade delarna. D\u00e4refter skummar vi s\u00f6ml\u00f6sa PU-packningar, bearbetar kapslingarna mekaniskt eller tar \u00f6ver tryckning och montering.  Resultatet \u00e4r kostnadseffektivt och skr\u00e4ddarsydd kapslingsl\u00f6sning fr\u00e5n en k\u00e4lla. Specialutveckling av sk\u00e5p innefattar   Designf\u00f6rberedelser och 3D-konstruktioner  R\u00e5d om val av r\u00e5varor  Optimering av befintliga m\u00f6nster  F\u00f6rstudier och Moldflow-analyser  Tryck av 3D-prototyper  Konstruktion och upphandling av formsprutor  Serieproduktion av speciella kapslingar  Kvalitetsdokumentation, certifiering och skyddsklasstester  Mekanisk bearbetning (CNC)  Optisk design (silketryck, gravering)  Monteringsarbete och kabelinstallation\" \/>\n<meta property=\"og:url\" content=\"https:\/\/c-profil.se\/english\/product\/design\/\" \/>\n<meta property=\"og:site_name\" content=\"C-Pro\" \/>\n<meta property=\"article:publisher\" content=\"https:\/\/www.facebook.com\/people\/C-Pro\/61561767306874\/\" \/>\n<meta property=\"article:modified_time\" content=\"2026-03-18T14:55:18+00:00\" \/>\n<meta property=\"og:image\" content=\"https:\/\/c-profil.se\/wp-content\/uploads\/2023\/02\/Design.jpg\" \/>\n\t<meta property=\"og:image:width\" content=\"1000\" \/>\n\t<meta property=\"og:image:height\" content=\"1000\" \/>\n\t<meta property=\"og:image:type\" content=\"image\/jpeg\" \/>\n<meta name=\"twitter:card\" content=\"summary_large_image\" \/>\n<meta name=\"twitter:label1\" content=\"Price\" \/>\n\t<meta name=\"twitter:data1\" content=\"\" \/>\n\t<meta name=\"twitter:label2\" content=\"Availability\" \/>\n\t<meta name=\"twitter:data2\" content=\"In stock\" \/>\n<script type=\"application\/ld+json\" class=\"yoast-schema-graph\">{\"@context\":\"https:\\\/\\\/schema.org\",\"@graph\":[{\"@type\":\"WebPage\",\"@id\":\"https:\\\/\\\/c-profil.se\\\/produkt\\\/design\\\/\",\"url\":\"https:\\\/\\\/c-profil.se\\\/produkt\\\/design\\\/\",\"name\":\"Design - Anpassa din plastkapsling med egen design - C-Pro\",\"isPartOf\":{\"@id\":\"https:\\\/\\\/c-profil.se\\\/#website\"},\"primaryImageOfPage\":{\"@id\":\"https:\\\/\\\/c-profil.se\\\/produkt\\\/design\\\/#primaryimage\"},\"image\":{\"@id\":\"https:\\\/\\\/c-profil.se\\\/produkt\\\/design\\\/#primaryimage\"},\"thumbnailUrl\":\"https:\\\/\\\/c-profil.se\\\/wp-content\\\/uploads\\\/2023\\\/02\\\/Design.jpg\",\"datePublished\":\"2023-02-10T11:27:00+00:00\",\"dateModified\":\"2026-03-18T14:55:18+00:00\",\"description\":\"Design - Anpassa din plastkapsling. Kapslingar med egen design kr\u00e4vs alltid n\u00e4r kundens individuella krav inte kan l\u00f6sas med en standardprodukt. L\u00e4s Mer!\",\"breadcrumb\":{\"@id\":\"https:\\\/\\\/c-profil.se\\\/produkt\\\/design\\\/#breadcrumb\"},\"inLanguage\":\"en\",\"potentialAction\":[{\"@type\":\"ReadAction\",\"target\":[\"https:\\\/\\\/c-profil.se\\\/produkt\\\/design\\\/\"]}]},{\"@type\":\"ImageObject\",\"inLanguage\":\"en\",\"@id\":\"https:\\\/\\\/c-profil.se\\\/produkt\\\/design\\\/#primaryimage\",\"url\":\"https:\\\/\\\/c-profil.se\\\/wp-content\\\/uploads\\\/2023\\\/02\\\/Design.jpg\",\"contentUrl\":\"https:\\\/\\\/c-profil.se\\\/wp-content\\\/uploads\\\/2023\\\/02\\\/Design.jpg\",\"width\":1000,\"height\":1000,\"caption\":\"Design - Anpassa din plastkapsling\"},{\"@type\":\"BreadcrumbList\",\"@id\":\"https:\\\/\\\/c-profil.se\\\/produkt\\\/design\\\/#breadcrumb\",\"itemListElement\":[{\"@type\":\"ListItem\",\"position\":1,\"name\":\"Hem\",\"item\":\"https:\\\/\\\/c-profil.se\\\/\"},{\"@type\":\"ListItem\",\"position\":2,\"name\":\"Produkter\",\"item\":\"https:\\\/\\\/c-profil.se\\\/produkter\\\/\"},{\"@type\":\"ListItem\",\"position\":3,\"name\":\"Kapslingar i plast\",\"item\":\"https:\\\/\\\/c-profil.se\\\/produkt-kategori\\\/kapslingar-i-plast\\\/\"},{\"@type\":\"ListItem\",\"position\":4,\"name\":\"Design\"}]},{\"@type\":\"WebSite\",\"@id\":\"https:\\\/\\\/c-profil.se\\\/#website\",\"url\":\"https:\\\/\\\/c-profil.se\\\/\",\"name\":\"C-Pro\",\"description\":\"Produkter f\u00f6r El och Automation\",\"publisher\":{\"@id\":\"https:\\\/\\\/c-profil.se\\\/#organization\"},\"potentialAction\":[{\"@type\":\"SearchAction\",\"target\":{\"@type\":\"EntryPoint\",\"urlTemplate\":\"https:\\\/\\\/c-profil.se\\\/?s={search_term_string}\"},\"query-input\":{\"@type\":\"PropertyValueSpecification\",\"valueRequired\":true,\"valueName\":\"search_term_string\"}}],\"inLanguage\":\"en\"},{\"@type\":\"Organization\",\"@id\":\"https:\\\/\\\/c-profil.se\\\/#organization\",\"name\":\"C-Pro\",\"alternateName\":\"C-PRO\",\"url\":\"https:\\\/\\\/c-profil.se\\\/\",\"logo\":{\"@type\":\"ImageObject\",\"inLanguage\":\"en\",\"@id\":\"https:\\\/\\\/c-profil.se\\\/#\\\/schema\\\/logo\\\/image\\\/\",\"url\":\"https:\\\/\\\/c-profil.se\\\/wp-content\\\/uploads\\\/2022\\\/03\\\/c-pro-logga-liggande-500x500-1.png\",\"contentUrl\":\"https:\\\/\\\/c-profil.se\\\/wp-content\\\/uploads\\\/2022\\\/03\\\/c-pro-logga-liggande-500x500-1.png\",\"width\":500,\"height\":500,\"caption\":\"C-Pro\"},\"image\":{\"@id\":\"https:\\\/\\\/c-profil.se\\\/#\\\/schema\\\/logo\\\/image\\\/\"},\"sameAs\":[\"https:\\\/\\\/www.facebook.com\\\/people\\\/C-Pro\\\/61561767306874\\\/\",\"https:\\\/\\\/www.linkedin.com\\\/company\\\/c-pro-ab\",\"https:\\\/\\\/www.instagram.com\\\/cpro.ab\\\/\"],\"description\":\"C-PRO AB \u00e4r en helt\u00e4ckande leverant\u00f6r av material f\u00f6r applikationer inom el och automation. \u00c4nda sedan starten 1987 har vi f\u00f6rsett den svenska tillverkande industrin med elmaterial. Trots v\u00e5r storlek och ledande position har vi aldrig \u00f6vergett v\u00e5r grundfilosofi, att vara en personlig leverant\u00f6r. Vi p\u00e5 C-PRO \u00e4r l\u00e4tta att komma i kontakt med, \u00e4rliga och brinner f\u00f6r att l\u00f6sa v\u00e5ra kunders problem.\",\"email\":\"info@c-profil.se\",\"telephone\":\"031575785\",\"legalName\":\"C-Profil F\u00f6rl\u00e4ggningsmaterial AB\",\"foundingDate\":\"1987-01-01\"}]}<\/script>\n<meta property=\"product:brand\" content=\"anpassning\" \/>\n<meta property=\"product:price:currency\" content=\"SEK\" \/>\n<meta property=\"og:availability\" content=\"instock\" \/>\n<meta property=\"product:availability\" content=\"instock\" \/>\n<meta property=\"product:retailer_item_id\" content=\"Design - Anpassa din plastkapsling\" \/>\n<meta property=\"product:condition\" content=\"new\" \/>\n<!-- \/ Yoast SEO Premium plugin. -->","yoast_head_json":{"title":"Design - Customize your plastic enclosure with your own design - C-Pro","description":"Design - Customize your plastic enclosure. Enclosures with own design are always required when the customer's individual requirements cannot be solved with a standard product. Read More!","robots":{"index":"index","follow":"follow","max-snippet":"max-snippet:-1","max-image-preview":"max-image-preview:large","max-video-preview":"max-video-preview:-1"},"canonical":"https:\/\/c-profil.se\/english\/product\/design\/","og_locale":"en_US","og_type":"article","og_title":"Design - C-Pro","og_description":"Design - Anpassa din plastkapsling. Specialanpassade kapslingar med egen design kr\u00e4vs alltid n\u00e4r kundens individuella krav inte kan l\u00f6sas med en standardprodukt.  MULTI-BOX utvecklar individuella kundl\u00f6sningar om motsvarande m\u00e4ngder kr\u00e4vs. Vi implementerar dina optiska och tekniska krav.  Konstruktion och projektets varaktighet  I n\u00e4ra samarbete med v\u00e5ra kunder tar vi \u00f6ver b\u00e5de design och teknisk implementering av exklusiva kapslingsl\u00f6sningar. Inom n\u00e5gra veckor kommer du att f\u00e5 byggdokument enligt dina specifikationer. S\u00e5 snart vi har slutkonstruktioner skapar vi tryckta 3D-prototyper fr\u00e5n material i n\u00e4stan serie. Detta g\u00f6r att du kan testa kapslingen i praktiken \u00e4ven innan formar tillverkas.  Efter godk\u00e4nnande av konstruktionsdata beh\u00f6ver vi mellan 10 och 14 veckor, beroende p\u00e5 komplexiteten, tills vi presenterar ett f\u00f6rsta prov fr\u00e5n de nya formarna.  Formkvalitet  Vi anv\u00e4nder h\u00f6gkvalitativa st\u00e5l- och standardkomponenter fr\u00e5n k\u00e4nda tillverkare f\u00f6r v\u00e5ra formsprutningar och gjutformar. Alla detaljer \u00e4r optimalt utformade f\u00f6r motsvarande gjutna delar, materialet och \u00f6nskad utmatningsm\u00e4ngd.  Produktion av serier och materialval  Efter avslutad formkonstruktion producerar vi din \u00f6nskade kapsling i v\u00e5r egen injektionsavdelning f\u00f6r plast. Du best\u00e4mmer dig f\u00f6r anv\u00e4ndning av specialmaterial eller en individuell f\u00e4rgdesign f\u00f6r de injicerade delarna. D\u00e4refter skummar vi s\u00f6ml\u00f6sa PU-packningar, bearbetar kapslingarna mekaniskt eller tar \u00f6ver tryckning och montering.  Resultatet \u00e4r kostnadseffektivt och skr\u00e4ddarsydd kapslingsl\u00f6sning fr\u00e5n en k\u00e4lla. Specialutveckling av sk\u00e5p innefattar   Designf\u00f6rberedelser och 3D-konstruktioner  R\u00e5d om val av r\u00e5varor  Optimering av befintliga m\u00f6nster  F\u00f6rstudier och Moldflow-analyser  Tryck av 3D-prototyper  Konstruktion och upphandling av formsprutor  Serieproduktion av speciella kapslingar  Kvalitetsdokumentation, certifiering och skyddsklasstester  Mekanisk bearbetning (CNC)  Optisk design (silketryck, gravering)  Monteringsarbete och kabelinstallation","og_url":"https:\/\/c-profil.se\/english\/product\/design\/","og_site_name":"C-Pro","article_publisher":"https:\/\/www.facebook.com\/people\/C-Pro\/61561767306874\/","article_modified_time":"2026-03-18T14:55:18+00:00","og_image":[{"width":1000,"height":1000,"url":"https:\/\/c-profil.se\/wp-content\/uploads\/2023\/02\/Design.jpg","type":"image\/jpeg"}],"twitter_card":"summary_large_image","twitter_misc":{"Price":"","Availability":"In stock"},"schema":{"@context":"https:\/\/schema.org","@graph":[{"@type":"WebPage","@id":"https:\/\/c-profil.se\/produkt\/design\/","url":"https:\/\/c-profil.se\/produkt\/design\/","name":"Design - Customize your plastic enclosure with your own design - C-Pro","isPartOf":{"@id":"https:\/\/c-profil.se\/#website"},"primaryImageOfPage":{"@id":"https:\/\/c-profil.se\/produkt\/design\/#primaryimage"},"image":{"@id":"https:\/\/c-profil.se\/produkt\/design\/#primaryimage"},"thumbnailUrl":"https:\/\/c-profil.se\/wp-content\/uploads\/2023\/02\/Design.jpg","datePublished":"2023-02-10T11:27:00+00:00","dateModified":"2026-03-18T14:55:18+00:00","description":"Design - Customize your plastic enclosure. Enclosures with own design are always required when the customer's individual requirements cannot be solved with a standard product. Read More!","breadcrumb":{"@id":"https:\/\/c-profil.se\/produkt\/design\/#breadcrumb"},"inLanguage":"en","potentialAction":[{"@type":"ReadAction","target":["https:\/\/c-profil.se\/produkt\/design\/"]}]},{"@type":"ImageObject","inLanguage":"en","@id":"https:\/\/c-profil.se\/produkt\/design\/#primaryimage","url":"https:\/\/c-profil.se\/wp-content\/uploads\/2023\/02\/Design.jpg","contentUrl":"https:\/\/c-profil.se\/wp-content\/uploads\/2023\/02\/Design.jpg","width":1000,"height":1000,"caption":"Design - Anpassa din plastkapsling"},{"@type":"BreadcrumbList","@id":"https:\/\/c-profil.se\/produkt\/design\/#breadcrumb","itemListElement":[{"@type":"ListItem","position":1,"name":"Hem","item":"https:\/\/c-profil.se\/"},{"@type":"ListItem","position":2,"name":"Produkter","item":"https:\/\/c-profil.se\/produkter\/"},{"@type":"ListItem","position":3,"name":"Kapslingar i plast","item":"https:\/\/c-profil.se\/produkt-kategori\/kapslingar-i-plast\/"},{"@type":"ListItem","position":4,"name":"Design"}]},{"@type":"WebSite","@id":"https:\/\/c-profil.se\/#website","url":"https:\/\/c-profil.se\/","name":"C-Pro","description":"Products for Electricity and Automation","publisher":{"@id":"https:\/\/c-profil.se\/#organization"},"potentialAction":[{"@type":"SearchAction","target":{"@type":"EntryPoint","urlTemplate":"https:\/\/c-profil.se\/?s={search_term_string}"},"query-input":{"@type":"PropertyValueSpecification","valueRequired":true,"valueName":"search_term_string"}}],"inLanguage":"en"},{"@type":"Organization","@id":"https:\/\/c-profil.se\/#organization","name":"C-Pro","alternateName":"C-PRO","url":"https:\/\/c-profil.se\/","logo":{"@type":"ImageObject","inLanguage":"en","@id":"https:\/\/c-profil.se\/#\/schema\/logo\/image\/","url":"https:\/\/c-profil.se\/wp-content\/uploads\/2022\/03\/c-pro-logga-liggande-500x500-1.png","contentUrl":"https:\/\/c-profil.se\/wp-content\/uploads\/2022\/03\/c-pro-logga-liggande-500x500-1.png","width":500,"height":500,"caption":"C-Pro"},"image":{"@id":"https:\/\/c-profil.se\/#\/schema\/logo\/image\/"},"sameAs":["https:\/\/www.facebook.com\/people\/C-Pro\/61561767306874\/","https:\/\/www.linkedin.com\/company\/c-pro-ab","https:\/\/www.instagram.com\/cpro.ab\/"],"description":"C-PRO AB is a comprehensive supplier of materials for applications in electricity and automation. Ever since the start in 1987, we have supplied the Swedish manufacturing industry with electrical materials. Despite our size and leading position, we have never abandoned our basic philosophy, to be a personal supplier. We at C-PRO are easy to get in touch with, honest and passionate about solving our customers&#039; problems.","email":"info@c-profil.se","telephone":"031575785","legalName":"C-Profil F\u00f6rl\u00e4ggningsmaterial AB","foundingDate":"1987-01-01"}]},"product_brand":"anpassning","product_price_currency":"SEK","og_availability":"instock","product_availability":"instock","product_retailer_item_id":"Design - Anpassa din plastkapsling","product_condition":"new"},"_links":{"self":[{"href":"https:\/\/c-profil.se\/english\/wp-json\/wp\/v2\/product\/34702","targetHints":{"allow":["GET"]}}],"collection":[{"href":"https:\/\/c-profil.se\/english\/wp-json\/wp\/v2\/product"}],"about":[{"href":"https:\/\/c-profil.se\/english\/wp-json\/wp\/v2\/types\/product"}],"version-history":[{"count":4,"href":"https:\/\/c-profil.se\/english\/wp-json\/wp\/v2\/product\/34702\/revisions"}],"predecessor-version":[{"id":74565,"href":"https:\/\/c-profil.se\/english\/wp-json\/wp\/v2\/product\/34702\/revisions\/74565"}],"wp:featuredmedia":[{"embeddable":true,"href":"https:\/\/c-profil.se\/english\/wp-json\/wp\/v2\/media\/45415"}],"wp:attachment":[{"href":"https:\/\/c-profil.se\/english\/wp-json\/wp\/v2\/media?parent=34702"}],"wp:term":[{"taxonomy":"product_brand","embeddable":true,"href":"https:\/\/c-profil.se\/english\/wp-json\/wp\/v2\/product_brand?post=34702"},{"taxonomy":"product_cat","embeddable":true,"href":"https:\/\/c-profil.se\/english\/wp-json\/wp\/v2\/product_cat?post=34702"},{"taxonomy":"product_tag","embeddable":true,"href":"https:\/\/c-profil.se\/english\/wp-json\/wp\/v2\/product_tag?post=34702"}],"curies":[{"name":"wp","href":"https:\/\/api.w.org\/{rel}","templated":true}]}}