{"id":34698,"date":"2023-02-10T11:46:00","date_gmt":"2023-02-10T10:46:00","guid":{"rendered":"https:\/\/c-profil.se\/?post_type=product&#038;p=34698"},"modified":"2026-03-18T15:57:01","modified_gmt":"2026-03-18T14:57:01","slug":"printing","status":"publish","type":"product","link":"https:\/\/c-profil.se\/english\/produkt\/tryck\/","title":{"rendered":"Printing"},"content":{"rendered":"","protected":false},"excerpt":{"rendered":"<p>Print - Customize your Plastic enclosure. With an individual silk print, you mark your enclosure according to the needs of the application and improve its appearance and design. You enhance your enclosure with a company logo or other type of graphic. All we need is a printable template and your color specification according to RAL or Pantone.<\/p>\n<p>Due to the high layer thickness, the screen printing process achieves a long-lasting print suitable for industrial applications. Not only flat but also uneven surfaces can be printed.<\/p>\n<ul>\n<li>The costs of series production are low compared to other processes.<\/li>\n<\/ul>\n<h4>Details of the silkscreen printing process<\/h4>\n<ul>\n<li>The color is applied through a fine mesh fabric (strainer)<\/li>\n<li>In places where no ink is to be applied, this fabric is made impervious to ink by stenciling<\/li>\n<li>A separate sieve and stencil is produced for each ink.<\/li>\n<\/ul>","protected":false},"featured_media":45413,"template":"","meta":{"_acf_changed":false},"product_brand":[743],"product_cat":[269],"product_tag":[995,996,990],"class_list":{"0":"post-34698","1":"product","2":"type-product","3":"status-publish","4":"has-post-thumbnail","6":"product_brand-multi-box","7":"product_cat-kapslingar-i-plast","8":"product_tag-anpassning","9":"product_tag-design","10":"product_tag-kapsling","12":"first","13":"instock","14":"shipping-taxable","15":"product-type-simple"},"acf":[],"yoast_head":"<!-- This site is optimized with the Yoast SEO Premium plugin v27.5 (Yoast SEO v27.5) - https:\/\/yoast.com\/product\/yoast-seo-premium-wordpress\/ -->\n<title>Tryck - Anpassa din Plastkapsling: F\u00f6r Utseende &amp; Design - C-Pro<\/title>\n<meta name=\"description\" content=\"Tryck - Anpassa din Plastkapsling. Med ett individuellt silkestryck kan du m\u00e4rka din kapsling efter behov och f\u00f6rb\u00e4ttra dess utseendet och design. L\u00e4s Mer!\" \/>\n<meta name=\"robots\" content=\"index, follow, max-snippet:-1, max-image-preview:large, max-video-preview:-1\" \/>\n<link rel=\"canonical\" href=\"https:\/\/c-profil.se\/english\/product\/printing\/\" \/>\n<meta property=\"og:locale\" content=\"en_US\" \/>\n<meta property=\"og:type\" content=\"article\" \/>\n<meta property=\"og:title\" content=\"Tryck - C-Pro\" \/>\n<meta property=\"og:description\" content=\"Tryck - Anpassa din Plastkapsling. Med ett individuellt silkestryck m\u00e4rker du din kapsling efter applikationens behov och f\u00f6rb\u00e4ttrar dess utseendet och design. Du f\u00f6rb\u00e4ttrar din kapsling med en f\u00f6retagslogotyp eller annan typ av grafik. Allt vi beh\u00f6ver \u00e4r en utskrivbar mall och din f\u00e4rgspecifikation enligt RAL eller Pantone.  P\u00e5 grund av den h\u00f6ga lagertjockleken uppn\u00e5r silkestryckprocessen en l\u00e5ngvarigt tryck som \u00e4r l\u00e4mplig f\u00f6r industriella applikationer. Inte bara platta utan ocks\u00e5 oj\u00e4mna ytor kan tryckas.   Kostnaderna f\u00f6r serieproduktion \u00e4r l\u00e5ga j\u00e4mf\u00f6rt med andra processer.  Detaljer om silkestryckprocessen   F\u00e4rgen appliceras genom ett finmaskat tyg (sil)  P\u00e5 platser d\u00e4r inget bl\u00e4ck ska appliceras g\u00f6rs detta tyg ogenomtr\u00e4ngligt f\u00f6r bl\u00e4ck med stencil  En separat sikt och stencil tillverkas f\u00f6r varje tryckf\u00e4rg.\" \/>\n<meta property=\"og:url\" content=\"https:\/\/c-profil.se\/english\/product\/printing\/\" \/>\n<meta property=\"og:site_name\" content=\"C-Pro\" \/>\n<meta property=\"article:publisher\" content=\"https:\/\/www.facebook.com\/people\/C-Pro\/61561767306874\/\" \/>\n<meta property=\"article:modified_time\" content=\"2026-03-18T14:57:01+00:00\" \/>\n<meta property=\"og:image\" content=\"https:\/\/c-profil.se\/wp-content\/uploads\/2023\/02\/Tryck.jpg\" \/>\n\t<meta property=\"og:image:width\" content=\"1000\" \/>\n\t<meta property=\"og:image:height\" content=\"1000\" \/>\n\t<meta property=\"og:image:type\" content=\"image\/jpeg\" \/>\n<meta name=\"twitter:card\" content=\"summary_large_image\" \/>\n<meta name=\"twitter:label1\" content=\"Price\" \/>\n\t<meta name=\"twitter:data1\" content=\"\" \/>\n\t<meta name=\"twitter:label2\" content=\"Availability\" \/>\n\t<meta name=\"twitter:data2\" content=\"In stock\" \/>\n<script type=\"application\/ld+json\" class=\"yoast-schema-graph\">{\"@context\":\"https:\\\/\\\/schema.org\",\"@graph\":[{\"@type\":\"WebPage\",\"@id\":\"https:\\\/\\\/c-profil.se\\\/produkt\\\/tryck\\\/\",\"url\":\"https:\\\/\\\/c-profil.se\\\/produkt\\\/tryck\\\/\",\"name\":\"Tryck - Anpassa din Plastkapsling: F\u00f6r Utseende & Design - C-Pro\",\"isPartOf\":{\"@id\":\"https:\\\/\\\/c-profil.se\\\/#website\"},\"primaryImageOfPage\":{\"@id\":\"https:\\\/\\\/c-profil.se\\\/produkt\\\/tryck\\\/#primaryimage\"},\"image\":{\"@id\":\"https:\\\/\\\/c-profil.se\\\/produkt\\\/tryck\\\/#primaryimage\"},\"thumbnailUrl\":\"https:\\\/\\\/c-profil.se\\\/wp-content\\\/uploads\\\/2023\\\/02\\\/Tryck.jpg\",\"datePublished\":\"2023-02-10T10:46:00+00:00\",\"dateModified\":\"2026-03-18T14:57:01+00:00\",\"description\":\"Tryck - Anpassa din Plastkapsling. Med ett individuellt silkestryck kan du m\u00e4rka din kapsling efter behov och f\u00f6rb\u00e4ttra dess utseendet och design. L\u00e4s Mer!\",\"breadcrumb\":{\"@id\":\"https:\\\/\\\/c-profil.se\\\/produkt\\\/tryck\\\/#breadcrumb\"},\"inLanguage\":\"en\",\"potentialAction\":[{\"@type\":\"ReadAction\",\"target\":[\"https:\\\/\\\/c-profil.se\\\/produkt\\\/tryck\\\/\"]}]},{\"@type\":\"ImageObject\",\"inLanguage\":\"en\",\"@id\":\"https:\\\/\\\/c-profil.se\\\/produkt\\\/tryck\\\/#primaryimage\",\"url\":\"https:\\\/\\\/c-profil.se\\\/wp-content\\\/uploads\\\/2023\\\/02\\\/Tryck.jpg\",\"contentUrl\":\"https:\\\/\\\/c-profil.se\\\/wp-content\\\/uploads\\\/2023\\\/02\\\/Tryck.jpg\",\"width\":1000,\"height\":1000,\"caption\":\"Tryck Kundanpassa din plastkapsling\"},{\"@type\":\"BreadcrumbList\",\"@id\":\"https:\\\/\\\/c-profil.se\\\/produkt\\\/tryck\\\/#breadcrumb\",\"itemListElement\":[{\"@type\":\"ListItem\",\"position\":1,\"name\":\"Hem\",\"item\":\"https:\\\/\\\/c-profil.se\\\/\"},{\"@type\":\"ListItem\",\"position\":2,\"name\":\"Produkter\",\"item\":\"https:\\\/\\\/c-profil.se\\\/produkter\\\/\"},{\"@type\":\"ListItem\",\"position\":3,\"name\":\"Kapslingar i plast\",\"item\":\"https:\\\/\\\/c-profil.se\\\/produkt-kategori\\\/kapslingar-i-plast\\\/\"},{\"@type\":\"ListItem\",\"position\":4,\"name\":\"Tryck\"}]},{\"@type\":\"WebSite\",\"@id\":\"https:\\\/\\\/c-profil.se\\\/#website\",\"url\":\"https:\\\/\\\/c-profil.se\\\/\",\"name\":\"C-Pro\",\"description\":\"Produkter f\u00f6r El och Automation\",\"publisher\":{\"@id\":\"https:\\\/\\\/c-profil.se\\\/#organization\"},\"potentialAction\":[{\"@type\":\"SearchAction\",\"target\":{\"@type\":\"EntryPoint\",\"urlTemplate\":\"https:\\\/\\\/c-profil.se\\\/?s={search_term_string}\"},\"query-input\":{\"@type\":\"PropertyValueSpecification\",\"valueRequired\":true,\"valueName\":\"search_term_string\"}}],\"inLanguage\":\"en\"},{\"@type\":\"Organization\",\"@id\":\"https:\\\/\\\/c-profil.se\\\/#organization\",\"name\":\"C-Pro\",\"alternateName\":\"C-PRO\",\"url\":\"https:\\\/\\\/c-profil.se\\\/\",\"logo\":{\"@type\":\"ImageObject\",\"inLanguage\":\"en\",\"@id\":\"https:\\\/\\\/c-profil.se\\\/#\\\/schema\\\/logo\\\/image\\\/\",\"url\":\"https:\\\/\\\/c-profil.se\\\/wp-content\\\/uploads\\\/2022\\\/03\\\/c-pro-logga-liggande-500x500-1.png\",\"contentUrl\":\"https:\\\/\\\/c-profil.se\\\/wp-content\\\/uploads\\\/2022\\\/03\\\/c-pro-logga-liggande-500x500-1.png\",\"width\":500,\"height\":500,\"caption\":\"C-Pro\"},\"image\":{\"@id\":\"https:\\\/\\\/c-profil.se\\\/#\\\/schema\\\/logo\\\/image\\\/\"},\"sameAs\":[\"https:\\\/\\\/www.facebook.com\\\/people\\\/C-Pro\\\/61561767306874\\\/\",\"https:\\\/\\\/www.linkedin.com\\\/company\\\/c-pro-ab\",\"https:\\\/\\\/www.instagram.com\\\/cpro.ab\\\/\"],\"description\":\"C-PRO AB \u00e4r en helt\u00e4ckande leverant\u00f6r av material f\u00f6r applikationer inom el och automation. \u00c4nda sedan starten 1987 har vi f\u00f6rsett den svenska tillverkande industrin med elmaterial. Trots v\u00e5r storlek och ledande position har vi aldrig \u00f6vergett v\u00e5r grundfilosofi, att vara en personlig leverant\u00f6r. Vi p\u00e5 C-PRO \u00e4r l\u00e4tta att komma i kontakt med, \u00e4rliga och brinner f\u00f6r att l\u00f6sa v\u00e5ra kunders problem.\",\"email\":\"info@c-profil.se\",\"telephone\":\"031575785\",\"legalName\":\"C-Profil F\u00f6rl\u00e4ggningsmaterial AB\",\"foundingDate\":\"1987-01-01\"}]}<\/script>\n<meta property=\"product:brand\" content=\"anpassning\" \/>\n<meta property=\"product:price:currency\" content=\"SEK\" \/>\n<meta property=\"og:availability\" content=\"instock\" \/>\n<meta property=\"product:availability\" content=\"instock\" \/>\n<meta property=\"product:retailer_item_id\" content=\"Tryck - Kundanpassa din Plastkapsling\" \/>\n<meta property=\"product:condition\" content=\"new\" \/>\n<!-- \/ Yoast SEO Premium plugin. -->","yoast_head_json":{"title":"Print - Customize your Plastic Enclosure: For Appearance &amp; Design - C-Pro","description":"Print - Customize your Plastic enclosure. With an individual silk print, you can label your enclosure as needed and improve its appearance and design. Read More!","robots":{"index":"index","follow":"follow","max-snippet":"max-snippet:-1","max-image-preview":"max-image-preview:large","max-video-preview":"max-video-preview:-1"},"canonical":"https:\/\/c-profil.se\/english\/product\/printing\/","og_locale":"en_US","og_type":"article","og_title":"Tryck - C-Pro","og_description":"Tryck - Anpassa din Plastkapsling. Med ett individuellt silkestryck m\u00e4rker du din kapsling efter applikationens behov och f\u00f6rb\u00e4ttrar dess utseendet och design. Du f\u00f6rb\u00e4ttrar din kapsling med en f\u00f6retagslogotyp eller annan typ av grafik. Allt vi beh\u00f6ver \u00e4r en utskrivbar mall och din f\u00e4rgspecifikation enligt RAL eller Pantone.  P\u00e5 grund av den h\u00f6ga lagertjockleken uppn\u00e5r silkestryckprocessen en l\u00e5ngvarigt tryck som \u00e4r l\u00e4mplig f\u00f6r industriella applikationer. Inte bara platta utan ocks\u00e5 oj\u00e4mna ytor kan tryckas.   Kostnaderna f\u00f6r serieproduktion \u00e4r l\u00e5ga j\u00e4mf\u00f6rt med andra processer.  Detaljer om silkestryckprocessen   F\u00e4rgen appliceras genom ett finmaskat tyg (sil)  P\u00e5 platser d\u00e4r inget bl\u00e4ck ska appliceras g\u00f6rs detta tyg ogenomtr\u00e4ngligt f\u00f6r bl\u00e4ck med stencil  En separat sikt och stencil tillverkas f\u00f6r varje tryckf\u00e4rg.","og_url":"https:\/\/c-profil.se\/english\/product\/printing\/","og_site_name":"C-Pro","article_publisher":"https:\/\/www.facebook.com\/people\/C-Pro\/61561767306874\/","article_modified_time":"2026-03-18T14:57:01+00:00","og_image":[{"width":1000,"height":1000,"url":"https:\/\/c-profil.se\/wp-content\/uploads\/2023\/02\/Tryck.jpg","type":"image\/jpeg"}],"twitter_card":"summary_large_image","twitter_misc":{"Price":"","Availability":"In stock"},"schema":{"@context":"https:\/\/schema.org","@graph":[{"@type":"WebPage","@id":"https:\/\/c-profil.se\/produkt\/tryck\/","url":"https:\/\/c-profil.se\/produkt\/tryck\/","name":"Print - Customize your Plastic Enclosure: For Appearance &amp; Design - C-Pro","isPartOf":{"@id":"https:\/\/c-profil.se\/#website"},"primaryImageOfPage":{"@id":"https:\/\/c-profil.se\/produkt\/tryck\/#primaryimage"},"image":{"@id":"https:\/\/c-profil.se\/produkt\/tryck\/#primaryimage"},"thumbnailUrl":"https:\/\/c-profil.se\/wp-content\/uploads\/2023\/02\/Tryck.jpg","datePublished":"2023-02-10T10:46:00+00:00","dateModified":"2026-03-18T14:57:01+00:00","description":"Print - Customize your Plastic enclosure. With an individual silk print, you can label your enclosure as needed and improve its appearance and design. Read More!","breadcrumb":{"@id":"https:\/\/c-profil.se\/produkt\/tryck\/#breadcrumb"},"inLanguage":"en","potentialAction":[{"@type":"ReadAction","target":["https:\/\/c-profil.se\/produkt\/tryck\/"]}]},{"@type":"ImageObject","inLanguage":"en","@id":"https:\/\/c-profil.se\/produkt\/tryck\/#primaryimage","url":"https:\/\/c-profil.se\/wp-content\/uploads\/2023\/02\/Tryck.jpg","contentUrl":"https:\/\/c-profil.se\/wp-content\/uploads\/2023\/02\/Tryck.jpg","width":1000,"height":1000,"caption":"Tryck Kundanpassa din plastkapsling"},{"@type":"BreadcrumbList","@id":"https:\/\/c-profil.se\/produkt\/tryck\/#breadcrumb","itemListElement":[{"@type":"ListItem","position":1,"name":"Hem","item":"https:\/\/c-profil.se\/"},{"@type":"ListItem","position":2,"name":"Produkter","item":"https:\/\/c-profil.se\/produkter\/"},{"@type":"ListItem","position":3,"name":"Kapslingar i plast","item":"https:\/\/c-profil.se\/produkt-kategori\/kapslingar-i-plast\/"},{"@type":"ListItem","position":4,"name":"Tryck"}]},{"@type":"WebSite","@id":"https:\/\/c-profil.se\/#website","url":"https:\/\/c-profil.se\/","name":"C-Pro","description":"Products for Electricity and Automation","publisher":{"@id":"https:\/\/c-profil.se\/#organization"},"potentialAction":[{"@type":"SearchAction","target":{"@type":"EntryPoint","urlTemplate":"https:\/\/c-profil.se\/?s={search_term_string}"},"query-input":{"@type":"PropertyValueSpecification","valueRequired":true,"valueName":"search_term_string"}}],"inLanguage":"en"},{"@type":"Organization","@id":"https:\/\/c-profil.se\/#organization","name":"C-Pro","alternateName":"C-PRO","url":"https:\/\/c-profil.se\/","logo":{"@type":"ImageObject","inLanguage":"en","@id":"https:\/\/c-profil.se\/#\/schema\/logo\/image\/","url":"https:\/\/c-profil.se\/wp-content\/uploads\/2022\/03\/c-pro-logga-liggande-500x500-1.png","contentUrl":"https:\/\/c-profil.se\/wp-content\/uploads\/2022\/03\/c-pro-logga-liggande-500x500-1.png","width":500,"height":500,"caption":"C-Pro"},"image":{"@id":"https:\/\/c-profil.se\/#\/schema\/logo\/image\/"},"sameAs":["https:\/\/www.facebook.com\/people\/C-Pro\/61561767306874\/","https:\/\/www.linkedin.com\/company\/c-pro-ab","https:\/\/www.instagram.com\/cpro.ab\/"],"description":"C-PRO AB is a comprehensive supplier of materials for applications in electricity and automation. Ever since the start in 1987, we have supplied the Swedish manufacturing industry with electrical materials. Despite our size and leading position, we have never abandoned our basic philosophy, to be a personal supplier. We at C-PRO are easy to get in touch with, honest and passionate about solving our customers&#039; problems.","email":"info@c-profil.se","telephone":"031575785","legalName":"C-Profil F\u00f6rl\u00e4ggningsmaterial AB","foundingDate":"1987-01-01"}]},"product_brand":"anpassning","product_price_currency":"SEK","og_availability":"instock","product_availability":"instock","product_retailer_item_id":"Tryck - Kundanpassa din Plastkapsling","product_condition":"new"},"_links":{"self":[{"href":"https:\/\/c-profil.se\/english\/wp-json\/wp\/v2\/product\/34698","targetHints":{"allow":["GET"]}}],"collection":[{"href":"https:\/\/c-profil.se\/english\/wp-json\/wp\/v2\/product"}],"about":[{"href":"https:\/\/c-profil.se\/english\/wp-json\/wp\/v2\/types\/product"}],"version-history":[{"count":2,"href":"https:\/\/c-profil.se\/english\/wp-json\/wp\/v2\/product\/34698\/revisions"}],"predecessor-version":[{"id":56233,"href":"https:\/\/c-profil.se\/english\/wp-json\/wp\/v2\/product\/34698\/revisions\/56233"}],"wp:featuredmedia":[{"embeddable":true,"href":"https:\/\/c-profil.se\/english\/wp-json\/wp\/v2\/media\/45413"}],"wp:attachment":[{"href":"https:\/\/c-profil.se\/english\/wp-json\/wp\/v2\/media?parent=34698"}],"wp:term":[{"taxonomy":"product_brand","embeddable":true,"href":"https:\/\/c-profil.se\/english\/wp-json\/wp\/v2\/product_brand?post=34698"},{"taxonomy":"product_cat","embeddable":true,"href":"https:\/\/c-profil.se\/english\/wp-json\/wp\/v2\/product_cat?post=34698"},{"taxonomy":"product_tag","embeddable":true,"href":"https:\/\/c-profil.se\/english\/wp-json\/wp\/v2\/product_tag?post=34698"}],"curies":[{"name":"wp","href":"https:\/\/api.w.org\/{rel}","templated":true}]}}