{"id":34684,"date":"2023-02-10T10:22:00","date_gmt":"2023-02-10T09:22:00","guid":{"rendered":"https:\/\/c-profil.se\/?post_type=product&#038;p=34684"},"modified":"2026-03-18T15:57:02","modified_gmt":"2026-03-18T14:57:02","slug":"mounting-assembly","status":"publish","type":"product","link":"https:\/\/c-profil.se\/english\/produkt\/montering\/","title":{"rendered":"Mounting &amp; Assembly"},"content":{"rendered":"","protected":false},"excerpt":{"rendered":"<p>Mounting - Customize your plastic enclosure. Our standard enclosures include a seamless polyurethane foam gasket. When special temperature or chemical resistance is required, we install silicone seals. To reduce the penetration of electromagnetic waves, we can equip our enclosures with EMC gaskets.<\/p>\n<p>If necessary, we test the entire product in our internal laboratory. According to your specification, we test the IP protection class (water and dust), corrosion resistance or carry out impact tests. Together we play it safe!<\/p>\n<p>Take advantage of our large range of accessories and leave the entire assembly and equipment of your cabinets to us.<\/p>\n<h4>We install the following components<\/h4>\n<ul>\n<li>Terminal Blocks<\/li>\n<li>Cable entry systems<\/li>\n<li>Membrane keyboards and decorative foils<\/li>\n<li>Pressure compensation element<\/li>\n<li>Threaded bushings<\/li>\n<li>Threaded bushings<\/li>\n<li>Gaskets<\/li>\n<li>Battery compartment<\/li>\n<li>DIN rails<\/li>\n<li>Mounting plates<\/li>\n<li>Connections<\/li>\n<li>Distance bolts<\/li>\n<li>Earthing contacts<\/li>\n<li>Fixing of windows and screens<\/li>\n<li>Tested assembly of included components<\/li>\n<li>Additional attachment options according to your specification<\/li>\n<li>Assembly and installation of specified cable systems<\/li>\n<li>Once all components have been installed, we can assist further with cables to your specification or fit supplied circuit boards<\/li>\n<\/ul>","protected":false},"featured_media":45412,"template":"","meta":{"_acf_changed":false},"product_brand":[743],"product_cat":[269],"product_tag":[995,990,968,982],"class_list":{"0":"post-34684","1":"product","2":"type-product","3":"status-publish","4":"has-post-thumbnail","6":"product_brand-multi-box","7":"product_cat-kapslingar-i-plast","8":"product_tag-anpassning","9":"product_tag-kapsling","10":"product_tag-montage","11":"product_tag-panelmontage","13":"first","14":"instock","15":"shipping-taxable","16":"product-type-simple"},"acf":[],"yoast_head":"<!-- This site is optimized with the Yoast SEO Premium plugin v27.5 (Yoast SEO v27.5) - https:\/\/yoast.com\/product\/yoast-seo-premium-wordpress\/ -->\n<title>Montering: Anpassa din kapsling med v\u00e5rt stora utbud av tillbeh\u00f6r - C-Pro<\/title>\n<meta name=\"description\" content=\"Montering - Anpassa din plastkapsling. Terminalblock, Kabelgenomf\u00f6ringar, Membran tangentbord och dekorativa folier med mera. L\u00e4s Mer!\" \/>\n<meta name=\"robots\" content=\"index, follow, max-snippet:-1, max-image-preview:large, max-video-preview:-1\" \/>\n<link rel=\"canonical\" href=\"https:\/\/c-profil.se\/english\/product\/mounting-assembly\/\" \/>\n<meta property=\"og:locale\" content=\"en_US\" \/>\n<meta property=\"og:type\" content=\"article\" \/>\n<meta property=\"og:title\" content=\"Montering - C-Pro\" \/>\n<meta property=\"og:description\" content=\"Montering - Anpassa din plastkapsling. V\u00e5ra standardh\u00f6ljen inkluderar en s\u00f6ml\u00f6s packning av polyuretanskum. N\u00e4r speciell temperatur eller kemisk resistens kr\u00e4vs, installerar vi silikont\u00e4tningar. F\u00f6r att minska penetrationen av elektromagnetiska v\u00e5gor kan vi utrusta v\u00e5ra kapslingar med EMC-packningar.  Vid behov testar vi hela produkten i v\u00e5rt interna laboratorium. Enligt din specifikation testar vi IP-skyddsklassen (vatten och damm), korrosionsbest\u00e4ndighet eller utf\u00f6r slagprov. Tillsammans spelar vi det s\u00e4kert!  Utnyttja v\u00e5rt stora utbud av tillbeh\u00f6r och l\u00e4mna hela montering och utrustning av dina sk\u00e5p till oss. Vi installerar f\u00f6ljande komponenter   Terminalblock  Kabelgenomf\u00f6ringar  Membran tangentbord och dekorativa folier  Tryckkompensationselement  G\u00e4ngbussningar  G\u00e4ngbussningar  Packningar  Batterifack  DIN-skenor  Monteringsplattor  Anslutningar  Distansbultar  Jordningskontakter  F\u00e4stning av f\u00f6nster och sk\u00e4rmar  Testat montering av medf\u00f6ljande komponenter  Ytterligare f\u00e4stm\u00f6jligheter enligt din specifikation  Montering och installation av specificerade kabelsystem  N\u00e4r alla komponenter har installerats kan vi hj\u00e4lpa till vidare med kablar enligt din specifikation eller montera medf\u00f6ljande kretskort\" \/>\n<meta property=\"og:url\" content=\"https:\/\/c-profil.se\/english\/product\/mounting-assembly\/\" \/>\n<meta property=\"og:site_name\" content=\"C-Pro\" \/>\n<meta property=\"article:publisher\" content=\"https:\/\/www.facebook.com\/people\/C-Pro\/61561767306874\/\" \/>\n<meta property=\"article:modified_time\" content=\"2026-03-18T14:57:02+00:00\" \/>\n<meta property=\"og:image\" content=\"https:\/\/c-profil.se\/wp-content\/uploads\/2023\/02\/Montering.jpg\" \/>\n\t<meta property=\"og:image:width\" content=\"1000\" \/>\n\t<meta property=\"og:image:height\" content=\"1000\" \/>\n\t<meta property=\"og:image:type\" content=\"image\/jpeg\" \/>\n<meta name=\"twitter:card\" content=\"summary_large_image\" \/>\n<meta name=\"twitter:label1\" content=\"Price\" \/>\n\t<meta name=\"twitter:data1\" content=\"\" \/>\n\t<meta name=\"twitter:label2\" content=\"Availability\" \/>\n\t<meta name=\"twitter:data2\" content=\"In stock\" \/>\n<script type=\"application\/ld+json\" class=\"yoast-schema-graph\">{\"@context\":\"https:\\\/\\\/schema.org\",\"@graph\":[{\"@type\":\"WebPage\",\"@id\":\"https:\\\/\\\/c-profil.se\\\/produkt\\\/montering\\\/\",\"url\":\"https:\\\/\\\/c-profil.se\\\/produkt\\\/montering\\\/\",\"name\":\"Montering: Anpassa din kapsling med v\u00e5rt stora utbud av tillbeh\u00f6r - C-Pro\",\"isPartOf\":{\"@id\":\"https:\\\/\\\/c-profil.se\\\/#website\"},\"primaryImageOfPage\":{\"@id\":\"https:\\\/\\\/c-profil.se\\\/produkt\\\/montering\\\/#primaryimage\"},\"image\":{\"@id\":\"https:\\\/\\\/c-profil.se\\\/produkt\\\/montering\\\/#primaryimage\"},\"thumbnailUrl\":\"https:\\\/\\\/c-profil.se\\\/wp-content\\\/uploads\\\/2023\\\/02\\\/Montering.jpg\",\"datePublished\":\"2023-02-10T09:22:00+00:00\",\"dateModified\":\"2026-03-18T14:57:02+00:00\",\"description\":\"Montering - Anpassa din plastkapsling. Terminalblock, Kabelgenomf\u00f6ringar, Membran tangentbord och dekorativa folier med mera. L\u00e4s Mer!\",\"breadcrumb\":{\"@id\":\"https:\\\/\\\/c-profil.se\\\/produkt\\\/montering\\\/#breadcrumb\"},\"inLanguage\":\"en\",\"potentialAction\":[{\"@type\":\"ReadAction\",\"target\":[\"https:\\\/\\\/c-profil.se\\\/produkt\\\/montering\\\/\"]}]},{\"@type\":\"ImageObject\",\"inLanguage\":\"en\",\"@id\":\"https:\\\/\\\/c-profil.se\\\/produkt\\\/montering\\\/#primaryimage\",\"url\":\"https:\\\/\\\/c-profil.se\\\/wp-content\\\/uploads\\\/2023\\\/02\\\/Montering.jpg\",\"contentUrl\":\"https:\\\/\\\/c-profil.se\\\/wp-content\\\/uploads\\\/2023\\\/02\\\/Montering.jpg\",\"width\":1000,\"height\":1000,\"caption\":\"Montering Kundanpassa din plastkapsling\"},{\"@type\":\"BreadcrumbList\",\"@id\":\"https:\\\/\\\/c-profil.se\\\/produkt\\\/montering\\\/#breadcrumb\",\"itemListElement\":[{\"@type\":\"ListItem\",\"position\":1,\"name\":\"Hem\",\"item\":\"https:\\\/\\\/c-profil.se\\\/\"},{\"@type\":\"ListItem\",\"position\":2,\"name\":\"Produkter\",\"item\":\"https:\\\/\\\/c-profil.se\\\/produkter\\\/\"},{\"@type\":\"ListItem\",\"position\":3,\"name\":\"Kapslingar i plast\",\"item\":\"https:\\\/\\\/c-profil.se\\\/produkt-kategori\\\/kapslingar-i-plast\\\/\"},{\"@type\":\"ListItem\",\"position\":4,\"name\":\"Montering\"}]},{\"@type\":\"WebSite\",\"@id\":\"https:\\\/\\\/c-profil.se\\\/#website\",\"url\":\"https:\\\/\\\/c-profil.se\\\/\",\"name\":\"C-Pro\",\"description\":\"Produkter f\u00f6r El och Automation\",\"publisher\":{\"@id\":\"https:\\\/\\\/c-profil.se\\\/#organization\"},\"potentialAction\":[{\"@type\":\"SearchAction\",\"target\":{\"@type\":\"EntryPoint\",\"urlTemplate\":\"https:\\\/\\\/c-profil.se\\\/?s={search_term_string}\"},\"query-input\":{\"@type\":\"PropertyValueSpecification\",\"valueRequired\":true,\"valueName\":\"search_term_string\"}}],\"inLanguage\":\"en\"},{\"@type\":\"Organization\",\"@id\":\"https:\\\/\\\/c-profil.se\\\/#organization\",\"name\":\"C-Pro\",\"alternateName\":\"C-PRO\",\"url\":\"https:\\\/\\\/c-profil.se\\\/\",\"logo\":{\"@type\":\"ImageObject\",\"inLanguage\":\"en\",\"@id\":\"https:\\\/\\\/c-profil.se\\\/#\\\/schema\\\/logo\\\/image\\\/\",\"url\":\"https:\\\/\\\/c-profil.se\\\/wp-content\\\/uploads\\\/2022\\\/03\\\/c-pro-logga-liggande-500x500-1.png\",\"contentUrl\":\"https:\\\/\\\/c-profil.se\\\/wp-content\\\/uploads\\\/2022\\\/03\\\/c-pro-logga-liggande-500x500-1.png\",\"width\":500,\"height\":500,\"caption\":\"C-Pro\"},\"image\":{\"@id\":\"https:\\\/\\\/c-profil.se\\\/#\\\/schema\\\/logo\\\/image\\\/\"},\"sameAs\":[\"https:\\\/\\\/www.facebook.com\\\/people\\\/C-Pro\\\/61561767306874\\\/\",\"https:\\\/\\\/www.linkedin.com\\\/company\\\/c-pro-ab\",\"https:\\\/\\\/www.instagram.com\\\/cpro.ab\\\/\"],\"description\":\"C-PRO AB \u00e4r en helt\u00e4ckande leverant\u00f6r av material f\u00f6r applikationer inom el och automation. \u00c4nda sedan starten 1987 har vi f\u00f6rsett den svenska tillverkande industrin med elmaterial. Trots v\u00e5r storlek och ledande position har vi aldrig \u00f6vergett v\u00e5r grundfilosofi, att vara en personlig leverant\u00f6r. Vi p\u00e5 C-PRO \u00e4r l\u00e4tta att komma i kontakt med, \u00e4rliga och brinner f\u00f6r att l\u00f6sa v\u00e5ra kunders problem.\",\"email\":\"info@c-profil.se\",\"telephone\":\"031575785\",\"legalName\":\"C-Profil F\u00f6rl\u00e4ggningsmaterial AB\",\"foundingDate\":\"1987-01-01\"}]}<\/script>\n<meta property=\"product:brand\" content=\"anpassning\" \/>\n<meta property=\"product:price:currency\" content=\"SEK\" \/>\n<meta property=\"og:availability\" content=\"instock\" \/>\n<meta property=\"product:availability\" content=\"instock\" \/>\n<meta property=\"product:retailer_item_id\" content=\"Montering - Anpassa din kapsling\" \/>\n<meta property=\"product:condition\" content=\"new\" \/>\n<!-- \/ Yoast SEO Premium plugin. -->","yoast_head_json":{"title":"Mounting: Customize your enclosure with our wide range of accessories - C-Pro","description":"Monunting - Customize your plastic enclosure. Terminal blocks, Cable entries, Membrane keyboards and decorative foils and more. Read More!","robots":{"index":"index","follow":"follow","max-snippet":"max-snippet:-1","max-image-preview":"max-image-preview:large","max-video-preview":"max-video-preview:-1"},"canonical":"https:\/\/c-profil.se\/english\/product\/mounting-assembly\/","og_locale":"en_US","og_type":"article","og_title":"Montering - C-Pro","og_description":"Montering - Anpassa din plastkapsling. V\u00e5ra standardh\u00f6ljen inkluderar en s\u00f6ml\u00f6s packning av polyuretanskum. N\u00e4r speciell temperatur eller kemisk resistens kr\u00e4vs, installerar vi silikont\u00e4tningar. F\u00f6r att minska penetrationen av elektromagnetiska v\u00e5gor kan vi utrusta v\u00e5ra kapslingar med EMC-packningar.  Vid behov testar vi hela produkten i v\u00e5rt interna laboratorium. Enligt din specifikation testar vi IP-skyddsklassen (vatten och damm), korrosionsbest\u00e4ndighet eller utf\u00f6r slagprov. Tillsammans spelar vi det s\u00e4kert!  Utnyttja v\u00e5rt stora utbud av tillbeh\u00f6r och l\u00e4mna hela montering och utrustning av dina sk\u00e5p till oss. Vi installerar f\u00f6ljande komponenter   Terminalblock  Kabelgenomf\u00f6ringar  Membran tangentbord och dekorativa folier  Tryckkompensationselement  G\u00e4ngbussningar  G\u00e4ngbussningar  Packningar  Batterifack  DIN-skenor  Monteringsplattor  Anslutningar  Distansbultar  Jordningskontakter  F\u00e4stning av f\u00f6nster och sk\u00e4rmar  Testat montering av medf\u00f6ljande komponenter  Ytterligare f\u00e4stm\u00f6jligheter enligt din specifikation  Montering och installation av specificerade kabelsystem  N\u00e4r alla komponenter har installerats kan vi hj\u00e4lpa till vidare med kablar enligt din specifikation eller montera medf\u00f6ljande kretskort","og_url":"https:\/\/c-profil.se\/english\/product\/mounting-assembly\/","og_site_name":"C-Pro","article_publisher":"https:\/\/www.facebook.com\/people\/C-Pro\/61561767306874\/","article_modified_time":"2026-03-18T14:57:02+00:00","og_image":[{"width":1000,"height":1000,"url":"https:\/\/c-profil.se\/wp-content\/uploads\/2023\/02\/Montering.jpg","type":"image\/jpeg"}],"twitter_card":"summary_large_image","twitter_misc":{"Price":"","Availability":"In stock"},"schema":{"@context":"https:\/\/schema.org","@graph":[{"@type":"WebPage","@id":"https:\/\/c-profil.se\/produkt\/montering\/","url":"https:\/\/c-profil.se\/produkt\/montering\/","name":"Mounting: Customize your enclosure with our wide range of accessories - C-Pro","isPartOf":{"@id":"https:\/\/c-profil.se\/#website"},"primaryImageOfPage":{"@id":"https:\/\/c-profil.se\/produkt\/montering\/#primaryimage"},"image":{"@id":"https:\/\/c-profil.se\/produkt\/montering\/#primaryimage"},"thumbnailUrl":"https:\/\/c-profil.se\/wp-content\/uploads\/2023\/02\/Montering.jpg","datePublished":"2023-02-10T09:22:00+00:00","dateModified":"2026-03-18T14:57:02+00:00","description":"Monunting - Customize your plastic enclosure. Terminal blocks, Cable entries, Membrane keyboards and decorative foils and more. Read More!","breadcrumb":{"@id":"https:\/\/c-profil.se\/produkt\/montering\/#breadcrumb"},"inLanguage":"en","potentialAction":[{"@type":"ReadAction","target":["https:\/\/c-profil.se\/produkt\/montering\/"]}]},{"@type":"ImageObject","inLanguage":"en","@id":"https:\/\/c-profil.se\/produkt\/montering\/#primaryimage","url":"https:\/\/c-profil.se\/wp-content\/uploads\/2023\/02\/Montering.jpg","contentUrl":"https:\/\/c-profil.se\/wp-content\/uploads\/2023\/02\/Montering.jpg","width":1000,"height":1000,"caption":"Montering Kundanpassa din plastkapsling"},{"@type":"BreadcrumbList","@id":"https:\/\/c-profil.se\/produkt\/montering\/#breadcrumb","itemListElement":[{"@type":"ListItem","position":1,"name":"Hem","item":"https:\/\/c-profil.se\/"},{"@type":"ListItem","position":2,"name":"Produkter","item":"https:\/\/c-profil.se\/produkter\/"},{"@type":"ListItem","position":3,"name":"Kapslingar i plast","item":"https:\/\/c-profil.se\/produkt-kategori\/kapslingar-i-plast\/"},{"@type":"ListItem","position":4,"name":"Montering"}]},{"@type":"WebSite","@id":"https:\/\/c-profil.se\/#website","url":"https:\/\/c-profil.se\/","name":"C-Pro","description":"Products for Electricity and Automation","publisher":{"@id":"https:\/\/c-profil.se\/#organization"},"potentialAction":[{"@type":"SearchAction","target":{"@type":"EntryPoint","urlTemplate":"https:\/\/c-profil.se\/?s={search_term_string}"},"query-input":{"@type":"PropertyValueSpecification","valueRequired":true,"valueName":"search_term_string"}}],"inLanguage":"en"},{"@type":"Organization","@id":"https:\/\/c-profil.se\/#organization","name":"C-Pro","alternateName":"C-PRO","url":"https:\/\/c-profil.se\/","logo":{"@type":"ImageObject","inLanguage":"en","@id":"https:\/\/c-profil.se\/#\/schema\/logo\/image\/","url":"https:\/\/c-profil.se\/wp-content\/uploads\/2022\/03\/c-pro-logga-liggande-500x500-1.png","contentUrl":"https:\/\/c-profil.se\/wp-content\/uploads\/2022\/03\/c-pro-logga-liggande-500x500-1.png","width":500,"height":500,"caption":"C-Pro"},"image":{"@id":"https:\/\/c-profil.se\/#\/schema\/logo\/image\/"},"sameAs":["https:\/\/www.facebook.com\/people\/C-Pro\/61561767306874\/","https:\/\/www.linkedin.com\/company\/c-pro-ab","https:\/\/www.instagram.com\/cpro.ab\/"],"description":"C-PRO AB is a comprehensive supplier of materials for applications in electricity and automation. Ever since the start in 1987, we have supplied the Swedish manufacturing industry with electrical materials. Despite our size and leading position, we have never abandoned our basic philosophy, to be a personal supplier. We at C-PRO are easy to get in touch with, honest and passionate about solving our customers&#039; problems.","email":"info@c-profil.se","telephone":"031575785","legalName":"C-Profil F\u00f6rl\u00e4ggningsmaterial AB","foundingDate":"1987-01-01"}]},"product_brand":"anpassning","product_price_currency":"SEK","og_availability":"instock","product_availability":"instock","product_retailer_item_id":"Montering - Anpassa din kapsling","product_condition":"new"},"_links":{"self":[{"href":"https:\/\/c-profil.se\/english\/wp-json\/wp\/v2\/product\/34684","targetHints":{"allow":["GET"]}}],"collection":[{"href":"https:\/\/c-profil.se\/english\/wp-json\/wp\/v2\/product"}],"about":[{"href":"https:\/\/c-profil.se\/english\/wp-json\/wp\/v2\/types\/product"}],"version-history":[{"count":3,"href":"https:\/\/c-profil.se\/english\/wp-json\/wp\/v2\/product\/34684\/revisions"}],"predecessor-version":[{"id":56234,"href":"https:\/\/c-profil.se\/english\/wp-json\/wp\/v2\/product\/34684\/revisions\/56234"}],"wp:featuredmedia":[{"embeddable":true,"href":"https:\/\/c-profil.se\/english\/wp-json\/wp\/v2\/media\/45412"}],"wp:attachment":[{"href":"https:\/\/c-profil.se\/english\/wp-json\/wp\/v2\/media?parent=34684"}],"wp:term":[{"taxonomy":"product_brand","embeddable":true,"href":"https:\/\/c-profil.se\/english\/wp-json\/wp\/v2\/product_brand?post=34684"},{"taxonomy":"product_cat","embeddable":true,"href":"https:\/\/c-profil.se\/english\/wp-json\/wp\/v2\/product_cat?post=34684"},{"taxonomy":"product_tag","embeddable":true,"href":"https:\/\/c-profil.se\/english\/wp-json\/wp\/v2\/product_tag?post=34684"}],"curies":[{"name":"wp","href":"https:\/\/api.w.org\/{rel}","templated":true}]}}