{"id":31047,"date":"2022-04-01T10:18:00","date_gmt":"2022-04-01T09:18:00","guid":{"rendered":"https:\/\/c-profil.se\/?post_type=product&#038;p=31047"},"modified":"2026-03-19T15:10:00","modified_gmt":"2026-03-19T14:10:00","slug":"split-90-flange-enclosure-kel-fg-er","status":"publish","type":"product","link":"https:\/\/c-profil.se\/english\/produkt\/kabelgenomforingskapsling-90-kel-fg-er\/","title":{"rendered":"Cable gland 90\u00b0 | KEL-FG-ER"},"content":{"rendered":"<p><strong>KEL-FG-ER is a 90\u00b0 cable gland for industrial installations<\/strong>, developed for the passage of cables with connectors and wires in angled applications against machine walls and enclosures.<br \/>\nThe enclosure provides mechanical protection, sealing up to IP65 and strain relief according to EN 62444.<\/p>","protected":false},"excerpt":{"rendered":"<p class=\"ai-optimize-31 ai-optimize-introduction\">Split flange enclosure 90\u00b0 \/ KEL-FG-ER in IP65 are suitable for installation, sealing and strain relief of cables with connectors and wires at a 90 \u00b0 angle, enclosures, cabinets or machine walls.<br \/>\nFits cable diameters from 1 to 16 mm (1-cable grommet KT 1-15) and 16 to 35 mm (single-hole grommet KT 16 \u2013 34). The shipment includes a flat rubber gasket.<\/p>\n<ul>\n<li class=\"ai-optimize-32\">The KEL-FG-ER-A frame fits the hole dimensions for the 24-pin standard industry connector<\/li>\n<li class=\"ai-optimize-33\">The KEL-FG-ER-B frame has the hole size 36x46mm<\/li>\n<li class=\"ai-optimize-34\">The KEL-FG-ER-E version is particularly suitable for flat connectors\n<ul>\n<li class=\"ai-optimize-35\">The small frame can be used perfectly in limited space<\/li>\n<\/ul>\n<\/li>\n<\/ul>\n<p class=\"g-color-black g-font-size-26--md g-font-weight-600 g-mb-15 ai-optimize-37\"><strong>Advantages:<\/strong><\/p>\n<ul class=\"list-unstyled list-ico\">\n<li class=\"ai-optimize-38\">Installation 90\u00b0 from wall<\/li>\n<li class=\"ai-optimize-39\">Mechanical protection for cables directly at the entrance<\/li>\n<li class=\"ai-optimize-40\">Splash protection (IP65) at the starting point<\/li>\n<li class=\"ai-optimize-41\">Warranties on pre-connected cables are maintained<\/li>\n<li class=\"ai-optimize-42\">Strain relief according to EN 62444<\/li>\n<li class=\"ai-optimize-43\">High stability, vibration resistant<\/li>\n<\/ul>","protected":false},"featured_media":51110,"template":"","meta":{"_acf_changed":false},"product_brand":[740],"product_cat":[305],"product_tag":[953,992,938,990,1005,939],"class_list":{"0":"post-31047","1":"product","2":"type-product","3":"status-publish","4":"has-post-thumbnail","6":"product_brand-icotek","7":"product_cat-kabelgenomforingssystem-for-kablar-med-kontakt","8":"product_tag-eftermontering","9":"product_tag-kabelgenomforing","10":"product_tag-kabelinforing","11":"product_tag-kapsling","12":"product_tag-platbearbetning","13":"product_tag-tatning","15":"first","16":"instock","17":"shipping-taxable","18":"product-type-simple"},"acf":[],"yoast_head":"<!-- This site is optimized with the Yoast SEO Premium plugin v27.4 (Yoast SEO v27.4) - https:\/\/yoast.com\/product\/yoast-seo-premium-wordpress\/ -->\n<title>Kabelgenomf\u00f6ringskapsling 90\u00b0 | KEL-FG-ER - C-Pro<\/title>\n<meta name=\"description\" content=\"Kabelgenomf\u00f6ringskapsling 90\u00b0 \/ KEL-FG-ER i IP65 med dragavlastning. F\u00f6r installation av kablar med kontakter och ledningar i 90 \u00b0 vinkel. L\u00e4s Mer!\" \/>\n<meta name=\"robots\" content=\"index, follow, max-snippet:-1, max-image-preview:large, max-video-preview:-1\" \/>\n<link rel=\"canonical\" href=\"https:\/\/c-profil.se\/english\/product\/split-90-flange-enclosure-kel-fg-er\/\" \/>\n<meta property=\"og:locale\" content=\"en_US\" \/>\n<meta property=\"og:type\" content=\"article\" \/>\n<meta property=\"og:title\" content=\"Kabelgenomf\u00f6ringskapsling 90\u00b0 | KEL-FG-ER - C-Pro\" \/>\n<meta property=\"og:description\" content=\"Kabelgenomf\u00f6ringskapsling 90\u00b0 \/ KEL-FG-ER i IP65 med dragavlastning. F\u00f6r installation av kablar med kontakter och ledningar i 90 \u00b0 vinkel mot maskinv\u00e4gar, inneslutningar eller sk\u00e5p. Passar kabeldiametrar fr\u00e5n 1 till 16 mm (1-kabelinsats KT 1-15) och 16 till 35 mm (enkelh\u00e5lsinsats KT 16 \u2013 34). S\u00e4ndningen inneh\u00e5ller en platt gummipackning.    KEL-FG-ER-A-ramen passar h\u00e5ltagningsdimensionen f\u00f6r 24-pin standard industri kontakt  KEL-FG-ER-B-ramen har\u00a0 h\u00e5ltagningsm\u00e5ttet 36x46mm  KEL-FG-ER-E-versionen passar speciellt bra f\u00f6r platta kontakter   Den lilla ramen kan anv\u00e4ndas perfekt i begr\u00e4nsat utrymme    F\u00f6rdelar:    Installation 90\u00b0 fr\u00e5n v\u00e4gg  Mekaniskt skydd f\u00f6r kablar direkt vid ing\u00e5ngen  St\u00e4nkskydd (IP65) vid inledningsst\u00e4llet  Garantier p\u00e5 f\u00f6rkontakterade kablar bibeh\u00e5lles  Dragavlastning enligt EN 62444  H\u00f6g stabilitet, vibrationst\u00e5lig\" \/>\n<meta property=\"og:url\" content=\"https:\/\/c-profil.se\/english\/product\/split-90-flange-enclosure-kel-fg-er\/\" \/>\n<meta property=\"og:site_name\" content=\"C-Pro\" \/>\n<meta property=\"article:publisher\" content=\"https:\/\/www.facebook.com\/people\/C-Pro\/61561767306874\/\" \/>\n<meta property=\"article:modified_time\" content=\"2026-03-19T14:10:00+00:00\" \/>\n<meta property=\"og:image\" content=\"https:\/\/c-profil.se\/wp-content\/uploads\/2022\/04\/Kabelgenomforingskapsling-90-KEL-FG-ER.jpg\" \/>\n\t<meta property=\"og:image:width\" content=\"1000\" \/>\n\t<meta property=\"og:image:height\" content=\"1000\" \/>\n\t<meta property=\"og:image:type\" content=\"image\/jpeg\" \/>\n<meta name=\"twitter:card\" content=\"summary_large_image\" \/>\n<meta name=\"twitter:label1\" content=\"Price\" \/>\n\t<meta name=\"twitter:data1\" content=\"\" \/>\n\t<meta name=\"twitter:label2\" content=\"Availability\" \/>\n\t<meta name=\"twitter:data2\" content=\"In stock\" \/>\n<script type=\"application\/ld+json\" class=\"yoast-schema-graph\">{\"@context\":\"https:\\\/\\\/schema.org\",\"@graph\":[{\"@type\":\"WebPage\",\"@id\":\"https:\\\/\\\/c-profil.se\\\/produkt\\\/kabelgenomforingskapsling-90-kel-fg-er\\\/\",\"url\":\"https:\\\/\\\/c-profil.se\\\/produkt\\\/kabelgenomforingskapsling-90-kel-fg-er\\\/\",\"name\":\"Kabelgenomf\u00f6ringskapsling 90\u00b0 | KEL-FG-ER - C-Pro\",\"isPartOf\":{\"@id\":\"https:\\\/\\\/c-profil.se\\\/#website\"},\"primaryImageOfPage\":{\"@id\":\"https:\\\/\\\/c-profil.se\\\/produkt\\\/kabelgenomforingskapsling-90-kel-fg-er\\\/#primaryimage\"},\"image\":{\"@id\":\"https:\\\/\\\/c-profil.se\\\/produkt\\\/kabelgenomforingskapsling-90-kel-fg-er\\\/#primaryimage\"},\"thumbnailUrl\":\"https:\\\/\\\/c-profil.se\\\/wp-content\\\/uploads\\\/2022\\\/04\\\/Kabelgenomforingskapsling-90-KEL-FG-ER.jpg\",\"datePublished\":\"2022-04-01T09:18:00+00:00\",\"dateModified\":\"2026-03-19T14:10:00+00:00\",\"description\":\"Kabelgenomf\u00f6ringskapsling 90\u00b0 \\\/ KEL-FG-ER i IP65 med dragavlastning. F\u00f6r installation av kablar med kontakter och ledningar i 90 \u00b0 vinkel. L\u00e4s Mer!\",\"breadcrumb\":{\"@id\":\"https:\\\/\\\/c-profil.se\\\/produkt\\\/kabelgenomforingskapsling-90-kel-fg-er\\\/#breadcrumb\"},\"inLanguage\":\"en\",\"potentialAction\":[{\"@type\":\"ReadAction\",\"target\":[\"https:\\\/\\\/c-profil.se\\\/produkt\\\/kabelgenomforingskapsling-90-kel-fg-er\\\/\"]}]},{\"@type\":\"ImageObject\",\"inLanguage\":\"en\",\"@id\":\"https:\\\/\\\/c-profil.se\\\/produkt\\\/kabelgenomforingskapsling-90-kel-fg-er\\\/#primaryimage\",\"url\":\"https:\\\/\\\/c-profil.se\\\/wp-content\\\/uploads\\\/2022\\\/04\\\/Kabelgenomforingskapsling-90-KEL-FG-ER.jpg\",\"contentUrl\":\"https:\\\/\\\/c-profil.se\\\/wp-content\\\/uploads\\\/2022\\\/04\\\/Kabelgenomforingskapsling-90-KEL-FG-ER.jpg\",\"width\":1000,\"height\":1000,\"caption\":\"Kabelgenomf\u00f6ringskapsling 90 KEL-FG-ER\"},{\"@type\":\"BreadcrumbList\",\"@id\":\"https:\\\/\\\/c-profil.se\\\/produkt\\\/kabelgenomforingskapsling-90-kel-fg-er\\\/#breadcrumb\",\"itemListElement\":[{\"@type\":\"ListItem\",\"position\":1,\"name\":\"Hem\",\"item\":\"https:\\\/\\\/c-profil.se\\\/\"},{\"@type\":\"ListItem\",\"position\":2,\"name\":\"Produkter\",\"item\":\"https:\\\/\\\/c-profil.se\\\/produkter\\\/\"},{\"@type\":\"ListItem\",\"position\":3,\"name\":\"Kabelgenomf\u00f6ringssystem f\u00f6r kablar med kontakt\",\"item\":\"https:\\\/\\\/c-profil.se\\\/produkt-kategori\\\/kabelgenomforingssystem-for-kablar-med-kontakt\\\/\"},{\"@type\":\"ListItem\",\"position\":4,\"name\":\"Kabelgenomf\u00f6ringskapsling 90\u00b0 | KEL-FG-ER\"}]},{\"@type\":\"WebSite\",\"@id\":\"https:\\\/\\\/c-profil.se\\\/#website\",\"url\":\"https:\\\/\\\/c-profil.se\\\/\",\"name\":\"C-Pro\",\"description\":\"Produkter f\u00f6r El och Automation\",\"publisher\":{\"@id\":\"https:\\\/\\\/c-profil.se\\\/#organization\"},\"potentialAction\":[{\"@type\":\"SearchAction\",\"target\":{\"@type\":\"EntryPoint\",\"urlTemplate\":\"https:\\\/\\\/c-profil.se\\\/?s={search_term_string}\"},\"query-input\":{\"@type\":\"PropertyValueSpecification\",\"valueRequired\":true,\"valueName\":\"search_term_string\"}}],\"inLanguage\":\"en\"},{\"@type\":\"Organization\",\"@id\":\"https:\\\/\\\/c-profil.se\\\/#organization\",\"name\":\"C-Pro\",\"alternateName\":\"C-PRO\",\"url\":\"https:\\\/\\\/c-profil.se\\\/\",\"logo\":{\"@type\":\"ImageObject\",\"inLanguage\":\"en\",\"@id\":\"https:\\\/\\\/c-profil.se\\\/#\\\/schema\\\/logo\\\/image\\\/\",\"url\":\"https:\\\/\\\/c-profil.se\\\/wp-content\\\/uploads\\\/2022\\\/03\\\/c-pro-logga-liggande-500x500-1.png\",\"contentUrl\":\"https:\\\/\\\/c-profil.se\\\/wp-content\\\/uploads\\\/2022\\\/03\\\/c-pro-logga-liggande-500x500-1.png\",\"width\":500,\"height\":500,\"caption\":\"C-Pro\"},\"image\":{\"@id\":\"https:\\\/\\\/c-profil.se\\\/#\\\/schema\\\/logo\\\/image\\\/\"},\"sameAs\":[\"https:\\\/\\\/www.facebook.com\\\/people\\\/C-Pro\\\/61561767306874\\\/\",\"https:\\\/\\\/www.linkedin.com\\\/company\\\/c-pro-ab\",\"https:\\\/\\\/www.instagram.com\\\/cpro.ab\\\/\"],\"description\":\"C-PRO AB \u00e4r en helt\u00e4ckande leverant\u00f6r av material f\u00f6r applikationer inom el och automation. \u00c4nda sedan starten 1987 har vi f\u00f6rsett den svenska tillverkande industrin med elmaterial. Trots v\u00e5r storlek och ledande position har vi aldrig \u00f6vergett v\u00e5r grundfilosofi, att vara en personlig leverant\u00f6r. Vi p\u00e5 C-PRO \u00e4r l\u00e4tta att komma i kontakt med, \u00e4rliga och brinner f\u00f6r att l\u00f6sa v\u00e5ra kunders problem.\",\"email\":\"info@c-profil.se\",\"telephone\":\"031575785\",\"legalName\":\"C-Profil F\u00f6rl\u00e4ggningsmaterial AB\",\"foundingDate\":\"1987-01-01\"}]}<\/script>\n<meta property=\"product:brand\" content=\"eftermontering\" \/>\n<meta property=\"product:price:currency\" content=\"SEK\" \/>\n<meta property=\"og:availability\" content=\"instock\" \/>\n<meta property=\"product:availability\" content=\"instock\" \/>\n<meta property=\"product:retailer_item_id\" content=\"KEL-FG-ER\" \/>\n<meta property=\"product:condition\" content=\"new\" \/>\n<!-- \/ Yoast SEO Premium plugin. -->","yoast_head_json":{"title":"Cable gland 90\u00b0 | KEL-FG-ER - C-Pro","description":"Split flange enclosure 90\u00b0 \/ KEL-FG-ER in IP65 are suitable for installation, sealing and strain relief of cables with connectors and wires at a 90 \u00b0 angle. Read more!","robots":{"index":"index","follow":"follow","max-snippet":"max-snippet:-1","max-image-preview":"max-image-preview:large","max-video-preview":"max-video-preview:-1"},"canonical":"https:\/\/c-profil.se\/english\/product\/split-90-flange-enclosure-kel-fg-er\/","og_locale":"en_US","og_type":"article","og_title":"Kabelgenomf\u00f6ringskapsling 90\u00b0 | KEL-FG-ER - C-Pro","og_description":"Kabelgenomf\u00f6ringskapsling 90\u00b0 \/ KEL-FG-ER i IP65 med dragavlastning. F\u00f6r installation av kablar med kontakter och ledningar i 90 \u00b0 vinkel mot maskinv\u00e4gar, inneslutningar eller sk\u00e5p. Passar kabeldiametrar fr\u00e5n 1 till 16 mm (1-kabelinsats KT 1-15) och 16 till 35 mm (enkelh\u00e5lsinsats KT 16 \u2013 34). S\u00e4ndningen inneh\u00e5ller en platt gummipackning.    KEL-FG-ER-A-ramen passar h\u00e5ltagningsdimensionen f\u00f6r 24-pin standard industri kontakt  KEL-FG-ER-B-ramen har\u00a0 h\u00e5ltagningsm\u00e5ttet 36x46mm  KEL-FG-ER-E-versionen passar speciellt bra f\u00f6r platta kontakter   Den lilla ramen kan anv\u00e4ndas perfekt i begr\u00e4nsat utrymme    F\u00f6rdelar:    Installation 90\u00b0 fr\u00e5n v\u00e4gg  Mekaniskt skydd f\u00f6r kablar direkt vid ing\u00e5ngen  St\u00e4nkskydd (IP65) vid inledningsst\u00e4llet  Garantier p\u00e5 f\u00f6rkontakterade kablar bibeh\u00e5lles  Dragavlastning enligt EN 62444  H\u00f6g stabilitet, vibrationst\u00e5lig","og_url":"https:\/\/c-profil.se\/english\/product\/split-90-flange-enclosure-kel-fg-er\/","og_site_name":"C-Pro","article_publisher":"https:\/\/www.facebook.com\/people\/C-Pro\/61561767306874\/","article_modified_time":"2026-03-19T14:10:00+00:00","og_image":[{"width":1000,"height":1000,"url":"https:\/\/c-profil.se\/wp-content\/uploads\/2022\/04\/Kabelgenomforingskapsling-90-KEL-FG-ER.jpg","type":"image\/jpeg"}],"twitter_card":"summary_large_image","twitter_misc":{"Price":"","Availability":"In stock"},"schema":{"@context":"https:\/\/schema.org","@graph":[{"@type":"WebPage","@id":"https:\/\/c-profil.se\/produkt\/kabelgenomforingskapsling-90-kel-fg-er\/","url":"https:\/\/c-profil.se\/produkt\/kabelgenomforingskapsling-90-kel-fg-er\/","name":"Cable gland 90\u00b0 | KEL-FG-ER - C-Pro","isPartOf":{"@id":"https:\/\/c-profil.se\/#website"},"primaryImageOfPage":{"@id":"https:\/\/c-profil.se\/produkt\/kabelgenomforingskapsling-90-kel-fg-er\/#primaryimage"},"image":{"@id":"https:\/\/c-profil.se\/produkt\/kabelgenomforingskapsling-90-kel-fg-er\/#primaryimage"},"thumbnailUrl":"https:\/\/c-profil.se\/wp-content\/uploads\/2022\/04\/Kabelgenomforingskapsling-90-KEL-FG-ER.jpg","datePublished":"2022-04-01T09:18:00+00:00","dateModified":"2026-03-19T14:10:00+00:00","description":"Split flange enclosure 90\u00b0 \/ KEL-FG-ER in IP65 are suitable for installation, sealing and strain relief of cables with connectors and wires at a 90 \u00b0 angle. Read more!","breadcrumb":{"@id":"https:\/\/c-profil.se\/produkt\/kabelgenomforingskapsling-90-kel-fg-er\/#breadcrumb"},"inLanguage":"en","potentialAction":[{"@type":"ReadAction","target":["https:\/\/c-profil.se\/produkt\/kabelgenomforingskapsling-90-kel-fg-er\/"]}]},{"@type":"ImageObject","inLanguage":"en","@id":"https:\/\/c-profil.se\/produkt\/kabelgenomforingskapsling-90-kel-fg-er\/#primaryimage","url":"https:\/\/c-profil.se\/wp-content\/uploads\/2022\/04\/Kabelgenomforingskapsling-90-KEL-FG-ER.jpg","contentUrl":"https:\/\/c-profil.se\/wp-content\/uploads\/2022\/04\/Kabelgenomforingskapsling-90-KEL-FG-ER.jpg","width":1000,"height":1000,"caption":"Kabelgenomf\u00f6ringskapsling 90 KEL-FG-ER"},{"@type":"BreadcrumbList","@id":"https:\/\/c-profil.se\/produkt\/kabelgenomforingskapsling-90-kel-fg-er\/#breadcrumb","itemListElement":[{"@type":"ListItem","position":1,"name":"Hem","item":"https:\/\/c-profil.se\/"},{"@type":"ListItem","position":2,"name":"Produkter","item":"https:\/\/c-profil.se\/produkter\/"},{"@type":"ListItem","position":3,"name":"Kabelgenomf\u00f6ringssystem f\u00f6r kablar med kontakt","item":"https:\/\/c-profil.se\/produkt-kategori\/kabelgenomforingssystem-for-kablar-med-kontakt\/"},{"@type":"ListItem","position":4,"name":"Kabelgenomf\u00f6ringskapsling 90\u00b0 | KEL-FG-ER"}]},{"@type":"WebSite","@id":"https:\/\/c-profil.se\/#website","url":"https:\/\/c-profil.se\/","name":"C-Pro","description":"Products for Electricity and Automation","publisher":{"@id":"https:\/\/c-profil.se\/#organization"},"potentialAction":[{"@type":"SearchAction","target":{"@type":"EntryPoint","urlTemplate":"https:\/\/c-profil.se\/?s={search_term_string}"},"query-input":{"@type":"PropertyValueSpecification","valueRequired":true,"valueName":"search_term_string"}}],"inLanguage":"en"},{"@type":"Organization","@id":"https:\/\/c-profil.se\/#organization","name":"C-Pro","alternateName":"C-PRO","url":"https:\/\/c-profil.se\/","logo":{"@type":"ImageObject","inLanguage":"en","@id":"https:\/\/c-profil.se\/#\/schema\/logo\/image\/","url":"https:\/\/c-profil.se\/wp-content\/uploads\/2022\/03\/c-pro-logga-liggande-500x500-1.png","contentUrl":"https:\/\/c-profil.se\/wp-content\/uploads\/2022\/03\/c-pro-logga-liggande-500x500-1.png","width":500,"height":500,"caption":"C-Pro"},"image":{"@id":"https:\/\/c-profil.se\/#\/schema\/logo\/image\/"},"sameAs":["https:\/\/www.facebook.com\/people\/C-Pro\/61561767306874\/","https:\/\/www.linkedin.com\/company\/c-pro-ab","https:\/\/www.instagram.com\/cpro.ab\/"],"description":"C-PRO AB is a comprehensive supplier of materials for applications in electricity and automation. Ever since the start in 1987, we have supplied the Swedish manufacturing industry with electrical materials. Despite our size and leading position, we have never abandoned our basic philosophy, to be a personal supplier. We at C-PRO are easy to get in touch with, honest and passionate about solving our customers&#039; problems.","email":"info@c-profil.se","telephone":"031575785","legalName":"C-Profil F\u00f6rl\u00e4ggningsmaterial AB","foundingDate":"1987-01-01"}]},"product_brand":"eftermontering","product_price_currency":"SEK","og_availability":"instock","product_availability":"instock","product_retailer_item_id":"KEL-FG-ER","product_condition":"new"},"_links":{"self":[{"href":"https:\/\/c-profil.se\/english\/wp-json\/wp\/v2\/product\/31047","targetHints":{"allow":["GET"]}}],"collection":[{"href":"https:\/\/c-profil.se\/english\/wp-json\/wp\/v2\/product"}],"about":[{"href":"https:\/\/c-profil.se\/english\/wp-json\/wp\/v2\/types\/product"}],"version-history":[{"count":10,"href":"https:\/\/c-profil.se\/english\/wp-json\/wp\/v2\/product\/31047\/revisions"}],"predecessor-version":[{"id":74284,"href":"https:\/\/c-profil.se\/english\/wp-json\/wp\/v2\/product\/31047\/revisions\/74284"}],"wp:featuredmedia":[{"embeddable":true,"href":"https:\/\/c-profil.se\/english\/wp-json\/wp\/v2\/media\/51110"}],"wp:attachment":[{"href":"https:\/\/c-profil.se\/english\/wp-json\/wp\/v2\/media?parent=31047"}],"wp:term":[{"taxonomy":"product_brand","embeddable":true,"href":"https:\/\/c-profil.se\/english\/wp-json\/wp\/v2\/product_brand?post=31047"},{"taxonomy":"product_cat","embeddable":true,"href":"https:\/\/c-profil.se\/english\/wp-json\/wp\/v2\/product_cat?post=31047"},{"taxonomy":"product_tag","embeddable":true,"href":"https:\/\/c-profil.se\/english\/wp-json\/wp\/v2\/product_tag?post=31047"}],"curies":[{"name":"wp","href":"https:\/\/api.w.org\/{rel}","templated":true}]}}