{"id":30645,"date":"2022-03-17T10:55:00","date_gmt":"2022-03-17T09:55:00","guid":{"rendered":"https:\/\/c-profil.se\/?post_type=product&#038;p=30645"},"modified":"2026-03-17T14:53:02","modified_gmt":"2026-03-17T13:53:02","slug":"cable-tie-met","status":"publish","type":"product","link":"https:\/\/c-profil.se\/english\/produkt\/buntband-met\/","title":{"rendered":"Cable ties | MET"},"content":{"rendered":"<p><strong>Cable tie \/ MET is a high-performance cable tie with a stainless steel metal tongue for advanced applications<\/strong> where maximum holding power and flexibility are required.<br \/>\nThe smooth construction provides high cold resistance and reliable function even at low temperatures and low humidity.<\/p>","protected":false},"excerpt":{"rendered":"<p>Cable ties with metal tongue in stainless steel for advanced applications. The metal tongue securely bites into the cable tie in any position. With stainless steel metal tongue for the most advanced applications. With stainless steel metal tongue for the most advanced applications. The metal tongue bites securely into the body of the cable tie and in any position, according to a continuous range of fixation diameters.<\/p>\n<ul>\n<li>The cable tie is smooth and therefore flexible and resistant to low temperatures and in conditions with zero humidity.<\/li>\n<li>Cold resistance and opening tests confirm values \u200b\u200bthat are better than normal cable ties.<\/li>\n<\/ul>","protected":false},"featured_media":51520,"template":"","meta":{"_acf_changed":false},"product_brand":[747],"product_cat":[224],"product_tag":[970,975,969,946],"class_list":{"0":"post-30645","1":"product","2":"type-product","3":"status-publish","4":"has-post-thumbnail","6":"product_brand-sapiselco","7":"product_cat-buntband","8":"product_tag-dragning-av-kablage","9":"product_tag-fastsattning","10":"product_tag-installation","11":"product_tag-kabelhantering-i-apparatskap","13":"first","14":"instock","15":"shipping-taxable","16":"product-type-simple"},"acf":[],"yoast_head":"<!-- This site is optimized with the Yoast SEO Premium plugin v27.5 (Yoast SEO v27.5) - https:\/\/yoast.com\/product\/yoast-seo-premium-wordpress\/ -->\n<title>Buntband \/ MET - C-Pro<\/title>\n<meta name=\"description\" content=\"Buntband \/ MET med metalltunga i rostfritt st\u00e5l f\u00f6r avancerade applikationerna. Metaltungan biter s\u00e4kert in i buntbandet i valfri position. L\u00e4s Mer!\" \/>\n<meta name=\"robots\" content=\"index, follow, max-snippet:-1, max-image-preview:large, max-video-preview:-1\" \/>\n<link rel=\"canonical\" href=\"https:\/\/c-profil.se\/english\/product\/cable-tie-met\/\" \/>\n<meta property=\"og:locale\" content=\"en_US\" \/>\n<meta property=\"og:type\" content=\"article\" \/>\n<meta property=\"og:title\" content=\"Buntband | MET - C-Pro\" \/>\n<meta property=\"og:description\" content=\"Buntband \/ MET med metalltunga i rostfritt st\u00e5l f\u00f6r avancerade applikationerna. Metaltungan biter s\u00e4kert in i buntbandets i valfri position. med metalltunga i rostfritt st\u00e5l f\u00f6r de mest avancerade applikationerna. Metalltungan biter s\u00e4kert in i buntbandets kropp och i valfri position, enligt ett kontinuerligt intervall av fixeringsdiametrar.   Buntbandet \u00e4r sl\u00e4tt och d\u00e4rf\u00f6r flexibel och resistent mot l\u00e5ga temperaturer och i f\u00f6rh\u00e5llanden med noll luftfuktighet.  K\u00f6ldbest\u00e4ndighet och \u00f6ppningstest bekr\u00e4ftar v\u00e4rden som \u00e4r b\u00e4ttre \u00e4n normala buntband.\" \/>\n<meta property=\"og:url\" content=\"https:\/\/c-profil.se\/english\/product\/cable-tie-met\/\" \/>\n<meta property=\"og:site_name\" content=\"C-Pro\" \/>\n<meta property=\"article:publisher\" content=\"https:\/\/www.facebook.com\/people\/C-Pro\/61561767306874\/\" \/>\n<meta property=\"article:modified_time\" content=\"2026-03-17T13:53:02+00:00\" \/>\n<meta property=\"og:image\" content=\"https:\/\/c-profil.se\/wp-content\/uploads\/2022\/03\/Buntband-MET.jpg\" \/>\n\t<meta property=\"og:image:width\" content=\"1000\" \/>\n\t<meta property=\"og:image:height\" content=\"1000\" \/>\n\t<meta property=\"og:image:type\" content=\"image\/jpeg\" \/>\n<meta name=\"twitter:card\" content=\"summary_large_image\" \/>\n<meta name=\"twitter:label1\" content=\"Price\" \/>\n\t<meta name=\"twitter:data1\" content=\"\" \/>\n\t<meta name=\"twitter:label2\" content=\"Availability\" \/>\n\t<meta name=\"twitter:data2\" content=\"In stock\" \/>\n<script type=\"application\/ld+json\" class=\"yoast-schema-graph\">{\"@context\":\"https:\\\/\\\/schema.org\",\"@graph\":[{\"@type\":\"WebPage\",\"@id\":\"https:\\\/\\\/c-profil.se\\\/produkt\\\/buntband-met\\\/\",\"url\":\"https:\\\/\\\/c-profil.se\\\/produkt\\\/buntband-met\\\/\",\"name\":\"Buntband \\\/ MET - C-Pro\",\"isPartOf\":{\"@id\":\"https:\\\/\\\/c-profil.se\\\/#website\"},\"primaryImageOfPage\":{\"@id\":\"https:\\\/\\\/c-profil.se\\\/produkt\\\/buntband-met\\\/#primaryimage\"},\"image\":{\"@id\":\"https:\\\/\\\/c-profil.se\\\/produkt\\\/buntband-met\\\/#primaryimage\"},\"thumbnailUrl\":\"https:\\\/\\\/c-profil.se\\\/wp-content\\\/uploads\\\/2022\\\/03\\\/Buntband-MET.jpg\",\"datePublished\":\"2022-03-17T09:55:00+00:00\",\"dateModified\":\"2026-03-17T13:53:02+00:00\",\"description\":\"Buntband \\\/ MET med metalltunga i rostfritt st\u00e5l f\u00f6r avancerade applikationerna. Metaltungan biter s\u00e4kert in i buntbandet i valfri position. L\u00e4s Mer!\",\"breadcrumb\":{\"@id\":\"https:\\\/\\\/c-profil.se\\\/produkt\\\/buntband-met\\\/#breadcrumb\"},\"inLanguage\":\"en\",\"potentialAction\":[{\"@type\":\"ReadAction\",\"target\":[\"https:\\\/\\\/c-profil.se\\\/produkt\\\/buntband-met\\\/\"]}]},{\"@type\":\"ImageObject\",\"inLanguage\":\"en\",\"@id\":\"https:\\\/\\\/c-profil.se\\\/produkt\\\/buntband-met\\\/#primaryimage\",\"url\":\"https:\\\/\\\/c-profil.se\\\/wp-content\\\/uploads\\\/2022\\\/03\\\/Buntband-MET.jpg\",\"contentUrl\":\"https:\\\/\\\/c-profil.se\\\/wp-content\\\/uploads\\\/2022\\\/03\\\/Buntband-MET.jpg\",\"width\":1000,\"height\":1000,\"caption\":\"Buntband MET\"},{\"@type\":\"BreadcrumbList\",\"@id\":\"https:\\\/\\\/c-profil.se\\\/produkt\\\/buntband-met\\\/#breadcrumb\",\"itemListElement\":[{\"@type\":\"ListItem\",\"position\":1,\"name\":\"Hem\",\"item\":\"https:\\\/\\\/c-profil.se\\\/\"},{\"@type\":\"ListItem\",\"position\":2,\"name\":\"Produkter\",\"item\":\"https:\\\/\\\/c-profil.se\\\/produkter\\\/\"},{\"@type\":\"ListItem\",\"position\":3,\"name\":\"Buntband\",\"item\":\"https:\\\/\\\/c-profil.se\\\/produkt-kategori\\\/buntband\\\/\"},{\"@type\":\"ListItem\",\"position\":4,\"name\":\"Buntband | MET\"}]},{\"@type\":\"WebSite\",\"@id\":\"https:\\\/\\\/c-profil.se\\\/#website\",\"url\":\"https:\\\/\\\/c-profil.se\\\/\",\"name\":\"C-Pro\",\"description\":\"Produkter f\u00f6r El och Automation\",\"publisher\":{\"@id\":\"https:\\\/\\\/c-profil.se\\\/#organization\"},\"potentialAction\":[{\"@type\":\"SearchAction\",\"target\":{\"@type\":\"EntryPoint\",\"urlTemplate\":\"https:\\\/\\\/c-profil.se\\\/?s={search_term_string}\"},\"query-input\":{\"@type\":\"PropertyValueSpecification\",\"valueRequired\":true,\"valueName\":\"search_term_string\"}}],\"inLanguage\":\"en\"},{\"@type\":\"Organization\",\"@id\":\"https:\\\/\\\/c-profil.se\\\/#organization\",\"name\":\"C-Pro\",\"alternateName\":\"C-PRO\",\"url\":\"https:\\\/\\\/c-profil.se\\\/\",\"logo\":{\"@type\":\"ImageObject\",\"inLanguage\":\"en\",\"@id\":\"https:\\\/\\\/c-profil.se\\\/#\\\/schema\\\/logo\\\/image\\\/\",\"url\":\"https:\\\/\\\/c-profil.se\\\/wp-content\\\/uploads\\\/2022\\\/03\\\/c-pro-logga-liggande-500x500-1.png\",\"contentUrl\":\"https:\\\/\\\/c-profil.se\\\/wp-content\\\/uploads\\\/2022\\\/03\\\/c-pro-logga-liggande-500x500-1.png\",\"width\":500,\"height\":500,\"caption\":\"C-Pro\"},\"image\":{\"@id\":\"https:\\\/\\\/c-profil.se\\\/#\\\/schema\\\/logo\\\/image\\\/\"},\"sameAs\":[\"https:\\\/\\\/www.facebook.com\\\/people\\\/C-Pro\\\/61561767306874\\\/\",\"https:\\\/\\\/www.linkedin.com\\\/company\\\/c-pro-ab\",\"https:\\\/\\\/www.instagram.com\\\/cpro.ab\\\/\"],\"description\":\"C-PRO AB \u00e4r en helt\u00e4ckande leverant\u00f6r av material f\u00f6r applikationer inom el och automation. \u00c4nda sedan starten 1987 har vi f\u00f6rsett den svenska tillverkande industrin med elmaterial. Trots v\u00e5r storlek och ledande position har vi aldrig \u00f6vergett v\u00e5r grundfilosofi, att vara en personlig leverant\u00f6r. Vi p\u00e5 C-PRO \u00e4r l\u00e4tta att komma i kontakt med, \u00e4rliga och brinner f\u00f6r att l\u00f6sa v\u00e5ra kunders problem.\",\"email\":\"info@c-profil.se\",\"telephone\":\"031575785\",\"legalName\":\"C-Profil F\u00f6rl\u00e4ggningsmaterial AB\",\"foundingDate\":\"1987-01-01\"}]}<\/script>\n<meta property=\"product:brand\" content=\"dragning av kablage\" \/>\n<meta property=\"product:price:currency\" content=\"SEK\" \/>\n<meta property=\"og:availability\" content=\"instock\" \/>\n<meta property=\"product:availability\" content=\"instock\" \/>\n<meta property=\"product:retailer_item_id\" content=\"MET\" \/>\n<meta property=\"product:condition\" content=\"new\" \/>\n<!-- \/ Yoast SEO Premium plugin. -->","yoast_head_json":{"title":"Cable Ties \/ MET - C-Pro","description":"Cable ties with metal tongue in stainless steel for advanced applications. The metal tongue securely bites into the cable tie in any position. Read More!","robots":{"index":"index","follow":"follow","max-snippet":"max-snippet:-1","max-image-preview":"max-image-preview:large","max-video-preview":"max-video-preview:-1"},"canonical":"https:\/\/c-profil.se\/english\/product\/cable-tie-met\/","og_locale":"en_US","og_type":"article","og_title":"Buntband | MET - C-Pro","og_description":"Buntband \/ MET med metalltunga i rostfritt st\u00e5l f\u00f6r avancerade applikationerna. Metaltungan biter s\u00e4kert in i buntbandets i valfri position. med metalltunga i rostfritt st\u00e5l f\u00f6r de mest avancerade applikationerna. Metalltungan biter s\u00e4kert in i buntbandets kropp och i valfri position, enligt ett kontinuerligt intervall av fixeringsdiametrar.   Buntbandet \u00e4r sl\u00e4tt och d\u00e4rf\u00f6r flexibel och resistent mot l\u00e5ga temperaturer och i f\u00f6rh\u00e5llanden med noll luftfuktighet.  K\u00f6ldbest\u00e4ndighet och \u00f6ppningstest bekr\u00e4ftar v\u00e4rden som \u00e4r b\u00e4ttre \u00e4n normala buntband.","og_url":"https:\/\/c-profil.se\/english\/product\/cable-tie-met\/","og_site_name":"C-Pro","article_publisher":"https:\/\/www.facebook.com\/people\/C-Pro\/61561767306874\/","article_modified_time":"2026-03-17T13:53:02+00:00","og_image":[{"width":1000,"height":1000,"url":"https:\/\/c-profil.se\/wp-content\/uploads\/2022\/03\/Buntband-MET.jpg","type":"image\/jpeg"}],"twitter_card":"summary_large_image","twitter_misc":{"Price":"","Availability":"In stock"},"schema":{"@context":"https:\/\/schema.org","@graph":[{"@type":"WebPage","@id":"https:\/\/c-profil.se\/produkt\/buntband-met\/","url":"https:\/\/c-profil.se\/produkt\/buntband-met\/","name":"Cable Ties \/ MET - C-Pro","isPartOf":{"@id":"https:\/\/c-profil.se\/#website"},"primaryImageOfPage":{"@id":"https:\/\/c-profil.se\/produkt\/buntband-met\/#primaryimage"},"image":{"@id":"https:\/\/c-profil.se\/produkt\/buntband-met\/#primaryimage"},"thumbnailUrl":"https:\/\/c-profil.se\/wp-content\/uploads\/2022\/03\/Buntband-MET.jpg","datePublished":"2022-03-17T09:55:00+00:00","dateModified":"2026-03-17T13:53:02+00:00","description":"Cable ties with metal tongue in stainless steel for advanced applications. The metal tongue securely bites into the cable tie in any position. Read More!","breadcrumb":{"@id":"https:\/\/c-profil.se\/produkt\/buntband-met\/#breadcrumb"},"inLanguage":"en","potentialAction":[{"@type":"ReadAction","target":["https:\/\/c-profil.se\/produkt\/buntband-met\/"]}]},{"@type":"ImageObject","inLanguage":"en","@id":"https:\/\/c-profil.se\/produkt\/buntband-met\/#primaryimage","url":"https:\/\/c-profil.se\/wp-content\/uploads\/2022\/03\/Buntband-MET.jpg","contentUrl":"https:\/\/c-profil.se\/wp-content\/uploads\/2022\/03\/Buntband-MET.jpg","width":1000,"height":1000,"caption":"Buntband MET"},{"@type":"BreadcrumbList","@id":"https:\/\/c-profil.se\/produkt\/buntband-met\/#breadcrumb","itemListElement":[{"@type":"ListItem","position":1,"name":"Hem","item":"https:\/\/c-profil.se\/"},{"@type":"ListItem","position":2,"name":"Produkter","item":"https:\/\/c-profil.se\/produkter\/"},{"@type":"ListItem","position":3,"name":"Buntband","item":"https:\/\/c-profil.se\/produkt-kategori\/buntband\/"},{"@type":"ListItem","position":4,"name":"Buntband | MET"}]},{"@type":"WebSite","@id":"https:\/\/c-profil.se\/#website","url":"https:\/\/c-profil.se\/","name":"C-Pro","description":"Products for Electricity and Automation","publisher":{"@id":"https:\/\/c-profil.se\/#organization"},"potentialAction":[{"@type":"SearchAction","target":{"@type":"EntryPoint","urlTemplate":"https:\/\/c-profil.se\/?s={search_term_string}"},"query-input":{"@type":"PropertyValueSpecification","valueRequired":true,"valueName":"search_term_string"}}],"inLanguage":"en"},{"@type":"Organization","@id":"https:\/\/c-profil.se\/#organization","name":"C-Pro","alternateName":"C-PRO","url":"https:\/\/c-profil.se\/","logo":{"@type":"ImageObject","inLanguage":"en","@id":"https:\/\/c-profil.se\/#\/schema\/logo\/image\/","url":"https:\/\/c-profil.se\/wp-content\/uploads\/2022\/03\/c-pro-logga-liggande-500x500-1.png","contentUrl":"https:\/\/c-profil.se\/wp-content\/uploads\/2022\/03\/c-pro-logga-liggande-500x500-1.png","width":500,"height":500,"caption":"C-Pro"},"image":{"@id":"https:\/\/c-profil.se\/#\/schema\/logo\/image\/"},"sameAs":["https:\/\/www.facebook.com\/people\/C-Pro\/61561767306874\/","https:\/\/www.linkedin.com\/company\/c-pro-ab","https:\/\/www.instagram.com\/cpro.ab\/"],"description":"C-PRO AB is a comprehensive supplier of materials for applications in electricity and automation. Ever since the start in 1987, we have supplied the Swedish manufacturing industry with electrical materials. Despite our size and leading position, we have never abandoned our basic philosophy, to be a personal supplier. We at C-PRO are easy to get in touch with, honest and passionate about solving our customers&#039; problems.","email":"info@c-profil.se","telephone":"031575785","legalName":"C-Profil F\u00f6rl\u00e4ggningsmaterial AB","foundingDate":"1987-01-01"}]},"product_brand":"dragning av kablage","product_price_currency":"SEK","og_availability":"instock","product_availability":"instock","product_retailer_item_id":"MET","product_condition":"new"},"_links":{"self":[{"href":"https:\/\/c-profil.se\/english\/wp-json\/wp\/v2\/product\/30645","targetHints":{"allow":["GET"]}}],"collection":[{"href":"https:\/\/c-profil.se\/english\/wp-json\/wp\/v2\/product"}],"about":[{"href":"https:\/\/c-profil.se\/english\/wp-json\/wp\/v2\/types\/product"}],"version-history":[{"count":9,"href":"https:\/\/c-profil.se\/english\/wp-json\/wp\/v2\/product\/30645\/revisions"}],"predecessor-version":[{"id":74398,"href":"https:\/\/c-profil.se\/english\/wp-json\/wp\/v2\/product\/30645\/revisions\/74398"}],"wp:featuredmedia":[{"embeddable":true,"href":"https:\/\/c-profil.se\/english\/wp-json\/wp\/v2\/media\/51520"}],"wp:attachment":[{"href":"https:\/\/c-profil.se\/english\/wp-json\/wp\/v2\/media?parent=30645"}],"wp:term":[{"taxonomy":"product_brand","embeddable":true,"href":"https:\/\/c-profil.se\/english\/wp-json\/wp\/v2\/product_brand?post=30645"},{"taxonomy":"product_cat","embeddable":true,"href":"https:\/\/c-profil.se\/english\/wp-json\/wp\/v2\/product_cat?post=30645"},{"taxonomy":"product_tag","embeddable":true,"href":"https:\/\/c-profil.se\/english\/wp-json\/wp\/v2\/product_tag?post=30645"}],"curies":[{"name":"wp","href":"https:\/\/api.w.org\/{rel}","templated":true}]}}