{"id":29964,"date":"2022-02-24T09:34:00","date_gmt":"2022-02-24T08:34:00","guid":{"rendered":"https:\/\/c-profil.se\/?post_type=product&#038;p=29964"},"modified":"2026-03-19T08:45:11","modified_gmt":"2026-03-19T07:45:11","slug":"drainage-device","status":"publish","type":"product","link":"https:\/\/c-profil.se\/english\/produkt\/draneringsventil\/","title":{"rendered":"Drainage device"},"content":{"rendered":"<p><strong>Drain valve is an effective solution for draining condensation in enclosures with a high protection class without compromising IP66.<\/strong><br \/>\nThe water-permeable membrane drains condensation via capillary effect while the design prevents the penetration of splash water.<\/p>","protected":false},"excerpt":{"rendered":"<p>In cabinets and boxes with a high protection class, temperature differences lead to condensation. By using a drain valve, it is possible to safely remove the condensation without losing the protection class of IP66. A water-permeable membrane ensures the drainage of the casing due to its capillary effect. The design prevents splash water from entering the interior of the housing. The drain valve is attached to the bottom of the cabinet in a hole of \u00d8 50.5 0.5 mm.<\/p>\n<ul>\n<li>Make sure that the sealing ring is on the outside and that the hole is free of burrs<\/li>\n<\/ul>","protected":false},"featured_media":51459,"template":"","meta":{"_acf_changed":false},"product_brand":[740],"product_cat":[334],"product_tag":[963,966,1000],"class_list":{"0":"post-29964","1":"product","2":"type-product","3":"status-publish","4":"has-post-thumbnail","6":"product_brand-icotek","7":"product_cat-ventilation-dranering","8":"product_tag-klimatisering-av-apparatskap","9":"product_tag-kondensskydd","10":"product_tag-tryckutjamning","12":"first","13":"instock","14":"shipping-taxable","15":"product-type-simple"},"acf":[],"yoast_head":"<!-- This site is optimized with the Yoast SEO Premium plugin v27.4 (Yoast SEO v27.4) - https:\/\/yoast.com\/product\/yoast-seo-premium-wordpress\/ -->\n<title>Dr\u00e4neringsventil - C-Pro<\/title>\n<meta name=\"description\" content=\"Genom att anv\u00e4nda en dr\u00e4neringsventil \u00e4r det m\u00f6jligt att s\u00e4kert f\u00e5 bort kondensen utan att f\u00f6rlora skyddsklassen p\u00e5 IP66. L\u00e4s Mer!\" \/>\n<meta name=\"robots\" content=\"index, follow, max-snippet:-1, max-image-preview:large, max-video-preview:-1\" \/>\n<link rel=\"canonical\" href=\"https:\/\/c-profil.se\/english\/product\/drainage-device\/\" \/>\n<meta property=\"og:locale\" content=\"en_US\" \/>\n<meta property=\"og:type\" content=\"article\" \/>\n<meta property=\"og:title\" content=\"Dr\u00e4neringsventil - C-Pro\" \/>\n<meta property=\"og:description\" content=\"I kapslingar och h\u00f6ljen med h\u00f6g skyddsklass leder temperaturskillnader till kondens. Genom att anv\u00e4nda en dr\u00e4neringsventil \u00e4r det m\u00f6jligt att s\u00e4kert f\u00e5 bort kondensen utan att f\u00f6rlora skyddsklassen p\u00e5 IP66. Ett vattengenomsl\u00e4ppligt membran s\u00e4kerst\u00e4ller dr\u00e4neringen av h\u00f6ljet p\u00e5 grund av dess kapill\u00e4reffekt. Designen f\u00f6rhindrar att st\u00e4nkvatten kommer in i h\u00f6ljets inre. Dr\u00e4neringventilen f\u00e4sts i botten av sk\u00e5pet i ett h\u00e5l p\u00e5 \u00d8 50,5 0,5 mm.   Se till att t\u00e4tningsringen sitter p\u00e5 yttersidan och att h\u00e5let \u00e4r fritt fr\u00e5n grader\" \/>\n<meta property=\"og:url\" content=\"https:\/\/c-profil.se\/english\/product\/drainage-device\/\" \/>\n<meta property=\"og:site_name\" content=\"C-Pro\" \/>\n<meta property=\"article:publisher\" content=\"https:\/\/www.facebook.com\/people\/C-Pro\/61561767306874\/\" \/>\n<meta property=\"article:modified_time\" content=\"2026-03-19T07:45:11+00:00\" \/>\n<meta property=\"og:image\" content=\"https:\/\/c-profil.se\/wp-content\/uploads\/2022\/02\/Draneringsventil-M50.jpg\" \/>\n\t<meta property=\"og:image:width\" content=\"1000\" \/>\n\t<meta property=\"og:image:height\" content=\"1000\" \/>\n\t<meta property=\"og:image:type\" content=\"image\/jpeg\" \/>\n<meta name=\"twitter:card\" content=\"summary_large_image\" \/>\n<meta name=\"twitter:label1\" content=\"Price\" \/>\n\t<meta name=\"twitter:data1\" content=\"\" \/>\n\t<meta name=\"twitter:label2\" content=\"Availability\" \/>\n\t<meta name=\"twitter:data2\" content=\"In stock\" \/>\n<script type=\"application\/ld+json\" class=\"yoast-schema-graph\">{\"@context\":\"https:\\\/\\\/schema.org\",\"@graph\":[{\"@type\":\"WebPage\",\"@id\":\"https:\\\/\\\/c-profil.se\\\/produkt\\\/draneringsventil\\\/\",\"url\":\"https:\\\/\\\/c-profil.se\\\/produkt\\\/draneringsventil\\\/\",\"name\":\"Dr\u00e4neringsventil - C-Pro\",\"isPartOf\":{\"@id\":\"https:\\\/\\\/c-profil.se\\\/#website\"},\"primaryImageOfPage\":{\"@id\":\"https:\\\/\\\/c-profil.se\\\/produkt\\\/draneringsventil\\\/#primaryimage\"},\"image\":{\"@id\":\"https:\\\/\\\/c-profil.se\\\/produkt\\\/draneringsventil\\\/#primaryimage\"},\"thumbnailUrl\":\"https:\\\/\\\/c-profil.se\\\/wp-content\\\/uploads\\\/2022\\\/02\\\/Draneringsventil-M50.jpg\",\"datePublished\":\"2022-02-24T08:34:00+00:00\",\"dateModified\":\"2026-03-19T07:45:11+00:00\",\"description\":\"Genom att anv\u00e4nda en dr\u00e4neringsventil \u00e4r det m\u00f6jligt att s\u00e4kert f\u00e5 bort kondensen utan att f\u00f6rlora skyddsklassen p\u00e5 IP66. L\u00e4s Mer!\",\"breadcrumb\":{\"@id\":\"https:\\\/\\\/c-profil.se\\\/produkt\\\/draneringsventil\\\/#breadcrumb\"},\"inLanguage\":\"en\",\"potentialAction\":[{\"@type\":\"ReadAction\",\"target\":[\"https:\\\/\\\/c-profil.se\\\/produkt\\\/draneringsventil\\\/\"]}]},{\"@type\":\"ImageObject\",\"inLanguage\":\"en\",\"@id\":\"https:\\\/\\\/c-profil.se\\\/produkt\\\/draneringsventil\\\/#primaryimage\",\"url\":\"https:\\\/\\\/c-profil.se\\\/wp-content\\\/uploads\\\/2022\\\/02\\\/Draneringsventil-M50.jpg\",\"contentUrl\":\"https:\\\/\\\/c-profil.se\\\/wp-content\\\/uploads\\\/2022\\\/02\\\/Draneringsventil-M50.jpg\",\"width\":1000,\"height\":1000,\"caption\":\"Dr\u00e4neringsventil M50\"},{\"@type\":\"BreadcrumbList\",\"@id\":\"https:\\\/\\\/c-profil.se\\\/produkt\\\/draneringsventil\\\/#breadcrumb\",\"itemListElement\":[{\"@type\":\"ListItem\",\"position\":1,\"name\":\"Hem\",\"item\":\"https:\\\/\\\/c-profil.se\\\/\"},{\"@type\":\"ListItem\",\"position\":2,\"name\":\"Produkter\",\"item\":\"https:\\\/\\\/c-profil.se\\\/produkter\\\/\"},{\"@type\":\"ListItem\",\"position\":3,\"name\":\"Ventilation &amp; Dr\u00e4nering\",\"item\":\"https:\\\/\\\/c-profil.se\\\/produkt-kategori\\\/ventilation-dranering\\\/\"},{\"@type\":\"ListItem\",\"position\":4,\"name\":\"Dr\u00e4neringsventil\"}]},{\"@type\":\"WebSite\",\"@id\":\"https:\\\/\\\/c-profil.se\\\/#website\",\"url\":\"https:\\\/\\\/c-profil.se\\\/\",\"name\":\"C-Pro\",\"description\":\"Produkter f\u00f6r El och Automation\",\"publisher\":{\"@id\":\"https:\\\/\\\/c-profil.se\\\/#organization\"},\"potentialAction\":[{\"@type\":\"SearchAction\",\"target\":{\"@type\":\"EntryPoint\",\"urlTemplate\":\"https:\\\/\\\/c-profil.se\\\/?s={search_term_string}\"},\"query-input\":{\"@type\":\"PropertyValueSpecification\",\"valueRequired\":true,\"valueName\":\"search_term_string\"}}],\"inLanguage\":\"en\"},{\"@type\":\"Organization\",\"@id\":\"https:\\\/\\\/c-profil.se\\\/#organization\",\"name\":\"C-Pro\",\"alternateName\":\"C-PRO\",\"url\":\"https:\\\/\\\/c-profil.se\\\/\",\"logo\":{\"@type\":\"ImageObject\",\"inLanguage\":\"en\",\"@id\":\"https:\\\/\\\/c-profil.se\\\/#\\\/schema\\\/logo\\\/image\\\/\",\"url\":\"https:\\\/\\\/c-profil.se\\\/wp-content\\\/uploads\\\/2022\\\/03\\\/c-pro-logga-liggande-500x500-1.png\",\"contentUrl\":\"https:\\\/\\\/c-profil.se\\\/wp-content\\\/uploads\\\/2022\\\/03\\\/c-pro-logga-liggande-500x500-1.png\",\"width\":500,\"height\":500,\"caption\":\"C-Pro\"},\"image\":{\"@id\":\"https:\\\/\\\/c-profil.se\\\/#\\\/schema\\\/logo\\\/image\\\/\"},\"sameAs\":[\"https:\\\/\\\/www.facebook.com\\\/people\\\/C-Pro\\\/61561767306874\\\/\",\"https:\\\/\\\/www.linkedin.com\\\/company\\\/c-pro-ab\",\"https:\\\/\\\/www.instagram.com\\\/cpro.ab\\\/\"],\"description\":\"C-PRO AB \u00e4r en helt\u00e4ckande leverant\u00f6r av material f\u00f6r applikationer inom el och automation. \u00c4nda sedan starten 1987 har vi f\u00f6rsett den svenska tillverkande industrin med elmaterial. Trots v\u00e5r storlek och ledande position har vi aldrig \u00f6vergett v\u00e5r grundfilosofi, att vara en personlig leverant\u00f6r. Vi p\u00e5 C-PRO \u00e4r l\u00e4tta att komma i kontakt med, \u00e4rliga och brinner f\u00f6r att l\u00f6sa v\u00e5ra kunders problem.\",\"email\":\"info@c-profil.se\",\"telephone\":\"031575785\",\"legalName\":\"C-Profil F\u00f6rl\u00e4ggningsmaterial AB\",\"foundingDate\":\"1987-01-01\"}]}<\/script>\n<meta property=\"product:brand\" content=\"klimatisering av apparatsk\u00e5p\" \/>\n<meta property=\"product:price:currency\" content=\"SEK\" \/>\n<meta property=\"og:availability\" content=\"instock\" \/>\n<meta property=\"product:availability\" content=\"instock\" \/>\n<meta property=\"product:retailer_item_id\" content=\"Dr\u00e4neringsventil\" \/>\n<meta property=\"product:condition\" content=\"new\" \/>\n<!-- \/ Yoast SEO Premium plugin. -->","yoast_head_json":{"title":"Drainage device - C-Pro","description":"By using a drainage device, it is possible to safely remove the condensation without losing the protection class of IP66. Read More!","robots":{"index":"index","follow":"follow","max-snippet":"max-snippet:-1","max-image-preview":"max-image-preview:large","max-video-preview":"max-video-preview:-1"},"canonical":"https:\/\/c-profil.se\/english\/product\/drainage-device\/","og_locale":"en_US","og_type":"article","og_title":"Dr\u00e4neringsventil - C-Pro","og_description":"I kapslingar och h\u00f6ljen med h\u00f6g skyddsklass leder temperaturskillnader till kondens. Genom att anv\u00e4nda en dr\u00e4neringsventil \u00e4r det m\u00f6jligt att s\u00e4kert f\u00e5 bort kondensen utan att f\u00f6rlora skyddsklassen p\u00e5 IP66. Ett vattengenomsl\u00e4ppligt membran s\u00e4kerst\u00e4ller dr\u00e4neringen av h\u00f6ljet p\u00e5 grund av dess kapill\u00e4reffekt. Designen f\u00f6rhindrar att st\u00e4nkvatten kommer in i h\u00f6ljets inre. Dr\u00e4neringventilen f\u00e4sts i botten av sk\u00e5pet i ett h\u00e5l p\u00e5 \u00d8 50,5 0,5 mm.   Se till att t\u00e4tningsringen sitter p\u00e5 yttersidan och att h\u00e5let \u00e4r fritt fr\u00e5n grader","og_url":"https:\/\/c-profil.se\/english\/product\/drainage-device\/","og_site_name":"C-Pro","article_publisher":"https:\/\/www.facebook.com\/people\/C-Pro\/61561767306874\/","article_modified_time":"2026-03-19T07:45:11+00:00","og_image":[{"width":1000,"height":1000,"url":"https:\/\/c-profil.se\/wp-content\/uploads\/2022\/02\/Draneringsventil-M50.jpg","type":"image\/jpeg"}],"twitter_card":"summary_large_image","twitter_misc":{"Price":"","Availability":"In stock"},"schema":{"@context":"https:\/\/schema.org","@graph":[{"@type":"WebPage","@id":"https:\/\/c-profil.se\/produkt\/draneringsventil\/","url":"https:\/\/c-profil.se\/produkt\/draneringsventil\/","name":"Drainage device - C-Pro","isPartOf":{"@id":"https:\/\/c-profil.se\/#website"},"primaryImageOfPage":{"@id":"https:\/\/c-profil.se\/produkt\/draneringsventil\/#primaryimage"},"image":{"@id":"https:\/\/c-profil.se\/produkt\/draneringsventil\/#primaryimage"},"thumbnailUrl":"https:\/\/c-profil.se\/wp-content\/uploads\/2022\/02\/Draneringsventil-M50.jpg","datePublished":"2022-02-24T08:34:00+00:00","dateModified":"2026-03-19T07:45:11+00:00","description":"By using a drainage device, it is possible to safely remove the condensation without losing the protection class of IP66. Read More!","breadcrumb":{"@id":"https:\/\/c-profil.se\/produkt\/draneringsventil\/#breadcrumb"},"inLanguage":"en","potentialAction":[{"@type":"ReadAction","target":["https:\/\/c-profil.se\/produkt\/draneringsventil\/"]}]},{"@type":"ImageObject","inLanguage":"en","@id":"https:\/\/c-profil.se\/produkt\/draneringsventil\/#primaryimage","url":"https:\/\/c-profil.se\/wp-content\/uploads\/2022\/02\/Draneringsventil-M50.jpg","contentUrl":"https:\/\/c-profil.se\/wp-content\/uploads\/2022\/02\/Draneringsventil-M50.jpg","width":1000,"height":1000,"caption":"Dr\u00e4neringsventil M50"},{"@type":"BreadcrumbList","@id":"https:\/\/c-profil.se\/produkt\/draneringsventil\/#breadcrumb","itemListElement":[{"@type":"ListItem","position":1,"name":"Hem","item":"https:\/\/c-profil.se\/"},{"@type":"ListItem","position":2,"name":"Produkter","item":"https:\/\/c-profil.se\/produkter\/"},{"@type":"ListItem","position":3,"name":"Ventilation &amp; Dr\u00e4nering","item":"https:\/\/c-profil.se\/produkt-kategori\/ventilation-dranering\/"},{"@type":"ListItem","position":4,"name":"Dr\u00e4neringsventil"}]},{"@type":"WebSite","@id":"https:\/\/c-profil.se\/#website","url":"https:\/\/c-profil.se\/","name":"C-Pro","description":"Products for Electricity and Automation","publisher":{"@id":"https:\/\/c-profil.se\/#organization"},"potentialAction":[{"@type":"SearchAction","target":{"@type":"EntryPoint","urlTemplate":"https:\/\/c-profil.se\/?s={search_term_string}"},"query-input":{"@type":"PropertyValueSpecification","valueRequired":true,"valueName":"search_term_string"}}],"inLanguage":"en"},{"@type":"Organization","@id":"https:\/\/c-profil.se\/#organization","name":"C-Pro","alternateName":"C-PRO","url":"https:\/\/c-profil.se\/","logo":{"@type":"ImageObject","inLanguage":"en","@id":"https:\/\/c-profil.se\/#\/schema\/logo\/image\/","url":"https:\/\/c-profil.se\/wp-content\/uploads\/2022\/03\/c-pro-logga-liggande-500x500-1.png","contentUrl":"https:\/\/c-profil.se\/wp-content\/uploads\/2022\/03\/c-pro-logga-liggande-500x500-1.png","width":500,"height":500,"caption":"C-Pro"},"image":{"@id":"https:\/\/c-profil.se\/#\/schema\/logo\/image\/"},"sameAs":["https:\/\/www.facebook.com\/people\/C-Pro\/61561767306874\/","https:\/\/www.linkedin.com\/company\/c-pro-ab","https:\/\/www.instagram.com\/cpro.ab\/"],"description":"C-PRO AB is a comprehensive supplier of materials for applications in electricity and automation. Ever since the start in 1987, we have supplied the Swedish manufacturing industry with electrical materials. Despite our size and leading position, we have never abandoned our basic philosophy, to be a personal supplier. We at C-PRO are easy to get in touch with, honest and passionate about solving our customers&#039; problems.","email":"info@c-profil.se","telephone":"031575785","legalName":"C-Profil F\u00f6rl\u00e4ggningsmaterial AB","foundingDate":"1987-01-01"}]},"product_brand":"klimatisering av apparatsk\u00e5p","product_price_currency":"SEK","og_availability":"instock","product_availability":"instock","product_retailer_item_id":"Dr\u00e4neringsventil","product_condition":"new"},"_links":{"self":[{"href":"https:\/\/c-profil.se\/english\/wp-json\/wp\/v2\/product\/29964","targetHints":{"allow":["GET"]}}],"collection":[{"href":"https:\/\/c-profil.se\/english\/wp-json\/wp\/v2\/product"}],"about":[{"href":"https:\/\/c-profil.se\/english\/wp-json\/wp\/v2\/types\/product"}],"version-history":[{"count":7,"href":"https:\/\/c-profil.se\/english\/wp-json\/wp\/v2\/product\/29964\/revisions"}],"predecessor-version":[{"id":71795,"href":"https:\/\/c-profil.se\/english\/wp-json\/wp\/v2\/product\/29964\/revisions\/71795"}],"wp:featuredmedia":[{"embeddable":true,"href":"https:\/\/c-profil.se\/english\/wp-json\/wp\/v2\/media\/51459"}],"wp:attachment":[{"href":"https:\/\/c-profil.se\/english\/wp-json\/wp\/v2\/media?parent=29964"}],"wp:term":[{"taxonomy":"product_brand","embeddable":true,"href":"https:\/\/c-profil.se\/english\/wp-json\/wp\/v2\/product_brand?post=29964"},{"taxonomy":"product_cat","embeddable":true,"href":"https:\/\/c-profil.se\/english\/wp-json\/wp\/v2\/product_cat?post=29964"},{"taxonomy":"product_tag","embeddable":true,"href":"https:\/\/c-profil.se\/english\/wp-json\/wp\/v2\/product_tag?post=29964"}],"curies":[{"name":"wp","href":"https:\/\/api.w.org\/{rel}","templated":true}]}}