{"id":28547,"date":"2021-11-18T11:38:00","date_gmt":"2021-11-18T10:38:00","guid":{"rendered":"https:\/\/c-profil.se\/?post_type=product&#038;p=28547"},"modified":"2026-03-18T14:50:59","modified_gmt":"2026-03-18T13:50:59","slug":"lighting-led-llx","status":"publish","type":"product","link":"https:\/\/c-profil.se\/english\/produkt\/belysning-led-llx\/","title":{"rendered":"Lighting LED | LLX"},"content":{"rendered":"<p><strong>Lighting LED \/ LLX is an energy-efficient LED luminaire with integrated motion sensor for control cabinets, electrical cabinets and enclosures<\/strong> which provides powerful and even lighting with 1200 lumens.<br \/>\nIt is easy to mount with a magnet or screw, has integrated optics for optimal light output and comes with a 230 V plug for quick installation.<\/p>","protected":false},"excerpt":{"rendered":"<p class=\"ai-optimize-31 ai-optimize-introduction\">Lighting LED \/ LLX is an energy-efficient LED lighting with motion sensor of 1200 lm for control cabinets, electrical cabinets or enclosures.<\/p>\n<p class=\"ai-optimize-32\"><strong>Measure:<\/strong> (L x W x H) 395mm x 118mm x 53mm<\/p>\n<ul>\n<li class=\"ai-optimize-33\">Brightness of 1200 lm<\/li>\n<li class=\"ai-optimize-34\">With motion detector<\/li>\n<li class=\"ai-optimize-35\">Magnet \/ Screw<\/li>\n<li class=\"ai-optimize-36\">Integrated optics for optimal lighting<\/li>\n<li class=\"ai-optimize-37\">Suitable for enclosures from 500 mm wide<\/li>\n<li class=\"ai-optimize-38\">With 230 V socket and switch<\/li>\n<li class=\"ai-optimize-39\">Pluggable supply line and connection cable<\/li>\n<li class=\"ai-optimize-40\">Long service life and low power consumption<\/li>\n<\/ul>","protected":false},"featured_media":51510,"template":"","meta":{"_acf_changed":false},"product_brand":[746],"product_cat":[232],"product_tag":[940,973,974],"class_list":{"0":"post-28547","1":"product","2":"type-product","3":"status-publish","4":"has-post-thumbnail","6":"product_brand-rubsamen-herr","7":"product_cat-belysning","8":"product_tag-apparatskap","9":"product_tag-belysning","10":"product_tag-service-underhall","12":"first","13":"instock","14":"shipping-taxable","15":"product-type-simple"},"acf":[],"yoast_head":"<!-- This site is optimized with the Yoast SEO Premium plugin v27.6 (Yoast SEO v27.6) - https:\/\/yoast.com\/product\/yoast-seo-premium-wordpress\/ -->\n<title>Belysning LED \/ LLX - C-Pro<\/title>\n<meta name=\"description\" content=\"Belysning LED \/ LLX \u00e4r en \u00e4r en energieffektiv LED-belysning med r\u00f6relsesensor p\u00e5 1200 Lm f\u00f6r apparatsk\u00e5p, elsk\u00e5p eller kapsling.\" \/>\n<meta name=\"robots\" content=\"index, follow, max-snippet:-1, max-image-preview:large, max-video-preview:-1\" \/>\n<link rel=\"canonical\" href=\"https:\/\/c-profil.se\/english\/product\/lighting-led-llx\/\" \/>\n<meta property=\"og:locale\" content=\"en_US\" \/>\n<meta property=\"og:type\" content=\"article\" \/>\n<meta property=\"og:title\" content=\"Belysning LED | LLX - C-Pro\" \/>\n<meta property=\"og:description\" content=\"Belysning LED \/ LLX \u00e4r en \u00e4r en energieffektiv LED-belysning med r\u00f6relsesensor p\u00e5 1200 lm f\u00f6r apparatsk\u00e5p, elsk\u00e5p eller kapsling. M\u00e5tt: (L x B x H) 395 mm x 118 mm x 53 mm    Ljusstyrka p\u00e5 1200 lm  Med r\u00f6relsedetektor  Magnet \/ Skruv  Integrerad optik f\u00f6r optimal belysning  L\u00e4mplig f\u00f6r kapslingar fr\u00e5n 500 mm bredd  Med 230 V stickkontakt och str\u00f6mbrytare  Pluggbar matningsledning och anslutningskabel  L\u00e5ng livsl\u00e4ngd och l\u00e5g str\u00f6mf\u00f6rbrukning\" \/>\n<meta property=\"og:url\" content=\"https:\/\/c-profil.se\/english\/product\/lighting-led-llx\/\" \/>\n<meta property=\"og:site_name\" content=\"C-Pro\" \/>\n<meta property=\"article:publisher\" content=\"https:\/\/www.facebook.com\/people\/C-Pro\/61561767306874\/\" \/>\n<meta property=\"article:modified_time\" content=\"2026-03-18T13:50:59+00:00\" \/>\n<meta property=\"og:image\" content=\"https:\/\/c-profil.se\/wp-content\/uploads\/2021\/11\/Belysning-LED-LLX-400-BM.jpg\" \/>\n\t<meta property=\"og:image:width\" content=\"1000\" \/>\n\t<meta property=\"og:image:height\" content=\"1000\" \/>\n\t<meta property=\"og:image:type\" content=\"image\/jpeg\" \/>\n<meta name=\"twitter:card\" content=\"summary_large_image\" \/>\n<meta name=\"twitter:label1\" content=\"Price\" \/>\n\t<meta name=\"twitter:data1\" content=\"\" \/>\n\t<meta name=\"twitter:label2\" content=\"Availability\" \/>\n\t<meta name=\"twitter:data2\" content=\"In stock\" \/>\n<script type=\"application\/ld+json\" class=\"yoast-schema-graph\">{\"@context\":\"https:\\\/\\\/schema.org\",\"@graph\":[{\"@type\":\"WebPage\",\"@id\":\"https:\\\/\\\/c-profil.se\\\/produkt\\\/belysning-led-llx\\\/\",\"url\":\"https:\\\/\\\/c-profil.se\\\/produkt\\\/belysning-led-llx\\\/\",\"name\":\"Belysning LED \\\/ LLX - C-Pro\",\"isPartOf\":{\"@id\":\"https:\\\/\\\/c-profil.se\\\/#website\"},\"primaryImageOfPage\":{\"@id\":\"https:\\\/\\\/c-profil.se\\\/produkt\\\/belysning-led-llx\\\/#primaryimage\"},\"image\":{\"@id\":\"https:\\\/\\\/c-profil.se\\\/produkt\\\/belysning-led-llx\\\/#primaryimage\"},\"thumbnailUrl\":\"https:\\\/\\\/c-profil.se\\\/wp-content\\\/uploads\\\/2021\\\/11\\\/Belysning-LED-LLX-400-BM.jpg\",\"datePublished\":\"2021-11-18T10:38:00+00:00\",\"dateModified\":\"2026-03-18T13:50:59+00:00\",\"description\":\"Belysning LED \\\/ LLX \u00e4r en \u00e4r en energieffektiv LED-belysning med r\u00f6relsesensor p\u00e5 1200 Lm f\u00f6r apparatsk\u00e5p, elsk\u00e5p eller kapsling.\",\"breadcrumb\":{\"@id\":\"https:\\\/\\\/c-profil.se\\\/produkt\\\/belysning-led-llx\\\/#breadcrumb\"},\"inLanguage\":\"en\",\"potentialAction\":[{\"@type\":\"ReadAction\",\"target\":[\"https:\\\/\\\/c-profil.se\\\/produkt\\\/belysning-led-llx\\\/\"]}]},{\"@type\":\"ImageObject\",\"inLanguage\":\"en\",\"@id\":\"https:\\\/\\\/c-profil.se\\\/produkt\\\/belysning-led-llx\\\/#primaryimage\",\"url\":\"https:\\\/\\\/c-profil.se\\\/wp-content\\\/uploads\\\/2021\\\/11\\\/Belysning-LED-LLX-400-BM.jpg\",\"contentUrl\":\"https:\\\/\\\/c-profil.se\\\/wp-content\\\/uploads\\\/2021\\\/11\\\/Belysning-LED-LLX-400-BM.jpg\",\"width\":1000,\"height\":1000,\"caption\":\"Belysning LED LLX-400-BM\"},{\"@type\":\"BreadcrumbList\",\"@id\":\"https:\\\/\\\/c-profil.se\\\/produkt\\\/belysning-led-llx\\\/#breadcrumb\",\"itemListElement\":[{\"@type\":\"ListItem\",\"position\":1,\"name\":\"Hem\",\"item\":\"https:\\\/\\\/c-profil.se\\\/\"},{\"@type\":\"ListItem\",\"position\":2,\"name\":\"Produkter\",\"item\":\"https:\\\/\\\/c-profil.se\\\/produkter\\\/\"},{\"@type\":\"ListItem\",\"position\":3,\"name\":\"Belysning\",\"item\":\"https:\\\/\\\/c-profil.se\\\/produkt-kategori\\\/belysning\\\/\"},{\"@type\":\"ListItem\",\"position\":4,\"name\":\"Belysning LED | LLX\"}]},{\"@type\":\"WebSite\",\"@id\":\"https:\\\/\\\/c-profil.se\\\/#website\",\"url\":\"https:\\\/\\\/c-profil.se\\\/\",\"name\":\"C-Pro\",\"description\":\"Produkter f\u00f6r El och Automation\",\"publisher\":{\"@id\":\"https:\\\/\\\/c-profil.se\\\/#organization\"},\"potentialAction\":[{\"@type\":\"SearchAction\",\"target\":{\"@type\":\"EntryPoint\",\"urlTemplate\":\"https:\\\/\\\/c-profil.se\\\/?s={search_term_string}\"},\"query-input\":{\"@type\":\"PropertyValueSpecification\",\"valueRequired\":true,\"valueName\":\"search_term_string\"}}],\"inLanguage\":\"en\"},{\"@type\":\"Organization\",\"@id\":\"https:\\\/\\\/c-profil.se\\\/#organization\",\"name\":\"C-Pro\",\"alternateName\":\"C-PRO\",\"url\":\"https:\\\/\\\/c-profil.se\\\/\",\"logo\":{\"@type\":\"ImageObject\",\"inLanguage\":\"en\",\"@id\":\"https:\\\/\\\/c-profil.se\\\/#\\\/schema\\\/logo\\\/image\\\/\",\"url\":\"https:\\\/\\\/c-profil.se\\\/wp-content\\\/uploads\\\/2022\\\/03\\\/c-pro-logga-liggande-500x500-1.png\",\"contentUrl\":\"https:\\\/\\\/c-profil.se\\\/wp-content\\\/uploads\\\/2022\\\/03\\\/c-pro-logga-liggande-500x500-1.png\",\"width\":500,\"height\":500,\"caption\":\"C-Pro\"},\"image\":{\"@id\":\"https:\\\/\\\/c-profil.se\\\/#\\\/schema\\\/logo\\\/image\\\/\"},\"sameAs\":[\"https:\\\/\\\/www.facebook.com\\\/people\\\/C-Pro\\\/61561767306874\\\/\",\"https:\\\/\\\/www.linkedin.com\\\/company\\\/c-pro-ab\",\"https:\\\/\\\/www.instagram.com\\\/cpro.ab\\\/\"],\"description\":\"C-PRO AB \u00e4r en helt\u00e4ckande leverant\u00f6r av material f\u00f6r applikationer inom el och automation. \u00c4nda sedan starten 1987 har vi f\u00f6rsett den svenska tillverkande industrin med elmaterial. Trots v\u00e5r storlek och ledande position har vi aldrig \u00f6vergett v\u00e5r grundfilosofi, att vara en personlig leverant\u00f6r. Vi p\u00e5 C-PRO \u00e4r l\u00e4tta att komma i kontakt med, \u00e4rliga och brinner f\u00f6r att l\u00f6sa v\u00e5ra kunders problem.\",\"email\":\"info@c-profil.se\",\"telephone\":\"031575785\",\"legalName\":\"C-Profil F\u00f6rl\u00e4ggningsmaterial AB\",\"foundingDate\":\"1987-01-01\"}]}<\/script>\n<meta property=\"product:brand\" content=\"apparatsk\u00e5p\" \/>\n<meta property=\"product:price:currency\" content=\"SEK\" \/>\n<meta property=\"og:availability\" content=\"instock\" \/>\n<meta property=\"product:availability\" content=\"instock\" \/>\n<meta property=\"product:retailer_item_id\" content=\"LLX\" \/>\n<meta property=\"product:condition\" content=\"new\" \/>\n<!-- \/ Yoast SEO Premium plugin. -->","yoast_head_json":{"title":"Lighting LED \/ LLX - C-Pro","description":"Lighting LED \/ LLX is an energy-efficient LED lighting with a motion sensor of 1200 Lm for control cabinets, electrical cabinets or enclosures.","robots":{"index":"index","follow":"follow","max-snippet":"max-snippet:-1","max-image-preview":"max-image-preview:large","max-video-preview":"max-video-preview:-1"},"canonical":"https:\/\/c-profil.se\/english\/product\/lighting-led-llx\/","og_locale":"en_US","og_type":"article","og_title":"Belysning LED | LLX - C-Pro","og_description":"Belysning LED \/ LLX \u00e4r en \u00e4r en energieffektiv LED-belysning med r\u00f6relsesensor p\u00e5 1200 lm f\u00f6r apparatsk\u00e5p, elsk\u00e5p eller kapsling. M\u00e5tt: (L x B x H) 395 mm x 118 mm x 53 mm    Ljusstyrka p\u00e5 1200 lm  Med r\u00f6relsedetektor  Magnet \/ Skruv  Integrerad optik f\u00f6r optimal belysning  L\u00e4mplig f\u00f6r kapslingar fr\u00e5n 500 mm bredd  Med 230 V stickkontakt och str\u00f6mbrytare  Pluggbar matningsledning och anslutningskabel  L\u00e5ng livsl\u00e4ngd och l\u00e5g str\u00f6mf\u00f6rbrukning","og_url":"https:\/\/c-profil.se\/english\/product\/lighting-led-llx\/","og_site_name":"C-Pro","article_publisher":"https:\/\/www.facebook.com\/people\/C-Pro\/61561767306874\/","article_modified_time":"2026-03-18T13:50:59+00:00","og_image":[{"width":1000,"height":1000,"url":"https:\/\/c-profil.se\/wp-content\/uploads\/2021\/11\/Belysning-LED-LLX-400-BM.jpg","type":"image\/jpeg"}],"twitter_card":"summary_large_image","twitter_misc":{"Price":"","Availability":"In stock"},"schema":{"@context":"https:\/\/schema.org","@graph":[{"@type":"WebPage","@id":"https:\/\/c-profil.se\/produkt\/belysning-led-llx\/","url":"https:\/\/c-profil.se\/produkt\/belysning-led-llx\/","name":"Lighting LED \/ LLX - C-Pro","isPartOf":{"@id":"https:\/\/c-profil.se\/#website"},"primaryImageOfPage":{"@id":"https:\/\/c-profil.se\/produkt\/belysning-led-llx\/#primaryimage"},"image":{"@id":"https:\/\/c-profil.se\/produkt\/belysning-led-llx\/#primaryimage"},"thumbnailUrl":"https:\/\/c-profil.se\/wp-content\/uploads\/2021\/11\/Belysning-LED-LLX-400-BM.jpg","datePublished":"2021-11-18T10:38:00+00:00","dateModified":"2026-03-18T13:50:59+00:00","description":"Lighting LED \/ LLX is an energy-efficient LED lighting with a motion sensor of 1200 Lm for control cabinets, electrical cabinets or enclosures.","breadcrumb":{"@id":"https:\/\/c-profil.se\/produkt\/belysning-led-llx\/#breadcrumb"},"inLanguage":"en","potentialAction":[{"@type":"ReadAction","target":["https:\/\/c-profil.se\/produkt\/belysning-led-llx\/"]}]},{"@type":"ImageObject","inLanguage":"en","@id":"https:\/\/c-profil.se\/produkt\/belysning-led-llx\/#primaryimage","url":"https:\/\/c-profil.se\/wp-content\/uploads\/2021\/11\/Belysning-LED-LLX-400-BM.jpg","contentUrl":"https:\/\/c-profil.se\/wp-content\/uploads\/2021\/11\/Belysning-LED-LLX-400-BM.jpg","width":1000,"height":1000,"caption":"Belysning LED LLX-400-BM"},{"@type":"BreadcrumbList","@id":"https:\/\/c-profil.se\/produkt\/belysning-led-llx\/#breadcrumb","itemListElement":[{"@type":"ListItem","position":1,"name":"Hem","item":"https:\/\/c-profil.se\/"},{"@type":"ListItem","position":2,"name":"Produkter","item":"https:\/\/c-profil.se\/produkter\/"},{"@type":"ListItem","position":3,"name":"Belysning","item":"https:\/\/c-profil.se\/produkt-kategori\/belysning\/"},{"@type":"ListItem","position":4,"name":"Belysning LED | LLX"}]},{"@type":"WebSite","@id":"https:\/\/c-profil.se\/#website","url":"https:\/\/c-profil.se\/","name":"C-Pro","description":"Products for Electricity and Automation","publisher":{"@id":"https:\/\/c-profil.se\/#organization"},"potentialAction":[{"@type":"SearchAction","target":{"@type":"EntryPoint","urlTemplate":"https:\/\/c-profil.se\/?s={search_term_string}"},"query-input":{"@type":"PropertyValueSpecification","valueRequired":true,"valueName":"search_term_string"}}],"inLanguage":"en"},{"@type":"Organization","@id":"https:\/\/c-profil.se\/#organization","name":"C-Pro","alternateName":"C-PRO","url":"https:\/\/c-profil.se\/","logo":{"@type":"ImageObject","inLanguage":"en","@id":"https:\/\/c-profil.se\/#\/schema\/logo\/image\/","url":"https:\/\/c-profil.se\/wp-content\/uploads\/2022\/03\/c-pro-logga-liggande-500x500-1.png","contentUrl":"https:\/\/c-profil.se\/wp-content\/uploads\/2022\/03\/c-pro-logga-liggande-500x500-1.png","width":500,"height":500,"caption":"C-Pro"},"image":{"@id":"https:\/\/c-profil.se\/#\/schema\/logo\/image\/"},"sameAs":["https:\/\/www.facebook.com\/people\/C-Pro\/61561767306874\/","https:\/\/www.linkedin.com\/company\/c-pro-ab","https:\/\/www.instagram.com\/cpro.ab\/"],"description":"C-PRO AB is a comprehensive supplier of materials for applications in electricity and automation. Ever since the start in 1987, we have supplied the Swedish manufacturing industry with electrical materials. Despite our size and leading position, we have never abandoned our basic philosophy, to be a personal supplier. We at C-PRO are easy to get in touch with, honest and passionate about solving our customers&#039; problems.","email":"info@c-profil.se","telephone":"031575785","legalName":"C-Profil F\u00f6rl\u00e4ggningsmaterial AB","foundingDate":"1987-01-01"}]},"product_brand":"apparatsk\u00e5p","product_price_currency":"SEK","og_availability":"instock","product_availability":"instock","product_retailer_item_id":"LLX","product_condition":"new"},"_links":{"self":[{"href":"https:\/\/c-profil.se\/english\/wp-json\/wp\/v2\/product\/28547","targetHints":{"allow":["GET"]}}],"collection":[{"href":"https:\/\/c-profil.se\/english\/wp-json\/wp\/v2\/product"}],"about":[{"href":"https:\/\/c-profil.se\/english\/wp-json\/wp\/v2\/types\/product"}],"version-history":[{"count":10,"href":"https:\/\/c-profil.se\/english\/wp-json\/wp\/v2\/product\/28547\/revisions"}],"predecessor-version":[{"id":74396,"href":"https:\/\/c-profil.se\/english\/wp-json\/wp\/v2\/product\/28547\/revisions\/74396"}],"wp:featuredmedia":[{"embeddable":true,"href":"https:\/\/c-profil.se\/english\/wp-json\/wp\/v2\/media\/51510"}],"wp:attachment":[{"href":"https:\/\/c-profil.se\/english\/wp-json\/wp\/v2\/media?parent=28547"}],"wp:term":[{"taxonomy":"product_brand","embeddable":true,"href":"https:\/\/c-profil.se\/english\/wp-json\/wp\/v2\/product_brand?post=28547"},{"taxonomy":"product_cat","embeddable":true,"href":"https:\/\/c-profil.se\/english\/wp-json\/wp\/v2\/product_cat?post=28547"},{"taxonomy":"product_tag","embeddable":true,"href":"https:\/\/c-profil.se\/english\/wp-json\/wp\/v2\/product_tag?post=28547"}],"curies":[{"name":"wp","href":"https:\/\/api.w.org\/{rel}","templated":true}]}}