{"id":28397,"date":"2021-10-29T10:36:00","date_gmt":"2021-10-29T09:36:00","guid":{"rendered":"https:\/\/c-profil.se\/?post_type=product&#038;p=28397"},"modified":"2026-03-19T14:27:26","modified_gmt":"2026-03-19T13:27:26","slug":"accessories-for-conduits","status":"publish","type":"product","link":"https:\/\/c-profil.se\/english\/produkt\/tillbehor-for-skyddslang\/","title":{"rendered":"Accessories for conduits"},"content":{"rendered":"<p><strong>Protective hose accessories such as quick couplings, hose clamps, O-rings and gaskets ensure the correct degree of protection and a complete installation<\/strong> in demanding industrial environments.<br \/>\nComplete your hose installation with the right components to achieve IP66 up to IP68\/69K depending on the combination.<\/p>","protected":false},"excerpt":{"rendered":"<p class=\"ai-optimize-26\">Accessories for protective hose such as Quick Connect, Hose Clamp, O-Ring and Gasket to achieve the desired degree of protection and a complete installation.<\/p>\n<ul>\n<li class=\"ai-optimize-27\"><strong>CONDUIT GLAND- MIR<\/strong><br \/>\nPatented quick fitting, IP66<\/li>\n<li class=\"ai-optimize-28\"><strong>CONDUIT BRACKET - SDN{SWL <\/strong><br \/>\nWith \/ without integrated lid<\/li>\n<li class=\"ai-optimize-29\"><strong>O-RING \u2013 ORJ<\/strong><br \/>\nTo achieve IP68 \/ 69K<\/li>\n<li class=\"ai-optimize-30\"><strong>GASKET<\/strong><br \/>\nTo achieve IP68 \/ 69K<\/li>\n<\/ul>","protected":false},"featured_media":51575,"template":"","meta":{"_acf_changed":false},"product_brand":[741],"product_cat":[314],"product_tag":[970,984,1004],"class_list":{"0":"post-28397","1":"product","2":"type-product","3":"status-publish","4":"has-post-thumbnail","6":"product_brand-interflex","7":"product_cat-skyddsslang","8":"product_tag-dragning-av-kablage","9":"product_tag-kabelskydd","10":"product_tag-skyddsslang","12":"first","13":"instock","14":"shipping-taxable","15":"product-type-simple"},"acf":[],"yoast_head":"<!-- This site is optimized with the Yoast SEO Premium plugin v27.4 (Yoast SEO v27.4) - https:\/\/yoast.com\/product\/yoast-seo-premium-wordpress\/ -->\n<title>Tillbeh\u00f6r f\u00f6r skyddslang - C-Pro<\/title>\n<meta name=\"description\" content=\"Tillbeh\u00f6r f\u00f6r skyddslang s\u00e5 som Snabbkoppling, Slangf\u00e4ste, O-Ring och Packning f\u00f6r att uppn\u00e5 \u00f6nskad skyddsgrad och en komplett installation. L\u00e4s Mer!\" \/>\n<meta name=\"robots\" content=\"index, follow, max-snippet:-1, max-image-preview:large, max-video-preview:-1\" \/>\n<link rel=\"canonical\" href=\"https:\/\/c-profil.se\/english\/product\/accessories-for-conduits\/\" \/>\n<meta property=\"og:locale\" content=\"en_US\" \/>\n<meta property=\"og:type\" content=\"article\" \/>\n<meta property=\"og:title\" content=\"Tillbeh\u00f6r f\u00f6r skyddslang - C-Pro\" \/>\n<meta property=\"og:description\" content=\"Tillbeh\u00f6r f\u00f6r skyddslang s\u00e5 som Snabbkoppling, Slangf\u00e4ste, O-Ring och Packning f\u00f6r att uppn\u00e5 \u00f6nskad skyddsgrad och en komplett installation.    SLANGKOPPLING - MIR Patenterad snabbkoppling, IP66  SLANGF\u00c4STE - SDN\/SWL  Med\/utan integrerat lock  O-RING - ORJ F\u00f6r att uppn\u00e5 IP68\/69K  PACKNING F\u00f6r att uppn\u00e5 IP68\/69K\" \/>\n<meta property=\"og:url\" content=\"https:\/\/c-profil.se\/english\/product\/accessories-for-conduits\/\" \/>\n<meta property=\"og:site_name\" content=\"C-Pro\" \/>\n<meta property=\"article:publisher\" content=\"https:\/\/www.facebook.com\/people\/C-Pro\/61561767306874\/\" \/>\n<meta property=\"article:modified_time\" content=\"2026-03-19T13:27:26+00:00\" \/>\n<meta property=\"og:image\" content=\"https:\/\/c-profil.se\/wp-content\/uploads\/2021\/10\/Tillbehor-for-skyddslang-Snabbkoppling.jpg\" \/>\n\t<meta property=\"og:image:width\" content=\"1000\" \/>\n\t<meta property=\"og:image:height\" content=\"1000\" \/>\n\t<meta property=\"og:image:type\" content=\"image\/jpeg\" \/>\n<meta name=\"twitter:card\" content=\"summary_large_image\" \/>\n<meta name=\"twitter:label1\" content=\"Price\" \/>\n\t<meta name=\"twitter:data1\" content=\"\" \/>\n\t<meta name=\"twitter:label2\" content=\"Availability\" \/>\n\t<meta name=\"twitter:data2\" content=\"In stock\" \/>\n<script type=\"application\/ld+json\" class=\"yoast-schema-graph\">{\"@context\":\"https:\\\/\\\/schema.org\",\"@graph\":[{\"@type\":\"WebPage\",\"@id\":\"https:\\\/\\\/c-profil.se\\\/produkt\\\/tillbehor-for-skyddslang\\\/\",\"url\":\"https:\\\/\\\/c-profil.se\\\/produkt\\\/tillbehor-for-skyddslang\\\/\",\"name\":\"Tillbeh\u00f6r f\u00f6r skyddslang - C-Pro\",\"isPartOf\":{\"@id\":\"https:\\\/\\\/c-profil.se\\\/#website\"},\"primaryImageOfPage\":{\"@id\":\"https:\\\/\\\/c-profil.se\\\/produkt\\\/tillbehor-for-skyddslang\\\/#primaryimage\"},\"image\":{\"@id\":\"https:\\\/\\\/c-profil.se\\\/produkt\\\/tillbehor-for-skyddslang\\\/#primaryimage\"},\"thumbnailUrl\":\"https:\\\/\\\/c-profil.se\\\/wp-content\\\/uploads\\\/2021\\\/10\\\/Tillbehor-for-skyddslang-Snabbkoppling.jpg\",\"datePublished\":\"2021-10-29T09:36:00+00:00\",\"dateModified\":\"2026-03-19T13:27:26+00:00\",\"description\":\"Tillbeh\u00f6r f\u00f6r skyddslang s\u00e5 som Snabbkoppling, Slangf\u00e4ste, O-Ring och Packning f\u00f6r att uppn\u00e5 \u00f6nskad skyddsgrad och en komplett installation. L\u00e4s Mer!\",\"breadcrumb\":{\"@id\":\"https:\\\/\\\/c-profil.se\\\/produkt\\\/tillbehor-for-skyddslang\\\/#breadcrumb\"},\"inLanguage\":\"en\",\"potentialAction\":[{\"@type\":\"ReadAction\",\"target\":[\"https:\\\/\\\/c-profil.se\\\/produkt\\\/tillbehor-for-skyddslang\\\/\"]}]},{\"@type\":\"ImageObject\",\"inLanguage\":\"en\",\"@id\":\"https:\\\/\\\/c-profil.se\\\/produkt\\\/tillbehor-for-skyddslang\\\/#primaryimage\",\"url\":\"https:\\\/\\\/c-profil.se\\\/wp-content\\\/uploads\\\/2021\\\/10\\\/Tillbehor-for-skyddslang-Snabbkoppling.jpg\",\"contentUrl\":\"https:\\\/\\\/c-profil.se\\\/wp-content\\\/uploads\\\/2021\\\/10\\\/Tillbehor-for-skyddslang-Snabbkoppling.jpg\",\"width\":1000,\"height\":1000,\"caption\":\"Tillbeh\u00f6r f\u00f6r skyddslang Snabbkoppling\"},{\"@type\":\"BreadcrumbList\",\"@id\":\"https:\\\/\\\/c-profil.se\\\/produkt\\\/tillbehor-for-skyddslang\\\/#breadcrumb\",\"itemListElement\":[{\"@type\":\"ListItem\",\"position\":1,\"name\":\"Hem\",\"item\":\"https:\\\/\\\/c-profil.se\\\/\"},{\"@type\":\"ListItem\",\"position\":2,\"name\":\"Produkter\",\"item\":\"https:\\\/\\\/c-profil.se\\\/produkter\\\/\"},{\"@type\":\"ListItem\",\"position\":3,\"name\":\"Skyddsslang\",\"item\":\"https:\\\/\\\/c-profil.se\\\/produkt-kategori\\\/skyddsslang\\\/\"},{\"@type\":\"ListItem\",\"position\":4,\"name\":\"Tillbeh\u00f6r f\u00f6r skyddslang\"}]},{\"@type\":\"WebSite\",\"@id\":\"https:\\\/\\\/c-profil.se\\\/#website\",\"url\":\"https:\\\/\\\/c-profil.se\\\/\",\"name\":\"C-Pro\",\"description\":\"Produkter f\u00f6r El och Automation\",\"publisher\":{\"@id\":\"https:\\\/\\\/c-profil.se\\\/#organization\"},\"potentialAction\":[{\"@type\":\"SearchAction\",\"target\":{\"@type\":\"EntryPoint\",\"urlTemplate\":\"https:\\\/\\\/c-profil.se\\\/?s={search_term_string}\"},\"query-input\":{\"@type\":\"PropertyValueSpecification\",\"valueRequired\":true,\"valueName\":\"search_term_string\"}}],\"inLanguage\":\"en\"},{\"@type\":\"Organization\",\"@id\":\"https:\\\/\\\/c-profil.se\\\/#organization\",\"name\":\"C-Pro\",\"alternateName\":\"C-PRO\",\"url\":\"https:\\\/\\\/c-profil.se\\\/\",\"logo\":{\"@type\":\"ImageObject\",\"inLanguage\":\"en\",\"@id\":\"https:\\\/\\\/c-profil.se\\\/#\\\/schema\\\/logo\\\/image\\\/\",\"url\":\"https:\\\/\\\/c-profil.se\\\/wp-content\\\/uploads\\\/2022\\\/03\\\/c-pro-logga-liggande-500x500-1.png\",\"contentUrl\":\"https:\\\/\\\/c-profil.se\\\/wp-content\\\/uploads\\\/2022\\\/03\\\/c-pro-logga-liggande-500x500-1.png\",\"width\":500,\"height\":500,\"caption\":\"C-Pro\"},\"image\":{\"@id\":\"https:\\\/\\\/c-profil.se\\\/#\\\/schema\\\/logo\\\/image\\\/\"},\"sameAs\":[\"https:\\\/\\\/www.facebook.com\\\/people\\\/C-Pro\\\/61561767306874\\\/\",\"https:\\\/\\\/www.linkedin.com\\\/company\\\/c-pro-ab\",\"https:\\\/\\\/www.instagram.com\\\/cpro.ab\\\/\"],\"description\":\"C-PRO AB \u00e4r en helt\u00e4ckande leverant\u00f6r av material f\u00f6r applikationer inom el och automation. \u00c4nda sedan starten 1987 har vi f\u00f6rsett den svenska tillverkande industrin med elmaterial. Trots v\u00e5r storlek och ledande position har vi aldrig \u00f6vergett v\u00e5r grundfilosofi, att vara en personlig leverant\u00f6r. Vi p\u00e5 C-PRO \u00e4r l\u00e4tta att komma i kontakt med, \u00e4rliga och brinner f\u00f6r att l\u00f6sa v\u00e5ra kunders problem.\",\"email\":\"info@c-profil.se\",\"telephone\":\"031575785\",\"legalName\":\"C-Profil F\u00f6rl\u00e4ggningsmaterial AB\",\"foundingDate\":\"1987-01-01\"}]}<\/script>\n<meta property=\"product:brand\" content=\"dragning av kablage\" \/>\n<meta property=\"product:price:currency\" content=\"SEK\" \/>\n<meta property=\"og:availability\" content=\"instock\" \/>\n<meta property=\"product:availability\" content=\"instock\" \/>\n<meta property=\"product:retailer_item_id\" content=\"Tillbeh\u00f6r f\u00f6r skyddslang\" \/>\n<meta property=\"product:condition\" content=\"new\" \/>\n<!-- \/ Yoast SEO Premium plugin. -->","yoast_head_json":{"title":"Accessories for protective hose - C-Pro","description":"Accessories for protective hose such as Quick Coupling, Hose Clamp, O-Ring and Gasket to achieve the desired degree of protection and a complete installation. Read More!","robots":{"index":"index","follow":"follow","max-snippet":"max-snippet:-1","max-image-preview":"max-image-preview:large","max-video-preview":"max-video-preview:-1"},"canonical":"https:\/\/c-profil.se\/english\/product\/accessories-for-conduits\/","og_locale":"en_US","og_type":"article","og_title":"Tillbeh\u00f6r f\u00f6r skyddslang - C-Pro","og_description":"Tillbeh\u00f6r f\u00f6r skyddslang s\u00e5 som Snabbkoppling, Slangf\u00e4ste, O-Ring och Packning f\u00f6r att uppn\u00e5 \u00f6nskad skyddsgrad och en komplett installation.    SLANGKOPPLING - MIR Patenterad snabbkoppling, IP66  SLANGF\u00c4STE - SDN\/SWL  Med\/utan integrerat lock  O-RING - ORJ F\u00f6r att uppn\u00e5 IP68\/69K  PACKNING F\u00f6r att uppn\u00e5 IP68\/69K","og_url":"https:\/\/c-profil.se\/english\/product\/accessories-for-conduits\/","og_site_name":"C-Pro","article_publisher":"https:\/\/www.facebook.com\/people\/C-Pro\/61561767306874\/","article_modified_time":"2026-03-19T13:27:26+00:00","og_image":[{"width":1000,"height":1000,"url":"https:\/\/c-profil.se\/wp-content\/uploads\/2021\/10\/Tillbehor-for-skyddslang-Snabbkoppling.jpg","type":"image\/jpeg"}],"twitter_card":"summary_large_image","twitter_misc":{"Price":"","Availability":"In stock"},"schema":{"@context":"https:\/\/schema.org","@graph":[{"@type":"WebPage","@id":"https:\/\/c-profil.se\/produkt\/tillbehor-for-skyddslang\/","url":"https:\/\/c-profil.se\/produkt\/tillbehor-for-skyddslang\/","name":"Accessories for protective hose - C-Pro","isPartOf":{"@id":"https:\/\/c-profil.se\/#website"},"primaryImageOfPage":{"@id":"https:\/\/c-profil.se\/produkt\/tillbehor-for-skyddslang\/#primaryimage"},"image":{"@id":"https:\/\/c-profil.se\/produkt\/tillbehor-for-skyddslang\/#primaryimage"},"thumbnailUrl":"https:\/\/c-profil.se\/wp-content\/uploads\/2021\/10\/Tillbehor-for-skyddslang-Snabbkoppling.jpg","datePublished":"2021-10-29T09:36:00+00:00","dateModified":"2026-03-19T13:27:26+00:00","description":"Accessories for protective hose such as Quick Coupling, Hose Clamp, O-Ring and Gasket to achieve the desired degree of protection and a complete installation. Read More!","breadcrumb":{"@id":"https:\/\/c-profil.se\/produkt\/tillbehor-for-skyddslang\/#breadcrumb"},"inLanguage":"en","potentialAction":[{"@type":"ReadAction","target":["https:\/\/c-profil.se\/produkt\/tillbehor-for-skyddslang\/"]}]},{"@type":"ImageObject","inLanguage":"en","@id":"https:\/\/c-profil.se\/produkt\/tillbehor-for-skyddslang\/#primaryimage","url":"https:\/\/c-profil.se\/wp-content\/uploads\/2021\/10\/Tillbehor-for-skyddslang-Snabbkoppling.jpg","contentUrl":"https:\/\/c-profil.se\/wp-content\/uploads\/2021\/10\/Tillbehor-for-skyddslang-Snabbkoppling.jpg","width":1000,"height":1000,"caption":"Tillbeh\u00f6r f\u00f6r skyddslang Snabbkoppling"},{"@type":"BreadcrumbList","@id":"https:\/\/c-profil.se\/produkt\/tillbehor-for-skyddslang\/#breadcrumb","itemListElement":[{"@type":"ListItem","position":1,"name":"Hem","item":"https:\/\/c-profil.se\/"},{"@type":"ListItem","position":2,"name":"Produkter","item":"https:\/\/c-profil.se\/produkter\/"},{"@type":"ListItem","position":3,"name":"Skyddsslang","item":"https:\/\/c-profil.se\/produkt-kategori\/skyddsslang\/"},{"@type":"ListItem","position":4,"name":"Tillbeh\u00f6r f\u00f6r skyddslang"}]},{"@type":"WebSite","@id":"https:\/\/c-profil.se\/#website","url":"https:\/\/c-profil.se\/","name":"C-Pro","description":"Products for Electricity and Automation","publisher":{"@id":"https:\/\/c-profil.se\/#organization"},"potentialAction":[{"@type":"SearchAction","target":{"@type":"EntryPoint","urlTemplate":"https:\/\/c-profil.se\/?s={search_term_string}"},"query-input":{"@type":"PropertyValueSpecification","valueRequired":true,"valueName":"search_term_string"}}],"inLanguage":"en"},{"@type":"Organization","@id":"https:\/\/c-profil.se\/#organization","name":"C-Pro","alternateName":"C-PRO","url":"https:\/\/c-profil.se\/","logo":{"@type":"ImageObject","inLanguage":"en","@id":"https:\/\/c-profil.se\/#\/schema\/logo\/image\/","url":"https:\/\/c-profil.se\/wp-content\/uploads\/2022\/03\/c-pro-logga-liggande-500x500-1.png","contentUrl":"https:\/\/c-profil.se\/wp-content\/uploads\/2022\/03\/c-pro-logga-liggande-500x500-1.png","width":500,"height":500,"caption":"C-Pro"},"image":{"@id":"https:\/\/c-profil.se\/#\/schema\/logo\/image\/"},"sameAs":["https:\/\/www.facebook.com\/people\/C-Pro\/61561767306874\/","https:\/\/www.linkedin.com\/company\/c-pro-ab","https:\/\/www.instagram.com\/cpro.ab\/"],"description":"C-PRO AB is a comprehensive supplier of materials for applications in electricity and automation. Ever since the start in 1987, we have supplied the Swedish manufacturing industry with electrical materials. Despite our size and leading position, we have never abandoned our basic philosophy, to be a personal supplier. We at C-PRO are easy to get in touch with, honest and passionate about solving our customers&#039; problems.","email":"info@c-profil.se","telephone":"031575785","legalName":"C-Profil F\u00f6rl\u00e4ggningsmaterial AB","foundingDate":"1987-01-01"}]},"product_brand":"dragning av kablage","product_price_currency":"SEK","og_availability":"instock","product_availability":"instock","product_retailer_item_id":"Tillbeh\u00f6r f\u00f6r skyddslang","product_condition":"new"},"_links":{"self":[{"href":"https:\/\/c-profil.se\/english\/wp-json\/wp\/v2\/product\/28397","targetHints":{"allow":["GET"]}}],"collection":[{"href":"https:\/\/c-profil.se\/english\/wp-json\/wp\/v2\/product"}],"about":[{"href":"https:\/\/c-profil.se\/english\/wp-json\/wp\/v2\/types\/product"}],"version-history":[{"count":5,"href":"https:\/\/c-profil.se\/english\/wp-json\/wp\/v2\/product\/28397\/revisions"}],"predecessor-version":[{"id":71844,"href":"https:\/\/c-profil.se\/english\/wp-json\/wp\/v2\/product\/28397\/revisions\/71844"}],"wp:featuredmedia":[{"embeddable":true,"href":"https:\/\/c-profil.se\/english\/wp-json\/wp\/v2\/media\/51575"}],"wp:attachment":[{"href":"https:\/\/c-profil.se\/english\/wp-json\/wp\/v2\/media?parent=28397"}],"wp:term":[{"taxonomy":"product_brand","embeddable":true,"href":"https:\/\/c-profil.se\/english\/wp-json\/wp\/v2\/product_brand?post=28397"},{"taxonomy":"product_cat","embeddable":true,"href":"https:\/\/c-profil.se\/english\/wp-json\/wp\/v2\/product_cat?post=28397"},{"taxonomy":"product_tag","embeddable":true,"href":"https:\/\/c-profil.se\/english\/wp-json\/wp\/v2\/product_tag?post=28397"}],"curies":[{"name":"wp","href":"https:\/\/api.w.org\/{rel}","templated":true}]}}