{"id":28339,"date":"2021-10-28T13:17:00","date_gmt":"2021-10-28T12:17:00","guid":{"rendered":"https:\/\/c-profil.se\/?post_type=product&#038;p=28339"},"modified":"2026-04-22T11:25:16","modified_gmt":"2026-04-22T10:25:16","slug":"bus-bar-copper-ssk","status":"publish","type":"product","link":"https:\/\/c-profil.se\/english\/produkt\/jordskena-koppar-ssk\/","title":{"rendered":"Earthing bar Copper | SSK"},"content":{"rendered":"<p><strong>SSK bus bar is made of copper and is used for grounding and potential equalization in industrial installations.<\/strong>, with the aim of diverting currents and reducing electromagnetic interference.<br \/>\nThe bus bar is adapted for mounting EMC shield clamps and similar accessories.<\/p>","protected":false},"excerpt":{"rendered":"<p>Bus Bar Copper \/ SSK 10 x 3 mm made of copper to collect and at the same time ground and divert electromagnetic disturbances. Suitable for various <a href=\"https:\/\/c-profil.se\/english\/product-category\/cable-clamps\/\" data-tabindex-counter=\"1\" data-tabindex-value=\"none\">EMC screen clamps<\/a>.<\/p>","protected":false},"featured_media":50783,"template":"","meta":{"_acf_changed":false},"product_brand":[740],"product_cat":[312],"product_tag":[991,957],"class_list":{"0":"post-28339","1":"product","2":"type-product","3":"status-publish","4":"has-post-thumbnail","6":"product_brand-icotek","7":"product_cat-jordskenor","8":"product_tag-emc","9":"product_tag-potentialutjamning","11":"first","12":"instock","13":"shipping-taxable","14":"product-type-simple"},"acf":[],"yoast_head":"<!-- This site is optimized with the Yoast SEO Premium plugin v27.5 (Yoast SEO v27.5) - https:\/\/yoast.com\/product\/yoast-seo-premium-wordpress\/ -->\n<title>Jordskena Koppar \/ SSK - C-Pro<\/title>\n<meta name=\"description\" content=\"Jordskena Koppar \/ SSK 10 x 3 mm utav koppar f\u00f6r att samla och samtidigt jorda och avleda elektromagnetiska st\u00f6rningar. L\u00e4s Mer!\" \/>\n<meta name=\"robots\" content=\"index, follow, max-snippet:-1, max-image-preview:large, max-video-preview:-1\" \/>\n<link rel=\"canonical\" href=\"https:\/\/c-profil.se\/english\/product\/bus-bar-copper-ssk\/\" \/>\n<meta property=\"og:locale\" content=\"en_US\" \/>\n<meta property=\"og:type\" content=\"article\" \/>\n<meta property=\"og:title\" content=\"Jordskena Koppar | SSK - C-Pro\" \/>\n<meta property=\"og:description\" content=\"Jordskena Koppar \/ SSK 10 x 3 mm utav koppar f\u00f6r att samla och samtidigt jorda och avleda elektromagnetiska st\u00f6rningar. Passande f\u00f6r diverse EMC sk\u00e4rmkl\u00e4mmor.\" \/>\n<meta property=\"og:url\" content=\"https:\/\/c-profil.se\/english\/product\/bus-bar-copper-ssk\/\" \/>\n<meta property=\"og:site_name\" content=\"C-Pro\" \/>\n<meta property=\"article:publisher\" content=\"https:\/\/www.facebook.com\/people\/C-Pro\/61561767306874\/\" \/>\n<meta property=\"article:modified_time\" content=\"2026-04-22T10:25:16+00:00\" \/>\n<meta property=\"og:image\" content=\"https:\/\/c-profil.se\/wp-content\/uploads\/2021\/10\/Jordskena-Koppar-SSK.jpg\" \/>\n\t<meta property=\"og:image:width\" content=\"1000\" \/>\n\t<meta property=\"og:image:height\" content=\"1000\" \/>\n\t<meta property=\"og:image:type\" content=\"image\/jpeg\" \/>\n<meta name=\"twitter:card\" content=\"summary_large_image\" \/>\n<meta name=\"twitter:label1\" content=\"Price\" \/>\n\t<meta name=\"twitter:data1\" content=\"\" \/>\n\t<meta name=\"twitter:label2\" content=\"Availability\" \/>\n\t<meta name=\"twitter:data2\" content=\"In stock\" \/>\n<script type=\"application\/ld+json\" class=\"yoast-schema-graph\">{\"@context\":\"https:\\\/\\\/schema.org\",\"@graph\":[{\"@type\":\"WebPage\",\"@id\":\"https:\\\/\\\/c-profil.se\\\/produkt\\\/jordskena-koppar-ssk\\\/\",\"url\":\"https:\\\/\\\/c-profil.se\\\/produkt\\\/jordskena-koppar-ssk\\\/\",\"name\":\"Jordskena Koppar \\\/ SSK - C-Pro\",\"isPartOf\":{\"@id\":\"https:\\\/\\\/c-profil.se\\\/#website\"},\"primaryImageOfPage\":{\"@id\":\"https:\\\/\\\/c-profil.se\\\/produkt\\\/jordskena-koppar-ssk\\\/#primaryimage\"},\"image\":{\"@id\":\"https:\\\/\\\/c-profil.se\\\/produkt\\\/jordskena-koppar-ssk\\\/#primaryimage\"},\"thumbnailUrl\":\"https:\\\/\\\/c-profil.se\\\/wp-content\\\/uploads\\\/2021\\\/10\\\/Jordskena-Koppar-SSK.jpg\",\"datePublished\":\"2021-10-28T12:17:00+00:00\",\"dateModified\":\"2026-04-22T10:25:16+00:00\",\"description\":\"Jordskena Koppar \\\/ SSK 10 x 3 mm utav koppar f\u00f6r att samla och samtidigt jorda och avleda elektromagnetiska st\u00f6rningar. L\u00e4s Mer!\",\"breadcrumb\":{\"@id\":\"https:\\\/\\\/c-profil.se\\\/produkt\\\/jordskena-koppar-ssk\\\/#breadcrumb\"},\"inLanguage\":\"en\",\"potentialAction\":[{\"@type\":\"ReadAction\",\"target\":[\"https:\\\/\\\/c-profil.se\\\/produkt\\\/jordskena-koppar-ssk\\\/\"]}]},{\"@type\":\"ImageObject\",\"inLanguage\":\"en\",\"@id\":\"https:\\\/\\\/c-profil.se\\\/produkt\\\/jordskena-koppar-ssk\\\/#primaryimage\",\"url\":\"https:\\\/\\\/c-profil.se\\\/wp-content\\\/uploads\\\/2021\\\/10\\\/Jordskena-Koppar-SSK.jpg\",\"contentUrl\":\"https:\\\/\\\/c-profil.se\\\/wp-content\\\/uploads\\\/2021\\\/10\\\/Jordskena-Koppar-SSK.jpg\",\"width\":1000,\"height\":1000,\"caption\":\"Jordskena Koppar SSK\"},{\"@type\":\"BreadcrumbList\",\"@id\":\"https:\\\/\\\/c-profil.se\\\/produkt\\\/jordskena-koppar-ssk\\\/#breadcrumb\",\"itemListElement\":[{\"@type\":\"ListItem\",\"position\":1,\"name\":\"Hem\",\"item\":\"https:\\\/\\\/c-profil.se\\\/\"},{\"@type\":\"ListItem\",\"position\":2,\"name\":\"Produkter\",\"item\":\"https:\\\/\\\/c-profil.se\\\/produkter\\\/\"},{\"@type\":\"ListItem\",\"position\":3,\"name\":\"Jordskenor\",\"item\":\"https:\\\/\\\/c-profil.se\\\/produkt-kategori\\\/jordskenor\\\/\"},{\"@type\":\"ListItem\",\"position\":4,\"name\":\"Jordskena Koppar | SSK\"}]},{\"@type\":\"WebSite\",\"@id\":\"https:\\\/\\\/c-profil.se\\\/#website\",\"url\":\"https:\\\/\\\/c-profil.se\\\/\",\"name\":\"C-Pro\",\"description\":\"Produkter f\u00f6r El och Automation\",\"publisher\":{\"@id\":\"https:\\\/\\\/c-profil.se\\\/#organization\"},\"potentialAction\":[{\"@type\":\"SearchAction\",\"target\":{\"@type\":\"EntryPoint\",\"urlTemplate\":\"https:\\\/\\\/c-profil.se\\\/?s={search_term_string}\"},\"query-input\":{\"@type\":\"PropertyValueSpecification\",\"valueRequired\":true,\"valueName\":\"search_term_string\"}}],\"inLanguage\":\"en\"},{\"@type\":\"Organization\",\"@id\":\"https:\\\/\\\/c-profil.se\\\/#organization\",\"name\":\"C-Pro\",\"alternateName\":\"C-PRO\",\"url\":\"https:\\\/\\\/c-profil.se\\\/\",\"logo\":{\"@type\":\"ImageObject\",\"inLanguage\":\"en\",\"@id\":\"https:\\\/\\\/c-profil.se\\\/#\\\/schema\\\/logo\\\/image\\\/\",\"url\":\"https:\\\/\\\/c-profil.se\\\/wp-content\\\/uploads\\\/2022\\\/03\\\/c-pro-logga-liggande-500x500-1.png\",\"contentUrl\":\"https:\\\/\\\/c-profil.se\\\/wp-content\\\/uploads\\\/2022\\\/03\\\/c-pro-logga-liggande-500x500-1.png\",\"width\":500,\"height\":500,\"caption\":\"C-Pro\"},\"image\":{\"@id\":\"https:\\\/\\\/c-profil.se\\\/#\\\/schema\\\/logo\\\/image\\\/\"},\"sameAs\":[\"https:\\\/\\\/www.facebook.com\\\/people\\\/C-Pro\\\/61561767306874\\\/\",\"https:\\\/\\\/www.linkedin.com\\\/company\\\/c-pro-ab\",\"https:\\\/\\\/www.instagram.com\\\/cpro.ab\\\/\"],\"description\":\"C-PRO AB \u00e4r en helt\u00e4ckande leverant\u00f6r av material f\u00f6r applikationer inom el och automation. \u00c4nda sedan starten 1987 har vi f\u00f6rsett den svenska tillverkande industrin med elmaterial. Trots v\u00e5r storlek och ledande position har vi aldrig \u00f6vergett v\u00e5r grundfilosofi, att vara en personlig leverant\u00f6r. Vi p\u00e5 C-PRO \u00e4r l\u00e4tta att komma i kontakt med, \u00e4rliga och brinner f\u00f6r att l\u00f6sa v\u00e5ra kunders problem.\",\"email\":\"info@c-profil.se\",\"telephone\":\"031575785\",\"legalName\":\"C-Profil F\u00f6rl\u00e4ggningsmaterial AB\",\"foundingDate\":\"1987-01-01\"}]}<\/script>\n<meta property=\"product:brand\" content=\"emc\" \/>\n<meta property=\"product:price:currency\" content=\"SEK\" \/>\n<meta property=\"og:availability\" content=\"instock\" \/>\n<meta property=\"product:availability\" content=\"instock\" \/>\n<meta property=\"product:retailer_item_id\" content=\"SSK\" \/>\n<meta property=\"product:condition\" content=\"new\" \/>\n<!-- \/ Yoast SEO Premium plugin. -->","yoast_head_json":{"title":"Bus bar Copper \/ SSK - C-Pro","description":"Bus Bar Copper \/ SSK 10 x 3 mm made of copper to collect and at the same time ground and divert electromagnetic disturbances. Read more!","robots":{"index":"index","follow":"follow","max-snippet":"max-snippet:-1","max-image-preview":"max-image-preview:large","max-video-preview":"max-video-preview:-1"},"canonical":"https:\/\/c-profil.se\/english\/product\/bus-bar-copper-ssk\/","og_locale":"en_US","og_type":"article","og_title":"Jordskena Koppar | SSK - C-Pro","og_description":"Jordskena Koppar \/ SSK 10 x 3 mm utav koppar f\u00f6r att samla och samtidigt jorda och avleda elektromagnetiska st\u00f6rningar. Passande f\u00f6r diverse EMC sk\u00e4rmkl\u00e4mmor.","og_url":"https:\/\/c-profil.se\/english\/product\/bus-bar-copper-ssk\/","og_site_name":"C-Pro","article_publisher":"https:\/\/www.facebook.com\/people\/C-Pro\/61561767306874\/","article_modified_time":"2026-04-22T10:25:16+00:00","og_image":[{"width":1000,"height":1000,"url":"https:\/\/c-profil.se\/wp-content\/uploads\/2021\/10\/Jordskena-Koppar-SSK.jpg","type":"image\/jpeg"}],"twitter_card":"summary_large_image","twitter_misc":{"Price":"","Availability":"In stock"},"schema":{"@context":"https:\/\/schema.org","@graph":[{"@type":"WebPage","@id":"https:\/\/c-profil.se\/produkt\/jordskena-koppar-ssk\/","url":"https:\/\/c-profil.se\/produkt\/jordskena-koppar-ssk\/","name":"Bus bar Copper \/ SSK - C-Pro","isPartOf":{"@id":"https:\/\/c-profil.se\/#website"},"primaryImageOfPage":{"@id":"https:\/\/c-profil.se\/produkt\/jordskena-koppar-ssk\/#primaryimage"},"image":{"@id":"https:\/\/c-profil.se\/produkt\/jordskena-koppar-ssk\/#primaryimage"},"thumbnailUrl":"https:\/\/c-profil.se\/wp-content\/uploads\/2021\/10\/Jordskena-Koppar-SSK.jpg","datePublished":"2021-10-28T12:17:00+00:00","dateModified":"2026-04-22T10:25:16+00:00","description":"Bus Bar Copper \/ SSK 10 x 3 mm made of copper to collect and at the same time ground and divert electromagnetic disturbances. Read more!","breadcrumb":{"@id":"https:\/\/c-profil.se\/produkt\/jordskena-koppar-ssk\/#breadcrumb"},"inLanguage":"en","potentialAction":[{"@type":"ReadAction","target":["https:\/\/c-profil.se\/produkt\/jordskena-koppar-ssk\/"]}]},{"@type":"ImageObject","inLanguage":"en","@id":"https:\/\/c-profil.se\/produkt\/jordskena-koppar-ssk\/#primaryimage","url":"https:\/\/c-profil.se\/wp-content\/uploads\/2021\/10\/Jordskena-Koppar-SSK.jpg","contentUrl":"https:\/\/c-profil.se\/wp-content\/uploads\/2021\/10\/Jordskena-Koppar-SSK.jpg","width":1000,"height":1000,"caption":"Jordskena Koppar SSK"},{"@type":"BreadcrumbList","@id":"https:\/\/c-profil.se\/produkt\/jordskena-koppar-ssk\/#breadcrumb","itemListElement":[{"@type":"ListItem","position":1,"name":"Hem","item":"https:\/\/c-profil.se\/"},{"@type":"ListItem","position":2,"name":"Produkter","item":"https:\/\/c-profil.se\/produkter\/"},{"@type":"ListItem","position":3,"name":"Jordskenor","item":"https:\/\/c-profil.se\/produkt-kategori\/jordskenor\/"},{"@type":"ListItem","position":4,"name":"Jordskena Koppar | SSK"}]},{"@type":"WebSite","@id":"https:\/\/c-profil.se\/#website","url":"https:\/\/c-profil.se\/","name":"C-Pro","description":"Products for Electricity and Automation","publisher":{"@id":"https:\/\/c-profil.se\/#organization"},"potentialAction":[{"@type":"SearchAction","target":{"@type":"EntryPoint","urlTemplate":"https:\/\/c-profil.se\/?s={search_term_string}"},"query-input":{"@type":"PropertyValueSpecification","valueRequired":true,"valueName":"search_term_string"}}],"inLanguage":"en"},{"@type":"Organization","@id":"https:\/\/c-profil.se\/#organization","name":"C-Pro","alternateName":"C-PRO","url":"https:\/\/c-profil.se\/","logo":{"@type":"ImageObject","inLanguage":"en","@id":"https:\/\/c-profil.se\/#\/schema\/logo\/image\/","url":"https:\/\/c-profil.se\/wp-content\/uploads\/2022\/03\/c-pro-logga-liggande-500x500-1.png","contentUrl":"https:\/\/c-profil.se\/wp-content\/uploads\/2022\/03\/c-pro-logga-liggande-500x500-1.png","width":500,"height":500,"caption":"C-Pro"},"image":{"@id":"https:\/\/c-profil.se\/#\/schema\/logo\/image\/"},"sameAs":["https:\/\/www.facebook.com\/people\/C-Pro\/61561767306874\/","https:\/\/www.linkedin.com\/company\/c-pro-ab","https:\/\/www.instagram.com\/cpro.ab\/"],"description":"C-PRO AB is a comprehensive supplier of materials for applications in electricity and automation. Ever since the start in 1987, we have supplied the Swedish manufacturing industry with electrical materials. Despite our size and leading position, we have never abandoned our basic philosophy, to be a personal supplier. We at C-PRO are easy to get in touch with, honest and passionate about solving our customers&#039; problems.","email":"info@c-profil.se","telephone":"031575785","legalName":"C-Profil F\u00f6rl\u00e4ggningsmaterial AB","foundingDate":"1987-01-01"}]},"product_brand":"emc","product_price_currency":"SEK","og_availability":"instock","product_availability":"instock","product_retailer_item_id":"SSK","product_condition":"new"},"_links":{"self":[{"href":"https:\/\/c-profil.se\/english\/wp-json\/wp\/v2\/product\/28339","targetHints":{"allow":["GET"]}}],"collection":[{"href":"https:\/\/c-profil.se\/english\/wp-json\/wp\/v2\/product"}],"about":[{"href":"https:\/\/c-profil.se\/english\/wp-json\/wp\/v2\/types\/product"}],"version-history":[{"count":11,"href":"https:\/\/c-profil.se\/english\/wp-json\/wp\/v2\/product\/28339\/revisions"}],"predecessor-version":[{"id":75130,"href":"https:\/\/c-profil.se\/english\/wp-json\/wp\/v2\/product\/28339\/revisions\/75130"}],"wp:featuredmedia":[{"embeddable":true,"href":"https:\/\/c-profil.se\/english\/wp-json\/wp\/v2\/media\/50783"}],"wp:attachment":[{"href":"https:\/\/c-profil.se\/english\/wp-json\/wp\/v2\/media?parent=28339"}],"wp:term":[{"taxonomy":"product_brand","embeddable":true,"href":"https:\/\/c-profil.se\/english\/wp-json\/wp\/v2\/product_brand?post=28339"},{"taxonomy":"product_cat","embeddable":true,"href":"https:\/\/c-profil.se\/english\/wp-json\/wp\/v2\/product_cat?post=28339"},{"taxonomy":"product_tag","embeddable":true,"href":"https:\/\/c-profil.se\/english\/wp-json\/wp\/v2\/product_tag?post=28339"}],"curies":[{"name":"wp","href":"https:\/\/api.w.org\/{rel}","templated":true}]}}