{"id":28324,"date":"2021-10-28T12:30:00","date_gmt":"2021-10-28T11:30:00","guid":{"rendered":"https:\/\/c-profil.se\/?post_type=product&#038;p=28324"},"modified":"2026-04-23T08:58:17","modified_gmt":"2026-04-23T07:58:17","slug":"emc-cable-clamp-pf","status":"publish","type":"product","link":"https:\/\/c-profil.se\/english\/produkt\/emc-skarmklamma-pf\/","title":{"rendered":"EMC Cable Clamp for Busbar | PF"},"content":{"rendered":"<p><strong>PFK is an EMC shield clamp for connecting cable shields to ground potential in industrial installations<\/strong>, developed for safe and effective cable shielding of individual wires.<br \/>\nThe shield clamp is mounted without tools by sliding it over the edge of the sheet metal and provides stable contact even with vibrations.<\/p>","protected":false},"excerpt":{"rendered":"<p><strong>EMC Cable Clamp for Busbar | PF<\/strong> used in all places where the shield of single wires must be connected to mass potential. They enable safe and easy shielding of cables.<\/p>\n<p>Versions with strain relief: the cable can be strain relieved according to EN 62444 with cable ties. This takes place over the outer cable jacket. Variants with double strain relief are also available (according to PROFINET installation guidelines).<\/p>\n<p>The clamping areas of the clamping variant MSKL are very large due to their special geometry. The construction width and height are comparatively small (example: MSKL 3-12 with inserted 12mm cable screen: width 26.25 mm).<\/p>\n<p>Through a very narrow design and the displacement of the PFS|SCL, the space can be used in the best possible way. The product is specially designed for systems where several lines must be run very close to each other.<\/p>\n<p>The product is mounted without tools by clicking it on\u00a0<a href=\"https:\/\/c-profil.se\/english\/product\/bus-bar-copper-ssk\/\">10 \u00d7 3 mm busbar<\/a>.<\/p>\n<p><strong>Advantages<\/strong><\/p>\n<ul class=\"list-unstyled list-ico\">\n<li class=\"zn-inspecting-element\">Partially integrated strain relief option<\/li>\n<li>Large contact area<\/li>\n<li>Shield contact and strain relief separated<\/li>\n<li>Quick assembly without tools<\/li>\n<li>The spring design requires no adjustments and will permanently maintain contact to the cable shield<\/li>\n<li>Designed for high-density applications<\/li>\n<li>Shock and vibration resistant, maintenance free<\/li>\n<li>Integrated double strain relief option (according to PROFINET installation guidelines)<\/li>\n<\/ul>","protected":false},"featured_media":26748,"template":"","meta":{"_acf_changed":false},"product_brand":[740],"product_cat":[310],"product_tag":[991,957],"class_list":{"0":"post-28324","1":"product","2":"type-product","3":"status-publish","4":"has-post-thumbnail","6":"product_brand-icotek","7":"product_cat-skarmklammor","8":"product_tag-emc","9":"product_tag-potentialutjamning","11":"first","12":"instock","13":"shipping-taxable","14":"product-type-simple"},"acf":[],"yoast_head":"<!-- This site is optimized with the Yoast SEO Premium plugin v27.5 (Yoast SEO v27.5) - https:\/\/yoast.com\/product\/yoast-seo-premium-wordpress\/ -->\n<title>EMC-Sk\u00e4rmkl\u00e4mma f\u00f6r samlingsskena | PF - C-Pro<\/title>\n<meta name=\"description\" content=\"EMC-Sk\u00e4rmkl\u00e4mma f\u00f6r samlingsskena | PF anv\u00e4nds p\u00e5 alla st\u00e4llen d\u00e4r sk\u00e4rmen av enstaka ledningar m\u00e5ste f\u00f6rbindas med masspotentialen. L\u00e4s Mer!\" \/>\n<meta name=\"robots\" content=\"index, follow, max-snippet:-1, max-image-preview:large, max-video-preview:-1\" \/>\n<link rel=\"canonical\" href=\"https:\/\/c-profil.se\/english\/product\/emc-cable-clamp-pf\/\" \/>\n<meta property=\"og:locale\" content=\"en_US\" \/>\n<meta property=\"og:type\" content=\"article\" \/>\n<meta property=\"og:title\" content=\"EMC-Sk\u00e4rmkl\u00e4mma f\u00f6r samlingsskena | PF - C-Pro\" \/>\n<meta property=\"og:description\" content=\"EMC-Sk\u00e4rmkl\u00e4mma f\u00f6r samlingsskena | PF anv\u00e4nds p\u00e5 alla st\u00e4llen d\u00e4r sk\u00e4rmen av enstaka ledningar m\u00e5ste f\u00f6rbindas med masspotentialen. De m\u00f6jligg\u00f6r en s\u00e4ker och enkel sk\u00e4rmning av kablar.  Versioner med dragavlastning: ledningen kan dragavlastas enligt EN 62444 med buntband. Detta sker \u00f6ver yttre kabelmanteln. Varianter med dubbel dragavlastning finns ocks\u00e5 (enligt PROFINET montageriktlinier).  Kl\u00e4mmomr\u00e5dena av kl\u00e4mmvarianten MSKL \u00e4r v\u00e4ldigt stora p\u00e5 grund av deras speciella geometri. Byggbredden och -h\u00f6jden \u00e4r j\u00e4mf\u00f6relsevist sm\u00e5 (exempel: MSKL 3-12 med inlagd 12mm ledningssk\u00e4rm: bredd 26.25 mm).  Genom ett v\u00e4ldigt smalt design och f\u00f6rskjutningen av PFS|SCL kan platsen anv\u00e4ndas p\u00e5 b\u00e4stm\u00f6jliga s\u00e4tt. Produkten egnas speciellt f\u00f6r system d\u00e4r flera ledningar m\u00e5ste genomf\u00f6ras v\u00e4ldigt n\u00e4ra varann.  Produkten moneras verktygsl\u00f6st genom att klicka in den p\u00e5\u00a010 \u00d7 3 mm samlingsskenan.  F\u00f6rdelar   Delvist integrerade m\u00f6jlighet av dragavlastning  Stor kontaktyta  Skyddskontakt och avlastning avskild  Snabb montering utan verktyg  Fj\u00e4der designen kr\u00e4ver inga justeringar och kommer att permanent h\u00e5lla kontakt med kabelsk\u00e4rmen  Konstruerad f\u00f6r till\u00e4mpningar med h\u00f6g densitet  St\u00f6t- och vibrationst\u00e5lig, underh\u00e5llsfri  Integrerad m\u00f6jlighet av dubbel dragavlastnig (enligt PROFINET riktlinjer f\u00f6r montageriktlinier)\" \/>\n<meta property=\"og:url\" content=\"https:\/\/c-profil.se\/english\/product\/emc-cable-clamp-pf\/\" \/>\n<meta property=\"og:site_name\" content=\"C-Pro\" \/>\n<meta property=\"article:publisher\" content=\"https:\/\/www.facebook.com\/people\/C-Pro\/61561767306874\/\" \/>\n<meta property=\"article:modified_time\" content=\"2026-04-23T07:58:17+00:00\" \/>\n<meta property=\"og:image\" content=\"https:\/\/c-profil.se\/wp-content\/uploads\/2021\/03\/PFSZ-M-MSKL.jpg\" \/>\n\t<meta property=\"og:image:width\" content=\"500\" \/>\n\t<meta property=\"og:image:height\" content=\"500\" \/>\n\t<meta property=\"og:image:type\" content=\"image\/jpeg\" \/>\n<meta name=\"twitter:card\" content=\"summary_large_image\" \/>\n<meta name=\"twitter:label1\" content=\"Price\" \/>\n\t<meta name=\"twitter:data1\" content=\"\" \/>\n\t<meta name=\"twitter:label2\" content=\"Availability\" \/>\n\t<meta name=\"twitter:data2\" content=\"In stock\" \/>\n<script type=\"application\/ld+json\" class=\"yoast-schema-graph\">{\"@context\":\"https:\\\/\\\/schema.org\",\"@graph\":[{\"@type\":\"WebPage\",\"@id\":\"https:\\\/\\\/c-profil.se\\\/produkt\\\/emc-skarmklamma-pf\\\/\",\"url\":\"https:\\\/\\\/c-profil.se\\\/produkt\\\/emc-skarmklamma-pf\\\/\",\"name\":\"EMC-Sk\u00e4rmkl\u00e4mma f\u00f6r samlingsskena | PF - C-Pro\",\"isPartOf\":{\"@id\":\"https:\\\/\\\/c-profil.se\\\/#website\"},\"primaryImageOfPage\":{\"@id\":\"https:\\\/\\\/c-profil.se\\\/produkt\\\/emc-skarmklamma-pf\\\/#primaryimage\"},\"image\":{\"@id\":\"https:\\\/\\\/c-profil.se\\\/produkt\\\/emc-skarmklamma-pf\\\/#primaryimage\"},\"thumbnailUrl\":\"https:\\\/\\\/c-profil.se\\\/wp-content\\\/uploads\\\/2021\\\/03\\\/PFSZ-M-MSKL.jpg\",\"datePublished\":\"2021-10-28T11:30:00+00:00\",\"dateModified\":\"2026-04-23T07:58:17+00:00\",\"description\":\"EMC-Sk\u00e4rmkl\u00e4mma f\u00f6r samlingsskena | PF anv\u00e4nds p\u00e5 alla st\u00e4llen d\u00e4r sk\u00e4rmen av enstaka ledningar m\u00e5ste f\u00f6rbindas med masspotentialen. L\u00e4s Mer!\",\"breadcrumb\":{\"@id\":\"https:\\\/\\\/c-profil.se\\\/produkt\\\/emc-skarmklamma-pf\\\/#breadcrumb\"},\"inLanguage\":\"en\",\"potentialAction\":[{\"@type\":\"ReadAction\",\"target\":[\"https:\\\/\\\/c-profil.se\\\/produkt\\\/emc-skarmklamma-pf\\\/\"]}]},{\"@type\":\"ImageObject\",\"inLanguage\":\"en\",\"@id\":\"https:\\\/\\\/c-profil.se\\\/produkt\\\/emc-skarmklamma-pf\\\/#primaryimage\",\"url\":\"https:\\\/\\\/c-profil.se\\\/wp-content\\\/uploads\\\/2021\\\/03\\\/PFSZ-M-MSKL.jpg\",\"contentUrl\":\"https:\\\/\\\/c-profil.se\\\/wp-content\\\/uploads\\\/2021\\\/03\\\/PFSZ-M-MSKL.jpg\",\"width\":500,\"height\":500,\"caption\":\"EMC-Sk\u00e4rmkl\u00e4mma \\\/ PF\"},{\"@type\":\"BreadcrumbList\",\"@id\":\"https:\\\/\\\/c-profil.se\\\/produkt\\\/emc-skarmklamma-pf\\\/#breadcrumb\",\"itemListElement\":[{\"@type\":\"ListItem\",\"position\":1,\"name\":\"Hem\",\"item\":\"https:\\\/\\\/c-profil.se\\\/\"},{\"@type\":\"ListItem\",\"position\":2,\"name\":\"Produkter\",\"item\":\"https:\\\/\\\/c-profil.se\\\/produkter\\\/\"},{\"@type\":\"ListItem\",\"position\":3,\"name\":\"Sk\u00e4rmkl\u00e4mmor\",\"item\":\"https:\\\/\\\/c-profil.se\\\/produkt-kategori\\\/skarmklammor\\\/\"},{\"@type\":\"ListItem\",\"position\":4,\"name\":\"EMC-Sk\u00e4rmkl\u00e4mma f\u00f6r samlingsskena | PF\"}]},{\"@type\":\"WebSite\",\"@id\":\"https:\\\/\\\/c-profil.se\\\/#website\",\"url\":\"https:\\\/\\\/c-profil.se\\\/\",\"name\":\"C-Pro\",\"description\":\"Produkter f\u00f6r El och Automation\",\"publisher\":{\"@id\":\"https:\\\/\\\/c-profil.se\\\/#organization\"},\"potentialAction\":[{\"@type\":\"SearchAction\",\"target\":{\"@type\":\"EntryPoint\",\"urlTemplate\":\"https:\\\/\\\/c-profil.se\\\/?s={search_term_string}\"},\"query-input\":{\"@type\":\"PropertyValueSpecification\",\"valueRequired\":true,\"valueName\":\"search_term_string\"}}],\"inLanguage\":\"en\"},{\"@type\":\"Organization\",\"@id\":\"https:\\\/\\\/c-profil.se\\\/#organization\",\"name\":\"C-Pro\",\"alternateName\":\"C-PRO\",\"url\":\"https:\\\/\\\/c-profil.se\\\/\",\"logo\":{\"@type\":\"ImageObject\",\"inLanguage\":\"en\",\"@id\":\"https:\\\/\\\/c-profil.se\\\/#\\\/schema\\\/logo\\\/image\\\/\",\"url\":\"https:\\\/\\\/c-profil.se\\\/wp-content\\\/uploads\\\/2022\\\/03\\\/c-pro-logga-liggande-500x500-1.png\",\"contentUrl\":\"https:\\\/\\\/c-profil.se\\\/wp-content\\\/uploads\\\/2022\\\/03\\\/c-pro-logga-liggande-500x500-1.png\",\"width\":500,\"height\":500,\"caption\":\"C-Pro\"},\"image\":{\"@id\":\"https:\\\/\\\/c-profil.se\\\/#\\\/schema\\\/logo\\\/image\\\/\"},\"sameAs\":[\"https:\\\/\\\/www.facebook.com\\\/people\\\/C-Pro\\\/61561767306874\\\/\",\"https:\\\/\\\/www.linkedin.com\\\/company\\\/c-pro-ab\",\"https:\\\/\\\/www.instagram.com\\\/cpro.ab\\\/\"],\"description\":\"C-PRO AB \u00e4r en helt\u00e4ckande leverant\u00f6r av material f\u00f6r applikationer inom el och automation. \u00c4nda sedan starten 1987 har vi f\u00f6rsett den svenska tillverkande industrin med elmaterial. Trots v\u00e5r storlek och ledande position har vi aldrig \u00f6vergett v\u00e5r grundfilosofi, att vara en personlig leverant\u00f6r. Vi p\u00e5 C-PRO \u00e4r l\u00e4tta att komma i kontakt med, \u00e4rliga och brinner f\u00f6r att l\u00f6sa v\u00e5ra kunders problem.\",\"email\":\"info@c-profil.se\",\"telephone\":\"031575785\",\"legalName\":\"C-Profil F\u00f6rl\u00e4ggningsmaterial AB\",\"foundingDate\":\"1987-01-01\"}]}<\/script>\n<meta property=\"product:brand\" content=\"emc\" \/>\n<meta property=\"product:price:currency\" content=\"SEK\" \/>\n<meta property=\"og:availability\" content=\"instock\" \/>\n<meta property=\"product:availability\" content=\"instock\" \/>\n<meta property=\"product:retailer_item_id\" content=\"PF\" \/>\n<meta property=\"product:condition\" content=\"new\" \/>\n<!-- \/ Yoast SEO Premium plugin. -->","yoast_head_json":{"title":"EMC shielding clamp for busbar | PF - C-Pro","description":"EMC Shield Clamp for Busbar | PF is used wherever the screen of individual cables must be connected to the chassis potential. Read More!","robots":{"index":"index","follow":"follow","max-snippet":"max-snippet:-1","max-image-preview":"max-image-preview:large","max-video-preview":"max-video-preview:-1"},"canonical":"https:\/\/c-profil.se\/english\/product\/emc-cable-clamp-pf\/","og_locale":"en_US","og_type":"article","og_title":"EMC-Sk\u00e4rmkl\u00e4mma f\u00f6r samlingsskena | PF - C-Pro","og_description":"EMC-Sk\u00e4rmkl\u00e4mma f\u00f6r samlingsskena | PF anv\u00e4nds p\u00e5 alla st\u00e4llen d\u00e4r sk\u00e4rmen av enstaka ledningar m\u00e5ste f\u00f6rbindas med masspotentialen. De m\u00f6jligg\u00f6r en s\u00e4ker och enkel sk\u00e4rmning av kablar.  Versioner med dragavlastning: ledningen kan dragavlastas enligt EN 62444 med buntband. Detta sker \u00f6ver yttre kabelmanteln. Varianter med dubbel dragavlastning finns ocks\u00e5 (enligt PROFINET montageriktlinier).  Kl\u00e4mmomr\u00e5dena av kl\u00e4mmvarianten MSKL \u00e4r v\u00e4ldigt stora p\u00e5 grund av deras speciella geometri. Byggbredden och -h\u00f6jden \u00e4r j\u00e4mf\u00f6relsevist sm\u00e5 (exempel: MSKL 3-12 med inlagd 12mm ledningssk\u00e4rm: bredd 26.25 mm).  Genom ett v\u00e4ldigt smalt design och f\u00f6rskjutningen av PFS|SCL kan platsen anv\u00e4ndas p\u00e5 b\u00e4stm\u00f6jliga s\u00e4tt. Produkten egnas speciellt f\u00f6r system d\u00e4r flera ledningar m\u00e5ste genomf\u00f6ras v\u00e4ldigt n\u00e4ra varann.  Produkten moneras verktygsl\u00f6st genom att klicka in den p\u00e5\u00a010 \u00d7 3 mm samlingsskenan.  F\u00f6rdelar   Delvist integrerade m\u00f6jlighet av dragavlastning  Stor kontaktyta  Skyddskontakt och avlastning avskild  Snabb montering utan verktyg  Fj\u00e4der designen kr\u00e4ver inga justeringar och kommer att permanent h\u00e5lla kontakt med kabelsk\u00e4rmen  Konstruerad f\u00f6r till\u00e4mpningar med h\u00f6g densitet  St\u00f6t- och vibrationst\u00e5lig, underh\u00e5llsfri  Integrerad m\u00f6jlighet av dubbel dragavlastnig (enligt PROFINET riktlinjer f\u00f6r montageriktlinier)","og_url":"https:\/\/c-profil.se\/english\/product\/emc-cable-clamp-pf\/","og_site_name":"C-Pro","article_publisher":"https:\/\/www.facebook.com\/people\/C-Pro\/61561767306874\/","article_modified_time":"2026-04-23T07:58:17+00:00","og_image":[{"width":500,"height":500,"url":"https:\/\/c-profil.se\/wp-content\/uploads\/2021\/03\/PFSZ-M-MSKL.jpg","type":"image\/jpeg"}],"twitter_card":"summary_large_image","twitter_misc":{"Price":"","Availability":"In stock"},"schema":{"@context":"https:\/\/schema.org","@graph":[{"@type":"WebPage","@id":"https:\/\/c-profil.se\/produkt\/emc-skarmklamma-pf\/","url":"https:\/\/c-profil.se\/produkt\/emc-skarmklamma-pf\/","name":"EMC shielding clamp for busbar | PF - C-Pro","isPartOf":{"@id":"https:\/\/c-profil.se\/#website"},"primaryImageOfPage":{"@id":"https:\/\/c-profil.se\/produkt\/emc-skarmklamma-pf\/#primaryimage"},"image":{"@id":"https:\/\/c-profil.se\/produkt\/emc-skarmklamma-pf\/#primaryimage"},"thumbnailUrl":"https:\/\/c-profil.se\/wp-content\/uploads\/2021\/03\/PFSZ-M-MSKL.jpg","datePublished":"2021-10-28T11:30:00+00:00","dateModified":"2026-04-23T07:58:17+00:00","description":"EMC Shield Clamp for Busbar | PF is used wherever the screen of individual cables must be connected to the chassis potential. Read More!","breadcrumb":{"@id":"https:\/\/c-profil.se\/produkt\/emc-skarmklamma-pf\/#breadcrumb"},"inLanguage":"en","potentialAction":[{"@type":"ReadAction","target":["https:\/\/c-profil.se\/produkt\/emc-skarmklamma-pf\/"]}]},{"@type":"ImageObject","inLanguage":"en","@id":"https:\/\/c-profil.se\/produkt\/emc-skarmklamma-pf\/#primaryimage","url":"https:\/\/c-profil.se\/wp-content\/uploads\/2021\/03\/PFSZ-M-MSKL.jpg","contentUrl":"https:\/\/c-profil.se\/wp-content\/uploads\/2021\/03\/PFSZ-M-MSKL.jpg","width":500,"height":500,"caption":"EMC-Sk\u00e4rmkl\u00e4mma \/ PF"},{"@type":"BreadcrumbList","@id":"https:\/\/c-profil.se\/produkt\/emc-skarmklamma-pf\/#breadcrumb","itemListElement":[{"@type":"ListItem","position":1,"name":"Hem","item":"https:\/\/c-profil.se\/"},{"@type":"ListItem","position":2,"name":"Produkter","item":"https:\/\/c-profil.se\/produkter\/"},{"@type":"ListItem","position":3,"name":"Sk\u00e4rmkl\u00e4mmor","item":"https:\/\/c-profil.se\/produkt-kategori\/skarmklammor\/"},{"@type":"ListItem","position":4,"name":"EMC-Sk\u00e4rmkl\u00e4mma f\u00f6r samlingsskena | PF"}]},{"@type":"WebSite","@id":"https:\/\/c-profil.se\/#website","url":"https:\/\/c-profil.se\/","name":"C-Pro","description":"Products for Electricity and Automation","publisher":{"@id":"https:\/\/c-profil.se\/#organization"},"potentialAction":[{"@type":"SearchAction","target":{"@type":"EntryPoint","urlTemplate":"https:\/\/c-profil.se\/?s={search_term_string}"},"query-input":{"@type":"PropertyValueSpecification","valueRequired":true,"valueName":"search_term_string"}}],"inLanguage":"en"},{"@type":"Organization","@id":"https:\/\/c-profil.se\/#organization","name":"C-Pro","alternateName":"C-PRO","url":"https:\/\/c-profil.se\/","logo":{"@type":"ImageObject","inLanguage":"en","@id":"https:\/\/c-profil.se\/#\/schema\/logo\/image\/","url":"https:\/\/c-profil.se\/wp-content\/uploads\/2022\/03\/c-pro-logga-liggande-500x500-1.png","contentUrl":"https:\/\/c-profil.se\/wp-content\/uploads\/2022\/03\/c-pro-logga-liggande-500x500-1.png","width":500,"height":500,"caption":"C-Pro"},"image":{"@id":"https:\/\/c-profil.se\/#\/schema\/logo\/image\/"},"sameAs":["https:\/\/www.facebook.com\/people\/C-Pro\/61561767306874\/","https:\/\/www.linkedin.com\/company\/c-pro-ab","https:\/\/www.instagram.com\/cpro.ab\/"],"description":"C-PRO AB is a comprehensive supplier of materials for applications in electricity and automation. Ever since the start in 1987, we have supplied the Swedish manufacturing industry with electrical materials. Despite our size and leading position, we have never abandoned our basic philosophy, to be a personal supplier. We at C-PRO are easy to get in touch with, honest and passionate about solving our customers&#039; problems.","email":"info@c-profil.se","telephone":"031575785","legalName":"C-Profil F\u00f6rl\u00e4ggningsmaterial AB","foundingDate":"1987-01-01"}]},"product_brand":"emc","product_price_currency":"SEK","og_availability":"instock","product_availability":"instock","product_retailer_item_id":"PF","product_condition":"new"},"_links":{"self":[{"href":"https:\/\/c-profil.se\/english\/wp-json\/wp\/v2\/product\/28324","targetHints":{"allow":["GET"]}}],"collection":[{"href":"https:\/\/c-profil.se\/english\/wp-json\/wp\/v2\/product"}],"about":[{"href":"https:\/\/c-profil.se\/english\/wp-json\/wp\/v2\/types\/product"}],"version-history":[{"count":9,"href":"https:\/\/c-profil.se\/english\/wp-json\/wp\/v2\/product\/28324\/revisions"}],"predecessor-version":[{"id":75164,"href":"https:\/\/c-profil.se\/english\/wp-json\/wp\/v2\/product\/28324\/revisions\/75164"}],"wp:featuredmedia":[{"embeddable":true,"href":"https:\/\/c-profil.se\/english\/wp-json\/wp\/v2\/media\/26748"}],"wp:attachment":[{"href":"https:\/\/c-profil.se\/english\/wp-json\/wp\/v2\/media?parent=28324"}],"wp:term":[{"taxonomy":"product_brand","embeddable":true,"href":"https:\/\/c-profil.se\/english\/wp-json\/wp\/v2\/product_brand?post=28324"},{"taxonomy":"product_cat","embeddable":true,"href":"https:\/\/c-profil.se\/english\/wp-json\/wp\/v2\/product_cat?post=28324"},{"taxonomy":"product_tag","embeddable":true,"href":"https:\/\/c-profil.se\/english\/wp-json\/wp\/v2\/product_tag?post=28324"}],"curies":[{"name":"wp","href":"https:\/\/api.w.org\/{rel}","templated":true}]}}