{"id":28304,"date":"2021-10-28T10:01:00","date_gmt":"2021-10-28T09:01:00","guid":{"rendered":"https:\/\/c-profil.se\/?post_type=product&#038;p=28304"},"modified":"2026-04-23T08:48:05","modified_gmt":"2026-04-23T07:48:05","slug":"emc-cable-clamp-lf","status":"publish","type":"product","link":"https:\/\/c-profil.se\/english\/produkt\/emc-skarmklamma-lf\/","title":{"rendered":"EMC Shield Clamp with Bracket | LF"},"content":{"rendered":"<p><strong>LF is an EMC shield clamp for connecting cable shields to ground potential in industrial installations<\/strong>, developed for safe and effective shielding of individual wires.<br \/>\nThe shield clamp is mounted with a screw on a mounting plate and is available in several designs, including angled variants for installation in tight spaces and with high cable density.<\/p>","protected":false},"excerpt":{"rendered":"<p><strong>EMC Shield Clamp with Bracket | LF<\/strong> used in all places where the shield of single wires must be connected to mass potential. They enable safe and easy shielding of cables.<\/p>\n<p>Versions with strain relief: the cable can be strain relieved according to EN 62444 with cable ties. This takes place over the outer cable jacket. Variants with double strain relief can also be obtained (according to PROFINET assembly guidelines).<\/p>\n<p>The clamping areas of the MSKL clamp variant are very large due to their special geometry. The overall width and height are comparatively small (example: MSKL 3-12 with inserted 12 mm cable shield: width 26.25 mm). The LFZ-M|MSKL shield clamp is available in a version that is angled at 45\u00b0 or 90\u00b0. The 45\u00b0 version is suitable for use in frequency converters from various manufacturers. The cable is inserted into the cable duct with a shield clamp at an angle of 45\u00b0. The 90\u00b0 version makes it possible to install it at edges and corners.<\/p>\n<p>The assembly is carried out by screwing it onto, for example, a mounting plate. The LFZ-U-|SKL shield clamp is available with an M4 or M5 connection. The screws that are already connected to the ground potential can be used for assembly. It is sufficient to loosen the screw slightly, slide under the LFZ-U|SKL and reattach the screw.<\/p>\n<p><strong>Advantages<\/strong><\/p>\n<ul>\n<li>Partially integrated strain relief option<\/li>\n<li>Large contact area<\/li>\n<li>Shield contact and strain relief separated<\/li>\n<li>Easiest assembly\/disassembly<\/li>\n<li>The spring design requires no adjustments and will permanently maintain contact to the cable shield<\/li>\n<li>Shock and vibration resistant, maintenance free<\/li>\n<li>Integrated double strain relief option (according to PROFINET installation guidelines)<\/li>\n<\/ul>","protected":false},"featured_media":26737,"template":"","meta":{"_acf_changed":false},"product_brand":[740],"product_cat":[310],"product_tag":[991,957],"class_list":{"0":"post-28304","1":"product","2":"type-product","3":"status-publish","4":"has-post-thumbnail","6":"product_brand-icotek","7":"product_cat-skarmklammor","8":"product_tag-emc","9":"product_tag-potentialutjamning","11":"first","12":"instock","13":"shipping-taxable","14":"product-type-simple"},"acf":[],"yoast_head":"<!-- This site is optimized with the Yoast SEO Premium plugin v27.6 (Yoast SEO v27.6) - https:\/\/yoast.com\/product\/yoast-seo-premium-wordpress\/ -->\n<title>EMC-Sk\u00e4rmkl\u00e4mma med f\u00e4ste | LF - C-Pro<\/title>\n<meta name=\"description\" content=\"EMC-Sk\u00e4rmkl\u00e4mma med f\u00e4ste | LF anv\u00e4nds p\u00e5 alla st\u00e4llen d\u00e4r sk\u00e4rmen av enstaka ledningar m\u00e5ste f\u00f6rbindas med masspotentialen. L\u00e4s Mer!\" \/>\n<meta name=\"robots\" content=\"index, follow, max-snippet:-1, max-image-preview:large, max-video-preview:-1\" \/>\n<link rel=\"canonical\" href=\"https:\/\/c-profil.se\/english\/product\/emc-cable-clamp-lf\/\" \/>\n<meta property=\"og:locale\" content=\"en_US\" \/>\n<meta property=\"og:type\" content=\"article\" \/>\n<meta property=\"og:title\" content=\"EMC-Sk\u00e4rmkl\u00e4mma med f\u00e4ste | LF - C-Pro\" \/>\n<meta property=\"og:description\" content=\"EMC-Sk\u00e4rmkl\u00e4mma med f\u00e4ste | LF anv\u00e4nds p\u00e5 alla st\u00e4llen d\u00e4r sk\u00e4rmen av enstaka ledningar m\u00e5ste f\u00f6rbindas med masspotentialen. De m\u00f6jligg\u00f6r en s\u00e4ker och enkel sk\u00e4rmning av kablar.  Versioner med dragavlastning: ledningen kan dragavlastas enligt EN 62444 med buntband. Detta sker \u00f6ver yttre kabelmanteln. Varianter med dubbel dragavlastning kan ocks\u00e5 skaffas (enligt PROFINET montageriktlinier).  Kl\u00e4mmomr\u00e5dena av kl\u00e4mmvarianten MSKL \u00e4r v\u00e4ldigt stora p\u00e5 grund av deras speciella geometri. Byggbredden och -h\u00f6jden \u00e4r j\u00e4mf\u00f6relsevist sm\u00e5 (exempel: MSKL 3-12 med inlagd 12mm ledningssk\u00e4rm: bredd 26.25 mm). Sk\u00e4rmkl\u00e4mman LFZ-M|MSKL finns i en variant som \u00e4r avvinklad med 45\u00b0 eller 90\u00b0. Varianten med 45\u00b0 egnar sig f\u00f6r att ins\u00e4ttas i frekvensomvandlare av diverse tillverkare. Ledningen inf\u00f6rs i ledningskanalen med en sk\u00e4rmkl\u00e4mma med en vinkling av 45\u00b0. Med 90\u00b0 varianten blir ett montage vid kanter och h\u00f6rn m\u00f6jligt.  Montaget genomf\u00f6rs genom p\u00e5skruvning p\u00e5 t. ex. en montageplatta.\u00a0Sk\u00e4rmkl\u00e4mman LFZ-U-|SKL \u00e4r k\u00f6pbar med M4- eller M5-anslutning.\u00a0Skruvarna som redan \u00e4r f\u00f6rbundna med masspotentialen kan anv\u00e4ndas f\u00f6r montaget. Det r\u00e4cker att lossa skruven en aning, skjuta under LFZ-U|SKL och f\u00e4sta skruven igen.  F\u00f6rdelar   Delvist integrerade m\u00f6jlighet av dragavlastning  Stor kontaktyta  Skyddskontakt och avlastning avskild  Enklaste montage\/demontage  Fj\u00e4der designen kr\u00e4ver inga justeringar och kommer att permanent h\u00e5lla kontakt med kabelsk\u00e4rmen  St\u00f6t- och vibrationst\u00e5lig, underh\u00e5llsfri  Integrerad m\u00f6jlighet av dubbel dragavlastnig (enligt PROFINET riktlinjer f\u00f6r montageriktlinier)\" \/>\n<meta property=\"og:url\" content=\"https:\/\/c-profil.se\/english\/product\/emc-cable-clamp-lf\/\" \/>\n<meta property=\"og:site_name\" content=\"C-Pro\" \/>\n<meta property=\"article:publisher\" content=\"https:\/\/www.facebook.com\/people\/C-Pro\/61561767306874\/\" \/>\n<meta property=\"article:modified_time\" content=\"2026-04-23T07:48:05+00:00\" \/>\n<meta property=\"og:image\" content=\"https:\/\/c-profil.se\/wp-content\/uploads\/2021\/03\/LFZ-M-MSKL.jpg\" \/>\n\t<meta property=\"og:image:width\" content=\"500\" \/>\n\t<meta property=\"og:image:height\" content=\"500\" \/>\n\t<meta property=\"og:image:type\" content=\"image\/jpeg\" \/>\n<meta name=\"twitter:card\" content=\"summary_large_image\" \/>\n<meta name=\"twitter:label1\" content=\"Price\" \/>\n\t<meta name=\"twitter:data1\" content=\"\" \/>\n\t<meta name=\"twitter:label2\" content=\"Availability\" \/>\n\t<meta name=\"twitter:data2\" content=\"In stock\" \/>\n<script type=\"application\/ld+json\" class=\"yoast-schema-graph\">{\"@context\":\"https:\\\/\\\/schema.org\",\"@graph\":[{\"@type\":\"WebPage\",\"@id\":\"https:\\\/\\\/c-profil.se\\\/produkt\\\/emc-skarmklamma-lf\\\/\",\"url\":\"https:\\\/\\\/c-profil.se\\\/produkt\\\/emc-skarmklamma-lf\\\/\",\"name\":\"EMC-Sk\u00e4rmkl\u00e4mma med f\u00e4ste | LF - C-Pro\",\"isPartOf\":{\"@id\":\"https:\\\/\\\/c-profil.se\\\/#website\"},\"primaryImageOfPage\":{\"@id\":\"https:\\\/\\\/c-profil.se\\\/produkt\\\/emc-skarmklamma-lf\\\/#primaryimage\"},\"image\":{\"@id\":\"https:\\\/\\\/c-profil.se\\\/produkt\\\/emc-skarmklamma-lf\\\/#primaryimage\"},\"thumbnailUrl\":\"https:\\\/\\\/c-profil.se\\\/wp-content\\\/uploads\\\/2021\\\/03\\\/LFZ-M-MSKL.jpg\",\"datePublished\":\"2021-10-28T09:01:00+00:00\",\"dateModified\":\"2026-04-23T07:48:05+00:00\",\"description\":\"EMC-Sk\u00e4rmkl\u00e4mma med f\u00e4ste | LF anv\u00e4nds p\u00e5 alla st\u00e4llen d\u00e4r sk\u00e4rmen av enstaka ledningar m\u00e5ste f\u00f6rbindas med masspotentialen. L\u00e4s Mer!\",\"breadcrumb\":{\"@id\":\"https:\\\/\\\/c-profil.se\\\/produkt\\\/emc-skarmklamma-lf\\\/#breadcrumb\"},\"inLanguage\":\"en\",\"potentialAction\":[{\"@type\":\"ReadAction\",\"target\":[\"https:\\\/\\\/c-profil.se\\\/produkt\\\/emc-skarmklamma-lf\\\/\"]}]},{\"@type\":\"ImageObject\",\"inLanguage\":\"en\",\"@id\":\"https:\\\/\\\/c-profil.se\\\/produkt\\\/emc-skarmklamma-lf\\\/#primaryimage\",\"url\":\"https:\\\/\\\/c-profil.se\\\/wp-content\\\/uploads\\\/2021\\\/03\\\/LFZ-M-MSKL.jpg\",\"contentUrl\":\"https:\\\/\\\/c-profil.se\\\/wp-content\\\/uploads\\\/2021\\\/03\\\/LFZ-M-MSKL.jpg\",\"width\":500,\"height\":500,\"caption\":\"EMC-Sk\u00e4rmkl\u00e4mma \\\/ LF\"},{\"@type\":\"BreadcrumbList\",\"@id\":\"https:\\\/\\\/c-profil.se\\\/produkt\\\/emc-skarmklamma-lf\\\/#breadcrumb\",\"itemListElement\":[{\"@type\":\"ListItem\",\"position\":1,\"name\":\"Hem\",\"item\":\"https:\\\/\\\/c-profil.se\\\/\"},{\"@type\":\"ListItem\",\"position\":2,\"name\":\"Produkter\",\"item\":\"https:\\\/\\\/c-profil.se\\\/produkter\\\/\"},{\"@type\":\"ListItem\",\"position\":3,\"name\":\"Sk\u00e4rmkl\u00e4mmor\",\"item\":\"https:\\\/\\\/c-profil.se\\\/produkt-kategori\\\/skarmklammor\\\/\"},{\"@type\":\"ListItem\",\"position\":4,\"name\":\"EMC-Sk\u00e4rmkl\u00e4mma med f\u00e4ste | LF\"}]},{\"@type\":\"WebSite\",\"@id\":\"https:\\\/\\\/c-profil.se\\\/#website\",\"url\":\"https:\\\/\\\/c-profil.se\\\/\",\"name\":\"C-Pro\",\"description\":\"Produkter f\u00f6r El och Automation\",\"publisher\":{\"@id\":\"https:\\\/\\\/c-profil.se\\\/#organization\"},\"potentialAction\":[{\"@type\":\"SearchAction\",\"target\":{\"@type\":\"EntryPoint\",\"urlTemplate\":\"https:\\\/\\\/c-profil.se\\\/?s={search_term_string}\"},\"query-input\":{\"@type\":\"PropertyValueSpecification\",\"valueRequired\":true,\"valueName\":\"search_term_string\"}}],\"inLanguage\":\"en\"},{\"@type\":\"Organization\",\"@id\":\"https:\\\/\\\/c-profil.se\\\/#organization\",\"name\":\"C-Pro\",\"alternateName\":\"C-PRO\",\"url\":\"https:\\\/\\\/c-profil.se\\\/\",\"logo\":{\"@type\":\"ImageObject\",\"inLanguage\":\"en\",\"@id\":\"https:\\\/\\\/c-profil.se\\\/#\\\/schema\\\/logo\\\/image\\\/\",\"url\":\"https:\\\/\\\/c-profil.se\\\/wp-content\\\/uploads\\\/2022\\\/03\\\/c-pro-logga-liggande-500x500-1.png\",\"contentUrl\":\"https:\\\/\\\/c-profil.se\\\/wp-content\\\/uploads\\\/2022\\\/03\\\/c-pro-logga-liggande-500x500-1.png\",\"width\":500,\"height\":500,\"caption\":\"C-Pro\"},\"image\":{\"@id\":\"https:\\\/\\\/c-profil.se\\\/#\\\/schema\\\/logo\\\/image\\\/\"},\"sameAs\":[\"https:\\\/\\\/www.facebook.com\\\/people\\\/C-Pro\\\/61561767306874\\\/\",\"https:\\\/\\\/www.linkedin.com\\\/company\\\/c-pro-ab\",\"https:\\\/\\\/www.instagram.com\\\/cpro.ab\\\/\"],\"description\":\"C-PRO AB \u00e4r en helt\u00e4ckande leverant\u00f6r av material f\u00f6r applikationer inom el och automation. \u00c4nda sedan starten 1987 har vi f\u00f6rsett den svenska tillverkande industrin med elmaterial. Trots v\u00e5r storlek och ledande position har vi aldrig \u00f6vergett v\u00e5r grundfilosofi, att vara en personlig leverant\u00f6r. Vi p\u00e5 C-PRO \u00e4r l\u00e4tta att komma i kontakt med, \u00e4rliga och brinner f\u00f6r att l\u00f6sa v\u00e5ra kunders problem.\",\"email\":\"info@c-profil.se\",\"telephone\":\"031575785\",\"legalName\":\"C-Profil F\u00f6rl\u00e4ggningsmaterial AB\",\"foundingDate\":\"1987-01-01\"}]}<\/script>\n<meta property=\"product:brand\" content=\"emc\" \/>\n<meta property=\"product:price:currency\" content=\"SEK\" \/>\n<meta property=\"og:availability\" content=\"instock\" \/>\n<meta property=\"product:availability\" content=\"instock\" \/>\n<meta property=\"product:retailer_item_id\" content=\"LF\" \/>\n<meta property=\"product:condition\" content=\"new\" \/>\n<!-- \/ Yoast SEO Premium plugin. -->","yoast_head_json":{"title":"EMC Shield Clamp with Bracket | LF - C-Pro","description":"EMC Shield Clamp with Bracket | LF is used in all places where the shield of individual cables must be connected to the mass potential. Read More!","robots":{"index":"index","follow":"follow","max-snippet":"max-snippet:-1","max-image-preview":"max-image-preview:large","max-video-preview":"max-video-preview:-1"},"canonical":"https:\/\/c-profil.se\/english\/product\/emc-cable-clamp-lf\/","og_locale":"en_US","og_type":"article","og_title":"EMC-Sk\u00e4rmkl\u00e4mma med f\u00e4ste | LF - C-Pro","og_description":"EMC-Sk\u00e4rmkl\u00e4mma med f\u00e4ste | LF anv\u00e4nds p\u00e5 alla st\u00e4llen d\u00e4r sk\u00e4rmen av enstaka ledningar m\u00e5ste f\u00f6rbindas med masspotentialen. De m\u00f6jligg\u00f6r en s\u00e4ker och enkel sk\u00e4rmning av kablar.  Versioner med dragavlastning: ledningen kan dragavlastas enligt EN 62444 med buntband. Detta sker \u00f6ver yttre kabelmanteln. Varianter med dubbel dragavlastning kan ocks\u00e5 skaffas (enligt PROFINET montageriktlinier).  Kl\u00e4mmomr\u00e5dena av kl\u00e4mmvarianten MSKL \u00e4r v\u00e4ldigt stora p\u00e5 grund av deras speciella geometri. Byggbredden och -h\u00f6jden \u00e4r j\u00e4mf\u00f6relsevist sm\u00e5 (exempel: MSKL 3-12 med inlagd 12mm ledningssk\u00e4rm: bredd 26.25 mm). Sk\u00e4rmkl\u00e4mman LFZ-M|MSKL finns i en variant som \u00e4r avvinklad med 45\u00b0 eller 90\u00b0. Varianten med 45\u00b0 egnar sig f\u00f6r att ins\u00e4ttas i frekvensomvandlare av diverse tillverkare. Ledningen inf\u00f6rs i ledningskanalen med en sk\u00e4rmkl\u00e4mma med en vinkling av 45\u00b0. Med 90\u00b0 varianten blir ett montage vid kanter och h\u00f6rn m\u00f6jligt.  Montaget genomf\u00f6rs genom p\u00e5skruvning p\u00e5 t. ex. en montageplatta.\u00a0Sk\u00e4rmkl\u00e4mman LFZ-U-|SKL \u00e4r k\u00f6pbar med M4- eller M5-anslutning.\u00a0Skruvarna som redan \u00e4r f\u00f6rbundna med masspotentialen kan anv\u00e4ndas f\u00f6r montaget. Det r\u00e4cker att lossa skruven en aning, skjuta under LFZ-U|SKL och f\u00e4sta skruven igen.  F\u00f6rdelar   Delvist integrerade m\u00f6jlighet av dragavlastning  Stor kontaktyta  Skyddskontakt och avlastning avskild  Enklaste montage\/demontage  Fj\u00e4der designen kr\u00e4ver inga justeringar och kommer att permanent h\u00e5lla kontakt med kabelsk\u00e4rmen  St\u00f6t- och vibrationst\u00e5lig, underh\u00e5llsfri  Integrerad m\u00f6jlighet av dubbel dragavlastnig (enligt PROFINET riktlinjer f\u00f6r montageriktlinier)","og_url":"https:\/\/c-profil.se\/english\/product\/emc-cable-clamp-lf\/","og_site_name":"C-Pro","article_publisher":"https:\/\/www.facebook.com\/people\/C-Pro\/61561767306874\/","article_modified_time":"2026-04-23T07:48:05+00:00","og_image":[{"width":500,"height":500,"url":"https:\/\/c-profil.se\/wp-content\/uploads\/2021\/03\/LFZ-M-MSKL.jpg","type":"image\/jpeg"}],"twitter_card":"summary_large_image","twitter_misc":{"Price":"","Availability":"In stock"},"schema":{"@context":"https:\/\/schema.org","@graph":[{"@type":"WebPage","@id":"https:\/\/c-profil.se\/produkt\/emc-skarmklamma-lf\/","url":"https:\/\/c-profil.se\/produkt\/emc-skarmklamma-lf\/","name":"EMC Shield Clamp with Bracket | LF - C-Pro","isPartOf":{"@id":"https:\/\/c-profil.se\/#website"},"primaryImageOfPage":{"@id":"https:\/\/c-profil.se\/produkt\/emc-skarmklamma-lf\/#primaryimage"},"image":{"@id":"https:\/\/c-profil.se\/produkt\/emc-skarmklamma-lf\/#primaryimage"},"thumbnailUrl":"https:\/\/c-profil.se\/wp-content\/uploads\/2021\/03\/LFZ-M-MSKL.jpg","datePublished":"2021-10-28T09:01:00+00:00","dateModified":"2026-04-23T07:48:05+00:00","description":"EMC Shield Clamp with Bracket | LF is used in all places where the shield of individual cables must be connected to the mass potential. Read More!","breadcrumb":{"@id":"https:\/\/c-profil.se\/produkt\/emc-skarmklamma-lf\/#breadcrumb"},"inLanguage":"en","potentialAction":[{"@type":"ReadAction","target":["https:\/\/c-profil.se\/produkt\/emc-skarmklamma-lf\/"]}]},{"@type":"ImageObject","inLanguage":"en","@id":"https:\/\/c-profil.se\/produkt\/emc-skarmklamma-lf\/#primaryimage","url":"https:\/\/c-profil.se\/wp-content\/uploads\/2021\/03\/LFZ-M-MSKL.jpg","contentUrl":"https:\/\/c-profil.se\/wp-content\/uploads\/2021\/03\/LFZ-M-MSKL.jpg","width":500,"height":500,"caption":"EMC-Sk\u00e4rmkl\u00e4mma \/ LF"},{"@type":"BreadcrumbList","@id":"https:\/\/c-profil.se\/produkt\/emc-skarmklamma-lf\/#breadcrumb","itemListElement":[{"@type":"ListItem","position":1,"name":"Hem","item":"https:\/\/c-profil.se\/"},{"@type":"ListItem","position":2,"name":"Produkter","item":"https:\/\/c-profil.se\/produkter\/"},{"@type":"ListItem","position":3,"name":"Sk\u00e4rmkl\u00e4mmor","item":"https:\/\/c-profil.se\/produkt-kategori\/skarmklammor\/"},{"@type":"ListItem","position":4,"name":"EMC-Sk\u00e4rmkl\u00e4mma med f\u00e4ste | LF"}]},{"@type":"WebSite","@id":"https:\/\/c-profil.se\/#website","url":"https:\/\/c-profil.se\/","name":"C-Pro","description":"Products for Electricity and Automation","publisher":{"@id":"https:\/\/c-profil.se\/#organization"},"potentialAction":[{"@type":"SearchAction","target":{"@type":"EntryPoint","urlTemplate":"https:\/\/c-profil.se\/?s={search_term_string}"},"query-input":{"@type":"PropertyValueSpecification","valueRequired":true,"valueName":"search_term_string"}}],"inLanguage":"en"},{"@type":"Organization","@id":"https:\/\/c-profil.se\/#organization","name":"C-Pro","alternateName":"C-PRO","url":"https:\/\/c-profil.se\/","logo":{"@type":"ImageObject","inLanguage":"en","@id":"https:\/\/c-profil.se\/#\/schema\/logo\/image\/","url":"https:\/\/c-profil.se\/wp-content\/uploads\/2022\/03\/c-pro-logga-liggande-500x500-1.png","contentUrl":"https:\/\/c-profil.se\/wp-content\/uploads\/2022\/03\/c-pro-logga-liggande-500x500-1.png","width":500,"height":500,"caption":"C-Pro"},"image":{"@id":"https:\/\/c-profil.se\/#\/schema\/logo\/image\/"},"sameAs":["https:\/\/www.facebook.com\/people\/C-Pro\/61561767306874\/","https:\/\/www.linkedin.com\/company\/c-pro-ab","https:\/\/www.instagram.com\/cpro.ab\/"],"description":"C-PRO AB is a comprehensive supplier of materials for applications in electricity and automation. Ever since the start in 1987, we have supplied the Swedish manufacturing industry with electrical materials. Despite our size and leading position, we have never abandoned our basic philosophy, to be a personal supplier. We at C-PRO are easy to get in touch with, honest and passionate about solving our customers&#039; problems.","email":"info@c-profil.se","telephone":"031575785","legalName":"C-Profil F\u00f6rl\u00e4ggningsmaterial AB","foundingDate":"1987-01-01"}]},"product_brand":"emc","product_price_currency":"SEK","og_availability":"instock","product_availability":"instock","product_retailer_item_id":"LF","product_condition":"new"},"_links":{"self":[{"href":"https:\/\/c-profil.se\/english\/wp-json\/wp\/v2\/product\/28304","targetHints":{"allow":["GET"]}}],"collection":[{"href":"https:\/\/c-profil.se\/english\/wp-json\/wp\/v2\/product"}],"about":[{"href":"https:\/\/c-profil.se\/english\/wp-json\/wp\/v2\/types\/product"}],"version-history":[{"count":9,"href":"https:\/\/c-profil.se\/english\/wp-json\/wp\/v2\/product\/28304\/revisions"}],"predecessor-version":[{"id":75160,"href":"https:\/\/c-profil.se\/english\/wp-json\/wp\/v2\/product\/28304\/revisions\/75160"}],"wp:featuredmedia":[{"embeddable":true,"href":"https:\/\/c-profil.se\/english\/wp-json\/wp\/v2\/media\/26737"}],"wp:attachment":[{"href":"https:\/\/c-profil.se\/english\/wp-json\/wp\/v2\/media?parent=28304"}],"wp:term":[{"taxonomy":"product_brand","embeddable":true,"href":"https:\/\/c-profil.se\/english\/wp-json\/wp\/v2\/product_brand?post=28304"},{"taxonomy":"product_cat","embeddable":true,"href":"https:\/\/c-profil.se\/english\/wp-json\/wp\/v2\/product_cat?post=28304"},{"taxonomy":"product_tag","embeddable":true,"href":"https:\/\/c-profil.se\/english\/wp-json\/wp\/v2\/product_tag?post=28304"}],"curies":[{"name":"wp","href":"https:\/\/api.w.org\/{rel}","templated":true}]}}