{"id":27772,"date":"2021-09-30T09:52:00","date_gmt":"2021-09-30T08:52:00","guid":{"rendered":"https:\/\/c-profil.se\/?post_type=product&#038;p=27772"},"modified":"2026-04-21T09:50:03","modified_gmt":"2026-04-21T08:50:03","slug":"cabinet-e-cor-tx","status":"publish","type":"product","link":"https:\/\/c-profil.se\/english\/produkt\/apparatskap-e-cor-tx\/","title":{"rendered":"Cabinet | E COR-TX"},"content":{"rendered":"<p><strong>E COR-TX is a wall-mounted stainless steel enclosure with integrated rain canopy<\/strong>, developed for industrial installations in outdoor and demanding environments.<br \/>\nThe enclosure is based on a fully welded construction and is supplied with a door and mounting plate for safe and flexible internal mounting.<\/p>","protected":false},"excerpt":{"rendered":"<p><strong>Cabinet | E COR-TX<\/strong> is a stainless steel wall cabinet with an integrated rain canopy. The wall cabinet is made of 1.5 mm thick AISI 304L stainless steel sheet (AISI 316L upon request). Mounting plate made of 2.5 mm thick galvanized sheet. Stainless steel hinges.<\/p>\n<ul>\n<li>Box and door (with shaped corners) in stainless steel sheet with silicone foam seal.<\/li>\n<li>Insert in zinc alloy and lever in stainless steel.<\/li>\n<li>Protection level guaranteed by two-component silicone foam sealant<\/li>\n<\/ul>\n<p><strong>Delivery includes:<\/strong><\/p>\n<ul>\n<li>Mounting plate<\/li>\n<li>Door with locking system (drawer and insert in zinc alloy, stainless steel lever) with 0 3mm double bar wrench<\/li>\n<li>Packaging with screws for earth connection and mounting plate.<\/li>\n<li>Cable entry plate<\/li>\n<\/ul>","protected":false},"featured_media":72357,"template":"","meta":{"_acf_changed":false},"product_brand":[738],"product_cat":[246],"product_tag":[940,944,949,943,952,950,945],"class_list":{"0":"post-27772","1":"product","2":"type-product","3":"status-publish","4":"has-post-thumbnail","6":"product_brand-eta","7":"product_cat-apparatskap-rostfritt","8":"product_tag-apparatskap","9":"product_tag-automation","10":"product_tag-hygienisk-miljo","11":"product_tag-korrosiv-miljo","12":"product_tag-kravande-miljo","13":"product_tag-livsmedelsindustri","14":"product_tag-vaggmontage","16":"first","17":"instock","18":"shipping-taxable","19":"product-type-simple"},"acf":[],"yoast_head":"<!-- This site is optimized with the Yoast SEO Premium plugin v27.4 (Yoast SEO v27.4) - https:\/\/yoast.com\/product\/yoast-seo-premium-wordpress\/ -->\n<title>Apparatsk\u00e5p | E COR-TX med regntak Rostfri - C-Pro<\/title>\n<meta name=\"description\" content=\"Apparatsk\u00e5p | E COR-TX och d\u00f6rr \u00e4r ett\u00a0 v\u00e4ggsk\u00e5p i Rostfritt st\u00e5l med integrerat regntak. V\u00e4ggsk\u00e5pet \u00e4r tillverkat av 1,5 mm tjock AISI 304L, \/ AISI 316L.\" \/>\n<meta name=\"robots\" content=\"index, follow, max-snippet:-1, max-image-preview:large, max-video-preview:-1\" \/>\n<link rel=\"canonical\" href=\"https:\/\/c-profil.se\/english\/product\/cabinet-e-cor-tx\/\" \/>\n<meta property=\"og:locale\" content=\"en_US\" \/>\n<meta property=\"og:type\" content=\"article\" \/>\n<meta property=\"og:title\" content=\"Apparatsk\u00e5p | E COR-TX - C-Pro\" \/>\n<meta property=\"og:description\" content=\"Apparatsk\u00e5p | E COR-TX \u00e4r ett\u00a0 v\u00e4ggsk\u00e5p i rostfritt st\u00e5l med integrerat regntak. V\u00e4ggsk\u00e5pet \u00e4r tillverkat av 1,5 mm tjock AISI 304L, rostfritt st\u00e5lpl\u00e5t (AISI 316L p\u00e5 beg\u00e4ran.) Monteringsplatta tillverkad av 2,5 mm tjockt f\u00f6rzinkad pl\u00e5t. G\u00e5ngj\u00e4rn i rostfritt st\u00e5l.   Kapsling och d\u00f6rr (med formade h\u00f6rn) i rostfri st\u00e5lpl\u00e5t med t\u00e4tning av silikonskum.  Insats i zinklegering och l\u00e5s i rostfritt st\u00e5l.  Skyddsniv\u00e5 garanterad av tv\u00e5komponent silikonskumt\u00e4tning *  Leveransen inkluderar:   Montagepl\u00e5t  D\u00f6rr med l\u00e5ssystem (l\u00e5dan och insatsen i zinklegering, spak i rostfritt st\u00e5l med 3mm dubbelst\u00e5ngsnyckel  F\u00f6rpackning med skruvar f\u00f6r jordanslutning och monteringsplatta.  Kabelgenomf\u00f6ringsplatta\" \/>\n<meta property=\"og:url\" content=\"https:\/\/c-profil.se\/english\/product\/cabinet-e-cor-tx\/\" \/>\n<meta property=\"og:site_name\" content=\"C-Pro\" \/>\n<meta property=\"article:publisher\" content=\"https:\/\/www.facebook.com\/people\/C-Pro\/61561767306874\/\" \/>\n<meta property=\"article:modified_time\" content=\"2026-04-21T08:50:03+00:00\" \/>\n<meta property=\"og:image\" content=\"https:\/\/c-profil.se\/wp-content\/uploads\/2021\/09\/Apparatskap-ECOR-TX.jpg\" \/>\n\t<meta property=\"og:image:width\" content=\"1000\" \/>\n\t<meta property=\"og:image:height\" content=\"1000\" \/>\n\t<meta property=\"og:image:type\" content=\"image\/jpeg\" \/>\n<meta name=\"twitter:card\" content=\"summary_large_image\" \/>\n<meta name=\"twitter:label1\" content=\"Price\" \/>\n\t<meta name=\"twitter:data1\" content=\"\" \/>\n\t<meta name=\"twitter:label2\" content=\"Availability\" \/>\n\t<meta name=\"twitter:data2\" content=\"In stock\" \/>\n<script type=\"application\/ld+json\" class=\"yoast-schema-graph\">{\"@context\":\"https:\\\/\\\/schema.org\",\"@graph\":[{\"@type\":\"WebPage\",\"@id\":\"https:\\\/\\\/c-profil.se\\\/produkt\\\/apparatskap-e-cor-tx\\\/\",\"url\":\"https:\\\/\\\/c-profil.se\\\/produkt\\\/apparatskap-e-cor-tx\\\/\",\"name\":\"Apparatsk\u00e5p | E COR-TX med regntak Rostfri - C-Pro\",\"isPartOf\":{\"@id\":\"https:\\\/\\\/c-profil.se\\\/#website\"},\"primaryImageOfPage\":{\"@id\":\"https:\\\/\\\/c-profil.se\\\/produkt\\\/apparatskap-e-cor-tx\\\/#primaryimage\"},\"image\":{\"@id\":\"https:\\\/\\\/c-profil.se\\\/produkt\\\/apparatskap-e-cor-tx\\\/#primaryimage\"},\"thumbnailUrl\":\"https:\\\/\\\/c-profil.se\\\/wp-content\\\/uploads\\\/2021\\\/09\\\/Apparatskap-ECOR-TX.jpg\",\"datePublished\":\"2021-09-30T08:52:00+00:00\",\"dateModified\":\"2026-04-21T08:50:03+00:00\",\"description\":\"Apparatsk\u00e5p | E COR-TX och d\u00f6rr \u00e4r ett\u00a0 v\u00e4ggsk\u00e5p i Rostfritt st\u00e5l med integrerat regntak. V\u00e4ggsk\u00e5pet \u00e4r tillverkat av 1,5 mm tjock AISI 304L, \\\/ AISI 316L.\",\"breadcrumb\":{\"@id\":\"https:\\\/\\\/c-profil.se\\\/produkt\\\/apparatskap-e-cor-tx\\\/#breadcrumb\"},\"inLanguage\":\"en\",\"potentialAction\":[{\"@type\":\"ReadAction\",\"target\":[\"https:\\\/\\\/c-profil.se\\\/produkt\\\/apparatskap-e-cor-tx\\\/\"]}]},{\"@type\":\"ImageObject\",\"inLanguage\":\"en\",\"@id\":\"https:\\\/\\\/c-profil.se\\\/produkt\\\/apparatskap-e-cor-tx\\\/#primaryimage\",\"url\":\"https:\\\/\\\/c-profil.se\\\/wp-content\\\/uploads\\\/2021\\\/09\\\/Apparatskap-ECOR-TX.jpg\",\"contentUrl\":\"https:\\\/\\\/c-profil.se\\\/wp-content\\\/uploads\\\/2021\\\/09\\\/Apparatskap-ECOR-TX.jpg\",\"width\":1000,\"height\":1000,\"caption\":\"Apparatsk\u00e5p ECOR TX\"},{\"@type\":\"BreadcrumbList\",\"@id\":\"https:\\\/\\\/c-profil.se\\\/produkt\\\/apparatskap-e-cor-tx\\\/#breadcrumb\",\"itemListElement\":[{\"@type\":\"ListItem\",\"position\":1,\"name\":\"Hem\",\"item\":\"https:\\\/\\\/c-profil.se\\\/\"},{\"@type\":\"ListItem\",\"position\":2,\"name\":\"Produkter\",\"item\":\"https:\\\/\\\/c-profil.se\\\/produkter\\\/\"},{\"@type\":\"ListItem\",\"position\":3,\"name\":\"Apparatsk\u00e5p i Rostfritt St\u00e5l\",\"item\":\"https:\\\/\\\/c-profil.se\\\/produkt-kategori\\\/apparatskap-rostfritt\\\/\"},{\"@type\":\"ListItem\",\"position\":4,\"name\":\"Apparatsk\u00e5p | E COR-TX\"}]},{\"@type\":\"WebSite\",\"@id\":\"https:\\\/\\\/c-profil.se\\\/#website\",\"url\":\"https:\\\/\\\/c-profil.se\\\/\",\"name\":\"C-Pro\",\"description\":\"Produkter f\u00f6r El och Automation\",\"publisher\":{\"@id\":\"https:\\\/\\\/c-profil.se\\\/#organization\"},\"potentialAction\":[{\"@type\":\"SearchAction\",\"target\":{\"@type\":\"EntryPoint\",\"urlTemplate\":\"https:\\\/\\\/c-profil.se\\\/?s={search_term_string}\"},\"query-input\":{\"@type\":\"PropertyValueSpecification\",\"valueRequired\":true,\"valueName\":\"search_term_string\"}}],\"inLanguage\":\"en\"},{\"@type\":\"Organization\",\"@id\":\"https:\\\/\\\/c-profil.se\\\/#organization\",\"name\":\"C-Pro\",\"alternateName\":\"C-PRO\",\"url\":\"https:\\\/\\\/c-profil.se\\\/\",\"logo\":{\"@type\":\"ImageObject\",\"inLanguage\":\"en\",\"@id\":\"https:\\\/\\\/c-profil.se\\\/#\\\/schema\\\/logo\\\/image\\\/\",\"url\":\"https:\\\/\\\/c-profil.se\\\/wp-content\\\/uploads\\\/2022\\\/03\\\/c-pro-logga-liggande-500x500-1.png\",\"contentUrl\":\"https:\\\/\\\/c-profil.se\\\/wp-content\\\/uploads\\\/2022\\\/03\\\/c-pro-logga-liggande-500x500-1.png\",\"width\":500,\"height\":500,\"caption\":\"C-Pro\"},\"image\":{\"@id\":\"https:\\\/\\\/c-profil.se\\\/#\\\/schema\\\/logo\\\/image\\\/\"},\"sameAs\":[\"https:\\\/\\\/www.facebook.com\\\/people\\\/C-Pro\\\/61561767306874\\\/\",\"https:\\\/\\\/www.linkedin.com\\\/company\\\/c-pro-ab\",\"https:\\\/\\\/www.instagram.com\\\/cpro.ab\\\/\"],\"description\":\"C-PRO AB \u00e4r en helt\u00e4ckande leverant\u00f6r av material f\u00f6r applikationer inom el och automation. \u00c4nda sedan starten 1987 har vi f\u00f6rsett den svenska tillverkande industrin med elmaterial. Trots v\u00e5r storlek och ledande position har vi aldrig \u00f6vergett v\u00e5r grundfilosofi, att vara en personlig leverant\u00f6r. Vi p\u00e5 C-PRO \u00e4r l\u00e4tta att komma i kontakt med, \u00e4rliga och brinner f\u00f6r att l\u00f6sa v\u00e5ra kunders problem.\",\"email\":\"info@c-profil.se\",\"telephone\":\"031575785\",\"legalName\":\"C-Profil F\u00f6rl\u00e4ggningsmaterial AB\",\"foundingDate\":\"1987-01-01\"}]}<\/script>\n<meta property=\"product:brand\" content=\"apparatsk\u00e5p\" \/>\n<meta property=\"product:price:currency\" content=\"SEK\" \/>\n<meta property=\"og:availability\" content=\"instock\" \/>\n<meta property=\"product:availability\" content=\"instock\" \/>\n<meta property=\"product:retailer_item_id\" content=\"E COR-TX\" \/>\n<meta property=\"product:condition\" content=\"new\" \/>\n<!-- \/ Yoast SEO Premium plugin. -->","yoast_head_json":{"title":"Equipment cabinet | E COR-TX with rain roof Stainless - C-Pro","description":"Equipment cabinet | E COR-TX and door is a wall cabinet in Stainless steel with integrated rain roof. The wall cabinet is made of 1.5 mm thick AISI 304L, \/ AISI 316L.","robots":{"index":"index","follow":"follow","max-snippet":"max-snippet:-1","max-image-preview":"max-image-preview:large","max-video-preview":"max-video-preview:-1"},"canonical":"https:\/\/c-profil.se\/english\/product\/cabinet-e-cor-tx\/","og_locale":"en_US","og_type":"article","og_title":"Apparatsk\u00e5p | E COR-TX - C-Pro","og_description":"Apparatsk\u00e5p | E COR-TX \u00e4r ett\u00a0 v\u00e4ggsk\u00e5p i rostfritt st\u00e5l med integrerat regntak. V\u00e4ggsk\u00e5pet \u00e4r tillverkat av 1,5 mm tjock AISI 304L, rostfritt st\u00e5lpl\u00e5t (AISI 316L p\u00e5 beg\u00e4ran.) Monteringsplatta tillverkad av 2,5 mm tjockt f\u00f6rzinkad pl\u00e5t. G\u00e5ngj\u00e4rn i rostfritt st\u00e5l.   Kapsling och d\u00f6rr (med formade h\u00f6rn) i rostfri st\u00e5lpl\u00e5t med t\u00e4tning av silikonskum.  Insats i zinklegering och l\u00e5s i rostfritt st\u00e5l.  Skyddsniv\u00e5 garanterad av tv\u00e5komponent silikonskumt\u00e4tning *  Leveransen inkluderar:   Montagepl\u00e5t  D\u00f6rr med l\u00e5ssystem (l\u00e5dan och insatsen i zinklegering, spak i rostfritt st\u00e5l med 3mm dubbelst\u00e5ngsnyckel  F\u00f6rpackning med skruvar f\u00f6r jordanslutning och monteringsplatta.  Kabelgenomf\u00f6ringsplatta","og_url":"https:\/\/c-profil.se\/english\/product\/cabinet-e-cor-tx\/","og_site_name":"C-Pro","article_publisher":"https:\/\/www.facebook.com\/people\/C-Pro\/61561767306874\/","article_modified_time":"2026-04-21T08:50:03+00:00","og_image":[{"width":1000,"height":1000,"url":"https:\/\/c-profil.se\/wp-content\/uploads\/2021\/09\/Apparatskap-ECOR-TX.jpg","type":"image\/jpeg"}],"twitter_card":"summary_large_image","twitter_misc":{"Price":"","Availability":"In stock"},"schema":{"@context":"https:\/\/schema.org","@graph":[{"@type":"WebPage","@id":"https:\/\/c-profil.se\/produkt\/apparatskap-e-cor-tx\/","url":"https:\/\/c-profil.se\/produkt\/apparatskap-e-cor-tx\/","name":"Equipment cabinet | E COR-TX with rain roof Stainless - C-Pro","isPartOf":{"@id":"https:\/\/c-profil.se\/#website"},"primaryImageOfPage":{"@id":"https:\/\/c-profil.se\/produkt\/apparatskap-e-cor-tx\/#primaryimage"},"image":{"@id":"https:\/\/c-profil.se\/produkt\/apparatskap-e-cor-tx\/#primaryimage"},"thumbnailUrl":"https:\/\/c-profil.se\/wp-content\/uploads\/2021\/09\/Apparatskap-ECOR-TX.jpg","datePublished":"2021-09-30T08:52:00+00:00","dateModified":"2026-04-21T08:50:03+00:00","description":"Equipment cabinet | E COR-TX and door is a wall cabinet in Stainless steel with integrated rain roof. The wall cabinet is made of 1.5 mm thick AISI 304L, \/ AISI 316L.","breadcrumb":{"@id":"https:\/\/c-profil.se\/produkt\/apparatskap-e-cor-tx\/#breadcrumb"},"inLanguage":"en","potentialAction":[{"@type":"ReadAction","target":["https:\/\/c-profil.se\/produkt\/apparatskap-e-cor-tx\/"]}]},{"@type":"ImageObject","inLanguage":"en","@id":"https:\/\/c-profil.se\/produkt\/apparatskap-e-cor-tx\/#primaryimage","url":"https:\/\/c-profil.se\/wp-content\/uploads\/2021\/09\/Apparatskap-ECOR-TX.jpg","contentUrl":"https:\/\/c-profil.se\/wp-content\/uploads\/2021\/09\/Apparatskap-ECOR-TX.jpg","width":1000,"height":1000,"caption":"Apparatsk\u00e5p ECOR TX"},{"@type":"BreadcrumbList","@id":"https:\/\/c-profil.se\/produkt\/apparatskap-e-cor-tx\/#breadcrumb","itemListElement":[{"@type":"ListItem","position":1,"name":"Hem","item":"https:\/\/c-profil.se\/"},{"@type":"ListItem","position":2,"name":"Produkter","item":"https:\/\/c-profil.se\/produkter\/"},{"@type":"ListItem","position":3,"name":"Apparatsk\u00e5p i Rostfritt St\u00e5l","item":"https:\/\/c-profil.se\/produkt-kategori\/apparatskap-rostfritt\/"},{"@type":"ListItem","position":4,"name":"Apparatsk\u00e5p | E COR-TX"}]},{"@type":"WebSite","@id":"https:\/\/c-profil.se\/#website","url":"https:\/\/c-profil.se\/","name":"C-Pro","description":"Products for Electricity and Automation","publisher":{"@id":"https:\/\/c-profil.se\/#organization"},"potentialAction":[{"@type":"SearchAction","target":{"@type":"EntryPoint","urlTemplate":"https:\/\/c-profil.se\/?s={search_term_string}"},"query-input":{"@type":"PropertyValueSpecification","valueRequired":true,"valueName":"search_term_string"}}],"inLanguage":"en"},{"@type":"Organization","@id":"https:\/\/c-profil.se\/#organization","name":"C-Pro","alternateName":"C-PRO","url":"https:\/\/c-profil.se\/","logo":{"@type":"ImageObject","inLanguage":"en","@id":"https:\/\/c-profil.se\/#\/schema\/logo\/image\/","url":"https:\/\/c-profil.se\/wp-content\/uploads\/2022\/03\/c-pro-logga-liggande-500x500-1.png","contentUrl":"https:\/\/c-profil.se\/wp-content\/uploads\/2022\/03\/c-pro-logga-liggande-500x500-1.png","width":500,"height":500,"caption":"C-Pro"},"image":{"@id":"https:\/\/c-profil.se\/#\/schema\/logo\/image\/"},"sameAs":["https:\/\/www.facebook.com\/people\/C-Pro\/61561767306874\/","https:\/\/www.linkedin.com\/company\/c-pro-ab","https:\/\/www.instagram.com\/cpro.ab\/"],"description":"C-PRO AB is a comprehensive supplier of materials for applications in electricity and automation. Ever since the start in 1987, we have supplied the Swedish manufacturing industry with electrical materials. Despite our size and leading position, we have never abandoned our basic philosophy, to be a personal supplier. We at C-PRO are easy to get in touch with, honest and passionate about solving our customers&#039; problems.","email":"info@c-profil.se","telephone":"031575785","legalName":"C-Profil F\u00f6rl\u00e4ggningsmaterial AB","foundingDate":"1987-01-01"}]},"product_brand":"apparatsk\u00e5p","product_price_currency":"SEK","og_availability":"instock","product_availability":"instock","product_retailer_item_id":"E COR-TX","product_condition":"new"},"_links":{"self":[{"href":"https:\/\/c-profil.se\/english\/wp-json\/wp\/v2\/product\/27772","targetHints":{"allow":["GET"]}}],"collection":[{"href":"https:\/\/c-profil.se\/english\/wp-json\/wp\/v2\/product"}],"about":[{"href":"https:\/\/c-profil.se\/english\/wp-json\/wp\/v2\/types\/product"}],"version-history":[{"count":17,"href":"https:\/\/c-profil.se\/english\/wp-json\/wp\/v2\/product\/27772\/revisions"}],"predecessor-version":[{"id":75066,"href":"https:\/\/c-profil.se\/english\/wp-json\/wp\/v2\/product\/27772\/revisions\/75066"}],"wp:featuredmedia":[{"embeddable":true,"href":"https:\/\/c-profil.se\/english\/wp-json\/wp\/v2\/media\/72357"}],"wp:attachment":[{"href":"https:\/\/c-profil.se\/english\/wp-json\/wp\/v2\/media?parent=27772"}],"wp:term":[{"taxonomy":"product_brand","embeddable":true,"href":"https:\/\/c-profil.se\/english\/wp-json\/wp\/v2\/product_brand?post=27772"},{"taxonomy":"product_cat","embeddable":true,"href":"https:\/\/c-profil.se\/english\/wp-json\/wp\/v2\/product_cat?post=27772"},{"taxonomy":"product_tag","embeddable":true,"href":"https:\/\/c-profil.se\/english\/wp-json\/wp\/v2\/product_tag?post=27772"}],"curies":[{"name":"wp","href":"https:\/\/api.w.org\/{rel}","templated":true}]}}