{"id":27732,"date":"2021-09-17T10:51:00","date_gmt":"2021-09-17T09:51:00","guid":{"rendered":"https:\/\/c-profil.se\/?post_type=product&#038;p=27732"},"modified":"2026-03-19T14:27:27","modified_gmt":"2026-03-19T13:27:27","slug":"conduit-frt","status":"publish","type":"product","link":"https:\/\/c-profil.se\/english\/produkt\/robotslang-frt\/","title":{"rendered":"Robot hose | FRT"},"content":{"rendered":"<p><strong>Robot hose \/ FRT is developed for insulation and mechanical protection of cables in dynamic and demanding applications<\/strong>.<br \/>\nIt can withstand extreme weather conditions and has very high UV resistance, making it ideal for, for example, external parts of locomotives and rolling stock.<\/p>","protected":false},"excerpt":{"rendered":"<p class=\"ai-optimize-26\">Robot hose \/ FRT for insulation and mechanical protection of cables in dynamic applications. The robot hose is made to withstand extreme weather conditions, e.g. external parts of locomotives and rolling stock. The hose has a very high UV resistance. FRT has a special patented profile so that the \/ ORJ o-ring gives a higher IP class.<\/p>\n<p class=\"ai-optimize-28\"><strong>Well suited for dynamic applications in:<\/strong><\/p>\n<ul>\n<li class=\"ai-optimize-29\">Machine building<\/li>\n<li class=\"ai-optimize-30\">Automation &amp; Robotics<\/li>\n<li class=\"ai-optimize-31\">Renewable energy installations<\/li>\n<li class=\"ai-optimize-32\">Construction<\/li>\n<li class=\"ai-optimize-33\">Railway industry<\/li>\n<li class=\"ai-optimize-34\">Maritime<\/li>\n<\/ul>\n<p><a href=\"https:\/\/c-profil.se\/wp-content\/uploads\/2021\/09\/frt_data.png\"><img fetchpriority=\"high\" decoding=\"async\" class=\"alignnone wp-image-32175 size-large\" src=\"https:\/\/c-profil.se\/wp-content\/uploads\/2021\/09\/frt_data-1024x724.png\" alt=\"Protective hose FRT Data\" width=\"1024\" height=\"724\" srcset=\"https:\/\/c-profil.se\/wp-content\/uploads\/2021\/09\/frt_data-1024x724.png 1024w, https:\/\/c-profil.se\/wp-content\/uploads\/2021\/09\/frt_data-300x212.png 300w, https:\/\/c-profil.se\/wp-content\/uploads\/2021\/09\/frt_data-768x543.png 768w, https:\/\/c-profil.se\/wp-content\/uploads\/2021\/09\/frt_data-1536x1086.png 1536w, https:\/\/c-profil.se\/wp-content\/uploads\/2021\/09\/frt_data-18x12.png 18w, https:\/\/c-profil.se\/wp-content\/uploads\/2021\/09\/frt_data-1000x707.png 1000w, https:\/\/c-profil.se\/wp-content\/uploads\/2021\/09\/frt_data-64x45.png 64w, https:\/\/c-profil.se\/wp-content\/uploads\/2021\/09\/frt_data.png 2000w\" sizes=\"(max-width: 1024px) 100vw, 1024px\" \/><\/a><\/p>","protected":false},"featured_media":51565,"template":"","meta":{"_acf_changed":false},"product_brand":[741],"product_cat":[314],"product_tag":[970,984,1004],"class_list":{"0":"post-27732","1":"product","2":"type-product","3":"status-publish","4":"has-post-thumbnail","6":"product_brand-interflex","7":"product_cat-skyddsslang","8":"product_tag-dragning-av-kablage","9":"product_tag-kabelskydd","10":"product_tag-skyddsslang","12":"first","13":"instock","14":"shipping-taxable","15":"product-type-simple"},"acf":[],"yoast_head":"<!-- This site is optimized with the Yoast SEO Premium plugin v27.4 (Yoast SEO v27.4) - https:\/\/yoast.com\/product\/yoast-seo-premium-wordpress\/ -->\n<title>Robotslang \/ FRT - C-Pro<\/title>\n<meta name=\"description\" content=\"Robotslang \/ FRT f\u00f6r isolering\/mekaniskt skydd av kablar vid dynamiska applikationer. Gjord f\u00f6r att klara extrema v\u00e4derf\u00f6rh\u00e5llanden. L\u00e4s Mer!\" \/>\n<meta name=\"robots\" content=\"index, follow, max-snippet:-1, max-image-preview:large, max-video-preview:-1\" \/>\n<link rel=\"canonical\" href=\"https:\/\/c-profil.se\/english\/product\/conduit-frt\/\" \/>\n<meta property=\"og:locale\" content=\"en_US\" \/>\n<meta property=\"og:type\" content=\"article\" \/>\n<meta property=\"og:title\" content=\"Robotslang | FRT - C-Pro\" \/>\n<meta property=\"og:description\" content=\"Robotslang \/ FRT f\u00f6r isolering och mekaniskt skydd av kablar vid dynamiska applikationer. Robotslangen \u00e4r gjord f\u00f6r att klara extrema v\u00e4derf\u00f6rh\u00e5llanden, t.ex. yttre delar av lok och rullande materiel. Slangen har en mycket h\u00f6g UV -best\u00e4ndighet. FRT har en speciell patenterad profil f\u00f6r att \/ ORJ o-ringen ska ge en h\u00f6gre IP-klass. Passar bra f\u00f6r dynamiska applikationer inom:    Maskinbyggnation  Automation  F\u00f6rnyelsebara energiinstallationer  Konstruktion  J\u00e4rnv\u00e4gsindustri  Marint\" \/>\n<meta property=\"og:url\" content=\"https:\/\/c-profil.se\/english\/product\/conduit-frt\/\" \/>\n<meta property=\"og:site_name\" content=\"C-Pro\" \/>\n<meta property=\"article:publisher\" content=\"https:\/\/www.facebook.com\/people\/C-Pro\/61561767306874\/\" \/>\n<meta property=\"article:modified_time\" content=\"2026-03-19T13:27:27+00:00\" \/>\n<meta property=\"og:image\" content=\"https:\/\/c-profil.se\/wp-content\/uploads\/2022\/06\/Skyddsslang.jpg\" \/>\n\t<meta property=\"og:image:width\" content=\"1000\" \/>\n\t<meta property=\"og:image:height\" content=\"1000\" \/>\n\t<meta property=\"og:image:type\" content=\"image\/jpeg\" \/>\n<meta name=\"twitter:card\" content=\"summary_large_image\" \/>\n<meta name=\"twitter:label1\" content=\"Price\" \/>\n\t<meta name=\"twitter:data1\" content=\"\" \/>\n\t<meta name=\"twitter:label2\" content=\"Availability\" \/>\n\t<meta name=\"twitter:data2\" content=\"In stock\" \/>\n<script type=\"application\/ld+json\" class=\"yoast-schema-graph\">{\"@context\":\"https:\\\/\\\/schema.org\",\"@graph\":[{\"@type\":\"WebPage\",\"@id\":\"https:\\\/\\\/c-profil.se\\\/produkt\\\/robotslang-frt\\\/\",\"url\":\"https:\\\/\\\/c-profil.se\\\/produkt\\\/robotslang-frt\\\/\",\"name\":\"Robotslang \\\/ FRT - C-Pro\",\"isPartOf\":{\"@id\":\"https:\\\/\\\/c-profil.se\\\/#website\"},\"primaryImageOfPage\":{\"@id\":\"https:\\\/\\\/c-profil.se\\\/produkt\\\/robotslang-frt\\\/#primaryimage\"},\"image\":{\"@id\":\"https:\\\/\\\/c-profil.se\\\/produkt\\\/robotslang-frt\\\/#primaryimage\"},\"thumbnailUrl\":\"https:\\\/\\\/c-profil.se\\\/wp-content\\\/uploads\\\/2022\\\/06\\\/Skyddsslang.jpg\",\"datePublished\":\"2021-09-17T09:51:00+00:00\",\"dateModified\":\"2026-03-19T13:27:27+00:00\",\"description\":\"Robotslang \\\/ FRT f\u00f6r isolering\\\/mekaniskt skydd av kablar vid dynamiska applikationer. Gjord f\u00f6r att klara extrema v\u00e4derf\u00f6rh\u00e5llanden. L\u00e4s Mer!\",\"breadcrumb\":{\"@id\":\"https:\\\/\\\/c-profil.se\\\/produkt\\\/robotslang-frt\\\/#breadcrumb\"},\"inLanguage\":\"en\",\"potentialAction\":[{\"@type\":\"ReadAction\",\"target\":[\"https:\\\/\\\/c-profil.se\\\/produkt\\\/robotslang-frt\\\/\"]}]},{\"@type\":\"ImageObject\",\"inLanguage\":\"en\",\"@id\":\"https:\\\/\\\/c-profil.se\\\/produkt\\\/robotslang-frt\\\/#primaryimage\",\"url\":\"https:\\\/\\\/c-profil.se\\\/wp-content\\\/uploads\\\/2022\\\/06\\\/Skyddsslang.jpg\",\"contentUrl\":\"https:\\\/\\\/c-profil.se\\\/wp-content\\\/uploads\\\/2022\\\/06\\\/Skyddsslang.jpg\",\"width\":1000,\"height\":1000,\"caption\":\"Skyddsslang\"},{\"@type\":\"BreadcrumbList\",\"@id\":\"https:\\\/\\\/c-profil.se\\\/produkt\\\/robotslang-frt\\\/#breadcrumb\",\"itemListElement\":[{\"@type\":\"ListItem\",\"position\":1,\"name\":\"Hem\",\"item\":\"https:\\\/\\\/c-profil.se\\\/\"},{\"@type\":\"ListItem\",\"position\":2,\"name\":\"Produkter\",\"item\":\"https:\\\/\\\/c-profil.se\\\/produkter\\\/\"},{\"@type\":\"ListItem\",\"position\":3,\"name\":\"Skyddsslang\",\"item\":\"https:\\\/\\\/c-profil.se\\\/produkt-kategori\\\/skyddsslang\\\/\"},{\"@type\":\"ListItem\",\"position\":4,\"name\":\"Robotslang | FRT\"}]},{\"@type\":\"WebSite\",\"@id\":\"https:\\\/\\\/c-profil.se\\\/#website\",\"url\":\"https:\\\/\\\/c-profil.se\\\/\",\"name\":\"C-Pro\",\"description\":\"Produkter f\u00f6r El och Automation\",\"publisher\":{\"@id\":\"https:\\\/\\\/c-profil.se\\\/#organization\"},\"potentialAction\":[{\"@type\":\"SearchAction\",\"target\":{\"@type\":\"EntryPoint\",\"urlTemplate\":\"https:\\\/\\\/c-profil.se\\\/?s={search_term_string}\"},\"query-input\":{\"@type\":\"PropertyValueSpecification\",\"valueRequired\":true,\"valueName\":\"search_term_string\"}}],\"inLanguage\":\"en\"},{\"@type\":\"Organization\",\"@id\":\"https:\\\/\\\/c-profil.se\\\/#organization\",\"name\":\"C-Pro\",\"alternateName\":\"C-PRO\",\"url\":\"https:\\\/\\\/c-profil.se\\\/\",\"logo\":{\"@type\":\"ImageObject\",\"inLanguage\":\"en\",\"@id\":\"https:\\\/\\\/c-profil.se\\\/#\\\/schema\\\/logo\\\/image\\\/\",\"url\":\"https:\\\/\\\/c-profil.se\\\/wp-content\\\/uploads\\\/2022\\\/03\\\/c-pro-logga-liggande-500x500-1.png\",\"contentUrl\":\"https:\\\/\\\/c-profil.se\\\/wp-content\\\/uploads\\\/2022\\\/03\\\/c-pro-logga-liggande-500x500-1.png\",\"width\":500,\"height\":500,\"caption\":\"C-Pro\"},\"image\":{\"@id\":\"https:\\\/\\\/c-profil.se\\\/#\\\/schema\\\/logo\\\/image\\\/\"},\"sameAs\":[\"https:\\\/\\\/www.facebook.com\\\/people\\\/C-Pro\\\/61561767306874\\\/\",\"https:\\\/\\\/www.linkedin.com\\\/company\\\/c-pro-ab\",\"https:\\\/\\\/www.instagram.com\\\/cpro.ab\\\/\"],\"description\":\"C-PRO AB \u00e4r en helt\u00e4ckande leverant\u00f6r av material f\u00f6r applikationer inom el och automation. \u00c4nda sedan starten 1987 har vi f\u00f6rsett den svenska tillverkande industrin med elmaterial. Trots v\u00e5r storlek och ledande position har vi aldrig \u00f6vergett v\u00e5r grundfilosofi, att vara en personlig leverant\u00f6r. Vi p\u00e5 C-PRO \u00e4r l\u00e4tta att komma i kontakt med, \u00e4rliga och brinner f\u00f6r att l\u00f6sa v\u00e5ra kunders problem.\",\"email\":\"info@c-profil.se\",\"telephone\":\"031575785\",\"legalName\":\"C-Profil F\u00f6rl\u00e4ggningsmaterial AB\",\"foundingDate\":\"1987-01-01\"}]}<\/script>\n<meta property=\"product:brand\" content=\"dragning av kablage\" \/>\n<meta property=\"product:price:currency\" content=\"SEK\" \/>\n<meta property=\"og:availability\" content=\"instock\" \/>\n<meta property=\"product:availability\" content=\"instock\" \/>\n<meta property=\"product:retailer_item_id\" content=\"FRT\" \/>\n<meta property=\"product:condition\" content=\"new\" \/>\n<!-- \/ Yoast SEO Premium plugin. -->","yoast_head_json":{"title":"Robotic Conduit \/ FRT - C-Pro","description":"Robot hose \/ FRT for insulation\/mechanical protection of cables in dynamic applications. Made to withstand extreme weather conditions. Read More!","robots":{"index":"index","follow":"follow","max-snippet":"max-snippet:-1","max-image-preview":"max-image-preview:large","max-video-preview":"max-video-preview:-1"},"canonical":"https:\/\/c-profil.se\/english\/product\/conduit-frt\/","og_locale":"en_US","og_type":"article","og_title":"Robotslang | FRT - C-Pro","og_description":"Robotslang \/ FRT f\u00f6r isolering och mekaniskt skydd av kablar vid dynamiska applikationer. Robotslangen \u00e4r gjord f\u00f6r att klara extrema v\u00e4derf\u00f6rh\u00e5llanden, t.ex. yttre delar av lok och rullande materiel. Slangen har en mycket h\u00f6g UV -best\u00e4ndighet. FRT har en speciell patenterad profil f\u00f6r att \/ ORJ o-ringen ska ge en h\u00f6gre IP-klass. Passar bra f\u00f6r dynamiska applikationer inom:    Maskinbyggnation  Automation  F\u00f6rnyelsebara energiinstallationer  Konstruktion  J\u00e4rnv\u00e4gsindustri  Marint","og_url":"https:\/\/c-profil.se\/english\/product\/conduit-frt\/","og_site_name":"C-Pro","article_publisher":"https:\/\/www.facebook.com\/people\/C-Pro\/61561767306874\/","article_modified_time":"2026-03-19T13:27:27+00:00","og_image":[{"width":1000,"height":1000,"url":"https:\/\/c-profil.se\/wp-content\/uploads\/2022\/06\/Skyddsslang.jpg","type":"image\/jpeg"}],"twitter_card":"summary_large_image","twitter_misc":{"Price":"","Availability":"In stock"},"schema":{"@context":"https:\/\/schema.org","@graph":[{"@type":"WebPage","@id":"https:\/\/c-profil.se\/produkt\/robotslang-frt\/","url":"https:\/\/c-profil.se\/produkt\/robotslang-frt\/","name":"Robotic Conduit \/ FRT - C-Pro","isPartOf":{"@id":"https:\/\/c-profil.se\/#website"},"primaryImageOfPage":{"@id":"https:\/\/c-profil.se\/produkt\/robotslang-frt\/#primaryimage"},"image":{"@id":"https:\/\/c-profil.se\/produkt\/robotslang-frt\/#primaryimage"},"thumbnailUrl":"https:\/\/c-profil.se\/wp-content\/uploads\/2022\/06\/Skyddsslang.jpg","datePublished":"2021-09-17T09:51:00+00:00","dateModified":"2026-03-19T13:27:27+00:00","description":"Robot hose \/ FRT for insulation\/mechanical protection of cables in dynamic applications. Made to withstand extreme weather conditions. Read More!","breadcrumb":{"@id":"https:\/\/c-profil.se\/produkt\/robotslang-frt\/#breadcrumb"},"inLanguage":"en","potentialAction":[{"@type":"ReadAction","target":["https:\/\/c-profil.se\/produkt\/robotslang-frt\/"]}]},{"@type":"ImageObject","inLanguage":"en","@id":"https:\/\/c-profil.se\/produkt\/robotslang-frt\/#primaryimage","url":"https:\/\/c-profil.se\/wp-content\/uploads\/2022\/06\/Skyddsslang.jpg","contentUrl":"https:\/\/c-profil.se\/wp-content\/uploads\/2022\/06\/Skyddsslang.jpg","width":1000,"height":1000,"caption":"Skyddsslang"},{"@type":"BreadcrumbList","@id":"https:\/\/c-profil.se\/produkt\/robotslang-frt\/#breadcrumb","itemListElement":[{"@type":"ListItem","position":1,"name":"Hem","item":"https:\/\/c-profil.se\/"},{"@type":"ListItem","position":2,"name":"Produkter","item":"https:\/\/c-profil.se\/produkter\/"},{"@type":"ListItem","position":3,"name":"Skyddsslang","item":"https:\/\/c-profil.se\/produkt-kategori\/skyddsslang\/"},{"@type":"ListItem","position":4,"name":"Robotslang | FRT"}]},{"@type":"WebSite","@id":"https:\/\/c-profil.se\/#website","url":"https:\/\/c-profil.se\/","name":"C-Pro","description":"Products for Electricity and Automation","publisher":{"@id":"https:\/\/c-profil.se\/#organization"},"potentialAction":[{"@type":"SearchAction","target":{"@type":"EntryPoint","urlTemplate":"https:\/\/c-profil.se\/?s={search_term_string}"},"query-input":{"@type":"PropertyValueSpecification","valueRequired":true,"valueName":"search_term_string"}}],"inLanguage":"en"},{"@type":"Organization","@id":"https:\/\/c-profil.se\/#organization","name":"C-Pro","alternateName":"C-PRO","url":"https:\/\/c-profil.se\/","logo":{"@type":"ImageObject","inLanguage":"en","@id":"https:\/\/c-profil.se\/#\/schema\/logo\/image\/","url":"https:\/\/c-profil.se\/wp-content\/uploads\/2022\/03\/c-pro-logga-liggande-500x500-1.png","contentUrl":"https:\/\/c-profil.se\/wp-content\/uploads\/2022\/03\/c-pro-logga-liggande-500x500-1.png","width":500,"height":500,"caption":"C-Pro"},"image":{"@id":"https:\/\/c-profil.se\/#\/schema\/logo\/image\/"},"sameAs":["https:\/\/www.facebook.com\/people\/C-Pro\/61561767306874\/","https:\/\/www.linkedin.com\/company\/c-pro-ab","https:\/\/www.instagram.com\/cpro.ab\/"],"description":"C-PRO AB is a comprehensive supplier of materials for applications in electricity and automation. Ever since the start in 1987, we have supplied the Swedish manufacturing industry with electrical materials. Despite our size and leading position, we have never abandoned our basic philosophy, to be a personal supplier. We at C-PRO are easy to get in touch with, honest and passionate about solving our customers&#039; problems.","email":"info@c-profil.se","telephone":"031575785","legalName":"C-Profil F\u00f6rl\u00e4ggningsmaterial AB","foundingDate":"1987-01-01"}]},"product_brand":"dragning av kablage","product_price_currency":"SEK","og_availability":"instock","product_availability":"instock","product_retailer_item_id":"FRT","product_condition":"new"},"_links":{"self":[{"href":"https:\/\/c-profil.se\/english\/wp-json\/wp\/v2\/product\/27732","targetHints":{"allow":["GET"]}}],"collection":[{"href":"https:\/\/c-profil.se\/english\/wp-json\/wp\/v2\/product"}],"about":[{"href":"https:\/\/c-profil.se\/english\/wp-json\/wp\/v2\/types\/product"}],"version-history":[{"count":10,"href":"https:\/\/c-profil.se\/english\/wp-json\/wp\/v2\/product\/27732\/revisions"}],"predecessor-version":[{"id":74431,"href":"https:\/\/c-profil.se\/english\/wp-json\/wp\/v2\/product\/27732\/revisions\/74431"}],"wp:featuredmedia":[{"embeddable":true,"href":"https:\/\/c-profil.se\/english\/wp-json\/wp\/v2\/media\/51565"}],"wp:attachment":[{"href":"https:\/\/c-profil.se\/english\/wp-json\/wp\/v2\/media?parent=27732"}],"wp:term":[{"taxonomy":"product_brand","embeddable":true,"href":"https:\/\/c-profil.se\/english\/wp-json\/wp\/v2\/product_brand?post=27732"},{"taxonomy":"product_cat","embeddable":true,"href":"https:\/\/c-profil.se\/english\/wp-json\/wp\/v2\/product_cat?post=27732"},{"taxonomy":"product_tag","embeddable":true,"href":"https:\/\/c-profil.se\/english\/wp-json\/wp\/v2\/product_tag?post=27732"}],"curies":[{"name":"wp","href":"https:\/\/api.w.org\/{rel}","templated":true}]}}