{"id":27447,"date":"2021-07-02T09:59:00","date_gmt":"2021-07-02T08:59:00","guid":{"rendered":"https:\/\/c-profil.se\/?post_type=product&#038;p=27447"},"modified":"2026-03-18T08:35:23","modified_gmt":"2026-03-18T07:35:23","slug":"velcro-tie-klkb-klb","status":"publish","type":"product","link":"https:\/\/c-profil.se\/english\/produkt\/kardborrebuntband-klkb-klb\/","title":{"rendered":"Velcro cable ties | KLKB \/ KLB"},"content":{"rendered":"<p><strong>Velcro cable ties \/ KLKB | KLB are reusable hook &amp; loop cable ties for gentle cable fastening<\/strong>, especially suitable for installations with vibrations.<br \/>\nThey can be opened and closed several times without damaging the cables and are available both as individual packages and rolls.<\/p>","protected":false},"excerpt":{"rendered":"<p>Velcro tie \/ KLKB | KLB,<em> \u201dhook &amp; loop\u201d<\/em>-cable ties are more often used to fix cables, because unlike regular cable ties, they can be opened and closed several times.<\/p>\n<p>Hook and loop cable ties are used more and more often to fix cables because, unlike regular cable ties, they can be opened and closed several times. Soft materials leave the cables undamaged, especially in places where the cables vibrate. The hook and loop cable ties are available in four different sizes.<\/p>\n<ul>\n<li>The cable ties can be purchased individually (KLKB) or as a continuous roll (KLB).<\/li>\n<li>Reusable<\/li>\n<li>Spares cable in case of vibration<\/li>\n<li>Customizable<\/li>\n<\/ul>","protected":false},"featured_media":51531,"template":"","meta":{"_acf_changed":false},"product_brand":[740],"product_cat":[224],"product_tag":[970,975,946],"class_list":{"0":"post-27447","1":"product","2":"type-product","3":"status-publish","4":"has-post-thumbnail","6":"product_brand-icotek","7":"product_cat-buntband","8":"product_tag-dragning-av-kablage","9":"product_tag-fastsattning","10":"product_tag-kabelhantering-i-apparatskap","12":"first","13":"instock","14":"shipping-taxable","15":"product-type-simple"},"acf":[],"yoast_head":"<!-- This site is optimized with the Yoast SEO Premium plugin v27.5 (Yoast SEO v27.5) - https:\/\/yoast.com\/product\/yoast-seo-premium-wordpress\/ -->\n<title>Kardborrebuntband | KLKB \/ KLB - C-Pro<\/title>\n<meta name=\"description\" content=\"Kardborrebuntband \/ KLKB | KLB, &quot;hook &amp; loop&quot;-buntband anv\u00e4nds f\u00f6r att fixera kablar, buntbanden kan \u00f6ppnas och st\u00e4ngas flera g\u00e5nger. L\u00e4s Mer!\" \/>\n<meta name=\"robots\" content=\"index, follow, max-snippet:-1, max-image-preview:large, max-video-preview:-1\" \/>\n<link rel=\"canonical\" href=\"https:\/\/c-profil.se\/english\/product\/velcro-tie-klkb-klb\/\" \/>\n<meta property=\"og:locale\" content=\"en_US\" \/>\n<meta property=\"og:type\" content=\"article\" \/>\n<meta property=\"og:title\" content=\"Kardborrebuntband | KLKB \/ KLB - C-Pro\" \/>\n<meta property=\"og:description\" content=\"Kardborrebuntband \/ KLKB | KLB, &quot;hook &amp; loop&quot;-buntband anv\u00e4nds f\u00f6r att fixera kablar, d\u00e4rf\u00f6r att de till skillnad fr\u00e5n vanliga buntband kan \u00f6ppnas och st\u00e4ngas flera g\u00e5nger.  Krok och \u00f6gla-buntband anv\u00e4nds oftare och oftare f\u00f6r att fixera kablar, d\u00e4rf\u00f6r att de, till skillnad till vanliga buntband, kan \u00f6ppnas och st\u00e4ngas flera g\u00e5nger. Mjuka material l\u00e4mnar kablarna oskadade, speciellt i st\u00e4llen d\u00e4r kablarna vibrerar. Krok och \u00f6gla-buntbanden finns i fyra olika storlekar.   Buntbanden kan anskaffas enstaka (KLKB) eller som kontinuerlig rulle (KLB).  \u00c5teranv\u00e4ndbar  Skonar kabel vid vibration  Anpassningsbar\" \/>\n<meta property=\"og:url\" content=\"https:\/\/c-profil.se\/english\/product\/velcro-tie-klkb-klb\/\" \/>\n<meta property=\"og:site_name\" content=\"C-Pro\" \/>\n<meta property=\"article:publisher\" content=\"https:\/\/www.facebook.com\/people\/C-Pro\/61561767306874\/\" \/>\n<meta property=\"article:modified_time\" content=\"2026-03-18T07:35:23+00:00\" \/>\n<meta property=\"og:image\" content=\"https:\/\/c-profil.se\/wp-content\/uploads\/2021\/07\/Kardborrebuntband-KLKB-KLB.jpg\" \/>\n\t<meta property=\"og:image:width\" content=\"1000\" \/>\n\t<meta property=\"og:image:height\" content=\"1000\" \/>\n\t<meta property=\"og:image:type\" content=\"image\/jpeg\" \/>\n<meta name=\"twitter:card\" content=\"summary_large_image\" \/>\n<meta name=\"twitter:label1\" content=\"Price\" \/>\n\t<meta name=\"twitter:data1\" content=\"\" \/>\n\t<meta name=\"twitter:label2\" content=\"Availability\" \/>\n\t<meta name=\"twitter:data2\" content=\"In stock\" \/>\n<script type=\"application\/ld+json\" class=\"yoast-schema-graph\">{\"@context\":\"https:\\\/\\\/schema.org\",\"@graph\":[{\"@type\":\"WebPage\",\"@id\":\"https:\\\/\\\/c-profil.se\\\/produkt\\\/kardborrebuntband-klkb-klb\\\/\",\"url\":\"https:\\\/\\\/c-profil.se\\\/produkt\\\/kardborrebuntband-klkb-klb\\\/\",\"name\":\"Kardborrebuntband | KLKB \\\/ KLB - C-Pro\",\"isPartOf\":{\"@id\":\"https:\\\/\\\/c-profil.se\\\/#website\"},\"primaryImageOfPage\":{\"@id\":\"https:\\\/\\\/c-profil.se\\\/produkt\\\/kardborrebuntband-klkb-klb\\\/#primaryimage\"},\"image\":{\"@id\":\"https:\\\/\\\/c-profil.se\\\/produkt\\\/kardborrebuntband-klkb-klb\\\/#primaryimage\"},\"thumbnailUrl\":\"https:\\\/\\\/c-profil.se\\\/wp-content\\\/uploads\\\/2021\\\/07\\\/Kardborrebuntband-KLKB-KLB.jpg\",\"datePublished\":\"2021-07-02T08:59:00+00:00\",\"dateModified\":\"2026-03-18T07:35:23+00:00\",\"description\":\"Kardborrebuntband \\\/ KLKB | KLB, \\\"hook & loop\\\"-buntband anv\u00e4nds f\u00f6r att fixera kablar, buntbanden kan \u00f6ppnas och st\u00e4ngas flera g\u00e5nger. L\u00e4s Mer!\",\"breadcrumb\":{\"@id\":\"https:\\\/\\\/c-profil.se\\\/produkt\\\/kardborrebuntband-klkb-klb\\\/#breadcrumb\"},\"inLanguage\":\"en\",\"potentialAction\":[{\"@type\":\"ReadAction\",\"target\":[\"https:\\\/\\\/c-profil.se\\\/produkt\\\/kardborrebuntband-klkb-klb\\\/\"]}]},{\"@type\":\"ImageObject\",\"inLanguage\":\"en\",\"@id\":\"https:\\\/\\\/c-profil.se\\\/produkt\\\/kardborrebuntband-klkb-klb\\\/#primaryimage\",\"url\":\"https:\\\/\\\/c-profil.se\\\/wp-content\\\/uploads\\\/2021\\\/07\\\/Kardborrebuntband-KLKB-KLB.jpg\",\"contentUrl\":\"https:\\\/\\\/c-profil.se\\\/wp-content\\\/uploads\\\/2021\\\/07\\\/Kardborrebuntband-KLKB-KLB.jpg\",\"width\":1000,\"height\":1000,\"caption\":\"Kardborrebuntband KLKB-KLB\"},{\"@type\":\"BreadcrumbList\",\"@id\":\"https:\\\/\\\/c-profil.se\\\/produkt\\\/kardborrebuntband-klkb-klb\\\/#breadcrumb\",\"itemListElement\":[{\"@type\":\"ListItem\",\"position\":1,\"name\":\"Hem\",\"item\":\"https:\\\/\\\/c-profil.se\\\/\"},{\"@type\":\"ListItem\",\"position\":2,\"name\":\"Produkter\",\"item\":\"https:\\\/\\\/c-profil.se\\\/produkter\\\/\"},{\"@type\":\"ListItem\",\"position\":3,\"name\":\"Buntband\",\"item\":\"https:\\\/\\\/c-profil.se\\\/produkt-kategori\\\/buntband\\\/\"},{\"@type\":\"ListItem\",\"position\":4,\"name\":\"Kardborrebuntband | KLKB \\\/ KLB\"}]},{\"@type\":\"WebSite\",\"@id\":\"https:\\\/\\\/c-profil.se\\\/#website\",\"url\":\"https:\\\/\\\/c-profil.se\\\/\",\"name\":\"C-Pro\",\"description\":\"Produkter f\u00f6r El och Automation\",\"publisher\":{\"@id\":\"https:\\\/\\\/c-profil.se\\\/#organization\"},\"potentialAction\":[{\"@type\":\"SearchAction\",\"target\":{\"@type\":\"EntryPoint\",\"urlTemplate\":\"https:\\\/\\\/c-profil.se\\\/?s={search_term_string}\"},\"query-input\":{\"@type\":\"PropertyValueSpecification\",\"valueRequired\":true,\"valueName\":\"search_term_string\"}}],\"inLanguage\":\"en\"},{\"@type\":\"Organization\",\"@id\":\"https:\\\/\\\/c-profil.se\\\/#organization\",\"name\":\"C-Pro\",\"alternateName\":\"C-PRO\",\"url\":\"https:\\\/\\\/c-profil.se\\\/\",\"logo\":{\"@type\":\"ImageObject\",\"inLanguage\":\"en\",\"@id\":\"https:\\\/\\\/c-profil.se\\\/#\\\/schema\\\/logo\\\/image\\\/\",\"url\":\"https:\\\/\\\/c-profil.se\\\/wp-content\\\/uploads\\\/2022\\\/03\\\/c-pro-logga-liggande-500x500-1.png\",\"contentUrl\":\"https:\\\/\\\/c-profil.se\\\/wp-content\\\/uploads\\\/2022\\\/03\\\/c-pro-logga-liggande-500x500-1.png\",\"width\":500,\"height\":500,\"caption\":\"C-Pro\"},\"image\":{\"@id\":\"https:\\\/\\\/c-profil.se\\\/#\\\/schema\\\/logo\\\/image\\\/\"},\"sameAs\":[\"https:\\\/\\\/www.facebook.com\\\/people\\\/C-Pro\\\/61561767306874\\\/\",\"https:\\\/\\\/www.linkedin.com\\\/company\\\/c-pro-ab\",\"https:\\\/\\\/www.instagram.com\\\/cpro.ab\\\/\"],\"description\":\"C-PRO AB \u00e4r en helt\u00e4ckande leverant\u00f6r av material f\u00f6r applikationer inom el och automation. \u00c4nda sedan starten 1987 har vi f\u00f6rsett den svenska tillverkande industrin med elmaterial. Trots v\u00e5r storlek och ledande position har vi aldrig \u00f6vergett v\u00e5r grundfilosofi, att vara en personlig leverant\u00f6r. Vi p\u00e5 C-PRO \u00e4r l\u00e4tta att komma i kontakt med, \u00e4rliga och brinner f\u00f6r att l\u00f6sa v\u00e5ra kunders problem.\",\"email\":\"info@c-profil.se\",\"telephone\":\"031575785\",\"legalName\":\"C-Profil F\u00f6rl\u00e4ggningsmaterial AB\",\"foundingDate\":\"1987-01-01\"}]}<\/script>\n<meta property=\"product:brand\" content=\"dragning av kablage\" \/>\n<meta property=\"product:price:currency\" content=\"SEK\" \/>\n<meta property=\"og:availability\" content=\"instock\" \/>\n<meta property=\"product:availability\" content=\"instock\" \/>\n<meta property=\"product:retailer_item_id\" content=\"KLKB \/ KLB\" \/>\n<meta property=\"product:condition\" content=\"new\" \/>\n<!-- \/ Yoast SEO Premium plugin. -->","yoast_head_json":{"title":"Velcro cable ties | KLKB \/ KLB - C-Pro","description":"Velcro tie \/ KLKB | KLB, \"hook &amp; loop\" cable ties are used to fix cables, the cable ties can be opened and closed several times. Read more!","robots":{"index":"index","follow":"follow","max-snippet":"max-snippet:-1","max-image-preview":"max-image-preview:large","max-video-preview":"max-video-preview:-1"},"canonical":"https:\/\/c-profil.se\/english\/product\/velcro-tie-klkb-klb\/","og_locale":"en_US","og_type":"article","og_title":"Kardborrebuntband | KLKB \/ KLB - C-Pro","og_description":"Kardborrebuntband \/ KLKB | KLB, \"hook &amp; loop\"-buntband anv\u00e4nds f\u00f6r att fixera kablar, d\u00e4rf\u00f6r att de till skillnad fr\u00e5n vanliga buntband kan \u00f6ppnas och st\u00e4ngas flera g\u00e5nger.  Krok och \u00f6gla-buntband anv\u00e4nds oftare och oftare f\u00f6r att fixera kablar, d\u00e4rf\u00f6r att de, till skillnad till vanliga buntband, kan \u00f6ppnas och st\u00e4ngas flera g\u00e5nger. Mjuka material l\u00e4mnar kablarna oskadade, speciellt i st\u00e4llen d\u00e4r kablarna vibrerar. Krok och \u00f6gla-buntbanden finns i fyra olika storlekar.   Buntbanden kan anskaffas enstaka (KLKB) eller som kontinuerlig rulle (KLB).  \u00c5teranv\u00e4ndbar  Skonar kabel vid vibration  Anpassningsbar","og_url":"https:\/\/c-profil.se\/english\/product\/velcro-tie-klkb-klb\/","og_site_name":"C-Pro","article_publisher":"https:\/\/www.facebook.com\/people\/C-Pro\/61561767306874\/","article_modified_time":"2026-03-18T07:35:23+00:00","og_image":[{"width":1000,"height":1000,"url":"https:\/\/c-profil.se\/wp-content\/uploads\/2021\/07\/Kardborrebuntband-KLKB-KLB.jpg","type":"image\/jpeg"}],"twitter_card":"summary_large_image","twitter_misc":{"Price":"","Availability":"In stock"},"schema":{"@context":"https:\/\/schema.org","@graph":[{"@type":"WebPage","@id":"https:\/\/c-profil.se\/produkt\/kardborrebuntband-klkb-klb\/","url":"https:\/\/c-profil.se\/produkt\/kardborrebuntband-klkb-klb\/","name":"Velcro cable ties | KLKB \/ KLB - C-Pro","isPartOf":{"@id":"https:\/\/c-profil.se\/#website"},"primaryImageOfPage":{"@id":"https:\/\/c-profil.se\/produkt\/kardborrebuntband-klkb-klb\/#primaryimage"},"image":{"@id":"https:\/\/c-profil.se\/produkt\/kardborrebuntband-klkb-klb\/#primaryimage"},"thumbnailUrl":"https:\/\/c-profil.se\/wp-content\/uploads\/2021\/07\/Kardborrebuntband-KLKB-KLB.jpg","datePublished":"2021-07-02T08:59:00+00:00","dateModified":"2026-03-18T07:35:23+00:00","description":"Velcro tie \/ KLKB | KLB, \"hook &amp; loop\" cable ties are used to fix cables, the cable ties can be opened and closed several times. Read more!","breadcrumb":{"@id":"https:\/\/c-profil.se\/produkt\/kardborrebuntband-klkb-klb\/#breadcrumb"},"inLanguage":"en","potentialAction":[{"@type":"ReadAction","target":["https:\/\/c-profil.se\/produkt\/kardborrebuntband-klkb-klb\/"]}]},{"@type":"ImageObject","inLanguage":"en","@id":"https:\/\/c-profil.se\/produkt\/kardborrebuntband-klkb-klb\/#primaryimage","url":"https:\/\/c-profil.se\/wp-content\/uploads\/2021\/07\/Kardborrebuntband-KLKB-KLB.jpg","contentUrl":"https:\/\/c-profil.se\/wp-content\/uploads\/2021\/07\/Kardborrebuntband-KLKB-KLB.jpg","width":1000,"height":1000,"caption":"Kardborrebuntband KLKB-KLB"},{"@type":"BreadcrumbList","@id":"https:\/\/c-profil.se\/produkt\/kardborrebuntband-klkb-klb\/#breadcrumb","itemListElement":[{"@type":"ListItem","position":1,"name":"Hem","item":"https:\/\/c-profil.se\/"},{"@type":"ListItem","position":2,"name":"Produkter","item":"https:\/\/c-profil.se\/produkter\/"},{"@type":"ListItem","position":3,"name":"Buntband","item":"https:\/\/c-profil.se\/produkt-kategori\/buntband\/"},{"@type":"ListItem","position":4,"name":"Kardborrebuntband | KLKB \/ KLB"}]},{"@type":"WebSite","@id":"https:\/\/c-profil.se\/#website","url":"https:\/\/c-profil.se\/","name":"C-Pro","description":"Products for Electricity and Automation","publisher":{"@id":"https:\/\/c-profil.se\/#organization"},"potentialAction":[{"@type":"SearchAction","target":{"@type":"EntryPoint","urlTemplate":"https:\/\/c-profil.se\/?s={search_term_string}"},"query-input":{"@type":"PropertyValueSpecification","valueRequired":true,"valueName":"search_term_string"}}],"inLanguage":"en"},{"@type":"Organization","@id":"https:\/\/c-profil.se\/#organization","name":"C-Pro","alternateName":"C-PRO","url":"https:\/\/c-profil.se\/","logo":{"@type":"ImageObject","inLanguage":"en","@id":"https:\/\/c-profil.se\/#\/schema\/logo\/image\/","url":"https:\/\/c-profil.se\/wp-content\/uploads\/2022\/03\/c-pro-logga-liggande-500x500-1.png","contentUrl":"https:\/\/c-profil.se\/wp-content\/uploads\/2022\/03\/c-pro-logga-liggande-500x500-1.png","width":500,"height":500,"caption":"C-Pro"},"image":{"@id":"https:\/\/c-profil.se\/#\/schema\/logo\/image\/"},"sameAs":["https:\/\/www.facebook.com\/people\/C-Pro\/61561767306874\/","https:\/\/www.linkedin.com\/company\/c-pro-ab","https:\/\/www.instagram.com\/cpro.ab\/"],"description":"C-PRO AB is a comprehensive supplier of materials for applications in electricity and automation. Ever since the start in 1987, we have supplied the Swedish manufacturing industry with electrical materials. Despite our size and leading position, we have never abandoned our basic philosophy, to be a personal supplier. We at C-PRO are easy to get in touch with, honest and passionate about solving our customers&#039; problems.","email":"info@c-profil.se","telephone":"031575785","legalName":"C-Profil F\u00f6rl\u00e4ggningsmaterial AB","foundingDate":"1987-01-01"}]},"product_brand":"dragning av kablage","product_price_currency":"SEK","og_availability":"instock","product_availability":"instock","product_retailer_item_id":"KLKB \/ KLB","product_condition":"new"},"_links":{"self":[{"href":"https:\/\/c-profil.se\/english\/wp-json\/wp\/v2\/product\/27447","targetHints":{"allow":["GET"]}}],"collection":[{"href":"https:\/\/c-profil.se\/english\/wp-json\/wp\/v2\/product"}],"about":[{"href":"https:\/\/c-profil.se\/english\/wp-json\/wp\/v2\/types\/product"}],"version-history":[{"count":7,"href":"https:\/\/c-profil.se\/english\/wp-json\/wp\/v2\/product\/27447\/revisions"}],"predecessor-version":[{"id":74404,"href":"https:\/\/c-profil.se\/english\/wp-json\/wp\/v2\/product\/27447\/revisions\/74404"}],"wp:featuredmedia":[{"embeddable":true,"href":"https:\/\/c-profil.se\/english\/wp-json\/wp\/v2\/media\/51531"}],"wp:attachment":[{"href":"https:\/\/c-profil.se\/english\/wp-json\/wp\/v2\/media?parent=27447"}],"wp:term":[{"taxonomy":"product_brand","embeddable":true,"href":"https:\/\/c-profil.se\/english\/wp-json\/wp\/v2\/product_brand?post=27447"},{"taxonomy":"product_cat","embeddable":true,"href":"https:\/\/c-profil.se\/english\/wp-json\/wp\/v2\/product_cat?post=27447"},{"taxonomy":"product_tag","embeddable":true,"href":"https:\/\/c-profil.se\/english\/wp-json\/wp\/v2\/product_tag?post=27447"}],"curies":[{"name":"wp","href":"https:\/\/api.w.org\/{rel}","templated":true}]}}