{"id":27445,"date":"2021-07-02T09:48:00","date_gmt":"2021-07-02T08:48:00","guid":{"rendered":"https:\/\/c-profil.se\/?post_type=product&#038;p=27445"},"modified":"2026-03-19T15:23:18","modified_gmt":"2026-03-19T14:23:18","slug":"cable-clamp-ccl","status":"publish","type":"product","link":"https:\/\/c-profil.se\/english\/produkt\/kabelkamma-ccl\/","title":{"rendered":"Cable comb | CCL"},"content":{"rendered":"<p><strong>Cable clamp \/ CCL is a compact and flexible solution for strain relief of cables on C-profiles<\/strong>.<br \/>\nIt offers a wide clamping range from 6 to 50 mm and enables space-saving installation in control cabinets and machine installations.<\/p>","protected":false},"excerpt":{"rendered":"<p>The cable clamps are characterised by a high clamping range and great flexibility.<br \/>\nIdeally suited for strain relief on the C section rail C30 with opening dimensions 16 - 17 mm.<\/p>\n<p><strong>Advantages:<\/strong><\/p>\n<ul>\n<li>Space-saving assembly<\/li>\n<li>Wide Clamping range 6 - 50 mm<\/li>\n<li>Compact installation<\/li>\n<\/ul>","protected":false},"featured_media":27446,"template":"","meta":{"_acf_changed":false},"product_brand":[740],"product_cat":[301],"product_tag":[987,975,946],"class_list":{"0":"post-27445","1":"product","2":"type-product","3":"status-publish","4":"has-post-thumbnail","6":"product_brand-icotek","7":"product_cat-dragavlastning","8":"product_tag-dragavlastning","9":"product_tag-fastsattning","10":"product_tag-kabelhantering-i-apparatskap","12":"first","13":"instock","14":"shipping-taxable","15":"product-type-simple"},"acf":[],"yoast_head":"<!-- This site is optimized with the Yoast SEO Premium plugin v27.5 (Yoast SEO v27.5) - https:\/\/yoast.com\/product\/yoast-seo-premium-wordpress\/ -->\n<title>Kabelk\u00e4mma \/ CCL - C-Pro<\/title>\n<meta name=\"description\" content=\"Kabelk\u00e4mma \/ CCL k\u00e4nnetecknas av ett brett kl\u00e4mmomr\u00e5de och h\u00f6g flexibilitet. L\u00e4mpar sig v\u00e4l f\u00f6r dragavlastning p\u00e5 C-Profil. L\u00e4s Mer!\" \/>\n<meta name=\"robots\" content=\"index, follow, max-snippet:-1, max-image-preview:large, max-video-preview:-1\" \/>\n<link rel=\"canonical\" href=\"https:\/\/c-profil.se\/english\/product\/cable-clamp-ccl\/\" \/>\n<meta property=\"og:locale\" content=\"en_US\" \/>\n<meta property=\"og:type\" content=\"article\" \/>\n<meta property=\"og:title\" content=\"Kabelk\u00e4mma | CCL - C-Pro\" \/>\n<meta property=\"og:description\" content=\"Kabelk\u00e4mma \/ CCL k\u00e4nnetecknas av ett brett kl\u00e4mmomr\u00e5de och h\u00f6g flexibilitet. L\u00e4mpar sig v\u00e4l f\u00f6r dragavlastning p\u00e5 C-Profil med 16\u201317 mm \u00f6ppning.  F\u00f6rdelar:   Utrymmesbesparande montage  Brett Kl\u00e4mmomr\u00e5de 6 \u2013 50 mm  Kompakt installation\" \/>\n<meta property=\"og:url\" content=\"https:\/\/c-profil.se\/english\/product\/cable-clamp-ccl\/\" \/>\n<meta property=\"og:site_name\" content=\"C-Pro\" \/>\n<meta property=\"article:publisher\" content=\"https:\/\/www.facebook.com\/people\/C-Pro\/61561767306874\/\" \/>\n<meta property=\"article:modified_time\" content=\"2026-03-19T14:23:18+00:00\" \/>\n<meta property=\"og:image\" content=\"https:\/\/c-profil.se\/wp-content\/uploads\/2021\/07\/Kabelklamma_CCL.jpg\" \/>\n\t<meta property=\"og:image:width\" content=\"500\" \/>\n\t<meta property=\"og:image:height\" content=\"500\" \/>\n\t<meta property=\"og:image:type\" content=\"image\/jpeg\" \/>\n<meta name=\"twitter:card\" content=\"summary_large_image\" \/>\n<meta name=\"twitter:label1\" content=\"Price\" \/>\n\t<meta name=\"twitter:data1\" content=\"\" \/>\n\t<meta name=\"twitter:label2\" content=\"Availability\" \/>\n\t<meta name=\"twitter:data2\" content=\"In stock\" \/>\n<script type=\"application\/ld+json\" class=\"yoast-schema-graph\">{\"@context\":\"https:\\\/\\\/schema.org\",\"@graph\":[{\"@type\":\"WebPage\",\"@id\":\"https:\\\/\\\/c-profil.se\\\/produkt\\\/kabelkamma-ccl\\\/\",\"url\":\"https:\\\/\\\/c-profil.se\\\/produkt\\\/kabelkamma-ccl\\\/\",\"name\":\"Kabelk\u00e4mma \\\/ CCL - C-Pro\",\"isPartOf\":{\"@id\":\"https:\\\/\\\/c-profil.se\\\/#website\"},\"primaryImageOfPage\":{\"@id\":\"https:\\\/\\\/c-profil.se\\\/produkt\\\/kabelkamma-ccl\\\/#primaryimage\"},\"image\":{\"@id\":\"https:\\\/\\\/c-profil.se\\\/produkt\\\/kabelkamma-ccl\\\/#primaryimage\"},\"thumbnailUrl\":\"https:\\\/\\\/c-profil.se\\\/wp-content\\\/uploads\\\/2021\\\/07\\\/Kabelklamma_CCL.jpg\",\"datePublished\":\"2021-07-02T08:48:00+00:00\",\"dateModified\":\"2026-03-19T14:23:18+00:00\",\"description\":\"Kabelk\u00e4mma \\\/ CCL k\u00e4nnetecknas av ett brett kl\u00e4mmomr\u00e5de och h\u00f6g flexibilitet. L\u00e4mpar sig v\u00e4l f\u00f6r dragavlastning p\u00e5 C-Profil. L\u00e4s Mer!\",\"breadcrumb\":{\"@id\":\"https:\\\/\\\/c-profil.se\\\/produkt\\\/kabelkamma-ccl\\\/#breadcrumb\"},\"inLanguage\":\"en\",\"potentialAction\":[{\"@type\":\"ReadAction\",\"target\":[\"https:\\\/\\\/c-profil.se\\\/produkt\\\/kabelkamma-ccl\\\/\"]}]},{\"@type\":\"ImageObject\",\"inLanguage\":\"en\",\"@id\":\"https:\\\/\\\/c-profil.se\\\/produkt\\\/kabelkamma-ccl\\\/#primaryimage\",\"url\":\"https:\\\/\\\/c-profil.se\\\/wp-content\\\/uploads\\\/2021\\\/07\\\/Kabelklamma_CCL.jpg\",\"contentUrl\":\"https:\\\/\\\/c-profil.se\\\/wp-content\\\/uploads\\\/2021\\\/07\\\/Kabelklamma_CCL.jpg\",\"width\":500,\"height\":500,\"caption\":\"Kabelk\u00e4mma \\\/ CCL fr\u00e5n C-Pro\"},{\"@type\":\"BreadcrumbList\",\"@id\":\"https:\\\/\\\/c-profil.se\\\/produkt\\\/kabelkamma-ccl\\\/#breadcrumb\",\"itemListElement\":[{\"@type\":\"ListItem\",\"position\":1,\"name\":\"Hem\",\"item\":\"https:\\\/\\\/c-profil.se\\\/\"},{\"@type\":\"ListItem\",\"position\":2,\"name\":\"Produkter\",\"item\":\"https:\\\/\\\/c-profil.se\\\/produkter\\\/\"},{\"@type\":\"ListItem\",\"position\":3,\"name\":\"Dragavlastning\",\"item\":\"https:\\\/\\\/c-profil.se\\\/produkt-kategori\\\/dragavlastning\\\/\"},{\"@type\":\"ListItem\",\"position\":4,\"name\":\"Kabelk\u00e4mma | CCL\"}]},{\"@type\":\"WebSite\",\"@id\":\"https:\\\/\\\/c-profil.se\\\/#website\",\"url\":\"https:\\\/\\\/c-profil.se\\\/\",\"name\":\"C-Pro\",\"description\":\"Produkter f\u00f6r El och Automation\",\"publisher\":{\"@id\":\"https:\\\/\\\/c-profil.se\\\/#organization\"},\"potentialAction\":[{\"@type\":\"SearchAction\",\"target\":{\"@type\":\"EntryPoint\",\"urlTemplate\":\"https:\\\/\\\/c-profil.se\\\/?s={search_term_string}\"},\"query-input\":{\"@type\":\"PropertyValueSpecification\",\"valueRequired\":true,\"valueName\":\"search_term_string\"}}],\"inLanguage\":\"en\"},{\"@type\":\"Organization\",\"@id\":\"https:\\\/\\\/c-profil.se\\\/#organization\",\"name\":\"C-Pro\",\"alternateName\":\"C-PRO\",\"url\":\"https:\\\/\\\/c-profil.se\\\/\",\"logo\":{\"@type\":\"ImageObject\",\"inLanguage\":\"en\",\"@id\":\"https:\\\/\\\/c-profil.se\\\/#\\\/schema\\\/logo\\\/image\\\/\",\"url\":\"https:\\\/\\\/c-profil.se\\\/wp-content\\\/uploads\\\/2022\\\/03\\\/c-pro-logga-liggande-500x500-1.png\",\"contentUrl\":\"https:\\\/\\\/c-profil.se\\\/wp-content\\\/uploads\\\/2022\\\/03\\\/c-pro-logga-liggande-500x500-1.png\",\"width\":500,\"height\":500,\"caption\":\"C-Pro\"},\"image\":{\"@id\":\"https:\\\/\\\/c-profil.se\\\/#\\\/schema\\\/logo\\\/image\\\/\"},\"sameAs\":[\"https:\\\/\\\/www.facebook.com\\\/people\\\/C-Pro\\\/61561767306874\\\/\",\"https:\\\/\\\/www.linkedin.com\\\/company\\\/c-pro-ab\",\"https:\\\/\\\/www.instagram.com\\\/cpro.ab\\\/\"],\"description\":\"C-PRO AB \u00e4r en helt\u00e4ckande leverant\u00f6r av material f\u00f6r applikationer inom el och automation. \u00c4nda sedan starten 1987 har vi f\u00f6rsett den svenska tillverkande industrin med elmaterial. Trots v\u00e5r storlek och ledande position har vi aldrig \u00f6vergett v\u00e5r grundfilosofi, att vara en personlig leverant\u00f6r. Vi p\u00e5 C-PRO \u00e4r l\u00e4tta att komma i kontakt med, \u00e4rliga och brinner f\u00f6r att l\u00f6sa v\u00e5ra kunders problem.\",\"email\":\"info@c-profil.se\",\"telephone\":\"031575785\",\"legalName\":\"C-Profil F\u00f6rl\u00e4ggningsmaterial AB\",\"foundingDate\":\"1987-01-01\"}]}<\/script>\n<meta property=\"product:brand\" content=\"dragavlastning\" \/>\n<meta property=\"product:price:currency\" content=\"SEK\" \/>\n<meta property=\"og:availability\" content=\"instock\" \/>\n<meta property=\"product:availability\" content=\"instock\" \/>\n<meta property=\"product:retailer_item_id\" content=\"CCL\" \/>\n<meta property=\"product:condition\" content=\"new\" \/>\n<!-- \/ Yoast SEO Premium plugin. -->","yoast_head_json":{"title":"Cable clamps \/ CLL - C-Pro","description":"Cable clamp \/ CCL is characterized by a wide clamping range and high flexibility. Well suited for strain relief on C-Profile. Read More!","robots":{"index":"index","follow":"follow","max-snippet":"max-snippet:-1","max-image-preview":"max-image-preview:large","max-video-preview":"max-video-preview:-1"},"canonical":"https:\/\/c-profil.se\/english\/product\/cable-clamp-ccl\/","og_locale":"en_US","og_type":"article","og_title":"Kabelk\u00e4mma | CCL - C-Pro","og_description":"Kabelk\u00e4mma \/ CCL k\u00e4nnetecknas av ett brett kl\u00e4mmomr\u00e5de och h\u00f6g flexibilitet. L\u00e4mpar sig v\u00e4l f\u00f6r dragavlastning p\u00e5 C-Profil med 16\u201317 mm \u00f6ppning.  F\u00f6rdelar:   Utrymmesbesparande montage  Brett Kl\u00e4mmomr\u00e5de 6 \u2013 50 mm  Kompakt installation","og_url":"https:\/\/c-profil.se\/english\/product\/cable-clamp-ccl\/","og_site_name":"C-Pro","article_publisher":"https:\/\/www.facebook.com\/people\/C-Pro\/61561767306874\/","article_modified_time":"2026-03-19T14:23:18+00:00","og_image":[{"width":500,"height":500,"url":"https:\/\/c-profil.se\/wp-content\/uploads\/2021\/07\/Kabelklamma_CCL.jpg","type":"image\/jpeg"}],"twitter_card":"summary_large_image","twitter_misc":{"Price":"","Availability":"In stock"},"schema":{"@context":"https:\/\/schema.org","@graph":[{"@type":"WebPage","@id":"https:\/\/c-profil.se\/produkt\/kabelkamma-ccl\/","url":"https:\/\/c-profil.se\/produkt\/kabelkamma-ccl\/","name":"Cable clamps \/ CLL - C-Pro","isPartOf":{"@id":"https:\/\/c-profil.se\/#website"},"primaryImageOfPage":{"@id":"https:\/\/c-profil.se\/produkt\/kabelkamma-ccl\/#primaryimage"},"image":{"@id":"https:\/\/c-profil.se\/produkt\/kabelkamma-ccl\/#primaryimage"},"thumbnailUrl":"https:\/\/c-profil.se\/wp-content\/uploads\/2021\/07\/Kabelklamma_CCL.jpg","datePublished":"2021-07-02T08:48:00+00:00","dateModified":"2026-03-19T14:23:18+00:00","description":"Cable clamp \/ CCL is characterized by a wide clamping range and high flexibility. Well suited for strain relief on C-Profile. Read More!","breadcrumb":{"@id":"https:\/\/c-profil.se\/produkt\/kabelkamma-ccl\/#breadcrumb"},"inLanguage":"en","potentialAction":[{"@type":"ReadAction","target":["https:\/\/c-profil.se\/produkt\/kabelkamma-ccl\/"]}]},{"@type":"ImageObject","inLanguage":"en","@id":"https:\/\/c-profil.se\/produkt\/kabelkamma-ccl\/#primaryimage","url":"https:\/\/c-profil.se\/wp-content\/uploads\/2021\/07\/Kabelklamma_CCL.jpg","contentUrl":"https:\/\/c-profil.se\/wp-content\/uploads\/2021\/07\/Kabelklamma_CCL.jpg","width":500,"height":500,"caption":"Kabelk\u00e4mma \/ CCL fr\u00e5n C-Pro"},{"@type":"BreadcrumbList","@id":"https:\/\/c-profil.se\/produkt\/kabelkamma-ccl\/#breadcrumb","itemListElement":[{"@type":"ListItem","position":1,"name":"Hem","item":"https:\/\/c-profil.se\/"},{"@type":"ListItem","position":2,"name":"Produkter","item":"https:\/\/c-profil.se\/produkter\/"},{"@type":"ListItem","position":3,"name":"Dragavlastning","item":"https:\/\/c-profil.se\/produkt-kategori\/dragavlastning\/"},{"@type":"ListItem","position":4,"name":"Kabelk\u00e4mma | CCL"}]},{"@type":"WebSite","@id":"https:\/\/c-profil.se\/#website","url":"https:\/\/c-profil.se\/","name":"C-Pro","description":"Products for Electricity and Automation","publisher":{"@id":"https:\/\/c-profil.se\/#organization"},"potentialAction":[{"@type":"SearchAction","target":{"@type":"EntryPoint","urlTemplate":"https:\/\/c-profil.se\/?s={search_term_string}"},"query-input":{"@type":"PropertyValueSpecification","valueRequired":true,"valueName":"search_term_string"}}],"inLanguage":"en"},{"@type":"Organization","@id":"https:\/\/c-profil.se\/#organization","name":"C-Pro","alternateName":"C-PRO","url":"https:\/\/c-profil.se\/","logo":{"@type":"ImageObject","inLanguage":"en","@id":"https:\/\/c-profil.se\/#\/schema\/logo\/image\/","url":"https:\/\/c-profil.se\/wp-content\/uploads\/2022\/03\/c-pro-logga-liggande-500x500-1.png","contentUrl":"https:\/\/c-profil.se\/wp-content\/uploads\/2022\/03\/c-pro-logga-liggande-500x500-1.png","width":500,"height":500,"caption":"C-Pro"},"image":{"@id":"https:\/\/c-profil.se\/#\/schema\/logo\/image\/"},"sameAs":["https:\/\/www.facebook.com\/people\/C-Pro\/61561767306874\/","https:\/\/www.linkedin.com\/company\/c-pro-ab","https:\/\/www.instagram.com\/cpro.ab\/"],"description":"C-PRO AB is a comprehensive supplier of materials for applications in electricity and automation. Ever since the start in 1987, we have supplied the Swedish manufacturing industry with electrical materials. Despite our size and leading position, we have never abandoned our basic philosophy, to be a personal supplier. We at C-PRO are easy to get in touch with, honest and passionate about solving our customers&#039; problems.","email":"info@c-profil.se","telephone":"031575785","legalName":"C-Profil F\u00f6rl\u00e4ggningsmaterial AB","foundingDate":"1987-01-01"}]},"product_brand":"dragavlastning","product_price_currency":"SEK","og_availability":"instock","product_availability":"instock","product_retailer_item_id":"CCL","product_condition":"new"},"_links":{"self":[{"href":"https:\/\/c-profil.se\/english\/wp-json\/wp\/v2\/product\/27445","targetHints":{"allow":["GET"]}}],"collection":[{"href":"https:\/\/c-profil.se\/english\/wp-json\/wp\/v2\/product"}],"about":[{"href":"https:\/\/c-profil.se\/english\/wp-json\/wp\/v2\/types\/product"}],"version-history":[{"count":5,"href":"https:\/\/c-profil.se\/english\/wp-json\/wp\/v2\/product\/27445\/revisions"}],"predecessor-version":[{"id":74417,"href":"https:\/\/c-profil.se\/english\/wp-json\/wp\/v2\/product\/27445\/revisions\/74417"}],"wp:featuredmedia":[{"embeddable":true,"href":"https:\/\/c-profil.se\/english\/wp-json\/wp\/v2\/media\/27446"}],"wp:attachment":[{"href":"https:\/\/c-profil.se\/english\/wp-json\/wp\/v2\/media?parent=27445"}],"wp:term":[{"taxonomy":"product_brand","embeddable":true,"href":"https:\/\/c-profil.se\/english\/wp-json\/wp\/v2\/product_brand?post=27445"},{"taxonomy":"product_cat","embeddable":true,"href":"https:\/\/c-profil.se\/english\/wp-json\/wp\/v2\/product_cat?post=27445"},{"taxonomy":"product_tag","embeddable":true,"href":"https:\/\/c-profil.se\/english\/wp-json\/wp\/v2\/product_tag?post=27445"}],"curies":[{"name":"wp","href":"https:\/\/api.w.org\/{rel}","templated":true}]}}