{"id":27003,"date":"2021-05-21T09:46:00","date_gmt":"2021-05-21T08:46:00","guid":{"rendered":"https:\/\/c-profil.se\/?post_type=product&#038;p=27003"},"modified":"2026-03-19T15:48:56","modified_gmt":"2026-03-19T14:48:56","slug":"wall-cabinet-hydra","status":"publish","type":"product","link":"https:\/\/c-profil.se\/english\/produkt\/kapsling-hydra\/","title":{"rendered":"Enclosure | HYDRA"},"content":{"rendered":"<p><strong>HYDRA is a tight enclosure in glass fiber reinforced polyester for industrial applications<\/strong>, developed for environments with pollution or risk of flooding.<br \/>\nThe enclosure provides effective protection against dust, smoke and water and is resistant to chemicals and solvents.<\/p>","protected":false},"excerpt":{"rendered":"<p>The HYDRA enclosure is a dense glass-fiber reinforced polyester enclosure. HYRDA is particularly suitable for locations with pollution or where there is a risk of flooding (production facilities, sewage treatment plants, coastal areas, etc.). Thanks to the robust construction of the enclosure, it provides you with effective protection for internal units and against external factors (dust, smoke and water).<\/p>\n<p>As the enclosure is cast from glass fiber reinforced polyester, it is also resistant to chemicals and other solvents. Upgrade your installations with a HYDRA cabinet that provides confidence and reliability. Buy yours today!<\/p>\n<ul>\n<li>Halogen free<\/li>\n<\/ul>","protected":false},"featured_media":45425,"template":"","meta":{"_acf_changed":false},"product_brand":[],"product_cat":[269],"product_tag":[940,947,990,952,945],"class_list":{"0":"post-27003","1":"product","2":"type-product","3":"status-publish","4":"has-post-thumbnail","6":"product_cat-kapslingar-i-plast","7":"product_tag-apparatskap","8":"product_tag-golvmontering","9":"product_tag-kapsling","10":"product_tag-kravande-miljo","11":"product_tag-vaggmontage","13":"first","14":"instock","15":"shipping-taxable","16":"product-type-simple"},"acf":[],"yoast_head":"<!-- This site is optimized with the Yoast SEO Premium plugin v27.6 (Yoast SEO v27.6) - https:\/\/yoast.com\/product\/yoast-seo-premium-wordpress\/ -->\n<title>Kapsling HYDRA: Resistent mot Kemikalier och L\u00f6sningsmedel - C-Pro<\/title>\n<meta name=\"description\" content=\"Kapsling HYDRA \u00e4r en t\u00e4t glasfiberf\u00f6rst\u00e4rkt kapsling i polyester som \u00e4r l\u00e4mpad f\u00f6r platser med f\u00f6roreningar eller risk f\u00f6r \u00f6versv\u00e4mningar. L\u00e4s Mer!\" \/>\n<meta name=\"robots\" content=\"index, follow, max-snippet:-1, max-image-preview:large, max-video-preview:-1\" \/>\n<link rel=\"canonical\" href=\"https:\/\/c-profil.se\/english\/product\/wall-cabinet-hydra\/\" \/>\n<meta property=\"og:locale\" content=\"en_US\" \/>\n<meta property=\"og:type\" content=\"article\" \/>\n<meta property=\"og:title\" content=\"Kapsling | HYDRA - C-Pro\" \/>\n<meta property=\"og:description\" content=\"Kapsling HYDRA \u00e4r en t\u00e4t glasfiberf\u00f6rst\u00e4rkt kapsling i polyester. HYRDA \u00e4r s\u00e4rskilt l\u00e4mpad f\u00f6r platser med f\u00f6roreningar eller d\u00e4r det finns risk f\u00f6r \u00f6versv\u00e4mningar (produktionsanl\u00e4ggningar, avloppsreningsverk, kustomr\u00e5den m.m.). Tack vare kapslingens kraftiga konstruktion ger den dig ett effektivt skydd f\u00f6r interna enheter och mot yttre faktorer (damm, r\u00f6k och vatten).  D\u00e5 kapslingen \u00e4r gjuten av glasfiberf\u00f6rst\u00e4rkt polyester \u00e4r den dessutom resistent mot kemikalier och andra l\u00f6sningsmedel. Uppgradera dina installationer med ett HYDRA sk\u00e5p som ger f\u00f6rtroende och tillf\u00f6rlitlighet. K\u00f6p din idag!   Halogenfri\" \/>\n<meta property=\"og:url\" content=\"https:\/\/c-profil.se\/english\/product\/wall-cabinet-hydra\/\" \/>\n<meta property=\"og:site_name\" content=\"C-Pro\" \/>\n<meta property=\"article:publisher\" content=\"https:\/\/www.facebook.com\/people\/C-Pro\/61561767306874\/\" \/>\n<meta property=\"article:modified_time\" content=\"2026-03-19T14:48:56+00:00\" \/>\n<meta property=\"og:image\" content=\"https:\/\/c-profil.se\/wp-content\/uploads\/2021\/05\/Kapsling-HYDRA.jpg\" \/>\n\t<meta property=\"og:image:width\" content=\"1000\" \/>\n\t<meta property=\"og:image:height\" content=\"1000\" \/>\n\t<meta property=\"og:image:type\" content=\"image\/jpeg\" \/>\n<meta name=\"twitter:card\" content=\"summary_large_image\" \/>\n<meta name=\"twitter:label1\" content=\"Price\" \/>\n\t<meta name=\"twitter:data1\" content=\"\" \/>\n\t<meta name=\"twitter:label2\" content=\"Availability\" \/>\n\t<meta name=\"twitter:data2\" content=\"In stock\" \/>\n<script type=\"application\/ld+json\" class=\"yoast-schema-graph\">{\"@context\":\"https:\\\/\\\/schema.org\",\"@graph\":[{\"@type\":\"WebPage\",\"@id\":\"https:\\\/\\\/c-profil.se\\\/produkt\\\/kapsling-hydra\\\/\",\"url\":\"https:\\\/\\\/c-profil.se\\\/produkt\\\/kapsling-hydra\\\/\",\"name\":\"Kapsling HYDRA: Resistent mot Kemikalier och L\u00f6sningsmedel - C-Pro\",\"isPartOf\":{\"@id\":\"https:\\\/\\\/c-profil.se\\\/#website\"},\"primaryImageOfPage\":{\"@id\":\"https:\\\/\\\/c-profil.se\\\/produkt\\\/kapsling-hydra\\\/#primaryimage\"},\"image\":{\"@id\":\"https:\\\/\\\/c-profil.se\\\/produkt\\\/kapsling-hydra\\\/#primaryimage\"},\"thumbnailUrl\":\"https:\\\/\\\/c-profil.se\\\/wp-content\\\/uploads\\\/2021\\\/05\\\/Kapsling-HYDRA.jpg\",\"datePublished\":\"2021-05-21T08:46:00+00:00\",\"dateModified\":\"2026-03-19T14:48:56+00:00\",\"description\":\"Kapsling HYDRA \u00e4r en t\u00e4t glasfiberf\u00f6rst\u00e4rkt kapsling i polyester som \u00e4r l\u00e4mpad f\u00f6r platser med f\u00f6roreningar eller risk f\u00f6r \u00f6versv\u00e4mningar. L\u00e4s Mer!\",\"breadcrumb\":{\"@id\":\"https:\\\/\\\/c-profil.se\\\/produkt\\\/kapsling-hydra\\\/#breadcrumb\"},\"inLanguage\":\"en\",\"potentialAction\":[{\"@type\":\"ReadAction\",\"target\":[\"https:\\\/\\\/c-profil.se\\\/produkt\\\/kapsling-hydra\\\/\"]}]},{\"@type\":\"ImageObject\",\"inLanguage\":\"en\",\"@id\":\"https:\\\/\\\/c-profil.se\\\/produkt\\\/kapsling-hydra\\\/#primaryimage\",\"url\":\"https:\\\/\\\/c-profil.se\\\/wp-content\\\/uploads\\\/2021\\\/05\\\/Kapsling-HYDRA.jpg\",\"contentUrl\":\"https:\\\/\\\/c-profil.se\\\/wp-content\\\/uploads\\\/2021\\\/05\\\/Kapsling-HYDRA.jpg\",\"width\":1000,\"height\":1000,\"caption\":\"Kapsling HYDRA\"},{\"@type\":\"BreadcrumbList\",\"@id\":\"https:\\\/\\\/c-profil.se\\\/produkt\\\/kapsling-hydra\\\/#breadcrumb\",\"itemListElement\":[{\"@type\":\"ListItem\",\"position\":1,\"name\":\"Hem\",\"item\":\"https:\\\/\\\/c-profil.se\\\/\"},{\"@type\":\"ListItem\",\"position\":2,\"name\":\"Produkter\",\"item\":\"https:\\\/\\\/c-profil.se\\\/produkter\\\/\"},{\"@type\":\"ListItem\",\"position\":3,\"name\":\"Kapslingar i plast\",\"item\":\"https:\\\/\\\/c-profil.se\\\/produkt-kategori\\\/kapslingar-i-plast\\\/\"},{\"@type\":\"ListItem\",\"position\":4,\"name\":\"Kapsling | HYDRA\"}]},{\"@type\":\"WebSite\",\"@id\":\"https:\\\/\\\/c-profil.se\\\/#website\",\"url\":\"https:\\\/\\\/c-profil.se\\\/\",\"name\":\"C-Pro\",\"description\":\"Produkter f\u00f6r El och Automation\",\"publisher\":{\"@id\":\"https:\\\/\\\/c-profil.se\\\/#organization\"},\"potentialAction\":[{\"@type\":\"SearchAction\",\"target\":{\"@type\":\"EntryPoint\",\"urlTemplate\":\"https:\\\/\\\/c-profil.se\\\/?s={search_term_string}\"},\"query-input\":{\"@type\":\"PropertyValueSpecification\",\"valueRequired\":true,\"valueName\":\"search_term_string\"}}],\"inLanguage\":\"en\"},{\"@type\":\"Organization\",\"@id\":\"https:\\\/\\\/c-profil.se\\\/#organization\",\"name\":\"C-Pro\",\"alternateName\":\"C-PRO\",\"url\":\"https:\\\/\\\/c-profil.se\\\/\",\"logo\":{\"@type\":\"ImageObject\",\"inLanguage\":\"en\",\"@id\":\"https:\\\/\\\/c-profil.se\\\/#\\\/schema\\\/logo\\\/image\\\/\",\"url\":\"https:\\\/\\\/c-profil.se\\\/wp-content\\\/uploads\\\/2022\\\/03\\\/c-pro-logga-liggande-500x500-1.png\",\"contentUrl\":\"https:\\\/\\\/c-profil.se\\\/wp-content\\\/uploads\\\/2022\\\/03\\\/c-pro-logga-liggande-500x500-1.png\",\"width\":500,\"height\":500,\"caption\":\"C-Pro\"},\"image\":{\"@id\":\"https:\\\/\\\/c-profil.se\\\/#\\\/schema\\\/logo\\\/image\\\/\"},\"sameAs\":[\"https:\\\/\\\/www.facebook.com\\\/people\\\/C-Pro\\\/61561767306874\\\/\",\"https:\\\/\\\/www.linkedin.com\\\/company\\\/c-pro-ab\",\"https:\\\/\\\/www.instagram.com\\\/cpro.ab\\\/\"],\"description\":\"C-PRO AB \u00e4r en helt\u00e4ckande leverant\u00f6r av material f\u00f6r applikationer inom el och automation. \u00c4nda sedan starten 1987 har vi f\u00f6rsett den svenska tillverkande industrin med elmaterial. Trots v\u00e5r storlek och ledande position har vi aldrig \u00f6vergett v\u00e5r grundfilosofi, att vara en personlig leverant\u00f6r. Vi p\u00e5 C-PRO \u00e4r l\u00e4tta att komma i kontakt med, \u00e4rliga och brinner f\u00f6r att l\u00f6sa v\u00e5ra kunders problem.\",\"email\":\"info@c-profil.se\",\"telephone\":\"031575785\",\"legalName\":\"C-Profil F\u00f6rl\u00e4ggningsmaterial AB\",\"foundingDate\":\"1987-01-01\"}]}<\/script>\n<meta property=\"product:brand\" content=\"apparatsk\u00e5p\" \/>\n<meta property=\"product:price:currency\" content=\"SEK\" \/>\n<meta property=\"og:availability\" content=\"instock\" \/>\n<meta property=\"product:availability\" content=\"instock\" \/>\n<meta property=\"product:retailer_item_id\" content=\"HYDRA\" \/>\n<meta property=\"product:condition\" content=\"new\" \/>\n<!-- \/ Yoast SEO Premium plugin. -->","yoast_head_json":{"title":"HYDRA Enclosure: Resistant to Chemicals and Solvents - C-Pro","description":"HYDRA enclosure is a dense fiberglass reinforced polyester enclosure that is suitable for locations with pollution or risk of flooding. Read More!","robots":{"index":"index","follow":"follow","max-snippet":"max-snippet:-1","max-image-preview":"max-image-preview:large","max-video-preview":"max-video-preview:-1"},"canonical":"https:\/\/c-profil.se\/english\/product\/wall-cabinet-hydra\/","og_locale":"en_US","og_type":"article","og_title":"Kapsling | HYDRA - C-Pro","og_description":"Kapsling HYDRA \u00e4r en t\u00e4t glasfiberf\u00f6rst\u00e4rkt kapsling i polyester. HYRDA \u00e4r s\u00e4rskilt l\u00e4mpad f\u00f6r platser med f\u00f6roreningar eller d\u00e4r det finns risk f\u00f6r \u00f6versv\u00e4mningar (produktionsanl\u00e4ggningar, avloppsreningsverk, kustomr\u00e5den m.m.). Tack vare kapslingens kraftiga konstruktion ger den dig ett effektivt skydd f\u00f6r interna enheter och mot yttre faktorer (damm, r\u00f6k och vatten).  D\u00e5 kapslingen \u00e4r gjuten av glasfiberf\u00f6rst\u00e4rkt polyester \u00e4r den dessutom resistent mot kemikalier och andra l\u00f6sningsmedel. Uppgradera dina installationer med ett HYDRA sk\u00e5p som ger f\u00f6rtroende och tillf\u00f6rlitlighet. K\u00f6p din idag!   Halogenfri","og_url":"https:\/\/c-profil.se\/english\/product\/wall-cabinet-hydra\/","og_site_name":"C-Pro","article_publisher":"https:\/\/www.facebook.com\/people\/C-Pro\/61561767306874\/","article_modified_time":"2026-03-19T14:48:56+00:00","og_image":[{"width":1000,"height":1000,"url":"https:\/\/c-profil.se\/wp-content\/uploads\/2021\/05\/Kapsling-HYDRA.jpg","type":"image\/jpeg"}],"twitter_card":"summary_large_image","twitter_misc":{"Price":"","Availability":"In stock"},"schema":{"@context":"https:\/\/schema.org","@graph":[{"@type":"WebPage","@id":"https:\/\/c-profil.se\/produkt\/kapsling-hydra\/","url":"https:\/\/c-profil.se\/produkt\/kapsling-hydra\/","name":"HYDRA Enclosure: Resistant to Chemicals and Solvents - C-Pro","isPartOf":{"@id":"https:\/\/c-profil.se\/#website"},"primaryImageOfPage":{"@id":"https:\/\/c-profil.se\/produkt\/kapsling-hydra\/#primaryimage"},"image":{"@id":"https:\/\/c-profil.se\/produkt\/kapsling-hydra\/#primaryimage"},"thumbnailUrl":"https:\/\/c-profil.se\/wp-content\/uploads\/2021\/05\/Kapsling-HYDRA.jpg","datePublished":"2021-05-21T08:46:00+00:00","dateModified":"2026-03-19T14:48:56+00:00","description":"HYDRA enclosure is a dense fiberglass reinforced polyester enclosure that is suitable for locations with pollution or risk of flooding. Read More!","breadcrumb":{"@id":"https:\/\/c-profil.se\/produkt\/kapsling-hydra\/#breadcrumb"},"inLanguage":"en","potentialAction":[{"@type":"ReadAction","target":["https:\/\/c-profil.se\/produkt\/kapsling-hydra\/"]}]},{"@type":"ImageObject","inLanguage":"en","@id":"https:\/\/c-profil.se\/produkt\/kapsling-hydra\/#primaryimage","url":"https:\/\/c-profil.se\/wp-content\/uploads\/2021\/05\/Kapsling-HYDRA.jpg","contentUrl":"https:\/\/c-profil.se\/wp-content\/uploads\/2021\/05\/Kapsling-HYDRA.jpg","width":1000,"height":1000,"caption":"Kapsling HYDRA"},{"@type":"BreadcrumbList","@id":"https:\/\/c-profil.se\/produkt\/kapsling-hydra\/#breadcrumb","itemListElement":[{"@type":"ListItem","position":1,"name":"Hem","item":"https:\/\/c-profil.se\/"},{"@type":"ListItem","position":2,"name":"Produkter","item":"https:\/\/c-profil.se\/produkter\/"},{"@type":"ListItem","position":3,"name":"Kapslingar i plast","item":"https:\/\/c-profil.se\/produkt-kategori\/kapslingar-i-plast\/"},{"@type":"ListItem","position":4,"name":"Kapsling | HYDRA"}]},{"@type":"WebSite","@id":"https:\/\/c-profil.se\/#website","url":"https:\/\/c-profil.se\/","name":"C-Pro","description":"Products for Electricity and Automation","publisher":{"@id":"https:\/\/c-profil.se\/#organization"},"potentialAction":[{"@type":"SearchAction","target":{"@type":"EntryPoint","urlTemplate":"https:\/\/c-profil.se\/?s={search_term_string}"},"query-input":{"@type":"PropertyValueSpecification","valueRequired":true,"valueName":"search_term_string"}}],"inLanguage":"en"},{"@type":"Organization","@id":"https:\/\/c-profil.se\/#organization","name":"C-Pro","alternateName":"C-PRO","url":"https:\/\/c-profil.se\/","logo":{"@type":"ImageObject","inLanguage":"en","@id":"https:\/\/c-profil.se\/#\/schema\/logo\/image\/","url":"https:\/\/c-profil.se\/wp-content\/uploads\/2022\/03\/c-pro-logga-liggande-500x500-1.png","contentUrl":"https:\/\/c-profil.se\/wp-content\/uploads\/2022\/03\/c-pro-logga-liggande-500x500-1.png","width":500,"height":500,"caption":"C-Pro"},"image":{"@id":"https:\/\/c-profil.se\/#\/schema\/logo\/image\/"},"sameAs":["https:\/\/www.facebook.com\/people\/C-Pro\/61561767306874\/","https:\/\/www.linkedin.com\/company\/c-pro-ab","https:\/\/www.instagram.com\/cpro.ab\/"],"description":"C-PRO AB is a comprehensive supplier of materials for applications in electricity and automation. Ever since the start in 1987, we have supplied the Swedish manufacturing industry with electrical materials. Despite our size and leading position, we have never abandoned our basic philosophy, to be a personal supplier. We at C-PRO are easy to get in touch with, honest and passionate about solving our customers&#039; problems.","email":"info@c-profil.se","telephone":"031575785","legalName":"C-Profil F\u00f6rl\u00e4ggningsmaterial AB","foundingDate":"1987-01-01"}]},"product_brand":"apparatsk\u00e5p","product_price_currency":"SEK","og_availability":"instock","product_availability":"instock","product_retailer_item_id":"HYDRA","product_condition":"new"},"_links":{"self":[{"href":"https:\/\/c-profil.se\/english\/wp-json\/wp\/v2\/product\/27003","targetHints":{"allow":["GET"]}}],"collection":[{"href":"https:\/\/c-profil.se\/english\/wp-json\/wp\/v2\/product"}],"about":[{"href":"https:\/\/c-profil.se\/english\/wp-json\/wp\/v2\/types\/product"}],"version-history":[{"count":12,"href":"https:\/\/c-profil.se\/english\/wp-json\/wp\/v2\/product\/27003\/revisions"}],"predecessor-version":[{"id":74215,"href":"https:\/\/c-profil.se\/english\/wp-json\/wp\/v2\/product\/27003\/revisions\/74215"}],"wp:featuredmedia":[{"embeddable":true,"href":"https:\/\/c-profil.se\/english\/wp-json\/wp\/v2\/media\/45425"}],"wp:attachment":[{"href":"https:\/\/c-profil.se\/english\/wp-json\/wp\/v2\/media?parent=27003"}],"wp:term":[{"taxonomy":"product_brand","embeddable":true,"href":"https:\/\/c-profil.se\/english\/wp-json\/wp\/v2\/product_brand?post=27003"},{"taxonomy":"product_cat","embeddable":true,"href":"https:\/\/c-profil.se\/english\/wp-json\/wp\/v2\/product_cat?post=27003"},{"taxonomy":"product_tag","embeddable":true,"href":"https:\/\/c-profil.se\/english\/wp-json\/wp\/v2\/product_tag?post=27003"}],"curies":[{"name":"wp","href":"https:\/\/api.w.org\/{rel}","templated":true}]}}