{"id":26995,"date":"2021-05-21T09:25:00","date_gmt":"2021-05-21T08:25:00","guid":{"rendered":"https:\/\/c-profil.se\/?post_type=product&#038;p=26995"},"modified":"2026-03-19T15:50:06","modified_gmt":"2026-03-19T14:50:06","slug":"enclosure-mbi-m","status":"publish","type":"product","link":"https:\/\/c-profil.se\/english\/produkt\/kapsling-mbi-m\/","title":{"rendered":"Enclosure | MBI-M"},"content":{"rendered":"<p><strong>MBI-M is a plastic junction box for industrial installations<\/strong>, developed for applications where easy and flexible cable entry is crucial.<br \/>\nThe enclosure has metric pre-punched knockouts on all four sides and is available in multiple sizes to suit installation needs.<\/p>","protected":false},"excerpt":{"rendered":"<p>Enclosure MBI-M, a must-have for your industrial installations. With its metric pre-punched knockouts on all four sides which can be opened for cable entry. This junction box is built to meet your specific requirements. No more hassle finding the perfect fit! The MBI-M series offers a wide range of sizes to meet all your needs.<\/p>\n<p>MBI-MK is the perfect solution for your electrical needs. Upgrade your installations with confidence and reliability. Buy yours today!<\/p>\n<ul>\n<li>UV-resistant<\/li>\n<li>Plastic screws for mounting are included in the delivery.<\/li>\n<li>MBI enclosures offer a variety of mounting points for direct fixation of components to the base.<\/li>\n<\/ul>\n<p><strong>Customize your box<\/strong><\/p>\n<ul>\n<li><a href=\"https:\/\/c-profil.se\/english\/product\/mounting-assembly\/\">Mounting &amp; Assembly<\/a><\/li>\n<li><a href=\"https:\/\/c-profil.se\/english\/product\/printing\/\">Printing<\/a><\/li>\n<li><a href=\"https:\/\/c-profil.se\/english\/product\/design\/\">Design<\/a><\/li>\n<li><a href=\"https:\/\/c-profil.se\/english\/product\/color-2\/\">Color<\/a><\/li>\n<li><a href=\"https:\/\/c-profil.se\/english\/product\/punching-2\/\">Punching<\/a><\/li>\n<\/ul>","protected":false},"featured_media":45410,"template":"","meta":{"_acf_changed":false},"product_brand":[743],"product_cat":[600,269],"product_tag":[938,990,982],"class_list":{"0":"post-26995","1":"product","2":"type-product","3":"status-publish","4":"has-post-thumbnail","6":"product_brand-multi-box","7":"product_cat-kapsling-mbi","8":"product_cat-kapslingar-i-plast","9":"product_tag-kabelinforing","10":"product_tag-kapsling","11":"product_tag-panelmontage","13":"first","14":"instock","15":"shipping-taxable","16":"product-type-simple"},"acf":[],"yoast_head":"<!-- This site is optimized with the Yoast SEO Premium plugin v27.4 (Yoast SEO v27.4) - https:\/\/yoast.com\/product\/yoast-seo-premium-wordpress\/ -->\n<title>Kapsling MBI-M: S\u00e4ker och tillf\u00f6rlitlig f\u00f6r dina installationer - C-Pro<\/title>\n<meta name=\"description\" content=\"Kapsling MBI-M har metriska f\u00f6rperforerade knockouts p\u00e5 alla fyra sidor vilka kan \u00f6ppnas f\u00f6r kabelinmatning. L\u00e4s Mer!\" \/>\n<meta name=\"robots\" content=\"index, follow, max-snippet:-1, max-image-preview:large, max-video-preview:-1\" \/>\n<link rel=\"canonical\" href=\"https:\/\/c-profil.se\/english\/product\/enclosure-mbi-m\/\" \/>\n<meta property=\"og:locale\" content=\"en_US\" \/>\n<meta property=\"og:type\" content=\"article\" \/>\n<meta property=\"og:title\" content=\"Kapsling | MBI-M - C-Pro\" \/>\n<meta property=\"og:description\" content=\"Kapsling MBI-M , ett m\u00e5ste f\u00f6r dina industriella installationer. Med sina metriska f\u00f6rperforerade knockouts p\u00e5 alla fyra sidor vilka kan \u00f6ppnas f\u00f6r inmatningnig av kablar. Denna kopplingsl\u00e5da \u00e4r byggd f\u00f6r att uppfylla dina specifika krav. Inget mer kr\u00e5ngel med att hitta den perfekta passformen! MBI-M-serien erbjuder ett brett utbud av storlekar f\u00f6r att tillgodose alla dina behov.  MBI-M \u00e4r den perfekta l\u00f6sningen f\u00f6r dina elektriska behov. Uppgradera dina installationer med f\u00f6rtroende och tillf\u00f6rlitlighet. K\u00f6p din idag!   UV-best\u00e4ndig  Plastskruvar f\u00f6r montering ing\u00e5r i leveransen.  MBI-kapslingar erbjuder en m\u00e4ngd olika monteringspunkter f\u00f6r direkt fixering av komponenter i basen.  Anpassa din kapsling   Montering  Tryck  Design  F\u00e4rg  H\u00e5ltagning\" \/>\n<meta property=\"og:url\" content=\"https:\/\/c-profil.se\/english\/product\/enclosure-mbi-m\/\" \/>\n<meta property=\"og:site_name\" content=\"C-Pro\" \/>\n<meta property=\"article:publisher\" content=\"https:\/\/www.facebook.com\/people\/C-Pro\/61561767306874\/\" \/>\n<meta property=\"article:modified_time\" content=\"2026-03-19T14:50:06+00:00\" \/>\n<meta property=\"og:image\" content=\"https:\/\/c-profil.se\/wp-content\/uploads\/2021\/05\/Kopplingslada-MBM-I.jpg\" \/>\n\t<meta property=\"og:image:width\" content=\"1000\" \/>\n\t<meta property=\"og:image:height\" content=\"1000\" \/>\n\t<meta property=\"og:image:type\" content=\"image\/jpeg\" \/>\n<meta name=\"twitter:card\" content=\"summary_large_image\" \/>\n<meta name=\"twitter:label1\" content=\"Price\" \/>\n\t<meta name=\"twitter:data1\" content=\"\" \/>\n\t<meta name=\"twitter:label2\" content=\"Availability\" \/>\n\t<meta name=\"twitter:data2\" content=\"In stock\" \/>\n<script type=\"application\/ld+json\" class=\"yoast-schema-graph\">{\"@context\":\"https:\\\/\\\/schema.org\",\"@graph\":[{\"@type\":\"WebPage\",\"@id\":\"https:\\\/\\\/c-profil.se\\\/produkt\\\/kapsling-mbi-m\\\/\",\"url\":\"https:\\\/\\\/c-profil.se\\\/produkt\\\/kapsling-mbi-m\\\/\",\"name\":\"Kapsling MBI-M: S\u00e4ker och tillf\u00f6rlitlig f\u00f6r dina installationer - C-Pro\",\"isPartOf\":{\"@id\":\"https:\\\/\\\/c-profil.se\\\/#website\"},\"primaryImageOfPage\":{\"@id\":\"https:\\\/\\\/c-profil.se\\\/produkt\\\/kapsling-mbi-m\\\/#primaryimage\"},\"image\":{\"@id\":\"https:\\\/\\\/c-profil.se\\\/produkt\\\/kapsling-mbi-m\\\/#primaryimage\"},\"thumbnailUrl\":\"https:\\\/\\\/c-profil.se\\\/wp-content\\\/uploads\\\/2021\\\/05\\\/Kopplingslada-MBM-I.jpg\",\"datePublished\":\"2021-05-21T08:25:00+00:00\",\"dateModified\":\"2026-03-19T14:50:06+00:00\",\"description\":\"Kapsling MBI-M har metriska f\u00f6rperforerade knockouts p\u00e5 alla fyra sidor vilka kan \u00f6ppnas f\u00f6r kabelinmatning. L\u00e4s Mer!\",\"breadcrumb\":{\"@id\":\"https:\\\/\\\/c-profil.se\\\/produkt\\\/kapsling-mbi-m\\\/#breadcrumb\"},\"inLanguage\":\"en\",\"potentialAction\":[{\"@type\":\"ReadAction\",\"target\":[\"https:\\\/\\\/c-profil.se\\\/produkt\\\/kapsling-mbi-m\\\/\"]}]},{\"@type\":\"ImageObject\",\"inLanguage\":\"en\",\"@id\":\"https:\\\/\\\/c-profil.se\\\/produkt\\\/kapsling-mbi-m\\\/#primaryimage\",\"url\":\"https:\\\/\\\/c-profil.se\\\/wp-content\\\/uploads\\\/2021\\\/05\\\/Kopplingslada-MBM-I.jpg\",\"contentUrl\":\"https:\\\/\\\/c-profil.se\\\/wp-content\\\/uploads\\\/2021\\\/05\\\/Kopplingslada-MBM-I.jpg\",\"width\":1000,\"height\":1000,\"caption\":\"Kapsling MBM-I\"},{\"@type\":\"BreadcrumbList\",\"@id\":\"https:\\\/\\\/c-profil.se\\\/produkt\\\/kapsling-mbi-m\\\/#breadcrumb\",\"itemListElement\":[{\"@type\":\"ListItem\",\"position\":1,\"name\":\"Hem\",\"item\":\"https:\\\/\\\/c-profil.se\\\/\"},{\"@type\":\"ListItem\",\"position\":2,\"name\":\"Produkter\",\"item\":\"https:\\\/\\\/c-profil.se\\\/produkter\\\/\"},{\"@type\":\"ListItem\",\"position\":3,\"name\":\"Kapslingar i plast\",\"item\":\"https:\\\/\\\/c-profil.se\\\/produkt-kategori\\\/kapslingar-i-plast\\\/\"},{\"@type\":\"ListItem\",\"position\":4,\"name\":\"Kapsling | MBI-M\"}]},{\"@type\":\"WebSite\",\"@id\":\"https:\\\/\\\/c-profil.se\\\/#website\",\"url\":\"https:\\\/\\\/c-profil.se\\\/\",\"name\":\"C-Pro\",\"description\":\"Produkter f\u00f6r El och Automation\",\"publisher\":{\"@id\":\"https:\\\/\\\/c-profil.se\\\/#organization\"},\"potentialAction\":[{\"@type\":\"SearchAction\",\"target\":{\"@type\":\"EntryPoint\",\"urlTemplate\":\"https:\\\/\\\/c-profil.se\\\/?s={search_term_string}\"},\"query-input\":{\"@type\":\"PropertyValueSpecification\",\"valueRequired\":true,\"valueName\":\"search_term_string\"}}],\"inLanguage\":\"en\"},{\"@type\":\"Organization\",\"@id\":\"https:\\\/\\\/c-profil.se\\\/#organization\",\"name\":\"C-Pro\",\"alternateName\":\"C-PRO\",\"url\":\"https:\\\/\\\/c-profil.se\\\/\",\"logo\":{\"@type\":\"ImageObject\",\"inLanguage\":\"en\",\"@id\":\"https:\\\/\\\/c-profil.se\\\/#\\\/schema\\\/logo\\\/image\\\/\",\"url\":\"https:\\\/\\\/c-profil.se\\\/wp-content\\\/uploads\\\/2022\\\/03\\\/c-pro-logga-liggande-500x500-1.png\",\"contentUrl\":\"https:\\\/\\\/c-profil.se\\\/wp-content\\\/uploads\\\/2022\\\/03\\\/c-pro-logga-liggande-500x500-1.png\",\"width\":500,\"height\":500,\"caption\":\"C-Pro\"},\"image\":{\"@id\":\"https:\\\/\\\/c-profil.se\\\/#\\\/schema\\\/logo\\\/image\\\/\"},\"sameAs\":[\"https:\\\/\\\/www.facebook.com\\\/people\\\/C-Pro\\\/61561767306874\\\/\",\"https:\\\/\\\/www.linkedin.com\\\/company\\\/c-pro-ab\",\"https:\\\/\\\/www.instagram.com\\\/cpro.ab\\\/\"],\"description\":\"C-PRO AB \u00e4r en helt\u00e4ckande leverant\u00f6r av material f\u00f6r applikationer inom el och automation. \u00c4nda sedan starten 1987 har vi f\u00f6rsett den svenska tillverkande industrin med elmaterial. Trots v\u00e5r storlek och ledande position har vi aldrig \u00f6vergett v\u00e5r grundfilosofi, att vara en personlig leverant\u00f6r. Vi p\u00e5 C-PRO \u00e4r l\u00e4tta att komma i kontakt med, \u00e4rliga och brinner f\u00f6r att l\u00f6sa v\u00e5ra kunders problem.\",\"email\":\"info@c-profil.se\",\"telephone\":\"031575785\",\"legalName\":\"C-Profil F\u00f6rl\u00e4ggningsmaterial AB\",\"foundingDate\":\"1987-01-01\"}]}<\/script>\n<meta property=\"product:brand\" content=\"kabelinf\u00f6ring\" \/>\n<meta property=\"product:price:currency\" content=\"SEK\" \/>\n<meta property=\"og:availability\" content=\"instock\" \/>\n<meta property=\"product:availability\" content=\"instock\" \/>\n<meta property=\"product:retailer_item_id\" content=\"MBI-M\" \/>\n<meta property=\"product:condition\" content=\"new\" \/>\n<!-- \/ Yoast SEO Premium plugin. -->","yoast_head_json":{"title":"Enclosure MBI-M: Safe and reliable for your installations - C-Pro","description":"Enclosure MBI-M has metric pre-perforated knockouts on all four sides which can be opened for cable entry. Read More!","robots":{"index":"index","follow":"follow","max-snippet":"max-snippet:-1","max-image-preview":"max-image-preview:large","max-video-preview":"max-video-preview:-1"},"canonical":"https:\/\/c-profil.se\/english\/product\/enclosure-mbi-m\/","og_locale":"en_US","og_type":"article","og_title":"Kapsling | MBI-M - C-Pro","og_description":"Kapsling MBI-M , ett m\u00e5ste f\u00f6r dina industriella installationer. Med sina metriska f\u00f6rperforerade knockouts p\u00e5 alla fyra sidor vilka kan \u00f6ppnas f\u00f6r inmatningnig av kablar. Denna kopplingsl\u00e5da \u00e4r byggd f\u00f6r att uppfylla dina specifika krav. Inget mer kr\u00e5ngel med att hitta den perfekta passformen! MBI-M-serien erbjuder ett brett utbud av storlekar f\u00f6r att tillgodose alla dina behov.  MBI-M \u00e4r den perfekta l\u00f6sningen f\u00f6r dina elektriska behov. Uppgradera dina installationer med f\u00f6rtroende och tillf\u00f6rlitlighet. K\u00f6p din idag!   UV-best\u00e4ndig  Plastskruvar f\u00f6r montering ing\u00e5r i leveransen.  MBI-kapslingar erbjuder en m\u00e4ngd olika monteringspunkter f\u00f6r direkt fixering av komponenter i basen.  Anpassa din kapsling   Montering  Tryck  Design  F\u00e4rg  H\u00e5ltagning","og_url":"https:\/\/c-profil.se\/english\/product\/enclosure-mbi-m\/","og_site_name":"C-Pro","article_publisher":"https:\/\/www.facebook.com\/people\/C-Pro\/61561767306874\/","article_modified_time":"2026-03-19T14:50:06+00:00","og_image":[{"width":1000,"height":1000,"url":"https:\/\/c-profil.se\/wp-content\/uploads\/2021\/05\/Kopplingslada-MBM-I.jpg","type":"image\/jpeg"}],"twitter_card":"summary_large_image","twitter_misc":{"Price":"","Availability":"In stock"},"schema":{"@context":"https:\/\/schema.org","@graph":[{"@type":"WebPage","@id":"https:\/\/c-profil.se\/produkt\/kapsling-mbi-m\/","url":"https:\/\/c-profil.se\/produkt\/kapsling-mbi-m\/","name":"Enclosure MBI-M: Safe and reliable for your installations - C-Pro","isPartOf":{"@id":"https:\/\/c-profil.se\/#website"},"primaryImageOfPage":{"@id":"https:\/\/c-profil.se\/produkt\/kapsling-mbi-m\/#primaryimage"},"image":{"@id":"https:\/\/c-profil.se\/produkt\/kapsling-mbi-m\/#primaryimage"},"thumbnailUrl":"https:\/\/c-profil.se\/wp-content\/uploads\/2021\/05\/Kopplingslada-MBM-I.jpg","datePublished":"2021-05-21T08:25:00+00:00","dateModified":"2026-03-19T14:50:06+00:00","description":"Enclosure MBI-M has metric pre-perforated knockouts on all four sides which can be opened for cable entry. Read More!","breadcrumb":{"@id":"https:\/\/c-profil.se\/produkt\/kapsling-mbi-m\/#breadcrumb"},"inLanguage":"en","potentialAction":[{"@type":"ReadAction","target":["https:\/\/c-profil.se\/produkt\/kapsling-mbi-m\/"]}]},{"@type":"ImageObject","inLanguage":"en","@id":"https:\/\/c-profil.se\/produkt\/kapsling-mbi-m\/#primaryimage","url":"https:\/\/c-profil.se\/wp-content\/uploads\/2021\/05\/Kopplingslada-MBM-I.jpg","contentUrl":"https:\/\/c-profil.se\/wp-content\/uploads\/2021\/05\/Kopplingslada-MBM-I.jpg","width":1000,"height":1000,"caption":"Kapsling MBM-I"},{"@type":"BreadcrumbList","@id":"https:\/\/c-profil.se\/produkt\/kapsling-mbi-m\/#breadcrumb","itemListElement":[{"@type":"ListItem","position":1,"name":"Hem","item":"https:\/\/c-profil.se\/"},{"@type":"ListItem","position":2,"name":"Produkter","item":"https:\/\/c-profil.se\/produkter\/"},{"@type":"ListItem","position":3,"name":"Kapslingar i plast","item":"https:\/\/c-profil.se\/produkt-kategori\/kapslingar-i-plast\/"},{"@type":"ListItem","position":4,"name":"Kapsling | MBI-M"}]},{"@type":"WebSite","@id":"https:\/\/c-profil.se\/#website","url":"https:\/\/c-profil.se\/","name":"C-Pro","description":"Products for Electricity and Automation","publisher":{"@id":"https:\/\/c-profil.se\/#organization"},"potentialAction":[{"@type":"SearchAction","target":{"@type":"EntryPoint","urlTemplate":"https:\/\/c-profil.se\/?s={search_term_string}"},"query-input":{"@type":"PropertyValueSpecification","valueRequired":true,"valueName":"search_term_string"}}],"inLanguage":"en"},{"@type":"Organization","@id":"https:\/\/c-profil.se\/#organization","name":"C-Pro","alternateName":"C-PRO","url":"https:\/\/c-profil.se\/","logo":{"@type":"ImageObject","inLanguage":"en","@id":"https:\/\/c-profil.se\/#\/schema\/logo\/image\/","url":"https:\/\/c-profil.se\/wp-content\/uploads\/2022\/03\/c-pro-logga-liggande-500x500-1.png","contentUrl":"https:\/\/c-profil.se\/wp-content\/uploads\/2022\/03\/c-pro-logga-liggande-500x500-1.png","width":500,"height":500,"caption":"C-Pro"},"image":{"@id":"https:\/\/c-profil.se\/#\/schema\/logo\/image\/"},"sameAs":["https:\/\/www.facebook.com\/people\/C-Pro\/61561767306874\/","https:\/\/www.linkedin.com\/company\/c-pro-ab","https:\/\/www.instagram.com\/cpro.ab\/"],"description":"C-PRO AB is a comprehensive supplier of materials for applications in electricity and automation. Ever since the start in 1987, we have supplied the Swedish manufacturing industry with electrical materials. Despite our size and leading position, we have never abandoned our basic philosophy, to be a personal supplier. We at C-PRO are easy to get in touch with, honest and passionate about solving our customers&#039; problems.","email":"info@c-profil.se","telephone":"031575785","legalName":"C-Profil F\u00f6rl\u00e4ggningsmaterial AB","foundingDate":"1987-01-01"}]},"product_brand":"kabelinf\u00f6ring","product_price_currency":"SEK","og_availability":"instock","product_availability":"instock","product_retailer_item_id":"MBI-M","product_condition":"new"},"_links":{"self":[{"href":"https:\/\/c-profil.se\/english\/wp-json\/wp\/v2\/product\/26995","targetHints":{"allow":["GET"]}}],"collection":[{"href":"https:\/\/c-profil.se\/english\/wp-json\/wp\/v2\/product"}],"about":[{"href":"https:\/\/c-profil.se\/english\/wp-json\/wp\/v2\/types\/product"}],"version-history":[{"count":14,"href":"https:\/\/c-profil.se\/english\/wp-json\/wp\/v2\/product\/26995\/revisions"}],"predecessor-version":[{"id":74217,"href":"https:\/\/c-profil.se\/english\/wp-json\/wp\/v2\/product\/26995\/revisions\/74217"}],"wp:featuredmedia":[{"embeddable":true,"href":"https:\/\/c-profil.se\/english\/wp-json\/wp\/v2\/media\/45410"}],"wp:attachment":[{"href":"https:\/\/c-profil.se\/english\/wp-json\/wp\/v2\/media?parent=26995"}],"wp:term":[{"taxonomy":"product_brand","embeddable":true,"href":"https:\/\/c-profil.se\/english\/wp-json\/wp\/v2\/product_brand?post=26995"},{"taxonomy":"product_cat","embeddable":true,"href":"https:\/\/c-profil.se\/english\/wp-json\/wp\/v2\/product_cat?post=26995"},{"taxonomy":"product_tag","embeddable":true,"href":"https:\/\/c-profil.se\/english\/wp-json\/wp\/v2\/product_tag?post=26995"}],"curies":[{"name":"wp","href":"https:\/\/api.w.org\/{rel}","templated":true}]}}