{"id":26923,"date":"2021-04-21T13:37:00","date_gmt":"2021-04-21T12:37:00","guid":{"rendered":"https:\/\/c-profil.se\/?post_type=product&#038;p=26923"},"modified":"2026-04-30T09:06:05","modified_gmt":"2026-04-30T08:06:05","slug":"lighting-led-striplite","status":"publish","type":"product","link":"https:\/\/c-profil.se\/english\/produkt\/belysning-led-striplite\/","title":{"rendered":"Lighting LED | Striplite"},"content":{"rendered":"<p><strong>Lighting LED \/ Striplite is a compact and energy-efficient LED luminaire for control cabinets and enclosures<\/strong> which provides a pleasant light of 700 lumens for service and maintenance.<br \/>\nThe luminaire has a built-in motion sensor with a 5-minute timer, a wide voltage range and can be easily mounted with screws or magnets and connected to multiple luminaires.<\/p>","protected":false},"excerpt":{"rendered":"<p class=\"ai-optimize-25 ai-optimize-introduction\">Lighting LED \/ Striplite is an energy-efficient LED lighting.<\/p>\n<p class=\"ai-optimize-35\"><strong>Includes<\/strong>: Built-in motion sensor with 5 min timer &amp; mounting accessories<br \/>\n<strong>Dimension<\/strong>: 357.4 x 32 x 35.5 mm<\/p>\n<p class=\"ai-optimize-36\"><strong>Advantages:<\/strong><\/p>\n<ul>\n<li class=\"ai-optimize-27\">Wide voltage range for universal use<\/li>\n<li class=\"ai-optimize-28\">With motion sensor<\/li>\n<li class=\"ai-optimize-29\">700 lm light output<\/li>\n<li class=\"ai-optimize-30\">Extension cables available for connecting multiple fixtures<\/li>\n<li class=\"ai-optimize-31\">Screw and magnet mount for mounting<\/li>\n<\/ul>","protected":false},"featured_media":51502,"template":"","meta":{"_acf_changed":false},"product_brand":[749],"product_cat":[232],"product_tag":[940,973,974],"class_list":{"0":"post-26923","1":"product","2":"type-product","3":"status-publish","4":"has-post-thumbnail","6":"product_brand-seifert","7":"product_cat-belysning","8":"product_tag-apparatskap","9":"product_tag-belysning","10":"product_tag-service-underhall","12":"first","13":"instock","14":"shipping-taxable","15":"product-type-simple"},"acf":[],"yoast_head":"<!-- This site is optimized with the Yoast SEO Premium plugin v27.5 (Yoast SEO v27.5) - https:\/\/yoast.com\/product\/yoast-seo-premium-wordpress\/ -->\n<title>Belysning LED | Striplite - C-Pro<\/title>\n<meta name=\"description\" content=\"Belysning LED \/ Striplite \u00e4r en energieffektiv LED-belysning med r\u00f6relsesensor p\u00e5 400 lm &amp; 700 lm. Stort sp\u00e4nningsomr\u00e5de f\u00f6r universell anv\u00e4ndning. L\u00e4s Mer!\" \/>\n<meta name=\"robots\" content=\"index, follow, max-snippet:-1, max-image-preview:large, max-video-preview:-1\" \/>\n<link rel=\"canonical\" href=\"https:\/\/c-profil.se\/english\/product\/lighting-led-striplite\/\" \/>\n<meta property=\"og:locale\" content=\"en_US\" \/>\n<meta property=\"og:type\" content=\"article\" \/>\n<meta property=\"og:title\" content=\"Belysning LED | Striplite - C-Pro\" \/>\n<meta property=\"og:description\" content=\"Belysning LED \/ Striplite \u00e4r en energieffektiv LED-belysning. Inkluderar: Inbyggd r\u00f6relsesensor med 5 min timer &amp; monteringstillbeh\u00f6r Dimension: 357.4 x 32 x 35.5 mm F\u00f6rdelar:    Stort sp\u00e4nningsomr\u00e5de f\u00f6r universell anv\u00e4ndning  Med r\u00f6relsesensor  700 lm ljuseffekt  Vidarekopplingskablar tillg\u00e4ngliga f\u00f6r anslutning av flera armaturer  Skruv- och magnetf\u00e4ste f\u00f6r montering\" \/>\n<meta property=\"og:url\" content=\"https:\/\/c-profil.se\/english\/product\/lighting-led-striplite\/\" \/>\n<meta property=\"og:site_name\" content=\"C-Pro\" \/>\n<meta property=\"article:publisher\" content=\"https:\/\/www.facebook.com\/people\/C-Pro\/61561767306874\/\" \/>\n<meta property=\"article:modified_time\" content=\"2026-04-30T08:06:05+00:00\" \/>\n<meta property=\"og:image\" content=\"https:\/\/c-profil.se\/wp-content\/uploads\/2021\/04\/Belysning-LED-SE4076.jpg\" \/>\n\t<meta property=\"og:image:width\" content=\"1000\" \/>\n\t<meta property=\"og:image:height\" content=\"1000\" \/>\n\t<meta property=\"og:image:type\" content=\"image\/jpeg\" \/>\n<meta name=\"twitter:card\" content=\"summary_large_image\" \/>\n<meta name=\"twitter:label1\" content=\"Price\" \/>\n\t<meta name=\"twitter:data1\" content=\"\" \/>\n\t<meta name=\"twitter:label2\" content=\"Availability\" \/>\n\t<meta name=\"twitter:data2\" content=\"In stock\" \/>\n<script type=\"application\/ld+json\" class=\"yoast-schema-graph\">{\"@context\":\"https:\\\/\\\/schema.org\",\"@graph\":[{\"@type\":\"WebPage\",\"@id\":\"https:\\\/\\\/c-profil.se\\\/produkt\\\/belysning-led-striplite\\\/\",\"url\":\"https:\\\/\\\/c-profil.se\\\/produkt\\\/belysning-led-striplite\\\/\",\"name\":\"Belysning LED | Striplite - C-Pro\",\"isPartOf\":{\"@id\":\"https:\\\/\\\/c-profil.se\\\/#website\"},\"primaryImageOfPage\":{\"@id\":\"https:\\\/\\\/c-profil.se\\\/produkt\\\/belysning-led-striplite\\\/#primaryimage\"},\"image\":{\"@id\":\"https:\\\/\\\/c-profil.se\\\/produkt\\\/belysning-led-striplite\\\/#primaryimage\"},\"thumbnailUrl\":\"https:\\\/\\\/c-profil.se\\\/wp-content\\\/uploads\\\/2021\\\/04\\\/Belysning-LED-SE4076.jpg\",\"datePublished\":\"2021-04-21T12:37:00+00:00\",\"dateModified\":\"2026-04-30T08:06:05+00:00\",\"description\":\"Belysning LED \\\/ Striplite \u00e4r en energieffektiv LED-belysning med r\u00f6relsesensor p\u00e5 400 lm & 700 lm. Stort sp\u00e4nningsomr\u00e5de f\u00f6r universell anv\u00e4ndning. L\u00e4s Mer!\",\"breadcrumb\":{\"@id\":\"https:\\\/\\\/c-profil.se\\\/produkt\\\/belysning-led-striplite\\\/#breadcrumb\"},\"inLanguage\":\"en\",\"potentialAction\":[{\"@type\":\"ReadAction\",\"target\":[\"https:\\\/\\\/c-profil.se\\\/produkt\\\/belysning-led-striplite\\\/\"]}]},{\"@type\":\"ImageObject\",\"inLanguage\":\"en\",\"@id\":\"https:\\\/\\\/c-profil.se\\\/produkt\\\/belysning-led-striplite\\\/#primaryimage\",\"url\":\"https:\\\/\\\/c-profil.se\\\/wp-content\\\/uploads\\\/2021\\\/04\\\/Belysning-LED-SE4076.jpg\",\"contentUrl\":\"https:\\\/\\\/c-profil.se\\\/wp-content\\\/uploads\\\/2021\\\/04\\\/Belysning-LED-SE4076.jpg\",\"width\":1000,\"height\":1000,\"caption\":\"Belysning LED SE4076\"},{\"@type\":\"BreadcrumbList\",\"@id\":\"https:\\\/\\\/c-profil.se\\\/produkt\\\/belysning-led-striplite\\\/#breadcrumb\",\"itemListElement\":[{\"@type\":\"ListItem\",\"position\":1,\"name\":\"Hem\",\"item\":\"https:\\\/\\\/c-profil.se\\\/\"},{\"@type\":\"ListItem\",\"position\":2,\"name\":\"Produkter\",\"item\":\"https:\\\/\\\/c-profil.se\\\/produkter\\\/\"},{\"@type\":\"ListItem\",\"position\":3,\"name\":\"Belysning\",\"item\":\"https:\\\/\\\/c-profil.se\\\/produkt-kategori\\\/belysning\\\/\"},{\"@type\":\"ListItem\",\"position\":4,\"name\":\"Belysning LED | Striplite\"}]},{\"@type\":\"WebSite\",\"@id\":\"https:\\\/\\\/c-profil.se\\\/#website\",\"url\":\"https:\\\/\\\/c-profil.se\\\/\",\"name\":\"C-Pro\",\"description\":\"Produkter f\u00f6r El och Automation\",\"publisher\":{\"@id\":\"https:\\\/\\\/c-profil.se\\\/#organization\"},\"potentialAction\":[{\"@type\":\"SearchAction\",\"target\":{\"@type\":\"EntryPoint\",\"urlTemplate\":\"https:\\\/\\\/c-profil.se\\\/?s={search_term_string}\"},\"query-input\":{\"@type\":\"PropertyValueSpecification\",\"valueRequired\":true,\"valueName\":\"search_term_string\"}}],\"inLanguage\":\"en\"},{\"@type\":\"Organization\",\"@id\":\"https:\\\/\\\/c-profil.se\\\/#organization\",\"name\":\"C-Pro\",\"alternateName\":\"C-PRO\",\"url\":\"https:\\\/\\\/c-profil.se\\\/\",\"logo\":{\"@type\":\"ImageObject\",\"inLanguage\":\"en\",\"@id\":\"https:\\\/\\\/c-profil.se\\\/#\\\/schema\\\/logo\\\/image\\\/\",\"url\":\"https:\\\/\\\/c-profil.se\\\/wp-content\\\/uploads\\\/2022\\\/03\\\/c-pro-logga-liggande-500x500-1.png\",\"contentUrl\":\"https:\\\/\\\/c-profil.se\\\/wp-content\\\/uploads\\\/2022\\\/03\\\/c-pro-logga-liggande-500x500-1.png\",\"width\":500,\"height\":500,\"caption\":\"C-Pro\"},\"image\":{\"@id\":\"https:\\\/\\\/c-profil.se\\\/#\\\/schema\\\/logo\\\/image\\\/\"},\"sameAs\":[\"https:\\\/\\\/www.facebook.com\\\/people\\\/C-Pro\\\/61561767306874\\\/\",\"https:\\\/\\\/www.linkedin.com\\\/company\\\/c-pro-ab\",\"https:\\\/\\\/www.instagram.com\\\/cpro.ab\\\/\"],\"description\":\"C-PRO AB \u00e4r en helt\u00e4ckande leverant\u00f6r av material f\u00f6r applikationer inom el och automation. \u00c4nda sedan starten 1987 har vi f\u00f6rsett den svenska tillverkande industrin med elmaterial. Trots v\u00e5r storlek och ledande position har vi aldrig \u00f6vergett v\u00e5r grundfilosofi, att vara en personlig leverant\u00f6r. Vi p\u00e5 C-PRO \u00e4r l\u00e4tta att komma i kontakt med, \u00e4rliga och brinner f\u00f6r att l\u00f6sa v\u00e5ra kunders problem.\",\"email\":\"info@c-profil.se\",\"telephone\":\"031575785\",\"legalName\":\"C-Profil F\u00f6rl\u00e4ggningsmaterial AB\",\"foundingDate\":\"1987-01-01\"}]}<\/script>\n<meta property=\"product:brand\" content=\"apparatsk\u00e5p\" \/>\n<meta property=\"product:price:currency\" content=\"SEK\" \/>\n<meta property=\"og:availability\" content=\"instock\" \/>\n<meta property=\"product:availability\" content=\"instock\" \/>\n<meta property=\"product:retailer_item_id\" content=\"Striplite\" \/>\n<meta property=\"product:condition\" content=\"new\" \/>\n<!-- \/ Yoast SEO Premium plugin. -->","yoast_head_json":{"title":"Lighting LED | Striplite - C-Pro","description":"Lighting LED \/ Striplite is an energy-efficient LED lighting with motion sensor of 400 lm &amp; 700 lm. Wide voltage range for universal use. Read More!","robots":{"index":"index","follow":"follow","max-snippet":"max-snippet:-1","max-image-preview":"max-image-preview:large","max-video-preview":"max-video-preview:-1"},"canonical":"https:\/\/c-profil.se\/english\/product\/lighting-led-striplite\/","og_locale":"en_US","og_type":"article","og_title":"Belysning LED | Striplite - C-Pro","og_description":"Belysning LED \/ Striplite \u00e4r en energieffektiv LED-belysning. Inkluderar: Inbyggd r\u00f6relsesensor med 5 min timer &amp; monteringstillbeh\u00f6r Dimension: 357.4 x 32 x 35.5 mm F\u00f6rdelar:    Stort sp\u00e4nningsomr\u00e5de f\u00f6r universell anv\u00e4ndning  Med r\u00f6relsesensor  700 lm ljuseffekt  Vidarekopplingskablar tillg\u00e4ngliga f\u00f6r anslutning av flera armaturer  Skruv- och magnetf\u00e4ste f\u00f6r montering","og_url":"https:\/\/c-profil.se\/english\/product\/lighting-led-striplite\/","og_site_name":"C-Pro","article_publisher":"https:\/\/www.facebook.com\/people\/C-Pro\/61561767306874\/","article_modified_time":"2026-04-30T08:06:05+00:00","og_image":[{"width":1000,"height":1000,"url":"https:\/\/c-profil.se\/wp-content\/uploads\/2021\/04\/Belysning-LED-SE4076.jpg","type":"image\/jpeg"}],"twitter_card":"summary_large_image","twitter_misc":{"Price":"","Availability":"In stock"},"schema":{"@context":"https:\/\/schema.org","@graph":[{"@type":"WebPage","@id":"https:\/\/c-profil.se\/produkt\/belysning-led-striplite\/","url":"https:\/\/c-profil.se\/produkt\/belysning-led-striplite\/","name":"Lighting LED | Striplite - C-Pro","isPartOf":{"@id":"https:\/\/c-profil.se\/#website"},"primaryImageOfPage":{"@id":"https:\/\/c-profil.se\/produkt\/belysning-led-striplite\/#primaryimage"},"image":{"@id":"https:\/\/c-profil.se\/produkt\/belysning-led-striplite\/#primaryimage"},"thumbnailUrl":"https:\/\/c-profil.se\/wp-content\/uploads\/2021\/04\/Belysning-LED-SE4076.jpg","datePublished":"2021-04-21T12:37:00+00:00","dateModified":"2026-04-30T08:06:05+00:00","description":"Lighting LED \/ Striplite is an energy-efficient LED lighting with motion sensor of 400 lm &amp; 700 lm. Wide voltage range for universal use. Read More!","breadcrumb":{"@id":"https:\/\/c-profil.se\/produkt\/belysning-led-striplite\/#breadcrumb"},"inLanguage":"en","potentialAction":[{"@type":"ReadAction","target":["https:\/\/c-profil.se\/produkt\/belysning-led-striplite\/"]}]},{"@type":"ImageObject","inLanguage":"en","@id":"https:\/\/c-profil.se\/produkt\/belysning-led-striplite\/#primaryimage","url":"https:\/\/c-profil.se\/wp-content\/uploads\/2021\/04\/Belysning-LED-SE4076.jpg","contentUrl":"https:\/\/c-profil.se\/wp-content\/uploads\/2021\/04\/Belysning-LED-SE4076.jpg","width":1000,"height":1000,"caption":"Belysning LED SE4076"},{"@type":"BreadcrumbList","@id":"https:\/\/c-profil.se\/produkt\/belysning-led-striplite\/#breadcrumb","itemListElement":[{"@type":"ListItem","position":1,"name":"Hem","item":"https:\/\/c-profil.se\/"},{"@type":"ListItem","position":2,"name":"Produkter","item":"https:\/\/c-profil.se\/produkter\/"},{"@type":"ListItem","position":3,"name":"Belysning","item":"https:\/\/c-profil.se\/produkt-kategori\/belysning\/"},{"@type":"ListItem","position":4,"name":"Belysning LED | Striplite"}]},{"@type":"WebSite","@id":"https:\/\/c-profil.se\/#website","url":"https:\/\/c-profil.se\/","name":"C-Pro","description":"Products for Electricity and Automation","publisher":{"@id":"https:\/\/c-profil.se\/#organization"},"potentialAction":[{"@type":"SearchAction","target":{"@type":"EntryPoint","urlTemplate":"https:\/\/c-profil.se\/?s={search_term_string}"},"query-input":{"@type":"PropertyValueSpecification","valueRequired":true,"valueName":"search_term_string"}}],"inLanguage":"en"},{"@type":"Organization","@id":"https:\/\/c-profil.se\/#organization","name":"C-Pro","alternateName":"C-PRO","url":"https:\/\/c-profil.se\/","logo":{"@type":"ImageObject","inLanguage":"en","@id":"https:\/\/c-profil.se\/#\/schema\/logo\/image\/","url":"https:\/\/c-profil.se\/wp-content\/uploads\/2022\/03\/c-pro-logga-liggande-500x500-1.png","contentUrl":"https:\/\/c-profil.se\/wp-content\/uploads\/2022\/03\/c-pro-logga-liggande-500x500-1.png","width":500,"height":500,"caption":"C-Pro"},"image":{"@id":"https:\/\/c-profil.se\/#\/schema\/logo\/image\/"},"sameAs":["https:\/\/www.facebook.com\/people\/C-Pro\/61561767306874\/","https:\/\/www.linkedin.com\/company\/c-pro-ab","https:\/\/www.instagram.com\/cpro.ab\/"],"description":"C-PRO AB is a comprehensive supplier of materials for applications in electricity and automation. Ever since the start in 1987, we have supplied the Swedish manufacturing industry with electrical materials. Despite our size and leading position, we have never abandoned our basic philosophy, to be a personal supplier. We at C-PRO are easy to get in touch with, honest and passionate about solving our customers&#039; problems.","email":"info@c-profil.se","telephone":"031575785","legalName":"C-Profil F\u00f6rl\u00e4ggningsmaterial AB","foundingDate":"1987-01-01"}]},"product_brand":"apparatsk\u00e5p","product_price_currency":"SEK","og_availability":"instock","product_availability":"instock","product_retailer_item_id":"Striplite","product_condition":"new"},"_links":{"self":[{"href":"https:\/\/c-profil.se\/english\/wp-json\/wp\/v2\/product\/26923","targetHints":{"allow":["GET"]}}],"collection":[{"href":"https:\/\/c-profil.se\/english\/wp-json\/wp\/v2\/product"}],"about":[{"href":"https:\/\/c-profil.se\/english\/wp-json\/wp\/v2\/types\/product"}],"version-history":[{"count":9,"href":"https:\/\/c-profil.se\/english\/wp-json\/wp\/v2\/product\/26923\/revisions"}],"predecessor-version":[{"id":75278,"href":"https:\/\/c-profil.se\/english\/wp-json\/wp\/v2\/product\/26923\/revisions\/75278"}],"wp:featuredmedia":[{"embeddable":true,"href":"https:\/\/c-profil.se\/english\/wp-json\/wp\/v2\/media\/51502"}],"wp:attachment":[{"href":"https:\/\/c-profil.se\/english\/wp-json\/wp\/v2\/media?parent=26923"}],"wp:term":[{"taxonomy":"product_brand","embeddable":true,"href":"https:\/\/c-profil.se\/english\/wp-json\/wp\/v2\/product_brand?post=26923"},{"taxonomy":"product_cat","embeddable":true,"href":"https:\/\/c-profil.se\/english\/wp-json\/wp\/v2\/product_cat?post=26923"},{"taxonomy":"product_tag","embeddable":true,"href":"https:\/\/c-profil.se\/english\/wp-json\/wp\/v2\/product_tag?post=26923"}],"curies":[{"name":"wp","href":"https:\/\/api.w.org\/{rel}","templated":true}]}}