{"id":26863,"date":"2021-04-14T12:29:00","date_gmt":"2021-04-14T11:29:00","guid":{"rendered":"https:\/\/c-profil.se\/?post_type=product&#038;p=26863"},"modified":"2026-04-28T12:23:07","modified_gmt":"2026-04-28T11:23:07","slug":"cable-entry-plate-kel-dpz-click","status":"publish","type":"product","link":"https:\/\/c-profil.se\/english\/produkt\/kabelgenomforingsplatta-multi-membran-kel-dpz-click\/","title":{"rendered":"Cable entry plate | KEL-DPZ-CLICK"},"content":{"rendered":"<p><strong>KEL-DPZ-CLICK is a cable entry plate with snap-in mounting<\/strong>, developed for quick installation in metric cutouts.<br \/>\nIt enables sealing and strain relief of multiple cables without contact with a high degree of protection.<\/p>","protected":false},"excerpt":{"rendered":"<p class=\"ai-optimize-31\">Multi-membrane cable entry plate \/ KEL-DPZ-CLICK are designed to route and seal cables without connectors or fiber optics (from 1.5 mm to 22 mm in diameter) in limited space. The new version of the proven KEL-DPZ cable entry plates snaps directly into the cutout, which significantly reduces assembly time. The KEL-DPZ-CLICK is threaded and fits metric cutouts from M25 to M63.<\/p>\n<p class=\"ai-optimize-41\"><strong>Snap in:<\/strong><br \/>\nFor wall thickness: 1 \u2013 2.5 mm<br \/>\nProtection class: IP65<\/p>\n<p class=\"ai-optimize-42\"><strong>Screwed in using a lock nut:<\/strong><br \/>\nFor wall thickness: max. 11 mm<br \/>\nProtection class: IP66 \/ IP68<\/p>\n<p class=\"ai-optimize-43\">The installation of KEL-DPZ-CLICK with cables or pneumatic hoses can be done quickly and easily. Just make a small hole in the thin membrane and push the cables through.<br \/>\nKEL-DPZ-CLICK provides strain relief and protection class IP65 \/ IP66 \/ IP68.<\/p>\n<p class=\"ai-optimize-44\"><a href=\"https:\/\/www.icotek.com\/sv\/produkter\/kabelgenomfoeringsplatta\/st-b\">ST-B plugs<\/a>\u00a0can be used to seal pierced diaphragms if cables have been removed.<\/p>\n<p class=\"ai-optimize-33\"><strong>Advantages:<\/strong><\/p>\n<ul class=\"list-unstyled list-ico\">\n<li class=\"ai-optimize-34\">Quick assembly<\/li>\n<li class=\"ai-optimize-35\">Two different mounting options: with screw or \"snap-in\"<\/li>\n<li class=\"ai-optimize-36\">High cable density<\/li>\n<li class=\"ai-optimize-37\">Protection class: IP65\/IP66\/IP68 (according to EN 60529)<\/li>\n<li class=\"ai-optimize-38\">Automatic sealing and strain relief for the cable<\/li>\n<li class=\"ai-optimize-39\">Suitable for metric hole punching<\/li>\n<li class=\"ai-optimize-40\">Hygienic design \u2013 free from dirt-collecting depressions<\/li>\n<\/ul>","protected":false},"featured_media":51155,"template":"","meta":{"_acf_changed":false},"product_brand":[740],"product_cat":[307],"product_tag":[992,938,990,1005,939],"class_list":{"0":"post-26863","1":"product","2":"type-product","3":"status-publish","4":"has-post-thumbnail","6":"product_brand-icotek","7":"product_cat-kabelgenomforingsplattor-multiflansar","8":"product_tag-kabelgenomforing","9":"product_tag-kabelinforing","10":"product_tag-kapsling","11":"product_tag-platbearbetning","12":"product_tag-tatning","14":"first","15":"instock","16":"shipping-taxable","17":"product-type-simple"},"acf":[],"yoast_head":"<!-- This site is optimized with the Yoast SEO Premium plugin v27.5 (Yoast SEO v27.5) - https:\/\/yoast.com\/product\/yoast-seo-premium-wordpress\/ -->\n<title>Kabelgenomf\u00f6ringsplatta | KEL-DPZ-CLICK - C-Pro<\/title>\n<meta name=\"description\" content=\"Kabelgenomf\u00f6ringsplatta multi-membran \/ KEL-DPZ-CLICK \u00e4r konstruerade f\u00f6r att genomf\u00f6ra och t\u00e4ta kablar utan kontakter eller fiberoptik. L\u00e4s Mer!\" \/>\n<meta name=\"robots\" content=\"index, follow, max-snippet:-1, max-image-preview:large, max-video-preview:-1\" \/>\n<link rel=\"canonical\" href=\"https:\/\/c-profil.se\/english\/product\/cable-entry-plate-kel-dpz-click\/\" \/>\n<meta property=\"og:locale\" content=\"en_US\" \/>\n<meta property=\"og:type\" content=\"article\" \/>\n<meta property=\"og:title\" content=\"Kabelgenomf\u00f6ringsplatta | KEL-DPZ-CLICK - C-Pro\" \/>\n<meta property=\"og:description\" content=\"Kabelgenomf\u00f6ringsplatta multi-membran \/ KEL-DPZ-CLICK \u00e4r konstruerade f\u00f6r att genomf\u00f6ra och t\u00e4ta kablar utan kontakter eller fiberoptik (fr\u00e5n 1,5 mm till 22 mm i diameter) i begr\u00e4nsat utrymme.\u00a0Den nya versionen av de bepr\u00f6vade kabelgenomf\u00f6ringarna KEL-DPZ sn\u00e4pps in direkt i h\u00e5ltagningen, vilket reducerar monteringstiden markant. KEL-DPZ-CLICK \u00e4r g\u00e4ngad och passar metrisk h\u00e5ltagning fr\u00e5n M25 till M63. Sn\u00e4pp in: F\u00f6r v\u00e4ggtjocklek: 1 \u2013 2.5 mm Skyddsklass: IP65 Skruvas fast med hj\u00e4lp av l\u00e5smutter: F\u00f6r v\u00e4ggtjocklek: max. 11 mm Skyddsklass: IP66 \/ IP68 Monteringen av KEL-DPZ-CLICK med kablar eller pneumatiska slangar kan ske snabbt och enkelt. G\u00f6r bara ett litet h\u00e5l i det tunna membranet och tryck igenom kablarna. KEL-DPZ-CLICK ger dragavlastning och Skyddsklass IP65 \/ IP66 \/ IP68. ST-B-pluggar\u00a0kan anv\u00e4ndas f\u00f6r att f\u00f6rsegla genomborrade membran om kablar har tagits bort. F\u00f6rdelar:    Snabbt montage  Tv\u00e5 olika monteringsalternativ: med skruv eller &quot;sn\u00e4pp-in&quot;  H\u00f6g kabelt\u00e4thet  Skyddsklass: IP65\/IP66\/IP68 (efter EN 60529)  Automatisk t\u00e4tning och dragavlastning f\u00f6r kabeln  L\u00e4mplig f\u00f6r metrisk h\u00e5ltagning  Hygienisk design \u2013 fria fr\u00e5n smutssamlande f\u00f6rdjupningar\" \/>\n<meta property=\"og:url\" content=\"https:\/\/c-profil.se\/english\/product\/cable-entry-plate-kel-dpz-click\/\" \/>\n<meta property=\"og:site_name\" content=\"C-Pro\" \/>\n<meta property=\"article:publisher\" content=\"https:\/\/www.facebook.com\/people\/C-Pro\/61561767306874\/\" \/>\n<meta property=\"article:modified_time\" content=\"2026-04-28T11:23:07+00:00\" \/>\n<meta property=\"og:image\" content=\"https:\/\/c-profil.se\/wp-content\/uploads\/2021\/04\/Kabelgenomforingsplatta-multi-membran.jpg\" \/>\n\t<meta property=\"og:image:width\" content=\"1000\" \/>\n\t<meta property=\"og:image:height\" content=\"1000\" \/>\n\t<meta property=\"og:image:type\" content=\"image\/jpeg\" \/>\n<meta name=\"twitter:card\" content=\"summary_large_image\" \/>\n<meta name=\"twitter:label1\" content=\"Price\" \/>\n\t<meta name=\"twitter:data1\" content=\"\" \/>\n\t<meta name=\"twitter:label2\" content=\"Availability\" \/>\n\t<meta name=\"twitter:data2\" content=\"In stock\" \/>\n<script type=\"application\/ld+json\" class=\"yoast-schema-graph\">{\"@context\":\"https:\\\/\\\/schema.org\",\"@graph\":[{\"@type\":\"WebPage\",\"@id\":\"https:\\\/\\\/c-profil.se\\\/produkt\\\/kabelgenomforingsplatta-multi-membran-kel-dpz-click\\\/\",\"url\":\"https:\\\/\\\/c-profil.se\\\/produkt\\\/kabelgenomforingsplatta-multi-membran-kel-dpz-click\\\/\",\"name\":\"Kabelgenomf\u00f6ringsplatta | KEL-DPZ-CLICK - C-Pro\",\"isPartOf\":{\"@id\":\"https:\\\/\\\/c-profil.se\\\/#website\"},\"primaryImageOfPage\":{\"@id\":\"https:\\\/\\\/c-profil.se\\\/produkt\\\/kabelgenomforingsplatta-multi-membran-kel-dpz-click\\\/#primaryimage\"},\"image\":{\"@id\":\"https:\\\/\\\/c-profil.se\\\/produkt\\\/kabelgenomforingsplatta-multi-membran-kel-dpz-click\\\/#primaryimage\"},\"thumbnailUrl\":\"https:\\\/\\\/c-profil.se\\\/wp-content\\\/uploads\\\/2021\\\/04\\\/Kabelgenomforingsplatta-multi-membran.jpg\",\"datePublished\":\"2021-04-14T11:29:00+00:00\",\"dateModified\":\"2026-04-28T11:23:07+00:00\",\"description\":\"Kabelgenomf\u00f6ringsplatta multi-membran \\\/ KEL-DPZ-CLICK \u00e4r konstruerade f\u00f6r att genomf\u00f6ra och t\u00e4ta kablar utan kontakter eller fiberoptik. L\u00e4s Mer!\",\"breadcrumb\":{\"@id\":\"https:\\\/\\\/c-profil.se\\\/produkt\\\/kabelgenomforingsplatta-multi-membran-kel-dpz-click\\\/#breadcrumb\"},\"inLanguage\":\"en\",\"potentialAction\":[{\"@type\":\"ReadAction\",\"target\":[\"https:\\\/\\\/c-profil.se\\\/produkt\\\/kabelgenomforingsplatta-multi-membran-kel-dpz-click\\\/\"]}]},{\"@type\":\"ImageObject\",\"inLanguage\":\"en\",\"@id\":\"https:\\\/\\\/c-profil.se\\\/produkt\\\/kabelgenomforingsplatta-multi-membran-kel-dpz-click\\\/#primaryimage\",\"url\":\"https:\\\/\\\/c-profil.se\\\/wp-content\\\/uploads\\\/2021\\\/04\\\/Kabelgenomforingsplatta-multi-membran.jpg\",\"contentUrl\":\"https:\\\/\\\/c-profil.se\\\/wp-content\\\/uploads\\\/2021\\\/04\\\/Kabelgenomforingsplatta-multi-membran.jpg\",\"width\":1000,\"height\":1000,\"caption\":\"Kabelgenomf\u00f6ringsplatta multi-membran\"},{\"@type\":\"BreadcrumbList\",\"@id\":\"https:\\\/\\\/c-profil.se\\\/produkt\\\/kabelgenomforingsplatta-multi-membran-kel-dpz-click\\\/#breadcrumb\",\"itemListElement\":[{\"@type\":\"ListItem\",\"position\":1,\"name\":\"Hem\",\"item\":\"https:\\\/\\\/c-profil.se\\\/\"},{\"@type\":\"ListItem\",\"position\":2,\"name\":\"Produkter\",\"item\":\"https:\\\/\\\/c-profil.se\\\/produkter\\\/\"},{\"@type\":\"ListItem\",\"position\":3,\"name\":\"Kabelgenomf\u00f6ringsplattor &amp; multifl\u00e4nsar\",\"item\":\"https:\\\/\\\/c-profil.se\\\/produkt-kategori\\\/kabelgenomforingsplattor-multiflansar\\\/\"},{\"@type\":\"ListItem\",\"position\":4,\"name\":\"Kabelgenomf\u00f6ringsplatta | KEL-DPZ-CLICK\"}]},{\"@type\":\"WebSite\",\"@id\":\"https:\\\/\\\/c-profil.se\\\/#website\",\"url\":\"https:\\\/\\\/c-profil.se\\\/\",\"name\":\"C-Pro\",\"description\":\"Produkter f\u00f6r El och Automation\",\"publisher\":{\"@id\":\"https:\\\/\\\/c-profil.se\\\/#organization\"},\"potentialAction\":[{\"@type\":\"SearchAction\",\"target\":{\"@type\":\"EntryPoint\",\"urlTemplate\":\"https:\\\/\\\/c-profil.se\\\/?s={search_term_string}\"},\"query-input\":{\"@type\":\"PropertyValueSpecification\",\"valueRequired\":true,\"valueName\":\"search_term_string\"}}],\"inLanguage\":\"en\"},{\"@type\":\"Organization\",\"@id\":\"https:\\\/\\\/c-profil.se\\\/#organization\",\"name\":\"C-Pro\",\"alternateName\":\"C-PRO\",\"url\":\"https:\\\/\\\/c-profil.se\\\/\",\"logo\":{\"@type\":\"ImageObject\",\"inLanguage\":\"en\",\"@id\":\"https:\\\/\\\/c-profil.se\\\/#\\\/schema\\\/logo\\\/image\\\/\",\"url\":\"https:\\\/\\\/c-profil.se\\\/wp-content\\\/uploads\\\/2022\\\/03\\\/c-pro-logga-liggande-500x500-1.png\",\"contentUrl\":\"https:\\\/\\\/c-profil.se\\\/wp-content\\\/uploads\\\/2022\\\/03\\\/c-pro-logga-liggande-500x500-1.png\",\"width\":500,\"height\":500,\"caption\":\"C-Pro\"},\"image\":{\"@id\":\"https:\\\/\\\/c-profil.se\\\/#\\\/schema\\\/logo\\\/image\\\/\"},\"sameAs\":[\"https:\\\/\\\/www.facebook.com\\\/people\\\/C-Pro\\\/61561767306874\\\/\",\"https:\\\/\\\/www.linkedin.com\\\/company\\\/c-pro-ab\",\"https:\\\/\\\/www.instagram.com\\\/cpro.ab\\\/\"],\"description\":\"C-PRO AB \u00e4r en helt\u00e4ckande leverant\u00f6r av material f\u00f6r applikationer inom el och automation. \u00c4nda sedan starten 1987 har vi f\u00f6rsett den svenska tillverkande industrin med elmaterial. Trots v\u00e5r storlek och ledande position har vi aldrig \u00f6vergett v\u00e5r grundfilosofi, att vara en personlig leverant\u00f6r. Vi p\u00e5 C-PRO \u00e4r l\u00e4tta att komma i kontakt med, \u00e4rliga och brinner f\u00f6r att l\u00f6sa v\u00e5ra kunders problem.\",\"email\":\"info@c-profil.se\",\"telephone\":\"031575785\",\"legalName\":\"C-Profil F\u00f6rl\u00e4ggningsmaterial AB\",\"foundingDate\":\"1987-01-01\"}]}<\/script>\n<meta property=\"product:brand\" content=\"kabelgenomf\u00f6ring\" \/>\n<meta property=\"product:price:currency\" content=\"SEK\" \/>\n<meta property=\"og:availability\" content=\"instock\" \/>\n<meta property=\"product:availability\" content=\"instock\" \/>\n<meta property=\"product:retailer_item_id\" content=\"KEL-DPZ-CLICK\" \/>\n<meta property=\"product:condition\" content=\"new\" \/>\n<!-- \/ Yoast SEO Premium plugin. -->","yoast_head_json":{"title":"Cable entry plate | KEL-DPZ-CLICK - C-Pro","description":"Kabelgenomf\u00f6ringsplatta multi-membran \/ KEL-DPZ-CLICK are designed to conduct and seal cables without connectors or fiber optics. Read more!","robots":{"index":"index","follow":"follow","max-snippet":"max-snippet:-1","max-image-preview":"max-image-preview:large","max-video-preview":"max-video-preview:-1"},"canonical":"https:\/\/c-profil.se\/english\/product\/cable-entry-plate-kel-dpz-click\/","og_locale":"en_US","og_type":"article","og_title":"Kabelgenomf\u00f6ringsplatta | KEL-DPZ-CLICK - C-Pro","og_description":"Kabelgenomf\u00f6ringsplatta multi-membran \/ KEL-DPZ-CLICK \u00e4r konstruerade f\u00f6r att genomf\u00f6ra och t\u00e4ta kablar utan kontakter eller fiberoptik (fr\u00e5n 1,5 mm till 22 mm i diameter) i begr\u00e4nsat utrymme.\u00a0Den nya versionen av de bepr\u00f6vade kabelgenomf\u00f6ringarna KEL-DPZ sn\u00e4pps in direkt i h\u00e5ltagningen, vilket reducerar monteringstiden markant. KEL-DPZ-CLICK \u00e4r g\u00e4ngad och passar metrisk h\u00e5ltagning fr\u00e5n M25 till M63. Sn\u00e4pp in: F\u00f6r v\u00e4ggtjocklek: 1 \u2013 2.5 mm Skyddsklass: IP65 Skruvas fast med hj\u00e4lp av l\u00e5smutter: F\u00f6r v\u00e4ggtjocklek: max. 11 mm Skyddsklass: IP66 \/ IP68 Monteringen av KEL-DPZ-CLICK med kablar eller pneumatiska slangar kan ske snabbt och enkelt. G\u00f6r bara ett litet h\u00e5l i det tunna membranet och tryck igenom kablarna. KEL-DPZ-CLICK ger dragavlastning och Skyddsklass IP65 \/ IP66 \/ IP68. ST-B-pluggar\u00a0kan anv\u00e4ndas f\u00f6r att f\u00f6rsegla genomborrade membran om kablar har tagits bort. F\u00f6rdelar:    Snabbt montage  Tv\u00e5 olika monteringsalternativ: med skruv eller \"sn\u00e4pp-in\"  H\u00f6g kabelt\u00e4thet  Skyddsklass: IP65\/IP66\/IP68 (efter EN 60529)  Automatisk t\u00e4tning och dragavlastning f\u00f6r kabeln  L\u00e4mplig f\u00f6r metrisk h\u00e5ltagning  Hygienisk design \u2013 fria fr\u00e5n smutssamlande f\u00f6rdjupningar","og_url":"https:\/\/c-profil.se\/english\/product\/cable-entry-plate-kel-dpz-click\/","og_site_name":"C-Pro","article_publisher":"https:\/\/www.facebook.com\/people\/C-Pro\/61561767306874\/","article_modified_time":"2026-04-28T11:23:07+00:00","og_image":[{"width":1000,"height":1000,"url":"https:\/\/c-profil.se\/wp-content\/uploads\/2021\/04\/Kabelgenomforingsplatta-multi-membran.jpg","type":"image\/jpeg"}],"twitter_card":"summary_large_image","twitter_misc":{"Price":"","Availability":"In stock"},"schema":{"@context":"https:\/\/schema.org","@graph":[{"@type":"WebPage","@id":"https:\/\/c-profil.se\/produkt\/kabelgenomforingsplatta-multi-membran-kel-dpz-click\/","url":"https:\/\/c-profil.se\/produkt\/kabelgenomforingsplatta-multi-membran-kel-dpz-click\/","name":"Cable entry plate | KEL-DPZ-CLICK - C-Pro","isPartOf":{"@id":"https:\/\/c-profil.se\/#website"},"primaryImageOfPage":{"@id":"https:\/\/c-profil.se\/produkt\/kabelgenomforingsplatta-multi-membran-kel-dpz-click\/#primaryimage"},"image":{"@id":"https:\/\/c-profil.se\/produkt\/kabelgenomforingsplatta-multi-membran-kel-dpz-click\/#primaryimage"},"thumbnailUrl":"https:\/\/c-profil.se\/wp-content\/uploads\/2021\/04\/Kabelgenomforingsplatta-multi-membran.jpg","datePublished":"2021-04-14T11:29:00+00:00","dateModified":"2026-04-28T11:23:07+00:00","description":"Kabelgenomf\u00f6ringsplatta multi-membran \/ KEL-DPZ-CLICK are designed to conduct and seal cables without connectors or fiber optics. Read more!","breadcrumb":{"@id":"https:\/\/c-profil.se\/produkt\/kabelgenomforingsplatta-multi-membran-kel-dpz-click\/#breadcrumb"},"inLanguage":"en","potentialAction":[{"@type":"ReadAction","target":["https:\/\/c-profil.se\/produkt\/kabelgenomforingsplatta-multi-membran-kel-dpz-click\/"]}]},{"@type":"ImageObject","inLanguage":"en","@id":"https:\/\/c-profil.se\/produkt\/kabelgenomforingsplatta-multi-membran-kel-dpz-click\/#primaryimage","url":"https:\/\/c-profil.se\/wp-content\/uploads\/2021\/04\/Kabelgenomforingsplatta-multi-membran.jpg","contentUrl":"https:\/\/c-profil.se\/wp-content\/uploads\/2021\/04\/Kabelgenomforingsplatta-multi-membran.jpg","width":1000,"height":1000,"caption":"Kabelgenomf\u00f6ringsplatta multi-membran"},{"@type":"BreadcrumbList","@id":"https:\/\/c-profil.se\/produkt\/kabelgenomforingsplatta-multi-membran-kel-dpz-click\/#breadcrumb","itemListElement":[{"@type":"ListItem","position":1,"name":"Hem","item":"https:\/\/c-profil.se\/"},{"@type":"ListItem","position":2,"name":"Produkter","item":"https:\/\/c-profil.se\/produkter\/"},{"@type":"ListItem","position":3,"name":"Kabelgenomf\u00f6ringsplattor &amp; multifl\u00e4nsar","item":"https:\/\/c-profil.se\/produkt-kategori\/kabelgenomforingsplattor-multiflansar\/"},{"@type":"ListItem","position":4,"name":"Kabelgenomf\u00f6ringsplatta | KEL-DPZ-CLICK"}]},{"@type":"WebSite","@id":"https:\/\/c-profil.se\/#website","url":"https:\/\/c-profil.se\/","name":"C-Pro","description":"Products for Electricity and Automation","publisher":{"@id":"https:\/\/c-profil.se\/#organization"},"potentialAction":[{"@type":"SearchAction","target":{"@type":"EntryPoint","urlTemplate":"https:\/\/c-profil.se\/?s={search_term_string}"},"query-input":{"@type":"PropertyValueSpecification","valueRequired":true,"valueName":"search_term_string"}}],"inLanguage":"en"},{"@type":"Organization","@id":"https:\/\/c-profil.se\/#organization","name":"C-Pro","alternateName":"C-PRO","url":"https:\/\/c-profil.se\/","logo":{"@type":"ImageObject","inLanguage":"en","@id":"https:\/\/c-profil.se\/#\/schema\/logo\/image\/","url":"https:\/\/c-profil.se\/wp-content\/uploads\/2022\/03\/c-pro-logga-liggande-500x500-1.png","contentUrl":"https:\/\/c-profil.se\/wp-content\/uploads\/2022\/03\/c-pro-logga-liggande-500x500-1.png","width":500,"height":500,"caption":"C-Pro"},"image":{"@id":"https:\/\/c-profil.se\/#\/schema\/logo\/image\/"},"sameAs":["https:\/\/www.facebook.com\/people\/C-Pro\/61561767306874\/","https:\/\/www.linkedin.com\/company\/c-pro-ab","https:\/\/www.instagram.com\/cpro.ab\/"],"description":"C-PRO AB is a comprehensive supplier of materials for applications in electricity and automation. Ever since the start in 1987, we have supplied the Swedish manufacturing industry with electrical materials. Despite our size and leading position, we have never abandoned our basic philosophy, to be a personal supplier. We at C-PRO are easy to get in touch with, honest and passionate about solving our customers&#039; problems.","email":"info@c-profil.se","telephone":"031575785","legalName":"C-Profil F\u00f6rl\u00e4ggningsmaterial AB","foundingDate":"1987-01-01"}]},"product_brand":"kabelgenomf\u00f6ring","product_price_currency":"SEK","og_availability":"instock","product_availability":"instock","product_retailer_item_id":"KEL-DPZ-CLICK","product_condition":"new"},"_links":{"self":[{"href":"https:\/\/c-profil.se\/english\/wp-json\/wp\/v2\/product\/26863","targetHints":{"allow":["GET"]}}],"collection":[{"href":"https:\/\/c-profil.se\/english\/wp-json\/wp\/v2\/product"}],"about":[{"href":"https:\/\/c-profil.se\/english\/wp-json\/wp\/v2\/types\/product"}],"version-history":[{"count":9,"href":"https:\/\/c-profil.se\/english\/wp-json\/wp\/v2\/product\/26863\/revisions"}],"predecessor-version":[{"id":75239,"href":"https:\/\/c-profil.se\/english\/wp-json\/wp\/v2\/product\/26863\/revisions\/75239"}],"wp:featuredmedia":[{"embeddable":true,"href":"https:\/\/c-profil.se\/english\/wp-json\/wp\/v2\/media\/51155"}],"wp:attachment":[{"href":"https:\/\/c-profil.se\/english\/wp-json\/wp\/v2\/media?parent=26863"}],"wp:term":[{"taxonomy":"product_brand","embeddable":true,"href":"https:\/\/c-profil.se\/english\/wp-json\/wp\/v2\/product_brand?post=26863"},{"taxonomy":"product_cat","embeddable":true,"href":"https:\/\/c-profil.se\/english\/wp-json\/wp\/v2\/product_cat?post=26863"},{"taxonomy":"product_tag","embeddable":true,"href":"https:\/\/c-profil.se\/english\/wp-json\/wp\/v2\/product_tag?post=26863"}],"curies":[{"name":"wp","href":"https:\/\/api.w.org\/{rel}","templated":true}]}}