{"id":26750,"date":"2021-03-31T12:35:00","date_gmt":"2021-03-31T11:35:00","guid":{"rendered":"https:\/\/c-profil.se\/?post_type=product&#038;p=26750"},"modified":"2026-04-23T08:43:15","modified_gmt":"2026-04-23T07:43:15","slug":"emc-cable-clamp-sklmskl","status":"publish","type":"product","link":"https:\/\/c-profil.se\/english\/produkt\/emc-skarmklamma-sklmskl\/","title":{"rendered":"EMC Shield Clamp | SKL\/MSKL"},"content":{"rendered":"<p><strong>SKL\/MSKL is an EMC shielding clamp for connecting cable shields to ground potential in industrial installations.<\/strong>, developed for applications with high demands on contact safety and compact assembly.<br \/>\nThe shield clamp has a very large contact surface with the cable shield, a slim and low design and is mounted by riveting for stable attachment.<\/p>","protected":false},"excerpt":{"rendered":"<p>EMC Shield Clamp | SKL\/MSKL is used wherever the shield of individual cables must be connected to the system potential. They enable safe and easy shielding of cables. The SKL|MSKL shield clamps are characterized by a very large contact area with the cable shield. Compared to conventional shield clamps, they have up to 50% more contact surface. The specified clamping range can be exceeded by up to 10% depending on cable properties. Due to their special geometry, the clamping surfaces of the MSKL are very large, and the overall width and height are relatively small (e.g., MSKL 3-12 with an inserted 12 mm cable shield: width 26.25 mm). Assembly is done by riveting.<\/p>\n<p><strong>Advantages<\/strong><\/p>\n<ul>\n<li>Large contact area<\/li>\n<li>Shield contact and strain relief separated<\/li>\n<li>The spring design requires no adjustments and will permanently maintain contact to the cable shield<\/li>\n<li>Space-saving design, even when fully assembled<\/li>\n<li>MSKL: Large clamping areas, therefore less product sizes needed to cover a large cable diameter range<\/li>\n<li>Shock and vibration resistant, maintenance free<\/li>\n<\/ul>","protected":false},"featured_media":50789,"template":"","meta":{"_acf_changed":false},"product_brand":[740],"product_cat":[310],"product_tag":[991,957],"class_list":{"0":"post-26750","1":"product","2":"type-product","3":"status-publish","4":"has-post-thumbnail","6":"product_brand-icotek","7":"product_cat-skarmklammor","8":"product_tag-emc","9":"product_tag-potentialutjamning","11":"first","12":"instock","13":"shipping-taxable","14":"product-type-simple"},"acf":[],"yoast_head":"<!-- This site is optimized with the Yoast SEO Premium plugin v27.5 (Yoast SEO v27.5) - https:\/\/yoast.com\/product\/yoast-seo-premium-wordpress\/ -->\n<title>EMC-Sk\u00e4rmkl\u00e4mma | SKL\/MSKL - C-Pro<\/title>\n<meta name=\"description\" content=\"EMC-Sk\u00e4rmkl\u00e4mma | SKL\/MSKL anv\u00e4nds \u00f6verallt d\u00e4r sk\u00e4rmen av enstaka ledningar m\u00e5ste f\u00f6rbindas med masspotentialen. L\u00e4s Mer!\" \/>\n<meta name=\"robots\" content=\"index, follow, max-snippet:-1, max-image-preview:large, max-video-preview:-1\" \/>\n<link rel=\"canonical\" href=\"https:\/\/c-profil.se\/english\/product\/emc-cable-clamp-sklmskl\/\" \/>\n<meta property=\"og:locale\" content=\"en_US\" \/>\n<meta property=\"og:type\" content=\"article\" \/>\n<meta property=\"og:title\" content=\"EMC-Sk\u00e4rmkl\u00e4mma | SKL\/MSKL - C-Pro\" \/>\n<meta property=\"og:description\" content=\"EMC-Sk\u00e4rmkl\u00e4mma | SKL\/MSKL anv\u00e4nds \u00f6verallt d\u00e4r sk\u00e4rmen av enstaka ledningar m\u00e5ste f\u00f6rbindas med masspotentialen. De m\u00f6jligg\u00f6r en s\u00e4ker och enkel sk\u00e4rmning av kablar. SKL|MSKL-sk\u00e4rmkl\u00e4mmorna k\u00e4nnetecknas av ett mycket stort kontaktomr\u00e5de med kabelsk\u00e4rmen. J\u00e4mf\u00f6rt med vanliga sk\u00e4rmkl\u00e4mmor har de \u00f6ver upp till 50% mer kontaktyta. Det angivna kl\u00e4momr\u00e5det kan \u00f6verskridas med upp till 10% beroende p\u00e5 kabelegenskaperna. P\u00e5 grund av sin speciella geometri \u00e4r kl\u00e4mytorna p\u00e5 MSKL mycket stora, den totala bredden och h\u00f6jden \u00e4r relativt liten (t.ex. MSKL 3-12 med insatt 12 mm kabelsk\u00e4rm: bredd 26,25 mm). Monteringen genomf\u00f6rs genom nitning.  F\u00f6rdelar   Stor kontaktyta  Skyddskontakt och avlastning avskild  Fj\u00e4der designen kr\u00e4ver inga justeringar och kommer att permanent h\u00e5lla kontakt med kabelsk\u00e4rmen  Smal, l\u00e5g konstruktion, ocks\u00e5 vid full bestyckning  MSKL: stort kl\u00e4mmomr\u00e5de, p\u00e5 grund av detta \u00e4r mindre olika utf\u00f6ringar n\u00f6diga  St\u00f6t- och vibrationst\u00e5lig, underh\u00e5llsfri\" \/>\n<meta property=\"og:url\" content=\"https:\/\/c-profil.se\/english\/product\/emc-cable-clamp-sklmskl\/\" \/>\n<meta property=\"og:site_name\" content=\"C-Pro\" \/>\n<meta property=\"article:publisher\" content=\"https:\/\/www.facebook.com\/people\/C-Pro\/61561767306874\/\" \/>\n<meta property=\"article:modified_time\" content=\"2026-04-23T07:43:15+00:00\" \/>\n<meta property=\"og:image\" content=\"https:\/\/c-profil.se\/wp-content\/uploads\/2021\/03\/EMC-Skarmklamma-SKLMSKL.jpg\" \/>\n\t<meta property=\"og:image:width\" content=\"1000\" \/>\n\t<meta property=\"og:image:height\" content=\"1000\" \/>\n\t<meta property=\"og:image:type\" content=\"image\/jpeg\" \/>\n<meta name=\"twitter:card\" content=\"summary_large_image\" \/>\n<meta name=\"twitter:label1\" content=\"Price\" \/>\n\t<meta name=\"twitter:data1\" content=\"\" \/>\n\t<meta name=\"twitter:label2\" content=\"Availability\" \/>\n\t<meta name=\"twitter:data2\" content=\"In stock\" \/>\n<script type=\"application\/ld+json\" class=\"yoast-schema-graph\">{\"@context\":\"https:\\\/\\\/schema.org\",\"@graph\":[{\"@type\":\"WebPage\",\"@id\":\"https:\\\/\\\/c-profil.se\\\/produkt\\\/emc-skarmklamma-sklmskl\\\/\",\"url\":\"https:\\\/\\\/c-profil.se\\\/produkt\\\/emc-skarmklamma-sklmskl\\\/\",\"name\":\"EMC-Sk\u00e4rmkl\u00e4mma | SKL\\\/MSKL - C-Pro\",\"isPartOf\":{\"@id\":\"https:\\\/\\\/c-profil.se\\\/#website\"},\"primaryImageOfPage\":{\"@id\":\"https:\\\/\\\/c-profil.se\\\/produkt\\\/emc-skarmklamma-sklmskl\\\/#primaryimage\"},\"image\":{\"@id\":\"https:\\\/\\\/c-profil.se\\\/produkt\\\/emc-skarmklamma-sklmskl\\\/#primaryimage\"},\"thumbnailUrl\":\"https:\\\/\\\/c-profil.se\\\/wp-content\\\/uploads\\\/2021\\\/03\\\/EMC-Skarmklamma-SKLMSKL.jpg\",\"datePublished\":\"2021-03-31T11:35:00+00:00\",\"dateModified\":\"2026-04-23T07:43:15+00:00\",\"description\":\"EMC-Sk\u00e4rmkl\u00e4mma | SKL\\\/MSKL anv\u00e4nds \u00f6verallt d\u00e4r sk\u00e4rmen av enstaka ledningar m\u00e5ste f\u00f6rbindas med masspotentialen. L\u00e4s Mer!\",\"breadcrumb\":{\"@id\":\"https:\\\/\\\/c-profil.se\\\/produkt\\\/emc-skarmklamma-sklmskl\\\/#breadcrumb\"},\"inLanguage\":\"en\",\"potentialAction\":[{\"@type\":\"ReadAction\",\"target\":[\"https:\\\/\\\/c-profil.se\\\/produkt\\\/emc-skarmklamma-sklmskl\\\/\"]}]},{\"@type\":\"ImageObject\",\"inLanguage\":\"en\",\"@id\":\"https:\\\/\\\/c-profil.se\\\/produkt\\\/emc-skarmklamma-sklmskl\\\/#primaryimage\",\"url\":\"https:\\\/\\\/c-profil.se\\\/wp-content\\\/uploads\\\/2021\\\/03\\\/EMC-Skarmklamma-SKLMSKL.jpg\",\"contentUrl\":\"https:\\\/\\\/c-profil.se\\\/wp-content\\\/uploads\\\/2021\\\/03\\\/EMC-Skarmklamma-SKLMSKL.jpg\",\"width\":1000,\"height\":1000,\"caption\":\"EMC-Sk\u00e4rmkl\u00e4mma SKLMSKL\"},{\"@type\":\"BreadcrumbList\",\"@id\":\"https:\\\/\\\/c-profil.se\\\/produkt\\\/emc-skarmklamma-sklmskl\\\/#breadcrumb\",\"itemListElement\":[{\"@type\":\"ListItem\",\"position\":1,\"name\":\"Hem\",\"item\":\"https:\\\/\\\/c-profil.se\\\/\"},{\"@type\":\"ListItem\",\"position\":2,\"name\":\"Produkter\",\"item\":\"https:\\\/\\\/c-profil.se\\\/produkter\\\/\"},{\"@type\":\"ListItem\",\"position\":3,\"name\":\"Sk\u00e4rmkl\u00e4mmor\",\"item\":\"https:\\\/\\\/c-profil.se\\\/produkt-kategori\\\/skarmklammor\\\/\"},{\"@type\":\"ListItem\",\"position\":4,\"name\":\"EMC-Sk\u00e4rmkl\u00e4mma | SKL\\\/MSKL\"}]},{\"@type\":\"WebSite\",\"@id\":\"https:\\\/\\\/c-profil.se\\\/#website\",\"url\":\"https:\\\/\\\/c-profil.se\\\/\",\"name\":\"C-Pro\",\"description\":\"Produkter f\u00f6r El och Automation\",\"publisher\":{\"@id\":\"https:\\\/\\\/c-profil.se\\\/#organization\"},\"potentialAction\":[{\"@type\":\"SearchAction\",\"target\":{\"@type\":\"EntryPoint\",\"urlTemplate\":\"https:\\\/\\\/c-profil.se\\\/?s={search_term_string}\"},\"query-input\":{\"@type\":\"PropertyValueSpecification\",\"valueRequired\":true,\"valueName\":\"search_term_string\"}}],\"inLanguage\":\"en\"},{\"@type\":\"Organization\",\"@id\":\"https:\\\/\\\/c-profil.se\\\/#organization\",\"name\":\"C-Pro\",\"alternateName\":\"C-PRO\",\"url\":\"https:\\\/\\\/c-profil.se\\\/\",\"logo\":{\"@type\":\"ImageObject\",\"inLanguage\":\"en\",\"@id\":\"https:\\\/\\\/c-profil.se\\\/#\\\/schema\\\/logo\\\/image\\\/\",\"url\":\"https:\\\/\\\/c-profil.se\\\/wp-content\\\/uploads\\\/2022\\\/03\\\/c-pro-logga-liggande-500x500-1.png\",\"contentUrl\":\"https:\\\/\\\/c-profil.se\\\/wp-content\\\/uploads\\\/2022\\\/03\\\/c-pro-logga-liggande-500x500-1.png\",\"width\":500,\"height\":500,\"caption\":\"C-Pro\"},\"image\":{\"@id\":\"https:\\\/\\\/c-profil.se\\\/#\\\/schema\\\/logo\\\/image\\\/\"},\"sameAs\":[\"https:\\\/\\\/www.facebook.com\\\/people\\\/C-Pro\\\/61561767306874\\\/\",\"https:\\\/\\\/www.linkedin.com\\\/company\\\/c-pro-ab\",\"https:\\\/\\\/www.instagram.com\\\/cpro.ab\\\/\"],\"description\":\"C-PRO AB \u00e4r en helt\u00e4ckande leverant\u00f6r av material f\u00f6r applikationer inom el och automation. \u00c4nda sedan starten 1987 har vi f\u00f6rsett den svenska tillverkande industrin med elmaterial. Trots v\u00e5r storlek och ledande position har vi aldrig \u00f6vergett v\u00e5r grundfilosofi, att vara en personlig leverant\u00f6r. Vi p\u00e5 C-PRO \u00e4r l\u00e4tta att komma i kontakt med, \u00e4rliga och brinner f\u00f6r att l\u00f6sa v\u00e5ra kunders problem.\",\"email\":\"info@c-profil.se\",\"telephone\":\"031575785\",\"legalName\":\"C-Profil F\u00f6rl\u00e4ggningsmaterial AB\",\"foundingDate\":\"1987-01-01\"}]}<\/script>\n<meta property=\"product:brand\" content=\"emc\" \/>\n<meta property=\"product:price:currency\" content=\"SEK\" \/>\n<meta property=\"og:availability\" content=\"instock\" \/>\n<meta property=\"product:availability\" content=\"instock\" \/>\n<meta property=\"product:retailer_item_id\" content=\"SKL\/MSKL\" \/>\n<meta property=\"product:condition\" content=\"new\" \/>\n<!-- \/ Yoast SEO Premium plugin. -->","yoast_head_json":{"title":"EMC Shield Clamp | SKL\/MSKL - C-Pro","description":"EMC Shield Clamp | SKL\/MSKL is used wherever the shield of individual cables must be connected to the ground potential. Read More!","robots":{"index":"index","follow":"follow","max-snippet":"max-snippet:-1","max-image-preview":"max-image-preview:large","max-video-preview":"max-video-preview:-1"},"canonical":"https:\/\/c-profil.se\/english\/product\/emc-cable-clamp-sklmskl\/","og_locale":"en_US","og_type":"article","og_title":"EMC-Sk\u00e4rmkl\u00e4mma | SKL\/MSKL - C-Pro","og_description":"EMC-Sk\u00e4rmkl\u00e4mma | SKL\/MSKL anv\u00e4nds \u00f6verallt d\u00e4r sk\u00e4rmen av enstaka ledningar m\u00e5ste f\u00f6rbindas med masspotentialen. De m\u00f6jligg\u00f6r en s\u00e4ker och enkel sk\u00e4rmning av kablar. SKL|MSKL-sk\u00e4rmkl\u00e4mmorna k\u00e4nnetecknas av ett mycket stort kontaktomr\u00e5de med kabelsk\u00e4rmen. J\u00e4mf\u00f6rt med vanliga sk\u00e4rmkl\u00e4mmor har de \u00f6ver upp till 50% mer kontaktyta. Det angivna kl\u00e4momr\u00e5det kan \u00f6verskridas med upp till 10% beroende p\u00e5 kabelegenskaperna. P\u00e5 grund av sin speciella geometri \u00e4r kl\u00e4mytorna p\u00e5 MSKL mycket stora, den totala bredden och h\u00f6jden \u00e4r relativt liten (t.ex. MSKL 3-12 med insatt 12 mm kabelsk\u00e4rm: bredd 26,25 mm). Monteringen genomf\u00f6rs genom nitning.  F\u00f6rdelar   Stor kontaktyta  Skyddskontakt och avlastning avskild  Fj\u00e4der designen kr\u00e4ver inga justeringar och kommer att permanent h\u00e5lla kontakt med kabelsk\u00e4rmen  Smal, l\u00e5g konstruktion, ocks\u00e5 vid full bestyckning  MSKL: stort kl\u00e4mmomr\u00e5de, p\u00e5 grund av detta \u00e4r mindre olika utf\u00f6ringar n\u00f6diga  St\u00f6t- och vibrationst\u00e5lig, underh\u00e5llsfri","og_url":"https:\/\/c-profil.se\/english\/product\/emc-cable-clamp-sklmskl\/","og_site_name":"C-Pro","article_publisher":"https:\/\/www.facebook.com\/people\/C-Pro\/61561767306874\/","article_modified_time":"2026-04-23T07:43:15+00:00","og_image":[{"width":1000,"height":1000,"url":"https:\/\/c-profil.se\/wp-content\/uploads\/2021\/03\/EMC-Skarmklamma-SKLMSKL.jpg","type":"image\/jpeg"}],"twitter_card":"summary_large_image","twitter_misc":{"Price":"","Availability":"In stock"},"schema":{"@context":"https:\/\/schema.org","@graph":[{"@type":"WebPage","@id":"https:\/\/c-profil.se\/produkt\/emc-skarmklamma-sklmskl\/","url":"https:\/\/c-profil.se\/produkt\/emc-skarmklamma-sklmskl\/","name":"EMC Shield Clamp | SKL\/MSKL - C-Pro","isPartOf":{"@id":"https:\/\/c-profil.se\/#website"},"primaryImageOfPage":{"@id":"https:\/\/c-profil.se\/produkt\/emc-skarmklamma-sklmskl\/#primaryimage"},"image":{"@id":"https:\/\/c-profil.se\/produkt\/emc-skarmklamma-sklmskl\/#primaryimage"},"thumbnailUrl":"https:\/\/c-profil.se\/wp-content\/uploads\/2021\/03\/EMC-Skarmklamma-SKLMSKL.jpg","datePublished":"2021-03-31T11:35:00+00:00","dateModified":"2026-04-23T07:43:15+00:00","description":"EMC Shield Clamp | SKL\/MSKL is used wherever the shield of individual cables must be connected to the ground potential. Read More!","breadcrumb":{"@id":"https:\/\/c-profil.se\/produkt\/emc-skarmklamma-sklmskl\/#breadcrumb"},"inLanguage":"en","potentialAction":[{"@type":"ReadAction","target":["https:\/\/c-profil.se\/produkt\/emc-skarmklamma-sklmskl\/"]}]},{"@type":"ImageObject","inLanguage":"en","@id":"https:\/\/c-profil.se\/produkt\/emc-skarmklamma-sklmskl\/#primaryimage","url":"https:\/\/c-profil.se\/wp-content\/uploads\/2021\/03\/EMC-Skarmklamma-SKLMSKL.jpg","contentUrl":"https:\/\/c-profil.se\/wp-content\/uploads\/2021\/03\/EMC-Skarmklamma-SKLMSKL.jpg","width":1000,"height":1000,"caption":"EMC-Sk\u00e4rmkl\u00e4mma SKLMSKL"},{"@type":"BreadcrumbList","@id":"https:\/\/c-profil.se\/produkt\/emc-skarmklamma-sklmskl\/#breadcrumb","itemListElement":[{"@type":"ListItem","position":1,"name":"Hem","item":"https:\/\/c-profil.se\/"},{"@type":"ListItem","position":2,"name":"Produkter","item":"https:\/\/c-profil.se\/produkter\/"},{"@type":"ListItem","position":3,"name":"Sk\u00e4rmkl\u00e4mmor","item":"https:\/\/c-profil.se\/produkt-kategori\/skarmklammor\/"},{"@type":"ListItem","position":4,"name":"EMC-Sk\u00e4rmkl\u00e4mma | SKL\/MSKL"}]},{"@type":"WebSite","@id":"https:\/\/c-profil.se\/#website","url":"https:\/\/c-profil.se\/","name":"C-Pro","description":"Products for Electricity and Automation","publisher":{"@id":"https:\/\/c-profil.se\/#organization"},"potentialAction":[{"@type":"SearchAction","target":{"@type":"EntryPoint","urlTemplate":"https:\/\/c-profil.se\/?s={search_term_string}"},"query-input":{"@type":"PropertyValueSpecification","valueRequired":true,"valueName":"search_term_string"}}],"inLanguage":"en"},{"@type":"Organization","@id":"https:\/\/c-profil.se\/#organization","name":"C-Pro","alternateName":"C-PRO","url":"https:\/\/c-profil.se\/","logo":{"@type":"ImageObject","inLanguage":"en","@id":"https:\/\/c-profil.se\/#\/schema\/logo\/image\/","url":"https:\/\/c-profil.se\/wp-content\/uploads\/2022\/03\/c-pro-logga-liggande-500x500-1.png","contentUrl":"https:\/\/c-profil.se\/wp-content\/uploads\/2022\/03\/c-pro-logga-liggande-500x500-1.png","width":500,"height":500,"caption":"C-Pro"},"image":{"@id":"https:\/\/c-profil.se\/#\/schema\/logo\/image\/"},"sameAs":["https:\/\/www.facebook.com\/people\/C-Pro\/61561767306874\/","https:\/\/www.linkedin.com\/company\/c-pro-ab","https:\/\/www.instagram.com\/cpro.ab\/"],"description":"C-PRO AB is a comprehensive supplier of materials for applications in electricity and automation. Ever since the start in 1987, we have supplied the Swedish manufacturing industry with electrical materials. Despite our size and leading position, we have never abandoned our basic philosophy, to be a personal supplier. We at C-PRO are easy to get in touch with, honest and passionate about solving our customers&#039; problems.","email":"info@c-profil.se","telephone":"031575785","legalName":"C-Profil F\u00f6rl\u00e4ggningsmaterial AB","foundingDate":"1987-01-01"}]},"product_brand":"emc","product_price_currency":"SEK","og_availability":"instock","product_availability":"instock","product_retailer_item_id":"SKL\/MSKL","product_condition":"new"},"_links":{"self":[{"href":"https:\/\/c-profil.se\/english\/wp-json\/wp\/v2\/product\/26750","targetHints":{"allow":["GET"]}}],"collection":[{"href":"https:\/\/c-profil.se\/english\/wp-json\/wp\/v2\/product"}],"about":[{"href":"https:\/\/c-profil.se\/english\/wp-json\/wp\/v2\/types\/product"}],"version-history":[{"count":15,"href":"https:\/\/c-profil.se\/english\/wp-json\/wp\/v2\/product\/26750\/revisions"}],"predecessor-version":[{"id":75159,"href":"https:\/\/c-profil.se\/english\/wp-json\/wp\/v2\/product\/26750\/revisions\/75159"}],"wp:featuredmedia":[{"embeddable":true,"href":"https:\/\/c-profil.se\/english\/wp-json\/wp\/v2\/media\/50789"}],"wp:attachment":[{"href":"https:\/\/c-profil.se\/english\/wp-json\/wp\/v2\/media?parent=26750"}],"wp:term":[{"taxonomy":"product_brand","embeddable":true,"href":"https:\/\/c-profil.se\/english\/wp-json\/wp\/v2\/product_brand?post=26750"},{"taxonomy":"product_cat","embeddable":true,"href":"https:\/\/c-profil.se\/english\/wp-json\/wp\/v2\/product_cat?post=26750"},{"taxonomy":"product_tag","embeddable":true,"href":"https:\/\/c-profil.se\/english\/wp-json\/wp\/v2\/product_tag?post=26750"}],"curies":[{"name":"wp","href":"https:\/\/api.w.org\/{rel}","templated":true}]}}