{"id":26159,"date":"2021-02-19T12:52:00","date_gmt":"2021-02-19T11:52:00","guid":{"rendered":"https:\/\/c-profil.se\/?post_type=product&#038;p=26159"},"modified":"2026-03-19T15:10:03","modified_gmt":"2026-03-19T14:10:03","slug":"split-90-flange-house-kel-fg","status":"publish","type":"product","link":"https:\/\/c-profil.se\/english\/produkt\/kabelgenomforingskapsling-90-kel-fg\/","title":{"rendered":"Cable gland 90\u00b0 | KEL-FG"},"content":{"rendered":"<p><strong>KEL-FG is a cable gland for 90\u00b0 installation in industrial applications<\/strong>, designed for sealing and strain relief of cables with connectors or wires.<br \/>\nThe enclosure protects cables at the entrance and enables safe installation in tight spaces.<\/p>","protected":false},"excerpt":{"rendered":"<p class=\"ai-optimize-31\">The KEL-FG cable gland is suitable for sealing, strain relief and installation of cables with connectors and wires at a 90\u00b0 angle to machine walls, enclosures or cabinets.<\/p>\n<p class=\"ai-optimize-32\"><strong>KEL-FG-A frame<\/strong> has exactly the right hole size for 24-pin standard industrial connectors. The KEL-FG-B frame has the exact hole size of 36x46mm.<\/p>\n<p class=\"ai-optimize-33\"><strong>KEL-FG-E version<\/strong> Especially suitable for flat contacts. The small frame can be used perfectly in limited space.<\/p>\n<ul>\n<li class=\"ai-optimize-34\">The shipment includes a flat rubber gasket<\/li>\n<\/ul>\n<p class=\"ai-optimize-36\"><strong>Advantages:<\/strong><\/p>\n<ul>\n<li class=\"ai-optimize-37\">Installation 90\u00b0 from wall<\/li>\n<li class=\"ai-optimize-38\">Mechanical protection for cables directly at the entrance<\/li>\n<li class=\"ai-optimize-39\">Warranties on pre-connected cables are maintained<\/li>\n<li class=\"ai-optimize-40\">Strain relief according to EN 62444<\/li>\n<li class=\"ai-optimize-41\">High stability, vibration resistant<\/li>\n<\/ul>","protected":false},"featured_media":51116,"template":"","meta":{"_acf_changed":false},"product_brand":[740],"product_cat":[305],"product_tag":[953,992,938,990,1005,939],"class_list":{"0":"post-26159","1":"product","2":"type-product","3":"status-publish","4":"has-post-thumbnail","6":"product_brand-icotek","7":"product_cat-kabelgenomforingssystem-for-kablar-med-kontakt","8":"product_tag-eftermontering","9":"product_tag-kabelgenomforing","10":"product_tag-kabelinforing","11":"product_tag-kapsling","12":"product_tag-platbearbetning","13":"product_tag-tatning","15":"first","16":"instock","17":"shipping-taxable","18":"product-type-simple"},"acf":[],"yoast_head":"<!-- This site is optimized with the Yoast SEO Premium plugin v27.5 (Yoast SEO v27.5) - https:\/\/yoast.com\/product\/yoast-seo-premium-wordpress\/ -->\n<title>Kabelgenomf\u00f6ringskapsling 90\u00b0 | KEL-FG - C-Pro<\/title>\n<meta name=\"description\" content=\"Kabelgenomf\u00f6ringskapsling 90\u00b0 \/ KEL-FG \u00e4r l\u00e4mpade f\u00f6r installation, t\u00e4tning och dragavlastning av kablar med kontakter och ledningar i 90 \u00b0 vinkel. L\u00e4s Mer!\" \/>\n<meta name=\"robots\" content=\"index, follow, max-snippet:-1, max-image-preview:large, max-video-preview:-1\" \/>\n<link rel=\"canonical\" href=\"https:\/\/c-profil.se\/english\/product\/split-90-flange-house-kel-fg\/\" \/>\n<meta property=\"og:locale\" content=\"en_US\" \/>\n<meta property=\"og:type\" content=\"article\" \/>\n<meta property=\"og:title\" content=\"Kabelgenomf\u00f6ringskapsling 90\u00b0 | KEL-FG - C-Pro\" \/>\n<meta property=\"og:description\" content=\"Kabelgenomf\u00f6ringskapslingen KEL-FG egnar sig f\u00f6r t\u00e4tning, dragavlastning och installation av kablar med kontakter och ledningar i 90 \u00b0 vinkel mot maskinv\u00e4ggar, inneslutningar eller sk\u00e5p. KEL-FG-A-ramen f\u00f6rfogar \u00f6ver exakt den passande h\u00e5ltagningsdimensionen f\u00f6r 24-pin standard industriella kontakter. KEL-FG-B-ramen f\u00f6rfogar \u00f6ver exakta h\u00e5ltagningsm\u00e5ttet 36x46mm. KEL-FG-E-versionen egnar sig speciellt f\u00f6r platta kontakter. Den lilla ramen kan anv\u00e4ndas perfekt i begr\u00e4nsat utrymme.    S\u00e4ndningen inneh\u00e5ller en platt gummipackning  F\u00f6rdelar:    Installation 90\u00b0 fr\u00e5n v\u00e4gg  Mekaniskt skydd f\u00f6r kablar direkt vid ing\u00e5ngen  Garantier p\u00e5 f\u00f6rkontakterade kablar bibeh\u00e5lles  Dragavlastning enligt EN 62444  H\u00f6g stabilitet, vibrationst\u00e5lig\" \/>\n<meta property=\"og:url\" content=\"https:\/\/c-profil.se\/english\/product\/split-90-flange-house-kel-fg\/\" \/>\n<meta property=\"og:site_name\" content=\"C-Pro\" \/>\n<meta property=\"article:publisher\" content=\"https:\/\/www.facebook.com\/people\/C-Pro\/61561767306874\/\" \/>\n<meta property=\"article:modified_time\" content=\"2026-03-19T14:10:03+00:00\" \/>\n<meta property=\"og:image\" content=\"https:\/\/c-profil.se\/wp-content\/uploads\/2021\/02\/Kabelgenomforingskapsling-90-KEL-FG.jpg\" \/>\n\t<meta property=\"og:image:width\" content=\"1000\" \/>\n\t<meta property=\"og:image:height\" content=\"1000\" \/>\n\t<meta property=\"og:image:type\" content=\"image\/jpeg\" \/>\n<meta name=\"twitter:card\" content=\"summary_large_image\" \/>\n<meta name=\"twitter:label1\" content=\"Price\" \/>\n\t<meta name=\"twitter:data1\" content=\"\" \/>\n\t<meta name=\"twitter:label2\" content=\"Availability\" \/>\n\t<meta name=\"twitter:data2\" content=\"In stock\" \/>\n<script type=\"application\/ld+json\" class=\"yoast-schema-graph\">{\"@context\":\"https:\\\/\\\/schema.org\",\"@graph\":[{\"@type\":\"WebPage\",\"@id\":\"https:\\\/\\\/c-profil.se\\\/produkt\\\/kabelgenomforingskapsling-90-kel-fg\\\/\",\"url\":\"https:\\\/\\\/c-profil.se\\\/produkt\\\/kabelgenomforingskapsling-90-kel-fg\\\/\",\"name\":\"Kabelgenomf\u00f6ringskapsling 90\u00b0 | KEL-FG - C-Pro\",\"isPartOf\":{\"@id\":\"https:\\\/\\\/c-profil.se\\\/#website\"},\"primaryImageOfPage\":{\"@id\":\"https:\\\/\\\/c-profil.se\\\/produkt\\\/kabelgenomforingskapsling-90-kel-fg\\\/#primaryimage\"},\"image\":{\"@id\":\"https:\\\/\\\/c-profil.se\\\/produkt\\\/kabelgenomforingskapsling-90-kel-fg\\\/#primaryimage\"},\"thumbnailUrl\":\"https:\\\/\\\/c-profil.se\\\/wp-content\\\/uploads\\\/2021\\\/02\\\/Kabelgenomforingskapsling-90-KEL-FG.jpg\",\"datePublished\":\"2021-02-19T11:52:00+00:00\",\"dateModified\":\"2026-03-19T14:10:03+00:00\",\"description\":\"Kabelgenomf\u00f6ringskapsling 90\u00b0 \\\/ KEL-FG \u00e4r l\u00e4mpade f\u00f6r installation, t\u00e4tning och dragavlastning av kablar med kontakter och ledningar i 90 \u00b0 vinkel. L\u00e4s Mer!\",\"breadcrumb\":{\"@id\":\"https:\\\/\\\/c-profil.se\\\/produkt\\\/kabelgenomforingskapsling-90-kel-fg\\\/#breadcrumb\"},\"inLanguage\":\"en\",\"potentialAction\":[{\"@type\":\"ReadAction\",\"target\":[\"https:\\\/\\\/c-profil.se\\\/produkt\\\/kabelgenomforingskapsling-90-kel-fg\\\/\"]}]},{\"@type\":\"ImageObject\",\"inLanguage\":\"en\",\"@id\":\"https:\\\/\\\/c-profil.se\\\/produkt\\\/kabelgenomforingskapsling-90-kel-fg\\\/#primaryimage\",\"url\":\"https:\\\/\\\/c-profil.se\\\/wp-content\\\/uploads\\\/2021\\\/02\\\/Kabelgenomforingskapsling-90-KEL-FG.jpg\",\"contentUrl\":\"https:\\\/\\\/c-profil.se\\\/wp-content\\\/uploads\\\/2021\\\/02\\\/Kabelgenomforingskapsling-90-KEL-FG.jpg\",\"width\":1000,\"height\":1000,\"caption\":\"Kabelgenomf\u00f6ringskapsling 90 KEL-FG\"},{\"@type\":\"BreadcrumbList\",\"@id\":\"https:\\\/\\\/c-profil.se\\\/produkt\\\/kabelgenomforingskapsling-90-kel-fg\\\/#breadcrumb\",\"itemListElement\":[{\"@type\":\"ListItem\",\"position\":1,\"name\":\"Hem\",\"item\":\"https:\\\/\\\/c-profil.se\\\/\"},{\"@type\":\"ListItem\",\"position\":2,\"name\":\"Produkter\",\"item\":\"https:\\\/\\\/c-profil.se\\\/produkter\\\/\"},{\"@type\":\"ListItem\",\"position\":3,\"name\":\"Kabelgenomf\u00f6ringssystem f\u00f6r kablar med kontakt\",\"item\":\"https:\\\/\\\/c-profil.se\\\/produkt-kategori\\\/kabelgenomforingssystem-for-kablar-med-kontakt\\\/\"},{\"@type\":\"ListItem\",\"position\":4,\"name\":\"Kabelgenomf\u00f6ringskapsling 90\u00b0 | KEL-FG\"}]},{\"@type\":\"WebSite\",\"@id\":\"https:\\\/\\\/c-profil.se\\\/#website\",\"url\":\"https:\\\/\\\/c-profil.se\\\/\",\"name\":\"C-Pro\",\"description\":\"Produkter f\u00f6r El och Automation\",\"publisher\":{\"@id\":\"https:\\\/\\\/c-profil.se\\\/#organization\"},\"potentialAction\":[{\"@type\":\"SearchAction\",\"target\":{\"@type\":\"EntryPoint\",\"urlTemplate\":\"https:\\\/\\\/c-profil.se\\\/?s={search_term_string}\"},\"query-input\":{\"@type\":\"PropertyValueSpecification\",\"valueRequired\":true,\"valueName\":\"search_term_string\"}}],\"inLanguage\":\"en\"},{\"@type\":\"Organization\",\"@id\":\"https:\\\/\\\/c-profil.se\\\/#organization\",\"name\":\"C-Pro\",\"alternateName\":\"C-PRO\",\"url\":\"https:\\\/\\\/c-profil.se\\\/\",\"logo\":{\"@type\":\"ImageObject\",\"inLanguage\":\"en\",\"@id\":\"https:\\\/\\\/c-profil.se\\\/#\\\/schema\\\/logo\\\/image\\\/\",\"url\":\"https:\\\/\\\/c-profil.se\\\/wp-content\\\/uploads\\\/2022\\\/03\\\/c-pro-logga-liggande-500x500-1.png\",\"contentUrl\":\"https:\\\/\\\/c-profil.se\\\/wp-content\\\/uploads\\\/2022\\\/03\\\/c-pro-logga-liggande-500x500-1.png\",\"width\":500,\"height\":500,\"caption\":\"C-Pro\"},\"image\":{\"@id\":\"https:\\\/\\\/c-profil.se\\\/#\\\/schema\\\/logo\\\/image\\\/\"},\"sameAs\":[\"https:\\\/\\\/www.facebook.com\\\/people\\\/C-Pro\\\/61561767306874\\\/\",\"https:\\\/\\\/www.linkedin.com\\\/company\\\/c-pro-ab\",\"https:\\\/\\\/www.instagram.com\\\/cpro.ab\\\/\"],\"description\":\"C-PRO AB \u00e4r en helt\u00e4ckande leverant\u00f6r av material f\u00f6r applikationer inom el och automation. \u00c4nda sedan starten 1987 har vi f\u00f6rsett den svenska tillverkande industrin med elmaterial. Trots v\u00e5r storlek och ledande position har vi aldrig \u00f6vergett v\u00e5r grundfilosofi, att vara en personlig leverant\u00f6r. Vi p\u00e5 C-PRO \u00e4r l\u00e4tta att komma i kontakt med, \u00e4rliga och brinner f\u00f6r att l\u00f6sa v\u00e5ra kunders problem.\",\"email\":\"info@c-profil.se\",\"telephone\":\"031575785\",\"legalName\":\"C-Profil F\u00f6rl\u00e4ggningsmaterial AB\",\"foundingDate\":\"1987-01-01\"}]}<\/script>\n<meta property=\"product:brand\" content=\"eftermontering\" \/>\n<meta property=\"product:price:currency\" content=\"SEK\" \/>\n<meta property=\"og:availability\" content=\"instock\" \/>\n<meta property=\"product:availability\" content=\"instock\" \/>\n<meta property=\"product:retailer_item_id\" content=\"KEL-FG\" \/>\n<meta property=\"product:condition\" content=\"new\" \/>\n<!-- \/ Yoast SEO Premium plugin. -->","yoast_head_json":{"title":"Cable gland 90\u00b0 | KEL-FG - C-Pro","description":"Split flange enclosure 90\u00b0 \/ KEL-FG are suitable for installation, sealing and strain relief of cables with connectors and wires at a 90 \u00b0 angle. Read more!","robots":{"index":"index","follow":"follow","max-snippet":"max-snippet:-1","max-image-preview":"max-image-preview:large","max-video-preview":"max-video-preview:-1"},"canonical":"https:\/\/c-profil.se\/english\/product\/split-90-flange-house-kel-fg\/","og_locale":"en_US","og_type":"article","og_title":"Kabelgenomf\u00f6ringskapsling 90\u00b0 | KEL-FG - C-Pro","og_description":"Kabelgenomf\u00f6ringskapslingen KEL-FG egnar sig f\u00f6r t\u00e4tning, dragavlastning och installation av kablar med kontakter och ledningar i 90 \u00b0 vinkel mot maskinv\u00e4ggar, inneslutningar eller sk\u00e5p. KEL-FG-A-ramen f\u00f6rfogar \u00f6ver exakt den passande h\u00e5ltagningsdimensionen f\u00f6r 24-pin standard industriella kontakter. KEL-FG-B-ramen f\u00f6rfogar \u00f6ver exakta h\u00e5ltagningsm\u00e5ttet 36x46mm. KEL-FG-E-versionen egnar sig speciellt f\u00f6r platta kontakter. Den lilla ramen kan anv\u00e4ndas perfekt i begr\u00e4nsat utrymme.    S\u00e4ndningen inneh\u00e5ller en platt gummipackning  F\u00f6rdelar:    Installation 90\u00b0 fr\u00e5n v\u00e4gg  Mekaniskt skydd f\u00f6r kablar direkt vid ing\u00e5ngen  Garantier p\u00e5 f\u00f6rkontakterade kablar bibeh\u00e5lles  Dragavlastning enligt EN 62444  H\u00f6g stabilitet, vibrationst\u00e5lig","og_url":"https:\/\/c-profil.se\/english\/product\/split-90-flange-house-kel-fg\/","og_site_name":"C-Pro","article_publisher":"https:\/\/www.facebook.com\/people\/C-Pro\/61561767306874\/","article_modified_time":"2026-03-19T14:10:03+00:00","og_image":[{"width":1000,"height":1000,"url":"https:\/\/c-profil.se\/wp-content\/uploads\/2021\/02\/Kabelgenomforingskapsling-90-KEL-FG.jpg","type":"image\/jpeg"}],"twitter_card":"summary_large_image","twitter_misc":{"Price":"","Availability":"In stock"},"schema":{"@context":"https:\/\/schema.org","@graph":[{"@type":"WebPage","@id":"https:\/\/c-profil.se\/produkt\/kabelgenomforingskapsling-90-kel-fg\/","url":"https:\/\/c-profil.se\/produkt\/kabelgenomforingskapsling-90-kel-fg\/","name":"Cable gland 90\u00b0 | KEL-FG - C-Pro","isPartOf":{"@id":"https:\/\/c-profil.se\/#website"},"primaryImageOfPage":{"@id":"https:\/\/c-profil.se\/produkt\/kabelgenomforingskapsling-90-kel-fg\/#primaryimage"},"image":{"@id":"https:\/\/c-profil.se\/produkt\/kabelgenomforingskapsling-90-kel-fg\/#primaryimage"},"thumbnailUrl":"https:\/\/c-profil.se\/wp-content\/uploads\/2021\/02\/Kabelgenomforingskapsling-90-KEL-FG.jpg","datePublished":"2021-02-19T11:52:00+00:00","dateModified":"2026-03-19T14:10:03+00:00","description":"Split flange enclosure 90\u00b0 \/ KEL-FG are suitable for installation, sealing and strain relief of cables with connectors and wires at a 90 \u00b0 angle. Read more!","breadcrumb":{"@id":"https:\/\/c-profil.se\/produkt\/kabelgenomforingskapsling-90-kel-fg\/#breadcrumb"},"inLanguage":"en","potentialAction":[{"@type":"ReadAction","target":["https:\/\/c-profil.se\/produkt\/kabelgenomforingskapsling-90-kel-fg\/"]}]},{"@type":"ImageObject","inLanguage":"en","@id":"https:\/\/c-profil.se\/produkt\/kabelgenomforingskapsling-90-kel-fg\/#primaryimage","url":"https:\/\/c-profil.se\/wp-content\/uploads\/2021\/02\/Kabelgenomforingskapsling-90-KEL-FG.jpg","contentUrl":"https:\/\/c-profil.se\/wp-content\/uploads\/2021\/02\/Kabelgenomforingskapsling-90-KEL-FG.jpg","width":1000,"height":1000,"caption":"Kabelgenomf\u00f6ringskapsling 90 KEL-FG"},{"@type":"BreadcrumbList","@id":"https:\/\/c-profil.se\/produkt\/kabelgenomforingskapsling-90-kel-fg\/#breadcrumb","itemListElement":[{"@type":"ListItem","position":1,"name":"Hem","item":"https:\/\/c-profil.se\/"},{"@type":"ListItem","position":2,"name":"Produkter","item":"https:\/\/c-profil.se\/produkter\/"},{"@type":"ListItem","position":3,"name":"Kabelgenomf\u00f6ringssystem f\u00f6r kablar med kontakt","item":"https:\/\/c-profil.se\/produkt-kategori\/kabelgenomforingssystem-for-kablar-med-kontakt\/"},{"@type":"ListItem","position":4,"name":"Kabelgenomf\u00f6ringskapsling 90\u00b0 | KEL-FG"}]},{"@type":"WebSite","@id":"https:\/\/c-profil.se\/#website","url":"https:\/\/c-profil.se\/","name":"C-Pro","description":"Products for Electricity and Automation","publisher":{"@id":"https:\/\/c-profil.se\/#organization"},"potentialAction":[{"@type":"SearchAction","target":{"@type":"EntryPoint","urlTemplate":"https:\/\/c-profil.se\/?s={search_term_string}"},"query-input":{"@type":"PropertyValueSpecification","valueRequired":true,"valueName":"search_term_string"}}],"inLanguage":"en"},{"@type":"Organization","@id":"https:\/\/c-profil.se\/#organization","name":"C-Pro","alternateName":"C-PRO","url":"https:\/\/c-profil.se\/","logo":{"@type":"ImageObject","inLanguage":"en","@id":"https:\/\/c-profil.se\/#\/schema\/logo\/image\/","url":"https:\/\/c-profil.se\/wp-content\/uploads\/2022\/03\/c-pro-logga-liggande-500x500-1.png","contentUrl":"https:\/\/c-profil.se\/wp-content\/uploads\/2022\/03\/c-pro-logga-liggande-500x500-1.png","width":500,"height":500,"caption":"C-Pro"},"image":{"@id":"https:\/\/c-profil.se\/#\/schema\/logo\/image\/"},"sameAs":["https:\/\/www.facebook.com\/people\/C-Pro\/61561767306874\/","https:\/\/www.linkedin.com\/company\/c-pro-ab","https:\/\/www.instagram.com\/cpro.ab\/"],"description":"C-PRO AB is a comprehensive supplier of materials for applications in electricity and automation. Ever since the start in 1987, we have supplied the Swedish manufacturing industry with electrical materials. Despite our size and leading position, we have never abandoned our basic philosophy, to be a personal supplier. We at C-PRO are easy to get in touch with, honest and passionate about solving our customers&#039; problems.","email":"info@c-profil.se","telephone":"031575785","legalName":"C-Profil F\u00f6rl\u00e4ggningsmaterial AB","foundingDate":"1987-01-01"}]},"product_brand":"eftermontering","product_price_currency":"SEK","og_availability":"instock","product_availability":"instock","product_retailer_item_id":"KEL-FG","product_condition":"new"},"_links":{"self":[{"href":"https:\/\/c-profil.se\/english\/wp-json\/wp\/v2\/product\/26159","targetHints":{"allow":["GET"]}}],"collection":[{"href":"https:\/\/c-profil.se\/english\/wp-json\/wp\/v2\/product"}],"about":[{"href":"https:\/\/c-profil.se\/english\/wp-json\/wp\/v2\/types\/product"}],"version-history":[{"count":8,"href":"https:\/\/c-profil.se\/english\/wp-json\/wp\/v2\/product\/26159\/revisions"}],"predecessor-version":[{"id":74285,"href":"https:\/\/c-profil.se\/english\/wp-json\/wp\/v2\/product\/26159\/revisions\/74285"}],"wp:featuredmedia":[{"embeddable":true,"href":"https:\/\/c-profil.se\/english\/wp-json\/wp\/v2\/media\/51116"}],"wp:attachment":[{"href":"https:\/\/c-profil.se\/english\/wp-json\/wp\/v2\/media?parent=26159"}],"wp:term":[{"taxonomy":"product_brand","embeddable":true,"href":"https:\/\/c-profil.se\/english\/wp-json\/wp\/v2\/product_brand?post=26159"},{"taxonomy":"product_cat","embeddable":true,"href":"https:\/\/c-profil.se\/english\/wp-json\/wp\/v2\/product_cat?post=26159"},{"taxonomy":"product_tag","embeddable":true,"href":"https:\/\/c-profil.se\/english\/wp-json\/wp\/v2\/product_tag?post=26159"}],"curies":[{"name":"wp","href":"https:\/\/api.w.org\/{rel}","templated":true}]}}