{"id":26152,"date":"2021-02-19T12:04:00","date_gmt":"2021-02-19T11:04:00","guid":{"rendered":"https:\/\/c-profil.se\/?post_type=product&#038;p=26152"},"modified":"2026-03-19T15:10:04","modified_gmt":"2026-03-19T14:10:04","slug":"split-cable-entry-frame-kel-quick","status":"publish","type":"product","link":"https:\/\/c-profil.se\/english\/produkt\/kabelgenomforingsram-kel-quick\/","title":{"rendered":"Cable entry frame | KEL-QUICK"},"content":{"rendered":"<p><strong>KEL-QUICK is a divisible cable entry frame for industrial installations<\/strong>, developed for quick and tool-free assembly of QT bushings for cables with or without contact.<br \/>\nThe frame enables high cable density and simplifies conversion, service and maintenance.<\/p>","protected":false},"excerpt":{"rendered":"<p class=\"ai-optimize-31\">Cable entry frame \/ KEL-QUICK is a compact system for entry and sealing of cables with contact, as well as for lines or pneumatic hoses using split QT entries. After filling the frame with QT grommets and cables, the cover is clamped onto the frame without the use of tools.  The divisible Cable Entry Frame \/ KEL-QUICK can either be mounted with screws or simply snapped into the KEL-SNAP frame. A flat rubber gasket is included in the shipment.<\/p>\n<ul>\n<li class=\"ai-optimize-32\">KEL-QUICK -B has cut-out dimensions 46 x 36 mm<\/li>\n<li class=\"ai-optimize-33\">KEL-QUICK 10 for 10-pin standard industrial connectors (65 x 36 mm)<\/li>\n<li class=\"ai-optimize-34\">KEL-QUICK 16 for 16-pin standard industrial connectors (86 x 36 mm)<\/li>\n<li class=\"ai-optimize-35\">KEL-QUICK 24 for measuring 24-pin industrial devices.<\/li>\n<\/ul>\n<p class=\"ai-optimize-44\"><strong>Advantages:<\/strong><\/p>\n<ul>\n<li class=\"ai-optimize-45\">Quick assembly by &quot;clicking&quot; into the frame without tools or screws<\/li>\n<li class=\"ai-optimize-46\">Warranties on pre-terminated cables remain in effect<\/li>\n<li class=\"ai-optimize-46\">Renovations, repairs and maintenance can be done easily and quickly<\/li>\n<li class=\"ai-optimize-46\">High cable density, wide variety of grommets<\/li>\n<li class=\"ai-optimize-46\">Increased packing density when using double or quadruple bushings<\/li>\n<\/ul>","protected":false},"featured_media":51122,"template":"","meta":{"_acf_changed":false},"product_brand":[740],"product_cat":[305],"product_tag":[953,992,938,1005,939],"class_list":{"0":"post-26152","1":"product","2":"type-product","3":"status-publish","4":"has-post-thumbnail","6":"product_brand-icotek","7":"product_cat-kabelgenomforingssystem-for-kablar-med-kontakt","8":"product_tag-eftermontering","9":"product_tag-kabelgenomforing","10":"product_tag-kabelinforing","11":"product_tag-platbearbetning","12":"product_tag-tatning","14":"first","15":"instock","16":"shipping-taxable","17":"product-type-simple"},"acf":[],"yoast_head":"<!-- This site is optimized with the Yoast SEO Premium plugin v27.6 (Yoast SEO v27.6) - https:\/\/yoast.com\/product\/yoast-seo-premium-wordpress\/ -->\n<title>Kabelgenomf\u00f6ringsram | KEL-QUICK - C-Pro<\/title>\n<meta name=\"description\" content=\"Kabelgenomf\u00f6ringsram \/ KEL-QUICK \u00e4r ett kabelgenomf\u00f6ringssystem f\u00f6r genomf\u00f6ring \/t\u00e4tning av kablar med kontakt eller ledningar. L\u00e4s Mer!\" \/>\n<meta name=\"robots\" content=\"index, follow, max-snippet:-1, max-image-preview:large, max-video-preview:-1\" \/>\n<link rel=\"canonical\" href=\"https:\/\/c-profil.se\/english\/product\/split-cable-entry-frame-kel-quick\/\" \/>\n<meta property=\"og:locale\" content=\"en_US\" \/>\n<meta property=\"og:type\" content=\"article\" \/>\n<meta property=\"og:title\" content=\"Kabelgenomf\u00f6ringsram | KEL-QUICK - C-Pro\" \/>\n<meta property=\"og:description\" content=\"Kabelgenomf\u00f6ringsram \/ KEL-QUICK \u00e4r ett kompakt system f\u00f6r genomf\u00f6ring och t\u00e4tning av kablar med kontakt, s\u00e5v\u00e4l som f\u00f6r ledningar eller pneumatiska slangar som anv\u00e4nder delade QT-genomf\u00f6ringar. Efter att ha fyllt ramen med QT-genomf\u00f6ringar och kablar, kl\u00e4ms locket p\u00e5 ramen utan att anv\u00e4nda verktyg.\u00a0 Den delbara Kabelgenomf\u00f6ringsram \/ KEL-QUICK kan antingen monteras med skruv eller helt enkelt kn\u00e4ppas in i KEL-SNAP-ramen. En platt gummipackning ing\u00e5r i s\u00e4ndningen.    KEL-QUICK -B har h\u00e5ltagningsdimension 46 x 36 mm  KEL-QUICK 10 f\u00f6r 10-pin standard industriella kontakter (65 x 36 mm)  KEL-QUICK 16 f\u00f6r 16-pin standard industriella kontakter (86 x 36 mm)  KEL-QUICK 24 f\u00f6r m\u00e5tt p\u00e5 24-stifts kontaktdon  F\u00f6rdelar:    Snabbt montage genom att &quot;klicka&quot; i ramen utan verktyg eller skruvar  Garantier p\u00e5 f\u00f6rkontakterade kablar kvarst\u00e5r  Ombyggnation, reparationer och underh\u00e5ll kan g\u00f6ras enkelt och snabbt  H\u00f6g kabelt\u00e4thet, brett utbud av genomf\u00f6ringar  \u00d6kad packningst\u00e4thet vid anv\u00e4ndning av dubbla eller fyrdubbla genomf\u00f6ringar\" \/>\n<meta property=\"og:url\" content=\"https:\/\/c-profil.se\/english\/product\/split-cable-entry-frame-kel-quick\/\" \/>\n<meta property=\"og:site_name\" content=\"C-Pro\" \/>\n<meta property=\"article:publisher\" content=\"https:\/\/www.facebook.com\/people\/C-Pro\/61561767306874\/\" \/>\n<meta property=\"article:modified_time\" content=\"2026-03-19T14:10:04+00:00\" \/>\n<meta property=\"og:image\" content=\"https:\/\/c-profil.se\/wp-content\/uploads\/2021\/02\/Kabelgenomforingsram-KEL-QUICK.jpg\" \/>\n\t<meta property=\"og:image:width\" content=\"1000\" \/>\n\t<meta property=\"og:image:height\" content=\"1000\" \/>\n\t<meta property=\"og:image:type\" content=\"image\/jpeg\" \/>\n<meta name=\"twitter:card\" content=\"summary_large_image\" \/>\n<meta name=\"twitter:label1\" content=\"Price\" \/>\n\t<meta name=\"twitter:data1\" content=\"\" \/>\n\t<meta name=\"twitter:label2\" content=\"Availability\" \/>\n\t<meta name=\"twitter:data2\" content=\"In stock\" \/>\n<script type=\"application\/ld+json\" class=\"yoast-schema-graph\">{\"@context\":\"https:\\\/\\\/schema.org\",\"@graph\":[{\"@type\":\"WebPage\",\"@id\":\"https:\\\/\\\/c-profil.se\\\/produkt\\\/kabelgenomforingsram-kel-quick\\\/\",\"url\":\"https:\\\/\\\/c-profil.se\\\/produkt\\\/kabelgenomforingsram-kel-quick\\\/\",\"name\":\"Kabelgenomf\u00f6ringsram | KEL-QUICK - C-Pro\",\"isPartOf\":{\"@id\":\"https:\\\/\\\/c-profil.se\\\/#website\"},\"primaryImageOfPage\":{\"@id\":\"https:\\\/\\\/c-profil.se\\\/produkt\\\/kabelgenomforingsram-kel-quick\\\/#primaryimage\"},\"image\":{\"@id\":\"https:\\\/\\\/c-profil.se\\\/produkt\\\/kabelgenomforingsram-kel-quick\\\/#primaryimage\"},\"thumbnailUrl\":\"https:\\\/\\\/c-profil.se\\\/wp-content\\\/uploads\\\/2021\\\/02\\\/Kabelgenomforingsram-KEL-QUICK.jpg\",\"datePublished\":\"2021-02-19T11:04:00+00:00\",\"dateModified\":\"2026-03-19T14:10:04+00:00\",\"description\":\"Kabelgenomf\u00f6ringsram \\\/ KEL-QUICK \u00e4r ett kabelgenomf\u00f6ringssystem f\u00f6r genomf\u00f6ring \\\/t\u00e4tning av kablar med kontakt eller ledningar. L\u00e4s Mer!\",\"breadcrumb\":{\"@id\":\"https:\\\/\\\/c-profil.se\\\/produkt\\\/kabelgenomforingsram-kel-quick\\\/#breadcrumb\"},\"inLanguage\":\"en\",\"potentialAction\":[{\"@type\":\"ReadAction\",\"target\":[\"https:\\\/\\\/c-profil.se\\\/produkt\\\/kabelgenomforingsram-kel-quick\\\/\"]}]},{\"@type\":\"ImageObject\",\"inLanguage\":\"en\",\"@id\":\"https:\\\/\\\/c-profil.se\\\/produkt\\\/kabelgenomforingsram-kel-quick\\\/#primaryimage\",\"url\":\"https:\\\/\\\/c-profil.se\\\/wp-content\\\/uploads\\\/2021\\\/02\\\/Kabelgenomforingsram-KEL-QUICK.jpg\",\"contentUrl\":\"https:\\\/\\\/c-profil.se\\\/wp-content\\\/uploads\\\/2021\\\/02\\\/Kabelgenomforingsram-KEL-QUICK.jpg\",\"width\":1000,\"height\":1000,\"caption\":\"Kabelgenomf\u00f6ringsram KEL-QUICK\"},{\"@type\":\"BreadcrumbList\",\"@id\":\"https:\\\/\\\/c-profil.se\\\/produkt\\\/kabelgenomforingsram-kel-quick\\\/#breadcrumb\",\"itemListElement\":[{\"@type\":\"ListItem\",\"position\":1,\"name\":\"Hem\",\"item\":\"https:\\\/\\\/c-profil.se\\\/\"},{\"@type\":\"ListItem\",\"position\":2,\"name\":\"Produkter\",\"item\":\"https:\\\/\\\/c-profil.se\\\/produkter\\\/\"},{\"@type\":\"ListItem\",\"position\":3,\"name\":\"Kabelgenomf\u00f6ringssystem f\u00f6r kablar med kontakt\",\"item\":\"https:\\\/\\\/c-profil.se\\\/produkt-kategori\\\/kabelgenomforingssystem-for-kablar-med-kontakt\\\/\"},{\"@type\":\"ListItem\",\"position\":4,\"name\":\"Kabelgenomf\u00f6ringsram | KEL-QUICK\"}]},{\"@type\":\"WebSite\",\"@id\":\"https:\\\/\\\/c-profil.se\\\/#website\",\"url\":\"https:\\\/\\\/c-profil.se\\\/\",\"name\":\"C-Pro\",\"description\":\"Produkter f\u00f6r El och Automation\",\"publisher\":{\"@id\":\"https:\\\/\\\/c-profil.se\\\/#organization\"},\"potentialAction\":[{\"@type\":\"SearchAction\",\"target\":{\"@type\":\"EntryPoint\",\"urlTemplate\":\"https:\\\/\\\/c-profil.se\\\/?s={search_term_string}\"},\"query-input\":{\"@type\":\"PropertyValueSpecification\",\"valueRequired\":true,\"valueName\":\"search_term_string\"}}],\"inLanguage\":\"en\"},{\"@type\":\"Organization\",\"@id\":\"https:\\\/\\\/c-profil.se\\\/#organization\",\"name\":\"C-Pro\",\"alternateName\":\"C-PRO\",\"url\":\"https:\\\/\\\/c-profil.se\\\/\",\"logo\":{\"@type\":\"ImageObject\",\"inLanguage\":\"en\",\"@id\":\"https:\\\/\\\/c-profil.se\\\/#\\\/schema\\\/logo\\\/image\\\/\",\"url\":\"https:\\\/\\\/c-profil.se\\\/wp-content\\\/uploads\\\/2022\\\/03\\\/c-pro-logga-liggande-500x500-1.png\",\"contentUrl\":\"https:\\\/\\\/c-profil.se\\\/wp-content\\\/uploads\\\/2022\\\/03\\\/c-pro-logga-liggande-500x500-1.png\",\"width\":500,\"height\":500,\"caption\":\"C-Pro\"},\"image\":{\"@id\":\"https:\\\/\\\/c-profil.se\\\/#\\\/schema\\\/logo\\\/image\\\/\"},\"sameAs\":[\"https:\\\/\\\/www.facebook.com\\\/people\\\/C-Pro\\\/61561767306874\\\/\",\"https:\\\/\\\/www.linkedin.com\\\/company\\\/c-pro-ab\",\"https:\\\/\\\/www.instagram.com\\\/cpro.ab\\\/\"],\"description\":\"C-PRO AB \u00e4r en helt\u00e4ckande leverant\u00f6r av material f\u00f6r applikationer inom el och automation. \u00c4nda sedan starten 1987 har vi f\u00f6rsett den svenska tillverkande industrin med elmaterial. Trots v\u00e5r storlek och ledande position har vi aldrig \u00f6vergett v\u00e5r grundfilosofi, att vara en personlig leverant\u00f6r. Vi p\u00e5 C-PRO \u00e4r l\u00e4tta att komma i kontakt med, \u00e4rliga och brinner f\u00f6r att l\u00f6sa v\u00e5ra kunders problem.\",\"email\":\"info@c-profil.se\",\"telephone\":\"031575785\",\"legalName\":\"C-Profil F\u00f6rl\u00e4ggningsmaterial AB\",\"foundingDate\":\"1987-01-01\"}]}<\/script>\n<meta property=\"product:brand\" content=\"eftermontering\" \/>\n<meta property=\"product:price:currency\" content=\"SEK\" \/>\n<meta property=\"og:availability\" content=\"instock\" \/>\n<meta property=\"product:availability\" content=\"instock\" \/>\n<meta property=\"product:retailer_item_id\" content=\"KEL-QUICK\" \/>\n<meta property=\"product:condition\" content=\"new\" \/>\n<!-- \/ Yoast SEO Premium plugin. -->","yoast_head_json":{"title":"Cable entry frame | KEL-QUICK - C-Pro","description":"Cable entry frame \/ KEL-QUICK is a cable entry system for passing\/sealing cables with connectors or wires. Read more!","robots":{"index":"index","follow":"follow","max-snippet":"max-snippet:-1","max-image-preview":"max-image-preview:large","max-video-preview":"max-video-preview:-1"},"canonical":"https:\/\/c-profil.se\/english\/product\/split-cable-entry-frame-kel-quick\/","og_locale":"en_US","og_type":"article","og_title":"Kabelgenomf\u00f6ringsram | KEL-QUICK - C-Pro","og_description":"Kabelgenomf\u00f6ringsram \/ KEL-QUICK \u00e4r ett kompakt system f\u00f6r genomf\u00f6ring och t\u00e4tning av kablar med kontakt, s\u00e5v\u00e4l som f\u00f6r ledningar eller pneumatiska slangar som anv\u00e4nder delade QT-genomf\u00f6ringar. Efter att ha fyllt ramen med QT-genomf\u00f6ringar och kablar, kl\u00e4ms locket p\u00e5 ramen utan att anv\u00e4nda verktyg.\u00a0 Den delbara Kabelgenomf\u00f6ringsram \/ KEL-QUICK kan antingen monteras med skruv eller helt enkelt kn\u00e4ppas in i KEL-SNAP-ramen. En platt gummipackning ing\u00e5r i s\u00e4ndningen.    KEL-QUICK -B har h\u00e5ltagningsdimension 46 x 36 mm  KEL-QUICK 10 f\u00f6r 10-pin standard industriella kontakter (65 x 36 mm)  KEL-QUICK 16 f\u00f6r 16-pin standard industriella kontakter (86 x 36 mm)  KEL-QUICK 24 f\u00f6r m\u00e5tt p\u00e5 24-stifts kontaktdon  F\u00f6rdelar:    Snabbt montage genom att \"klicka\" i ramen utan verktyg eller skruvar  Garantier p\u00e5 f\u00f6rkontakterade kablar kvarst\u00e5r  Ombyggnation, reparationer och underh\u00e5ll kan g\u00f6ras enkelt och snabbt  H\u00f6g kabelt\u00e4thet, brett utbud av genomf\u00f6ringar  \u00d6kad packningst\u00e4thet vid anv\u00e4ndning av dubbla eller fyrdubbla genomf\u00f6ringar","og_url":"https:\/\/c-profil.se\/english\/product\/split-cable-entry-frame-kel-quick\/","og_site_name":"C-Pro","article_publisher":"https:\/\/www.facebook.com\/people\/C-Pro\/61561767306874\/","article_modified_time":"2026-03-19T14:10:04+00:00","og_image":[{"width":1000,"height":1000,"url":"https:\/\/c-profil.se\/wp-content\/uploads\/2021\/02\/Kabelgenomforingsram-KEL-QUICK.jpg","type":"image\/jpeg"}],"twitter_card":"summary_large_image","twitter_misc":{"Price":"","Availability":"In stock"},"schema":{"@context":"https:\/\/schema.org","@graph":[{"@type":"WebPage","@id":"https:\/\/c-profil.se\/produkt\/kabelgenomforingsram-kel-quick\/","url":"https:\/\/c-profil.se\/produkt\/kabelgenomforingsram-kel-quick\/","name":"Cable entry frame | KEL-QUICK - C-Pro","isPartOf":{"@id":"https:\/\/c-profil.se\/#website"},"primaryImageOfPage":{"@id":"https:\/\/c-profil.se\/produkt\/kabelgenomforingsram-kel-quick\/#primaryimage"},"image":{"@id":"https:\/\/c-profil.se\/produkt\/kabelgenomforingsram-kel-quick\/#primaryimage"},"thumbnailUrl":"https:\/\/c-profil.se\/wp-content\/uploads\/2021\/02\/Kabelgenomforingsram-KEL-QUICK.jpg","datePublished":"2021-02-19T11:04:00+00:00","dateModified":"2026-03-19T14:10:04+00:00","description":"Cable entry frame \/ KEL-QUICK is a cable entry system for passing\/sealing cables with connectors or wires. Read more!","breadcrumb":{"@id":"https:\/\/c-profil.se\/produkt\/kabelgenomforingsram-kel-quick\/#breadcrumb"},"inLanguage":"en","potentialAction":[{"@type":"ReadAction","target":["https:\/\/c-profil.se\/produkt\/kabelgenomforingsram-kel-quick\/"]}]},{"@type":"ImageObject","inLanguage":"en","@id":"https:\/\/c-profil.se\/produkt\/kabelgenomforingsram-kel-quick\/#primaryimage","url":"https:\/\/c-profil.se\/wp-content\/uploads\/2021\/02\/Kabelgenomforingsram-KEL-QUICK.jpg","contentUrl":"https:\/\/c-profil.se\/wp-content\/uploads\/2021\/02\/Kabelgenomforingsram-KEL-QUICK.jpg","width":1000,"height":1000,"caption":"Kabelgenomf\u00f6ringsram KEL-QUICK"},{"@type":"BreadcrumbList","@id":"https:\/\/c-profil.se\/produkt\/kabelgenomforingsram-kel-quick\/#breadcrumb","itemListElement":[{"@type":"ListItem","position":1,"name":"Hem","item":"https:\/\/c-profil.se\/"},{"@type":"ListItem","position":2,"name":"Produkter","item":"https:\/\/c-profil.se\/produkter\/"},{"@type":"ListItem","position":3,"name":"Kabelgenomf\u00f6ringssystem f\u00f6r kablar med kontakt","item":"https:\/\/c-profil.se\/produkt-kategori\/kabelgenomforingssystem-for-kablar-med-kontakt\/"},{"@type":"ListItem","position":4,"name":"Kabelgenomf\u00f6ringsram | KEL-QUICK"}]},{"@type":"WebSite","@id":"https:\/\/c-profil.se\/#website","url":"https:\/\/c-profil.se\/","name":"C-Pro","description":"Products for Electricity and Automation","publisher":{"@id":"https:\/\/c-profil.se\/#organization"},"potentialAction":[{"@type":"SearchAction","target":{"@type":"EntryPoint","urlTemplate":"https:\/\/c-profil.se\/?s={search_term_string}"},"query-input":{"@type":"PropertyValueSpecification","valueRequired":true,"valueName":"search_term_string"}}],"inLanguage":"en"},{"@type":"Organization","@id":"https:\/\/c-profil.se\/#organization","name":"C-Pro","alternateName":"C-PRO","url":"https:\/\/c-profil.se\/","logo":{"@type":"ImageObject","inLanguage":"en","@id":"https:\/\/c-profil.se\/#\/schema\/logo\/image\/","url":"https:\/\/c-profil.se\/wp-content\/uploads\/2022\/03\/c-pro-logga-liggande-500x500-1.png","contentUrl":"https:\/\/c-profil.se\/wp-content\/uploads\/2022\/03\/c-pro-logga-liggande-500x500-1.png","width":500,"height":500,"caption":"C-Pro"},"image":{"@id":"https:\/\/c-profil.se\/#\/schema\/logo\/image\/"},"sameAs":["https:\/\/www.facebook.com\/people\/C-Pro\/61561767306874\/","https:\/\/www.linkedin.com\/company\/c-pro-ab","https:\/\/www.instagram.com\/cpro.ab\/"],"description":"C-PRO AB is a comprehensive supplier of materials for applications in electricity and automation. Ever since the start in 1987, we have supplied the Swedish manufacturing industry with electrical materials. Despite our size and leading position, we have never abandoned our basic philosophy, to be a personal supplier. We at C-PRO are easy to get in touch with, honest and passionate about solving our customers&#039; problems.","email":"info@c-profil.se","telephone":"031575785","legalName":"C-Profil F\u00f6rl\u00e4ggningsmaterial AB","foundingDate":"1987-01-01"}]},"product_brand":"eftermontering","product_price_currency":"SEK","og_availability":"instock","product_availability":"instock","product_retailer_item_id":"KEL-QUICK","product_condition":"new"},"_links":{"self":[{"href":"https:\/\/c-profil.se\/english\/wp-json\/wp\/v2\/product\/26152","targetHints":{"allow":["GET"]}}],"collection":[{"href":"https:\/\/c-profil.se\/english\/wp-json\/wp\/v2\/product"}],"about":[{"href":"https:\/\/c-profil.se\/english\/wp-json\/wp\/v2\/types\/product"}],"version-history":[{"count":8,"href":"https:\/\/c-profil.se\/english\/wp-json\/wp\/v2\/product\/26152\/revisions"}],"predecessor-version":[{"id":74286,"href":"https:\/\/c-profil.se\/english\/wp-json\/wp\/v2\/product\/26152\/revisions\/74286"}],"wp:featuredmedia":[{"embeddable":true,"href":"https:\/\/c-profil.se\/english\/wp-json\/wp\/v2\/media\/51122"}],"wp:attachment":[{"href":"https:\/\/c-profil.se\/english\/wp-json\/wp\/v2\/media?parent=26152"}],"wp:term":[{"taxonomy":"product_brand","embeddable":true,"href":"https:\/\/c-profil.se\/english\/wp-json\/wp\/v2\/product_brand?post=26152"},{"taxonomy":"product_cat","embeddable":true,"href":"https:\/\/c-profil.se\/english\/wp-json\/wp\/v2\/product_cat?post=26152"},{"taxonomy":"product_tag","embeddable":true,"href":"https:\/\/c-profil.se\/english\/wp-json\/wp\/v2\/product_tag?post=26152"}],"curies":[{"name":"wp","href":"https:\/\/api.w.org\/{rel}","templated":true}]}}