{"id":26150,"date":"2021-02-19T11:01:00","date_gmt":"2021-02-19T10:01:00","guid":{"rendered":"https:\/\/c-profil.se\/?post_type=product&#038;p=26150"},"modified":"2026-04-28T08:24:35","modified_gmt":"2026-04-28T07:24:35","slug":"split-cable-entry-frame-kel-u","status":"publish","type":"product","link":"https:\/\/c-profil.se\/english\/produkt\/kabelgenomforingsram-delbar-kel-u\/","title":{"rendered":"Cable entry frame | KEL-U \/ KEL-E"},"content":{"rendered":"<p><strong>KEL-U and KEL-E are divisible cable entry frames for industrial installations<\/strong>, developed for guiding, sealing and strain relief of cables with connectors.<br \/>\nThe systems enable high cable density, easy assembly and flexible adaptation even in limited space.<\/p>","protected":false},"excerpt":{"rendered":"<p class=\"zn-inspecting-element zn-inspecting-element--relative ai-optimize-42 ai-optimize-introduction\">Cable entry frame \/ KEL-U \/ KEL-E is a split cable entry system for cable management with connectors that provide an IP54 \/ UL type 12 rating. Guidance, sealing and strain relief for cable diameters from 1 to 35 mm.<\/p>\n<p class=\"ai-optimize-43\">The cable entry system is easy to install.\u00a0<a href=\"https:\/\/c-profil.se\/english\/product\/split-cable-grommets-kt\/\" data-tabindex-counter=\"1\" data-tabindex-value=\"none\">The efforts<\/a>\u00a0are placed in compartments and are securely attached to the frame during assembly.<\/p>\n<p class=\"ai-optimize-44\"><strong>The KEL-U frame<\/strong> exactly matches the hole dimensions for 10\/16\/24-pin standard industrial connectors. Holes 36 mm or 46 mm in height can be selected depending on which cables are to be passed through. The KEL-UB frame exactly matches the hole dimensions 46x46mm.<\/p>\n<p class=\"ai-optimize-45\"><strong>KEL-E version<\/strong> is particularly suitable for flat contacts. The small frame is perfect for applications with limited space.<\/p>\n<ul>\n<li class=\"ai-optimize-46\">A flat rubber gasket is included in the shipment.<\/li>\n<\/ul>\n<p class=\"ai-optimize-34\"><strong>Advantages:<\/strong><\/p>\n<ul>\n<li class=\"ai-optimize-35\">Quick and easy assembly<\/li>\n<li class=\"ai-optimize-35\">Warranties on pre-connected cables are maintained<\/li>\n<li class=\"ai-optimize-35\">Remodeling, repairs and maintenance can be done much easier and faster<\/li>\n<li class=\"ai-optimize-35\">High cable density, wide variety of grommets<\/li>\n<li class=\"ai-optimize-35\">Strain relief according to EN 62444<\/li>\n<li class=\"ai-optimize-35\">High stability, vibration resistant<\/li>\n<li class=\"ai-optimize-35\">Space-saving design<\/li>\n<li class=\"ai-optimize-35\">Increased packing density when using double or quadruple bushings<\/li>\n<\/ul>","protected":false},"featured_media":51105,"template":"","meta":{"_acf_changed":false},"product_brand":[740],"product_cat":[305],"product_tag":[953,992,938,1005,939],"class_list":{"0":"post-26150","1":"product","2":"type-product","3":"status-publish","4":"has-post-thumbnail","6":"product_brand-icotek","7":"product_cat-kabelgenomforingssystem-for-kablar-med-kontakt","8":"product_tag-eftermontering","9":"product_tag-kabelgenomforing","10":"product_tag-kabelinforing","11":"product_tag-platbearbetning","12":"product_tag-tatning","14":"first","15":"instock","16":"shipping-taxable","17":"product-type-simple"},"acf":[],"yoast_head":"<!-- This site is optimized with the Yoast SEO Premium plugin v27.5 (Yoast SEO v27.5) - https:\/\/yoast.com\/product\/yoast-seo-premium-wordpress\/ -->\n<title>Kabelgenomf\u00f6ringsram | KEL-U \/ KEL-E - C-Pro<\/title>\n<meta name=\"description\" content=\"Kabelgenomf\u00f6ringsram \/ KEL-U \u00e4r ett delat kabelgenomf\u00f6ringsssystem f\u00f6r styrning av kablar med kontakter som ger en IP54 \/ UL typ 12 rating. L\u00e4s Mer!\" \/>\n<meta name=\"robots\" content=\"index, follow, max-snippet:-1, max-image-preview:large, max-video-preview:-1\" \/>\n<link rel=\"canonical\" href=\"https:\/\/c-profil.se\/english\/product\/split-cable-entry-frame-kel-u\/\" \/>\n<meta property=\"og:locale\" content=\"en_US\" \/>\n<meta property=\"og:type\" content=\"article\" \/>\n<meta property=\"og:title\" content=\"Kabelgenomf\u00f6ringsram | KEL-U \/ KEL-E - C-Pro\" \/>\n<meta property=\"og:description\" content=\"Kabelgenomf\u00f6ringsram \/ KEL-U \/ KEL-E \u00e4r ett delat kabelgenomf\u00f6ringsssystem f\u00f6r styrning av kablar med kontakter som ger en IP54 \/ UL typ 12 rating. Styrning, t\u00e4tning och dragavlastning f\u00f6r kabeldiametrar fr\u00e5n 1 till 35 mm. Kabelgenomf\u00f6ringssystemet \u00e4r enkelt att installera.\u00a0Insatserna\u00a0placeras i fack och \u00e4r s\u00e4kert fastsatta p\u00e5 ramen under montering. KEL-U-ramen matchar exakt h\u00e5ltagningsdimensionerna f\u00f6r 10\/16\/24-stifts standard industriella kontakter. H\u00e5ltagning 36 mm eller 46 mm i h\u00f6jd kan v\u00e4ljas beroende p\u00e5 vilka kablar som ska igenom. KEL-U-B ramen matchar exakt h\u00e5ltagningsm\u00e5tt 46x46mm. KEL-E-versionen \u00e4r s\u00e4rskilt l\u00e4mpad f\u00f6r platta kontakter. Den lilla ramen \u00e4r perfekt f\u00f6r applikationer med begr\u00e4nsat utrymme.    En platt gummipackning ing\u00e5r i s\u00e4ndningen.  F\u00f6rdelar:    Snabb och enkel montering  Garantier p\u00e5 f\u00f6rkontakterade kablar bibeh\u00e5lles  Ombyggnation, reparationer och underh\u00e5ll kan g\u00f6ras mycket enklare och snabbare  H\u00f6g kabelt\u00e4thet, brett utbud av genomf\u00f6ringar  Dragavlastning enligt EN 62444  H\u00f6g stabilitet, vibrationst\u00e5lig  Platsbesparande design  \u00d6kad packningst\u00e4thet vid anv\u00e4ndning av dubbla eller fyrdubbla genomf\u00f6ringar\" \/>\n<meta property=\"og:url\" content=\"https:\/\/c-profil.se\/english\/product\/split-cable-entry-frame-kel-u\/\" \/>\n<meta property=\"og:site_name\" content=\"C-Pro\" \/>\n<meta property=\"article:publisher\" content=\"https:\/\/www.facebook.com\/people\/C-Pro\/61561767306874\/\" \/>\n<meta property=\"article:modified_time\" content=\"2026-04-28T07:24:35+00:00\" \/>\n<meta property=\"og:image\" content=\"https:\/\/c-profil.se\/wp-content\/uploads\/2021\/02\/Kabelgenomforingsram-KEL-U.jpg\" \/>\n\t<meta property=\"og:image:width\" content=\"1000\" \/>\n\t<meta property=\"og:image:height\" content=\"1000\" \/>\n\t<meta property=\"og:image:type\" content=\"image\/jpeg\" \/>\n<meta name=\"twitter:card\" content=\"summary_large_image\" \/>\n<meta name=\"twitter:label1\" content=\"Price\" \/>\n\t<meta name=\"twitter:data1\" content=\"\" \/>\n\t<meta name=\"twitter:label2\" content=\"Availability\" \/>\n\t<meta name=\"twitter:data2\" content=\"In stock\" \/>\n<script type=\"application\/ld+json\" class=\"yoast-schema-graph\">{\"@context\":\"https:\\\/\\\/schema.org\",\"@graph\":[{\"@type\":\"WebPage\",\"@id\":\"https:\\\/\\\/c-profil.se\\\/produkt\\\/kabelgenomforingsram-delbar-kel-u\\\/\",\"url\":\"https:\\\/\\\/c-profil.se\\\/produkt\\\/kabelgenomforingsram-delbar-kel-u\\\/\",\"name\":\"Kabelgenomf\u00f6ringsram | KEL-U \\\/ KEL-E - C-Pro\",\"isPartOf\":{\"@id\":\"https:\\\/\\\/c-profil.se\\\/#website\"},\"primaryImageOfPage\":{\"@id\":\"https:\\\/\\\/c-profil.se\\\/produkt\\\/kabelgenomforingsram-delbar-kel-u\\\/#primaryimage\"},\"image\":{\"@id\":\"https:\\\/\\\/c-profil.se\\\/produkt\\\/kabelgenomforingsram-delbar-kel-u\\\/#primaryimage\"},\"thumbnailUrl\":\"https:\\\/\\\/c-profil.se\\\/wp-content\\\/uploads\\\/2021\\\/02\\\/Kabelgenomforingsram-KEL-U.jpg\",\"datePublished\":\"2021-02-19T10:01:00+00:00\",\"dateModified\":\"2026-04-28T07:24:35+00:00\",\"description\":\"Kabelgenomf\u00f6ringsram \\\/ KEL-U \u00e4r ett delat kabelgenomf\u00f6ringsssystem f\u00f6r styrning av kablar med kontakter som ger en IP54 \\\/ UL typ 12 rating. L\u00e4s Mer!\",\"breadcrumb\":{\"@id\":\"https:\\\/\\\/c-profil.se\\\/produkt\\\/kabelgenomforingsram-delbar-kel-u\\\/#breadcrumb\"},\"inLanguage\":\"en\",\"potentialAction\":[{\"@type\":\"ReadAction\",\"target\":[\"https:\\\/\\\/c-profil.se\\\/produkt\\\/kabelgenomforingsram-delbar-kel-u\\\/\"]}]},{\"@type\":\"ImageObject\",\"inLanguage\":\"en\",\"@id\":\"https:\\\/\\\/c-profil.se\\\/produkt\\\/kabelgenomforingsram-delbar-kel-u\\\/#primaryimage\",\"url\":\"https:\\\/\\\/c-profil.se\\\/wp-content\\\/uploads\\\/2021\\\/02\\\/Kabelgenomforingsram-KEL-U.jpg\",\"contentUrl\":\"https:\\\/\\\/c-profil.se\\\/wp-content\\\/uploads\\\/2021\\\/02\\\/Kabelgenomforingsram-KEL-U.jpg\",\"width\":1000,\"height\":1000,\"caption\":\"Kabelgenomf\u00f6ringsram KEL-U\"},{\"@type\":\"BreadcrumbList\",\"@id\":\"https:\\\/\\\/c-profil.se\\\/produkt\\\/kabelgenomforingsram-delbar-kel-u\\\/#breadcrumb\",\"itemListElement\":[{\"@type\":\"ListItem\",\"position\":1,\"name\":\"Hem\",\"item\":\"https:\\\/\\\/c-profil.se\\\/\"},{\"@type\":\"ListItem\",\"position\":2,\"name\":\"Produkter\",\"item\":\"https:\\\/\\\/c-profil.se\\\/produkter\\\/\"},{\"@type\":\"ListItem\",\"position\":3,\"name\":\"Kabelgenomf\u00f6ringssystem f\u00f6r kablar med kontakt\",\"item\":\"https:\\\/\\\/c-profil.se\\\/produkt-kategori\\\/kabelgenomforingssystem-for-kablar-med-kontakt\\\/\"},{\"@type\":\"ListItem\",\"position\":4,\"name\":\"Kabelgenomf\u00f6ringsram | KEL-U \\\/ KEL-E\"}]},{\"@type\":\"WebSite\",\"@id\":\"https:\\\/\\\/c-profil.se\\\/#website\",\"url\":\"https:\\\/\\\/c-profil.se\\\/\",\"name\":\"C-Pro\",\"description\":\"Produkter f\u00f6r El och Automation\",\"publisher\":{\"@id\":\"https:\\\/\\\/c-profil.se\\\/#organization\"},\"potentialAction\":[{\"@type\":\"SearchAction\",\"target\":{\"@type\":\"EntryPoint\",\"urlTemplate\":\"https:\\\/\\\/c-profil.se\\\/?s={search_term_string}\"},\"query-input\":{\"@type\":\"PropertyValueSpecification\",\"valueRequired\":true,\"valueName\":\"search_term_string\"}}],\"inLanguage\":\"en\"},{\"@type\":\"Organization\",\"@id\":\"https:\\\/\\\/c-profil.se\\\/#organization\",\"name\":\"C-Pro\",\"alternateName\":\"C-PRO\",\"url\":\"https:\\\/\\\/c-profil.se\\\/\",\"logo\":{\"@type\":\"ImageObject\",\"inLanguage\":\"en\",\"@id\":\"https:\\\/\\\/c-profil.se\\\/#\\\/schema\\\/logo\\\/image\\\/\",\"url\":\"https:\\\/\\\/c-profil.se\\\/wp-content\\\/uploads\\\/2022\\\/03\\\/c-pro-logga-liggande-500x500-1.png\",\"contentUrl\":\"https:\\\/\\\/c-profil.se\\\/wp-content\\\/uploads\\\/2022\\\/03\\\/c-pro-logga-liggande-500x500-1.png\",\"width\":500,\"height\":500,\"caption\":\"C-Pro\"},\"image\":{\"@id\":\"https:\\\/\\\/c-profil.se\\\/#\\\/schema\\\/logo\\\/image\\\/\"},\"sameAs\":[\"https:\\\/\\\/www.facebook.com\\\/people\\\/C-Pro\\\/61561767306874\\\/\",\"https:\\\/\\\/www.linkedin.com\\\/company\\\/c-pro-ab\",\"https:\\\/\\\/www.instagram.com\\\/cpro.ab\\\/\"],\"description\":\"C-PRO AB \u00e4r en helt\u00e4ckande leverant\u00f6r av material f\u00f6r applikationer inom el och automation. \u00c4nda sedan starten 1987 har vi f\u00f6rsett den svenska tillverkande industrin med elmaterial. Trots v\u00e5r storlek och ledande position har vi aldrig \u00f6vergett v\u00e5r grundfilosofi, att vara en personlig leverant\u00f6r. Vi p\u00e5 C-PRO \u00e4r l\u00e4tta att komma i kontakt med, \u00e4rliga och brinner f\u00f6r att l\u00f6sa v\u00e5ra kunders problem.\",\"email\":\"info@c-profil.se\",\"telephone\":\"031575785\",\"legalName\":\"C-Profil F\u00f6rl\u00e4ggningsmaterial AB\",\"foundingDate\":\"1987-01-01\"}]}<\/script>\n<meta property=\"product:brand\" content=\"eftermontering\" \/>\n<meta property=\"product:price:currency\" content=\"SEK\" \/>\n<meta property=\"og:availability\" content=\"instock\" \/>\n<meta property=\"product:availability\" content=\"instock\" \/>\n<meta property=\"product:retailer_item_id\" content=\"KEL-U \/ KEL-E\" \/>\n<meta property=\"product:condition\" content=\"new\" \/>\n<!-- \/ Yoast SEO Premium plugin. -->","yoast_head_json":{"title":"Cable entry frame | KEL-U \/ KEL-E - C-Pro","description":"Cable entry frame \/ KEL-U is a split cable entry system for managing cables with connectors that provide an IP54 \/ UL type 12 rating. Read more!","robots":{"index":"index","follow":"follow","max-snippet":"max-snippet:-1","max-image-preview":"max-image-preview:large","max-video-preview":"max-video-preview:-1"},"canonical":"https:\/\/c-profil.se\/english\/product\/split-cable-entry-frame-kel-u\/","og_locale":"en_US","og_type":"article","og_title":"Kabelgenomf\u00f6ringsram | KEL-U \/ KEL-E - C-Pro","og_description":"Kabelgenomf\u00f6ringsram \/ KEL-U \/ KEL-E \u00e4r ett delat kabelgenomf\u00f6ringsssystem f\u00f6r styrning av kablar med kontakter som ger en IP54 \/ UL typ 12 rating. Styrning, t\u00e4tning och dragavlastning f\u00f6r kabeldiametrar fr\u00e5n 1 till 35 mm. Kabelgenomf\u00f6ringssystemet \u00e4r enkelt att installera.\u00a0Insatserna\u00a0placeras i fack och \u00e4r s\u00e4kert fastsatta p\u00e5 ramen under montering. KEL-U-ramen matchar exakt h\u00e5ltagningsdimensionerna f\u00f6r 10\/16\/24-stifts standard industriella kontakter. H\u00e5ltagning 36 mm eller 46 mm i h\u00f6jd kan v\u00e4ljas beroende p\u00e5 vilka kablar som ska igenom. KEL-U-B ramen matchar exakt h\u00e5ltagningsm\u00e5tt 46x46mm. KEL-E-versionen \u00e4r s\u00e4rskilt l\u00e4mpad f\u00f6r platta kontakter. Den lilla ramen \u00e4r perfekt f\u00f6r applikationer med begr\u00e4nsat utrymme.    En platt gummipackning ing\u00e5r i s\u00e4ndningen.  F\u00f6rdelar:    Snabb och enkel montering  Garantier p\u00e5 f\u00f6rkontakterade kablar bibeh\u00e5lles  Ombyggnation, reparationer och underh\u00e5ll kan g\u00f6ras mycket enklare och snabbare  H\u00f6g kabelt\u00e4thet, brett utbud av genomf\u00f6ringar  Dragavlastning enligt EN 62444  H\u00f6g stabilitet, vibrationst\u00e5lig  Platsbesparande design  \u00d6kad packningst\u00e4thet vid anv\u00e4ndning av dubbla eller fyrdubbla genomf\u00f6ringar","og_url":"https:\/\/c-profil.se\/english\/product\/split-cable-entry-frame-kel-u\/","og_site_name":"C-Pro","article_publisher":"https:\/\/www.facebook.com\/people\/C-Pro\/61561767306874\/","article_modified_time":"2026-04-28T07:24:35+00:00","og_image":[{"width":1000,"height":1000,"url":"https:\/\/c-profil.se\/wp-content\/uploads\/2021\/02\/Kabelgenomforingsram-KEL-U.jpg","type":"image\/jpeg"}],"twitter_card":"summary_large_image","twitter_misc":{"Price":"","Availability":"In stock"},"schema":{"@context":"https:\/\/schema.org","@graph":[{"@type":"WebPage","@id":"https:\/\/c-profil.se\/produkt\/kabelgenomforingsram-delbar-kel-u\/","url":"https:\/\/c-profil.se\/produkt\/kabelgenomforingsram-delbar-kel-u\/","name":"Cable entry frame | KEL-U \/ KEL-E - C-Pro","isPartOf":{"@id":"https:\/\/c-profil.se\/#website"},"primaryImageOfPage":{"@id":"https:\/\/c-profil.se\/produkt\/kabelgenomforingsram-delbar-kel-u\/#primaryimage"},"image":{"@id":"https:\/\/c-profil.se\/produkt\/kabelgenomforingsram-delbar-kel-u\/#primaryimage"},"thumbnailUrl":"https:\/\/c-profil.se\/wp-content\/uploads\/2021\/02\/Kabelgenomforingsram-KEL-U.jpg","datePublished":"2021-02-19T10:01:00+00:00","dateModified":"2026-04-28T07:24:35+00:00","description":"Cable entry frame \/ KEL-U is a split cable entry system for managing cables with connectors that provide an IP54 \/ UL type 12 rating. Read more!","breadcrumb":{"@id":"https:\/\/c-profil.se\/produkt\/kabelgenomforingsram-delbar-kel-u\/#breadcrumb"},"inLanguage":"en","potentialAction":[{"@type":"ReadAction","target":["https:\/\/c-profil.se\/produkt\/kabelgenomforingsram-delbar-kel-u\/"]}]},{"@type":"ImageObject","inLanguage":"en","@id":"https:\/\/c-profil.se\/produkt\/kabelgenomforingsram-delbar-kel-u\/#primaryimage","url":"https:\/\/c-profil.se\/wp-content\/uploads\/2021\/02\/Kabelgenomforingsram-KEL-U.jpg","contentUrl":"https:\/\/c-profil.se\/wp-content\/uploads\/2021\/02\/Kabelgenomforingsram-KEL-U.jpg","width":1000,"height":1000,"caption":"Kabelgenomf\u00f6ringsram KEL-U"},{"@type":"BreadcrumbList","@id":"https:\/\/c-profil.se\/produkt\/kabelgenomforingsram-delbar-kel-u\/#breadcrumb","itemListElement":[{"@type":"ListItem","position":1,"name":"Hem","item":"https:\/\/c-profil.se\/"},{"@type":"ListItem","position":2,"name":"Produkter","item":"https:\/\/c-profil.se\/produkter\/"},{"@type":"ListItem","position":3,"name":"Kabelgenomf\u00f6ringssystem f\u00f6r kablar med kontakt","item":"https:\/\/c-profil.se\/produkt-kategori\/kabelgenomforingssystem-for-kablar-med-kontakt\/"},{"@type":"ListItem","position":4,"name":"Kabelgenomf\u00f6ringsram | KEL-U \/ KEL-E"}]},{"@type":"WebSite","@id":"https:\/\/c-profil.se\/#website","url":"https:\/\/c-profil.se\/","name":"C-Pro","description":"Products for Electricity and Automation","publisher":{"@id":"https:\/\/c-profil.se\/#organization"},"potentialAction":[{"@type":"SearchAction","target":{"@type":"EntryPoint","urlTemplate":"https:\/\/c-profil.se\/?s={search_term_string}"},"query-input":{"@type":"PropertyValueSpecification","valueRequired":true,"valueName":"search_term_string"}}],"inLanguage":"en"},{"@type":"Organization","@id":"https:\/\/c-profil.se\/#organization","name":"C-Pro","alternateName":"C-PRO","url":"https:\/\/c-profil.se\/","logo":{"@type":"ImageObject","inLanguage":"en","@id":"https:\/\/c-profil.se\/#\/schema\/logo\/image\/","url":"https:\/\/c-profil.se\/wp-content\/uploads\/2022\/03\/c-pro-logga-liggande-500x500-1.png","contentUrl":"https:\/\/c-profil.se\/wp-content\/uploads\/2022\/03\/c-pro-logga-liggande-500x500-1.png","width":500,"height":500,"caption":"C-Pro"},"image":{"@id":"https:\/\/c-profil.se\/#\/schema\/logo\/image\/"},"sameAs":["https:\/\/www.facebook.com\/people\/C-Pro\/61561767306874\/","https:\/\/www.linkedin.com\/company\/c-pro-ab","https:\/\/www.instagram.com\/cpro.ab\/"],"description":"C-PRO AB is a comprehensive supplier of materials for applications in electricity and automation. Ever since the start in 1987, we have supplied the Swedish manufacturing industry with electrical materials. Despite our size and leading position, we have never abandoned our basic philosophy, to be a personal supplier. We at C-PRO are easy to get in touch with, honest and passionate about solving our customers&#039; problems.","email":"info@c-profil.se","telephone":"031575785","legalName":"C-Profil F\u00f6rl\u00e4ggningsmaterial AB","foundingDate":"1987-01-01"}]},"product_brand":"eftermontering","product_price_currency":"SEK","og_availability":"instock","product_availability":"instock","product_retailer_item_id":"KEL-U \/ KEL-E","product_condition":"new"},"_links":{"self":[{"href":"https:\/\/c-profil.se\/english\/wp-json\/wp\/v2\/product\/26150","targetHints":{"allow":["GET"]}}],"collection":[{"href":"https:\/\/c-profil.se\/english\/wp-json\/wp\/v2\/product"}],"about":[{"href":"https:\/\/c-profil.se\/english\/wp-json\/wp\/v2\/types\/product"}],"version-history":[{"count":10,"href":"https:\/\/c-profil.se\/english\/wp-json\/wp\/v2\/product\/26150\/revisions"}],"predecessor-version":[{"id":75233,"href":"https:\/\/c-profil.se\/english\/wp-json\/wp\/v2\/product\/26150\/revisions\/75233"}],"wp:featuredmedia":[{"embeddable":true,"href":"https:\/\/c-profil.se\/english\/wp-json\/wp\/v2\/media\/51105"}],"wp:attachment":[{"href":"https:\/\/c-profil.se\/english\/wp-json\/wp\/v2\/media?parent=26150"}],"wp:term":[{"taxonomy":"product_brand","embeddable":true,"href":"https:\/\/c-profil.se\/english\/wp-json\/wp\/v2\/product_brand?post=26150"},{"taxonomy":"product_cat","embeddable":true,"href":"https:\/\/c-profil.se\/english\/wp-json\/wp\/v2\/product_cat?post=26150"},{"taxonomy":"product_tag","embeddable":true,"href":"https:\/\/c-profil.se\/english\/wp-json\/wp\/v2\/product_tag?post=26150"}],"curies":[{"name":"wp","href":"https:\/\/api.w.org\/{rel}","templated":true}]}}