{"id":26147,"date":"2021-02-19T10:21:00","date_gmt":"2021-02-19T09:21:00","guid":{"rendered":"https:\/\/c-profil.se\/?post_type=product&#038;p=26147"},"modified":"2026-04-27T14:40:46","modified_gmt":"2026-04-27T13:40:46","slug":"split-cable-entry-frame-kel-er","status":"publish","type":"product","link":"https:\/\/c-profil.se\/english\/produkt\/kabelgenomforingsram-kel-er\/","title":{"rendered":"Cable entry frame | KEL-ER"},"content":{"rendered":"<p><strong>KEL-ER is a divisible cable entry system for industrial installations<\/strong>, developed for sealing and strain relief of cables with connectors at high protection class.<br \/>\nThe system provides high cable density, simplifies retrofitting and is adapted for standardized industrial hole cuts.<\/p>","protected":false},"excerpt":{"rendered":"<p class=\"ai-optimize-31 ai-optimize-introduction\">A split cable entry system for guiding and sealing cables with connectors, providing IP66 \/ up to UL Type 4X* classification and strain relief for cable diameters from 1 to 16 mm (1-hole entry KT 1-15) and 13 to 35 mm (single-hole entry KTG 13 \u2013 KT 34).<\/p>\n<p class=\"ai-optimize-32\">The cable entry system is easy to install.\u00a0<a href=\"https:\/\/c-profil.se\/english\/product\/split-cable-grommets-kt\/\">The efforts<\/a>\u00a0are placed in compartments and are securely attached to the frame during assembly. The KEL-ER frame exactly matches the hole dimensions for 10\/16\/24-pin standard industrial connectors. Holes 36 mm or 46 mm in height can be selected depending on which cables are to be passed through. The KEL-ER-B frame exactly matches the hole dimensions 46x46mm.<\/p>\n<p class=\"ai-optimize-33\">The KEL-ER-E version is particularly suitable for flat contacts. The small frame is perfect for applications with limited space.<\/p>\n<ul>\n<li class=\"ai-optimize-34\">A flat rubber gasket is included in the shipment.<\/li>\n<li class=\"ai-optimize-34\">*4X for indoor use only<\/li>\n<\/ul>\n<p class=\"ai-optimize-37\"><strong>Advantages:<\/strong><\/p>\n<ul>\n<li class=\"ai-optimize-38\">Warranties on pre-connected cables are maintained<\/li>\n<li class=\"ai-optimize-38\">Remodeling, repairs and maintenance can be done much easier and faster<\/li>\n<li class=\"ai-optimize-38\">High cable density, wide variety of grommets<\/li>\n<li class=\"ai-optimize-38\">Strain relief according to EN 62444<\/li>\n<li class=\"ai-optimize-38\">High stability, vibration resistant<\/li>\n<li class=\"ai-optimize-38\">Space-saving design<\/li>\n<\/ul>","protected":false},"featured_media":51053,"template":"","meta":{"_acf_changed":false},"product_brand":[740],"product_cat":[305],"product_tag":[953,992,938,1005,939],"class_list":{"0":"post-26147","1":"product","2":"type-product","3":"status-publish","4":"has-post-thumbnail","6":"product_brand-icotek","7":"product_cat-kabelgenomforingssystem-for-kablar-med-kontakt","8":"product_tag-eftermontering","9":"product_tag-kabelgenomforing","10":"product_tag-kabelinforing","11":"product_tag-platbearbetning","12":"product_tag-tatning","14":"first","15":"instock","16":"shipping-taxable","17":"product-type-simple"},"acf":[],"yoast_head":"<!-- This site is optimized with the Yoast SEO Premium plugin v27.5 (Yoast SEO v27.5) - https:\/\/yoast.com\/product\/yoast-seo-premium-wordpress\/ -->\n<title>Kabelgenomf\u00f6ringsram | KEL-ER - C-Pro<\/title>\n<meta name=\"description\" content=\"S\u00e4kra och t\u00e4ta dina kablar med Kabelgenomf\u00f6ringsram \/ KEL-ER. Enkel installation och flexibel dragavlastning. F\u00f6r kabeldiametrar upp till 35 mm. Best\u00e4ll nu!\" \/>\n<meta name=\"robots\" content=\"index, follow, max-snippet:-1, max-image-preview:large, max-video-preview:-1\" \/>\n<link rel=\"canonical\" href=\"https:\/\/c-profil.se\/english\/product\/split-cable-entry-frame-kel-er\/\" \/>\n<meta property=\"og:locale\" content=\"en_US\" \/>\n<meta property=\"og:type\" content=\"article\" \/>\n<meta property=\"og:title\" content=\"Kabelgenomf\u00f6ringsram | KEL-ER - C-Pro\" \/>\n<meta property=\"og:description\" content=\"Ett delat kabelgenomf\u00f6ringssystem f\u00f6r styrning och t\u00e4tning av kablar med kontakter, vilket ger IP66 \/ upp till UL-typ 4X*-klassificering och dragavlastning f\u00f6r kabeldiametrar fr\u00e5n 1 till 16 mm (1-genomf\u00f6ring KT 1-15) och 13\u00a0till 35 mm (enkelh\u00e5lsenomf\u00f6rings KTG 13\u00a0\u2013 KT 34). Kabelgenomf\u00f6ringssystemet \u00e4r enkelt att installera.\u00a0Insatserna\u00a0placeras i fack och \u00e4r s\u00e4kert fastsatta p\u00e5 ramen under montering. KEL-ER-ramen matchar exakt h\u00e5ltagningsdimensionerna f\u00f6r 10\/16\/24-stifts standard industriella kontakter. H\u00e5ltagning 36 mm eller 46 mm i h\u00f6jd kan v\u00e4ljas beroende p\u00e5 vilka kablar som ska igenom. KEL-ER-B-ramen matchar exakt h\u00e5ltagningsdimensionerna 46x46mm. KEL-ER-E-versionen \u00e4r s\u00e4rskilt l\u00e4mpad f\u00f6r platta kontakter. Den lilla ramen \u00e4r perfekt f\u00f6r applikationer med begr\u00e4nsat utrymme.    En platt gummipackning ing\u00e5r i s\u00e4ndningen.  *4X endast f\u00f6r inomhusbruk  F\u00f6rdelar:    Garantier p\u00e5 f\u00f6rkontakterade kablar bibeh\u00e5lles  Ombyggnation, reparationer och underh\u00e5ll kan g\u00f6ras mycket enklare och snabbare  H\u00f6g kabelt\u00e4thet, brett utbud av genomf\u00f6ringar  Dragavlastning enligt EN 62444  H\u00f6g stabilitet, vibrationst\u00e5lig  Platsbesparande design\" \/>\n<meta property=\"og:url\" content=\"https:\/\/c-profil.se\/english\/product\/split-cable-entry-frame-kel-er\/\" \/>\n<meta property=\"og:site_name\" content=\"C-Pro\" \/>\n<meta property=\"article:publisher\" content=\"https:\/\/www.facebook.com\/people\/C-Pro\/61561767306874\/\" \/>\n<meta property=\"article:modified_time\" content=\"2026-04-27T13:40:46+00:00\" \/>\n<meta property=\"og:image\" content=\"https:\/\/c-profil.se\/wp-content\/uploads\/2021\/02\/Kabelgenomforingsram-KEL-ER.jpg\" \/>\n\t<meta property=\"og:image:width\" content=\"1000\" \/>\n\t<meta property=\"og:image:height\" content=\"1000\" \/>\n\t<meta property=\"og:image:type\" content=\"image\/jpeg\" \/>\n<meta name=\"twitter:card\" content=\"summary_large_image\" \/>\n<meta name=\"twitter:label1\" content=\"Price\" \/>\n\t<meta name=\"twitter:data1\" content=\"\" \/>\n\t<meta name=\"twitter:label2\" content=\"Availability\" \/>\n\t<meta name=\"twitter:data2\" content=\"In stock\" \/>\n<script type=\"application\/ld+json\" class=\"yoast-schema-graph\">{\"@context\":\"https:\\\/\\\/schema.org\",\"@graph\":[{\"@type\":\"WebPage\",\"@id\":\"https:\\\/\\\/c-profil.se\\\/produkt\\\/kabelgenomforingsram-kel-er\\\/\",\"url\":\"https:\\\/\\\/c-profil.se\\\/produkt\\\/kabelgenomforingsram-kel-er\\\/\",\"name\":\"Kabelgenomf\u00f6ringsram | KEL-ER - C-Pro\",\"isPartOf\":{\"@id\":\"https:\\\/\\\/c-profil.se\\\/#website\"},\"primaryImageOfPage\":{\"@id\":\"https:\\\/\\\/c-profil.se\\\/produkt\\\/kabelgenomforingsram-kel-er\\\/#primaryimage\"},\"image\":{\"@id\":\"https:\\\/\\\/c-profil.se\\\/produkt\\\/kabelgenomforingsram-kel-er\\\/#primaryimage\"},\"thumbnailUrl\":\"https:\\\/\\\/c-profil.se\\\/wp-content\\\/uploads\\\/2021\\\/02\\\/Kabelgenomforingsram-KEL-ER.jpg\",\"datePublished\":\"2021-02-19T09:21:00+00:00\",\"dateModified\":\"2026-04-27T13:40:46+00:00\",\"description\":\"S\u00e4kra och t\u00e4ta dina kablar med Kabelgenomf\u00f6ringsram \\\/ KEL-ER. Enkel installation och flexibel dragavlastning. F\u00f6r kabeldiametrar upp till 35 mm. Best\u00e4ll nu!\",\"breadcrumb\":{\"@id\":\"https:\\\/\\\/c-profil.se\\\/produkt\\\/kabelgenomforingsram-kel-er\\\/#breadcrumb\"},\"inLanguage\":\"en\",\"potentialAction\":[{\"@type\":\"ReadAction\",\"target\":[\"https:\\\/\\\/c-profil.se\\\/produkt\\\/kabelgenomforingsram-kel-er\\\/\"]}]},{\"@type\":\"ImageObject\",\"inLanguage\":\"en\",\"@id\":\"https:\\\/\\\/c-profil.se\\\/produkt\\\/kabelgenomforingsram-kel-er\\\/#primaryimage\",\"url\":\"https:\\\/\\\/c-profil.se\\\/wp-content\\\/uploads\\\/2021\\\/02\\\/Kabelgenomforingsram-KEL-ER.jpg\",\"contentUrl\":\"https:\\\/\\\/c-profil.se\\\/wp-content\\\/uploads\\\/2021\\\/02\\\/Kabelgenomforingsram-KEL-ER.jpg\",\"width\":1000,\"height\":1000,\"caption\":\"Kabelgenomf\u00f6ringsram KEL-ER\"},{\"@type\":\"BreadcrumbList\",\"@id\":\"https:\\\/\\\/c-profil.se\\\/produkt\\\/kabelgenomforingsram-kel-er\\\/#breadcrumb\",\"itemListElement\":[{\"@type\":\"ListItem\",\"position\":1,\"name\":\"Hem\",\"item\":\"https:\\\/\\\/c-profil.se\\\/\"},{\"@type\":\"ListItem\",\"position\":2,\"name\":\"Produkter\",\"item\":\"https:\\\/\\\/c-profil.se\\\/produkter\\\/\"},{\"@type\":\"ListItem\",\"position\":3,\"name\":\"Kabelgenomf\u00f6ringssystem f\u00f6r kablar med kontakt\",\"item\":\"https:\\\/\\\/c-profil.se\\\/produkt-kategori\\\/kabelgenomforingssystem-for-kablar-med-kontakt\\\/\"},{\"@type\":\"ListItem\",\"position\":4,\"name\":\"Kabelgenomf\u00f6ringsram | KEL-ER\"}]},{\"@type\":\"WebSite\",\"@id\":\"https:\\\/\\\/c-profil.se\\\/#website\",\"url\":\"https:\\\/\\\/c-profil.se\\\/\",\"name\":\"C-Pro\",\"description\":\"Produkter f\u00f6r El och Automation\",\"publisher\":{\"@id\":\"https:\\\/\\\/c-profil.se\\\/#organization\"},\"potentialAction\":[{\"@type\":\"SearchAction\",\"target\":{\"@type\":\"EntryPoint\",\"urlTemplate\":\"https:\\\/\\\/c-profil.se\\\/?s={search_term_string}\"},\"query-input\":{\"@type\":\"PropertyValueSpecification\",\"valueRequired\":true,\"valueName\":\"search_term_string\"}}],\"inLanguage\":\"en\"},{\"@type\":\"Organization\",\"@id\":\"https:\\\/\\\/c-profil.se\\\/#organization\",\"name\":\"C-Pro\",\"alternateName\":\"C-PRO\",\"url\":\"https:\\\/\\\/c-profil.se\\\/\",\"logo\":{\"@type\":\"ImageObject\",\"inLanguage\":\"en\",\"@id\":\"https:\\\/\\\/c-profil.se\\\/#\\\/schema\\\/logo\\\/image\\\/\",\"url\":\"https:\\\/\\\/c-profil.se\\\/wp-content\\\/uploads\\\/2022\\\/03\\\/c-pro-logga-liggande-500x500-1.png\",\"contentUrl\":\"https:\\\/\\\/c-profil.se\\\/wp-content\\\/uploads\\\/2022\\\/03\\\/c-pro-logga-liggande-500x500-1.png\",\"width\":500,\"height\":500,\"caption\":\"C-Pro\"},\"image\":{\"@id\":\"https:\\\/\\\/c-profil.se\\\/#\\\/schema\\\/logo\\\/image\\\/\"},\"sameAs\":[\"https:\\\/\\\/www.facebook.com\\\/people\\\/C-Pro\\\/61561767306874\\\/\",\"https:\\\/\\\/www.linkedin.com\\\/company\\\/c-pro-ab\",\"https:\\\/\\\/www.instagram.com\\\/cpro.ab\\\/\"],\"description\":\"C-PRO AB \u00e4r en helt\u00e4ckande leverant\u00f6r av material f\u00f6r applikationer inom el och automation. \u00c4nda sedan starten 1987 har vi f\u00f6rsett den svenska tillverkande industrin med elmaterial. Trots v\u00e5r storlek och ledande position har vi aldrig \u00f6vergett v\u00e5r grundfilosofi, att vara en personlig leverant\u00f6r. Vi p\u00e5 C-PRO \u00e4r l\u00e4tta att komma i kontakt med, \u00e4rliga och brinner f\u00f6r att l\u00f6sa v\u00e5ra kunders problem.\",\"email\":\"info@c-profil.se\",\"telephone\":\"031575785\",\"legalName\":\"C-Profil F\u00f6rl\u00e4ggningsmaterial AB\",\"foundingDate\":\"1987-01-01\"}]}<\/script>\n<meta property=\"product:brand\" content=\"eftermontering\" \/>\n<meta property=\"product:price:currency\" content=\"SEK\" \/>\n<meta property=\"og:availability\" content=\"instock\" \/>\n<meta property=\"product:availability\" content=\"instock\" \/>\n<meta property=\"product:retailer_item_id\" content=\"KEL-ER\" \/>\n<meta property=\"product:condition\" content=\"new\" \/>\n<!-- \/ Yoast SEO Premium plugin. -->","yoast_head_json":{"title":"Cable entry frame | KEL-ER - C-Pro","description":"Secure and seal your cables with Cable Entry Frame \/ KEL-ER. Easy installation and flexible strain relief. For cable diameters up to 35 mm. Order now!","robots":{"index":"index","follow":"follow","max-snippet":"max-snippet:-1","max-image-preview":"max-image-preview:large","max-video-preview":"max-video-preview:-1"},"canonical":"https:\/\/c-profil.se\/english\/product\/split-cable-entry-frame-kel-er\/","og_locale":"en_US","og_type":"article","og_title":"Kabelgenomf\u00f6ringsram | KEL-ER - C-Pro","og_description":"Ett delat kabelgenomf\u00f6ringssystem f\u00f6r styrning och t\u00e4tning av kablar med kontakter, vilket ger IP66 \/ upp till UL-typ 4X*-klassificering och dragavlastning f\u00f6r kabeldiametrar fr\u00e5n 1 till 16 mm (1-genomf\u00f6ring KT 1-15) och 13\u00a0till 35 mm (enkelh\u00e5lsenomf\u00f6rings KTG 13\u00a0\u2013 KT 34). Kabelgenomf\u00f6ringssystemet \u00e4r enkelt att installera.\u00a0Insatserna\u00a0placeras i fack och \u00e4r s\u00e4kert fastsatta p\u00e5 ramen under montering. KEL-ER-ramen matchar exakt h\u00e5ltagningsdimensionerna f\u00f6r 10\/16\/24-stifts standard industriella kontakter. H\u00e5ltagning 36 mm eller 46 mm i h\u00f6jd kan v\u00e4ljas beroende p\u00e5 vilka kablar som ska igenom. KEL-ER-B-ramen matchar exakt h\u00e5ltagningsdimensionerna 46x46mm. KEL-ER-E-versionen \u00e4r s\u00e4rskilt l\u00e4mpad f\u00f6r platta kontakter. Den lilla ramen \u00e4r perfekt f\u00f6r applikationer med begr\u00e4nsat utrymme.    En platt gummipackning ing\u00e5r i s\u00e4ndningen.  *4X endast f\u00f6r inomhusbruk  F\u00f6rdelar:    Garantier p\u00e5 f\u00f6rkontakterade kablar bibeh\u00e5lles  Ombyggnation, reparationer och underh\u00e5ll kan g\u00f6ras mycket enklare och snabbare  H\u00f6g kabelt\u00e4thet, brett utbud av genomf\u00f6ringar  Dragavlastning enligt EN 62444  H\u00f6g stabilitet, vibrationst\u00e5lig  Platsbesparande design","og_url":"https:\/\/c-profil.se\/english\/product\/split-cable-entry-frame-kel-er\/","og_site_name":"C-Pro","article_publisher":"https:\/\/www.facebook.com\/people\/C-Pro\/61561767306874\/","article_modified_time":"2026-04-27T13:40:46+00:00","og_image":[{"width":1000,"height":1000,"url":"https:\/\/c-profil.se\/wp-content\/uploads\/2021\/02\/Kabelgenomforingsram-KEL-ER.jpg","type":"image\/jpeg"}],"twitter_card":"summary_large_image","twitter_misc":{"Price":"","Availability":"In stock"},"schema":{"@context":"https:\/\/schema.org","@graph":[{"@type":"WebPage","@id":"https:\/\/c-profil.se\/produkt\/kabelgenomforingsram-kel-er\/","url":"https:\/\/c-profil.se\/produkt\/kabelgenomforingsram-kel-er\/","name":"Cable entry frame | KEL-ER - C-Pro","isPartOf":{"@id":"https:\/\/c-profil.se\/#website"},"primaryImageOfPage":{"@id":"https:\/\/c-profil.se\/produkt\/kabelgenomforingsram-kel-er\/#primaryimage"},"image":{"@id":"https:\/\/c-profil.se\/produkt\/kabelgenomforingsram-kel-er\/#primaryimage"},"thumbnailUrl":"https:\/\/c-profil.se\/wp-content\/uploads\/2021\/02\/Kabelgenomforingsram-KEL-ER.jpg","datePublished":"2021-02-19T09:21:00+00:00","dateModified":"2026-04-27T13:40:46+00:00","description":"Secure and seal your cables with Cable Entry Frame \/ KEL-ER. Easy installation and flexible strain relief. For cable diameters up to 35 mm. Order now!","breadcrumb":{"@id":"https:\/\/c-profil.se\/produkt\/kabelgenomforingsram-kel-er\/#breadcrumb"},"inLanguage":"en","potentialAction":[{"@type":"ReadAction","target":["https:\/\/c-profil.se\/produkt\/kabelgenomforingsram-kel-er\/"]}]},{"@type":"ImageObject","inLanguage":"en","@id":"https:\/\/c-profil.se\/produkt\/kabelgenomforingsram-kel-er\/#primaryimage","url":"https:\/\/c-profil.se\/wp-content\/uploads\/2021\/02\/Kabelgenomforingsram-KEL-ER.jpg","contentUrl":"https:\/\/c-profil.se\/wp-content\/uploads\/2021\/02\/Kabelgenomforingsram-KEL-ER.jpg","width":1000,"height":1000,"caption":"Kabelgenomf\u00f6ringsram KEL-ER"},{"@type":"BreadcrumbList","@id":"https:\/\/c-profil.se\/produkt\/kabelgenomforingsram-kel-er\/#breadcrumb","itemListElement":[{"@type":"ListItem","position":1,"name":"Hem","item":"https:\/\/c-profil.se\/"},{"@type":"ListItem","position":2,"name":"Produkter","item":"https:\/\/c-profil.se\/produkter\/"},{"@type":"ListItem","position":3,"name":"Kabelgenomf\u00f6ringssystem f\u00f6r kablar med kontakt","item":"https:\/\/c-profil.se\/produkt-kategori\/kabelgenomforingssystem-for-kablar-med-kontakt\/"},{"@type":"ListItem","position":4,"name":"Kabelgenomf\u00f6ringsram | KEL-ER"}]},{"@type":"WebSite","@id":"https:\/\/c-profil.se\/#website","url":"https:\/\/c-profil.se\/","name":"C-Pro","description":"Products for Electricity and Automation","publisher":{"@id":"https:\/\/c-profil.se\/#organization"},"potentialAction":[{"@type":"SearchAction","target":{"@type":"EntryPoint","urlTemplate":"https:\/\/c-profil.se\/?s={search_term_string}"},"query-input":{"@type":"PropertyValueSpecification","valueRequired":true,"valueName":"search_term_string"}}],"inLanguage":"en"},{"@type":"Organization","@id":"https:\/\/c-profil.se\/#organization","name":"C-Pro","alternateName":"C-PRO","url":"https:\/\/c-profil.se\/","logo":{"@type":"ImageObject","inLanguage":"en","@id":"https:\/\/c-profil.se\/#\/schema\/logo\/image\/","url":"https:\/\/c-profil.se\/wp-content\/uploads\/2022\/03\/c-pro-logga-liggande-500x500-1.png","contentUrl":"https:\/\/c-profil.se\/wp-content\/uploads\/2022\/03\/c-pro-logga-liggande-500x500-1.png","width":500,"height":500,"caption":"C-Pro"},"image":{"@id":"https:\/\/c-profil.se\/#\/schema\/logo\/image\/"},"sameAs":["https:\/\/www.facebook.com\/people\/C-Pro\/61561767306874\/","https:\/\/www.linkedin.com\/company\/c-pro-ab","https:\/\/www.instagram.com\/cpro.ab\/"],"description":"C-PRO AB is a comprehensive supplier of materials for applications in electricity and automation. Ever since the start in 1987, we have supplied the Swedish manufacturing industry with electrical materials. Despite our size and leading position, we have never abandoned our basic philosophy, to be a personal supplier. We at C-PRO are easy to get in touch with, honest and passionate about solving our customers&#039; problems.","email":"info@c-profil.se","telephone":"031575785","legalName":"C-Profil F\u00f6rl\u00e4ggningsmaterial AB","foundingDate":"1987-01-01"}]},"product_brand":"eftermontering","product_price_currency":"SEK","og_availability":"instock","product_availability":"instock","product_retailer_item_id":"KEL-ER","product_condition":"new"},"_links":{"self":[{"href":"https:\/\/c-profil.se\/english\/wp-json\/wp\/v2\/product\/26147","targetHints":{"allow":["GET"]}}],"collection":[{"href":"https:\/\/c-profil.se\/english\/wp-json\/wp\/v2\/product"}],"about":[{"href":"https:\/\/c-profil.se\/english\/wp-json\/wp\/v2\/types\/product"}],"version-history":[{"count":10,"href":"https:\/\/c-profil.se\/english\/wp-json\/wp\/v2\/product\/26147\/revisions"}],"predecessor-version":[{"id":75232,"href":"https:\/\/c-profil.se\/english\/wp-json\/wp\/v2\/product\/26147\/revisions\/75232"}],"wp:featuredmedia":[{"embeddable":true,"href":"https:\/\/c-profil.se\/english\/wp-json\/wp\/v2\/media\/51053"}],"wp:attachment":[{"href":"https:\/\/c-profil.se\/english\/wp-json\/wp\/v2\/media?parent=26147"}],"wp:term":[{"taxonomy":"product_brand","embeddable":true,"href":"https:\/\/c-profil.se\/english\/wp-json\/wp\/v2\/product_brand?post=26147"},{"taxonomy":"product_cat","embeddable":true,"href":"https:\/\/c-profil.se\/english\/wp-json\/wp\/v2\/product_cat?post=26147"},{"taxonomy":"product_tag","embeddable":true,"href":"https:\/\/c-profil.se\/english\/wp-json\/wp\/v2\/product_tag?post=26147"}],"curies":[{"name":"wp","href":"https:\/\/api.w.org\/{rel}","templated":true}]}}