{"id":26057,"date":"2021-02-12T09:14:00","date_gmt":"2021-02-12T08:14:00","guid":{"rendered":"https:\/\/c-profil.se\/?post_type=product&#038;p=26057"},"modified":"2026-03-19T14:29:06","modified_gmt":"2026-03-19T13:29:06","slug":"cutter-for-cable-ducts","status":"publish","type":"product","link":"https:\/\/c-profil.se\/english\/produkt\/kap-for-kabelkanaler\/","title":{"rendered":"Cutter for Cable Ducts"},"content":{"rendered":"<p><strong>Cable duct cutter provides fast and precise cutting of cable ducts and covers<\/strong> with perfect straight cuts without burrs.<br \/>\nIt is designed to simplify work and provide a professional result with every cut.<\/p>","protected":false},"excerpt":{"rendered":"<p class=\"ai-optimize-26\">Cable duct cutter \u2013 Fast and precise cutting of cable ducts and covers.<\/p>\n<p class=\"ai-optimize-26\">Our Cable Duct Cutter provides a smooth and efficient solution for cutting cable ducts and covers with perfect straight cuts without burrs. The cutter is designed to make your work easier, faster and more precise.<\/p>\n<p class=\"ai-optimize-27\"><strong>Product benefits:<\/strong><\/p>\n<ul>\n<li class=\"ai-optimize-28\"><strong>Perfect straight cuts<\/strong> \u2013 Lever and guide ensure clean and precise cuts every time.<\/li>\n<li class=\"ai-optimize-28\"><strong>Capacity up to 125 mm width<\/strong> \u2013 Accommodates cable ducts and covers in various sizes up to 125 mm.<\/li>\n<li class=\"ai-optimize-28\"><strong>Convenient delivery<\/strong> \u2013 Includes lever, guide and 1 meter long ruler for easy measuring and cutting.<\/li>\n<li class=\"ai-optimize-28\"><strong>Easy handling<\/strong> \u2013 Ergonomic design that facilitates installation and adjustment on site.<\/li>\n<\/ul>\n<p class=\"ai-optimize-32\">We also offer <strong>cutting and customizing cable ducts and covers to your exact requirements<\/strong> \u2013 <a href=\"mailto:info@c-profil.se\">contact us<\/a> for tailor-made solutions!<\/p>","protected":false},"featured_media":51322,"template":"","meta":{"_acf_changed":false},"product_brand":[],"product_cat":[762],"product_tag":[1002,1003,1001],"class_list":{"0":"post-26057","1":"product","2":"type-product","3":"status-publish","4":"has-post-thumbnail","6":"product_cat-verktyg","7":"product_tag-kabelkanaler","8":"product_tag-kapning","9":"product_tag-verktyg","11":"first","12":"instock","13":"shipping-taxable","14":"product-type-simple"},"acf":[],"yoast_head":"<!-- This site is optimized with the Yoast SEO Premium plugin v27.5 (Yoast SEO v27.5) - https:\/\/yoast.com\/product\/yoast-seo-premium-wordpress\/ -->\n<title>Kap f\u00f6r kabelkanaler - C-Pro<\/title>\n<meta name=\"description\" content=\"Anv\u00e4nd v\u00e5r Kap f\u00f6r kabelkanaler, F\u00f6r snabb och enkel kapning av kabelkanaler &amp; lock. Kapen ger dig perfekta raka snitt utan grader.\" \/>\n<meta name=\"robots\" content=\"index, follow, max-snippet:-1, max-image-preview:large, max-video-preview:-1\" \/>\n<link rel=\"canonical\" href=\"https:\/\/c-profil.se\/english\/product\/cutter-for-cable-ducts\/\" \/>\n<meta property=\"og:locale\" content=\"en_US\" \/>\n<meta property=\"og:type\" content=\"article\" \/>\n<meta property=\"og:title\" content=\"Kap f\u00f6r kabelkanaler - C-Pro\" \/>\n<meta property=\"og:description\" content=\"Kap f\u00f6r kabelkanaler \u2013 Snabb och precis kapning av kabelkanaler och lock. Med v\u00e5r Kap f\u00f6r kabelkanaler f\u00e5r du en smidig och effektiv l\u00f6sning f\u00f6r att kapa kabelkanaler och lock med perfekta raka snitt utan grader. Kapen \u00e4r utformad f\u00f6r att g\u00f6ra ditt arbete enklare, snabbare och mer exakt. Produktens f\u00f6rdelar:    Perfekta raka snitt \u2013 H\u00e4varm och styrguide garanterar rena och exakta kapningar varje g\u00e5ng.  Kapacitet upp till 125 mm bredd \u2013 Klarar kabelkanaler och lock i olika storlekar upp till 125 mm.  Praktisk leverans \u2013 Inkluderar h\u00e4varm, styrguide och 1 meter l\u00e5ng linjal f\u00f6r enkel m\u00e4tning och kapning.  Enkel hantering \u2013 Ergonomisk design som underl\u00e4ttar vid installation och anpassning p\u00e5 plats.  Vi erbjuder \u00e4ven kapning och anpassning av kabelkanaler och lock efter dina exakta \u00f6nskem\u00e5l \u2013 kontakta oss f\u00f6r skr\u00e4ddarsydda l\u00f6sningar!\" \/>\n<meta property=\"og:url\" content=\"https:\/\/c-profil.se\/english\/product\/cutter-for-cable-ducts\/\" \/>\n<meta property=\"og:site_name\" content=\"C-Pro\" \/>\n<meta property=\"article:publisher\" content=\"https:\/\/www.facebook.com\/people\/C-Pro\/61561767306874\/\" \/>\n<meta property=\"article:modified_time\" content=\"2026-03-19T13:29:06+00:00\" \/>\n<meta property=\"og:image\" content=\"https:\/\/c-profil.se\/wp-content\/uploads\/2021\/02\/Kap-for-kabelkanaler.jpg\" \/>\n\t<meta property=\"og:image:width\" content=\"1000\" \/>\n\t<meta property=\"og:image:height\" content=\"1000\" \/>\n\t<meta property=\"og:image:type\" content=\"image\/jpeg\" \/>\n<meta name=\"twitter:card\" content=\"summary_large_image\" \/>\n<meta name=\"twitter:label1\" content=\"Price\" \/>\n\t<meta name=\"twitter:data1\" content=\"\" \/>\n\t<meta name=\"twitter:label2\" content=\"Availability\" \/>\n\t<meta name=\"twitter:data2\" content=\"In stock\" \/>\n<script type=\"application\/ld+json\" class=\"yoast-schema-graph\">{\"@context\":\"https:\\\/\\\/schema.org\",\"@graph\":[{\"@type\":\"WebPage\",\"@id\":\"https:\\\/\\\/c-profil.se\\\/produkt\\\/kap-for-kabelkanaler\\\/\",\"url\":\"https:\\\/\\\/c-profil.se\\\/produkt\\\/kap-for-kabelkanaler\\\/\",\"name\":\"Kap f\u00f6r kabelkanaler - C-Pro\",\"isPartOf\":{\"@id\":\"https:\\\/\\\/c-profil.se\\\/#website\"},\"primaryImageOfPage\":{\"@id\":\"https:\\\/\\\/c-profil.se\\\/produkt\\\/kap-for-kabelkanaler\\\/#primaryimage\"},\"image\":{\"@id\":\"https:\\\/\\\/c-profil.se\\\/produkt\\\/kap-for-kabelkanaler\\\/#primaryimage\"},\"thumbnailUrl\":\"https:\\\/\\\/c-profil.se\\\/wp-content\\\/uploads\\\/2021\\\/02\\\/Kap-for-kabelkanaler.jpg\",\"datePublished\":\"2021-02-12T08:14:00+00:00\",\"dateModified\":\"2026-03-19T13:29:06+00:00\",\"description\":\"Anv\u00e4nd v\u00e5r Kap f\u00f6r kabelkanaler, F\u00f6r snabb och enkel kapning av kabelkanaler & lock. Kapen ger dig perfekta raka snitt utan grader.\",\"breadcrumb\":{\"@id\":\"https:\\\/\\\/c-profil.se\\\/produkt\\\/kap-for-kabelkanaler\\\/#breadcrumb\"},\"inLanguage\":\"en\",\"potentialAction\":[{\"@type\":\"ReadAction\",\"target\":[\"https:\\\/\\\/c-profil.se\\\/produkt\\\/kap-for-kabelkanaler\\\/\"]}]},{\"@type\":\"ImageObject\",\"inLanguage\":\"en\",\"@id\":\"https:\\\/\\\/c-profil.se\\\/produkt\\\/kap-for-kabelkanaler\\\/#primaryimage\",\"url\":\"https:\\\/\\\/c-profil.se\\\/wp-content\\\/uploads\\\/2021\\\/02\\\/Kap-for-kabelkanaler.jpg\",\"contentUrl\":\"https:\\\/\\\/c-profil.se\\\/wp-content\\\/uploads\\\/2021\\\/02\\\/Kap-for-kabelkanaler.jpg\",\"width\":1000,\"height\":1000,\"caption\":\"Kap f\u00f6r kabelkanaler\"},{\"@type\":\"BreadcrumbList\",\"@id\":\"https:\\\/\\\/c-profil.se\\\/produkt\\\/kap-for-kabelkanaler\\\/#breadcrumb\",\"itemListElement\":[{\"@type\":\"ListItem\",\"position\":1,\"name\":\"Hem\",\"item\":\"https:\\\/\\\/c-profil.se\\\/\"},{\"@type\":\"ListItem\",\"position\":2,\"name\":\"Produkter\",\"item\":\"https:\\\/\\\/c-profil.se\\\/produkter\\\/\"},{\"@type\":\"ListItem\",\"position\":3,\"name\":\"Verktyg\",\"item\":\"https:\\\/\\\/c-profil.se\\\/produkt-kategori\\\/verktyg\\\/\"},{\"@type\":\"ListItem\",\"position\":4,\"name\":\"Kap f\u00f6r kabelkanaler\"}]},{\"@type\":\"WebSite\",\"@id\":\"https:\\\/\\\/c-profil.se\\\/#website\",\"url\":\"https:\\\/\\\/c-profil.se\\\/\",\"name\":\"C-Pro\",\"description\":\"Produkter f\u00f6r El och Automation\",\"publisher\":{\"@id\":\"https:\\\/\\\/c-profil.se\\\/#organization\"},\"potentialAction\":[{\"@type\":\"SearchAction\",\"target\":{\"@type\":\"EntryPoint\",\"urlTemplate\":\"https:\\\/\\\/c-profil.se\\\/?s={search_term_string}\"},\"query-input\":{\"@type\":\"PropertyValueSpecification\",\"valueRequired\":true,\"valueName\":\"search_term_string\"}}],\"inLanguage\":\"en\"},{\"@type\":\"Organization\",\"@id\":\"https:\\\/\\\/c-profil.se\\\/#organization\",\"name\":\"C-Pro\",\"alternateName\":\"C-PRO\",\"url\":\"https:\\\/\\\/c-profil.se\\\/\",\"logo\":{\"@type\":\"ImageObject\",\"inLanguage\":\"en\",\"@id\":\"https:\\\/\\\/c-profil.se\\\/#\\\/schema\\\/logo\\\/image\\\/\",\"url\":\"https:\\\/\\\/c-profil.se\\\/wp-content\\\/uploads\\\/2022\\\/03\\\/c-pro-logga-liggande-500x500-1.png\",\"contentUrl\":\"https:\\\/\\\/c-profil.se\\\/wp-content\\\/uploads\\\/2022\\\/03\\\/c-pro-logga-liggande-500x500-1.png\",\"width\":500,\"height\":500,\"caption\":\"C-Pro\"},\"image\":{\"@id\":\"https:\\\/\\\/c-profil.se\\\/#\\\/schema\\\/logo\\\/image\\\/\"},\"sameAs\":[\"https:\\\/\\\/www.facebook.com\\\/people\\\/C-Pro\\\/61561767306874\\\/\",\"https:\\\/\\\/www.linkedin.com\\\/company\\\/c-pro-ab\",\"https:\\\/\\\/www.instagram.com\\\/cpro.ab\\\/\"],\"description\":\"C-PRO AB \u00e4r en helt\u00e4ckande leverant\u00f6r av material f\u00f6r applikationer inom el och automation. \u00c4nda sedan starten 1987 har vi f\u00f6rsett den svenska tillverkande industrin med elmaterial. Trots v\u00e5r storlek och ledande position har vi aldrig \u00f6vergett v\u00e5r grundfilosofi, att vara en personlig leverant\u00f6r. Vi p\u00e5 C-PRO \u00e4r l\u00e4tta att komma i kontakt med, \u00e4rliga och brinner f\u00f6r att l\u00f6sa v\u00e5ra kunders problem.\",\"email\":\"info@c-profil.se\",\"telephone\":\"031575785\",\"legalName\":\"C-Profil F\u00f6rl\u00e4ggningsmaterial AB\",\"foundingDate\":\"1987-01-01\"}]}<\/script>\n<meta property=\"product:brand\" content=\"kabelkanaler\" \/>\n<meta property=\"product:price:currency\" content=\"SEK\" \/>\n<meta property=\"og:availability\" content=\"instock\" \/>\n<meta property=\"product:availability\" content=\"instock\" \/>\n<meta property=\"product:retailer_item_id\" content=\"600900\" \/>\n<meta property=\"product:condition\" content=\"new\" \/>\n<!-- \/ Yoast SEO Premium plugin. -->","yoast_head_json":{"title":"Cutter for Cable Ducts - C-Pro","description":"Use our Cutter for cable ducts, For quick and easy cutting of cable ducts &amp; covers. The cape gives you perfect straight cuts without burrs.","robots":{"index":"index","follow":"follow","max-snippet":"max-snippet:-1","max-image-preview":"max-image-preview:large","max-video-preview":"max-video-preview:-1"},"canonical":"https:\/\/c-profil.se\/english\/product\/cutter-for-cable-ducts\/","og_locale":"en_US","og_type":"article","og_title":"Kap f\u00f6r kabelkanaler - C-Pro","og_description":"Kap f\u00f6r kabelkanaler \u2013 Snabb och precis kapning av kabelkanaler och lock. Med v\u00e5r Kap f\u00f6r kabelkanaler f\u00e5r du en smidig och effektiv l\u00f6sning f\u00f6r att kapa kabelkanaler och lock med perfekta raka snitt utan grader. Kapen \u00e4r utformad f\u00f6r att g\u00f6ra ditt arbete enklare, snabbare och mer exakt. Produktens f\u00f6rdelar:    Perfekta raka snitt \u2013 H\u00e4varm och styrguide garanterar rena och exakta kapningar varje g\u00e5ng.  Kapacitet upp till 125 mm bredd \u2013 Klarar kabelkanaler och lock i olika storlekar upp till 125 mm.  Praktisk leverans \u2013 Inkluderar h\u00e4varm, styrguide och 1 meter l\u00e5ng linjal f\u00f6r enkel m\u00e4tning och kapning.  Enkel hantering \u2013 Ergonomisk design som underl\u00e4ttar vid installation och anpassning p\u00e5 plats.  Vi erbjuder \u00e4ven kapning och anpassning av kabelkanaler och lock efter dina exakta \u00f6nskem\u00e5l \u2013 kontakta oss f\u00f6r skr\u00e4ddarsydda l\u00f6sningar!","og_url":"https:\/\/c-profil.se\/english\/product\/cutter-for-cable-ducts\/","og_site_name":"C-Pro","article_publisher":"https:\/\/www.facebook.com\/people\/C-Pro\/61561767306874\/","article_modified_time":"2026-03-19T13:29:06+00:00","og_image":[{"width":1000,"height":1000,"url":"https:\/\/c-profil.se\/wp-content\/uploads\/2021\/02\/Kap-for-kabelkanaler.jpg","type":"image\/jpeg"}],"twitter_card":"summary_large_image","twitter_misc":{"Price":"","Availability":"In stock"},"schema":{"@context":"https:\/\/schema.org","@graph":[{"@type":"WebPage","@id":"https:\/\/c-profil.se\/produkt\/kap-for-kabelkanaler\/","url":"https:\/\/c-profil.se\/produkt\/kap-for-kabelkanaler\/","name":"Cutter for Cable Ducts - C-Pro","isPartOf":{"@id":"https:\/\/c-profil.se\/#website"},"primaryImageOfPage":{"@id":"https:\/\/c-profil.se\/produkt\/kap-for-kabelkanaler\/#primaryimage"},"image":{"@id":"https:\/\/c-profil.se\/produkt\/kap-for-kabelkanaler\/#primaryimage"},"thumbnailUrl":"https:\/\/c-profil.se\/wp-content\/uploads\/2021\/02\/Kap-for-kabelkanaler.jpg","datePublished":"2021-02-12T08:14:00+00:00","dateModified":"2026-03-19T13:29:06+00:00","description":"Use our Cutter for cable ducts, For quick and easy cutting of cable ducts &amp; covers. The cape gives you perfect straight cuts without burrs.","breadcrumb":{"@id":"https:\/\/c-profil.se\/produkt\/kap-for-kabelkanaler\/#breadcrumb"},"inLanguage":"en","potentialAction":[{"@type":"ReadAction","target":["https:\/\/c-profil.se\/produkt\/kap-for-kabelkanaler\/"]}]},{"@type":"ImageObject","inLanguage":"en","@id":"https:\/\/c-profil.se\/produkt\/kap-for-kabelkanaler\/#primaryimage","url":"https:\/\/c-profil.se\/wp-content\/uploads\/2021\/02\/Kap-for-kabelkanaler.jpg","contentUrl":"https:\/\/c-profil.se\/wp-content\/uploads\/2021\/02\/Kap-for-kabelkanaler.jpg","width":1000,"height":1000,"caption":"Kap f\u00f6r kabelkanaler"},{"@type":"BreadcrumbList","@id":"https:\/\/c-profil.se\/produkt\/kap-for-kabelkanaler\/#breadcrumb","itemListElement":[{"@type":"ListItem","position":1,"name":"Hem","item":"https:\/\/c-profil.se\/"},{"@type":"ListItem","position":2,"name":"Produkter","item":"https:\/\/c-profil.se\/produkter\/"},{"@type":"ListItem","position":3,"name":"Verktyg","item":"https:\/\/c-profil.se\/produkt-kategori\/verktyg\/"},{"@type":"ListItem","position":4,"name":"Kap f\u00f6r kabelkanaler"}]},{"@type":"WebSite","@id":"https:\/\/c-profil.se\/#website","url":"https:\/\/c-profil.se\/","name":"C-Pro","description":"Products for Electricity and Automation","publisher":{"@id":"https:\/\/c-profil.se\/#organization"},"potentialAction":[{"@type":"SearchAction","target":{"@type":"EntryPoint","urlTemplate":"https:\/\/c-profil.se\/?s={search_term_string}"},"query-input":{"@type":"PropertyValueSpecification","valueRequired":true,"valueName":"search_term_string"}}],"inLanguage":"en"},{"@type":"Organization","@id":"https:\/\/c-profil.se\/#organization","name":"C-Pro","alternateName":"C-PRO","url":"https:\/\/c-profil.se\/","logo":{"@type":"ImageObject","inLanguage":"en","@id":"https:\/\/c-profil.se\/#\/schema\/logo\/image\/","url":"https:\/\/c-profil.se\/wp-content\/uploads\/2022\/03\/c-pro-logga-liggande-500x500-1.png","contentUrl":"https:\/\/c-profil.se\/wp-content\/uploads\/2022\/03\/c-pro-logga-liggande-500x500-1.png","width":500,"height":500,"caption":"C-Pro"},"image":{"@id":"https:\/\/c-profil.se\/#\/schema\/logo\/image\/"},"sameAs":["https:\/\/www.facebook.com\/people\/C-Pro\/61561767306874\/","https:\/\/www.linkedin.com\/company\/c-pro-ab","https:\/\/www.instagram.com\/cpro.ab\/"],"description":"C-PRO AB is a comprehensive supplier of materials for applications in electricity and automation. Ever since the start in 1987, we have supplied the Swedish manufacturing industry with electrical materials. Despite our size and leading position, we have never abandoned our basic philosophy, to be a personal supplier. We at C-PRO are easy to get in touch with, honest and passionate about solving our customers&#039; problems.","email":"info@c-profil.se","telephone":"031575785","legalName":"C-Profil F\u00f6rl\u00e4ggningsmaterial AB","foundingDate":"1987-01-01"}]},"product_brand":"kabelkanaler","product_price_currency":"SEK","og_availability":"instock","product_availability":"instock","product_retailer_item_id":"600900","product_condition":"new"},"_links":{"self":[{"href":"https:\/\/c-profil.se\/english\/wp-json\/wp\/v2\/product\/26057","targetHints":{"allow":["GET"]}}],"collection":[{"href":"https:\/\/c-profil.se\/english\/wp-json\/wp\/v2\/product"}],"about":[{"href":"https:\/\/c-profil.se\/english\/wp-json\/wp\/v2\/types\/product"}],"version-history":[{"count":6,"href":"https:\/\/c-profil.se\/english\/wp-json\/wp\/v2\/product\/26057\/revisions"}],"predecessor-version":[{"id":71834,"href":"https:\/\/c-profil.se\/english\/wp-json\/wp\/v2\/product\/26057\/revisions\/71834"}],"wp:featuredmedia":[{"embeddable":true,"href":"https:\/\/c-profil.se\/english\/wp-json\/wp\/v2\/media\/51322"}],"wp:attachment":[{"href":"https:\/\/c-profil.se\/english\/wp-json\/wp\/v2\/media?parent=26057"}],"wp:term":[{"taxonomy":"product_brand","embeddable":true,"href":"https:\/\/c-profil.se\/english\/wp-json\/wp\/v2\/product_brand?post=26057"},{"taxonomy":"product_cat","embeddable":true,"href":"https:\/\/c-profil.se\/english\/wp-json\/wp\/v2\/product_cat?post=26057"},{"taxonomy":"product_tag","embeddable":true,"href":"https:\/\/c-profil.se\/english\/wp-json\/wp\/v2\/product_tag?post=26057"}],"curies":[{"name":"wp","href":"https:\/\/api.w.org\/{rel}","templated":true}]}}