{"id":24932,"date":"2020-11-04T10:56:00","date_gmt":"2020-11-04T09:56:00","guid":{"rendered":"https:\/\/c-profil.se\/produkt\/kabelgenomforingsplatta-kel-dpz-hd\/"},"modified":"2026-03-19T15:15:19","modified_gmt":"2026-03-19T14:15:19","slug":"hygienic-cable-entry-plate-multi-membrane-round-keel-dpz-hd","status":"publish","type":"product","link":"https:\/\/c-profil.se\/english\/produkt\/hygienisk-kabelgenomforingsplatta-multi-membran-rund-kel-dpz-hd\/","title":{"rendered":"Cable entry plate | KEL-DPZ-HD"},"content":{"rendered":"<p><strong>KEL-DPZ-HD is a round hygienic cable entry plate for the food and packaging industry<\/strong>, developed according to Hygienic Design principles.<br \/>\nIt enables tight and safe passage of multiple cables and hoses in applications with very high demands on cleaning and hygiene.<\/p>","protected":false},"excerpt":{"rendered":"<p class=\"ai-optimize-30 ai-optimize-introduction\"><strong>Cable entry plate \/ KEL-DPZ-HD<\/strong> with metric thread from M32 to M63 has been developed for installation in food processing and packaging machines.<\/p>\n<p class=\"ai-optimize-31\">During development according to the Hygienic Design guidelines, care was taken to ensure that the visible side of the cable entry plate is free of dirt collecting recesses. The surface was kept very smooth. The outer contour has a radius of 6 mm instead of the required 3 mm. In addition, Round penetration plate \/ KEL-DPZ-HD uses an FDA-compliant elastomer in accordance with food approval 1935\/2004 \/ EC and (EU) 10\/2011. The signal color blue ensures clear visual color recognition.<\/p>\n<p class=\"ai-optimize-32\">The cable entry plates are designed to route multiple cables and hoses with a diameter range of 3.2mm to 22.2mm and seal them according to IP65 \/ 66\/67\/68. A significant advantage compared to cable glands is the significantly higher cable density and flexibility in the cable diameter range. The fixing is very simple with the lock nut.<\/p>\n<p class=\"ai-optimize-34\"><strong>Advantages:<\/strong><\/p>\n<ul>\n<li class=\"ai-optimize-35\">Elastomer in the cable gland plate made from materials according to 1935\/2004\/EC, (EU) 10\/2011<\/li>\n<li class=\"ai-optimize-35\">FDA compliant<\/li>\n<li class=\"ai-optimize-35\">Developed according to hygienic design guidelines (EHEDG)<\/li>\n<li class=\"ai-optimize-35\">Hygienic design \u2013 free from dirt-collecting recesses<\/li>\n<li class=\"ai-optimize-35\">Ecolab certified<\/li>\n<li class=\"ai-optimize-35\">Very flat design<\/li>\n<li class=\"ai-optimize-35\">Very smooth surface (Ra = 0.421 \u03bcm according to ISO 4287)<\/li>\n<li class=\"ai-optimize-35\">Very quick assembly<\/li>\n<li class=\"ai-optimize-35\">Cable diameter 3.2\u201322.2 mm<\/li>\n<li class=\"ai-optimize-35\">Very large sealing and clamping areas<\/li>\n<li class=\"ai-optimize-35\">High cable density<\/li>\n<li class=\"ai-optimize-35\">Double sealing of cables (IP66\/IP68)<\/li>\n<li class=\"ai-optimize-35\">Suitable for metric cutouts<\/li>\n<li class=\"ai-optimize-35\">Reproducible cleaning process<\/li>\n<li class=\"ai-optimize-35\">Very low moisture absorption<\/li>\n<li class=\"ai-optimize-35\">High resistance to aromatic solvents, oils, fats and mineral products<\/li>\n<li class=\"ai-optimize-35\">No corrosion possible because the plastic has been processed<\/li>\n<li class=\"ai-optimize-35\">Maintenance-free<\/li>\n<li class=\"ai-optimize-35\">Hexagonal lock nut included in delivery<\/li>\n<\/ul>","protected":false},"featured_media":51167,"template":"","meta":{"_acf_changed":false},"product_brand":[740],"product_cat":[307],"product_tag":[992,938,990,950,1005,939],"class_list":{"0":"post-24932","1":"product","2":"type-product","3":"status-publish","4":"has-post-thumbnail","6":"product_brand-icotek","7":"product_cat-kabelgenomforingsplattor-multiflansar","8":"product_tag-kabelgenomforing","9":"product_tag-kabelinforing","10":"product_tag-kapsling","11":"product_tag-livsmedelsindustri","12":"product_tag-platbearbetning","13":"product_tag-tatning","15":"first","16":"instock","17":"shipping-taxable","18":"product-type-simple"},"acf":[],"yoast_head":"<!-- This site is optimized with the Yoast SEO Premium plugin v27.5 (Yoast SEO v27.5) - https:\/\/yoast.com\/product\/yoast-seo-premium-wordpress\/ -->\n<title>Hygienisk Kabelgenomf\u00f6ringsplatta: Livsmedelsgodk\u00e4nd - C-Pro<\/title>\n<meta name=\"description\" content=\"Hygienisk Kabelgenomf\u00f6ringsplatta \/ KEL-DPZ-HD med metrisk g\u00e4nga fr\u00e5n M32 till M63. livsmedel- och f\u00f6rpackningsmaskiner. L\u00e4s Mer!\" \/>\n<meta name=\"robots\" content=\"index, follow, max-snippet:-1, max-image-preview:large, max-video-preview:-1\" \/>\n<link rel=\"canonical\" href=\"https:\/\/c-profil.se\/english\/product\/hygienic-cable-entry-plate-multi-membrane-round-keel-dpz-hd\/\" \/>\n<meta property=\"og:locale\" content=\"en_US\" \/>\n<meta property=\"og:type\" content=\"article\" \/>\n<meta property=\"og:title\" content=\"Kabelgenomf\u00f6ringsplatta | KEL-DPZ-HD - C-Pro\" \/>\n<meta property=\"og:description\" content=\"Kabelgenomf\u00f6ringsplatta \/ KEL-DPZ-HD med metrisk g\u00e4nga fr\u00e5n M32 till M63 har utvecklats f\u00f6r installation i livsmedelsbearbetning och f\u00f6rpackningsmaskiner. Under utvecklingen enligt Hygienic Design-riktlinjerna, var det noga med att s\u00e4kerst\u00e4lla att den synliga sidan av kabelgenomf\u00f6ringsplattan \u00e4r fri fr\u00e5n smutsuppsamlande urtag. Ytan h\u00f6lls mycket j\u00e4mn. Den yttre konturen har en radie p\u00e5 6 mm ist\u00e4llet f\u00f6r de 3 mm som kr\u00e4vs. Dessutom anv\u00e4nder Rund genomf\u00f6ringsplatta \/ KEL-DPZ-HD en FDA-kompatibel elastomer i enlighet med livsmedelsgodk\u00e4nnande 1935\/2004 \/ EG och (EU) 10\/2011. Signalf\u00e4rgen bl\u00e5 s\u00e4kerst\u00e4ller en tydlig visuell f\u00e4rgigenk\u00e4nning. Kabelgenomf\u00f6ringsplattorna \u00e4r utformade f\u00f6r att leda flera kablar och slangar med ett diameterintervall p\u00e5 3,2 mm till 22,2 mm och t\u00e4ta dem enligt till IP65 \/ 66\/67\/68. En betydande f\u00f6rdel j\u00e4mf\u00f6rt med kabelf\u00f6rskruvningar \u00e4r den betydligt h\u00f6gre kabeldensiteten och flexibiliteten i kabeldiameteromr\u00e5det. Fixeringen \u00e4r v\u00e4ldigt enkel med l\u00e5smuttern. F\u00f6rdelar:    Elastomer i kabelgenomf\u00f6ringsplattan tillverkad av material enligt 1935\/2004\/EG, (EU) 10\/2011  FDA-kompatibel  Utvecklad enligt hygieniska designriktlinjer (EHEDG)  Hygienisk design \u2013 fri fr\u00e5n smutssamlande f\u00f6rdjupningar  Ecolab-certifierad  Mycket platt design  Mycket sl\u00e4t yta (Ra = 0,421 \u03bcm enligt ISO 4287)  Mycket snabb montering  Kabeldiameter 3,2\u201322,2 mm  Mycket stora t\u00e4tnings- och kl\u00e4momr\u00e5den  H\u00f6g kabelt\u00e4thet  Dubbel t\u00e4tning av kablar (IP66\/IP68)  L\u00e4mplig f\u00f6r metriska ursk\u00e4rningar  Reproducerbar reng\u00f6ringsprocess  Mycket l\u00e5g fuktabsorption  H\u00f6g resistens mot aromatiska l\u00f6sningsmedel, oljor, fetter och mineralprodukter  Ingen korrosion m\u00f6jlig eftersom plasten har bearbetats  Underh\u00e5llsfri  Sexkantig l\u00e5smutter ing\u00e5r i leveransen\" \/>\n<meta property=\"og:url\" content=\"https:\/\/c-profil.se\/english\/product\/hygienic-cable-entry-plate-multi-membrane-round-keel-dpz-hd\/\" \/>\n<meta property=\"og:site_name\" content=\"C-Pro\" \/>\n<meta property=\"article:publisher\" content=\"https:\/\/www.facebook.com\/people\/C-Pro\/61561767306874\/\" \/>\n<meta property=\"article:modified_time\" content=\"2026-03-19T14:15:19+00:00\" \/>\n<meta property=\"og:image\" content=\"https:\/\/c-profil.se\/wp-content\/uploads\/2020\/11\/Hygienisk-Kabelgenomforingsplatta-rund.jpg\" \/>\n\t<meta property=\"og:image:width\" content=\"1000\" \/>\n\t<meta property=\"og:image:height\" content=\"1000\" \/>\n\t<meta property=\"og:image:type\" content=\"image\/jpeg\" \/>\n<meta name=\"twitter:card\" content=\"summary_large_image\" \/>\n<meta name=\"twitter:label1\" content=\"Price\" \/>\n\t<meta name=\"twitter:data1\" content=\"\" \/>\n\t<meta name=\"twitter:label2\" content=\"Availability\" \/>\n\t<meta name=\"twitter:data2\" content=\"In stock\" \/>\n<script type=\"application\/ld+json\" class=\"yoast-schema-graph\">{\"@context\":\"https:\\\/\\\/schema.org\",\"@graph\":[{\"@type\":\"WebPage\",\"@id\":\"https:\\\/\\\/c-profil.se\\\/produkt\\\/hygienisk-kabelgenomforingsplatta-multi-membran-rund-kel-dpz-hd\\\/\",\"url\":\"https:\\\/\\\/c-profil.se\\\/produkt\\\/hygienisk-kabelgenomforingsplatta-multi-membran-rund-kel-dpz-hd\\\/\",\"name\":\"Hygienisk Kabelgenomf\u00f6ringsplatta: Livsmedelsgodk\u00e4nd - C-Pro\",\"isPartOf\":{\"@id\":\"https:\\\/\\\/c-profil.se\\\/#website\"},\"primaryImageOfPage\":{\"@id\":\"https:\\\/\\\/c-profil.se\\\/produkt\\\/hygienisk-kabelgenomforingsplatta-multi-membran-rund-kel-dpz-hd\\\/#primaryimage\"},\"image\":{\"@id\":\"https:\\\/\\\/c-profil.se\\\/produkt\\\/hygienisk-kabelgenomforingsplatta-multi-membran-rund-kel-dpz-hd\\\/#primaryimage\"},\"thumbnailUrl\":\"https:\\\/\\\/c-profil.se\\\/wp-content\\\/uploads\\\/2020\\\/11\\\/Hygienisk-Kabelgenomforingsplatta-rund.jpg\",\"datePublished\":\"2020-11-04T09:56:00+00:00\",\"dateModified\":\"2026-03-19T14:15:19+00:00\",\"description\":\"Hygienisk Kabelgenomf\u00f6ringsplatta \\\/ KEL-DPZ-HD med metrisk g\u00e4nga fr\u00e5n M32 till M63. livsmedel- och f\u00f6rpackningsmaskiner. L\u00e4s Mer!\",\"breadcrumb\":{\"@id\":\"https:\\\/\\\/c-profil.se\\\/produkt\\\/hygienisk-kabelgenomforingsplatta-multi-membran-rund-kel-dpz-hd\\\/#breadcrumb\"},\"inLanguage\":\"en\",\"potentialAction\":[{\"@type\":\"ReadAction\",\"target\":[\"https:\\\/\\\/c-profil.se\\\/produkt\\\/hygienisk-kabelgenomforingsplatta-multi-membran-rund-kel-dpz-hd\\\/\"]}]},{\"@type\":\"ImageObject\",\"inLanguage\":\"en\",\"@id\":\"https:\\\/\\\/c-profil.se\\\/produkt\\\/hygienisk-kabelgenomforingsplatta-multi-membran-rund-kel-dpz-hd\\\/#primaryimage\",\"url\":\"https:\\\/\\\/c-profil.se\\\/wp-content\\\/uploads\\\/2020\\\/11\\\/Hygienisk-Kabelgenomforingsplatta-rund.jpg\",\"contentUrl\":\"https:\\\/\\\/c-profil.se\\\/wp-content\\\/uploads\\\/2020\\\/11\\\/Hygienisk-Kabelgenomforingsplatta-rund.jpg\",\"width\":1000,\"height\":1000,\"caption\":\"Hygienisk Kabelgenomf\u00f6ringsplatta rund\"},{\"@type\":\"BreadcrumbList\",\"@id\":\"https:\\\/\\\/c-profil.se\\\/produkt\\\/hygienisk-kabelgenomforingsplatta-multi-membran-rund-kel-dpz-hd\\\/#breadcrumb\",\"itemListElement\":[{\"@type\":\"ListItem\",\"position\":1,\"name\":\"Hem\",\"item\":\"https:\\\/\\\/c-profil.se\\\/\"},{\"@type\":\"ListItem\",\"position\":2,\"name\":\"Produkter\",\"item\":\"https:\\\/\\\/c-profil.se\\\/produkter\\\/\"},{\"@type\":\"ListItem\",\"position\":3,\"name\":\"Kabelgenomf\u00f6ringsplattor &amp; multifl\u00e4nsar\",\"item\":\"https:\\\/\\\/c-profil.se\\\/produkt-kategori\\\/kabelgenomforingsplattor-multiflansar\\\/\"},{\"@type\":\"ListItem\",\"position\":4,\"name\":\"Kabelgenomf\u00f6ringsplatta | KEL-DPZ-HD\"}]},{\"@type\":\"WebSite\",\"@id\":\"https:\\\/\\\/c-profil.se\\\/#website\",\"url\":\"https:\\\/\\\/c-profil.se\\\/\",\"name\":\"C-Pro\",\"description\":\"Produkter f\u00f6r El och Automation\",\"publisher\":{\"@id\":\"https:\\\/\\\/c-profil.se\\\/#organization\"},\"potentialAction\":[{\"@type\":\"SearchAction\",\"target\":{\"@type\":\"EntryPoint\",\"urlTemplate\":\"https:\\\/\\\/c-profil.se\\\/?s={search_term_string}\"},\"query-input\":{\"@type\":\"PropertyValueSpecification\",\"valueRequired\":true,\"valueName\":\"search_term_string\"}}],\"inLanguage\":\"en\"},{\"@type\":\"Organization\",\"@id\":\"https:\\\/\\\/c-profil.se\\\/#organization\",\"name\":\"C-Pro\",\"alternateName\":\"C-PRO\",\"url\":\"https:\\\/\\\/c-profil.se\\\/\",\"logo\":{\"@type\":\"ImageObject\",\"inLanguage\":\"en\",\"@id\":\"https:\\\/\\\/c-profil.se\\\/#\\\/schema\\\/logo\\\/image\\\/\",\"url\":\"https:\\\/\\\/c-profil.se\\\/wp-content\\\/uploads\\\/2022\\\/03\\\/c-pro-logga-liggande-500x500-1.png\",\"contentUrl\":\"https:\\\/\\\/c-profil.se\\\/wp-content\\\/uploads\\\/2022\\\/03\\\/c-pro-logga-liggande-500x500-1.png\",\"width\":500,\"height\":500,\"caption\":\"C-Pro\"},\"image\":{\"@id\":\"https:\\\/\\\/c-profil.se\\\/#\\\/schema\\\/logo\\\/image\\\/\"},\"sameAs\":[\"https:\\\/\\\/www.facebook.com\\\/people\\\/C-Pro\\\/61561767306874\\\/\",\"https:\\\/\\\/www.linkedin.com\\\/company\\\/c-pro-ab\",\"https:\\\/\\\/www.instagram.com\\\/cpro.ab\\\/\"],\"description\":\"C-PRO AB \u00e4r en helt\u00e4ckande leverant\u00f6r av material f\u00f6r applikationer inom el och automation. \u00c4nda sedan starten 1987 har vi f\u00f6rsett den svenska tillverkande industrin med elmaterial. Trots v\u00e5r storlek och ledande position har vi aldrig \u00f6vergett v\u00e5r grundfilosofi, att vara en personlig leverant\u00f6r. Vi p\u00e5 C-PRO \u00e4r l\u00e4tta att komma i kontakt med, \u00e4rliga och brinner f\u00f6r att l\u00f6sa v\u00e5ra kunders problem.\",\"email\":\"info@c-profil.se\",\"telephone\":\"031575785\",\"legalName\":\"C-Profil F\u00f6rl\u00e4ggningsmaterial AB\",\"foundingDate\":\"1987-01-01\"}]}<\/script>\n<meta property=\"product:brand\" content=\"kabelgenomf\u00f6ring\" \/>\n<meta property=\"product:price:currency\" content=\"SEK\" \/>\n<meta property=\"og:availability\" content=\"instock\" \/>\n<meta property=\"product:availability\" content=\"instock\" \/>\n<meta property=\"product:retailer_item_id\" content=\"KEL-DPZ-HD\" \/>\n<meta property=\"product:condition\" content=\"new\" \/>\n<!-- \/ Yoast SEO Premium plugin. -->","yoast_head_json":{"title":"Hygienic Cable entry plate: Foodtech approved - C-Pro","description":"Hygienic Cable Entry Plate \/ KEL-DPZ-HD with metric thread from M32 to M63. food and packaging machines. Read More!","robots":{"index":"index","follow":"follow","max-snippet":"max-snippet:-1","max-image-preview":"max-image-preview:large","max-video-preview":"max-video-preview:-1"},"canonical":"https:\/\/c-profil.se\/english\/product\/hygienic-cable-entry-plate-multi-membrane-round-keel-dpz-hd\/","og_locale":"en_US","og_type":"article","og_title":"Kabelgenomf\u00f6ringsplatta | KEL-DPZ-HD - C-Pro","og_description":"Kabelgenomf\u00f6ringsplatta \/ KEL-DPZ-HD med metrisk g\u00e4nga fr\u00e5n M32 till M63 har utvecklats f\u00f6r installation i livsmedelsbearbetning och f\u00f6rpackningsmaskiner. Under utvecklingen enligt Hygienic Design-riktlinjerna, var det noga med att s\u00e4kerst\u00e4lla att den synliga sidan av kabelgenomf\u00f6ringsplattan \u00e4r fri fr\u00e5n smutsuppsamlande urtag. Ytan h\u00f6lls mycket j\u00e4mn. Den yttre konturen har en radie p\u00e5 6 mm ist\u00e4llet f\u00f6r de 3 mm som kr\u00e4vs. Dessutom anv\u00e4nder Rund genomf\u00f6ringsplatta \/ KEL-DPZ-HD en FDA-kompatibel elastomer i enlighet med livsmedelsgodk\u00e4nnande 1935\/2004 \/ EG och (EU) 10\/2011. Signalf\u00e4rgen bl\u00e5 s\u00e4kerst\u00e4ller en tydlig visuell f\u00e4rgigenk\u00e4nning. Kabelgenomf\u00f6ringsplattorna \u00e4r utformade f\u00f6r att leda flera kablar och slangar med ett diameterintervall p\u00e5 3,2 mm till 22,2 mm och t\u00e4ta dem enligt till IP65 \/ 66\/67\/68. En betydande f\u00f6rdel j\u00e4mf\u00f6rt med kabelf\u00f6rskruvningar \u00e4r den betydligt h\u00f6gre kabeldensiteten och flexibiliteten i kabeldiameteromr\u00e5det. Fixeringen \u00e4r v\u00e4ldigt enkel med l\u00e5smuttern. F\u00f6rdelar:    Elastomer i kabelgenomf\u00f6ringsplattan tillverkad av material enligt 1935\/2004\/EG, (EU) 10\/2011  FDA-kompatibel  Utvecklad enligt hygieniska designriktlinjer (EHEDG)  Hygienisk design \u2013 fri fr\u00e5n smutssamlande f\u00f6rdjupningar  Ecolab-certifierad  Mycket platt design  Mycket sl\u00e4t yta (Ra = 0,421 \u03bcm enligt ISO 4287)  Mycket snabb montering  Kabeldiameter 3,2\u201322,2 mm  Mycket stora t\u00e4tnings- och kl\u00e4momr\u00e5den  H\u00f6g kabelt\u00e4thet  Dubbel t\u00e4tning av kablar (IP66\/IP68)  L\u00e4mplig f\u00f6r metriska ursk\u00e4rningar  Reproducerbar reng\u00f6ringsprocess  Mycket l\u00e5g fuktabsorption  H\u00f6g resistens mot aromatiska l\u00f6sningsmedel, oljor, fetter och mineralprodukter  Ingen korrosion m\u00f6jlig eftersom plasten har bearbetats  Underh\u00e5llsfri  Sexkantig l\u00e5smutter ing\u00e5r i leveransen","og_url":"https:\/\/c-profil.se\/english\/product\/hygienic-cable-entry-plate-multi-membrane-round-keel-dpz-hd\/","og_site_name":"C-Pro","article_publisher":"https:\/\/www.facebook.com\/people\/C-Pro\/61561767306874\/","article_modified_time":"2026-03-19T14:15:19+00:00","og_image":[{"width":1000,"height":1000,"url":"https:\/\/c-profil.se\/wp-content\/uploads\/2020\/11\/Hygienisk-Kabelgenomforingsplatta-rund.jpg","type":"image\/jpeg"}],"twitter_card":"summary_large_image","twitter_misc":{"Price":"","Availability":"In stock"},"schema":{"@context":"https:\/\/schema.org","@graph":[{"@type":"WebPage","@id":"https:\/\/c-profil.se\/produkt\/hygienisk-kabelgenomforingsplatta-multi-membran-rund-kel-dpz-hd\/","url":"https:\/\/c-profil.se\/produkt\/hygienisk-kabelgenomforingsplatta-multi-membran-rund-kel-dpz-hd\/","name":"Hygienic Cable entry plate: Foodtech approved - C-Pro","isPartOf":{"@id":"https:\/\/c-profil.se\/#website"},"primaryImageOfPage":{"@id":"https:\/\/c-profil.se\/produkt\/hygienisk-kabelgenomforingsplatta-multi-membran-rund-kel-dpz-hd\/#primaryimage"},"image":{"@id":"https:\/\/c-profil.se\/produkt\/hygienisk-kabelgenomforingsplatta-multi-membran-rund-kel-dpz-hd\/#primaryimage"},"thumbnailUrl":"https:\/\/c-profil.se\/wp-content\/uploads\/2020\/11\/Hygienisk-Kabelgenomforingsplatta-rund.jpg","datePublished":"2020-11-04T09:56:00+00:00","dateModified":"2026-03-19T14:15:19+00:00","description":"Hygienic Cable Entry Plate \/ KEL-DPZ-HD with metric thread from M32 to M63. food and packaging machines. Read More!","breadcrumb":{"@id":"https:\/\/c-profil.se\/produkt\/hygienisk-kabelgenomforingsplatta-multi-membran-rund-kel-dpz-hd\/#breadcrumb"},"inLanguage":"en","potentialAction":[{"@type":"ReadAction","target":["https:\/\/c-profil.se\/produkt\/hygienisk-kabelgenomforingsplatta-multi-membran-rund-kel-dpz-hd\/"]}]},{"@type":"ImageObject","inLanguage":"en","@id":"https:\/\/c-profil.se\/produkt\/hygienisk-kabelgenomforingsplatta-multi-membran-rund-kel-dpz-hd\/#primaryimage","url":"https:\/\/c-profil.se\/wp-content\/uploads\/2020\/11\/Hygienisk-Kabelgenomforingsplatta-rund.jpg","contentUrl":"https:\/\/c-profil.se\/wp-content\/uploads\/2020\/11\/Hygienisk-Kabelgenomforingsplatta-rund.jpg","width":1000,"height":1000,"caption":"Hygienisk Kabelgenomf\u00f6ringsplatta rund"},{"@type":"BreadcrumbList","@id":"https:\/\/c-profil.se\/produkt\/hygienisk-kabelgenomforingsplatta-multi-membran-rund-kel-dpz-hd\/#breadcrumb","itemListElement":[{"@type":"ListItem","position":1,"name":"Hem","item":"https:\/\/c-profil.se\/"},{"@type":"ListItem","position":2,"name":"Produkter","item":"https:\/\/c-profil.se\/produkter\/"},{"@type":"ListItem","position":3,"name":"Kabelgenomf\u00f6ringsplattor &amp; multifl\u00e4nsar","item":"https:\/\/c-profil.se\/produkt-kategori\/kabelgenomforingsplattor-multiflansar\/"},{"@type":"ListItem","position":4,"name":"Kabelgenomf\u00f6ringsplatta | KEL-DPZ-HD"}]},{"@type":"WebSite","@id":"https:\/\/c-profil.se\/#website","url":"https:\/\/c-profil.se\/","name":"C-Pro","description":"Products for Electricity and Automation","publisher":{"@id":"https:\/\/c-profil.se\/#organization"},"potentialAction":[{"@type":"SearchAction","target":{"@type":"EntryPoint","urlTemplate":"https:\/\/c-profil.se\/?s={search_term_string}"},"query-input":{"@type":"PropertyValueSpecification","valueRequired":true,"valueName":"search_term_string"}}],"inLanguage":"en"},{"@type":"Organization","@id":"https:\/\/c-profil.se\/#organization","name":"C-Pro","alternateName":"C-PRO","url":"https:\/\/c-profil.se\/","logo":{"@type":"ImageObject","inLanguage":"en","@id":"https:\/\/c-profil.se\/#\/schema\/logo\/image\/","url":"https:\/\/c-profil.se\/wp-content\/uploads\/2022\/03\/c-pro-logga-liggande-500x500-1.png","contentUrl":"https:\/\/c-profil.se\/wp-content\/uploads\/2022\/03\/c-pro-logga-liggande-500x500-1.png","width":500,"height":500,"caption":"C-Pro"},"image":{"@id":"https:\/\/c-profil.se\/#\/schema\/logo\/image\/"},"sameAs":["https:\/\/www.facebook.com\/people\/C-Pro\/61561767306874\/","https:\/\/www.linkedin.com\/company\/c-pro-ab","https:\/\/www.instagram.com\/cpro.ab\/"],"description":"C-PRO AB is a comprehensive supplier of materials for applications in electricity and automation. Ever since the start in 1987, we have supplied the Swedish manufacturing industry with electrical materials. Despite our size and leading position, we have never abandoned our basic philosophy, to be a personal supplier. We at C-PRO are easy to get in touch with, honest and passionate about solving our customers&#039; problems.","email":"info@c-profil.se","telephone":"031575785","legalName":"C-Profil F\u00f6rl\u00e4ggningsmaterial AB","foundingDate":"1987-01-01"}]},"product_brand":"kabelgenomf\u00f6ring","product_price_currency":"SEK","og_availability":"instock","product_availability":"instock","product_retailer_item_id":"KEL-DPZ-HD","product_condition":"new"},"_links":{"self":[{"href":"https:\/\/c-profil.se\/english\/wp-json\/wp\/v2\/product\/24932","targetHints":{"allow":["GET"]}}],"collection":[{"href":"https:\/\/c-profil.se\/english\/wp-json\/wp\/v2\/product"}],"about":[{"href":"https:\/\/c-profil.se\/english\/wp-json\/wp\/v2\/types\/product"}],"version-history":[{"count":9,"href":"https:\/\/c-profil.se\/english\/wp-json\/wp\/v2\/product\/24932\/revisions"}],"predecessor-version":[{"id":74299,"href":"https:\/\/c-profil.se\/english\/wp-json\/wp\/v2\/product\/24932\/revisions\/74299"}],"wp:featuredmedia":[{"embeddable":true,"href":"https:\/\/c-profil.se\/english\/wp-json\/wp\/v2\/media\/51167"}],"wp:attachment":[{"href":"https:\/\/c-profil.se\/english\/wp-json\/wp\/v2\/media?parent=24932"}],"wp:term":[{"taxonomy":"product_brand","embeddable":true,"href":"https:\/\/c-profil.se\/english\/wp-json\/wp\/v2\/product_brand?post=24932"},{"taxonomy":"product_cat","embeddable":true,"href":"https:\/\/c-profil.se\/english\/wp-json\/wp\/v2\/product_cat?post=24932"},{"taxonomy":"product_tag","embeddable":true,"href":"https:\/\/c-profil.se\/english\/wp-json\/wp\/v2\/product_tag?post=24932"}],"curies":[{"name":"wp","href":"https:\/\/api.w.org\/{rel}","templated":true}]}}