{"id":24930,"date":"2020-10-22T13:29:00","date_gmt":"2020-10-22T12:29:00","guid":{"rendered":"https:\/\/c-profil.se\/produkt\/kylaggregat-semi-inbyggt\/"},"modified":"2026-03-19T15:42:22","modified_gmt":"2026-03-19T14:42:22","slug":"cooling-unit-semi-built-in","status":"publish","type":"product","link":"https:\/\/c-profil.se\/english\/produkt\/kylaggregat-semi-inbyggt\/","title":{"rendered":"Cooling unit | Semi-built-in"},"content":{"rendered":"<p><strong>Semi-built-in cooling units for wall or door mounting with cooling capacity from 300 to 2000 W.<\/strong><br \/>\nThe units are adapted for control cabinets and enclosures and are also available with UL certification.<\/p>","protected":false},"excerpt":{"rendered":"<p>Cooling unit \/ Semi-built-in for wall or door mounting, with power of 300W-2000W.<\/p>\n<ul>\n<li><strong>The cooling units are also available with UL certification.<\/strong><\/li>\n<\/ul>\n<p><strong>Top version:<\/strong><\/p>\n<ul>\n<li>2 PLUG-IN connectors for power supply<\/li>\n<li>Control with alarm for overtemperature<\/li>\n<li>Remote ON\/OFF (door contact switch)<\/li>\n<li>RS485 serial interface for remote control (ordered separately)<\/li>\n<\/ul>\n<p><strong>Other:<\/strong><\/p>\n<ul>\n<li>Outer washable air filter<\/li>\n<li>Textured coating in RAL7035<\/li>\n<li>Other RAL colors are available<\/li>\n<li>Fits in existing 292x292mm fan hole<\/li>\n<\/ul>","protected":false},"featured_media":56183,"template":"","meta":{"_acf_changed":false},"product_brand":[737],"product_cat":[207],"product_tag":[940,963,952,962,964],"class_list":{"0":"post-24930","1":"product","2":"type-product","3":"status-publish","4":"has-post-thumbnail","6":"product_brand-dkc","7":"product_cat-kylaggregat","8":"product_tag-apparatskap","9":"product_tag-klimatisering-av-apparatskap","10":"product_tag-kravande-miljo","11":"product_tag-kylning","12":"product_tag-ventilation","14":"first","15":"instock","16":"shipping-taxable","17":"product-type-simple"},"acf":[],"yoast_head":"<!-- This site is optimized with the Yoast SEO Premium plugin v27.5 (Yoast SEO v27.5) - https:\/\/yoast.com\/product\/yoast-seo-premium-wordpress\/ -->\n<title>Kylaggregat \/ Semi-inbyggt - C-Pro<\/title>\n<meta name=\"description\" content=\"Kylaggregat \/ Semi-inbyggt f\u00f6r v\u00e4gg- eller d\u00f6rrmontage, med effekt p\u00e5 300W-2000W. Strukturlackerat i RAL7035 eller i AISI304L. L\u00e4s Mer!\" \/>\n<meta name=\"robots\" content=\"index, follow, max-snippet:-1, max-image-preview:large, max-video-preview:-1\" \/>\n<link rel=\"canonical\" href=\"https:\/\/c-profil.se\/english\/product\/cooling-unit-semi-built-in\/\" \/>\n<meta property=\"og:locale\" content=\"en_US\" \/>\n<meta property=\"og:type\" content=\"article\" \/>\n<meta property=\"og:title\" content=\"Kylaggregat | Semi-inbyggt - C-Pro\" \/>\n<meta property=\"og:description\" content=\"Kylaggregat \/ Semi-inbyggt f\u00f6r v\u00e4gg- eller d\u00f6rrmontage, med effekt p\u00e5 300W-2000W.   Kylaggregaten finns ocks\u00e5 med UL-certifiering  Top-version:   2st PLUG-IN kontakter f\u00f6r str\u00f6mf\u00f6rs\u00f6rjning  Kontroll med larm f\u00f6r \u00f6vertemperatur  Fj\u00e4rrstyrd ON\/OFF (d\u00f6rrkontaktbrytare)  RS485 seriellt gr\u00e4nssnitt f\u00f6r fj\u00e4rrkontroll (best\u00e4lls separat)  \u00d6vrigt:   Yttre tv\u00e4ttbart luftfilter  Strukturlackerat i RAL7035  Andra RAL kul\u00f6rer finns tillg\u00e4ngliga  Passar i befintligt fl\u00e4kth\u00e5l 292x292mm\" \/>\n<meta property=\"og:url\" content=\"https:\/\/c-profil.se\/english\/product\/cooling-unit-semi-built-in\/\" \/>\n<meta property=\"og:site_name\" content=\"C-Pro\" \/>\n<meta property=\"article:publisher\" content=\"https:\/\/www.facebook.com\/people\/C-Pro\/61561767306874\/\" \/>\n<meta property=\"article:modified_time\" content=\"2026-03-19T14:42:22+00:00\" \/>\n<meta property=\"og:image\" content=\"https:\/\/c-profil.se\/wp-content\/uploads\/2020\/10\/Kylaggregat-Semi-inbyggt-ny.jpg\" \/>\n\t<meta property=\"og:image:width\" content=\"1000\" \/>\n\t<meta property=\"og:image:height\" content=\"1000\" \/>\n\t<meta property=\"og:image:type\" content=\"image\/jpeg\" \/>\n<meta name=\"twitter:card\" content=\"summary_large_image\" \/>\n<meta name=\"twitter:label1\" content=\"Price\" \/>\n\t<meta name=\"twitter:data1\" content=\"\" \/>\n\t<meta name=\"twitter:label2\" content=\"Availability\" \/>\n\t<meta name=\"twitter:data2\" content=\"In stock\" \/>\n<script type=\"application\/ld+json\" class=\"yoast-schema-graph\">{\"@context\":\"https:\\\/\\\/schema.org\",\"@graph\":[{\"@type\":\"WebPage\",\"@id\":\"https:\\\/\\\/c-profil.se\\\/produkt\\\/kylaggregat-semi-inbyggt\\\/\",\"url\":\"https:\\\/\\\/c-profil.se\\\/produkt\\\/kylaggregat-semi-inbyggt\\\/\",\"name\":\"Kylaggregat \\\/ Semi-inbyggt - C-Pro\",\"isPartOf\":{\"@id\":\"https:\\\/\\\/c-profil.se\\\/#website\"},\"primaryImageOfPage\":{\"@id\":\"https:\\\/\\\/c-profil.se\\\/produkt\\\/kylaggregat-semi-inbyggt\\\/#primaryimage\"},\"image\":{\"@id\":\"https:\\\/\\\/c-profil.se\\\/produkt\\\/kylaggregat-semi-inbyggt\\\/#primaryimage\"},\"thumbnailUrl\":\"https:\\\/\\\/c-profil.se\\\/wp-content\\\/uploads\\\/2020\\\/10\\\/Kylaggregat-Semi-inbyggt-ny.jpg\",\"datePublished\":\"2020-10-22T12:29:00+00:00\",\"dateModified\":\"2026-03-19T14:42:22+00:00\",\"description\":\"Kylaggregat \\\/ Semi-inbyggt f\u00f6r v\u00e4gg- eller d\u00f6rrmontage, med effekt p\u00e5 300W-2000W. Strukturlackerat i RAL7035 eller i AISI304L. L\u00e4s Mer!\",\"breadcrumb\":{\"@id\":\"https:\\\/\\\/c-profil.se\\\/produkt\\\/kylaggregat-semi-inbyggt\\\/#breadcrumb\"},\"inLanguage\":\"en\",\"potentialAction\":[{\"@type\":\"ReadAction\",\"target\":[\"https:\\\/\\\/c-profil.se\\\/produkt\\\/kylaggregat-semi-inbyggt\\\/\"]}]},{\"@type\":\"ImageObject\",\"inLanguage\":\"en\",\"@id\":\"https:\\\/\\\/c-profil.se\\\/produkt\\\/kylaggregat-semi-inbyggt\\\/#primaryimage\",\"url\":\"https:\\\/\\\/c-profil.se\\\/wp-content\\\/uploads\\\/2020\\\/10\\\/Kylaggregat-Semi-inbyggt-ny.jpg\",\"contentUrl\":\"https:\\\/\\\/c-profil.se\\\/wp-content\\\/uploads\\\/2020\\\/10\\\/Kylaggregat-Semi-inbyggt-ny.jpg\",\"width\":1000,\"height\":1000,\"caption\":\"Kylaggregat Semi-inbyggt\"},{\"@type\":\"BreadcrumbList\",\"@id\":\"https:\\\/\\\/c-profil.se\\\/produkt\\\/kylaggregat-semi-inbyggt\\\/#breadcrumb\",\"itemListElement\":[{\"@type\":\"ListItem\",\"position\":1,\"name\":\"Hem\",\"item\":\"https:\\\/\\\/c-profil.se\\\/\"},{\"@type\":\"ListItem\",\"position\":2,\"name\":\"Produkter\",\"item\":\"https:\\\/\\\/c-profil.se\\\/produkter\\\/\"},{\"@type\":\"ListItem\",\"position\":3,\"name\":\"Kylaggregat\",\"item\":\"https:\\\/\\\/c-profil.se\\\/produkt-kategori\\\/kylaggregat\\\/\"},{\"@type\":\"ListItem\",\"position\":4,\"name\":\"Kylaggregat | Semi-inbyggt\"}]},{\"@type\":\"WebSite\",\"@id\":\"https:\\\/\\\/c-profil.se\\\/#website\",\"url\":\"https:\\\/\\\/c-profil.se\\\/\",\"name\":\"C-Pro\",\"description\":\"Produkter f\u00f6r El och Automation\",\"publisher\":{\"@id\":\"https:\\\/\\\/c-profil.se\\\/#organization\"},\"potentialAction\":[{\"@type\":\"SearchAction\",\"target\":{\"@type\":\"EntryPoint\",\"urlTemplate\":\"https:\\\/\\\/c-profil.se\\\/?s={search_term_string}\"},\"query-input\":{\"@type\":\"PropertyValueSpecification\",\"valueRequired\":true,\"valueName\":\"search_term_string\"}}],\"inLanguage\":\"en\"},{\"@type\":\"Organization\",\"@id\":\"https:\\\/\\\/c-profil.se\\\/#organization\",\"name\":\"C-Pro\",\"alternateName\":\"C-PRO\",\"url\":\"https:\\\/\\\/c-profil.se\\\/\",\"logo\":{\"@type\":\"ImageObject\",\"inLanguage\":\"en\",\"@id\":\"https:\\\/\\\/c-profil.se\\\/#\\\/schema\\\/logo\\\/image\\\/\",\"url\":\"https:\\\/\\\/c-profil.se\\\/wp-content\\\/uploads\\\/2022\\\/03\\\/c-pro-logga-liggande-500x500-1.png\",\"contentUrl\":\"https:\\\/\\\/c-profil.se\\\/wp-content\\\/uploads\\\/2022\\\/03\\\/c-pro-logga-liggande-500x500-1.png\",\"width\":500,\"height\":500,\"caption\":\"C-Pro\"},\"image\":{\"@id\":\"https:\\\/\\\/c-profil.se\\\/#\\\/schema\\\/logo\\\/image\\\/\"},\"sameAs\":[\"https:\\\/\\\/www.facebook.com\\\/people\\\/C-Pro\\\/61561767306874\\\/\",\"https:\\\/\\\/www.linkedin.com\\\/company\\\/c-pro-ab\",\"https:\\\/\\\/www.instagram.com\\\/cpro.ab\\\/\"],\"description\":\"C-PRO AB \u00e4r en helt\u00e4ckande leverant\u00f6r av material f\u00f6r applikationer inom el och automation. \u00c4nda sedan starten 1987 har vi f\u00f6rsett den svenska tillverkande industrin med elmaterial. Trots v\u00e5r storlek och ledande position har vi aldrig \u00f6vergett v\u00e5r grundfilosofi, att vara en personlig leverant\u00f6r. Vi p\u00e5 C-PRO \u00e4r l\u00e4tta att komma i kontakt med, \u00e4rliga och brinner f\u00f6r att l\u00f6sa v\u00e5ra kunders problem.\",\"email\":\"info@c-profil.se\",\"telephone\":\"031575785\",\"legalName\":\"C-Profil F\u00f6rl\u00e4ggningsmaterial AB\",\"foundingDate\":\"1987-01-01\"}]}<\/script>\n<meta property=\"product:brand\" content=\"apparatsk\u00e5p\" \/>\n<meta property=\"product:price:currency\" content=\"SEK\" \/>\n<meta property=\"og:availability\" content=\"instock\" \/>\n<meta property=\"product:availability\" content=\"instock\" \/>\n<meta property=\"product:retailer_item_id\" content=\"Kylaggregat | Semi-inbyggt\" \/>\n<meta property=\"product:condition\" content=\"new\" \/>\n<!-- \/ Yoast SEO Premium plugin. -->","yoast_head_json":{"title":"Cooling unit \/ Semi-built-in - C-Pro","description":"Cooling unit \/ Semi-built-in for wall or door mounting, with power of 300W-2000W. Textured lacquered in RAL7035 or in AISI304L. Read More!","robots":{"index":"index","follow":"follow","max-snippet":"max-snippet:-1","max-image-preview":"max-image-preview:large","max-video-preview":"max-video-preview:-1"},"canonical":"https:\/\/c-profil.se\/english\/product\/cooling-unit-semi-built-in\/","og_locale":"en_US","og_type":"article","og_title":"Kylaggregat | Semi-inbyggt - C-Pro","og_description":"Kylaggregat \/ Semi-inbyggt f\u00f6r v\u00e4gg- eller d\u00f6rrmontage, med effekt p\u00e5 300W-2000W.   Kylaggregaten finns ocks\u00e5 med UL-certifiering  Top-version:   2st PLUG-IN kontakter f\u00f6r str\u00f6mf\u00f6rs\u00f6rjning  Kontroll med larm f\u00f6r \u00f6vertemperatur  Fj\u00e4rrstyrd ON\/OFF (d\u00f6rrkontaktbrytare)  RS485 seriellt gr\u00e4nssnitt f\u00f6r fj\u00e4rrkontroll (best\u00e4lls separat)  \u00d6vrigt:   Yttre tv\u00e4ttbart luftfilter  Strukturlackerat i RAL7035  Andra RAL kul\u00f6rer finns tillg\u00e4ngliga  Passar i befintligt fl\u00e4kth\u00e5l 292x292mm","og_url":"https:\/\/c-profil.se\/english\/product\/cooling-unit-semi-built-in\/","og_site_name":"C-Pro","article_publisher":"https:\/\/www.facebook.com\/people\/C-Pro\/61561767306874\/","article_modified_time":"2026-03-19T14:42:22+00:00","og_image":[{"width":1000,"height":1000,"url":"https:\/\/c-profil.se\/wp-content\/uploads\/2020\/10\/Kylaggregat-Semi-inbyggt-ny.jpg","type":"image\/jpeg"}],"twitter_card":"summary_large_image","twitter_misc":{"Price":"","Availability":"In stock"},"schema":{"@context":"https:\/\/schema.org","@graph":[{"@type":"WebPage","@id":"https:\/\/c-profil.se\/produkt\/kylaggregat-semi-inbyggt\/","url":"https:\/\/c-profil.se\/produkt\/kylaggregat-semi-inbyggt\/","name":"Cooling unit \/ Semi-built-in - C-Pro","isPartOf":{"@id":"https:\/\/c-profil.se\/#website"},"primaryImageOfPage":{"@id":"https:\/\/c-profil.se\/produkt\/kylaggregat-semi-inbyggt\/#primaryimage"},"image":{"@id":"https:\/\/c-profil.se\/produkt\/kylaggregat-semi-inbyggt\/#primaryimage"},"thumbnailUrl":"https:\/\/c-profil.se\/wp-content\/uploads\/2020\/10\/Kylaggregat-Semi-inbyggt-ny.jpg","datePublished":"2020-10-22T12:29:00+00:00","dateModified":"2026-03-19T14:42:22+00:00","description":"Cooling unit \/ Semi-built-in for wall or door mounting, with power of 300W-2000W. Textured lacquered in RAL7035 or in AISI304L. Read More!","breadcrumb":{"@id":"https:\/\/c-profil.se\/produkt\/kylaggregat-semi-inbyggt\/#breadcrumb"},"inLanguage":"en","potentialAction":[{"@type":"ReadAction","target":["https:\/\/c-profil.se\/produkt\/kylaggregat-semi-inbyggt\/"]}]},{"@type":"ImageObject","inLanguage":"en","@id":"https:\/\/c-profil.se\/produkt\/kylaggregat-semi-inbyggt\/#primaryimage","url":"https:\/\/c-profil.se\/wp-content\/uploads\/2020\/10\/Kylaggregat-Semi-inbyggt-ny.jpg","contentUrl":"https:\/\/c-profil.se\/wp-content\/uploads\/2020\/10\/Kylaggregat-Semi-inbyggt-ny.jpg","width":1000,"height":1000,"caption":"Kylaggregat Semi-inbyggt"},{"@type":"BreadcrumbList","@id":"https:\/\/c-profil.se\/produkt\/kylaggregat-semi-inbyggt\/#breadcrumb","itemListElement":[{"@type":"ListItem","position":1,"name":"Hem","item":"https:\/\/c-profil.se\/"},{"@type":"ListItem","position":2,"name":"Produkter","item":"https:\/\/c-profil.se\/produkter\/"},{"@type":"ListItem","position":3,"name":"Kylaggregat","item":"https:\/\/c-profil.se\/produkt-kategori\/kylaggregat\/"},{"@type":"ListItem","position":4,"name":"Kylaggregat | Semi-inbyggt"}]},{"@type":"WebSite","@id":"https:\/\/c-profil.se\/#website","url":"https:\/\/c-profil.se\/","name":"C-Pro","description":"Products for Electricity and Automation","publisher":{"@id":"https:\/\/c-profil.se\/#organization"},"potentialAction":[{"@type":"SearchAction","target":{"@type":"EntryPoint","urlTemplate":"https:\/\/c-profil.se\/?s={search_term_string}"},"query-input":{"@type":"PropertyValueSpecification","valueRequired":true,"valueName":"search_term_string"}}],"inLanguage":"en"},{"@type":"Organization","@id":"https:\/\/c-profil.se\/#organization","name":"C-Pro","alternateName":"C-PRO","url":"https:\/\/c-profil.se\/","logo":{"@type":"ImageObject","inLanguage":"en","@id":"https:\/\/c-profil.se\/#\/schema\/logo\/image\/","url":"https:\/\/c-profil.se\/wp-content\/uploads\/2022\/03\/c-pro-logga-liggande-500x500-1.png","contentUrl":"https:\/\/c-profil.se\/wp-content\/uploads\/2022\/03\/c-pro-logga-liggande-500x500-1.png","width":500,"height":500,"caption":"C-Pro"},"image":{"@id":"https:\/\/c-profil.se\/#\/schema\/logo\/image\/"},"sameAs":["https:\/\/www.facebook.com\/people\/C-Pro\/61561767306874\/","https:\/\/www.linkedin.com\/company\/c-pro-ab","https:\/\/www.instagram.com\/cpro.ab\/"],"description":"C-PRO AB is a comprehensive supplier of materials for applications in electricity and automation. Ever since the start in 1987, we have supplied the Swedish manufacturing industry with electrical materials. Despite our size and leading position, we have never abandoned our basic philosophy, to be a personal supplier. We at C-PRO are easy to get in touch with, honest and passionate about solving our customers&#039; problems.","email":"info@c-profil.se","telephone":"031575785","legalName":"C-Profil F\u00f6rl\u00e4ggningsmaterial AB","foundingDate":"1987-01-01"}]},"product_brand":"apparatsk\u00e5p","product_price_currency":"SEK","og_availability":"instock","product_availability":"instock","product_retailer_item_id":"Kylaggregat | Semi-inbyggt","product_condition":"new"},"_links":{"self":[{"href":"https:\/\/c-profil.se\/english\/wp-json\/wp\/v2\/product\/24930","targetHints":{"allow":["GET"]}}],"collection":[{"href":"https:\/\/c-profil.se\/english\/wp-json\/wp\/v2\/product"}],"about":[{"href":"https:\/\/c-profil.se\/english\/wp-json\/wp\/v2\/types\/product"}],"version-history":[{"count":8,"href":"https:\/\/c-profil.se\/english\/wp-json\/wp\/v2\/product\/24930\/revisions"}],"predecessor-version":[{"id":74352,"href":"https:\/\/c-profil.se\/english\/wp-json\/wp\/v2\/product\/24930\/revisions\/74352"}],"wp:featuredmedia":[{"embeddable":true,"href":"https:\/\/c-profil.se\/english\/wp-json\/wp\/v2\/media\/56183"}],"wp:attachment":[{"href":"https:\/\/c-profil.se\/english\/wp-json\/wp\/v2\/media?parent=24930"}],"wp:term":[{"taxonomy":"product_brand","embeddable":true,"href":"https:\/\/c-profil.se\/english\/wp-json\/wp\/v2\/product_brand?post=24930"},{"taxonomy":"product_cat","embeddable":true,"href":"https:\/\/c-profil.se\/english\/wp-json\/wp\/v2\/product_cat?post=24930"},{"taxonomy":"product_tag","embeddable":true,"href":"https:\/\/c-profil.se\/english\/wp-json\/wp\/v2\/product_tag?post=24930"}],"curies":[{"name":"wp","href":"https:\/\/api.w.org\/{rel}","templated":true}]}}