{"id":24928,"date":"2020-10-22T13:18:00","date_gmt":"2020-10-22T12:18:00","guid":{"rendered":"https:\/\/c-profil.se\/produkt\/kylaggregat-slim-out\/"},"modified":"2026-03-19T15:42:22","modified_gmt":"2026-03-19T14:42:22","slug":"cooling-unit-slim-out","status":"publish","type":"product","link":"https:\/\/c-profil.se\/english\/produkt\/kylaggregat-slim-out\/","title":{"rendered":"Cooling unit | Slim Out"},"content":{"rendered":"<p><strong>Cooling unit \/ Slim Out is a slim cooling unit with very small installation dimensions for wall or door mounting, with cooling power from 100 to 4000 W.<\/strong><br \/>\nThe Slim series is specially developed for applications where reduced protrusion is crucial, such as battery cabinets, and offers cooling capacities from 500 to 4000 W according to DIN 3168 and the possibility of UL certification.<\/p>","protected":false},"excerpt":{"rendered":"<p>Cooling units \/ Slim Out with small installation dimensions. For wall or door mounting, with a power of 100W \u2013 4000W. To meet the requirements of reducing the radiator protrusion, we have supplemented the RamKlima series with the SLIM series. They are particularly suitable for cooling battery cabinets and in all applications where it is necessary to have a reduced radiator size. The product line includes cooling powers from 500 to 4000 Watt (according to DIN3168).<\/p>\n<ul>\n<li><strong>The cooling units are also available with UL certification.<\/strong><\/li>\n<\/ul>\n<p><strong>Top version:<\/strong><\/p>\n<ul>\n<li>2 PLUG-IN connectors for power supply<\/li>\n<li>Control with alarm for overtemperature<\/li>\n<li>Remote ON\/OFF (door contact switch)<\/li>\n<li>RS485 serial interface for remote control (ordered separately)<\/li>\n<\/ul>\n<p><strong>Other:<\/strong><\/p>\n<ul>\n<li>Foamed polyurethane gasket on the back of the unit.<\/li>\n<li>Built-in \"hot-pipe\" loop in the condensate tray that evaporates the condensate water.<\/li>\n<li>External washable air filter.<\/li>\n<li>Texture coated in RAL7035.<\/li>\n<li>Other RAL colors are available.<\/li>\n<li>Visual alarm.<\/li>\n<li>RS485 serial protocol is available on request.<\/li>\n<li>Other voltage possible<\/li>\n<\/ul>","protected":false},"featured_media":45527,"template":"","meta":{"_acf_changed":false},"product_brand":[737],"product_cat":[207],"product_tag":[940,963,952,962,964],"class_list":{"0":"post-24928","1":"product","2":"type-product","3":"status-publish","4":"has-post-thumbnail","6":"product_brand-dkc","7":"product_cat-kylaggregat","8":"product_tag-apparatskap","9":"product_tag-klimatisering-av-apparatskap","10":"product_tag-kravande-miljo","11":"product_tag-kylning","12":"product_tag-ventilation","14":"first","15":"instock","16":"shipping-taxable","17":"product-type-simple"},"acf":[],"yoast_head":"<!-- This site is optimized with the Yoast SEO Premium plugin v27.4 (Yoast SEO v27.4) - https:\/\/yoast.com\/product\/yoast-seo-premium-wordpress\/ -->\n<title>Kylaggregat \/ Slim Out - C-Pro<\/title>\n<meta name=\"description\" content=\"Kylaggregat \/ Slim Out med litet inbyggnadsm\u00e5tt. F\u00f6r v\u00e4gg- eller d\u00f6rrmontage, med en effekt p\u00e5 100W \u2013 4000W. I RAL7035 eller AISI304L. L\u00e4s Mer!\" \/>\n<meta name=\"robots\" content=\"index, follow, max-snippet:-1, max-image-preview:large, max-video-preview:-1\" \/>\n<link rel=\"canonical\" href=\"https:\/\/c-profil.se\/english\/product\/cooling-unit-slim-out\/\" \/>\n<meta property=\"og:locale\" content=\"en_US\" \/>\n<meta property=\"og:type\" content=\"article\" \/>\n<meta property=\"og:title\" content=\"Kylaggregat | Slim Out - C-Pro\" \/>\n<meta property=\"og:description\" content=\"Kylaggregat \/ Slim Out med litet inbyggnadsm\u00e5tt. F\u00f6r v\u00e4gg- eller d\u00f6rrmontage, med en effekt p\u00e5 100W \u2013 4000W.F\u00f6r att m\u00f6ta kraven p\u00e5 att minska kylarens utspr\u00e5ng har vi kompletterat RamKlima-serien med SLIM-serien. De \u00e4r s\u00e4rskilt l\u00e4mpliga f\u00f6r kylning av batterisk\u00e5p och i alla de applikationer d\u00e4r det \u00e4r n\u00f6dv\u00e4ndigt att ha en reducerad kylarestorlek. Produktlinjen inkluderar kyleffekter fr\u00e5n 500 till 4000 Watt (enligt DIN3168).   Kylaggregaten finns ocks\u00e5 med UL-certifiering  Top-version:   2st PLUG-IN kontakter f\u00f6r str\u00f6mf\u00f6rs\u00f6rjning  Kontroll med larm f\u00f6r \u00f6vertemperatur  Fj\u00e4rrstyrd ON\/OFF (d\u00f6rrkontaktbrytare)  RS485 seriellt gr\u00e4nssnitt f\u00f6r fj\u00e4rrkontroll (best\u00e4lls separat)  \u00d6vrigt:   Skummad polyuretanpackning p\u00e5 baksidan av aggregatet.  Inbyggd \u201dhot-pipe\u201d slinga i kondenstr\u00e5get somvavdunstar kondensvattnet.  Yttre tv\u00e4ttbart luftfilter.  Strukturlackerade i RAL7035.  Andra RAL kul\u00f6rer finns tillg\u00e4ngliga.  Visuellt larm.  RS485 seriellt protokoll kan f\u00e5s p\u00e5 beg\u00e4ran.  Annan str\u00f6msp\u00e4nning m\u00f6jlig\" \/>\n<meta property=\"og:url\" content=\"https:\/\/c-profil.se\/english\/product\/cooling-unit-slim-out\/\" \/>\n<meta property=\"og:site_name\" content=\"C-Pro\" \/>\n<meta property=\"article:publisher\" content=\"https:\/\/www.facebook.com\/people\/C-Pro\/61561767306874\/\" \/>\n<meta property=\"article:modified_time\" content=\"2026-03-19T14:42:22+00:00\" \/>\n<meta property=\"og:image\" content=\"https:\/\/c-profil.se\/wp-content\/uploads\/2020\/10\/Kylaggregat-Slim-Out.jpg\" \/>\n\t<meta property=\"og:image:width\" content=\"1000\" \/>\n\t<meta property=\"og:image:height\" content=\"1000\" \/>\n\t<meta property=\"og:image:type\" content=\"image\/jpeg\" \/>\n<meta name=\"twitter:card\" content=\"summary_large_image\" \/>\n<meta name=\"twitter:label1\" content=\"Price\" \/>\n\t<meta name=\"twitter:data1\" content=\"\" \/>\n\t<meta name=\"twitter:label2\" content=\"Availability\" \/>\n\t<meta name=\"twitter:data2\" content=\"In stock\" \/>\n<script type=\"application\/ld+json\" class=\"yoast-schema-graph\">{\"@context\":\"https:\\\/\\\/schema.org\",\"@graph\":[{\"@type\":\"WebPage\",\"@id\":\"https:\\\/\\\/c-profil.se\\\/produkt\\\/kylaggregat-slim-out\\\/\",\"url\":\"https:\\\/\\\/c-profil.se\\\/produkt\\\/kylaggregat-slim-out\\\/\",\"name\":\"Kylaggregat \\\/ Slim Out - C-Pro\",\"isPartOf\":{\"@id\":\"https:\\\/\\\/c-profil.se\\\/#website\"},\"primaryImageOfPage\":{\"@id\":\"https:\\\/\\\/c-profil.se\\\/produkt\\\/kylaggregat-slim-out\\\/#primaryimage\"},\"image\":{\"@id\":\"https:\\\/\\\/c-profil.se\\\/produkt\\\/kylaggregat-slim-out\\\/#primaryimage\"},\"thumbnailUrl\":\"https:\\\/\\\/c-profil.se\\\/wp-content\\\/uploads\\\/2020\\\/10\\\/Kylaggregat-Slim-Out.jpg\",\"datePublished\":\"2020-10-22T12:18:00+00:00\",\"dateModified\":\"2026-03-19T14:42:22+00:00\",\"description\":\"Kylaggregat \\\/ Slim Out med litet inbyggnadsm\u00e5tt. F\u00f6r v\u00e4gg- eller d\u00f6rrmontage, med en effekt p\u00e5 100W \u2013 4000W. I RAL7035 eller AISI304L. L\u00e4s Mer!\",\"breadcrumb\":{\"@id\":\"https:\\\/\\\/c-profil.se\\\/produkt\\\/kylaggregat-slim-out\\\/#breadcrumb\"},\"inLanguage\":\"en\",\"potentialAction\":[{\"@type\":\"ReadAction\",\"target\":[\"https:\\\/\\\/c-profil.se\\\/produkt\\\/kylaggregat-slim-out\\\/\"]}]},{\"@type\":\"ImageObject\",\"inLanguage\":\"en\",\"@id\":\"https:\\\/\\\/c-profil.se\\\/produkt\\\/kylaggregat-slim-out\\\/#primaryimage\",\"url\":\"https:\\\/\\\/c-profil.se\\\/wp-content\\\/uploads\\\/2020\\\/10\\\/Kylaggregat-Slim-Out.jpg\",\"contentUrl\":\"https:\\\/\\\/c-profil.se\\\/wp-content\\\/uploads\\\/2020\\\/10\\\/Kylaggregat-Slim-Out.jpg\",\"width\":1000,\"height\":1000,\"caption\":\"Kylaggregat Slim Out\"},{\"@type\":\"BreadcrumbList\",\"@id\":\"https:\\\/\\\/c-profil.se\\\/produkt\\\/kylaggregat-slim-out\\\/#breadcrumb\",\"itemListElement\":[{\"@type\":\"ListItem\",\"position\":1,\"name\":\"Hem\",\"item\":\"https:\\\/\\\/c-profil.se\\\/\"},{\"@type\":\"ListItem\",\"position\":2,\"name\":\"Produkter\",\"item\":\"https:\\\/\\\/c-profil.se\\\/produkter\\\/\"},{\"@type\":\"ListItem\",\"position\":3,\"name\":\"Kylaggregat\",\"item\":\"https:\\\/\\\/c-profil.se\\\/produkt-kategori\\\/kylaggregat\\\/\"},{\"@type\":\"ListItem\",\"position\":4,\"name\":\"Kylaggregat | Slim Out\"}]},{\"@type\":\"WebSite\",\"@id\":\"https:\\\/\\\/c-profil.se\\\/#website\",\"url\":\"https:\\\/\\\/c-profil.se\\\/\",\"name\":\"C-Pro\",\"description\":\"Produkter f\u00f6r El och Automation\",\"publisher\":{\"@id\":\"https:\\\/\\\/c-profil.se\\\/#organization\"},\"potentialAction\":[{\"@type\":\"SearchAction\",\"target\":{\"@type\":\"EntryPoint\",\"urlTemplate\":\"https:\\\/\\\/c-profil.se\\\/?s={search_term_string}\"},\"query-input\":{\"@type\":\"PropertyValueSpecification\",\"valueRequired\":true,\"valueName\":\"search_term_string\"}}],\"inLanguage\":\"en\"},{\"@type\":\"Organization\",\"@id\":\"https:\\\/\\\/c-profil.se\\\/#organization\",\"name\":\"C-Pro\",\"alternateName\":\"C-PRO\",\"url\":\"https:\\\/\\\/c-profil.se\\\/\",\"logo\":{\"@type\":\"ImageObject\",\"inLanguage\":\"en\",\"@id\":\"https:\\\/\\\/c-profil.se\\\/#\\\/schema\\\/logo\\\/image\\\/\",\"url\":\"https:\\\/\\\/c-profil.se\\\/wp-content\\\/uploads\\\/2022\\\/03\\\/c-pro-logga-liggande-500x500-1.png\",\"contentUrl\":\"https:\\\/\\\/c-profil.se\\\/wp-content\\\/uploads\\\/2022\\\/03\\\/c-pro-logga-liggande-500x500-1.png\",\"width\":500,\"height\":500,\"caption\":\"C-Pro\"},\"image\":{\"@id\":\"https:\\\/\\\/c-profil.se\\\/#\\\/schema\\\/logo\\\/image\\\/\"},\"sameAs\":[\"https:\\\/\\\/www.facebook.com\\\/people\\\/C-Pro\\\/61561767306874\\\/\",\"https:\\\/\\\/www.linkedin.com\\\/company\\\/c-pro-ab\",\"https:\\\/\\\/www.instagram.com\\\/cpro.ab\\\/\"],\"description\":\"C-PRO AB \u00e4r en helt\u00e4ckande leverant\u00f6r av material f\u00f6r applikationer inom el och automation. \u00c4nda sedan starten 1987 har vi f\u00f6rsett den svenska tillverkande industrin med elmaterial. Trots v\u00e5r storlek och ledande position har vi aldrig \u00f6vergett v\u00e5r grundfilosofi, att vara en personlig leverant\u00f6r. Vi p\u00e5 C-PRO \u00e4r l\u00e4tta att komma i kontakt med, \u00e4rliga och brinner f\u00f6r att l\u00f6sa v\u00e5ra kunders problem.\",\"email\":\"info@c-profil.se\",\"telephone\":\"031575785\",\"legalName\":\"C-Profil F\u00f6rl\u00e4ggningsmaterial AB\",\"foundingDate\":\"1987-01-01\"}]}<\/script>\n<meta property=\"product:brand\" content=\"apparatsk\u00e5p\" \/>\n<meta property=\"product:price:currency\" content=\"SEK\" \/>\n<meta property=\"og:availability\" content=\"instock\" \/>\n<meta property=\"product:availability\" content=\"instock\" \/>\n<meta property=\"product:retailer_item_id\" content=\"Kylaggregat | Slim Out\" \/>\n<meta property=\"product:condition\" content=\"new\" \/>\n<!-- \/ Yoast SEO Premium plugin. -->","yoast_head_json":{"title":"Cooling unit \/ Slim Out - C-Pro","description":"Cooling unit \/ Slim Out with small installation dimensions. For wall or door mounting, with a power of 100W - 4000W. In RAL7035 or AISI304L. Read More!","robots":{"index":"index","follow":"follow","max-snippet":"max-snippet:-1","max-image-preview":"max-image-preview:large","max-video-preview":"max-video-preview:-1"},"canonical":"https:\/\/c-profil.se\/english\/product\/cooling-unit-slim-out\/","og_locale":"en_US","og_type":"article","og_title":"Kylaggregat | Slim Out - C-Pro","og_description":"Kylaggregat \/ Slim Out med litet inbyggnadsm\u00e5tt. F\u00f6r v\u00e4gg- eller d\u00f6rrmontage, med en effekt p\u00e5 100W \u2013 4000W.F\u00f6r att m\u00f6ta kraven p\u00e5 att minska kylarens utspr\u00e5ng har vi kompletterat RamKlima-serien med SLIM-serien. De \u00e4r s\u00e4rskilt l\u00e4mpliga f\u00f6r kylning av batterisk\u00e5p och i alla de applikationer d\u00e4r det \u00e4r n\u00f6dv\u00e4ndigt att ha en reducerad kylarestorlek. Produktlinjen inkluderar kyleffekter fr\u00e5n 500 till 4000 Watt (enligt DIN3168).   Kylaggregaten finns ocks\u00e5 med UL-certifiering  Top-version:   2st PLUG-IN kontakter f\u00f6r str\u00f6mf\u00f6rs\u00f6rjning  Kontroll med larm f\u00f6r \u00f6vertemperatur  Fj\u00e4rrstyrd ON\/OFF (d\u00f6rrkontaktbrytare)  RS485 seriellt gr\u00e4nssnitt f\u00f6r fj\u00e4rrkontroll (best\u00e4lls separat)  \u00d6vrigt:   Skummad polyuretanpackning p\u00e5 baksidan av aggregatet.  Inbyggd \u201dhot-pipe\u201d slinga i kondenstr\u00e5get somvavdunstar kondensvattnet.  Yttre tv\u00e4ttbart luftfilter.  Strukturlackerade i RAL7035.  Andra RAL kul\u00f6rer finns tillg\u00e4ngliga.  Visuellt larm.  RS485 seriellt protokoll kan f\u00e5s p\u00e5 beg\u00e4ran.  Annan str\u00f6msp\u00e4nning m\u00f6jlig","og_url":"https:\/\/c-profil.se\/english\/product\/cooling-unit-slim-out\/","og_site_name":"C-Pro","article_publisher":"https:\/\/www.facebook.com\/people\/C-Pro\/61561767306874\/","article_modified_time":"2026-03-19T14:42:22+00:00","og_image":[{"width":1000,"height":1000,"url":"https:\/\/c-profil.se\/wp-content\/uploads\/2020\/10\/Kylaggregat-Slim-Out.jpg","type":"image\/jpeg"}],"twitter_card":"summary_large_image","twitter_misc":{"Price":"","Availability":"In stock"},"schema":{"@context":"https:\/\/schema.org","@graph":[{"@type":"WebPage","@id":"https:\/\/c-profil.se\/produkt\/kylaggregat-slim-out\/","url":"https:\/\/c-profil.se\/produkt\/kylaggregat-slim-out\/","name":"Cooling unit \/ Slim Out - C-Pro","isPartOf":{"@id":"https:\/\/c-profil.se\/#website"},"primaryImageOfPage":{"@id":"https:\/\/c-profil.se\/produkt\/kylaggregat-slim-out\/#primaryimage"},"image":{"@id":"https:\/\/c-profil.se\/produkt\/kylaggregat-slim-out\/#primaryimage"},"thumbnailUrl":"https:\/\/c-profil.se\/wp-content\/uploads\/2020\/10\/Kylaggregat-Slim-Out.jpg","datePublished":"2020-10-22T12:18:00+00:00","dateModified":"2026-03-19T14:42:22+00:00","description":"Cooling unit \/ Slim Out with small installation dimensions. For wall or door mounting, with a power of 100W - 4000W. In RAL7035 or AISI304L. Read More!","breadcrumb":{"@id":"https:\/\/c-profil.se\/produkt\/kylaggregat-slim-out\/#breadcrumb"},"inLanguage":"en","potentialAction":[{"@type":"ReadAction","target":["https:\/\/c-profil.se\/produkt\/kylaggregat-slim-out\/"]}]},{"@type":"ImageObject","inLanguage":"en","@id":"https:\/\/c-profil.se\/produkt\/kylaggregat-slim-out\/#primaryimage","url":"https:\/\/c-profil.se\/wp-content\/uploads\/2020\/10\/Kylaggregat-Slim-Out.jpg","contentUrl":"https:\/\/c-profil.se\/wp-content\/uploads\/2020\/10\/Kylaggregat-Slim-Out.jpg","width":1000,"height":1000,"caption":"Kylaggregat Slim Out"},{"@type":"BreadcrumbList","@id":"https:\/\/c-profil.se\/produkt\/kylaggregat-slim-out\/#breadcrumb","itemListElement":[{"@type":"ListItem","position":1,"name":"Hem","item":"https:\/\/c-profil.se\/"},{"@type":"ListItem","position":2,"name":"Produkter","item":"https:\/\/c-profil.se\/produkter\/"},{"@type":"ListItem","position":3,"name":"Kylaggregat","item":"https:\/\/c-profil.se\/produkt-kategori\/kylaggregat\/"},{"@type":"ListItem","position":4,"name":"Kylaggregat | Slim Out"}]},{"@type":"WebSite","@id":"https:\/\/c-profil.se\/#website","url":"https:\/\/c-profil.se\/","name":"C-Pro","description":"Products for Electricity and Automation","publisher":{"@id":"https:\/\/c-profil.se\/#organization"},"potentialAction":[{"@type":"SearchAction","target":{"@type":"EntryPoint","urlTemplate":"https:\/\/c-profil.se\/?s={search_term_string}"},"query-input":{"@type":"PropertyValueSpecification","valueRequired":true,"valueName":"search_term_string"}}],"inLanguage":"en"},{"@type":"Organization","@id":"https:\/\/c-profil.se\/#organization","name":"C-Pro","alternateName":"C-PRO","url":"https:\/\/c-profil.se\/","logo":{"@type":"ImageObject","inLanguage":"en","@id":"https:\/\/c-profil.se\/#\/schema\/logo\/image\/","url":"https:\/\/c-profil.se\/wp-content\/uploads\/2022\/03\/c-pro-logga-liggande-500x500-1.png","contentUrl":"https:\/\/c-profil.se\/wp-content\/uploads\/2022\/03\/c-pro-logga-liggande-500x500-1.png","width":500,"height":500,"caption":"C-Pro"},"image":{"@id":"https:\/\/c-profil.se\/#\/schema\/logo\/image\/"},"sameAs":["https:\/\/www.facebook.com\/people\/C-Pro\/61561767306874\/","https:\/\/www.linkedin.com\/company\/c-pro-ab","https:\/\/www.instagram.com\/cpro.ab\/"],"description":"C-PRO AB is a comprehensive supplier of materials for applications in electricity and automation. Ever since the start in 1987, we have supplied the Swedish manufacturing industry with electrical materials. Despite our size and leading position, we have never abandoned our basic philosophy, to be a personal supplier. We at C-PRO are easy to get in touch with, honest and passionate about solving our customers&#039; problems.","email":"info@c-profil.se","telephone":"031575785","legalName":"C-Profil F\u00f6rl\u00e4ggningsmaterial AB","foundingDate":"1987-01-01"}]},"product_brand":"apparatsk\u00e5p","product_price_currency":"SEK","og_availability":"instock","product_availability":"instock","product_retailer_item_id":"Kylaggregat | Slim Out","product_condition":"new"},"_links":{"self":[{"href":"https:\/\/c-profil.se\/english\/wp-json\/wp\/v2\/product\/24928","targetHints":{"allow":["GET"]}}],"collection":[{"href":"https:\/\/c-profil.se\/english\/wp-json\/wp\/v2\/product"}],"about":[{"href":"https:\/\/c-profil.se\/english\/wp-json\/wp\/v2\/types\/product"}],"version-history":[{"count":10,"href":"https:\/\/c-profil.se\/english\/wp-json\/wp\/v2\/product\/24928\/revisions"}],"predecessor-version":[{"id":74353,"href":"https:\/\/c-profil.se\/english\/wp-json\/wp\/v2\/product\/24928\/revisions\/74353"}],"wp:featuredmedia":[{"embeddable":true,"href":"https:\/\/c-profil.se\/english\/wp-json\/wp\/v2\/media\/45527"}],"wp:attachment":[{"href":"https:\/\/c-profil.se\/english\/wp-json\/wp\/v2\/media?parent=24928"}],"wp:term":[{"taxonomy":"product_brand","embeddable":true,"href":"https:\/\/c-profil.se\/english\/wp-json\/wp\/v2\/product_brand?post=24928"},{"taxonomy":"product_cat","embeddable":true,"href":"https:\/\/c-profil.se\/english\/wp-json\/wp\/v2\/product_cat?post=24928"},{"taxonomy":"product_tag","embeddable":true,"href":"https:\/\/c-profil.se\/english\/wp-json\/wp\/v2\/product_tag?post=24928"}],"curies":[{"name":"wp","href":"https:\/\/api.w.org\/{rel}","templated":true}]}}