{"id":24916,"date":"2020-08-27T09:27:00","date_gmt":"2020-08-27T08:27:00","guid":{"rendered":"https:\/\/c-profil.se\/produkt\/termostat-for-varme-och-kyla-24v-tes1141\/"},"modified":"2026-03-18T16:16:21","modified_gmt":"2026-03-18T15:16:21","slug":"dual-thermostat-cooling-heat-tes60","status":"publish","type":"product","link":"https:\/\/c-profil.se\/english\/produkt\/dubbeltermostat-kyla-varme-tes60\/","title":{"rendered":"Double Thermostat Cooling &amp; Heating | TES60"},"content":{"rendered":"<p><strong>TES60 is a dual thermostat for controlling both cooling and heating in systems with thermoelectric coolers (Peltier) or 24 V cabinet heaters.<\/strong><br \/>\nIt provides precise temperature control with low hysteresis and is intended for DIN rail mounting in control cabinets and enclosures.<\/p>","protected":false},"excerpt":{"rendered":"<p>Dual thermostat Cooling &amp; Heating \/ TES60 is a temperature regulator for thermoelectric coolers (Peltier) or cabinet heaters 24V.<\/p>\n<ul>\n<li>Temperature controller for thermoelectric coolers (Peltier) or heating element 24V<\/li>\n<li>Slight hysteresis (lagging behind)<\/li>\n<li>Adjustable temperature 0 - 60 \u00b0 C<\/li>\n<li>Change Over contact<\/li>\n<li>Mounting on DIN rail<\/li>\n<li>16 A switching capacity at 24 V DC<\/li>\n<\/ul>\n<div id=\"gtx-trans\" style=\"position: absolute;left: -15px;top: 150px\">\n<div class=\"gtx-trans-icon\"><\/div>\n<\/div>","protected":false},"featured_media":46108,"template":"","meta":{"_acf_changed":false},"product_brand":[746],"product_cat":[205,206],"product_tag":[963,966,967],"class_list":{"0":"post-24916","1":"product","2":"type-product","3":"status-publish","4":"has-post-thumbnail","6":"product_brand-rubsamen-herr","7":"product_cat-ptc-varmare","8":"product_cat-styrenheter","9":"product_tag-klimatisering-av-apparatskap","10":"product_tag-kondensskydd","11":"product_tag-temperaturstyrning","13":"first","14":"instock","15":"shipping-taxable","16":"product-type-simple"},"acf":[],"yoast_head":"<!-- This site is optimized with the Yoast SEO Premium plugin v27.4 (Yoast SEO v27.4) - https:\/\/yoast.com\/product\/yoast-seo-premium-wordpress\/ -->\n<title>Dubbeltermostat Kyla &amp; V\u00e4rme | TES60 - C-Pro<\/title>\n<meta name=\"description\" content=\"Dubbeltermostat Kyla &amp; V\u00e4rme \/ TES60 \u00e4r en temperaturregulator f\u00f6r termoelektriska kylare (Peltier) eller Sk\u00e5psv\u00e4rmare 24V. L\u00e4s Mer!\" \/>\n<meta name=\"robots\" content=\"index, follow, max-snippet:-1, max-image-preview:large, max-video-preview:-1\" \/>\n<link rel=\"canonical\" href=\"https:\/\/c-profil.se\/english\/product\/dual-thermostat-cooling-heat-tes60\/\" \/>\n<meta property=\"og:locale\" content=\"en_US\" \/>\n<meta property=\"og:type\" content=\"article\" \/>\n<meta property=\"og:title\" content=\"Dubbeltermostat Kyla &amp; V\u00e4rme | TES60 - C-Pro\" \/>\n<meta property=\"og:description\" content=\"Dubbeltermostat Kyla &amp; V\u00e4rme \/ TES60 \u00e4r en temperaturregulator f\u00f6r termoelektriska kylare (Peltier) eller Sk\u00e5psv\u00e4rmare 24V.   Temperaturregulator f\u00f6r termoelektriska kylare (Peltier) eller v\u00e4rmeelement 24V  Liten hysteres (eftersl\u00e4pande)  Justerbar temperatur 0 - 60 \u00b0 C  Change Over kontakt  Montering p\u00e5 DIN-skena  16 A kopplingskapacitet vid 24 V DC\" \/>\n<meta property=\"og:url\" content=\"https:\/\/c-profil.se\/english\/product\/dual-thermostat-cooling-heat-tes60\/\" \/>\n<meta property=\"og:site_name\" content=\"C-Pro\" \/>\n<meta property=\"article:publisher\" content=\"https:\/\/www.facebook.com\/people\/C-Pro\/61561767306874\/\" \/>\n<meta property=\"article:modified_time\" content=\"2026-03-18T15:16:21+00:00\" \/>\n<meta property=\"og:image\" content=\"https:\/\/c-profil.se\/wp-content\/uploads\/2020\/08\/Dubbeltramostat-Kyla-Varme-TES60.jpg\" \/>\n\t<meta property=\"og:image:width\" content=\"1000\" \/>\n\t<meta property=\"og:image:height\" content=\"1000\" \/>\n\t<meta property=\"og:image:type\" content=\"image\/jpeg\" \/>\n<meta name=\"twitter:card\" content=\"summary_large_image\" \/>\n<meta name=\"twitter:label1\" content=\"Price\" \/>\n\t<meta name=\"twitter:data1\" content=\"\" \/>\n\t<meta name=\"twitter:label2\" content=\"Availability\" \/>\n\t<meta name=\"twitter:data2\" content=\"In stock\" \/>\n<script type=\"application\/ld+json\" class=\"yoast-schema-graph\">{\"@context\":\"https:\\\/\\\/schema.org\",\"@graph\":[{\"@type\":\"WebPage\",\"@id\":\"https:\\\/\\\/c-profil.se\\\/produkt\\\/dubbeltermostat-kyla-varme-tes60\\\/\",\"url\":\"https:\\\/\\\/c-profil.se\\\/produkt\\\/dubbeltermostat-kyla-varme-tes60\\\/\",\"name\":\"Dubbeltermostat Kyla &amp; V\u00e4rme | TES60 - C-Pro\",\"isPartOf\":{\"@id\":\"https:\\\/\\\/c-profil.se\\\/#website\"},\"primaryImageOfPage\":{\"@id\":\"https:\\\/\\\/c-profil.se\\\/produkt\\\/dubbeltermostat-kyla-varme-tes60\\\/#primaryimage\"},\"image\":{\"@id\":\"https:\\\/\\\/c-profil.se\\\/produkt\\\/dubbeltermostat-kyla-varme-tes60\\\/#primaryimage\"},\"thumbnailUrl\":\"https:\\\/\\\/c-profil.se\\\/wp-content\\\/uploads\\\/2020\\\/08\\\/Dubbeltramostat-Kyla-Varme-TES60.jpg\",\"datePublished\":\"2020-08-27T08:27:00+00:00\",\"dateModified\":\"2026-03-18T15:16:21+00:00\",\"description\":\"Dubbeltermostat Kyla & V\u00e4rme \\\/ TES60 \u00e4r en temperaturregulator f\u00f6r termoelektriska kylare (Peltier) eller Sk\u00e5psv\u00e4rmare 24V. L\u00e4s Mer!\",\"breadcrumb\":{\"@id\":\"https:\\\/\\\/c-profil.se\\\/produkt\\\/dubbeltermostat-kyla-varme-tes60\\\/#breadcrumb\"},\"inLanguage\":\"en\",\"potentialAction\":[{\"@type\":\"ReadAction\",\"target\":[\"https:\\\/\\\/c-profil.se\\\/produkt\\\/dubbeltermostat-kyla-varme-tes60\\\/\"]}]},{\"@type\":\"ImageObject\",\"inLanguage\":\"en\",\"@id\":\"https:\\\/\\\/c-profil.se\\\/produkt\\\/dubbeltermostat-kyla-varme-tes60\\\/#primaryimage\",\"url\":\"https:\\\/\\\/c-profil.se\\\/wp-content\\\/uploads\\\/2020\\\/08\\\/Dubbeltramostat-Kyla-Varme-TES60.jpg\",\"contentUrl\":\"https:\\\/\\\/c-profil.se\\\/wp-content\\\/uploads\\\/2020\\\/08\\\/Dubbeltramostat-Kyla-Varme-TES60.jpg\",\"width\":1000,\"height\":1000,\"caption\":\"Dubbeltermostat Kyla & V\u00e4rme TES60\"},{\"@type\":\"BreadcrumbList\",\"@id\":\"https:\\\/\\\/c-profil.se\\\/produkt\\\/dubbeltermostat-kyla-varme-tes60\\\/#breadcrumb\",\"itemListElement\":[{\"@type\":\"ListItem\",\"position\":1,\"name\":\"Hem\",\"item\":\"https:\\\/\\\/c-profil.se\\\/\"},{\"@type\":\"ListItem\",\"position\":2,\"name\":\"Produkter\",\"item\":\"https:\\\/\\\/c-profil.se\\\/produkter\\\/\"},{\"@type\":\"ListItem\",\"position\":3,\"name\":\"Styrenheter\",\"item\":\"https:\\\/\\\/c-profil.se\\\/produkt-kategori\\\/styrenheter\\\/\"},{\"@type\":\"ListItem\",\"position\":4,\"name\":\"Dubbeltermostat Kyla &amp; V\u00e4rme | TES60\"}]},{\"@type\":\"WebSite\",\"@id\":\"https:\\\/\\\/c-profil.se\\\/#website\",\"url\":\"https:\\\/\\\/c-profil.se\\\/\",\"name\":\"C-Pro\",\"description\":\"Produkter f\u00f6r El och Automation\",\"publisher\":{\"@id\":\"https:\\\/\\\/c-profil.se\\\/#organization\"},\"potentialAction\":[{\"@type\":\"SearchAction\",\"target\":{\"@type\":\"EntryPoint\",\"urlTemplate\":\"https:\\\/\\\/c-profil.se\\\/?s={search_term_string}\"},\"query-input\":{\"@type\":\"PropertyValueSpecification\",\"valueRequired\":true,\"valueName\":\"search_term_string\"}}],\"inLanguage\":\"en\"},{\"@type\":\"Organization\",\"@id\":\"https:\\\/\\\/c-profil.se\\\/#organization\",\"name\":\"C-Pro\",\"alternateName\":\"C-PRO\",\"url\":\"https:\\\/\\\/c-profil.se\\\/\",\"logo\":{\"@type\":\"ImageObject\",\"inLanguage\":\"en\",\"@id\":\"https:\\\/\\\/c-profil.se\\\/#\\\/schema\\\/logo\\\/image\\\/\",\"url\":\"https:\\\/\\\/c-profil.se\\\/wp-content\\\/uploads\\\/2022\\\/03\\\/c-pro-logga-liggande-500x500-1.png\",\"contentUrl\":\"https:\\\/\\\/c-profil.se\\\/wp-content\\\/uploads\\\/2022\\\/03\\\/c-pro-logga-liggande-500x500-1.png\",\"width\":500,\"height\":500,\"caption\":\"C-Pro\"},\"image\":{\"@id\":\"https:\\\/\\\/c-profil.se\\\/#\\\/schema\\\/logo\\\/image\\\/\"},\"sameAs\":[\"https:\\\/\\\/www.facebook.com\\\/people\\\/C-Pro\\\/61561767306874\\\/\",\"https:\\\/\\\/www.linkedin.com\\\/company\\\/c-pro-ab\",\"https:\\\/\\\/www.instagram.com\\\/cpro.ab\\\/\"],\"description\":\"C-PRO AB \u00e4r en helt\u00e4ckande leverant\u00f6r av material f\u00f6r applikationer inom el och automation. \u00c4nda sedan starten 1987 har vi f\u00f6rsett den svenska tillverkande industrin med elmaterial. Trots v\u00e5r storlek och ledande position har vi aldrig \u00f6vergett v\u00e5r grundfilosofi, att vara en personlig leverant\u00f6r. Vi p\u00e5 C-PRO \u00e4r l\u00e4tta att komma i kontakt med, \u00e4rliga och brinner f\u00f6r att l\u00f6sa v\u00e5ra kunders problem.\",\"email\":\"info@c-profil.se\",\"telephone\":\"031575785\",\"legalName\":\"C-Profil F\u00f6rl\u00e4ggningsmaterial AB\",\"foundingDate\":\"1987-01-01\"}]}<\/script>\n<meta property=\"product:brand\" content=\"klimatisering av apparatsk\u00e5p\" \/>\n<meta property=\"product:price:currency\" content=\"SEK\" \/>\n<meta property=\"og:availability\" content=\"instock\" \/>\n<meta property=\"product:availability\" content=\"instock\" \/>\n<meta property=\"product:retailer_item_id\" content=\"TES60\" \/>\n<meta property=\"product:condition\" content=\"new\" \/>\n<!-- \/ Yoast SEO Premium plugin. -->","yoast_head_json":{"title":"Double Thermostat Cooling &amp; Heating | TES60 - C-Pro","description":"Dual thermostat Cooling &amp; Heating \/ TES60 is a temperature regulator for thermoelectric coolers (Peltier) or cabinet heaters 24V. Read more!","robots":{"index":"index","follow":"follow","max-snippet":"max-snippet:-1","max-image-preview":"max-image-preview:large","max-video-preview":"max-video-preview:-1"},"canonical":"https:\/\/c-profil.se\/english\/product\/dual-thermostat-cooling-heat-tes60\/","og_locale":"en_US","og_type":"article","og_title":"Dubbeltermostat Kyla &amp; V\u00e4rme | TES60 - C-Pro","og_description":"Dubbeltermostat Kyla &amp; V\u00e4rme \/ TES60 \u00e4r en temperaturregulator f\u00f6r termoelektriska kylare (Peltier) eller Sk\u00e5psv\u00e4rmare 24V.   Temperaturregulator f\u00f6r termoelektriska kylare (Peltier) eller v\u00e4rmeelement 24V  Liten hysteres (eftersl\u00e4pande)  Justerbar temperatur 0 - 60 \u00b0 C  Change Over kontakt  Montering p\u00e5 DIN-skena  16 A kopplingskapacitet vid 24 V DC","og_url":"https:\/\/c-profil.se\/english\/product\/dual-thermostat-cooling-heat-tes60\/","og_site_name":"C-Pro","article_publisher":"https:\/\/www.facebook.com\/people\/C-Pro\/61561767306874\/","article_modified_time":"2026-03-18T15:16:21+00:00","og_image":[{"width":1000,"height":1000,"url":"https:\/\/c-profil.se\/wp-content\/uploads\/2020\/08\/Dubbeltramostat-Kyla-Varme-TES60.jpg","type":"image\/jpeg"}],"twitter_card":"summary_large_image","twitter_misc":{"Price":"","Availability":"In stock"},"schema":{"@context":"https:\/\/schema.org","@graph":[{"@type":"WebPage","@id":"https:\/\/c-profil.se\/produkt\/dubbeltermostat-kyla-varme-tes60\/","url":"https:\/\/c-profil.se\/produkt\/dubbeltermostat-kyla-varme-tes60\/","name":"Double Thermostat Cooling &amp; Heating | TES60 - C-Pro","isPartOf":{"@id":"https:\/\/c-profil.se\/#website"},"primaryImageOfPage":{"@id":"https:\/\/c-profil.se\/produkt\/dubbeltermostat-kyla-varme-tes60\/#primaryimage"},"image":{"@id":"https:\/\/c-profil.se\/produkt\/dubbeltermostat-kyla-varme-tes60\/#primaryimage"},"thumbnailUrl":"https:\/\/c-profil.se\/wp-content\/uploads\/2020\/08\/Dubbeltramostat-Kyla-Varme-TES60.jpg","datePublished":"2020-08-27T08:27:00+00:00","dateModified":"2026-03-18T15:16:21+00:00","description":"Dual thermostat Cooling &amp; Heating \/ TES60 is a temperature regulator for thermoelectric coolers (Peltier) or cabinet heaters 24V. Read more!","breadcrumb":{"@id":"https:\/\/c-profil.se\/produkt\/dubbeltermostat-kyla-varme-tes60\/#breadcrumb"},"inLanguage":"en","potentialAction":[{"@type":"ReadAction","target":["https:\/\/c-profil.se\/produkt\/dubbeltermostat-kyla-varme-tes60\/"]}]},{"@type":"ImageObject","inLanguage":"en","@id":"https:\/\/c-profil.se\/produkt\/dubbeltermostat-kyla-varme-tes60\/#primaryimage","url":"https:\/\/c-profil.se\/wp-content\/uploads\/2020\/08\/Dubbeltramostat-Kyla-Varme-TES60.jpg","contentUrl":"https:\/\/c-profil.se\/wp-content\/uploads\/2020\/08\/Dubbeltramostat-Kyla-Varme-TES60.jpg","width":1000,"height":1000,"caption":"Dubbeltermostat Kyla & V\u00e4rme TES60"},{"@type":"BreadcrumbList","@id":"https:\/\/c-profil.se\/produkt\/dubbeltermostat-kyla-varme-tes60\/#breadcrumb","itemListElement":[{"@type":"ListItem","position":1,"name":"Hem","item":"https:\/\/c-profil.se\/"},{"@type":"ListItem","position":2,"name":"Produkter","item":"https:\/\/c-profil.se\/produkter\/"},{"@type":"ListItem","position":3,"name":"Styrenheter","item":"https:\/\/c-profil.se\/produkt-kategori\/styrenheter\/"},{"@type":"ListItem","position":4,"name":"Dubbeltermostat Kyla &amp; V\u00e4rme | TES60"}]},{"@type":"WebSite","@id":"https:\/\/c-profil.se\/#website","url":"https:\/\/c-profil.se\/","name":"C-Pro","description":"Products for Electricity and Automation","publisher":{"@id":"https:\/\/c-profil.se\/#organization"},"potentialAction":[{"@type":"SearchAction","target":{"@type":"EntryPoint","urlTemplate":"https:\/\/c-profil.se\/?s={search_term_string}"},"query-input":{"@type":"PropertyValueSpecification","valueRequired":true,"valueName":"search_term_string"}}],"inLanguage":"en"},{"@type":"Organization","@id":"https:\/\/c-profil.se\/#organization","name":"C-Pro","alternateName":"C-PRO","url":"https:\/\/c-profil.se\/","logo":{"@type":"ImageObject","inLanguage":"en","@id":"https:\/\/c-profil.se\/#\/schema\/logo\/image\/","url":"https:\/\/c-profil.se\/wp-content\/uploads\/2022\/03\/c-pro-logga-liggande-500x500-1.png","contentUrl":"https:\/\/c-profil.se\/wp-content\/uploads\/2022\/03\/c-pro-logga-liggande-500x500-1.png","width":500,"height":500,"caption":"C-Pro"},"image":{"@id":"https:\/\/c-profil.se\/#\/schema\/logo\/image\/"},"sameAs":["https:\/\/www.facebook.com\/people\/C-Pro\/61561767306874\/","https:\/\/www.linkedin.com\/company\/c-pro-ab","https:\/\/www.instagram.com\/cpro.ab\/"],"description":"C-PRO AB is a comprehensive supplier of materials for applications in electricity and automation. Ever since the start in 1987, we have supplied the Swedish manufacturing industry with electrical materials. Despite our size and leading position, we have never abandoned our basic philosophy, to be a personal supplier. We at C-PRO are easy to get in touch with, honest and passionate about solving our customers&#039; problems.","email":"info@c-profil.se","telephone":"031575785","legalName":"C-Profil F\u00f6rl\u00e4ggningsmaterial AB","foundingDate":"1987-01-01"}]},"product_brand":"klimatisering av apparatsk\u00e5p","product_price_currency":"SEK","og_availability":"instock","product_availability":"instock","product_retailer_item_id":"TES60","product_condition":"new"},"_links":{"self":[{"href":"https:\/\/c-profil.se\/english\/wp-json\/wp\/v2\/product\/24916","targetHints":{"allow":["GET"]}}],"collection":[{"href":"https:\/\/c-profil.se\/english\/wp-json\/wp\/v2\/product"}],"about":[{"href":"https:\/\/c-profil.se\/english\/wp-json\/wp\/v2\/types\/product"}],"version-history":[{"count":6,"href":"https:\/\/c-profil.se\/english\/wp-json\/wp\/v2\/product\/24916\/revisions"}],"predecessor-version":[{"id":74369,"href":"https:\/\/c-profil.se\/english\/wp-json\/wp\/v2\/product\/24916\/revisions\/74369"}],"wp:featuredmedia":[{"embeddable":true,"href":"https:\/\/c-profil.se\/english\/wp-json\/wp\/v2\/media\/46108"}],"wp:attachment":[{"href":"https:\/\/c-profil.se\/english\/wp-json\/wp\/v2\/media?parent=24916"}],"wp:term":[{"taxonomy":"product_brand","embeddable":true,"href":"https:\/\/c-profil.se\/english\/wp-json\/wp\/v2\/product_brand?post=24916"},{"taxonomy":"product_cat","embeddable":true,"href":"https:\/\/c-profil.se\/english\/wp-json\/wp\/v2\/product_cat?post=24916"},{"taxonomy":"product_tag","embeddable":true,"href":"https:\/\/c-profil.se\/english\/wp-json\/wp\/v2\/product_tag?post=24916"}],"curies":[{"name":"wp","href":"https:\/\/api.w.org\/{rel}","templated":true}]}}