{"id":24914,"date":"2020-08-27T08:58:00","date_gmt":"2020-08-27T07:58:00","guid":{"rendered":"https:\/\/c-profil.se\/produkt\/termostat-for-varme-och-kyla-zr011\/"},"modified":"2026-03-19T15:40:17","modified_gmt":"2026-03-19T14:40:17","slug":"dual-thermostat-cooling-heating-zr011","status":"publish","type":"product","link":"https:\/\/c-profil.se\/english\/produkt\/dubbeltermostat-kyla-varme-zr011\/","title":{"rendered":"Double thermostat cooling &amp; heating | ZR011"},"content":{"rendered":"<p><strong>ZR011 is a double-acting thermostat for controlling both heating and cooling in enclosures.<\/strong><br \/>\nIt protects the electronics against both overtemperature and undertemperature.<\/p>","protected":false},"excerpt":{"rendered":"<p>Double thermostat cooling &amp; heating \/ ZR011 is a double-acting thermostat for both heating and cooling.<br \/>\nFits Filter Fans and PTC Heaters.<\/p>\n<ul>\n<li>Temperature controller with bimetallic or capillary sensor<\/li>\n<li>Electronic temperature controller<\/li>\n<li>Protection of electronics against heat and cold<\/li>\n<li>Switch contact for filter fans and heating elements<\/li>\n<li>Low noise level<\/li>\n<li>Energy saving<\/li>\n<\/ul>","protected":false},"featured_media":46109,"template":"","meta":{"_acf_changed":false},"product_brand":[746],"product_cat":[203,205,206],"product_tag":[963,966,967],"class_list":{"0":"post-24914","1":"product","2":"type-product","3":"status-publish","4":"has-post-thumbnail","6":"product_brand-rubsamen-herr","7":"product_cat-filterflaktar","8":"product_cat-ptc-varmare","9":"product_cat-styrenheter","10":"product_tag-klimatisering-av-apparatskap","11":"product_tag-kondensskydd","12":"product_tag-temperaturstyrning","14":"first","15":"instock","16":"shipping-taxable","17":"product-type-simple"},"acf":[],"yoast_head":"<!-- This site is optimized with the Yoast SEO Premium plugin v27.4 (Yoast SEO v27.4) - https:\/\/yoast.com\/product\/yoast-seo-premium-wordpress\/ -->\n<title>Dubbeltermostat kyla &amp; v\u00e4rme | ZR011 - C-Pro<\/title>\n<meta name=\"description\" content=\"Dubbeltermostat kyla &amp; v\u00e4rme \/ ZR011 \u00e4r en dubbelverkande termostat f\u00f6r b\u00e5de v\u00e4rme och kyla. Passar Filterfl\u00e4ktar och PTC-V\u00e4rmare. L\u00e4s Mer!\" \/>\n<meta name=\"robots\" content=\"index, follow, max-snippet:-1, max-image-preview:large, max-video-preview:-1\" \/>\n<link rel=\"canonical\" href=\"https:\/\/c-profil.se\/english\/product\/dual-thermostat-cooling-heating-zr011\/\" \/>\n<meta property=\"og:locale\" content=\"en_US\" \/>\n<meta property=\"og:type\" content=\"article\" \/>\n<meta property=\"og:title\" content=\"Dubbeltermostat kyla &amp; v\u00e4rme | ZR011 - C-Pro\" \/>\n<meta property=\"og:description\" content=\"Dubbeltermostat kyla &amp; v\u00e4rme \/ ZR011 \u00e4r en dubbelverkande termostat f\u00f6r b\u00e5de v\u00e4rme och kyla. Passar Filterfl\u00e4ktar och PTC-V\u00e4rmare.   Temperaturregulator med bimetall- eller kapill\u00e4rsensor  Elektronisk temperaturregulator  Skydd av elektronik mot v\u00e4rme och kyla  V\u00e4xlingskontakt f\u00f6r filterfl\u00e4ktar och v\u00e4rmeelement  L\u00e5g ljudniv\u00e5  Energibesparande\" \/>\n<meta property=\"og:url\" content=\"https:\/\/c-profil.se\/english\/product\/dual-thermostat-cooling-heating-zr011\/\" \/>\n<meta property=\"og:site_name\" content=\"C-Pro\" \/>\n<meta property=\"article:publisher\" content=\"https:\/\/www.facebook.com\/people\/C-Pro\/61561767306874\/\" \/>\n<meta property=\"article:modified_time\" content=\"2026-03-19T14:40:17+00:00\" \/>\n<meta property=\"og:image\" content=\"https:\/\/c-profil.se\/wp-content\/uploads\/2020\/08\/Dubbeltermostat-Kyla-Varme-ZR011.jpg\" \/>\n\t<meta property=\"og:image:width\" content=\"1000\" \/>\n\t<meta property=\"og:image:height\" content=\"1000\" \/>\n\t<meta property=\"og:image:type\" content=\"image\/jpeg\" \/>\n<meta name=\"twitter:card\" content=\"summary_large_image\" \/>\n<meta name=\"twitter:label1\" content=\"Price\" \/>\n\t<meta name=\"twitter:data1\" content=\"\" \/>\n\t<meta name=\"twitter:label2\" content=\"Availability\" \/>\n\t<meta name=\"twitter:data2\" content=\"In stock\" \/>\n<script type=\"application\/ld+json\" class=\"yoast-schema-graph\">{\"@context\":\"https:\\\/\\\/schema.org\",\"@graph\":[{\"@type\":\"WebPage\",\"@id\":\"https:\\\/\\\/c-profil.se\\\/produkt\\\/dubbeltermostat-kyla-varme-zr011\\\/\",\"url\":\"https:\\\/\\\/c-profil.se\\\/produkt\\\/dubbeltermostat-kyla-varme-zr011\\\/\",\"name\":\"Dubbeltermostat kyla &amp; v\u00e4rme | ZR011 - C-Pro\",\"isPartOf\":{\"@id\":\"https:\\\/\\\/c-profil.se\\\/#website\"},\"primaryImageOfPage\":{\"@id\":\"https:\\\/\\\/c-profil.se\\\/produkt\\\/dubbeltermostat-kyla-varme-zr011\\\/#primaryimage\"},\"image\":{\"@id\":\"https:\\\/\\\/c-profil.se\\\/produkt\\\/dubbeltermostat-kyla-varme-zr011\\\/#primaryimage\"},\"thumbnailUrl\":\"https:\\\/\\\/c-profil.se\\\/wp-content\\\/uploads\\\/2020\\\/08\\\/Dubbeltermostat-Kyla-Varme-ZR011.jpg\",\"datePublished\":\"2020-08-27T07:58:00+00:00\",\"dateModified\":\"2026-03-19T14:40:17+00:00\",\"description\":\"Dubbeltermostat kyla & v\u00e4rme \\\/ ZR011 \u00e4r en dubbelverkande termostat f\u00f6r b\u00e5de v\u00e4rme och kyla. Passar Filterfl\u00e4ktar och PTC-V\u00e4rmare. L\u00e4s Mer!\",\"breadcrumb\":{\"@id\":\"https:\\\/\\\/c-profil.se\\\/produkt\\\/dubbeltermostat-kyla-varme-zr011\\\/#breadcrumb\"},\"inLanguage\":\"en\",\"potentialAction\":[{\"@type\":\"ReadAction\",\"target\":[\"https:\\\/\\\/c-profil.se\\\/produkt\\\/dubbeltermostat-kyla-varme-zr011\\\/\"]}]},{\"@type\":\"ImageObject\",\"inLanguage\":\"en\",\"@id\":\"https:\\\/\\\/c-profil.se\\\/produkt\\\/dubbeltermostat-kyla-varme-zr011\\\/#primaryimage\",\"url\":\"https:\\\/\\\/c-profil.se\\\/wp-content\\\/uploads\\\/2020\\\/08\\\/Dubbeltermostat-Kyla-Varme-ZR011.jpg\",\"contentUrl\":\"https:\\\/\\\/c-profil.se\\\/wp-content\\\/uploads\\\/2020\\\/08\\\/Dubbeltermostat-Kyla-Varme-ZR011.jpg\",\"width\":1000,\"height\":1000,\"caption\":\"Dubbeltermostat Kyla & V\u00e4rme ZR011\"},{\"@type\":\"BreadcrumbList\",\"@id\":\"https:\\\/\\\/c-profil.se\\\/produkt\\\/dubbeltermostat-kyla-varme-zr011\\\/#breadcrumb\",\"itemListElement\":[{\"@type\":\"ListItem\",\"position\":1,\"name\":\"Hem\",\"item\":\"https:\\\/\\\/c-profil.se\\\/\"},{\"@type\":\"ListItem\",\"position\":2,\"name\":\"Produkter\",\"item\":\"https:\\\/\\\/c-profil.se\\\/produkter\\\/\"},{\"@type\":\"ListItem\",\"position\":3,\"name\":\"Styrenheter\",\"item\":\"https:\\\/\\\/c-profil.se\\\/produkt-kategori\\\/styrenheter\\\/\"},{\"@type\":\"ListItem\",\"position\":4,\"name\":\"Dubbeltermostat kyla &amp; v\u00e4rme | ZR011\"}]},{\"@type\":\"WebSite\",\"@id\":\"https:\\\/\\\/c-profil.se\\\/#website\",\"url\":\"https:\\\/\\\/c-profil.se\\\/\",\"name\":\"C-Pro\",\"description\":\"Produkter f\u00f6r El och Automation\",\"publisher\":{\"@id\":\"https:\\\/\\\/c-profil.se\\\/#organization\"},\"potentialAction\":[{\"@type\":\"SearchAction\",\"target\":{\"@type\":\"EntryPoint\",\"urlTemplate\":\"https:\\\/\\\/c-profil.se\\\/?s={search_term_string}\"},\"query-input\":{\"@type\":\"PropertyValueSpecification\",\"valueRequired\":true,\"valueName\":\"search_term_string\"}}],\"inLanguage\":\"en\"},{\"@type\":\"Organization\",\"@id\":\"https:\\\/\\\/c-profil.se\\\/#organization\",\"name\":\"C-Pro\",\"alternateName\":\"C-PRO\",\"url\":\"https:\\\/\\\/c-profil.se\\\/\",\"logo\":{\"@type\":\"ImageObject\",\"inLanguage\":\"en\",\"@id\":\"https:\\\/\\\/c-profil.se\\\/#\\\/schema\\\/logo\\\/image\\\/\",\"url\":\"https:\\\/\\\/c-profil.se\\\/wp-content\\\/uploads\\\/2022\\\/03\\\/c-pro-logga-liggande-500x500-1.png\",\"contentUrl\":\"https:\\\/\\\/c-profil.se\\\/wp-content\\\/uploads\\\/2022\\\/03\\\/c-pro-logga-liggande-500x500-1.png\",\"width\":500,\"height\":500,\"caption\":\"C-Pro\"},\"image\":{\"@id\":\"https:\\\/\\\/c-profil.se\\\/#\\\/schema\\\/logo\\\/image\\\/\"},\"sameAs\":[\"https:\\\/\\\/www.facebook.com\\\/people\\\/C-Pro\\\/61561767306874\\\/\",\"https:\\\/\\\/www.linkedin.com\\\/company\\\/c-pro-ab\",\"https:\\\/\\\/www.instagram.com\\\/cpro.ab\\\/\"],\"description\":\"C-PRO AB \u00e4r en helt\u00e4ckande leverant\u00f6r av material f\u00f6r applikationer inom el och automation. \u00c4nda sedan starten 1987 har vi f\u00f6rsett den svenska tillverkande industrin med elmaterial. Trots v\u00e5r storlek och ledande position har vi aldrig \u00f6vergett v\u00e5r grundfilosofi, att vara en personlig leverant\u00f6r. Vi p\u00e5 C-PRO \u00e4r l\u00e4tta att komma i kontakt med, \u00e4rliga och brinner f\u00f6r att l\u00f6sa v\u00e5ra kunders problem.\",\"email\":\"info@c-profil.se\",\"telephone\":\"031575785\",\"legalName\":\"C-Profil F\u00f6rl\u00e4ggningsmaterial AB\",\"foundingDate\":\"1987-01-01\"}]}<\/script>\n<meta property=\"product:brand\" content=\"klimatisering av apparatsk\u00e5p\" \/>\n<meta property=\"product:price:currency\" content=\"SEK\" \/>\n<meta property=\"og:availability\" content=\"instock\" \/>\n<meta property=\"product:availability\" content=\"instock\" \/>\n<meta property=\"product:retailer_item_id\" content=\"ZR011\" \/>\n<meta property=\"product:condition\" content=\"new\" \/>\n<!-- \/ Yoast SEO Premium plugin. -->","yoast_head_json":{"title":"Double thermostat cooling &amp; heating | ZR011 - C-Pro","description":"Double thermostat cooling &amp; heating \/ ZR011 is a double-acting thermostat for both heating and cooling. Fits Filter fans and PTC heaters. Read More!","robots":{"index":"index","follow":"follow","max-snippet":"max-snippet:-1","max-image-preview":"max-image-preview:large","max-video-preview":"max-video-preview:-1"},"canonical":"https:\/\/c-profil.se\/english\/product\/dual-thermostat-cooling-heating-zr011\/","og_locale":"en_US","og_type":"article","og_title":"Dubbeltermostat kyla &amp; v\u00e4rme | ZR011 - C-Pro","og_description":"Dubbeltermostat kyla &amp; v\u00e4rme \/ ZR011 \u00e4r en dubbelverkande termostat f\u00f6r b\u00e5de v\u00e4rme och kyla. Passar Filterfl\u00e4ktar och PTC-V\u00e4rmare.   Temperaturregulator med bimetall- eller kapill\u00e4rsensor  Elektronisk temperaturregulator  Skydd av elektronik mot v\u00e4rme och kyla  V\u00e4xlingskontakt f\u00f6r filterfl\u00e4ktar och v\u00e4rmeelement  L\u00e5g ljudniv\u00e5  Energibesparande","og_url":"https:\/\/c-profil.se\/english\/product\/dual-thermostat-cooling-heating-zr011\/","og_site_name":"C-Pro","article_publisher":"https:\/\/www.facebook.com\/people\/C-Pro\/61561767306874\/","article_modified_time":"2026-03-19T14:40:17+00:00","og_image":[{"width":1000,"height":1000,"url":"https:\/\/c-profil.se\/wp-content\/uploads\/2020\/08\/Dubbeltermostat-Kyla-Varme-ZR011.jpg","type":"image\/jpeg"}],"twitter_card":"summary_large_image","twitter_misc":{"Price":"","Availability":"In stock"},"schema":{"@context":"https:\/\/schema.org","@graph":[{"@type":"WebPage","@id":"https:\/\/c-profil.se\/produkt\/dubbeltermostat-kyla-varme-zr011\/","url":"https:\/\/c-profil.se\/produkt\/dubbeltermostat-kyla-varme-zr011\/","name":"Double thermostat cooling &amp; heating | ZR011 - C-Pro","isPartOf":{"@id":"https:\/\/c-profil.se\/#website"},"primaryImageOfPage":{"@id":"https:\/\/c-profil.se\/produkt\/dubbeltermostat-kyla-varme-zr011\/#primaryimage"},"image":{"@id":"https:\/\/c-profil.se\/produkt\/dubbeltermostat-kyla-varme-zr011\/#primaryimage"},"thumbnailUrl":"https:\/\/c-profil.se\/wp-content\/uploads\/2020\/08\/Dubbeltermostat-Kyla-Varme-ZR011.jpg","datePublished":"2020-08-27T07:58:00+00:00","dateModified":"2026-03-19T14:40:17+00:00","description":"Double thermostat cooling &amp; heating \/ ZR011 is a double-acting thermostat for both heating and cooling. Fits Filter fans and PTC heaters. Read More!","breadcrumb":{"@id":"https:\/\/c-profil.se\/produkt\/dubbeltermostat-kyla-varme-zr011\/#breadcrumb"},"inLanguage":"en","potentialAction":[{"@type":"ReadAction","target":["https:\/\/c-profil.se\/produkt\/dubbeltermostat-kyla-varme-zr011\/"]}]},{"@type":"ImageObject","inLanguage":"en","@id":"https:\/\/c-profil.se\/produkt\/dubbeltermostat-kyla-varme-zr011\/#primaryimage","url":"https:\/\/c-profil.se\/wp-content\/uploads\/2020\/08\/Dubbeltermostat-Kyla-Varme-ZR011.jpg","contentUrl":"https:\/\/c-profil.se\/wp-content\/uploads\/2020\/08\/Dubbeltermostat-Kyla-Varme-ZR011.jpg","width":1000,"height":1000,"caption":"Dubbeltermostat Kyla & V\u00e4rme ZR011"},{"@type":"BreadcrumbList","@id":"https:\/\/c-profil.se\/produkt\/dubbeltermostat-kyla-varme-zr011\/#breadcrumb","itemListElement":[{"@type":"ListItem","position":1,"name":"Hem","item":"https:\/\/c-profil.se\/"},{"@type":"ListItem","position":2,"name":"Produkter","item":"https:\/\/c-profil.se\/produkter\/"},{"@type":"ListItem","position":3,"name":"Styrenheter","item":"https:\/\/c-profil.se\/produkt-kategori\/styrenheter\/"},{"@type":"ListItem","position":4,"name":"Dubbeltermostat kyla &amp; v\u00e4rme | ZR011"}]},{"@type":"WebSite","@id":"https:\/\/c-profil.se\/#website","url":"https:\/\/c-profil.se\/","name":"C-Pro","description":"Products for Electricity and Automation","publisher":{"@id":"https:\/\/c-profil.se\/#organization"},"potentialAction":[{"@type":"SearchAction","target":{"@type":"EntryPoint","urlTemplate":"https:\/\/c-profil.se\/?s={search_term_string}"},"query-input":{"@type":"PropertyValueSpecification","valueRequired":true,"valueName":"search_term_string"}}],"inLanguage":"en"},{"@type":"Organization","@id":"https:\/\/c-profil.se\/#organization","name":"C-Pro","alternateName":"C-PRO","url":"https:\/\/c-profil.se\/","logo":{"@type":"ImageObject","inLanguage":"en","@id":"https:\/\/c-profil.se\/#\/schema\/logo\/image\/","url":"https:\/\/c-profil.se\/wp-content\/uploads\/2022\/03\/c-pro-logga-liggande-500x500-1.png","contentUrl":"https:\/\/c-profil.se\/wp-content\/uploads\/2022\/03\/c-pro-logga-liggande-500x500-1.png","width":500,"height":500,"caption":"C-Pro"},"image":{"@id":"https:\/\/c-profil.se\/#\/schema\/logo\/image\/"},"sameAs":["https:\/\/www.facebook.com\/people\/C-Pro\/61561767306874\/","https:\/\/www.linkedin.com\/company\/c-pro-ab","https:\/\/www.instagram.com\/cpro.ab\/"],"description":"C-PRO AB is a comprehensive supplier of materials for applications in electricity and automation. Ever since the start in 1987, we have supplied the Swedish manufacturing industry with electrical materials. Despite our size and leading position, we have never abandoned our basic philosophy, to be a personal supplier. We at C-PRO are easy to get in touch with, honest and passionate about solving our customers&#039; problems.","email":"info@c-profil.se","telephone":"031575785","legalName":"C-Profil F\u00f6rl\u00e4ggningsmaterial AB","foundingDate":"1987-01-01"}]},"product_brand":"klimatisering av apparatsk\u00e5p","product_price_currency":"SEK","og_availability":"instock","product_availability":"instock","product_retailer_item_id":"ZR011","product_condition":"new"},"_links":{"self":[{"href":"https:\/\/c-profil.se\/english\/wp-json\/wp\/v2\/product\/24914","targetHints":{"allow":["GET"]}}],"collection":[{"href":"https:\/\/c-profil.se\/english\/wp-json\/wp\/v2\/product"}],"about":[{"href":"https:\/\/c-profil.se\/english\/wp-json\/wp\/v2\/types\/product"}],"version-history":[{"count":7,"href":"https:\/\/c-profil.se\/english\/wp-json\/wp\/v2\/product\/24914\/revisions"}],"predecessor-version":[{"id":74561,"href":"https:\/\/c-profil.se\/english\/wp-json\/wp\/v2\/product\/24914\/revisions\/74561"}],"wp:featuredmedia":[{"embeddable":true,"href":"https:\/\/c-profil.se\/english\/wp-json\/wp\/v2\/media\/46109"}],"wp:attachment":[{"href":"https:\/\/c-profil.se\/english\/wp-json\/wp\/v2\/media?parent=24914"}],"wp:term":[{"taxonomy":"product_brand","embeddable":true,"href":"https:\/\/c-profil.se\/english\/wp-json\/wp\/v2\/product_brand?post=24914"},{"taxonomy":"product_cat","embeddable":true,"href":"https:\/\/c-profil.se\/english\/wp-json\/wp\/v2\/product_cat?post=24914"},{"taxonomy":"product_tag","embeddable":true,"href":"https:\/\/c-profil.se\/english\/wp-json\/wp\/v2\/product_tag?post=24914"}],"curies":[{"name":"wp","href":"https:\/\/api.w.org\/{rel}","templated":true}]}}