{"id":24908,"date":"2020-05-19T10:19:00","date_gmt":"2020-05-19T09:19:00","guid":{"rendered":"https:\/\/c-profil.se\/produkt\/kopplingslada-mba\/"},"modified":"2026-03-18T15:51:54","modified_gmt":"2026-03-18T14:51:54","slug":"enclosure-mba","status":"publish","type":"product","link":"https:\/\/c-profil.se\/english\/produkt\/kapsling-mba\/","title":{"rendered":"Enclosure | MBA"},"content":{"rendered":"<p><strong>MBA is an aluminum enclosure for industrial applications<\/strong>, developed for use in control and regulation technology as well as power and control technology.<br \/>\nThe enclosure can be built according to a modular system and is used both for encapsulating sensors and as a junction box for cables.<\/p>","protected":false},"excerpt":{"rendered":"<p>The MBA enclosure is made of aluminum and is designed for use in control and regulation technology as well as power and monitoring technology. You can assemble the enclosures according to a modular system with the addition of various clamps and cable glands. In control and regulation technology, they are often used to encapsulate sensors, but they work just as well as junction boxes for cables while achieving a high IP rating.<\/p>\n<ul>\n<li>Suitable for both indoor and outdoor use<\/li>\n<li>Grounding point is available<\/li>\n<\/ul>\n<p><strong>Customize your enclosure:<\/strong><\/p>\n<ul>\n<li><a href=\"https:\/\/c-profil.se\/english\/product\/mounting-assembly\/\">Mounting &amp; Assembly<\/a><\/li>\n<li><a href=\"https:\/\/c-profil.se\/english\/product\/printing\/\">Printing<\/a><\/li>\n<li><a href=\"https:\/\/c-profil.se\/english\/product\/design\/\">Design<\/a><\/li>\n<li><a href=\"https:\/\/c-profil.se\/english\/product\/color-2\/\">Color<\/a><\/li>\n<li><a href=\"https:\/\/c-profil.se\/english\/product\/punching-2\/\">Punching<\/a><\/li>\n<\/ul>","protected":false},"featured_media":45422,"template":"","meta":{"_acf_changed":false},"product_brand":[743],"product_cat":[270],"product_tag":[990],"class_list":{"0":"post-24908","1":"product","2":"type-product","3":"status-publish","4":"has-post-thumbnail","6":"product_brand-multi-box","7":"product_cat-kapsling-i-aluminium","8":"product_tag-kapsling","10":"first","11":"instock","12":"shipping-taxable","13":"product-type-simple"},"acf":[],"yoast_head":"<!-- This site is optimized with the Yoast SEO Premium plugin v27.4 (Yoast SEO v27.4) - https:\/\/yoast.com\/product\/yoast-seo-premium-wordpress\/ -->\n<title>Kapsling MBA: Modul\u00e4r Design i Aluminium f\u00f6r S\u00e4kerhet<\/title>\n<meta name=\"description\" content=\"Kapsling MBA \u00e4r tillverkad av aluminium och \u00e4r designad f\u00f6r anv\u00e4ndning inom styr- &amp; reglerteknik samt kraft- &amp; kontrollteknik. L\u00e4s Mer!\" \/>\n<meta name=\"robots\" content=\"index, follow, max-snippet:-1, max-image-preview:large, max-video-preview:-1\" \/>\n<link rel=\"canonical\" href=\"https:\/\/c-profil.se\/english\/product\/junction-box-mba\/\" \/>\n<meta property=\"og:locale\" content=\"en_US\" \/>\n<meta property=\"og:type\" content=\"article\" \/>\n<meta property=\"og:title\" content=\"Kapsling | MBA - C-Pro\" \/>\n<meta property=\"og:description\" content=\"Kapsling MBA \u00e4r tillverkad av aluminium och \u00e4r designad f\u00f6r anv\u00e4ndning inom styr- och reglerteknik samt kraft- och kontrollteknik. Du kan montera kapslingarna enligt ett modulsystem med till\u00e4gg av olika kl\u00e4mmor och kabelf\u00f6rskruvningar. Inom styr- och reglerteknik anv\u00e4nds de ofta f\u00f6r inkapsling av sensorer, men de fungerar lika v\u00e4l som kopplingsboxar f\u00f6r kablar samtidigt som de erh\u00e5ller en h\u00f6g IP-klass.   L\u00e4mplig f\u00f6r b\u00e5de inom- och utomhusbruk  Jordpunkt finns tillg\u00e4nglig  Anpassa din kapsling:   Montering  Tryck  Design  F\u00e4rg  H\u00e5ltagning\" \/>\n<meta property=\"og:url\" content=\"https:\/\/c-profil.se\/english\/product\/junction-box-mba\/\" \/>\n<meta property=\"og:site_name\" content=\"C-Pro\" \/>\n<meta property=\"article:publisher\" content=\"https:\/\/www.facebook.com\/people\/C-Pro\/61561767306874\/\" \/>\n<meta property=\"article:modified_time\" content=\"2026-03-18T14:51:54+00:00\" \/>\n<meta property=\"og:image\" content=\"https:\/\/c-profil.se\/wp-content\/uploads\/2020\/05\/Kopplingslada-MBA.jpg\" \/>\n\t<meta property=\"og:image:width\" content=\"1000\" \/>\n\t<meta property=\"og:image:height\" content=\"1000\" \/>\n\t<meta property=\"og:image:type\" content=\"image\/jpeg\" \/>\n<meta name=\"twitter:card\" content=\"summary_large_image\" \/>\n<meta name=\"twitter:label1\" content=\"Price\" \/>\n\t<meta name=\"twitter:data1\" content=\"\" \/>\n\t<meta name=\"twitter:label2\" content=\"Availability\" \/>\n\t<meta name=\"twitter:data2\" content=\"In stock\" \/>\n<script type=\"application\/ld+json\" class=\"yoast-schema-graph\">{\"@context\":\"https:\\\/\\\/schema.org\",\"@graph\":[{\"@type\":\"WebPage\",\"@id\":\"https:\\\/\\\/c-profil.se\\\/produkt\\\/kapsling-mba\\\/\",\"url\":\"https:\\\/\\\/c-profil.se\\\/produkt\\\/kopplingslada-mba\\\/\",\"name\":\"Kapsling MBA: Modul\u00e4r Design i Aluminium f\u00f6r S\u00e4kerhet\",\"isPartOf\":{\"@id\":\"https:\\\/\\\/c-profil.se\\\/#website\"},\"primaryImageOfPage\":{\"@id\":\"https:\\\/\\\/c-profil.se\\\/produkt\\\/kopplingslada-mba\\\/#primaryimage\"},\"image\":{\"@id\":\"https:\\\/\\\/c-profil.se\\\/produkt\\\/kopplingslada-mba\\\/#primaryimage\"},\"thumbnailUrl\":\"https:\\\/\\\/c-profil.se\\\/wp-content\\\/uploads\\\/2020\\\/05\\\/Kopplingslada-MBA.jpg\",\"datePublished\":\"2020-05-19T09:19:00+00:00\",\"dateModified\":\"2026-03-18T14:51:54+00:00\",\"description\":\"Kapsling MBA \u00e4r tillverkad av aluminium och \u00e4r designad f\u00f6r anv\u00e4ndning inom styr- & reglerteknik samt kraft- & kontrollteknik. L\u00e4s Mer!\",\"breadcrumb\":{\"@id\":\"https:\\\/\\\/c-profil.se\\\/produkt\\\/kopplingslada-mba\\\/#breadcrumb\"},\"inLanguage\":\"en\",\"potentialAction\":[{\"@type\":\"ReadAction\",\"target\":[\"https:\\\/\\\/c-profil.se\\\/produkt\\\/kopplingslada-mba\\\/\"]}]},{\"@type\":\"ImageObject\",\"inLanguage\":\"en\",\"@id\":\"https:\\\/\\\/c-profil.se\\\/produkt\\\/kopplingslada-mba\\\/#primaryimage\",\"url\":\"https:\\\/\\\/c-profil.se\\\/wp-content\\\/uploads\\\/2020\\\/05\\\/Kopplingslada-MBA.jpg\",\"contentUrl\":\"https:\\\/\\\/c-profil.se\\\/wp-content\\\/uploads\\\/2020\\\/05\\\/Kopplingslada-MBA.jpg\",\"width\":1000,\"height\":1000,\"caption\":\"Kopplingsl\u00e5da MBA\"},{\"@type\":\"BreadcrumbList\",\"@id\":\"https:\\\/\\\/c-profil.se\\\/produkt\\\/kopplingslada-mba\\\/#breadcrumb\",\"itemListElement\":[{\"@type\":\"ListItem\",\"position\":1,\"name\":\"Hem\",\"item\":\"https:\\\/\\\/c-profil.se\\\/\"},{\"@type\":\"ListItem\",\"position\":2,\"name\":\"Produkter\",\"item\":\"https:\\\/\\\/c-profil.se\\\/produkter\\\/\"},{\"@type\":\"ListItem\",\"position\":3,\"name\":\"Kapslingar i aluminium\",\"item\":\"https:\\\/\\\/c-profil.se\\\/produkt-kategori\\\/kapsling-i-aluminium\\\/\"},{\"@type\":\"ListItem\",\"position\":4,\"name\":\"Kapsling | MBA\"}]},{\"@type\":\"WebSite\",\"@id\":\"https:\\\/\\\/c-profil.se\\\/#website\",\"url\":\"https:\\\/\\\/c-profil.se\\\/\",\"name\":\"C-Pro\",\"description\":\"Produkter f\u00f6r El och Automation\",\"publisher\":{\"@id\":\"https:\\\/\\\/c-profil.se\\\/#organization\"},\"potentialAction\":[{\"@type\":\"SearchAction\",\"target\":{\"@type\":\"EntryPoint\",\"urlTemplate\":\"https:\\\/\\\/c-profil.se\\\/?s={search_term_string}\"},\"query-input\":{\"@type\":\"PropertyValueSpecification\",\"valueRequired\":true,\"valueName\":\"search_term_string\"}}],\"inLanguage\":\"en\"},{\"@type\":\"Organization\",\"@id\":\"https:\\\/\\\/c-profil.se\\\/#organization\",\"name\":\"C-Pro\",\"alternateName\":\"C-PRO\",\"url\":\"https:\\\/\\\/c-profil.se\\\/\",\"logo\":{\"@type\":\"ImageObject\",\"inLanguage\":\"en\",\"@id\":\"https:\\\/\\\/c-profil.se\\\/#\\\/schema\\\/logo\\\/image\\\/\",\"url\":\"https:\\\/\\\/c-profil.se\\\/wp-content\\\/uploads\\\/2022\\\/03\\\/c-pro-logga-liggande-500x500-1.png\",\"contentUrl\":\"https:\\\/\\\/c-profil.se\\\/wp-content\\\/uploads\\\/2022\\\/03\\\/c-pro-logga-liggande-500x500-1.png\",\"width\":500,\"height\":500,\"caption\":\"C-Pro\"},\"image\":{\"@id\":\"https:\\\/\\\/c-profil.se\\\/#\\\/schema\\\/logo\\\/image\\\/\"},\"sameAs\":[\"https:\\\/\\\/www.facebook.com\\\/people\\\/C-Pro\\\/61561767306874\\\/\",\"https:\\\/\\\/www.linkedin.com\\\/company\\\/c-pro-ab\",\"https:\\\/\\\/www.instagram.com\\\/cpro.ab\\\/\"],\"description\":\"C-PRO AB \u00e4r en helt\u00e4ckande leverant\u00f6r av material f\u00f6r applikationer inom el och automation. \u00c4nda sedan starten 1987 har vi f\u00f6rsett den svenska tillverkande industrin med elmaterial. Trots v\u00e5r storlek och ledande position har vi aldrig \u00f6vergett v\u00e5r grundfilosofi, att vara en personlig leverant\u00f6r. Vi p\u00e5 C-PRO \u00e4r l\u00e4tta att komma i kontakt med, \u00e4rliga och brinner f\u00f6r att l\u00f6sa v\u00e5ra kunders problem.\",\"email\":\"info@c-profil.se\",\"telephone\":\"031575785\",\"legalName\":\"C-Profil F\u00f6rl\u00e4ggningsmaterial AB\",\"foundingDate\":\"1987-01-01\"}]}<\/script>\n<meta property=\"product:brand\" content=\"kapsling\" \/>\n<meta property=\"product:price:currency\" content=\"SEK\" \/>\n<meta property=\"og:availability\" content=\"instock\" \/>\n<meta property=\"product:availability\" content=\"instock\" \/>\n<meta property=\"product:retailer_item_id\" content=\"MBA\" \/>\n<meta property=\"product:condition\" content=\"new\" \/>\n<!-- \/ Yoast SEO Premium plugin. -->","yoast_head_json":{"title":"MBA Enclosure: Modular Design in Aluminum for Safety","description":"The MBA enclosure is made of aluminum and is designed for use in control and regulation technology as well as power and control technology. Read More!","robots":{"index":"index","follow":"follow","max-snippet":"max-snippet:-1","max-image-preview":"max-image-preview:large","max-video-preview":"max-video-preview:-1"},"canonical":"https:\/\/c-profil.se\/english\/product\/junction-box-mba\/","og_locale":"en_US","og_type":"article","og_title":"Kapsling | MBA - C-Pro","og_description":"Kapsling MBA \u00e4r tillverkad av aluminium och \u00e4r designad f\u00f6r anv\u00e4ndning inom styr- och reglerteknik samt kraft- och kontrollteknik. Du kan montera kapslingarna enligt ett modulsystem med till\u00e4gg av olika kl\u00e4mmor och kabelf\u00f6rskruvningar. Inom styr- och reglerteknik anv\u00e4nds de ofta f\u00f6r inkapsling av sensorer, men de fungerar lika v\u00e4l som kopplingsboxar f\u00f6r kablar samtidigt som de erh\u00e5ller en h\u00f6g IP-klass.   L\u00e4mplig f\u00f6r b\u00e5de inom- och utomhusbruk  Jordpunkt finns tillg\u00e4nglig  Anpassa din kapsling:   Montering  Tryck  Design  F\u00e4rg  H\u00e5ltagning","og_url":"https:\/\/c-profil.se\/english\/product\/junction-box-mba\/","og_site_name":"C-Pro","article_publisher":"https:\/\/www.facebook.com\/people\/C-Pro\/61561767306874\/","article_modified_time":"2026-03-18T14:51:54+00:00","og_image":[{"width":1000,"height":1000,"url":"https:\/\/c-profil.se\/wp-content\/uploads\/2020\/05\/Kopplingslada-MBA.jpg","type":"image\/jpeg"}],"twitter_card":"summary_large_image","twitter_misc":{"Price":"","Availability":"In stock"},"schema":{"@context":"https:\/\/schema.org","@graph":[{"@type":"WebPage","@id":"https:\/\/c-profil.se\/produkt\/kapsling-mba\/","url":"https:\/\/c-profil.se\/produkt\/kopplingslada-mba\/","name":"MBA Enclosure: Modular Design in Aluminum for Safety","isPartOf":{"@id":"https:\/\/c-profil.se\/#website"},"primaryImageOfPage":{"@id":"https:\/\/c-profil.se\/produkt\/kopplingslada-mba\/#primaryimage"},"image":{"@id":"https:\/\/c-profil.se\/produkt\/kopplingslada-mba\/#primaryimage"},"thumbnailUrl":"https:\/\/c-profil.se\/wp-content\/uploads\/2020\/05\/Kopplingslada-MBA.jpg","datePublished":"2020-05-19T09:19:00+00:00","dateModified":"2026-03-18T14:51:54+00:00","description":"The MBA enclosure is made of aluminum and is designed for use in control and regulation technology as well as power and control technology. Read More!","breadcrumb":{"@id":"https:\/\/c-profil.se\/produkt\/kopplingslada-mba\/#breadcrumb"},"inLanguage":"en","potentialAction":[{"@type":"ReadAction","target":["https:\/\/c-profil.se\/produkt\/kopplingslada-mba\/"]}]},{"@type":"ImageObject","inLanguage":"en","@id":"https:\/\/c-profil.se\/produkt\/kopplingslada-mba\/#primaryimage","url":"https:\/\/c-profil.se\/wp-content\/uploads\/2020\/05\/Kopplingslada-MBA.jpg","contentUrl":"https:\/\/c-profil.se\/wp-content\/uploads\/2020\/05\/Kopplingslada-MBA.jpg","width":1000,"height":1000,"caption":"Kopplingsl\u00e5da MBA"},{"@type":"BreadcrumbList","@id":"https:\/\/c-profil.se\/produkt\/kopplingslada-mba\/#breadcrumb","itemListElement":[{"@type":"ListItem","position":1,"name":"Hem","item":"https:\/\/c-profil.se\/"},{"@type":"ListItem","position":2,"name":"Produkter","item":"https:\/\/c-profil.se\/produkter\/"},{"@type":"ListItem","position":3,"name":"Kapslingar i aluminium","item":"https:\/\/c-profil.se\/produkt-kategori\/kapsling-i-aluminium\/"},{"@type":"ListItem","position":4,"name":"Kapsling | MBA"}]},{"@type":"WebSite","@id":"https:\/\/c-profil.se\/#website","url":"https:\/\/c-profil.se\/","name":"C-Pro","description":"Products for Electricity and Automation","publisher":{"@id":"https:\/\/c-profil.se\/#organization"},"potentialAction":[{"@type":"SearchAction","target":{"@type":"EntryPoint","urlTemplate":"https:\/\/c-profil.se\/?s={search_term_string}"},"query-input":{"@type":"PropertyValueSpecification","valueRequired":true,"valueName":"search_term_string"}}],"inLanguage":"en"},{"@type":"Organization","@id":"https:\/\/c-profil.se\/#organization","name":"C-Pro","alternateName":"C-PRO","url":"https:\/\/c-profil.se\/","logo":{"@type":"ImageObject","inLanguage":"en","@id":"https:\/\/c-profil.se\/#\/schema\/logo\/image\/","url":"https:\/\/c-profil.se\/wp-content\/uploads\/2022\/03\/c-pro-logga-liggande-500x500-1.png","contentUrl":"https:\/\/c-profil.se\/wp-content\/uploads\/2022\/03\/c-pro-logga-liggande-500x500-1.png","width":500,"height":500,"caption":"C-Pro"},"image":{"@id":"https:\/\/c-profil.se\/#\/schema\/logo\/image\/"},"sameAs":["https:\/\/www.facebook.com\/people\/C-Pro\/61561767306874\/","https:\/\/www.linkedin.com\/company\/c-pro-ab","https:\/\/www.instagram.com\/cpro.ab\/"],"description":"C-PRO AB is a comprehensive supplier of materials for applications in electricity and automation. Ever since the start in 1987, we have supplied the Swedish manufacturing industry with electrical materials. Despite our size and leading position, we have never abandoned our basic philosophy, to be a personal supplier. We at C-PRO are easy to get in touch with, honest and passionate about solving our customers&#039; problems.","email":"info@c-profil.se","telephone":"031575785","legalName":"C-Profil F\u00f6rl\u00e4ggningsmaterial AB","foundingDate":"1987-01-01"}]},"product_brand":"kapsling","product_price_currency":"SEK","og_availability":"instock","product_availability":"instock","product_retailer_item_id":"MBA","product_condition":"new"},"_links":{"self":[{"href":"https:\/\/c-profil.se\/english\/wp-json\/wp\/v2\/product\/24908","targetHints":{"allow":["GET"]}}],"collection":[{"href":"https:\/\/c-profil.se\/english\/wp-json\/wp\/v2\/product"}],"about":[{"href":"https:\/\/c-profil.se\/english\/wp-json\/wp\/v2\/types\/product"}],"version-history":[{"count":9,"href":"https:\/\/c-profil.se\/english\/wp-json\/wp\/v2\/product\/24908\/revisions"}],"predecessor-version":[{"id":74223,"href":"https:\/\/c-profil.se\/english\/wp-json\/wp\/v2\/product\/24908\/revisions\/74223"}],"wp:featuredmedia":[{"embeddable":true,"href":"https:\/\/c-profil.se\/english\/wp-json\/wp\/v2\/media\/45422"}],"wp:attachment":[{"href":"https:\/\/c-profil.se\/english\/wp-json\/wp\/v2\/media?parent=24908"}],"wp:term":[{"taxonomy":"product_brand","embeddable":true,"href":"https:\/\/c-profil.se\/english\/wp-json\/wp\/v2\/product_brand?post=24908"},{"taxonomy":"product_cat","embeddable":true,"href":"https:\/\/c-profil.se\/english\/wp-json\/wp\/v2\/product_cat?post=24908"},{"taxonomy":"product_tag","embeddable":true,"href":"https:\/\/c-profil.se\/english\/wp-json\/wp\/v2\/product_tag?post=24908"}],"curies":[{"name":"wp","href":"https:\/\/api.w.org\/{rel}","templated":true}]}}