{"id":24906,"date":"2020-05-19T10:11:00","date_gmt":"2020-05-19T09:11:00","guid":{"rendered":"https:\/\/c-profil.se\/produkt\/kopplingslada-mbt\/"},"modified":"2026-03-19T15:50:06","modified_gmt":"2026-03-19T14:50:06","slug":"enclosure-mbt","status":"publish","type":"product","link":"https:\/\/c-profil.se\/english\/produkt\/kapsling-mbt\/","title":{"rendered":"Enclosure | MBT"},"content":{"rendered":"<p><strong>MBT is an ABS plastic enclosure for industrial applications<\/strong>, developed for general use and indoor installations in automation and control.<br \/>\nThe enclosure can be processed for customized solutions and is available with a gray or transparent lid.<\/p>","protected":false},"excerpt":{"rendered":"<p>Enclosure MBT is made of ABS plastic and is designed for general industrial use. The enclosure also works excellently as a housing when installing automation control and for indoor applications. The junction box is mechanically processed in several ways and has almost no limits for customized solutions. The enclosures are available with gray or transparent lids. Do not hesitate to contact us if you need help finding the right enclosure!<\/p>\n<ul>\n<li>Suitable for indoor use<\/li>\n<\/ul>\n<p><strong>Customize your box<\/strong><\/p>\n<ul>\n<li><a href=\"https:\/\/c-profil.se\/english\/product\/mounting-assembly\/\">Mounting &amp; Assembly<\/a><\/li>\n<li><a href=\"https:\/\/c-profil.se\/english\/product\/printing\/\">Printing<\/a><\/li>\n<li><a href=\"https:\/\/c-profil.se\/english\/product\/design\/\">Design<\/a><\/li>\n<li><a href=\"https:\/\/c-profil.se\/english\/product\/color-2\/\">Color<\/a><\/li>\n<li><a href=\"https:\/\/c-profil.se\/english\/product\/punching-2\/\">Punching<\/a><\/li>\n<\/ul>","protected":false},"featured_media":45406,"template":"","meta":{"_acf_changed":false},"product_brand":[743],"product_cat":[269],"product_tag":[938,990,982],"class_list":{"0":"post-24906","1":"product","2":"type-product","3":"status-publish","4":"has-post-thumbnail","6":"product_brand-multi-box","7":"product_cat-kapslingar-i-plast","8":"product_tag-kabelinforing","9":"product_tag-kapsling","10":"product_tag-panelmontage","12":"first","13":"instock","14":"shipping-taxable","15":"product-type-simple"},"acf":[],"yoast_head":"<!-- This site is optimized with the Yoast SEO Premium plugin v27.4 (Yoast SEO v27.4) - https:\/\/yoast.com\/product\/yoast-seo-premium-wordpress\/ -->\n<title>Kapsling MBT: ABS plast med rostfria skruvar och t\u00e4tning - C-Pro<\/title>\n<meta name=\"description\" content=\"Kapsling MBT i ABS-plast och \u00e4r designad f\u00f6r allm\u00e4n anv\u00e4ndning inom industrin. Vid installation av automationsstyrning och f\u00f6r applikationer inomhus.\" \/>\n<meta name=\"robots\" content=\"index, follow, max-snippet:-1, max-image-preview:large, max-video-preview:-1\" \/>\n<link rel=\"canonical\" href=\"https:\/\/c-profil.se\/english\/product\/enclosure-mbt\/\" \/>\n<meta property=\"og:locale\" content=\"en_US\" \/>\n<meta property=\"og:type\" content=\"article\" \/>\n<meta property=\"og:title\" content=\"Kapsling | MBT - C-Pro\" \/>\n<meta property=\"og:description\" content=\"Kapsling MBT \u00e4r tillverkad av ABS-plast och \u00e4r designad f\u00f6r allm\u00e4n anv\u00e4ndning inom industrin. Kapslingen fungerar ocks\u00e5 utm\u00e4rkt som h\u00f6lje vid installation av automationsstyrning och f\u00f6r applikationer inomhus. Kopplingsl\u00e5dan bearbetas mekaniskt p\u00e5 flera s\u00e4tt och har n\u00e4stan inga gr\u00e4nser f\u00f6r specialanpassade l\u00f6sningar. Kapslingarna finns tillg\u00e4ngliga med gr\u00e5tt eller transparent lock. Tveka inte att kontakta oss om du beh\u00f6ver hj\u00e4lp att hitta r\u00e4tt kapsling!   L\u00e4mplig f\u00f6r inomhusbruk  Anpassa din kapsling   Montering  Tryck  Design  F\u00e4rg  H\u00e5ltagning\" \/>\n<meta property=\"og:url\" content=\"https:\/\/c-profil.se\/english\/product\/enclosure-mbt\/\" \/>\n<meta property=\"og:site_name\" content=\"C-Pro\" \/>\n<meta property=\"article:publisher\" content=\"https:\/\/www.facebook.com\/people\/C-Pro\/61561767306874\/\" \/>\n<meta property=\"article:modified_time\" content=\"2026-03-19T14:50:06+00:00\" \/>\n<meta property=\"og:image\" content=\"https:\/\/c-profil.se\/wp-content\/uploads\/2020\/05\/Kopplingslada-MBT.jpg\" \/>\n\t<meta property=\"og:image:width\" content=\"1000\" \/>\n\t<meta property=\"og:image:height\" content=\"1000\" \/>\n\t<meta property=\"og:image:type\" content=\"image\/jpeg\" \/>\n<meta name=\"twitter:card\" content=\"summary_large_image\" \/>\n<meta name=\"twitter:label1\" content=\"Price\" \/>\n\t<meta name=\"twitter:data1\" content=\"\" \/>\n\t<meta name=\"twitter:label2\" content=\"Availability\" \/>\n\t<meta name=\"twitter:data2\" content=\"In stock\" \/>\n<script type=\"application\/ld+json\" class=\"yoast-schema-graph\">{\"@context\":\"https:\\\/\\\/schema.org\",\"@graph\":[{\"@type\":\"WebPage\",\"@id\":\"https:\\\/\\\/c-profil.se\\\/produkt\\\/kapsling-mbt\\\/\",\"url\":\"https:\\\/\\\/c-profil.se\\\/produkt\\\/kapsling-mbt\\\/\",\"name\":\"Kapsling MBT: ABS plast med rostfria skruvar och t\u00e4tning - C-Pro\",\"isPartOf\":{\"@id\":\"https:\\\/\\\/c-profil.se\\\/#website\"},\"primaryImageOfPage\":{\"@id\":\"https:\\\/\\\/c-profil.se\\\/produkt\\\/kapsling-mbt\\\/#primaryimage\"},\"image\":{\"@id\":\"https:\\\/\\\/c-profil.se\\\/produkt\\\/kapsling-mbt\\\/#primaryimage\"},\"thumbnailUrl\":\"https:\\\/\\\/c-profil.se\\\/wp-content\\\/uploads\\\/2020\\\/05\\\/Kopplingslada-MBT.jpg\",\"datePublished\":\"2020-05-19T09:11:00+00:00\",\"dateModified\":\"2026-03-19T14:50:06+00:00\",\"description\":\"Kapsling MBT i ABS-plast och \u00e4r designad f\u00f6r allm\u00e4n anv\u00e4ndning inom industrin. Vid installation av automationsstyrning och f\u00f6r applikationer inomhus.\",\"breadcrumb\":{\"@id\":\"https:\\\/\\\/c-profil.se\\\/produkt\\\/kapsling-mbt\\\/#breadcrumb\"},\"inLanguage\":\"en\",\"potentialAction\":[{\"@type\":\"ReadAction\",\"target\":[\"https:\\\/\\\/c-profil.se\\\/produkt\\\/kapsling-mbt\\\/\"]}]},{\"@type\":\"ImageObject\",\"inLanguage\":\"en\",\"@id\":\"https:\\\/\\\/c-profil.se\\\/produkt\\\/kapsling-mbt\\\/#primaryimage\",\"url\":\"https:\\\/\\\/c-profil.se\\\/wp-content\\\/uploads\\\/2020\\\/05\\\/Kopplingslada-MBT.jpg\",\"contentUrl\":\"https:\\\/\\\/c-profil.se\\\/wp-content\\\/uploads\\\/2020\\\/05\\\/Kopplingslada-MBT.jpg\",\"width\":1000,\"height\":1000,\"caption\":\"Kapsling MBT\"},{\"@type\":\"BreadcrumbList\",\"@id\":\"https:\\\/\\\/c-profil.se\\\/produkt\\\/kapsling-mbt\\\/#breadcrumb\",\"itemListElement\":[{\"@type\":\"ListItem\",\"position\":1,\"name\":\"Hem\",\"item\":\"https:\\\/\\\/c-profil.se\\\/\"},{\"@type\":\"ListItem\",\"position\":2,\"name\":\"Produkter\",\"item\":\"https:\\\/\\\/c-profil.se\\\/produkter\\\/\"},{\"@type\":\"ListItem\",\"position\":3,\"name\":\"Kapslingar i plast\",\"item\":\"https:\\\/\\\/c-profil.se\\\/produkt-kategori\\\/kapslingar-i-plast\\\/\"},{\"@type\":\"ListItem\",\"position\":4,\"name\":\"Kapsling | MBT\"}]},{\"@type\":\"WebSite\",\"@id\":\"https:\\\/\\\/c-profil.se\\\/#website\",\"url\":\"https:\\\/\\\/c-profil.se\\\/\",\"name\":\"C-Pro\",\"description\":\"Produkter f\u00f6r El och Automation\",\"publisher\":{\"@id\":\"https:\\\/\\\/c-profil.se\\\/#organization\"},\"potentialAction\":[{\"@type\":\"SearchAction\",\"target\":{\"@type\":\"EntryPoint\",\"urlTemplate\":\"https:\\\/\\\/c-profil.se\\\/?s={search_term_string}\"},\"query-input\":{\"@type\":\"PropertyValueSpecification\",\"valueRequired\":true,\"valueName\":\"search_term_string\"}}],\"inLanguage\":\"en\"},{\"@type\":\"Organization\",\"@id\":\"https:\\\/\\\/c-profil.se\\\/#organization\",\"name\":\"C-Pro\",\"alternateName\":\"C-PRO\",\"url\":\"https:\\\/\\\/c-profil.se\\\/\",\"logo\":{\"@type\":\"ImageObject\",\"inLanguage\":\"en\",\"@id\":\"https:\\\/\\\/c-profil.se\\\/#\\\/schema\\\/logo\\\/image\\\/\",\"url\":\"https:\\\/\\\/c-profil.se\\\/wp-content\\\/uploads\\\/2022\\\/03\\\/c-pro-logga-liggande-500x500-1.png\",\"contentUrl\":\"https:\\\/\\\/c-profil.se\\\/wp-content\\\/uploads\\\/2022\\\/03\\\/c-pro-logga-liggande-500x500-1.png\",\"width\":500,\"height\":500,\"caption\":\"C-Pro\"},\"image\":{\"@id\":\"https:\\\/\\\/c-profil.se\\\/#\\\/schema\\\/logo\\\/image\\\/\"},\"sameAs\":[\"https:\\\/\\\/www.facebook.com\\\/people\\\/C-Pro\\\/61561767306874\\\/\",\"https:\\\/\\\/www.linkedin.com\\\/company\\\/c-pro-ab\",\"https:\\\/\\\/www.instagram.com\\\/cpro.ab\\\/\"],\"description\":\"C-PRO AB \u00e4r en helt\u00e4ckande leverant\u00f6r av material f\u00f6r applikationer inom el och automation. \u00c4nda sedan starten 1987 har vi f\u00f6rsett den svenska tillverkande industrin med elmaterial. Trots v\u00e5r storlek och ledande position har vi aldrig \u00f6vergett v\u00e5r grundfilosofi, att vara en personlig leverant\u00f6r. Vi p\u00e5 C-PRO \u00e4r l\u00e4tta att komma i kontakt med, \u00e4rliga och brinner f\u00f6r att l\u00f6sa v\u00e5ra kunders problem.\",\"email\":\"info@c-profil.se\",\"telephone\":\"031575785\",\"legalName\":\"C-Profil F\u00f6rl\u00e4ggningsmaterial AB\",\"foundingDate\":\"1987-01-01\"}]}<\/script>\n<meta property=\"product:brand\" content=\"kabelinf\u00f6ring\" \/>\n<meta property=\"product:price:currency\" content=\"SEK\" \/>\n<meta property=\"og:availability\" content=\"instock\" \/>\n<meta property=\"product:availability\" content=\"instock\" \/>\n<meta property=\"product:retailer_item_id\" content=\"MBT\" \/>\n<meta property=\"product:condition\" content=\"new\" \/>\n<!-- \/ Yoast SEO Premium plugin. -->","yoast_head_json":{"title":"Enclosure MBT: ABS plastic with stainless steel screws and seal - C-Pro","description":"Enclosure MBT in ABS plastic and is designed for general use in industry. When installing automation control and for indoor applications.","robots":{"index":"index","follow":"follow","max-snippet":"max-snippet:-1","max-image-preview":"max-image-preview:large","max-video-preview":"max-video-preview:-1"},"canonical":"https:\/\/c-profil.se\/english\/product\/enclosure-mbt\/","og_locale":"en_US","og_type":"article","og_title":"Kapsling | MBT - C-Pro","og_description":"Kapsling MBT \u00e4r tillverkad av ABS-plast och \u00e4r designad f\u00f6r allm\u00e4n anv\u00e4ndning inom industrin. Kapslingen fungerar ocks\u00e5 utm\u00e4rkt som h\u00f6lje vid installation av automationsstyrning och f\u00f6r applikationer inomhus. Kopplingsl\u00e5dan bearbetas mekaniskt p\u00e5 flera s\u00e4tt och har n\u00e4stan inga gr\u00e4nser f\u00f6r specialanpassade l\u00f6sningar. Kapslingarna finns tillg\u00e4ngliga med gr\u00e5tt eller transparent lock. Tveka inte att kontakta oss om du beh\u00f6ver hj\u00e4lp att hitta r\u00e4tt kapsling!   L\u00e4mplig f\u00f6r inomhusbruk  Anpassa din kapsling   Montering  Tryck  Design  F\u00e4rg  H\u00e5ltagning","og_url":"https:\/\/c-profil.se\/english\/product\/enclosure-mbt\/","og_site_name":"C-Pro","article_publisher":"https:\/\/www.facebook.com\/people\/C-Pro\/61561767306874\/","article_modified_time":"2026-03-19T14:50:06+00:00","og_image":[{"width":1000,"height":1000,"url":"https:\/\/c-profil.se\/wp-content\/uploads\/2020\/05\/Kopplingslada-MBT.jpg","type":"image\/jpeg"}],"twitter_card":"summary_large_image","twitter_misc":{"Price":"","Availability":"In stock"},"schema":{"@context":"https:\/\/schema.org","@graph":[{"@type":"WebPage","@id":"https:\/\/c-profil.se\/produkt\/kapsling-mbt\/","url":"https:\/\/c-profil.se\/produkt\/kapsling-mbt\/","name":"Enclosure MBT: ABS plastic with stainless steel screws and seal - C-Pro","isPartOf":{"@id":"https:\/\/c-profil.se\/#website"},"primaryImageOfPage":{"@id":"https:\/\/c-profil.se\/produkt\/kapsling-mbt\/#primaryimage"},"image":{"@id":"https:\/\/c-profil.se\/produkt\/kapsling-mbt\/#primaryimage"},"thumbnailUrl":"https:\/\/c-profil.se\/wp-content\/uploads\/2020\/05\/Kopplingslada-MBT.jpg","datePublished":"2020-05-19T09:11:00+00:00","dateModified":"2026-03-19T14:50:06+00:00","description":"Enclosure MBT in ABS plastic and is designed for general use in industry. When installing automation control and for indoor applications.","breadcrumb":{"@id":"https:\/\/c-profil.se\/produkt\/kapsling-mbt\/#breadcrumb"},"inLanguage":"en","potentialAction":[{"@type":"ReadAction","target":["https:\/\/c-profil.se\/produkt\/kapsling-mbt\/"]}]},{"@type":"ImageObject","inLanguage":"en","@id":"https:\/\/c-profil.se\/produkt\/kapsling-mbt\/#primaryimage","url":"https:\/\/c-profil.se\/wp-content\/uploads\/2020\/05\/Kopplingslada-MBT.jpg","contentUrl":"https:\/\/c-profil.se\/wp-content\/uploads\/2020\/05\/Kopplingslada-MBT.jpg","width":1000,"height":1000,"caption":"Kapsling MBT"},{"@type":"BreadcrumbList","@id":"https:\/\/c-profil.se\/produkt\/kapsling-mbt\/#breadcrumb","itemListElement":[{"@type":"ListItem","position":1,"name":"Hem","item":"https:\/\/c-profil.se\/"},{"@type":"ListItem","position":2,"name":"Produkter","item":"https:\/\/c-profil.se\/produkter\/"},{"@type":"ListItem","position":3,"name":"Kapslingar i plast","item":"https:\/\/c-profil.se\/produkt-kategori\/kapslingar-i-plast\/"},{"@type":"ListItem","position":4,"name":"Kapsling | MBT"}]},{"@type":"WebSite","@id":"https:\/\/c-profil.se\/#website","url":"https:\/\/c-profil.se\/","name":"C-Pro","description":"Products for Electricity and Automation","publisher":{"@id":"https:\/\/c-profil.se\/#organization"},"potentialAction":[{"@type":"SearchAction","target":{"@type":"EntryPoint","urlTemplate":"https:\/\/c-profil.se\/?s={search_term_string}"},"query-input":{"@type":"PropertyValueSpecification","valueRequired":true,"valueName":"search_term_string"}}],"inLanguage":"en"},{"@type":"Organization","@id":"https:\/\/c-profil.se\/#organization","name":"C-Pro","alternateName":"C-PRO","url":"https:\/\/c-profil.se\/","logo":{"@type":"ImageObject","inLanguage":"en","@id":"https:\/\/c-profil.se\/#\/schema\/logo\/image\/","url":"https:\/\/c-profil.se\/wp-content\/uploads\/2022\/03\/c-pro-logga-liggande-500x500-1.png","contentUrl":"https:\/\/c-profil.se\/wp-content\/uploads\/2022\/03\/c-pro-logga-liggande-500x500-1.png","width":500,"height":500,"caption":"C-Pro"},"image":{"@id":"https:\/\/c-profil.se\/#\/schema\/logo\/image\/"},"sameAs":["https:\/\/www.facebook.com\/people\/C-Pro\/61561767306874\/","https:\/\/www.linkedin.com\/company\/c-pro-ab","https:\/\/www.instagram.com\/cpro.ab\/"],"description":"C-PRO AB is a comprehensive supplier of materials for applications in electricity and automation. Ever since the start in 1987, we have supplied the Swedish manufacturing industry with electrical materials. Despite our size and leading position, we have never abandoned our basic philosophy, to be a personal supplier. We at C-PRO are easy to get in touch with, honest and passionate about solving our customers&#039; problems.","email":"info@c-profil.se","telephone":"031575785","legalName":"C-Profil F\u00f6rl\u00e4ggningsmaterial AB","foundingDate":"1987-01-01"}]},"product_brand":"kabelinf\u00f6ring","product_price_currency":"SEK","og_availability":"instock","product_availability":"instock","product_retailer_item_id":"MBT","product_condition":"new"},"_links":{"self":[{"href":"https:\/\/c-profil.se\/english\/wp-json\/wp\/v2\/product\/24906","targetHints":{"allow":["GET"]}}],"collection":[{"href":"https:\/\/c-profil.se\/english\/wp-json\/wp\/v2\/product"}],"about":[{"href":"https:\/\/c-profil.se\/english\/wp-json\/wp\/v2\/types\/product"}],"version-history":[{"count":11,"href":"https:\/\/c-profil.se\/english\/wp-json\/wp\/v2\/product\/24906\/revisions"}],"predecessor-version":[{"id":74218,"href":"https:\/\/c-profil.se\/english\/wp-json\/wp\/v2\/product\/24906\/revisions\/74218"}],"wp:featuredmedia":[{"embeddable":true,"href":"https:\/\/c-profil.se\/english\/wp-json\/wp\/v2\/media\/45406"}],"wp:attachment":[{"href":"https:\/\/c-profil.se\/english\/wp-json\/wp\/v2\/media?parent=24906"}],"wp:term":[{"taxonomy":"product_brand","embeddable":true,"href":"https:\/\/c-profil.se\/english\/wp-json\/wp\/v2\/product_brand?post=24906"},{"taxonomy":"product_cat","embeddable":true,"href":"https:\/\/c-profil.se\/english\/wp-json\/wp\/v2\/product_cat?post=24906"},{"taxonomy":"product_tag","embeddable":true,"href":"https:\/\/c-profil.se\/english\/wp-json\/wp\/v2\/product_tag?post=24906"}],"curies":[{"name":"wp","href":"https:\/\/api.w.org\/{rel}","templated":true}]}}