{"id":24902,"date":"2020-05-19T10:05:00","date_gmt":"2020-05-19T09:05:00","guid":{"rendered":"https:\/\/c-profil.se\/produkt\/kopplingslada-mbp\/"},"modified":"2026-03-19T15:50:06","modified_gmt":"2026-03-19T14:50:06","slug":"enclosure-mbp","status":"publish","type":"product","link":"https:\/\/c-profil.se\/english\/produkt\/kapsling-mbp\/","title":{"rendered":"Enclosure | MBP"},"content":{"rendered":"<p><strong>MBP is a glass-reinforced polyester (GRP) enclosure for industrial applications<\/strong>, developed for use in harsh environments such as the chemical and petrochemical industries as well as marine and automotive applications.<br \/>\nThe material is UV-resistant, self-extinguishing and suitable for both indoor and outdoor use.<\/p>","protected":false},"excerpt":{"rendered":"<p>Enclosure MBP is <span data-contrast=\"auto\">molded from glass fiber reinforced polyester (GRP) and for use in harsh environments, such as the chemical and petrochemical industry as well as for marine and automotive applications. In addition to good resistance to most solvents and acids, glass fiber reinforced polyester is also self-extinguishing. Don't hesitate to ask us if you have any questions or need help choosing the right box!<\/span><\/p>\n<ul>\n<li>UV resistant<\/li>\n<li>Suitable for both indoor and outdoor use<\/li>\n<\/ul>\n<p><strong>Customize your box<\/strong><\/p>\n<ul>\n<li><a href=\"https:\/\/c-profil.se\/english\/product\/mounting-assembly\/\">Mounting &amp; Assembly<\/a><\/li>\n<li><a href=\"https:\/\/c-profil.se\/english\/product\/printing\/\">Printing<\/a><\/li>\n<li><a href=\"https:\/\/c-profil.se\/english\/product\/design\/\">Design<\/a><\/li>\n<li><a href=\"https:\/\/c-profil.se\/english\/product\/color-2\/\">Color<\/a><\/li>\n<li><a href=\"https:\/\/c-profil.se\/english\/product\/punching-2\/\">Punching<\/a><\/li>\n<\/ul>","protected":false},"featured_media":45398,"template":"","meta":{"_acf_changed":false},"product_brand":[743],"product_cat":[269],"product_tag":[938,990,982],"class_list":{"0":"post-24902","1":"product","2":"type-product","3":"status-publish","4":"has-post-thumbnail","6":"product_brand-multi-box","7":"product_cat-kapslingar-i-plast","8":"product_tag-kabelinforing","9":"product_tag-kapsling","10":"product_tag-panelmontage","12":"first","13":"instock","14":"shipping-taxable","15":"product-type-simple"},"acf":[],"yoast_head":"<!-- This site is optimized with the Yoast SEO Premium plugin v27.4 (Yoast SEO v27.4) - https:\/\/yoast.com\/product\/yoast-seo-premium-wordpress\/ -->\n<title>Kapsling MBP i Glasfiberf\u00f6rst\u00e4rkt Polyester - C-Pro<\/title>\n<meta name=\"description\" content=\"Kapsling MBP i glasfiberf\u00f6rst\u00e4rkt polyester. Gjord f\u00f6r tuffa milj\u00f6er som kemisk \/petrokemisk industri och fartygs\/fordonsapplikationer. L\u00e4s Mer!\" \/>\n<meta name=\"robots\" content=\"index, follow, max-snippet:-1, max-image-preview:large, max-video-preview:-1\" \/>\n<link rel=\"canonical\" href=\"https:\/\/c-profil.se\/english\/product\/enclosure-mbp\/\" \/>\n<meta property=\"og:locale\" content=\"en_US\" \/>\n<meta property=\"og:type\" content=\"article\" \/>\n<meta property=\"og:title\" content=\"Kapsling | MBP - C-Pro\" \/>\n<meta property=\"og:description\" content=\"Kapsling MBP \u00e4r gjuten av glasfiberf\u00f6rst\u00e4rkt polyester (GRP) och f\u00f6r anv\u00e4ndning i tuffa milj\u00f6er, som kemisk och petrokemisk industri samt f\u00f6r fartygs- och fordonsapplikationer. F\u00f6rutom god motst\u00e5ndskraft mot de flesta l\u00f6sningsmedel och syror, s\u00e5 \u00e4r glasfiberf\u00f6rst\u00e4rkt polyester \u00e4ven sj\u00e4lvslocknande. Du ska inte tveka att fr\u00e5ga oss om du har n\u00e5gra funderingar eller beh\u00f6ver hj\u00e4lp att v\u00e4lja r\u00e4tt kapsling!   UV-resistent  L\u00e4mplig f\u00f6r b\u00e5de inom- och utomhusbruk  Anpassa din kapsling   Montering  Tryck  Design  F\u00e4rg  H\u00e5ltagning\" \/>\n<meta property=\"og:url\" content=\"https:\/\/c-profil.se\/english\/product\/enclosure-mbp\/\" \/>\n<meta property=\"og:site_name\" content=\"C-Pro\" \/>\n<meta property=\"article:publisher\" content=\"https:\/\/www.facebook.com\/people\/C-Pro\/61561767306874\/\" \/>\n<meta property=\"article:modified_time\" content=\"2026-03-19T14:50:06+00:00\" \/>\n<meta property=\"og:image\" content=\"https:\/\/c-profil.se\/wp-content\/uploads\/2020\/05\/Kopplingslada-MBP.jpg\" \/>\n\t<meta property=\"og:image:width\" content=\"1000\" \/>\n\t<meta property=\"og:image:height\" content=\"1000\" \/>\n\t<meta property=\"og:image:type\" content=\"image\/jpeg\" \/>\n<meta name=\"twitter:card\" content=\"summary_large_image\" \/>\n<meta name=\"twitter:label1\" content=\"Price\" \/>\n\t<meta name=\"twitter:data1\" content=\"\" \/>\n\t<meta name=\"twitter:label2\" content=\"Availability\" \/>\n\t<meta name=\"twitter:data2\" content=\"In stock\" \/>\n<script type=\"application\/ld+json\" class=\"yoast-schema-graph\">{\"@context\":\"https:\\\/\\\/schema.org\",\"@graph\":[{\"@type\":\"WebPage\",\"@id\":\"https:\\\/\\\/c-profil.se\\\/produkt\\\/kapsling-mbp\\\/\",\"url\":\"https:\\\/\\\/c-profil.se\\\/produkt\\\/kapsling-mbp\\\/\",\"name\":\"Kapsling MBP i Glasfiberf\u00f6rst\u00e4rkt Polyester - C-Pro\",\"isPartOf\":{\"@id\":\"https:\\\/\\\/c-profil.se\\\/#website\"},\"primaryImageOfPage\":{\"@id\":\"https:\\\/\\\/c-profil.se\\\/produkt\\\/kapsling-mbp\\\/#primaryimage\"},\"image\":{\"@id\":\"https:\\\/\\\/c-profil.se\\\/produkt\\\/kapsling-mbp\\\/#primaryimage\"},\"thumbnailUrl\":\"https:\\\/\\\/c-profil.se\\\/wp-content\\\/uploads\\\/2020\\\/05\\\/Kopplingslada-MBP.jpg\",\"datePublished\":\"2020-05-19T09:05:00+00:00\",\"dateModified\":\"2026-03-19T14:50:06+00:00\",\"description\":\"Kapsling MBP i glasfiberf\u00f6rst\u00e4rkt polyester. Gjord f\u00f6r tuffa milj\u00f6er som kemisk \\\/petrokemisk industri och fartygs\\\/fordonsapplikationer. L\u00e4s Mer!\",\"breadcrumb\":{\"@id\":\"https:\\\/\\\/c-profil.se\\\/produkt\\\/kapsling-mbp\\\/#breadcrumb\"},\"inLanguage\":\"en\",\"potentialAction\":[{\"@type\":\"ReadAction\",\"target\":[\"https:\\\/\\\/c-profil.se\\\/produkt\\\/kapsling-mbp\\\/\"]}]},{\"@type\":\"ImageObject\",\"inLanguage\":\"en\",\"@id\":\"https:\\\/\\\/c-profil.se\\\/produkt\\\/kapsling-mbp\\\/#primaryimage\",\"url\":\"https:\\\/\\\/c-profil.se\\\/wp-content\\\/uploads\\\/2020\\\/05\\\/Kopplingslada-MBP.jpg\",\"contentUrl\":\"https:\\\/\\\/c-profil.se\\\/wp-content\\\/uploads\\\/2020\\\/05\\\/Kopplingslada-MBP.jpg\",\"width\":1000,\"height\":1000,\"caption\":\"Kapsling MBP\"},{\"@type\":\"BreadcrumbList\",\"@id\":\"https:\\\/\\\/c-profil.se\\\/produkt\\\/kapsling-mbp\\\/#breadcrumb\",\"itemListElement\":[{\"@type\":\"ListItem\",\"position\":1,\"name\":\"Hem\",\"item\":\"https:\\\/\\\/c-profil.se\\\/\"},{\"@type\":\"ListItem\",\"position\":2,\"name\":\"Produkter\",\"item\":\"https:\\\/\\\/c-profil.se\\\/produkter\\\/\"},{\"@type\":\"ListItem\",\"position\":3,\"name\":\"Kapslingar i plast\",\"item\":\"https:\\\/\\\/c-profil.se\\\/produkt-kategori\\\/kapslingar-i-plast\\\/\"},{\"@type\":\"ListItem\",\"position\":4,\"name\":\"Kapsling | MBP\"}]},{\"@type\":\"WebSite\",\"@id\":\"https:\\\/\\\/c-profil.se\\\/#website\",\"url\":\"https:\\\/\\\/c-profil.se\\\/\",\"name\":\"C-Pro\",\"description\":\"Produkter f\u00f6r El och Automation\",\"publisher\":{\"@id\":\"https:\\\/\\\/c-profil.se\\\/#organization\"},\"potentialAction\":[{\"@type\":\"SearchAction\",\"target\":{\"@type\":\"EntryPoint\",\"urlTemplate\":\"https:\\\/\\\/c-profil.se\\\/?s={search_term_string}\"},\"query-input\":{\"@type\":\"PropertyValueSpecification\",\"valueRequired\":true,\"valueName\":\"search_term_string\"}}],\"inLanguage\":\"en\"},{\"@type\":\"Organization\",\"@id\":\"https:\\\/\\\/c-profil.se\\\/#organization\",\"name\":\"C-Pro\",\"alternateName\":\"C-PRO\",\"url\":\"https:\\\/\\\/c-profil.se\\\/\",\"logo\":{\"@type\":\"ImageObject\",\"inLanguage\":\"en\",\"@id\":\"https:\\\/\\\/c-profil.se\\\/#\\\/schema\\\/logo\\\/image\\\/\",\"url\":\"https:\\\/\\\/c-profil.se\\\/wp-content\\\/uploads\\\/2022\\\/03\\\/c-pro-logga-liggande-500x500-1.png\",\"contentUrl\":\"https:\\\/\\\/c-profil.se\\\/wp-content\\\/uploads\\\/2022\\\/03\\\/c-pro-logga-liggande-500x500-1.png\",\"width\":500,\"height\":500,\"caption\":\"C-Pro\"},\"image\":{\"@id\":\"https:\\\/\\\/c-profil.se\\\/#\\\/schema\\\/logo\\\/image\\\/\"},\"sameAs\":[\"https:\\\/\\\/www.facebook.com\\\/people\\\/C-Pro\\\/61561767306874\\\/\",\"https:\\\/\\\/www.linkedin.com\\\/company\\\/c-pro-ab\",\"https:\\\/\\\/www.instagram.com\\\/cpro.ab\\\/\"],\"description\":\"C-PRO AB \u00e4r en helt\u00e4ckande leverant\u00f6r av material f\u00f6r applikationer inom el och automation. \u00c4nda sedan starten 1987 har vi f\u00f6rsett den svenska tillverkande industrin med elmaterial. Trots v\u00e5r storlek och ledande position har vi aldrig \u00f6vergett v\u00e5r grundfilosofi, att vara en personlig leverant\u00f6r. Vi p\u00e5 C-PRO \u00e4r l\u00e4tta att komma i kontakt med, \u00e4rliga och brinner f\u00f6r att l\u00f6sa v\u00e5ra kunders problem.\",\"email\":\"info@c-profil.se\",\"telephone\":\"031575785\",\"legalName\":\"C-Profil F\u00f6rl\u00e4ggningsmaterial AB\",\"foundingDate\":\"1987-01-01\"}]}<\/script>\n<meta property=\"product:brand\" content=\"kabelinf\u00f6ring\" \/>\n<meta property=\"product:price:currency\" content=\"SEK\" \/>\n<meta property=\"og:availability\" content=\"instock\" \/>\n<meta property=\"product:availability\" content=\"instock\" \/>\n<meta property=\"product:retailer_item_id\" content=\"MBP\" \/>\n<meta property=\"product:condition\" content=\"new\" \/>\n<!-- \/ Yoast SEO Premium plugin. -->","yoast_head_json":{"title":"Enclosure MBP in Glass Fiber Reinforced Polyester - C-Pro","description":"Enclosure MBP in glass fiber reinforced polyester. Made for tough environments such as chemical\/petrochemical industry and marine\/vehicle applications. Read More!","robots":{"index":"index","follow":"follow","max-snippet":"max-snippet:-1","max-image-preview":"max-image-preview:large","max-video-preview":"max-video-preview:-1"},"canonical":"https:\/\/c-profil.se\/english\/product\/enclosure-mbp\/","og_locale":"en_US","og_type":"article","og_title":"Kapsling | MBP - C-Pro","og_description":"Kapsling MBP \u00e4r gjuten av glasfiberf\u00f6rst\u00e4rkt polyester (GRP) och f\u00f6r anv\u00e4ndning i tuffa milj\u00f6er, som kemisk och petrokemisk industri samt f\u00f6r fartygs- och fordonsapplikationer. F\u00f6rutom god motst\u00e5ndskraft mot de flesta l\u00f6sningsmedel och syror, s\u00e5 \u00e4r glasfiberf\u00f6rst\u00e4rkt polyester \u00e4ven sj\u00e4lvslocknande. Du ska inte tveka att fr\u00e5ga oss om du har n\u00e5gra funderingar eller beh\u00f6ver hj\u00e4lp att v\u00e4lja r\u00e4tt kapsling!   UV-resistent  L\u00e4mplig f\u00f6r b\u00e5de inom- och utomhusbruk  Anpassa din kapsling   Montering  Tryck  Design  F\u00e4rg  H\u00e5ltagning","og_url":"https:\/\/c-profil.se\/english\/product\/enclosure-mbp\/","og_site_name":"C-Pro","article_publisher":"https:\/\/www.facebook.com\/people\/C-Pro\/61561767306874\/","article_modified_time":"2026-03-19T14:50:06+00:00","og_image":[{"width":1000,"height":1000,"url":"https:\/\/c-profil.se\/wp-content\/uploads\/2020\/05\/Kopplingslada-MBP.jpg","type":"image\/jpeg"}],"twitter_card":"summary_large_image","twitter_misc":{"Price":"","Availability":"In stock"},"schema":{"@context":"https:\/\/schema.org","@graph":[{"@type":"WebPage","@id":"https:\/\/c-profil.se\/produkt\/kapsling-mbp\/","url":"https:\/\/c-profil.se\/produkt\/kapsling-mbp\/","name":"Enclosure MBP in Glass Fiber Reinforced Polyester - C-Pro","isPartOf":{"@id":"https:\/\/c-profil.se\/#website"},"primaryImageOfPage":{"@id":"https:\/\/c-profil.se\/produkt\/kapsling-mbp\/#primaryimage"},"image":{"@id":"https:\/\/c-profil.se\/produkt\/kapsling-mbp\/#primaryimage"},"thumbnailUrl":"https:\/\/c-profil.se\/wp-content\/uploads\/2020\/05\/Kopplingslada-MBP.jpg","datePublished":"2020-05-19T09:05:00+00:00","dateModified":"2026-03-19T14:50:06+00:00","description":"Enclosure MBP in glass fiber reinforced polyester. Made for tough environments such as chemical\/petrochemical industry and marine\/vehicle applications. Read More!","breadcrumb":{"@id":"https:\/\/c-profil.se\/produkt\/kapsling-mbp\/#breadcrumb"},"inLanguage":"en","potentialAction":[{"@type":"ReadAction","target":["https:\/\/c-profil.se\/produkt\/kapsling-mbp\/"]}]},{"@type":"ImageObject","inLanguage":"en","@id":"https:\/\/c-profil.se\/produkt\/kapsling-mbp\/#primaryimage","url":"https:\/\/c-profil.se\/wp-content\/uploads\/2020\/05\/Kopplingslada-MBP.jpg","contentUrl":"https:\/\/c-profil.se\/wp-content\/uploads\/2020\/05\/Kopplingslada-MBP.jpg","width":1000,"height":1000,"caption":"Kapsling MBP"},{"@type":"BreadcrumbList","@id":"https:\/\/c-profil.se\/produkt\/kapsling-mbp\/#breadcrumb","itemListElement":[{"@type":"ListItem","position":1,"name":"Hem","item":"https:\/\/c-profil.se\/"},{"@type":"ListItem","position":2,"name":"Produkter","item":"https:\/\/c-profil.se\/produkter\/"},{"@type":"ListItem","position":3,"name":"Kapslingar i plast","item":"https:\/\/c-profil.se\/produkt-kategori\/kapslingar-i-plast\/"},{"@type":"ListItem","position":4,"name":"Kapsling | MBP"}]},{"@type":"WebSite","@id":"https:\/\/c-profil.se\/#website","url":"https:\/\/c-profil.se\/","name":"C-Pro","description":"Products for Electricity and Automation","publisher":{"@id":"https:\/\/c-profil.se\/#organization"},"potentialAction":[{"@type":"SearchAction","target":{"@type":"EntryPoint","urlTemplate":"https:\/\/c-profil.se\/?s={search_term_string}"},"query-input":{"@type":"PropertyValueSpecification","valueRequired":true,"valueName":"search_term_string"}}],"inLanguage":"en"},{"@type":"Organization","@id":"https:\/\/c-profil.se\/#organization","name":"C-Pro","alternateName":"C-PRO","url":"https:\/\/c-profil.se\/","logo":{"@type":"ImageObject","inLanguage":"en","@id":"https:\/\/c-profil.se\/#\/schema\/logo\/image\/","url":"https:\/\/c-profil.se\/wp-content\/uploads\/2022\/03\/c-pro-logga-liggande-500x500-1.png","contentUrl":"https:\/\/c-profil.se\/wp-content\/uploads\/2022\/03\/c-pro-logga-liggande-500x500-1.png","width":500,"height":500,"caption":"C-Pro"},"image":{"@id":"https:\/\/c-profil.se\/#\/schema\/logo\/image\/"},"sameAs":["https:\/\/www.facebook.com\/people\/C-Pro\/61561767306874\/","https:\/\/www.linkedin.com\/company\/c-pro-ab","https:\/\/www.instagram.com\/cpro.ab\/"],"description":"C-PRO AB is a comprehensive supplier of materials for applications in electricity and automation. Ever since the start in 1987, we have supplied the Swedish manufacturing industry with electrical materials. Despite our size and leading position, we have never abandoned our basic philosophy, to be a personal supplier. We at C-PRO are easy to get in touch with, honest and passionate about solving our customers&#039; problems.","email":"info@c-profil.se","telephone":"031575785","legalName":"C-Profil F\u00f6rl\u00e4ggningsmaterial AB","foundingDate":"1987-01-01"}]},"product_brand":"kabelinf\u00f6ring","product_price_currency":"SEK","og_availability":"instock","product_availability":"instock","product_retailer_item_id":"MBP","product_condition":"new"},"_links":{"self":[{"href":"https:\/\/c-profil.se\/english\/wp-json\/wp\/v2\/product\/24902","targetHints":{"allow":["GET"]}}],"collection":[{"href":"https:\/\/c-profil.se\/english\/wp-json\/wp\/v2\/product"}],"about":[{"href":"https:\/\/c-profil.se\/english\/wp-json\/wp\/v2\/types\/product"}],"version-history":[{"count":13,"href":"https:\/\/c-profil.se\/english\/wp-json\/wp\/v2\/product\/24902\/revisions"}],"predecessor-version":[{"id":74220,"href":"https:\/\/c-profil.se\/english\/wp-json\/wp\/v2\/product\/24902\/revisions\/74220"}],"wp:featuredmedia":[{"embeddable":true,"href":"https:\/\/c-profil.se\/english\/wp-json\/wp\/v2\/media\/45398"}],"wp:attachment":[{"href":"https:\/\/c-profil.se\/english\/wp-json\/wp\/v2\/media?parent=24902"}],"wp:term":[{"taxonomy":"product_brand","embeddable":true,"href":"https:\/\/c-profil.se\/english\/wp-json\/wp\/v2\/product_brand?post=24902"},{"taxonomy":"product_cat","embeddable":true,"href":"https:\/\/c-profil.se\/english\/wp-json\/wp\/v2\/product_cat?post=24902"},{"taxonomy":"product_tag","embeddable":true,"href":"https:\/\/c-profil.se\/english\/wp-json\/wp\/v2\/product_tag?post=24902"}],"curies":[{"name":"wp","href":"https:\/\/api.w.org\/{rel}","templated":true}]}}