{"id":24896,"date":"2020-05-07T08:08:00","date_gmt":"2020-05-07T07:08:00","guid":{"rendered":"https:\/\/c-profil.se\/produkt\/vagg-golvskap-ecomp\/"},"modified":"2026-04-01T11:12:44","modified_gmt":"2026-04-01T10:12:44","slug":"cabinet-ecomp","status":"publish","type":"product","link":"https:\/\/c-profil.se\/english\/produkt\/apparatskap-ecomp\/","title":{"rendered":"Cabinet | E COMP"},"content":{"rendered":"<p><strong>E COMP is a compact steel enclosure for industrial installations<\/strong>, developed for applications where space, functionality and standardized solutions are crucial.<br \/>\nThe series includes both wall-mounted and floor-standing cabinets with modular cable entry and compatibility with ETA&#039;s standard accessories.<\/p>","protected":false},"excerpt":{"rendered":"<p>The E COMP enclosure represents the ideal solution to meet the need for a compact solution for both floor and wall mounted enclosures. It features an advanced design, an innovative locking system and perfect compliance with industry standards. The E COMP enclosure, with its solidity and ergonomic design, is equipped with modular cable entry and is compatible with ETA standard accessories. A compact solution with single or double doors.<\/p>\n<ul>\n<li class=\"ai-optimize-33\">Degree of protection guaranteed by two-component polyurethane foam<\/li>\n<li class=\"ai-optimize-34\">Aesthetic profile: color RAL 5020 textured finish<\/li>\n<\/ul>\n<p><strong>Delivery includes:<\/strong><\/p>\n<ul>\n<li class=\"ai-optimize-36\">Front aesthetic profile<\/li>\n<li class=\"ai-optimize-37\">Door with 2 stiffening galvanized profiles and \u00d8 3 mm double bar locking system<\/li>\n<li class=\"ai-optimize-38\">Adjustable cable entry<\/li>\n<li class=\"ai-optimize-39\">Front-mounted mounting plate<\/li>\n<\/ul>\n<p><img decoding=\"async\" class=\"alignnone wp-image-55144\" src=\"https:\/\/c-profil.se\/wp-content\/uploads\/2020\/05\/E-COMP.png\" alt=\"E-COMP logo\" width=\"300\" height=\"40\" \/><\/p>","protected":false},"featured_media":72269,"template":"","meta":{"_acf_changed":false},"product_brand":[738],"product_cat":[247],"product_tag":[940,944,947,948],"class_list":{"0":"post-24896","1":"product","2":"type-product","3":"status-publish","4":"has-post-thumbnail","6":"product_brand-eta","7":"product_cat-apparatskap-plat","8":"product_tag-apparatskap","9":"product_tag-automation","10":"product_tag-golvmontering","11":"product_tag-moduluppbyggnad","13":"first","14":"instock","15":"shipping-taxable","16":"product-type-simple"},"acf":[],"yoast_head":"<!-- This site is optimized with the Yoast SEO Premium plugin v27.4 (Yoast SEO v27.4) - https:\/\/yoast.com\/product\/yoast-seo-premium-wordpress\/ -->\n<title>Apparatsk\u00e5p E COMP - C-Pro - En Ultimat Kompakt L\u00f6sning<\/title>\n<meta name=\"description\" content=\"Apparatsk\u00e5p E COMP representerar den idealiska l\u00f6sningen f\u00f6r att m\u00f6ta behovet av en kompakt l\u00f6sning f\u00f6r b\u00e5de golvsk\u00e5p och v\u00e4ggsk\u00e5p. L\u00e4s Mer!\" \/>\n<meta name=\"robots\" content=\"index, follow, max-snippet:-1, max-image-preview:large, max-video-preview:-1\" \/>\n<link rel=\"canonical\" href=\"https:\/\/c-profil.se\/english\/product\/cabinet-ecomp\/\" \/>\n<meta property=\"og:locale\" content=\"en_US\" \/>\n<meta property=\"og:type\" content=\"article\" \/>\n<meta property=\"og:title\" content=\"Apparatsk\u00e5p | E COMP - C-Pro\" \/>\n<meta property=\"og:description\" content=\"Apparatsk\u00e5p E COMP representerar den idealiska l\u00f6sningen f\u00f6r att m\u00f6ta behovet av en kompakt l\u00f6sning f\u00f6r b\u00e5de golvsk\u00e5p och v\u00e4ggsk\u00e5p. Den har en avancerad design, ett innovativt l\u00e5ssystem och en perfekt \u00f6verensst\u00e4mmelse med industristandarder. Apparatsk\u00e5p \/ E COMP, med soliditet och ergonomisk design, \u00e4r f\u00f6rsedd med modul\u00e4r kabelgenomf\u00f6ring och passar med ETA-standardtillbeh\u00f6r. En kompakt l\u00f6sning med enkel- eller dubbeld\u00f6rr.   Skyddsgrad garanterad av tv\u00e5komponent polyuretanskum  Estetisk profil: f\u00e4rg RAL 5020 texturerad finish  Leveransen inkluderar:   Fr\u00e4mre estetisk profil  D\u00f6rr med 2st f\u00f6rstyvande f\u00f6rzinkade-profiler och \u00d8 3 mm dubbelst\u00e5ngl\u00e5sningssystem  Justerbar kabelinf\u00f6ring  Frontmonterad monteringsplatta\" \/>\n<meta property=\"og:url\" content=\"https:\/\/c-profil.se\/english\/product\/cabinet-ecomp\/\" \/>\n<meta property=\"og:site_name\" content=\"C-Pro\" \/>\n<meta property=\"article:publisher\" content=\"https:\/\/www.facebook.com\/people\/C-Pro\/61561767306874\/\" \/>\n<meta property=\"article:modified_time\" content=\"2026-04-01T10:12:44+00:00\" \/>\n<meta property=\"og:image\" content=\"https:\/\/c-profil.se\/wp-content\/uploads\/2020\/05\/1.jpg\" \/>\n\t<meta property=\"og:image:width\" content=\"1000\" \/>\n\t<meta property=\"og:image:height\" content=\"1000\" \/>\n\t<meta property=\"og:image:type\" content=\"image\/jpeg\" \/>\n<meta name=\"twitter:card\" content=\"summary_large_image\" \/>\n<meta name=\"twitter:label1\" content=\"Price\" \/>\n\t<meta name=\"twitter:data1\" content=\"\" \/>\n\t<meta name=\"twitter:label2\" content=\"Availability\" \/>\n\t<meta name=\"twitter:data2\" content=\"In stock\" \/>\n<script type=\"application\/ld+json\" class=\"yoast-schema-graph\">{\"@context\":\"https:\\\/\\\/schema.org\",\"@graph\":[{\"@type\":\"WebPage\",\"@id\":\"https:\\\/\\\/c-profil.se\\\/produkt\\\/apparatskap-ecomp\\\/\",\"url\":\"https:\\\/\\\/c-profil.se\\\/produkt\\\/apparatskap-ecomp\\\/\",\"name\":\"Apparatsk\u00e5p E COMP - C-Pro - En Ultimat Kompakt L\u00f6sning\",\"isPartOf\":{\"@id\":\"https:\\\/\\\/c-profil.se\\\/#website\"},\"primaryImageOfPage\":{\"@id\":\"https:\\\/\\\/c-profil.se\\\/produkt\\\/apparatskap-ecomp\\\/#primaryimage\"},\"image\":{\"@id\":\"https:\\\/\\\/c-profil.se\\\/produkt\\\/apparatskap-ecomp\\\/#primaryimage\"},\"thumbnailUrl\":\"https:\\\/\\\/c-profil.se\\\/wp-content\\\/uploads\\\/2020\\\/05\\\/1.jpg\",\"datePublished\":\"2020-05-07T07:08:00+00:00\",\"dateModified\":\"2026-04-01T10:12:44+00:00\",\"description\":\"Apparatsk\u00e5p E COMP representerar den idealiska l\u00f6sningen f\u00f6r att m\u00f6ta behovet av en kompakt l\u00f6sning f\u00f6r b\u00e5de golvsk\u00e5p och v\u00e4ggsk\u00e5p. L\u00e4s Mer!\",\"breadcrumb\":{\"@id\":\"https:\\\/\\\/c-profil.se\\\/produkt\\\/apparatskap-ecomp\\\/#breadcrumb\"},\"inLanguage\":\"en\",\"potentialAction\":[{\"@type\":\"ReadAction\",\"target\":[\"https:\\\/\\\/c-profil.se\\\/produkt\\\/apparatskap-ecomp\\\/\"]}]},{\"@type\":\"ImageObject\",\"inLanguage\":\"en\",\"@id\":\"https:\\\/\\\/c-profil.se\\\/produkt\\\/apparatskap-ecomp\\\/#primaryimage\",\"url\":\"https:\\\/\\\/c-profil.se\\\/wp-content\\\/uploads\\\/2020\\\/05\\\/1.jpg\",\"contentUrl\":\"https:\\\/\\\/c-profil.se\\\/wp-content\\\/uploads\\\/2020\\\/05\\\/1.jpg\",\"width\":1000,\"height\":1000,\"caption\":\"Apparatsk\u00e5p E COMP\"},{\"@type\":\"BreadcrumbList\",\"@id\":\"https:\\\/\\\/c-profil.se\\\/produkt\\\/apparatskap-ecomp\\\/#breadcrumb\",\"itemListElement\":[{\"@type\":\"ListItem\",\"position\":1,\"name\":\"Hem\",\"item\":\"https:\\\/\\\/c-profil.se\\\/\"},{\"@type\":\"ListItem\",\"position\":2,\"name\":\"Produkter\",\"item\":\"https:\\\/\\\/c-profil.se\\\/produkter\\\/\"},{\"@type\":\"ListItem\",\"position\":3,\"name\":\"Apparatsk\u00e5p i Pl\u00e5t\",\"item\":\"https:\\\/\\\/c-profil.se\\\/produkt-kategori\\\/apparatskap-plat\\\/\"},{\"@type\":\"ListItem\",\"position\":4,\"name\":\"Apparatsk\u00e5p | E COMP\"}]},{\"@type\":\"WebSite\",\"@id\":\"https:\\\/\\\/c-profil.se\\\/#website\",\"url\":\"https:\\\/\\\/c-profil.se\\\/\",\"name\":\"C-Pro\",\"description\":\"Produkter f\u00f6r El och Automation\",\"publisher\":{\"@id\":\"https:\\\/\\\/c-profil.se\\\/#organization\"},\"potentialAction\":[{\"@type\":\"SearchAction\",\"target\":{\"@type\":\"EntryPoint\",\"urlTemplate\":\"https:\\\/\\\/c-profil.se\\\/?s={search_term_string}\"},\"query-input\":{\"@type\":\"PropertyValueSpecification\",\"valueRequired\":true,\"valueName\":\"search_term_string\"}}],\"inLanguage\":\"en\"},{\"@type\":\"Organization\",\"@id\":\"https:\\\/\\\/c-profil.se\\\/#organization\",\"name\":\"C-Pro\",\"alternateName\":\"C-PRO\",\"url\":\"https:\\\/\\\/c-profil.se\\\/\",\"logo\":{\"@type\":\"ImageObject\",\"inLanguage\":\"en\",\"@id\":\"https:\\\/\\\/c-profil.se\\\/#\\\/schema\\\/logo\\\/image\\\/\",\"url\":\"https:\\\/\\\/c-profil.se\\\/wp-content\\\/uploads\\\/2022\\\/03\\\/c-pro-logga-liggande-500x500-1.png\",\"contentUrl\":\"https:\\\/\\\/c-profil.se\\\/wp-content\\\/uploads\\\/2022\\\/03\\\/c-pro-logga-liggande-500x500-1.png\",\"width\":500,\"height\":500,\"caption\":\"C-Pro\"},\"image\":{\"@id\":\"https:\\\/\\\/c-profil.se\\\/#\\\/schema\\\/logo\\\/image\\\/\"},\"sameAs\":[\"https:\\\/\\\/www.facebook.com\\\/people\\\/C-Pro\\\/61561767306874\\\/\",\"https:\\\/\\\/www.linkedin.com\\\/company\\\/c-pro-ab\",\"https:\\\/\\\/www.instagram.com\\\/cpro.ab\\\/\"],\"description\":\"C-PRO AB \u00e4r en helt\u00e4ckande leverant\u00f6r av material f\u00f6r applikationer inom el och automation. \u00c4nda sedan starten 1987 har vi f\u00f6rsett den svenska tillverkande industrin med elmaterial. Trots v\u00e5r storlek och ledande position har vi aldrig \u00f6vergett v\u00e5r grundfilosofi, att vara en personlig leverant\u00f6r. Vi p\u00e5 C-PRO \u00e4r l\u00e4tta att komma i kontakt med, \u00e4rliga och brinner f\u00f6r att l\u00f6sa v\u00e5ra kunders problem.\",\"email\":\"info@c-profil.se\",\"telephone\":\"031575785\",\"legalName\":\"C-Profil F\u00f6rl\u00e4ggningsmaterial AB\",\"foundingDate\":\"1987-01-01\"}]}<\/script>\n<meta property=\"product:brand\" content=\"apparatsk\u00e5p\" \/>\n<meta property=\"product:price:currency\" content=\"SEK\" \/>\n<meta property=\"og:availability\" content=\"instock\" \/>\n<meta property=\"product:availability\" content=\"instock\" \/>\n<meta property=\"product:retailer_item_id\" content=\"E COMP\" \/>\n<meta property=\"product:condition\" content=\"new\" \/>\n<!-- \/ Yoast SEO Premium plugin. -->","yoast_head_json":{"title":"E COMP - C-Pro - An Ultimate Compact Solution","description":"The E COMP enclosure represents the ideal solution to meet the need for a compact solution for both floor-standing and wall-mounted enclosures. Read More!","robots":{"index":"index","follow":"follow","max-snippet":"max-snippet:-1","max-image-preview":"max-image-preview:large","max-video-preview":"max-video-preview:-1"},"canonical":"https:\/\/c-profil.se\/english\/product\/cabinet-ecomp\/","og_locale":"en_US","og_type":"article","og_title":"Apparatsk\u00e5p | E COMP - C-Pro","og_description":"Apparatsk\u00e5p E COMP representerar den idealiska l\u00f6sningen f\u00f6r att m\u00f6ta behovet av en kompakt l\u00f6sning f\u00f6r b\u00e5de golvsk\u00e5p och v\u00e4ggsk\u00e5p. Den har en avancerad design, ett innovativt l\u00e5ssystem och en perfekt \u00f6verensst\u00e4mmelse med industristandarder. Apparatsk\u00e5p \/ E COMP, med soliditet och ergonomisk design, \u00e4r f\u00f6rsedd med modul\u00e4r kabelgenomf\u00f6ring och passar med ETA-standardtillbeh\u00f6r. En kompakt l\u00f6sning med enkel- eller dubbeld\u00f6rr.   Skyddsgrad garanterad av tv\u00e5komponent polyuretanskum  Estetisk profil: f\u00e4rg RAL 5020 texturerad finish  Leveransen inkluderar:   Fr\u00e4mre estetisk profil  D\u00f6rr med 2st f\u00f6rstyvande f\u00f6rzinkade-profiler och \u00d8 3 mm dubbelst\u00e5ngl\u00e5sningssystem  Justerbar kabelinf\u00f6ring  Frontmonterad monteringsplatta","og_url":"https:\/\/c-profil.se\/english\/product\/cabinet-ecomp\/","og_site_name":"C-Pro","article_publisher":"https:\/\/www.facebook.com\/people\/C-Pro\/61561767306874\/","article_modified_time":"2026-04-01T10:12:44+00:00","og_image":[{"width":1000,"height":1000,"url":"https:\/\/c-profil.se\/wp-content\/uploads\/2020\/05\/1.jpg","type":"image\/jpeg"}],"twitter_card":"summary_large_image","twitter_misc":{"Price":"","Availability":"In stock"},"schema":{"@context":"https:\/\/schema.org","@graph":[{"@type":"WebPage","@id":"https:\/\/c-profil.se\/produkt\/apparatskap-ecomp\/","url":"https:\/\/c-profil.se\/produkt\/apparatskap-ecomp\/","name":"E COMP - C-Pro - An Ultimate Compact Solution","isPartOf":{"@id":"https:\/\/c-profil.se\/#website"},"primaryImageOfPage":{"@id":"https:\/\/c-profil.se\/produkt\/apparatskap-ecomp\/#primaryimage"},"image":{"@id":"https:\/\/c-profil.se\/produkt\/apparatskap-ecomp\/#primaryimage"},"thumbnailUrl":"https:\/\/c-profil.se\/wp-content\/uploads\/2020\/05\/1.jpg","datePublished":"2020-05-07T07:08:00+00:00","dateModified":"2026-04-01T10:12:44+00:00","description":"The E COMP enclosure represents the ideal solution to meet the need for a compact solution for both floor-standing and wall-mounted enclosures. Read More!","breadcrumb":{"@id":"https:\/\/c-profil.se\/produkt\/apparatskap-ecomp\/#breadcrumb"},"inLanguage":"en","potentialAction":[{"@type":"ReadAction","target":["https:\/\/c-profil.se\/produkt\/apparatskap-ecomp\/"]}]},{"@type":"ImageObject","inLanguage":"en","@id":"https:\/\/c-profil.se\/produkt\/apparatskap-ecomp\/#primaryimage","url":"https:\/\/c-profil.se\/wp-content\/uploads\/2020\/05\/1.jpg","contentUrl":"https:\/\/c-profil.se\/wp-content\/uploads\/2020\/05\/1.jpg","width":1000,"height":1000,"caption":"Apparatsk\u00e5p E COMP"},{"@type":"BreadcrumbList","@id":"https:\/\/c-profil.se\/produkt\/apparatskap-ecomp\/#breadcrumb","itemListElement":[{"@type":"ListItem","position":1,"name":"Hem","item":"https:\/\/c-profil.se\/"},{"@type":"ListItem","position":2,"name":"Produkter","item":"https:\/\/c-profil.se\/produkter\/"},{"@type":"ListItem","position":3,"name":"Apparatsk\u00e5p i Pl\u00e5t","item":"https:\/\/c-profil.se\/produkt-kategori\/apparatskap-plat\/"},{"@type":"ListItem","position":4,"name":"Apparatsk\u00e5p | E COMP"}]},{"@type":"WebSite","@id":"https:\/\/c-profil.se\/#website","url":"https:\/\/c-profil.se\/","name":"C-Pro","description":"Products for Electricity and Automation","publisher":{"@id":"https:\/\/c-profil.se\/#organization"},"potentialAction":[{"@type":"SearchAction","target":{"@type":"EntryPoint","urlTemplate":"https:\/\/c-profil.se\/?s={search_term_string}"},"query-input":{"@type":"PropertyValueSpecification","valueRequired":true,"valueName":"search_term_string"}}],"inLanguage":"en"},{"@type":"Organization","@id":"https:\/\/c-profil.se\/#organization","name":"C-Pro","alternateName":"C-PRO","url":"https:\/\/c-profil.se\/","logo":{"@type":"ImageObject","inLanguage":"en","@id":"https:\/\/c-profil.se\/#\/schema\/logo\/image\/","url":"https:\/\/c-profil.se\/wp-content\/uploads\/2022\/03\/c-pro-logga-liggande-500x500-1.png","contentUrl":"https:\/\/c-profil.se\/wp-content\/uploads\/2022\/03\/c-pro-logga-liggande-500x500-1.png","width":500,"height":500,"caption":"C-Pro"},"image":{"@id":"https:\/\/c-profil.se\/#\/schema\/logo\/image\/"},"sameAs":["https:\/\/www.facebook.com\/people\/C-Pro\/61561767306874\/","https:\/\/www.linkedin.com\/company\/c-pro-ab","https:\/\/www.instagram.com\/cpro.ab\/"],"description":"C-PRO AB is a comprehensive supplier of materials for applications in electricity and automation. Ever since the start in 1987, we have supplied the Swedish manufacturing industry with electrical materials. Despite our size and leading position, we have never abandoned our basic philosophy, to be a personal supplier. We at C-PRO are easy to get in touch with, honest and passionate about solving our customers&#039; problems.","email":"info@c-profil.se","telephone":"031575785","legalName":"C-Profil F\u00f6rl\u00e4ggningsmaterial AB","foundingDate":"1987-01-01"}]},"product_brand":"apparatsk\u00e5p","product_price_currency":"SEK","og_availability":"instock","product_availability":"instock","product_retailer_item_id":"E COMP","product_condition":"new"},"_links":{"self":[{"href":"https:\/\/c-profil.se\/english\/wp-json\/wp\/v2\/product\/24896","targetHints":{"allow":["GET"]}}],"collection":[{"href":"https:\/\/c-profil.se\/english\/wp-json\/wp\/v2\/product"}],"about":[{"href":"https:\/\/c-profil.se\/english\/wp-json\/wp\/v2\/types\/product"}],"version-history":[{"count":19,"href":"https:\/\/c-profil.se\/english\/wp-json\/wp\/v2\/product\/24896\/revisions"}],"predecessor-version":[{"id":74825,"href":"https:\/\/c-profil.se\/english\/wp-json\/wp\/v2\/product\/24896\/revisions\/74825"}],"wp:featuredmedia":[{"embeddable":true,"href":"https:\/\/c-profil.se\/english\/wp-json\/wp\/v2\/media\/72269"}],"wp:attachment":[{"href":"https:\/\/c-profil.se\/english\/wp-json\/wp\/v2\/media?parent=24896"}],"wp:term":[{"taxonomy":"product_brand","embeddable":true,"href":"https:\/\/c-profil.se\/english\/wp-json\/wp\/v2\/product_brand?post=24896"},{"taxonomy":"product_cat","embeddable":true,"href":"https:\/\/c-profil.se\/english\/wp-json\/wp\/v2\/product_cat?post=24896"},{"taxonomy":"product_tag","embeddable":true,"href":"https:\/\/c-profil.se\/english\/wp-json\/wp\/v2\/product_tag?post=24896"}],"curies":[{"name":"wp","href":"https:\/\/api.w.org\/{rel}","templated":true}]}}