{"id":24894,"date":"2020-05-07T08:08:00","date_gmt":"2020-05-07T07:08:00","guid":{"rendered":"https:\/\/c-profil.se\/produkt\/golvskap-emox\/"},"modified":"2026-04-21T08:57:45","modified_gmt":"2026-04-21T07:57:45","slug":"cabinet-emox","status":"publish","type":"product","link":"https:\/\/c-profil.se\/english\/produkt\/apparatskap-emox\/","title":{"rendered":"Cabinet | E MOX"},"content":{"rendered":"<p><strong>E MOX is a floor-mounted steel enclosure for industrial installations<\/strong>, developed for applications requiring stable construction and a uniform design language.<br \/>\nThe cabinet is based on a symmetrical monoblock construction and is designed to visually and functionally match the E NUX series.<\/p>","protected":false},"excerpt":{"rendered":"<p>The E MOX enclosure is a floor standing enclosure made of 1.5 mm thick sheet metal with a removable rear panel. Door made of 2.0 mm thick steel sheet metal with a stiffening frame. The E MOX floor standing enclosure \u2013 offered with a special front and rear aesthetic profile to meet the E NUX style \u2013 The enclosure is built with a unique symmetrical monoblock construction with top, bottom and side panels welded and an outer door fitted with an innovative lever-operated latch system.<\/p>\n<ul>\n<li>Degree of protection guaranteed by two-component polyurethane foam<\/li>\n<\/ul>\n<p><strong>Delivery includes:<\/strong><\/p>\n<ul>\n<li>Mounting plate<\/li>\n<li>Cabinet with welded side panels<\/li>\n<li>Removable rear panel<\/li>\n<li>Blank front door<\/li>\n<\/ul>\n<p><img decoding=\"async\" class=\"alignnone wp-image-55141\" src=\"https:\/\/c-profil.se\/wp-content\/uploads\/2020\/05\/E-MOX.png\" alt=\"E-MOX logo\" width=\"300\" height=\"40\" srcset=\"https:\/\/c-profil.se\/wp-content\/uploads\/2020\/05\/E-MOX.png 2000w, https:\/\/c-profil.se\/wp-content\/uploads\/2020\/05\/E-MOX-500x67.png 500w, https:\/\/c-profil.se\/wp-content\/uploads\/2020\/05\/E-MOX-768x103.png 768w, https:\/\/c-profil.se\/wp-content\/uploads\/2020\/05\/E-MOX-1024x137.png 1024w, https:\/\/c-profil.se\/wp-content\/uploads\/2020\/05\/E-MOX-1536x205.png 1536w, https:\/\/c-profil.se\/wp-content\/uploads\/2020\/05\/E-MOX-18x2.png 18w, https:\/\/c-profil.se\/wp-content\/uploads\/2020\/05\/E-MOX-1000x134.png 1000w, https:\/\/c-profil.se\/wp-content\/uploads\/2020\/05\/E-MOX-64x9.png 64w\" sizes=\"(max-width: 300px) 100vw, 300px\" \/><\/p>","protected":false},"featured_media":72265,"template":"","meta":{"_acf_changed":false},"product_brand":[738],"product_cat":[247],"product_tag":[940,944,947,948],"class_list":{"0":"post-24894","1":"product","2":"type-product","3":"status-publish","4":"has-post-thumbnail","6":"product_brand-eta","7":"product_cat-apparatskap-plat","8":"product_tag-apparatskap","9":"product_tag-automation","10":"product_tag-golvmontering","11":"product_tag-moduluppbyggnad","13":"first","14":"instock","15":"shipping-taxable","16":"product-type-simple"},"acf":[],"yoast_head":"<!-- This site is optimized with the Yoast SEO Premium plugin v27.5 (Yoast SEO v27.5) - https:\/\/yoast.com\/product\/yoast-seo-premium-wordpress\/ -->\n<title>Apparatsk\u00e5p E MOX: Enkel Montering och Borttagbar Bakpanel - C-Pro<\/title>\n<meta name=\"description\" content=\"Apparatsk\u00e5p \/ E MOX \u00e4r ett golvsk\u00e5p tillverkat av 1,5 mm tjockt pl\u00e5t med avtagbar bakpanel. D\u00f6rr tillverkad av 2,0 mm tjockt st\u00e5lpl\u00e5t med f\u00f6rstyvningsram.\" \/>\n<meta name=\"robots\" content=\"index, follow, max-snippet:-1, max-image-preview:large, max-video-preview:-1\" \/>\n<link rel=\"canonical\" href=\"https:\/\/c-profil.se\/english\/product\/cabinet-emox\/\" \/>\n<meta property=\"og:locale\" content=\"en_US\" \/>\n<meta property=\"og:type\" content=\"article\" \/>\n<meta property=\"og:title\" content=\"Apparatsk\u00e5p | E MOX - C-Pro\" \/>\n<meta property=\"og:description\" content=\"Apparatsk\u00e5p E MOX \u00e4r ett golvsk\u00e5p tillverkat av 1,5 mm tjockt pl\u00e5t med avtagbar bakpanel. D\u00f6rr tillverkad av 2,0 mm tjockt st\u00e5lpl\u00e5t med f\u00f6rstyvningsram. E MOX golvsk\u00e5p - erbjuds med en speciell fr\u00e4mre och bakre estetisk profil f\u00f6r att uppfylla E NUX-stilen - Apparatsk\u00e5pet \u00e4r uppbyggd med en unik symmetrisk monoblockkonstruktion med topp-, botten- och sidopaneler svetsade och en ytterd\u00f6rr f\u00f6rsedd med ett innovativt spakstyrt sp\u00e4rrsystem.   Skyddsgrad garanterad av tv\u00e5komponents polyuretanskumt\u00e4tning.  Leveransen inkluderar:   Montagepl\u00e5t  Apparatsk\u00e5p med svetsade sidopaneler  Borttagbar bakpanel  Blank framd\u00f6rr\" \/>\n<meta property=\"og:url\" content=\"https:\/\/c-profil.se\/english\/product\/cabinet-emox\/\" \/>\n<meta property=\"og:site_name\" content=\"C-Pro\" \/>\n<meta property=\"article:publisher\" content=\"https:\/\/www.facebook.com\/people\/C-Pro\/61561767306874\/\" \/>\n<meta property=\"article:modified_time\" content=\"2026-04-21T07:57:45+00:00\" \/>\n<meta property=\"og:image\" content=\"https:\/\/c-profil.se\/wp-content\/uploads\/2020\/05\/Apparatskap-EMOX-alla.jpg\" \/>\n\t<meta property=\"og:image:width\" content=\"1000\" \/>\n\t<meta property=\"og:image:height\" content=\"1000\" \/>\n\t<meta property=\"og:image:type\" content=\"image\/jpeg\" \/>\n<meta name=\"twitter:card\" content=\"summary_large_image\" \/>\n<meta name=\"twitter:label1\" content=\"Price\" \/>\n\t<meta name=\"twitter:data1\" content=\"\" \/>\n\t<meta name=\"twitter:label2\" content=\"Availability\" \/>\n\t<meta name=\"twitter:data2\" content=\"In stock\" \/>\n<script type=\"application\/ld+json\" class=\"yoast-schema-graph\">{\"@context\":\"https:\\\/\\\/schema.org\",\"@graph\":[{\"@type\":\"WebPage\",\"@id\":\"https:\\\/\\\/c-profil.se\\\/produkt\\\/apparatskap-emox\\\/\",\"url\":\"https:\\\/\\\/c-profil.se\\\/produkt\\\/apparatskap-emox\\\/\",\"name\":\"Apparatsk\u00e5p E MOX: Enkel Montering och Borttagbar Bakpanel - C-Pro\",\"isPartOf\":{\"@id\":\"https:\\\/\\\/c-profil.se\\\/#website\"},\"primaryImageOfPage\":{\"@id\":\"https:\\\/\\\/c-profil.se\\\/produkt\\\/apparatskap-emox\\\/#primaryimage\"},\"image\":{\"@id\":\"https:\\\/\\\/c-profil.se\\\/produkt\\\/apparatskap-emox\\\/#primaryimage\"},\"thumbnailUrl\":\"https:\\\/\\\/c-profil.se\\\/wp-content\\\/uploads\\\/2020\\\/05\\\/Apparatskap-EMOX-alla.jpg\",\"datePublished\":\"2020-05-07T07:08:00+00:00\",\"dateModified\":\"2026-04-21T07:57:45+00:00\",\"description\":\"Apparatsk\u00e5p \\\/ E MOX \u00e4r ett golvsk\u00e5p tillverkat av 1,5 mm tjockt pl\u00e5t med avtagbar bakpanel. D\u00f6rr tillverkad av 2,0 mm tjockt st\u00e5lpl\u00e5t med f\u00f6rstyvningsram.\",\"breadcrumb\":{\"@id\":\"https:\\\/\\\/c-profil.se\\\/produkt\\\/apparatskap-emox\\\/#breadcrumb\"},\"inLanguage\":\"en\",\"potentialAction\":[{\"@type\":\"ReadAction\",\"target\":[\"https:\\\/\\\/c-profil.se\\\/produkt\\\/apparatskap-emox\\\/\"]}]},{\"@type\":\"ImageObject\",\"inLanguage\":\"en\",\"@id\":\"https:\\\/\\\/c-profil.se\\\/produkt\\\/apparatskap-emox\\\/#primaryimage\",\"url\":\"https:\\\/\\\/c-profil.se\\\/wp-content\\\/uploads\\\/2020\\\/05\\\/Apparatskap-EMOX-alla.jpg\",\"contentUrl\":\"https:\\\/\\\/c-profil.se\\\/wp-content\\\/uploads\\\/2020\\\/05\\\/Apparatskap-EMOX-alla.jpg\",\"width\":1000,\"height\":1000,\"caption\":\"Apparatsk\u00e5p EMOX\"},{\"@type\":\"BreadcrumbList\",\"@id\":\"https:\\\/\\\/c-profil.se\\\/produkt\\\/apparatskap-emox\\\/#breadcrumb\",\"itemListElement\":[{\"@type\":\"ListItem\",\"position\":1,\"name\":\"Hem\",\"item\":\"https:\\\/\\\/c-profil.se\\\/\"},{\"@type\":\"ListItem\",\"position\":2,\"name\":\"Produkter\",\"item\":\"https:\\\/\\\/c-profil.se\\\/produkter\\\/\"},{\"@type\":\"ListItem\",\"position\":3,\"name\":\"Apparatsk\u00e5p i Pl\u00e5t\",\"item\":\"https:\\\/\\\/c-profil.se\\\/produkt-kategori\\\/apparatskap-plat\\\/\"},{\"@type\":\"ListItem\",\"position\":4,\"name\":\"Apparatsk\u00e5p | E MOX\"}]},{\"@type\":\"WebSite\",\"@id\":\"https:\\\/\\\/c-profil.se\\\/#website\",\"url\":\"https:\\\/\\\/c-profil.se\\\/\",\"name\":\"C-Pro\",\"description\":\"Produkter f\u00f6r El och Automation\",\"publisher\":{\"@id\":\"https:\\\/\\\/c-profil.se\\\/#organization\"},\"potentialAction\":[{\"@type\":\"SearchAction\",\"target\":{\"@type\":\"EntryPoint\",\"urlTemplate\":\"https:\\\/\\\/c-profil.se\\\/?s={search_term_string}\"},\"query-input\":{\"@type\":\"PropertyValueSpecification\",\"valueRequired\":true,\"valueName\":\"search_term_string\"}}],\"inLanguage\":\"en\"},{\"@type\":\"Organization\",\"@id\":\"https:\\\/\\\/c-profil.se\\\/#organization\",\"name\":\"C-Pro\",\"alternateName\":\"C-PRO\",\"url\":\"https:\\\/\\\/c-profil.se\\\/\",\"logo\":{\"@type\":\"ImageObject\",\"inLanguage\":\"en\",\"@id\":\"https:\\\/\\\/c-profil.se\\\/#\\\/schema\\\/logo\\\/image\\\/\",\"url\":\"https:\\\/\\\/c-profil.se\\\/wp-content\\\/uploads\\\/2022\\\/03\\\/c-pro-logga-liggande-500x500-1.png\",\"contentUrl\":\"https:\\\/\\\/c-profil.se\\\/wp-content\\\/uploads\\\/2022\\\/03\\\/c-pro-logga-liggande-500x500-1.png\",\"width\":500,\"height\":500,\"caption\":\"C-Pro\"},\"image\":{\"@id\":\"https:\\\/\\\/c-profil.se\\\/#\\\/schema\\\/logo\\\/image\\\/\"},\"sameAs\":[\"https:\\\/\\\/www.facebook.com\\\/people\\\/C-Pro\\\/61561767306874\\\/\",\"https:\\\/\\\/www.linkedin.com\\\/company\\\/c-pro-ab\",\"https:\\\/\\\/www.instagram.com\\\/cpro.ab\\\/\"],\"description\":\"C-PRO AB \u00e4r en helt\u00e4ckande leverant\u00f6r av material f\u00f6r applikationer inom el och automation. \u00c4nda sedan starten 1987 har vi f\u00f6rsett den svenska tillverkande industrin med elmaterial. Trots v\u00e5r storlek och ledande position har vi aldrig \u00f6vergett v\u00e5r grundfilosofi, att vara en personlig leverant\u00f6r. Vi p\u00e5 C-PRO \u00e4r l\u00e4tta att komma i kontakt med, \u00e4rliga och brinner f\u00f6r att l\u00f6sa v\u00e5ra kunders problem.\",\"email\":\"info@c-profil.se\",\"telephone\":\"031575785\",\"legalName\":\"C-Profil F\u00f6rl\u00e4ggningsmaterial AB\",\"foundingDate\":\"1987-01-01\"}]}<\/script>\n<meta property=\"product:brand\" content=\"apparatsk\u00e5p\" \/>\n<meta property=\"product:price:currency\" content=\"SEK\" \/>\n<meta property=\"og:availability\" content=\"instock\" \/>\n<meta property=\"product:availability\" content=\"instock\" \/>\n<meta property=\"product:retailer_item_id\" content=\"E MOX\" \/>\n<meta property=\"product:condition\" content=\"new\" \/>\n<!-- \/ Yoast SEO Premium plugin. -->","yoast_head_json":{"title":"E MOX Enclosure: Easy Assembly and Removable Back Panel - C-Pro","description":"Cabinet \/ E MOX is a floor standing cabinet made of 1.5 mm thick sheet metal with removable back panel. Door made of 2.0 mm thick steel sheet with stiffening frame.","robots":{"index":"index","follow":"follow","max-snippet":"max-snippet:-1","max-image-preview":"max-image-preview:large","max-video-preview":"max-video-preview:-1"},"canonical":"https:\/\/c-profil.se\/english\/product\/cabinet-emox\/","og_locale":"en_US","og_type":"article","og_title":"Apparatsk\u00e5p | E MOX - C-Pro","og_description":"Apparatsk\u00e5p E MOX \u00e4r ett golvsk\u00e5p tillverkat av 1,5 mm tjockt pl\u00e5t med avtagbar bakpanel. D\u00f6rr tillverkad av 2,0 mm tjockt st\u00e5lpl\u00e5t med f\u00f6rstyvningsram. E MOX golvsk\u00e5p - erbjuds med en speciell fr\u00e4mre och bakre estetisk profil f\u00f6r att uppfylla E NUX-stilen - Apparatsk\u00e5pet \u00e4r uppbyggd med en unik symmetrisk monoblockkonstruktion med topp-, botten- och sidopaneler svetsade och en ytterd\u00f6rr f\u00f6rsedd med ett innovativt spakstyrt sp\u00e4rrsystem.   Skyddsgrad garanterad av tv\u00e5komponents polyuretanskumt\u00e4tning.  Leveransen inkluderar:   Montagepl\u00e5t  Apparatsk\u00e5p med svetsade sidopaneler  Borttagbar bakpanel  Blank framd\u00f6rr","og_url":"https:\/\/c-profil.se\/english\/product\/cabinet-emox\/","og_site_name":"C-Pro","article_publisher":"https:\/\/www.facebook.com\/people\/C-Pro\/61561767306874\/","article_modified_time":"2026-04-21T07:57:45+00:00","og_image":[{"width":1000,"height":1000,"url":"https:\/\/c-profil.se\/wp-content\/uploads\/2020\/05\/Apparatskap-EMOX-alla.jpg","type":"image\/jpeg"}],"twitter_card":"summary_large_image","twitter_misc":{"Price":"","Availability":"In stock"},"schema":{"@context":"https:\/\/schema.org","@graph":[{"@type":"WebPage","@id":"https:\/\/c-profil.se\/produkt\/apparatskap-emox\/","url":"https:\/\/c-profil.se\/produkt\/apparatskap-emox\/","name":"E MOX Enclosure: Easy Assembly and Removable Back Panel - C-Pro","isPartOf":{"@id":"https:\/\/c-profil.se\/#website"},"primaryImageOfPage":{"@id":"https:\/\/c-profil.se\/produkt\/apparatskap-emox\/#primaryimage"},"image":{"@id":"https:\/\/c-profil.se\/produkt\/apparatskap-emox\/#primaryimage"},"thumbnailUrl":"https:\/\/c-profil.se\/wp-content\/uploads\/2020\/05\/Apparatskap-EMOX-alla.jpg","datePublished":"2020-05-07T07:08:00+00:00","dateModified":"2026-04-21T07:57:45+00:00","description":"Cabinet \/ E MOX is a floor standing cabinet made of 1.5 mm thick sheet metal with removable back panel. Door made of 2.0 mm thick steel sheet with stiffening frame.","breadcrumb":{"@id":"https:\/\/c-profil.se\/produkt\/apparatskap-emox\/#breadcrumb"},"inLanguage":"en","potentialAction":[{"@type":"ReadAction","target":["https:\/\/c-profil.se\/produkt\/apparatskap-emox\/"]}]},{"@type":"ImageObject","inLanguage":"en","@id":"https:\/\/c-profil.se\/produkt\/apparatskap-emox\/#primaryimage","url":"https:\/\/c-profil.se\/wp-content\/uploads\/2020\/05\/Apparatskap-EMOX-alla.jpg","contentUrl":"https:\/\/c-profil.se\/wp-content\/uploads\/2020\/05\/Apparatskap-EMOX-alla.jpg","width":1000,"height":1000,"caption":"Apparatsk\u00e5p EMOX"},{"@type":"BreadcrumbList","@id":"https:\/\/c-profil.se\/produkt\/apparatskap-emox\/#breadcrumb","itemListElement":[{"@type":"ListItem","position":1,"name":"Hem","item":"https:\/\/c-profil.se\/"},{"@type":"ListItem","position":2,"name":"Produkter","item":"https:\/\/c-profil.se\/produkter\/"},{"@type":"ListItem","position":3,"name":"Apparatsk\u00e5p i Pl\u00e5t","item":"https:\/\/c-profil.se\/produkt-kategori\/apparatskap-plat\/"},{"@type":"ListItem","position":4,"name":"Apparatsk\u00e5p | E MOX"}]},{"@type":"WebSite","@id":"https:\/\/c-profil.se\/#website","url":"https:\/\/c-profil.se\/","name":"C-Pro","description":"Products for Electricity and Automation","publisher":{"@id":"https:\/\/c-profil.se\/#organization"},"potentialAction":[{"@type":"SearchAction","target":{"@type":"EntryPoint","urlTemplate":"https:\/\/c-profil.se\/?s={search_term_string}"},"query-input":{"@type":"PropertyValueSpecification","valueRequired":true,"valueName":"search_term_string"}}],"inLanguage":"en"},{"@type":"Organization","@id":"https:\/\/c-profil.se\/#organization","name":"C-Pro","alternateName":"C-PRO","url":"https:\/\/c-profil.se\/","logo":{"@type":"ImageObject","inLanguage":"en","@id":"https:\/\/c-profil.se\/#\/schema\/logo\/image\/","url":"https:\/\/c-profil.se\/wp-content\/uploads\/2022\/03\/c-pro-logga-liggande-500x500-1.png","contentUrl":"https:\/\/c-profil.se\/wp-content\/uploads\/2022\/03\/c-pro-logga-liggande-500x500-1.png","width":500,"height":500,"caption":"C-Pro"},"image":{"@id":"https:\/\/c-profil.se\/#\/schema\/logo\/image\/"},"sameAs":["https:\/\/www.facebook.com\/people\/C-Pro\/61561767306874\/","https:\/\/www.linkedin.com\/company\/c-pro-ab","https:\/\/www.instagram.com\/cpro.ab\/"],"description":"C-PRO AB is a comprehensive supplier of materials for applications in electricity and automation. Ever since the start in 1987, we have supplied the Swedish manufacturing industry with electrical materials. Despite our size and leading position, we have never abandoned our basic philosophy, to be a personal supplier. We at C-PRO are easy to get in touch with, honest and passionate about solving our customers&#039; problems.","email":"info@c-profil.se","telephone":"031575785","legalName":"C-Profil F\u00f6rl\u00e4ggningsmaterial AB","foundingDate":"1987-01-01"}]},"product_brand":"apparatsk\u00e5p","product_price_currency":"SEK","og_availability":"instock","product_availability":"instock","product_retailer_item_id":"E MOX","product_condition":"new"},"_links":{"self":[{"href":"https:\/\/c-profil.se\/english\/wp-json\/wp\/v2\/product\/24894","targetHints":{"allow":["GET"]}}],"collection":[{"href":"https:\/\/c-profil.se\/english\/wp-json\/wp\/v2\/product"}],"about":[{"href":"https:\/\/c-profil.se\/english\/wp-json\/wp\/v2\/types\/product"}],"version-history":[{"count":16,"href":"https:\/\/c-profil.se\/english\/wp-json\/wp\/v2\/product\/24894\/revisions"}],"predecessor-version":[{"id":75063,"href":"https:\/\/c-profil.se\/english\/wp-json\/wp\/v2\/product\/24894\/revisions\/75063"}],"wp:featuredmedia":[{"embeddable":true,"href":"https:\/\/c-profil.se\/english\/wp-json\/wp\/v2\/media\/72265"}],"wp:attachment":[{"href":"https:\/\/c-profil.se\/english\/wp-json\/wp\/v2\/media?parent=24894"}],"wp:term":[{"taxonomy":"product_brand","embeddable":true,"href":"https:\/\/c-profil.se\/english\/wp-json\/wp\/v2\/product_brand?post=24894"},{"taxonomy":"product_cat","embeddable":true,"href":"https:\/\/c-profil.se\/english\/wp-json\/wp\/v2\/product_cat?post=24894"},{"taxonomy":"product_tag","embeddable":true,"href":"https:\/\/c-profil.se\/english\/wp-json\/wp\/v2\/product_tag?post=24894"}],"curies":[{"name":"wp","href":"https:\/\/api.w.org\/{rel}","templated":true}]}}