{"id":24887,"date":"2020-01-31T09:48:00","date_gmt":"2020-01-31T08:48:00","guid":{"rendered":"https:\/\/c-profil.se\/produkt\/kabelhallare-halogenfri-tr1-hf\/"},"modified":"2026-03-19T09:21:50","modified_gmt":"2026-03-19T08:21:50","slug":"cable-holder-licatec-tr1-hf","status":"publish","type":"product","link":"https:\/\/c-profil.se\/english\/produkt\/kabelhallare-licatec-tr1-hf\/","title":{"rendered":"Cable holder Licatec | TR1-HF"},"content":{"rendered":"<p><strong>Cable holder TR1-HF is an accessory for slotted cable ducts from Licatec<\/strong>, intended for fixing and holding cables in place in the channel.<br \/>\nThe holder is mounted directly into the slot and presses the cables down for stable and organized cable routing.<\/p>","protected":false},"excerpt":{"rendered":"<p><strong>Cable holder Licatec \/ TR1-HF<\/strong> for slotted cable ducts from Licatec. The holder is placed on the slot at the desired height. The protruding part presses down and fixes the cables inside the duct.<\/p>\n<ul>\n<li>Perfect for keeping your cables in place in the cable duct<\/li>\n<\/ul>","protected":false},"featured_media":51374,"template":"","meta":{"_acf_changed":false},"product_brand":[742],"product_cat":[303],"product_tag":[970,946,1002,952],"class_list":{"0":"post-24887","1":"product","2":"type-product","3":"status-publish","4":"has-post-thumbnail","6":"product_brand-licatec","7":"product_cat-kabelkanal-licatec-halogenfri","8":"product_tag-dragning-av-kablage","9":"product_tag-kabelhantering-i-apparatskap","10":"product_tag-kabelkanaler","11":"product_tag-kravande-miljo","13":"first","14":"instock","15":"shipping-taxable","16":"product-type-simple"},"acf":[],"yoast_head":"<!-- This site is optimized with the Yoast SEO Premium plugin v27.4 (Yoast SEO v27.4) - https:\/\/yoast.com\/product\/yoast-seo-premium-wordpress\/ -->\n<title>Kabelh\u00e5llare LICATEC \/ TR1-HF - C-Pro<\/title>\n<meta name=\"description\" content=\"Kabelh\u00e5llare Licatec \/ TR1-HF f\u00f6r slitsade kabelkanaler fr\u00e5n Licatec. H\u00e5llaren s\u00e4tts p\u00e5 slitsen i \u00f6nskat h\u00f6jdl\u00e4ge. L\u00e4s Mer!\" \/>\n<meta name=\"robots\" content=\"index, follow, max-snippet:-1, max-image-preview:large, max-video-preview:-1\" \/>\n<link rel=\"canonical\" href=\"https:\/\/c-profil.se\/english\/product\/cable-holder-licatec-tr1-hf\/\" \/>\n<meta property=\"og:locale\" content=\"en_US\" \/>\n<meta property=\"og:type\" content=\"article\" \/>\n<meta property=\"og:title\" content=\"Kabelh\u00e5llare Licatec | TR1-HF - C-Pro\" \/>\n<meta property=\"og:description\" content=\"Kabelh\u00e5llare Licatec \/ TR1-HF f\u00f6r slitsade kabelkanaler fr\u00e5n Licatec. H\u00e5llaren s\u00e4tts p\u00e5 slitsen i \u00f6nskat h\u00f6jdl\u00e4ge. Den utskjutande delen trycker ner och fixerar kablarna inuti kanalen.   Perfekt f\u00f6r att h\u00e5lla din kablar p\u00e5 plats i kabelkanalen\" \/>\n<meta property=\"og:url\" content=\"https:\/\/c-profil.se\/english\/product\/cable-holder-licatec-tr1-hf\/\" \/>\n<meta property=\"og:site_name\" content=\"C-Pro\" \/>\n<meta property=\"article:publisher\" content=\"https:\/\/www.facebook.com\/people\/C-Pro\/61561767306874\/\" \/>\n<meta property=\"article:modified_time\" content=\"2026-03-19T08:21:50+00:00\" \/>\n<meta property=\"og:image\" content=\"https:\/\/c-profil.se\/wp-content\/uploads\/2020\/01\/Kabelhallare-LICATEC-TR1-HF.jpg\" \/>\n\t<meta property=\"og:image:width\" content=\"1000\" \/>\n\t<meta property=\"og:image:height\" content=\"1000\" \/>\n\t<meta property=\"og:image:type\" content=\"image\/jpeg\" \/>\n<meta name=\"twitter:card\" content=\"summary_large_image\" \/>\n<meta name=\"twitter:label1\" content=\"Price\" \/>\n\t<meta name=\"twitter:data1\" content=\"\" \/>\n\t<meta name=\"twitter:label2\" content=\"Availability\" \/>\n\t<meta name=\"twitter:data2\" content=\"In stock\" \/>\n<script type=\"application\/ld+json\" class=\"yoast-schema-graph\">{\"@context\":\"https:\\\/\\\/schema.org\",\"@graph\":[{\"@type\":\"WebPage\",\"@id\":\"https:\\\/\\\/c-profil.se\\\/produkt\\\/kabelhallare-licatec-tr1-hf\\\/\",\"url\":\"https:\\\/\\\/c-profil.se\\\/produkt\\\/kabelhallare-licatec-tr1-hf\\\/\",\"name\":\"Kabelh\u00e5llare LICATEC \\\/ TR1-HF - C-Pro\",\"isPartOf\":{\"@id\":\"https:\\\/\\\/c-profil.se\\\/#website\"},\"primaryImageOfPage\":{\"@id\":\"https:\\\/\\\/c-profil.se\\\/produkt\\\/kabelhallare-licatec-tr1-hf\\\/#primaryimage\"},\"image\":{\"@id\":\"https:\\\/\\\/c-profil.se\\\/produkt\\\/kabelhallare-licatec-tr1-hf\\\/#primaryimage\"},\"thumbnailUrl\":\"https:\\\/\\\/c-profil.se\\\/wp-content\\\/uploads\\\/2020\\\/01\\\/Kabelhallare-LICATEC-TR1-HF.jpg\",\"datePublished\":\"2020-01-31T08:48:00+00:00\",\"dateModified\":\"2026-03-19T08:21:50+00:00\",\"description\":\"Kabelh\u00e5llare Licatec \\\/ TR1-HF f\u00f6r slitsade kabelkanaler fr\u00e5n Licatec. H\u00e5llaren s\u00e4tts p\u00e5 slitsen i \u00f6nskat h\u00f6jdl\u00e4ge. L\u00e4s Mer!\",\"breadcrumb\":{\"@id\":\"https:\\\/\\\/c-profil.se\\\/produkt\\\/kabelhallare-licatec-tr1-hf\\\/#breadcrumb\"},\"inLanguage\":\"en\",\"potentialAction\":[{\"@type\":\"ReadAction\",\"target\":[\"https:\\\/\\\/c-profil.se\\\/produkt\\\/kabelhallare-licatec-tr1-hf\\\/\"]}]},{\"@type\":\"ImageObject\",\"inLanguage\":\"en\",\"@id\":\"https:\\\/\\\/c-profil.se\\\/produkt\\\/kabelhallare-licatec-tr1-hf\\\/#primaryimage\",\"url\":\"https:\\\/\\\/c-profil.se\\\/wp-content\\\/uploads\\\/2020\\\/01\\\/Kabelhallare-LICATEC-TR1-HF.jpg\",\"contentUrl\":\"https:\\\/\\\/c-profil.se\\\/wp-content\\\/uploads\\\/2020\\\/01\\\/Kabelhallare-LICATEC-TR1-HF.jpg\",\"width\":1000,\"height\":1000,\"caption\":\"Kabelh\u00e5llare LICATEC TR1-HF\"},{\"@type\":\"BreadcrumbList\",\"@id\":\"https:\\\/\\\/c-profil.se\\\/produkt\\\/kabelhallare-licatec-tr1-hf\\\/#breadcrumb\",\"itemListElement\":[{\"@type\":\"ListItem\",\"position\":1,\"name\":\"Hem\",\"item\":\"https:\\\/\\\/c-profil.se\\\/\"},{\"@type\":\"ListItem\",\"position\":2,\"name\":\"Produkter\",\"item\":\"https:\\\/\\\/c-profil.se\\\/produkter\\\/\"},{\"@type\":\"ListItem\",\"position\":3,\"name\":\"Kabelkanaler halogenfria\",\"item\":\"https:\\\/\\\/c-profil.se\\\/produkt-kategori\\\/kabelkanaler-halogenfria\\\/\"},{\"@type\":\"ListItem\",\"position\":4,\"name\":\"Kabelkanal Licatec Halogenfri\",\"item\":\"https:\\\/\\\/c-profil.se\\\/produkt-kategori\\\/kabelkanaler-halogenfria\\\/kabelkanal-licatec-halogenfri\\\/\"},{\"@type\":\"ListItem\",\"position\":5,\"name\":\"Kabelh\u00e5llare Licatec | TR1-HF\"}]},{\"@type\":\"WebSite\",\"@id\":\"https:\\\/\\\/c-profil.se\\\/#website\",\"url\":\"https:\\\/\\\/c-profil.se\\\/\",\"name\":\"C-Pro\",\"description\":\"Produkter f\u00f6r El och Automation\",\"publisher\":{\"@id\":\"https:\\\/\\\/c-profil.se\\\/#organization\"},\"potentialAction\":[{\"@type\":\"SearchAction\",\"target\":{\"@type\":\"EntryPoint\",\"urlTemplate\":\"https:\\\/\\\/c-profil.se\\\/?s={search_term_string}\"},\"query-input\":{\"@type\":\"PropertyValueSpecification\",\"valueRequired\":true,\"valueName\":\"search_term_string\"}}],\"inLanguage\":\"en\"},{\"@type\":\"Organization\",\"@id\":\"https:\\\/\\\/c-profil.se\\\/#organization\",\"name\":\"C-Pro\",\"alternateName\":\"C-PRO\",\"url\":\"https:\\\/\\\/c-profil.se\\\/\",\"logo\":{\"@type\":\"ImageObject\",\"inLanguage\":\"en\",\"@id\":\"https:\\\/\\\/c-profil.se\\\/#\\\/schema\\\/logo\\\/image\\\/\",\"url\":\"https:\\\/\\\/c-profil.se\\\/wp-content\\\/uploads\\\/2022\\\/03\\\/c-pro-logga-liggande-500x500-1.png\",\"contentUrl\":\"https:\\\/\\\/c-profil.se\\\/wp-content\\\/uploads\\\/2022\\\/03\\\/c-pro-logga-liggande-500x500-1.png\",\"width\":500,\"height\":500,\"caption\":\"C-Pro\"},\"image\":{\"@id\":\"https:\\\/\\\/c-profil.se\\\/#\\\/schema\\\/logo\\\/image\\\/\"},\"sameAs\":[\"https:\\\/\\\/www.facebook.com\\\/people\\\/C-Pro\\\/61561767306874\\\/\",\"https:\\\/\\\/www.linkedin.com\\\/company\\\/c-pro-ab\",\"https:\\\/\\\/www.instagram.com\\\/cpro.ab\\\/\"],\"description\":\"C-PRO AB \u00e4r en helt\u00e4ckande leverant\u00f6r av material f\u00f6r applikationer inom el och automation. \u00c4nda sedan starten 1987 har vi f\u00f6rsett den svenska tillverkande industrin med elmaterial. Trots v\u00e5r storlek och ledande position har vi aldrig \u00f6vergett v\u00e5r grundfilosofi, att vara en personlig leverant\u00f6r. Vi p\u00e5 C-PRO \u00e4r l\u00e4tta att komma i kontakt med, \u00e4rliga och brinner f\u00f6r att l\u00f6sa v\u00e5ra kunders problem.\",\"email\":\"info@c-profil.se\",\"telephone\":\"031575785\",\"legalName\":\"C-Profil F\u00f6rl\u00e4ggningsmaterial AB\",\"foundingDate\":\"1987-01-01\"}]}<\/script>\n<meta property=\"product:brand\" content=\"dragning av kablage\" \/>\n<meta property=\"product:price:currency\" content=\"SEK\" \/>\n<meta property=\"og:availability\" content=\"instock\" \/>\n<meta property=\"product:availability\" content=\"instock\" \/>\n<meta property=\"product:retailer_item_id\" content=\"TR1-HF\" \/>\n<meta property=\"product:condition\" content=\"new\" \/>\n<!-- \/ Yoast SEO Premium plugin. -->","yoast_head_json":{"title":"Cable Retainer LICATEC \/ TR1-HF - C-Pro","description":"Cable holder Licatec \/ TR1-HF for slotted cable channels from Licatec. The holder is placed on the slot at the desired height. Read More!","robots":{"index":"index","follow":"follow","max-snippet":"max-snippet:-1","max-image-preview":"max-image-preview:large","max-video-preview":"max-video-preview:-1"},"canonical":"https:\/\/c-profil.se\/english\/product\/cable-holder-licatec-tr1-hf\/","og_locale":"en_US","og_type":"article","og_title":"Kabelh\u00e5llare Licatec | TR1-HF - C-Pro","og_description":"Kabelh\u00e5llare Licatec \/ TR1-HF f\u00f6r slitsade kabelkanaler fr\u00e5n Licatec. H\u00e5llaren s\u00e4tts p\u00e5 slitsen i \u00f6nskat h\u00f6jdl\u00e4ge. Den utskjutande delen trycker ner och fixerar kablarna inuti kanalen.   Perfekt f\u00f6r att h\u00e5lla din kablar p\u00e5 plats i kabelkanalen","og_url":"https:\/\/c-profil.se\/english\/product\/cable-holder-licatec-tr1-hf\/","og_site_name":"C-Pro","article_publisher":"https:\/\/www.facebook.com\/people\/C-Pro\/61561767306874\/","article_modified_time":"2026-03-19T08:21:50+00:00","og_image":[{"width":1000,"height":1000,"url":"https:\/\/c-profil.se\/wp-content\/uploads\/2020\/01\/Kabelhallare-LICATEC-TR1-HF.jpg","type":"image\/jpeg"}],"twitter_card":"summary_large_image","twitter_misc":{"Price":"","Availability":"In stock"},"schema":{"@context":"https:\/\/schema.org","@graph":[{"@type":"WebPage","@id":"https:\/\/c-profil.se\/produkt\/kabelhallare-licatec-tr1-hf\/","url":"https:\/\/c-profil.se\/produkt\/kabelhallare-licatec-tr1-hf\/","name":"Cable Retainer LICATEC \/ TR1-HF - C-Pro","isPartOf":{"@id":"https:\/\/c-profil.se\/#website"},"primaryImageOfPage":{"@id":"https:\/\/c-profil.se\/produkt\/kabelhallare-licatec-tr1-hf\/#primaryimage"},"image":{"@id":"https:\/\/c-profil.se\/produkt\/kabelhallare-licatec-tr1-hf\/#primaryimage"},"thumbnailUrl":"https:\/\/c-profil.se\/wp-content\/uploads\/2020\/01\/Kabelhallare-LICATEC-TR1-HF.jpg","datePublished":"2020-01-31T08:48:00+00:00","dateModified":"2026-03-19T08:21:50+00:00","description":"Cable holder Licatec \/ TR1-HF for slotted cable channels from Licatec. The holder is placed on the slot at the desired height. Read More!","breadcrumb":{"@id":"https:\/\/c-profil.se\/produkt\/kabelhallare-licatec-tr1-hf\/#breadcrumb"},"inLanguage":"en","potentialAction":[{"@type":"ReadAction","target":["https:\/\/c-profil.se\/produkt\/kabelhallare-licatec-tr1-hf\/"]}]},{"@type":"ImageObject","inLanguage":"en","@id":"https:\/\/c-profil.se\/produkt\/kabelhallare-licatec-tr1-hf\/#primaryimage","url":"https:\/\/c-profil.se\/wp-content\/uploads\/2020\/01\/Kabelhallare-LICATEC-TR1-HF.jpg","contentUrl":"https:\/\/c-profil.se\/wp-content\/uploads\/2020\/01\/Kabelhallare-LICATEC-TR1-HF.jpg","width":1000,"height":1000,"caption":"Kabelh\u00e5llare LICATEC TR1-HF"},{"@type":"BreadcrumbList","@id":"https:\/\/c-profil.se\/produkt\/kabelhallare-licatec-tr1-hf\/#breadcrumb","itemListElement":[{"@type":"ListItem","position":1,"name":"Hem","item":"https:\/\/c-profil.se\/"},{"@type":"ListItem","position":2,"name":"Produkter","item":"https:\/\/c-profil.se\/produkter\/"},{"@type":"ListItem","position":3,"name":"Kabelkanaler halogenfria","item":"https:\/\/c-profil.se\/produkt-kategori\/kabelkanaler-halogenfria\/"},{"@type":"ListItem","position":4,"name":"Kabelkanal Licatec Halogenfri","item":"https:\/\/c-profil.se\/produkt-kategori\/kabelkanaler-halogenfria\/kabelkanal-licatec-halogenfri\/"},{"@type":"ListItem","position":5,"name":"Kabelh\u00e5llare Licatec | TR1-HF"}]},{"@type":"WebSite","@id":"https:\/\/c-profil.se\/#website","url":"https:\/\/c-profil.se\/","name":"C-Pro","description":"Products for Electricity and Automation","publisher":{"@id":"https:\/\/c-profil.se\/#organization"},"potentialAction":[{"@type":"SearchAction","target":{"@type":"EntryPoint","urlTemplate":"https:\/\/c-profil.se\/?s={search_term_string}"},"query-input":{"@type":"PropertyValueSpecification","valueRequired":true,"valueName":"search_term_string"}}],"inLanguage":"en"},{"@type":"Organization","@id":"https:\/\/c-profil.se\/#organization","name":"C-Pro","alternateName":"C-PRO","url":"https:\/\/c-profil.se\/","logo":{"@type":"ImageObject","inLanguage":"en","@id":"https:\/\/c-profil.se\/#\/schema\/logo\/image\/","url":"https:\/\/c-profil.se\/wp-content\/uploads\/2022\/03\/c-pro-logga-liggande-500x500-1.png","contentUrl":"https:\/\/c-profil.se\/wp-content\/uploads\/2022\/03\/c-pro-logga-liggande-500x500-1.png","width":500,"height":500,"caption":"C-Pro"},"image":{"@id":"https:\/\/c-profil.se\/#\/schema\/logo\/image\/"},"sameAs":["https:\/\/www.facebook.com\/people\/C-Pro\/61561767306874\/","https:\/\/www.linkedin.com\/company\/c-pro-ab","https:\/\/www.instagram.com\/cpro.ab\/"],"description":"C-PRO AB is a comprehensive supplier of materials for applications in electricity and automation. Ever since the start in 1987, we have supplied the Swedish manufacturing industry with electrical materials. Despite our size and leading position, we have never abandoned our basic philosophy, to be a personal supplier. We at C-PRO are easy to get in touch with, honest and passionate about solving our customers&#039; problems.","email":"info@c-profil.se","telephone":"031575785","legalName":"C-Profil F\u00f6rl\u00e4ggningsmaterial AB","foundingDate":"1987-01-01"}]},"product_brand":"dragning av kablage","product_price_currency":"SEK","og_availability":"instock","product_availability":"instock","product_retailer_item_id":"TR1-HF","product_condition":"new"},"_links":{"self":[{"href":"https:\/\/c-profil.se\/english\/wp-json\/wp\/v2\/product\/24887","targetHints":{"allow":["GET"]}}],"collection":[{"href":"https:\/\/c-profil.se\/english\/wp-json\/wp\/v2\/product"}],"about":[{"href":"https:\/\/c-profil.se\/english\/wp-json\/wp\/v2\/types\/product"}],"version-history":[{"count":7,"href":"https:\/\/c-profil.se\/english\/wp-json\/wp\/v2\/product\/24887\/revisions"}],"predecessor-version":[{"id":74314,"href":"https:\/\/c-profil.se\/english\/wp-json\/wp\/v2\/product\/24887\/revisions\/74314"}],"wp:featuredmedia":[{"embeddable":true,"href":"https:\/\/c-profil.se\/english\/wp-json\/wp\/v2\/media\/51374"}],"wp:attachment":[{"href":"https:\/\/c-profil.se\/english\/wp-json\/wp\/v2\/media?parent=24887"}],"wp:term":[{"taxonomy":"product_brand","embeddable":true,"href":"https:\/\/c-profil.se\/english\/wp-json\/wp\/v2\/product_brand?post=24887"},{"taxonomy":"product_cat","embeddable":true,"href":"https:\/\/c-profil.se\/english\/wp-json\/wp\/v2\/product_cat?post=24887"},{"taxonomy":"product_tag","embeddable":true,"href":"https:\/\/c-profil.se\/english\/wp-json\/wp\/v2\/product_tag?post=24887"}],"curies":[{"name":"wp","href":"https:\/\/api.w.org\/{rel}","templated":true}]}}