{"id":24885,"date":"2020-01-24T11:05:00","date_gmt":"2020-01-24T10:05:00","guid":{"rendered":"https:\/\/c-profil.se\/produkt\/kabelkanalsax\/"},"modified":"2026-03-19T14:30:30","modified_gmt":"2026-03-19T13:30:30","slug":"slot-cutter-triton","status":"publish","type":"product","link":"https:\/\/c-profil.se\/english\/produkt\/slitstang-triton\/","title":{"rendered":"Wear bar | TRITON"},"content":{"rendered":"<p><strong>Slitting bar \/ TRITON is an effective tool for cutting slits in cable ducts<\/strong> during adaptation and post-processing.<br \/>\nWith a simple clip, you can remove slots completely or partially, right down to the bottom of the cable duct.<\/p>","protected":false},"excerpt":{"rendered":"<p>Use Slot Cutter \/ <span class=\"ui-provider ee bnv bnw bnx bny bnz boa bob boc bod boe bof bog boh boi boj bok bol bom bon boo bop boq bor bos bot bou bov bow box boy boz bpa bpb bpc\" dir=\"ltr\">TRITON<\/span> for cutting slots out of cable ducts.<br \/>\nWith a simple \"cut\", you remove slots partially or all the way down to the bottom of the cable duct.<\/p>","protected":false},"featured_media":51346,"template":"","meta":{"_acf_changed":false},"product_brand":[],"product_cat":[762],"product_tag":[1002,1003,1001],"class_list":{"0":"post-24885","1":"product","2":"type-product","3":"status-publish","4":"has-post-thumbnail","6":"product_cat-verktyg","7":"product_tag-kabelkanaler","8":"product_tag-kapning","9":"product_tag-verktyg","11":"first","12":"instock","13":"shipping-taxable","14":"product-type-simple"},"acf":[],"yoast_head":"<!-- This site is optimized with the Yoast SEO Premium plugin v27.4 (Yoast SEO v27.4) - https:\/\/yoast.com\/product\/yoast-seo-premium-wordpress\/ -->\n<title>Slitst\u00e5ng \/ TRITON - C-Pro<\/title>\n<meta name=\"description\" content=\"Anv\u00e4nd Slitst\u00e5ng \/ TRITON f\u00f6r att klippa ur slitsar ur kabelkanaler. Ett enkelt &quot;klipp&quot; tar bort slitsar delvis eller hela v\u00e4gen ner till botten. L\u00e4s Mer!\" \/>\n<meta name=\"robots\" content=\"index, follow, max-snippet:-1, max-image-preview:large, max-video-preview:-1\" \/>\n<link rel=\"canonical\" href=\"https:\/\/c-profil.se\/english\/product\/slot-cutter-triton\/\" \/>\n<meta property=\"og:locale\" content=\"en_US\" \/>\n<meta property=\"og:type\" content=\"article\" \/>\n<meta property=\"og:title\" content=\"Slitst\u00e5ng | TRITON - C-Pro\" \/>\n<meta property=\"og:description\" content=\"Anv\u00e4nd Slitst\u00e5ng \/ TRITON f\u00f6r att klippa ur slitsar ur kabelkanaler. Med ett enkelt &quot;klipp&quot; tar du bort slitsar delvis eller hela v\u00e4gen ner till botten p\u00e5 kabelkanalen.\" \/>\n<meta property=\"og:url\" content=\"https:\/\/c-profil.se\/english\/product\/slot-cutter-triton\/\" \/>\n<meta property=\"og:site_name\" content=\"C-Pro\" \/>\n<meta property=\"article:publisher\" content=\"https:\/\/www.facebook.com\/people\/C-Pro\/61561767306874\/\" \/>\n<meta property=\"article:modified_time\" content=\"2026-03-19T13:30:30+00:00\" \/>\n<meta property=\"og:image\" content=\"https:\/\/c-profil.se\/wp-content\/uploads\/2020\/01\/Slitstang-TRITON.jpg\" \/>\n\t<meta property=\"og:image:width\" content=\"1000\" \/>\n\t<meta property=\"og:image:height\" content=\"1000\" \/>\n\t<meta property=\"og:image:type\" content=\"image\/jpeg\" \/>\n<meta name=\"twitter:card\" content=\"summary_large_image\" \/>\n<meta name=\"twitter:label1\" content=\"Price\" \/>\n\t<meta name=\"twitter:data1\" content=\"\" \/>\n\t<meta name=\"twitter:label2\" content=\"Availability\" \/>\n\t<meta name=\"twitter:data2\" content=\"In stock\" \/>\n<script type=\"application\/ld+json\" class=\"yoast-schema-graph\">{\"@context\":\"https:\\\/\\\/schema.org\",\"@graph\":[{\"@type\":\"WebPage\",\"@id\":\"https:\\\/\\\/c-profil.se\\\/produkt\\\/slitstang-triton\\\/\",\"url\":\"https:\\\/\\\/c-profil.se\\\/produkt\\\/slitstang-triton\\\/\",\"name\":\"Slitst\u00e5ng \\\/ TRITON - C-Pro\",\"isPartOf\":{\"@id\":\"https:\\\/\\\/c-profil.se\\\/#website\"},\"primaryImageOfPage\":{\"@id\":\"https:\\\/\\\/c-profil.se\\\/produkt\\\/slitstang-triton\\\/#primaryimage\"},\"image\":{\"@id\":\"https:\\\/\\\/c-profil.se\\\/produkt\\\/slitstang-triton\\\/#primaryimage\"},\"thumbnailUrl\":\"https:\\\/\\\/c-profil.se\\\/wp-content\\\/uploads\\\/2020\\\/01\\\/Slitstang-TRITON.jpg\",\"datePublished\":\"2020-01-24T10:05:00+00:00\",\"dateModified\":\"2026-03-19T13:30:30+00:00\",\"description\":\"Anv\u00e4nd Slitst\u00e5ng \\\/ TRITON f\u00f6r att klippa ur slitsar ur kabelkanaler. Ett enkelt \\\"klipp\\\" tar bort slitsar delvis eller hela v\u00e4gen ner till botten. L\u00e4s Mer!\",\"breadcrumb\":{\"@id\":\"https:\\\/\\\/c-profil.se\\\/produkt\\\/slitstang-triton\\\/#breadcrumb\"},\"inLanguage\":\"en\",\"potentialAction\":[{\"@type\":\"ReadAction\",\"target\":[\"https:\\\/\\\/c-profil.se\\\/produkt\\\/slitstang-triton\\\/\"]}]},{\"@type\":\"ImageObject\",\"inLanguage\":\"en\",\"@id\":\"https:\\\/\\\/c-profil.se\\\/produkt\\\/slitstang-triton\\\/#primaryimage\",\"url\":\"https:\\\/\\\/c-profil.se\\\/wp-content\\\/uploads\\\/2020\\\/01\\\/Slitstang-TRITON.jpg\",\"contentUrl\":\"https:\\\/\\\/c-profil.se\\\/wp-content\\\/uploads\\\/2020\\\/01\\\/Slitstang-TRITON.jpg\",\"width\":1000,\"height\":1000,\"caption\":\"Slitst\u00e5ng TRITON\"},{\"@type\":\"BreadcrumbList\",\"@id\":\"https:\\\/\\\/c-profil.se\\\/produkt\\\/slitstang-triton\\\/#breadcrumb\",\"itemListElement\":[{\"@type\":\"ListItem\",\"position\":1,\"name\":\"Hem\",\"item\":\"https:\\\/\\\/c-profil.se\\\/\"},{\"@type\":\"ListItem\",\"position\":2,\"name\":\"Produkter\",\"item\":\"https:\\\/\\\/c-profil.se\\\/produkter\\\/\"},{\"@type\":\"ListItem\",\"position\":3,\"name\":\"Verktyg\",\"item\":\"https:\\\/\\\/c-profil.se\\\/produkt-kategori\\\/verktyg\\\/\"},{\"@type\":\"ListItem\",\"position\":4,\"name\":\"Slitst\u00e5ng | TRITON\"}]},{\"@type\":\"WebSite\",\"@id\":\"https:\\\/\\\/c-profil.se\\\/#website\",\"url\":\"https:\\\/\\\/c-profil.se\\\/\",\"name\":\"C-Pro\",\"description\":\"Produkter f\u00f6r El och Automation\",\"publisher\":{\"@id\":\"https:\\\/\\\/c-profil.se\\\/#organization\"},\"potentialAction\":[{\"@type\":\"SearchAction\",\"target\":{\"@type\":\"EntryPoint\",\"urlTemplate\":\"https:\\\/\\\/c-profil.se\\\/?s={search_term_string}\"},\"query-input\":{\"@type\":\"PropertyValueSpecification\",\"valueRequired\":true,\"valueName\":\"search_term_string\"}}],\"inLanguage\":\"en\"},{\"@type\":\"Organization\",\"@id\":\"https:\\\/\\\/c-profil.se\\\/#organization\",\"name\":\"C-Pro\",\"alternateName\":\"C-PRO\",\"url\":\"https:\\\/\\\/c-profil.se\\\/\",\"logo\":{\"@type\":\"ImageObject\",\"inLanguage\":\"en\",\"@id\":\"https:\\\/\\\/c-profil.se\\\/#\\\/schema\\\/logo\\\/image\\\/\",\"url\":\"https:\\\/\\\/c-profil.se\\\/wp-content\\\/uploads\\\/2022\\\/03\\\/c-pro-logga-liggande-500x500-1.png\",\"contentUrl\":\"https:\\\/\\\/c-profil.se\\\/wp-content\\\/uploads\\\/2022\\\/03\\\/c-pro-logga-liggande-500x500-1.png\",\"width\":500,\"height\":500,\"caption\":\"C-Pro\"},\"image\":{\"@id\":\"https:\\\/\\\/c-profil.se\\\/#\\\/schema\\\/logo\\\/image\\\/\"},\"sameAs\":[\"https:\\\/\\\/www.facebook.com\\\/people\\\/C-Pro\\\/61561767306874\\\/\",\"https:\\\/\\\/www.linkedin.com\\\/company\\\/c-pro-ab\",\"https:\\\/\\\/www.instagram.com\\\/cpro.ab\\\/\"],\"description\":\"C-PRO AB \u00e4r en helt\u00e4ckande leverant\u00f6r av material f\u00f6r applikationer inom el och automation. \u00c4nda sedan starten 1987 har vi f\u00f6rsett den svenska tillverkande industrin med elmaterial. Trots v\u00e5r storlek och ledande position har vi aldrig \u00f6vergett v\u00e5r grundfilosofi, att vara en personlig leverant\u00f6r. Vi p\u00e5 C-PRO \u00e4r l\u00e4tta att komma i kontakt med, \u00e4rliga och brinner f\u00f6r att l\u00f6sa v\u00e5ra kunders problem.\",\"email\":\"info@c-profil.se\",\"telephone\":\"031575785\",\"legalName\":\"C-Profil F\u00f6rl\u00e4ggningsmaterial AB\",\"foundingDate\":\"1987-01-01\"}]}<\/script>\n<meta property=\"product:brand\" content=\"kabelkanaler\" \/>\n<meta property=\"product:price:currency\" content=\"SEK\" \/>\n<meta property=\"og:availability\" content=\"instock\" \/>\n<meta property=\"product:availability\" content=\"instock\" \/>\n<meta property=\"product:retailer_item_id\" content=\"TRITON\" \/>\n<meta property=\"product:condition\" content=\"new\" \/>\n<!-- \/ Yoast SEO Premium plugin. -->","yoast_head_json":{"title":"Slot Cutter \/ TRITON - C-Pro","description":"Use Slot Cutter \/ TRITON to cut slots out of cable ducts. A simple \"cut\" removes slits partially or all the way down to the bottom. Read more!","robots":{"index":"index","follow":"follow","max-snippet":"max-snippet:-1","max-image-preview":"max-image-preview:large","max-video-preview":"max-video-preview:-1"},"canonical":"https:\/\/c-profil.se\/english\/product\/slot-cutter-triton\/","og_locale":"en_US","og_type":"article","og_title":"Slitst\u00e5ng | TRITON - C-Pro","og_description":"Anv\u00e4nd Slitst\u00e5ng \/ TRITON f\u00f6r att klippa ur slitsar ur kabelkanaler. Med ett enkelt \"klipp\" tar du bort slitsar delvis eller hela v\u00e4gen ner till botten p\u00e5 kabelkanalen.","og_url":"https:\/\/c-profil.se\/english\/product\/slot-cutter-triton\/","og_site_name":"C-Pro","article_publisher":"https:\/\/www.facebook.com\/people\/C-Pro\/61561767306874\/","article_modified_time":"2026-03-19T13:30:30+00:00","og_image":[{"width":1000,"height":1000,"url":"https:\/\/c-profil.se\/wp-content\/uploads\/2020\/01\/Slitstang-TRITON.jpg","type":"image\/jpeg"}],"twitter_card":"summary_large_image","twitter_misc":{"Price":"","Availability":"In stock"},"schema":{"@context":"https:\/\/schema.org","@graph":[{"@type":"WebPage","@id":"https:\/\/c-profil.se\/produkt\/slitstang-triton\/","url":"https:\/\/c-profil.se\/produkt\/slitstang-triton\/","name":"Slot Cutter \/ TRITON - C-Pro","isPartOf":{"@id":"https:\/\/c-profil.se\/#website"},"primaryImageOfPage":{"@id":"https:\/\/c-profil.se\/produkt\/slitstang-triton\/#primaryimage"},"image":{"@id":"https:\/\/c-profil.se\/produkt\/slitstang-triton\/#primaryimage"},"thumbnailUrl":"https:\/\/c-profil.se\/wp-content\/uploads\/2020\/01\/Slitstang-TRITON.jpg","datePublished":"2020-01-24T10:05:00+00:00","dateModified":"2026-03-19T13:30:30+00:00","description":"Use Slot Cutter \/ TRITON to cut slots out of cable ducts. A simple \"cut\" removes slits partially or all the way down to the bottom. Read more!","breadcrumb":{"@id":"https:\/\/c-profil.se\/produkt\/slitstang-triton\/#breadcrumb"},"inLanguage":"en","potentialAction":[{"@type":"ReadAction","target":["https:\/\/c-profil.se\/produkt\/slitstang-triton\/"]}]},{"@type":"ImageObject","inLanguage":"en","@id":"https:\/\/c-profil.se\/produkt\/slitstang-triton\/#primaryimage","url":"https:\/\/c-profil.se\/wp-content\/uploads\/2020\/01\/Slitstang-TRITON.jpg","contentUrl":"https:\/\/c-profil.se\/wp-content\/uploads\/2020\/01\/Slitstang-TRITON.jpg","width":1000,"height":1000,"caption":"Slitst\u00e5ng TRITON"},{"@type":"BreadcrumbList","@id":"https:\/\/c-profil.se\/produkt\/slitstang-triton\/#breadcrumb","itemListElement":[{"@type":"ListItem","position":1,"name":"Hem","item":"https:\/\/c-profil.se\/"},{"@type":"ListItem","position":2,"name":"Produkter","item":"https:\/\/c-profil.se\/produkter\/"},{"@type":"ListItem","position":3,"name":"Verktyg","item":"https:\/\/c-profil.se\/produkt-kategori\/verktyg\/"},{"@type":"ListItem","position":4,"name":"Slitst\u00e5ng | TRITON"}]},{"@type":"WebSite","@id":"https:\/\/c-profil.se\/#website","url":"https:\/\/c-profil.se\/","name":"C-Pro","description":"Products for Electricity and Automation","publisher":{"@id":"https:\/\/c-profil.se\/#organization"},"potentialAction":[{"@type":"SearchAction","target":{"@type":"EntryPoint","urlTemplate":"https:\/\/c-profil.se\/?s={search_term_string}"},"query-input":{"@type":"PropertyValueSpecification","valueRequired":true,"valueName":"search_term_string"}}],"inLanguage":"en"},{"@type":"Organization","@id":"https:\/\/c-profil.se\/#organization","name":"C-Pro","alternateName":"C-PRO","url":"https:\/\/c-profil.se\/","logo":{"@type":"ImageObject","inLanguage":"en","@id":"https:\/\/c-profil.se\/#\/schema\/logo\/image\/","url":"https:\/\/c-profil.se\/wp-content\/uploads\/2022\/03\/c-pro-logga-liggande-500x500-1.png","contentUrl":"https:\/\/c-profil.se\/wp-content\/uploads\/2022\/03\/c-pro-logga-liggande-500x500-1.png","width":500,"height":500,"caption":"C-Pro"},"image":{"@id":"https:\/\/c-profil.se\/#\/schema\/logo\/image\/"},"sameAs":["https:\/\/www.facebook.com\/people\/C-Pro\/61561767306874\/","https:\/\/www.linkedin.com\/company\/c-pro-ab","https:\/\/www.instagram.com\/cpro.ab\/"],"description":"C-PRO AB is a comprehensive supplier of materials for applications in electricity and automation. Ever since the start in 1987, we have supplied the Swedish manufacturing industry with electrical materials. Despite our size and leading position, we have never abandoned our basic philosophy, to be a personal supplier. We at C-PRO are easy to get in touch with, honest and passionate about solving our customers&#039; problems.","email":"info@c-profil.se","telephone":"031575785","legalName":"C-Profil F\u00f6rl\u00e4ggningsmaterial AB","foundingDate":"1987-01-01"}]},"product_brand":"kabelkanaler","product_price_currency":"SEK","og_availability":"instock","product_availability":"instock","product_retailer_item_id":"TRITON","product_condition":"new"},"_links":{"self":[{"href":"https:\/\/c-profil.se\/english\/wp-json\/wp\/v2\/product\/24885","targetHints":{"allow":["GET"]}}],"collection":[{"href":"https:\/\/c-profil.se\/english\/wp-json\/wp\/v2\/product"}],"about":[{"href":"https:\/\/c-profil.se\/english\/wp-json\/wp\/v2\/types\/product"}],"version-history":[{"count":5,"href":"https:\/\/c-profil.se\/english\/wp-json\/wp\/v2\/product\/24885\/revisions"}],"predecessor-version":[{"id":74420,"href":"https:\/\/c-profil.se\/english\/wp-json\/wp\/v2\/product\/24885\/revisions\/74420"}],"wp:featuredmedia":[{"embeddable":true,"href":"https:\/\/c-profil.se\/english\/wp-json\/wp\/v2\/media\/51346"}],"wp:attachment":[{"href":"https:\/\/c-profil.se\/english\/wp-json\/wp\/v2\/media?parent=24885"}],"wp:term":[{"taxonomy":"product_brand","embeddable":true,"href":"https:\/\/c-profil.se\/english\/wp-json\/wp\/v2\/product_brand?post=24885"},{"taxonomy":"product_cat","embeddable":true,"href":"https:\/\/c-profil.se\/english\/wp-json\/wp\/v2\/product_cat?post=24885"},{"taxonomy":"product_tag","embeddable":true,"href":"https:\/\/c-profil.se\/english\/wp-json\/wp\/v2\/product_tag?post=24885"}],"curies":[{"name":"wp","href":"https:\/\/api.w.org\/{rel}","templated":true}]}}