{"id":24883,"date":"2020-01-24T10:36:00","date_gmt":"2020-01-24T09:36:00","guid":{"rendered":"https:\/\/c-profil.se\/produkt\/revbenskanal-halogenfri-dn-l\/"},"modified":"2026-03-18T08:35:49","modified_gmt":"2026-03-18T07:35:49","slug":"flexibel-duct-halogen-free-flex-hf","status":"publish","type":"product","link":"https:\/\/c-profil.se\/english\/produkt\/revbenskanal-halogenfri-flex-hf\/","title":{"rendered":"Flexible Duct \/ FLEX-HF"},"content":{"rendered":"<p><strong>Flexible ribbed duct FLEX-HF is a halogen-free flexible cable duct<\/strong>, designed for flexible cable routing, for example on cabinet doors.<br \/>\nThe flexible design makes it ideal where cables need to move without being stressed.<\/p>","protected":false},"excerpt":{"rendered":"<p>Flexible duct halogen-free \/ FLEX-HF in flexible design.<\/p>\n<ul>\n<li>A perfect solution for wiring to cabinet doors etc.<\/li>\n<\/ul>","protected":false},"featured_media":51378,"template":"","meta":{"_acf_changed":false},"product_brand":[742],"product_cat":[191],"product_tag":[970,946],"class_list":{"0":"post-24883","1":"product","2":"type-product","3":"status-publish","4":"has-post-thumbnail","6":"product_brand-licatec","7":"product_cat-revbenskanaler","8":"product_tag-dragning-av-kablage","9":"product_tag-kabelhantering-i-apparatskap","11":"first","12":"instock","13":"shipping-taxable","14":"product-type-simple"},"acf":[],"yoast_head":"<!-- This site is optimized with the Yoast SEO Premium plugin v27.4 (Yoast SEO v27.4) - https:\/\/yoast.com\/product\/yoast-seo-premium-wordpress\/ -->\n<title>Revbenskanal \/ FLEX-HF - C-Pro<\/title>\n<meta name=\"description\" content=\"Revbenskanal \/ FLEX-HF haolgenfri i flexibelt utf\u00f6rande. En perfekt l\u00f6sning f\u00f6r ledningsdragning till sk\u00e5pd\u00f6rrar mm. L\u00e4s Mer!\" \/>\n<meta name=\"robots\" content=\"index, follow, max-snippet:-1, max-image-preview:large, max-video-preview:-1\" \/>\n<link rel=\"canonical\" href=\"https:\/\/c-profil.se\/english\/product\/flexibel-duct-halogen-free-flex-hf\/\" \/>\n<meta property=\"og:locale\" content=\"en_US\" \/>\n<meta property=\"og:type\" content=\"article\" \/>\n<meta property=\"og:title\" content=\"Revbenskanal \/ FLEX-HF - C-Pro\" \/>\n<meta property=\"og:description\" content=\"B\u00f6jbar revbenskanal halogenfri \/ FLEX-HF i flexibelt utf\u00f6rande.   En perfekt l\u00f6sning f\u00f6r ledningsdragning till sk\u00e5pd\u00f6rrar mm.\" \/>\n<meta property=\"og:url\" content=\"https:\/\/c-profil.se\/english\/product\/flexibel-duct-halogen-free-flex-hf\/\" \/>\n<meta property=\"og:site_name\" content=\"C-Pro\" \/>\n<meta property=\"article:publisher\" content=\"https:\/\/www.facebook.com\/people\/C-Pro\/61561767306874\/\" \/>\n<meta property=\"article:modified_time\" content=\"2026-03-18T07:35:49+00:00\" \/>\n<meta property=\"og:image\" content=\"https:\/\/c-profil.se\/wp-content\/uploads\/2020\/01\/Revbenskanal-Halogenfri-FLEX-H.jpg\" \/>\n\t<meta property=\"og:image:width\" content=\"1000\" \/>\n\t<meta property=\"og:image:height\" content=\"1000\" \/>\n\t<meta property=\"og:image:type\" content=\"image\/jpeg\" \/>\n<meta name=\"twitter:card\" content=\"summary_large_image\" \/>\n<meta name=\"twitter:label1\" content=\"Price\" \/>\n\t<meta name=\"twitter:data1\" content=\"\" \/>\n\t<meta name=\"twitter:label2\" content=\"Availability\" \/>\n\t<meta name=\"twitter:data2\" content=\"In stock\" \/>\n<script type=\"application\/ld+json\" class=\"yoast-schema-graph\">{\"@context\":\"https:\\\/\\\/schema.org\",\"@graph\":[{\"@type\":\"WebPage\",\"@id\":\"https:\\\/\\\/c-profil.se\\\/produkt\\\/revbenskanal-halogenfri-flex-hf\\\/\",\"url\":\"https:\\\/\\\/c-profil.se\\\/produkt\\\/revbenskanal-halogenfri-flex-hf\\\/\",\"name\":\"Revbenskanal \\\/ FLEX-HF - C-Pro\",\"isPartOf\":{\"@id\":\"https:\\\/\\\/c-profil.se\\\/#website\"},\"primaryImageOfPage\":{\"@id\":\"https:\\\/\\\/c-profil.se\\\/produkt\\\/revbenskanal-halogenfri-flex-hf\\\/#primaryimage\"},\"image\":{\"@id\":\"https:\\\/\\\/c-profil.se\\\/produkt\\\/revbenskanal-halogenfri-flex-hf\\\/#primaryimage\"},\"thumbnailUrl\":\"https:\\\/\\\/c-profil.se\\\/wp-content\\\/uploads\\\/2020\\\/01\\\/Revbenskanal-Halogenfri-FLEX-H.jpg\",\"datePublished\":\"2020-01-24T09:36:00+00:00\",\"dateModified\":\"2026-03-18T07:35:49+00:00\",\"description\":\"Revbenskanal \\\/ FLEX-HF haolgenfri i flexibelt utf\u00f6rande. En perfekt l\u00f6sning f\u00f6r ledningsdragning till sk\u00e5pd\u00f6rrar mm. L\u00e4s Mer!\",\"breadcrumb\":{\"@id\":\"https:\\\/\\\/c-profil.se\\\/produkt\\\/revbenskanal-halogenfri-flex-hf\\\/#breadcrumb\"},\"inLanguage\":\"en\",\"potentialAction\":[{\"@type\":\"ReadAction\",\"target\":[\"https:\\\/\\\/c-profil.se\\\/produkt\\\/revbenskanal-halogenfri-flex-hf\\\/\"]}]},{\"@type\":\"ImageObject\",\"inLanguage\":\"en\",\"@id\":\"https:\\\/\\\/c-profil.se\\\/produkt\\\/revbenskanal-halogenfri-flex-hf\\\/#primaryimage\",\"url\":\"https:\\\/\\\/c-profil.se\\\/wp-content\\\/uploads\\\/2020\\\/01\\\/Revbenskanal-Halogenfri-FLEX-H.jpg\",\"contentUrl\":\"https:\\\/\\\/c-profil.se\\\/wp-content\\\/uploads\\\/2020\\\/01\\\/Revbenskanal-Halogenfri-FLEX-H.jpg\",\"width\":1000,\"height\":1000,\"caption\":\"Revbenskanal Halogenfri FLEX-H\"},{\"@type\":\"BreadcrumbList\",\"@id\":\"https:\\\/\\\/c-profil.se\\\/produkt\\\/revbenskanal-halogenfri-flex-hf\\\/#breadcrumb\",\"itemListElement\":[{\"@type\":\"ListItem\",\"position\":1,\"name\":\"Hem\",\"item\":\"https:\\\/\\\/c-profil.se\\\/\"},{\"@type\":\"ListItem\",\"position\":2,\"name\":\"Produkter\",\"item\":\"https:\\\/\\\/c-profil.se\\\/produkter\\\/\"},{\"@type\":\"ListItem\",\"position\":3,\"name\":\"Revbenskanaler\",\"item\":\"https:\\\/\\\/c-profil.se\\\/produkt-kategori\\\/revbenskanaler\\\/\"},{\"@type\":\"ListItem\",\"position\":4,\"name\":\"Revbenskanal \\\/ FLEX-HF\"}]},{\"@type\":\"WebSite\",\"@id\":\"https:\\\/\\\/c-profil.se\\\/#website\",\"url\":\"https:\\\/\\\/c-profil.se\\\/\",\"name\":\"C-Pro\",\"description\":\"Produkter f\u00f6r El och Automation\",\"publisher\":{\"@id\":\"https:\\\/\\\/c-profil.se\\\/#organization\"},\"potentialAction\":[{\"@type\":\"SearchAction\",\"target\":{\"@type\":\"EntryPoint\",\"urlTemplate\":\"https:\\\/\\\/c-profil.se\\\/?s={search_term_string}\"},\"query-input\":{\"@type\":\"PropertyValueSpecification\",\"valueRequired\":true,\"valueName\":\"search_term_string\"}}],\"inLanguage\":\"en\"},{\"@type\":\"Organization\",\"@id\":\"https:\\\/\\\/c-profil.se\\\/#organization\",\"name\":\"C-Pro\",\"alternateName\":\"C-PRO\",\"url\":\"https:\\\/\\\/c-profil.se\\\/\",\"logo\":{\"@type\":\"ImageObject\",\"inLanguage\":\"en\",\"@id\":\"https:\\\/\\\/c-profil.se\\\/#\\\/schema\\\/logo\\\/image\\\/\",\"url\":\"https:\\\/\\\/c-profil.se\\\/wp-content\\\/uploads\\\/2022\\\/03\\\/c-pro-logga-liggande-500x500-1.png\",\"contentUrl\":\"https:\\\/\\\/c-profil.se\\\/wp-content\\\/uploads\\\/2022\\\/03\\\/c-pro-logga-liggande-500x500-1.png\",\"width\":500,\"height\":500,\"caption\":\"C-Pro\"},\"image\":{\"@id\":\"https:\\\/\\\/c-profil.se\\\/#\\\/schema\\\/logo\\\/image\\\/\"},\"sameAs\":[\"https:\\\/\\\/www.facebook.com\\\/people\\\/C-Pro\\\/61561767306874\\\/\",\"https:\\\/\\\/www.linkedin.com\\\/company\\\/c-pro-ab\",\"https:\\\/\\\/www.instagram.com\\\/cpro.ab\\\/\"],\"description\":\"C-PRO AB \u00e4r en helt\u00e4ckande leverant\u00f6r av material f\u00f6r applikationer inom el och automation. \u00c4nda sedan starten 1987 har vi f\u00f6rsett den svenska tillverkande industrin med elmaterial. Trots v\u00e5r storlek och ledande position har vi aldrig \u00f6vergett v\u00e5r grundfilosofi, att vara en personlig leverant\u00f6r. Vi p\u00e5 C-PRO \u00e4r l\u00e4tta att komma i kontakt med, \u00e4rliga och brinner f\u00f6r att l\u00f6sa v\u00e5ra kunders problem.\",\"email\":\"info@c-profil.se\",\"telephone\":\"031575785\",\"legalName\":\"C-Profil F\u00f6rl\u00e4ggningsmaterial AB\",\"foundingDate\":\"1987-01-01\"}]}<\/script>\n<meta property=\"product:brand\" content=\"dragning av kablage\" \/>\n<meta property=\"product:price:currency\" content=\"SEK\" \/>\n<meta property=\"og:availability\" content=\"instock\" \/>\n<meta property=\"product:availability\" content=\"instock\" \/>\n<meta property=\"product:retailer_item_id\" content=\"Revbenskanal \/ FLEX-HF\" \/>\n<meta property=\"product:condition\" content=\"new\" \/>\n<!-- \/ Yoast SEO Premium plugin. -->","yoast_head_json":{"title":"Rib channel \/ FLEX-HF - C-Pro","description":"Ribbed duct \/ FLEX-HF halogen-free in flexible design. A perfect solution for wiring to cabinet doors etc. Read More!","robots":{"index":"index","follow":"follow","max-snippet":"max-snippet:-1","max-image-preview":"max-image-preview:large","max-video-preview":"max-video-preview:-1"},"canonical":"https:\/\/c-profil.se\/english\/product\/flexibel-duct-halogen-free-flex-hf\/","og_locale":"en_US","og_type":"article","og_title":"Revbenskanal \/ FLEX-HF - C-Pro","og_description":"B\u00f6jbar revbenskanal halogenfri \/ FLEX-HF i flexibelt utf\u00f6rande.   En perfekt l\u00f6sning f\u00f6r ledningsdragning till sk\u00e5pd\u00f6rrar mm.","og_url":"https:\/\/c-profil.se\/english\/product\/flexibel-duct-halogen-free-flex-hf\/","og_site_name":"C-Pro","article_publisher":"https:\/\/www.facebook.com\/people\/C-Pro\/61561767306874\/","article_modified_time":"2026-03-18T07:35:49+00:00","og_image":[{"width":1000,"height":1000,"url":"https:\/\/c-profil.se\/wp-content\/uploads\/2020\/01\/Revbenskanal-Halogenfri-FLEX-H.jpg","type":"image\/jpeg"}],"twitter_card":"summary_large_image","twitter_misc":{"Price":"","Availability":"In stock"},"schema":{"@context":"https:\/\/schema.org","@graph":[{"@type":"WebPage","@id":"https:\/\/c-profil.se\/produkt\/revbenskanal-halogenfri-flex-hf\/","url":"https:\/\/c-profil.se\/produkt\/revbenskanal-halogenfri-flex-hf\/","name":"Rib channel \/ FLEX-HF - C-Pro","isPartOf":{"@id":"https:\/\/c-profil.se\/#website"},"primaryImageOfPage":{"@id":"https:\/\/c-profil.se\/produkt\/revbenskanal-halogenfri-flex-hf\/#primaryimage"},"image":{"@id":"https:\/\/c-profil.se\/produkt\/revbenskanal-halogenfri-flex-hf\/#primaryimage"},"thumbnailUrl":"https:\/\/c-profil.se\/wp-content\/uploads\/2020\/01\/Revbenskanal-Halogenfri-FLEX-H.jpg","datePublished":"2020-01-24T09:36:00+00:00","dateModified":"2026-03-18T07:35:49+00:00","description":"Ribbed duct \/ FLEX-HF halogen-free in flexible design. A perfect solution for wiring to cabinet doors etc. Read More!","breadcrumb":{"@id":"https:\/\/c-profil.se\/produkt\/revbenskanal-halogenfri-flex-hf\/#breadcrumb"},"inLanguage":"en","potentialAction":[{"@type":"ReadAction","target":["https:\/\/c-profil.se\/produkt\/revbenskanal-halogenfri-flex-hf\/"]}]},{"@type":"ImageObject","inLanguage":"en","@id":"https:\/\/c-profil.se\/produkt\/revbenskanal-halogenfri-flex-hf\/#primaryimage","url":"https:\/\/c-profil.se\/wp-content\/uploads\/2020\/01\/Revbenskanal-Halogenfri-FLEX-H.jpg","contentUrl":"https:\/\/c-profil.se\/wp-content\/uploads\/2020\/01\/Revbenskanal-Halogenfri-FLEX-H.jpg","width":1000,"height":1000,"caption":"Revbenskanal Halogenfri FLEX-H"},{"@type":"BreadcrumbList","@id":"https:\/\/c-profil.se\/produkt\/revbenskanal-halogenfri-flex-hf\/#breadcrumb","itemListElement":[{"@type":"ListItem","position":1,"name":"Hem","item":"https:\/\/c-profil.se\/"},{"@type":"ListItem","position":2,"name":"Produkter","item":"https:\/\/c-profil.se\/produkter\/"},{"@type":"ListItem","position":3,"name":"Revbenskanaler","item":"https:\/\/c-profil.se\/produkt-kategori\/revbenskanaler\/"},{"@type":"ListItem","position":4,"name":"Revbenskanal \/ FLEX-HF"}]},{"@type":"WebSite","@id":"https:\/\/c-profil.se\/#website","url":"https:\/\/c-profil.se\/","name":"C-Pro","description":"Products for Electricity and Automation","publisher":{"@id":"https:\/\/c-profil.se\/#organization"},"potentialAction":[{"@type":"SearchAction","target":{"@type":"EntryPoint","urlTemplate":"https:\/\/c-profil.se\/?s={search_term_string}"},"query-input":{"@type":"PropertyValueSpecification","valueRequired":true,"valueName":"search_term_string"}}],"inLanguage":"en"},{"@type":"Organization","@id":"https:\/\/c-profil.se\/#organization","name":"C-Pro","alternateName":"C-PRO","url":"https:\/\/c-profil.se\/","logo":{"@type":"ImageObject","inLanguage":"en","@id":"https:\/\/c-profil.se\/#\/schema\/logo\/image\/","url":"https:\/\/c-profil.se\/wp-content\/uploads\/2022\/03\/c-pro-logga-liggande-500x500-1.png","contentUrl":"https:\/\/c-profil.se\/wp-content\/uploads\/2022\/03\/c-pro-logga-liggande-500x500-1.png","width":500,"height":500,"caption":"C-Pro"},"image":{"@id":"https:\/\/c-profil.se\/#\/schema\/logo\/image\/"},"sameAs":["https:\/\/www.facebook.com\/people\/C-Pro\/61561767306874\/","https:\/\/www.linkedin.com\/company\/c-pro-ab","https:\/\/www.instagram.com\/cpro.ab\/"],"description":"C-PRO AB is a comprehensive supplier of materials for applications in electricity and automation. Ever since the start in 1987, we have supplied the Swedish manufacturing industry with electrical materials. Despite our size and leading position, we have never abandoned our basic philosophy, to be a personal supplier. We at C-PRO are easy to get in touch with, honest and passionate about solving our customers&#039; problems.","email":"info@c-profil.se","telephone":"031575785","legalName":"C-Profil F\u00f6rl\u00e4ggningsmaterial AB","foundingDate":"1987-01-01"}]},"product_brand":"dragning av kablage","product_price_currency":"SEK","og_availability":"instock","product_availability":"instock","product_retailer_item_id":"Revbenskanal \/ FLEX-HF","product_condition":"new"},"_links":{"self":[{"href":"https:\/\/c-profil.se\/english\/wp-json\/wp\/v2\/product\/24883","targetHints":{"allow":["GET"]}}],"collection":[{"href":"https:\/\/c-profil.se\/english\/wp-json\/wp\/v2\/product"}],"about":[{"href":"https:\/\/c-profil.se\/english\/wp-json\/wp\/v2\/types\/product"}],"version-history":[{"count":4,"href":"https:\/\/c-profil.se\/english\/wp-json\/wp\/v2\/product\/24883\/revisions"}],"predecessor-version":[{"id":71737,"href":"https:\/\/c-profil.se\/english\/wp-json\/wp\/v2\/product\/24883\/revisions\/71737"}],"wp:featuredmedia":[{"embeddable":true,"href":"https:\/\/c-profil.se\/english\/wp-json\/wp\/v2\/media\/51378"}],"wp:attachment":[{"href":"https:\/\/c-profil.se\/english\/wp-json\/wp\/v2\/media?parent=24883"}],"wp:term":[{"taxonomy":"product_brand","embeddable":true,"href":"https:\/\/c-profil.se\/english\/wp-json\/wp\/v2\/product_brand?post=24883"},{"taxonomy":"product_cat","embeddable":true,"href":"https:\/\/c-profil.se\/english\/wp-json\/wp\/v2\/product_cat?post=24883"},{"taxonomy":"product_tag","embeddable":true,"href":"https:\/\/c-profil.se\/english\/wp-json\/wp\/v2\/product_tag?post=24883"}],"curies":[{"name":"wp","href":"https:\/\/api.w.org\/{rel}","templated":true}]}}