{"id":24865,"date":"2019-11-08T16:06:00","date_gmt":"2019-11-08T15:06:00","guid":{"rendered":"https:\/\/c-profil.se\/produkt\/buntband-fosforecerande\/"},"modified":"2026-03-18T08:36:00","modified_gmt":"2026-03-18T07:36:00","slug":"cable-tie-phosphorescent","status":"publish","type":"product","link":"https:\/\/c-profil.se\/english\/produkt\/buntband-fosforescerande\/","title":{"rendered":"Cable ties Phosphorizing"},"content":{"rendered":"<p><strong>Phosphorescent and heat-resistant cable ties are specially adapted for safety and high-temperature environments<\/strong> where standard cable ties are not enough.<br \/>\nThe phosphorescent bands improve visibility in dark environments while the heat-resistant ones can withstand continuous temperatures up to 123 \u00b0C.<\/p>","protected":false},"excerpt":{"rendered":"<p>Cable ties Phosphorescent is mainly recommended for use in closed environments, for example in the case of blackouts, where an escape route or support element must be highlighted for safety purposes.<\/p>","protected":false},"featured_media":24866,"template":"","meta":{"_acf_changed":false},"product_brand":[747],"product_cat":[224],"product_tag":[970,975,946],"class_list":{"0":"post-24865","1":"product","2":"type-product","3":"status-publish","4":"has-post-thumbnail","6":"product_brand-sapiselco","7":"product_cat-buntband","8":"product_tag-dragning-av-kablage","9":"product_tag-fastsattning","10":"product_tag-kabelhantering-i-apparatskap","12":"first","13":"instock","14":"shipping-taxable","15":"product-type-simple"},"acf":[],"yoast_head":"<!-- This site is optimized with the Yoast SEO Premium plugin v27.6 (Yoast SEO v27.6) - https:\/\/yoast.com\/product\/yoast-seo-premium-wordpress\/ -->\n<title>Buntband Fosforescerande - C-Pro<\/title>\n<meta name=\"description\" content=\"Buntband Fosforescerande rekommenderas huvudsakligen f\u00f6r anv\u00e4ndning i st\u00e4ngda milj\u00f6er, till exempel i fallet med m\u00f6rkl\u00e4ggningar.\" \/>\n<meta name=\"robots\" content=\"index, follow, max-snippet:-1, max-image-preview:large, max-video-preview:-1\" \/>\n<link rel=\"canonical\" href=\"https:\/\/c-profil.se\/english\/product\/cable-tie-phosphorescent\/\" \/>\n<meta property=\"og:locale\" content=\"en_US\" \/>\n<meta property=\"og:type\" content=\"article\" \/>\n<meta property=\"og:title\" content=\"Buntband Fosforecerande - C-Pro\" \/>\n<meta property=\"og:description\" content=\"Buntband Fosforescerande rekommenderas huvudsakligen f\u00f6r anv\u00e4ndning i st\u00e4ngda milj\u00f6er, till exempel i fallet med m\u00f6rkl\u00e4ggningar, d\u00e4r en utrymningsv\u00e4g eller st\u00f6delement m\u00e5ste lyfts fram f\u00f6r s\u00e4kerhets\u00e4ndam\u00e5l.\" \/>\n<meta property=\"og:url\" content=\"https:\/\/c-profil.se\/english\/product\/cable-tie-phosphorescent\/\" \/>\n<meta property=\"og:site_name\" content=\"C-Pro\" \/>\n<meta property=\"article:publisher\" content=\"https:\/\/www.facebook.com\/people\/C-Pro\/61561767306874\/\" \/>\n<meta property=\"article:modified_time\" content=\"2026-03-18T07:36:00+00:00\" \/>\n<meta property=\"og:image\" content=\"https:\/\/c-profil.se\/wp-content\/uploads\/2020\/11\/Buntband-FOSFORESCERANDE.jpg\" \/>\n\t<meta property=\"og:image:width\" content=\"500\" \/>\n\t<meta property=\"og:image:height\" content=\"500\" \/>\n\t<meta property=\"og:image:type\" content=\"image\/jpeg\" \/>\n<meta name=\"twitter:card\" content=\"summary_large_image\" \/>\n<meta name=\"twitter:label1\" content=\"Price\" \/>\n\t<meta name=\"twitter:data1\" content=\"\" \/>\n\t<meta name=\"twitter:label2\" content=\"Availability\" \/>\n\t<meta name=\"twitter:data2\" content=\"In stock\" \/>\n<script type=\"application\/ld+json\" class=\"yoast-schema-graph\">{\"@context\":\"https:\\\/\\\/schema.org\",\"@graph\":[{\"@type\":\"WebPage\",\"@id\":\"https:\\\/\\\/c-profil.se\\\/produkt\\\/buntband-fosforescerande\\\/\",\"url\":\"https:\\\/\\\/c-profil.se\\\/produkt\\\/buntband-fosforescerande\\\/\",\"name\":\"Buntband Fosforescerande - C-Pro\",\"isPartOf\":{\"@id\":\"https:\\\/\\\/c-profil.se\\\/#website\"},\"primaryImageOfPage\":{\"@id\":\"https:\\\/\\\/c-profil.se\\\/produkt\\\/buntband-fosforescerande\\\/#primaryimage\"},\"image\":{\"@id\":\"https:\\\/\\\/c-profil.se\\\/produkt\\\/buntband-fosforescerande\\\/#primaryimage\"},\"thumbnailUrl\":\"https:\\\/\\\/c-profil.se\\\/wp-content\\\/uploads\\\/2020\\\/11\\\/Buntband-FOSFORESCERANDE.jpg\",\"datePublished\":\"2019-11-08T15:06:00+00:00\",\"dateModified\":\"2026-03-18T07:36:00+00:00\",\"description\":\"Buntband Fosforescerande rekommenderas huvudsakligen f\u00f6r anv\u00e4ndning i st\u00e4ngda milj\u00f6er, till exempel i fallet med m\u00f6rkl\u00e4ggningar.\",\"breadcrumb\":{\"@id\":\"https:\\\/\\\/c-profil.se\\\/produkt\\\/buntband-fosforescerande\\\/#breadcrumb\"},\"inLanguage\":\"en\",\"potentialAction\":[{\"@type\":\"ReadAction\",\"target\":[\"https:\\\/\\\/c-profil.se\\\/produkt\\\/buntband-fosforescerande\\\/\"]}]},{\"@type\":\"ImageObject\",\"inLanguage\":\"en\",\"@id\":\"https:\\\/\\\/c-profil.se\\\/produkt\\\/buntband-fosforescerande\\\/#primaryimage\",\"url\":\"https:\\\/\\\/c-profil.se\\\/wp-content\\\/uploads\\\/2020\\\/11\\\/Buntband-FOSFORESCERANDE.jpg\",\"contentUrl\":\"https:\\\/\\\/c-profil.se\\\/wp-content\\\/uploads\\\/2020\\\/11\\\/Buntband-FOSFORESCERANDE.jpg\",\"width\":500,\"height\":500,\"caption\":\"Buntband Fosforecerande\"},{\"@type\":\"BreadcrumbList\",\"@id\":\"https:\\\/\\\/c-profil.se\\\/produkt\\\/buntband-fosforescerande\\\/#breadcrumb\",\"itemListElement\":[{\"@type\":\"ListItem\",\"position\":1,\"name\":\"Hem\",\"item\":\"https:\\\/\\\/c-profil.se\\\/\"},{\"@type\":\"ListItem\",\"position\":2,\"name\":\"Produkter\",\"item\":\"https:\\\/\\\/c-profil.se\\\/produkter\\\/\"},{\"@type\":\"ListItem\",\"position\":3,\"name\":\"Buntband\",\"item\":\"https:\\\/\\\/c-profil.se\\\/produkt-kategori\\\/buntband\\\/\"},{\"@type\":\"ListItem\",\"position\":4,\"name\":\"Buntband Fosforecerande\"}]},{\"@type\":\"WebSite\",\"@id\":\"https:\\\/\\\/c-profil.se\\\/#website\",\"url\":\"https:\\\/\\\/c-profil.se\\\/\",\"name\":\"C-Pro\",\"description\":\"Produkter f\u00f6r El och Automation\",\"publisher\":{\"@id\":\"https:\\\/\\\/c-profil.se\\\/#organization\"},\"potentialAction\":[{\"@type\":\"SearchAction\",\"target\":{\"@type\":\"EntryPoint\",\"urlTemplate\":\"https:\\\/\\\/c-profil.se\\\/?s={search_term_string}\"},\"query-input\":{\"@type\":\"PropertyValueSpecification\",\"valueRequired\":true,\"valueName\":\"search_term_string\"}}],\"inLanguage\":\"en\"},{\"@type\":\"Organization\",\"@id\":\"https:\\\/\\\/c-profil.se\\\/#organization\",\"name\":\"C-Pro\",\"alternateName\":\"C-PRO\",\"url\":\"https:\\\/\\\/c-profil.se\\\/\",\"logo\":{\"@type\":\"ImageObject\",\"inLanguage\":\"en\",\"@id\":\"https:\\\/\\\/c-profil.se\\\/#\\\/schema\\\/logo\\\/image\\\/\",\"url\":\"https:\\\/\\\/c-profil.se\\\/wp-content\\\/uploads\\\/2022\\\/03\\\/c-pro-logga-liggande-500x500-1.png\",\"contentUrl\":\"https:\\\/\\\/c-profil.se\\\/wp-content\\\/uploads\\\/2022\\\/03\\\/c-pro-logga-liggande-500x500-1.png\",\"width\":500,\"height\":500,\"caption\":\"C-Pro\"},\"image\":{\"@id\":\"https:\\\/\\\/c-profil.se\\\/#\\\/schema\\\/logo\\\/image\\\/\"},\"sameAs\":[\"https:\\\/\\\/www.facebook.com\\\/people\\\/C-Pro\\\/61561767306874\\\/\",\"https:\\\/\\\/www.linkedin.com\\\/company\\\/c-pro-ab\",\"https:\\\/\\\/www.instagram.com\\\/cpro.ab\\\/\"],\"description\":\"C-PRO AB \u00e4r en helt\u00e4ckande leverant\u00f6r av material f\u00f6r applikationer inom el och automation. \u00c4nda sedan starten 1987 har vi f\u00f6rsett den svenska tillverkande industrin med elmaterial. Trots v\u00e5r storlek och ledande position har vi aldrig \u00f6vergett v\u00e5r grundfilosofi, att vara en personlig leverant\u00f6r. Vi p\u00e5 C-PRO \u00e4r l\u00e4tta att komma i kontakt med, \u00e4rliga och brinner f\u00f6r att l\u00f6sa v\u00e5ra kunders problem.\",\"email\":\"info@c-profil.se\",\"telephone\":\"031575785\",\"legalName\":\"C-Profil F\u00f6rl\u00e4ggningsmaterial AB\",\"foundingDate\":\"1987-01-01\"}]}<\/script>\n<meta property=\"product:brand\" content=\"dragning av kablage\" \/>\n<meta property=\"product:price:currency\" content=\"SEK\" \/>\n<meta property=\"og:availability\" content=\"instock\" \/>\n<meta property=\"product:availability\" content=\"instock\" \/>\n<meta property=\"product:retailer_item_id\" content=\"Buntband Fosforecerande\" \/>\n<meta property=\"product:condition\" content=\"new\" \/>\n<!-- \/ Yoast SEO Premium plugin. -->","yoast_head_json":{"title":"Cable ties Phosphorescent - C-Pro","description":"Cable ties Phosphorescent is mainly recommended for use in closed environments, for example in the case of blackouts.","robots":{"index":"index","follow":"follow","max-snippet":"max-snippet:-1","max-image-preview":"max-image-preview:large","max-video-preview":"max-video-preview:-1"},"canonical":"https:\/\/c-profil.se\/english\/product\/cable-tie-phosphorescent\/","og_locale":"en_US","og_type":"article","og_title":"Buntband Fosforecerande - C-Pro","og_description":"Buntband Fosforescerande rekommenderas huvudsakligen f\u00f6r anv\u00e4ndning i st\u00e4ngda milj\u00f6er, till exempel i fallet med m\u00f6rkl\u00e4ggningar, d\u00e4r en utrymningsv\u00e4g eller st\u00f6delement m\u00e5ste lyfts fram f\u00f6r s\u00e4kerhets\u00e4ndam\u00e5l.","og_url":"https:\/\/c-profil.se\/english\/product\/cable-tie-phosphorescent\/","og_site_name":"C-Pro","article_publisher":"https:\/\/www.facebook.com\/people\/C-Pro\/61561767306874\/","article_modified_time":"2026-03-18T07:36:00+00:00","og_image":[{"width":500,"height":500,"url":"https:\/\/c-profil.se\/wp-content\/uploads\/2020\/11\/Buntband-FOSFORESCERANDE.jpg","type":"image\/jpeg"}],"twitter_card":"summary_large_image","twitter_misc":{"Price":"","Availability":"In stock"},"schema":{"@context":"https:\/\/schema.org","@graph":[{"@type":"WebPage","@id":"https:\/\/c-profil.se\/produkt\/buntband-fosforescerande\/","url":"https:\/\/c-profil.se\/produkt\/buntband-fosforescerande\/","name":"Cable ties Phosphorescent - C-Pro","isPartOf":{"@id":"https:\/\/c-profil.se\/#website"},"primaryImageOfPage":{"@id":"https:\/\/c-profil.se\/produkt\/buntband-fosforescerande\/#primaryimage"},"image":{"@id":"https:\/\/c-profil.se\/produkt\/buntband-fosforescerande\/#primaryimage"},"thumbnailUrl":"https:\/\/c-profil.se\/wp-content\/uploads\/2020\/11\/Buntband-FOSFORESCERANDE.jpg","datePublished":"2019-11-08T15:06:00+00:00","dateModified":"2026-03-18T07:36:00+00:00","description":"Cable ties Phosphorescent is mainly recommended for use in closed environments, for example in the case of blackouts.","breadcrumb":{"@id":"https:\/\/c-profil.se\/produkt\/buntband-fosforescerande\/#breadcrumb"},"inLanguage":"en","potentialAction":[{"@type":"ReadAction","target":["https:\/\/c-profil.se\/produkt\/buntband-fosforescerande\/"]}]},{"@type":"ImageObject","inLanguage":"en","@id":"https:\/\/c-profil.se\/produkt\/buntband-fosforescerande\/#primaryimage","url":"https:\/\/c-profil.se\/wp-content\/uploads\/2020\/11\/Buntband-FOSFORESCERANDE.jpg","contentUrl":"https:\/\/c-profil.se\/wp-content\/uploads\/2020\/11\/Buntband-FOSFORESCERANDE.jpg","width":500,"height":500,"caption":"Buntband Fosforecerande"},{"@type":"BreadcrumbList","@id":"https:\/\/c-profil.se\/produkt\/buntband-fosforescerande\/#breadcrumb","itemListElement":[{"@type":"ListItem","position":1,"name":"Hem","item":"https:\/\/c-profil.se\/"},{"@type":"ListItem","position":2,"name":"Produkter","item":"https:\/\/c-profil.se\/produkter\/"},{"@type":"ListItem","position":3,"name":"Buntband","item":"https:\/\/c-profil.se\/produkt-kategori\/buntband\/"},{"@type":"ListItem","position":4,"name":"Buntband Fosforecerande"}]},{"@type":"WebSite","@id":"https:\/\/c-profil.se\/#website","url":"https:\/\/c-profil.se\/","name":"C-Pro","description":"Products for Electricity and Automation","publisher":{"@id":"https:\/\/c-profil.se\/#organization"},"potentialAction":[{"@type":"SearchAction","target":{"@type":"EntryPoint","urlTemplate":"https:\/\/c-profil.se\/?s={search_term_string}"},"query-input":{"@type":"PropertyValueSpecification","valueRequired":true,"valueName":"search_term_string"}}],"inLanguage":"en"},{"@type":"Organization","@id":"https:\/\/c-profil.se\/#organization","name":"C-Pro","alternateName":"C-PRO","url":"https:\/\/c-profil.se\/","logo":{"@type":"ImageObject","inLanguage":"en","@id":"https:\/\/c-profil.se\/#\/schema\/logo\/image\/","url":"https:\/\/c-profil.se\/wp-content\/uploads\/2022\/03\/c-pro-logga-liggande-500x500-1.png","contentUrl":"https:\/\/c-profil.se\/wp-content\/uploads\/2022\/03\/c-pro-logga-liggande-500x500-1.png","width":500,"height":500,"caption":"C-Pro"},"image":{"@id":"https:\/\/c-profil.se\/#\/schema\/logo\/image\/"},"sameAs":["https:\/\/www.facebook.com\/people\/C-Pro\/61561767306874\/","https:\/\/www.linkedin.com\/company\/c-pro-ab","https:\/\/www.instagram.com\/cpro.ab\/"],"description":"C-PRO AB is a comprehensive supplier of materials for applications in electricity and automation. Ever since the start in 1987, we have supplied the Swedish manufacturing industry with electrical materials. Despite our size and leading position, we have never abandoned our basic philosophy, to be a personal supplier. We at C-PRO are easy to get in touch with, honest and passionate about solving our customers&#039; problems.","email":"info@c-profil.se","telephone":"031575785","legalName":"C-Profil F\u00f6rl\u00e4ggningsmaterial AB","foundingDate":"1987-01-01"}]},"product_brand":"dragning av kablage","product_price_currency":"SEK","og_availability":"instock","product_availability":"instock","product_retailer_item_id":"Buntband Fosforecerande","product_condition":"new"},"_links":{"self":[{"href":"https:\/\/c-profil.se\/english\/wp-json\/wp\/v2\/product\/24865","targetHints":{"allow":["GET"]}}],"collection":[{"href":"https:\/\/c-profil.se\/english\/wp-json\/wp\/v2\/product"}],"about":[{"href":"https:\/\/c-profil.se\/english\/wp-json\/wp\/v2\/types\/product"}],"version-history":[{"count":3,"href":"https:\/\/c-profil.se\/english\/wp-json\/wp\/v2\/product\/24865\/revisions"}],"predecessor-version":[{"id":71811,"href":"https:\/\/c-profil.se\/english\/wp-json\/wp\/v2\/product\/24865\/revisions\/71811"}],"wp:featuredmedia":[{"embeddable":true,"href":"https:\/\/c-profil.se\/english\/wp-json\/wp\/v2\/media\/24866"}],"wp:attachment":[{"href":"https:\/\/c-profil.se\/english\/wp-json\/wp\/v2\/media?parent=24865"}],"wp:term":[{"taxonomy":"product_brand","embeddable":true,"href":"https:\/\/c-profil.se\/english\/wp-json\/wp\/v2\/product_brand?post=24865"},{"taxonomy":"product_cat","embeddable":true,"href":"https:\/\/c-profil.se\/english\/wp-json\/wp\/v2\/product_cat?post=24865"},{"taxonomy":"product_tag","embeddable":true,"href":"https:\/\/c-profil.se\/english\/wp-json\/wp\/v2\/product_tag?post=24865"}],"curies":[{"name":"wp","href":"https:\/\/api.w.org\/{rel}","templated":true}]}}