{"id":24861,"date":"2019-11-08T15:46:00","date_gmt":"2019-11-08T14:46:00","guid":{"rendered":"https:\/\/c-profil.se\/produkt\/buntband-fargade\/"},"modified":"2026-03-18T08:36:18","modified_gmt":"2026-03-18T07:36:18","slug":"cable-ties-colored","status":"publish","type":"product","link":"https:\/\/c-profil.se\/english\/produkt\/buntband-fargade\/","title":{"rendered":"Cable ties Colored"},"content":{"rendered":"<p><strong>Cable ties colored in nylon allow for clear color marking of installations<\/strong> without compromising on function.<br \/>\nThe material can be colored upon request and each color variant should be verified as technical properties may vary depending on the pigment.<\/p>","protected":false},"excerpt":{"rendered":"<p>Cable ties dyed in the material nylon are normally supplied in natural color by the manufacturers, or on request in black with guaranteed self-extinguishing class V2: UL 94. All the data described so far have been taken from the technical documentation of leading manufacturers and normally refer to the product version in natural color.<\/p>\n<p>The raw material can be dyed upon request, depending on the dyes already available, as described in the diagram at the bottom of the page. The dyes used are normally organic. In any event, the technical features described so far must be checked and tested color by color.<\/p>","protected":false},"featured_media":24862,"template":"","meta":{"_acf_changed":false},"product_brand":[747],"product_cat":[224],"product_tag":[970,975,946],"class_list":{"0":"post-24861","1":"product","2":"type-product","3":"status-publish","4":"has-post-thumbnail","6":"product_brand-sapiselco","7":"product_cat-buntband","8":"product_tag-dragning-av-kablage","9":"product_tag-fastsattning","10":"product_tag-kabelhantering-i-apparatskap","12":"first","13":"instock","14":"shipping-taxable","15":"product-type-simple"},"acf":[],"yoast_head":"<!-- This site is optimized with the Yoast SEO Premium plugin v27.4 (Yoast SEO v27.4) - https:\/\/yoast.com\/product\/yoast-seo-premium-wordpress\/ -->\n<title>Buntband F\u00e4rgade - C-Pro<\/title>\n<meta name=\"description\" content=\"Buntband f\u00e4rgade i materialet nylon levereras normalt i naturlig f\u00e4rg, eller p\u00e5 beg\u00e4ran i svart med garanterad sj\u00e4lvsl\u00e4ckande klass V2: UL 94. L\u00e4s Mer!\" \/>\n<meta name=\"robots\" content=\"index, follow, max-snippet:-1, max-image-preview:large, max-video-preview:-1\" \/>\n<link rel=\"canonical\" href=\"https:\/\/c-profil.se\/english\/product\/cable-ties-colored\/\" \/>\n<meta property=\"og:locale\" content=\"en_US\" \/>\n<meta property=\"og:type\" content=\"article\" \/>\n<meta property=\"og:title\" content=\"Buntband F\u00e4rgade - C-Pro\" \/>\n<meta property=\"og:description\" content=\"Buntband f\u00e4rgade i materialet nylon levereras normalt i naturlig f\u00e4rg av tillverkarna, eller p\u00e5 beg\u00e4ran i svart med garanterad sj\u00e4lvsl\u00e4ckande klass V2: UL 94. Alla hittills beskrivna data har h\u00e4mtats fr\u00e5n den tekniska dokumentationen fr\u00e5n ledande tillverkare och h\u00e4nvisar normalt till produkten version i naturlig f\u00e4rg.  R\u00e5materialet kan f\u00e4rgas p\u00e5 beg\u00e4ran, beroende p\u00e5 redan tillg\u00e4ngliga f\u00e4rg\u00e4mnen, som beskrivs i diagrammet l\u00e4ngst ner p\u00e5 sidan. De anv\u00e4nda f\u00e4rg\u00e4mnena \u00e4r normalt organiska. I alla h\u00e4ndelser m\u00e5ste de hittills beskrivna tekniska funktionerna kontrolleras och testas f\u00e4rg efter f\u00e4rg.\" \/>\n<meta property=\"og:url\" content=\"https:\/\/c-profil.se\/english\/product\/cable-ties-colored\/\" \/>\n<meta property=\"og:site_name\" content=\"C-Pro\" \/>\n<meta property=\"article:publisher\" content=\"https:\/\/www.facebook.com\/people\/C-Pro\/61561767306874\/\" \/>\n<meta property=\"article:modified_time\" content=\"2026-03-18T07:36:18+00:00\" \/>\n<meta property=\"og:image\" content=\"https:\/\/c-profil.se\/wp-content\/uploads\/2020\/11\/Buntband-Fargade.jpg\" \/>\n\t<meta property=\"og:image:width\" content=\"500\" \/>\n\t<meta property=\"og:image:height\" content=\"500\" \/>\n\t<meta property=\"og:image:type\" content=\"image\/jpeg\" \/>\n<meta name=\"twitter:card\" content=\"summary_large_image\" \/>\n<meta name=\"twitter:label1\" content=\"Price\" \/>\n\t<meta name=\"twitter:data1\" content=\"\" \/>\n\t<meta name=\"twitter:label2\" content=\"Availability\" \/>\n\t<meta name=\"twitter:data2\" content=\"In stock\" \/>\n<script type=\"application\/ld+json\" class=\"yoast-schema-graph\">{\"@context\":\"https:\\\/\\\/schema.org\",\"@graph\":[{\"@type\":\"WebPage\",\"@id\":\"https:\\\/\\\/c-profil.se\\\/produkt\\\/buntband-fargade\\\/\",\"url\":\"https:\\\/\\\/c-profil.se\\\/produkt\\\/buntband-fargade\\\/\",\"name\":\"Buntband F\u00e4rgade - C-Pro\",\"isPartOf\":{\"@id\":\"https:\\\/\\\/c-profil.se\\\/#website\"},\"primaryImageOfPage\":{\"@id\":\"https:\\\/\\\/c-profil.se\\\/produkt\\\/buntband-fargade\\\/#primaryimage\"},\"image\":{\"@id\":\"https:\\\/\\\/c-profil.se\\\/produkt\\\/buntband-fargade\\\/#primaryimage\"},\"thumbnailUrl\":\"https:\\\/\\\/c-profil.se\\\/wp-content\\\/uploads\\\/2020\\\/11\\\/Buntband-Fargade.jpg\",\"datePublished\":\"2019-11-08T14:46:00+00:00\",\"dateModified\":\"2026-03-18T07:36:18+00:00\",\"description\":\"Buntband f\u00e4rgade i materialet nylon levereras normalt i naturlig f\u00e4rg, eller p\u00e5 beg\u00e4ran i svart med garanterad sj\u00e4lvsl\u00e4ckande klass V2: UL 94. L\u00e4s Mer!\",\"breadcrumb\":{\"@id\":\"https:\\\/\\\/c-profil.se\\\/produkt\\\/buntband-fargade\\\/#breadcrumb\"},\"inLanguage\":\"en\",\"potentialAction\":[{\"@type\":\"ReadAction\",\"target\":[\"https:\\\/\\\/c-profil.se\\\/produkt\\\/buntband-fargade\\\/\"]}]},{\"@type\":\"ImageObject\",\"inLanguage\":\"en\",\"@id\":\"https:\\\/\\\/c-profil.se\\\/produkt\\\/buntband-fargade\\\/#primaryimage\",\"url\":\"https:\\\/\\\/c-profil.se\\\/wp-content\\\/uploads\\\/2020\\\/11\\\/Buntband-Fargade.jpg\",\"contentUrl\":\"https:\\\/\\\/c-profil.se\\\/wp-content\\\/uploads\\\/2020\\\/11\\\/Buntband-Fargade.jpg\",\"width\":500,\"height\":500,\"caption\":\"Buntband F\u00e4rgade\"},{\"@type\":\"BreadcrumbList\",\"@id\":\"https:\\\/\\\/c-profil.se\\\/produkt\\\/buntband-fargade\\\/#breadcrumb\",\"itemListElement\":[{\"@type\":\"ListItem\",\"position\":1,\"name\":\"Hem\",\"item\":\"https:\\\/\\\/c-profil.se\\\/\"},{\"@type\":\"ListItem\",\"position\":2,\"name\":\"Produkter\",\"item\":\"https:\\\/\\\/c-profil.se\\\/produkter\\\/\"},{\"@type\":\"ListItem\",\"position\":3,\"name\":\"Buntband\",\"item\":\"https:\\\/\\\/c-profil.se\\\/produkt-kategori\\\/buntband\\\/\"},{\"@type\":\"ListItem\",\"position\":4,\"name\":\"Buntband F\u00e4rgade\"}]},{\"@type\":\"WebSite\",\"@id\":\"https:\\\/\\\/c-profil.se\\\/#website\",\"url\":\"https:\\\/\\\/c-profil.se\\\/\",\"name\":\"C-Pro\",\"description\":\"Produkter f\u00f6r El och Automation\",\"publisher\":{\"@id\":\"https:\\\/\\\/c-profil.se\\\/#organization\"},\"potentialAction\":[{\"@type\":\"SearchAction\",\"target\":{\"@type\":\"EntryPoint\",\"urlTemplate\":\"https:\\\/\\\/c-profil.se\\\/?s={search_term_string}\"},\"query-input\":{\"@type\":\"PropertyValueSpecification\",\"valueRequired\":true,\"valueName\":\"search_term_string\"}}],\"inLanguage\":\"en\"},{\"@type\":\"Organization\",\"@id\":\"https:\\\/\\\/c-profil.se\\\/#organization\",\"name\":\"C-Pro\",\"alternateName\":\"C-PRO\",\"url\":\"https:\\\/\\\/c-profil.se\\\/\",\"logo\":{\"@type\":\"ImageObject\",\"inLanguage\":\"en\",\"@id\":\"https:\\\/\\\/c-profil.se\\\/#\\\/schema\\\/logo\\\/image\\\/\",\"url\":\"https:\\\/\\\/c-profil.se\\\/wp-content\\\/uploads\\\/2022\\\/03\\\/c-pro-logga-liggande-500x500-1.png\",\"contentUrl\":\"https:\\\/\\\/c-profil.se\\\/wp-content\\\/uploads\\\/2022\\\/03\\\/c-pro-logga-liggande-500x500-1.png\",\"width\":500,\"height\":500,\"caption\":\"C-Pro\"},\"image\":{\"@id\":\"https:\\\/\\\/c-profil.se\\\/#\\\/schema\\\/logo\\\/image\\\/\"},\"sameAs\":[\"https:\\\/\\\/www.facebook.com\\\/people\\\/C-Pro\\\/61561767306874\\\/\",\"https:\\\/\\\/www.linkedin.com\\\/company\\\/c-pro-ab\",\"https:\\\/\\\/www.instagram.com\\\/cpro.ab\\\/\"],\"description\":\"C-PRO AB \u00e4r en helt\u00e4ckande leverant\u00f6r av material f\u00f6r applikationer inom el och automation. \u00c4nda sedan starten 1987 har vi f\u00f6rsett den svenska tillverkande industrin med elmaterial. Trots v\u00e5r storlek och ledande position har vi aldrig \u00f6vergett v\u00e5r grundfilosofi, att vara en personlig leverant\u00f6r. Vi p\u00e5 C-PRO \u00e4r l\u00e4tta att komma i kontakt med, \u00e4rliga och brinner f\u00f6r att l\u00f6sa v\u00e5ra kunders problem.\",\"email\":\"info@c-profil.se\",\"telephone\":\"031575785\",\"legalName\":\"C-Profil F\u00f6rl\u00e4ggningsmaterial AB\",\"foundingDate\":\"1987-01-01\"}]}<\/script>\n<meta property=\"product:brand\" content=\"dragning av kablage\" \/>\n<meta property=\"product:price:currency\" content=\"SEK\" \/>\n<meta property=\"og:availability\" content=\"instock\" \/>\n<meta property=\"product:availability\" content=\"instock\" \/>\n<meta property=\"product:retailer_item_id\" content=\"Buntband F\u00e4rgade\" \/>\n<meta property=\"product:condition\" content=\"new\" \/>\n<!-- \/ Yoast SEO Premium plugin. -->","yoast_head_json":{"title":"Cable ties Colored - C-Pro","description":"Cable ties colored in nylon are normally delivered in natural color, or on request in black with guaranteed self-extinguishing class V2: UL 94. Read More!","robots":{"index":"index","follow":"follow","max-snippet":"max-snippet:-1","max-image-preview":"max-image-preview:large","max-video-preview":"max-video-preview:-1"},"canonical":"https:\/\/c-profil.se\/english\/product\/cable-ties-colored\/","og_locale":"en_US","og_type":"article","og_title":"Buntband F\u00e4rgade - C-Pro","og_description":"Buntband f\u00e4rgade i materialet nylon levereras normalt i naturlig f\u00e4rg av tillverkarna, eller p\u00e5 beg\u00e4ran i svart med garanterad sj\u00e4lvsl\u00e4ckande klass V2: UL 94. Alla hittills beskrivna data har h\u00e4mtats fr\u00e5n den tekniska dokumentationen fr\u00e5n ledande tillverkare och h\u00e4nvisar normalt till produkten version i naturlig f\u00e4rg.  R\u00e5materialet kan f\u00e4rgas p\u00e5 beg\u00e4ran, beroende p\u00e5 redan tillg\u00e4ngliga f\u00e4rg\u00e4mnen, som beskrivs i diagrammet l\u00e4ngst ner p\u00e5 sidan. De anv\u00e4nda f\u00e4rg\u00e4mnena \u00e4r normalt organiska. I alla h\u00e4ndelser m\u00e5ste de hittills beskrivna tekniska funktionerna kontrolleras och testas f\u00e4rg efter f\u00e4rg.","og_url":"https:\/\/c-profil.se\/english\/product\/cable-ties-colored\/","og_site_name":"C-Pro","article_publisher":"https:\/\/www.facebook.com\/people\/C-Pro\/61561767306874\/","article_modified_time":"2026-03-18T07:36:18+00:00","og_image":[{"width":500,"height":500,"url":"https:\/\/c-profil.se\/wp-content\/uploads\/2020\/11\/Buntband-Fargade.jpg","type":"image\/jpeg"}],"twitter_card":"summary_large_image","twitter_misc":{"Price":"","Availability":"In stock"},"schema":{"@context":"https:\/\/schema.org","@graph":[{"@type":"WebPage","@id":"https:\/\/c-profil.se\/produkt\/buntband-fargade\/","url":"https:\/\/c-profil.se\/produkt\/buntband-fargade\/","name":"Cable ties Colored - C-Pro","isPartOf":{"@id":"https:\/\/c-profil.se\/#website"},"primaryImageOfPage":{"@id":"https:\/\/c-profil.se\/produkt\/buntband-fargade\/#primaryimage"},"image":{"@id":"https:\/\/c-profil.se\/produkt\/buntband-fargade\/#primaryimage"},"thumbnailUrl":"https:\/\/c-profil.se\/wp-content\/uploads\/2020\/11\/Buntband-Fargade.jpg","datePublished":"2019-11-08T14:46:00+00:00","dateModified":"2026-03-18T07:36:18+00:00","description":"Cable ties colored in nylon are normally delivered in natural color, or on request in black with guaranteed self-extinguishing class V2: UL 94. Read More!","breadcrumb":{"@id":"https:\/\/c-profil.se\/produkt\/buntband-fargade\/#breadcrumb"},"inLanguage":"en","potentialAction":[{"@type":"ReadAction","target":["https:\/\/c-profil.se\/produkt\/buntband-fargade\/"]}]},{"@type":"ImageObject","inLanguage":"en","@id":"https:\/\/c-profil.se\/produkt\/buntband-fargade\/#primaryimage","url":"https:\/\/c-profil.se\/wp-content\/uploads\/2020\/11\/Buntband-Fargade.jpg","contentUrl":"https:\/\/c-profil.se\/wp-content\/uploads\/2020\/11\/Buntband-Fargade.jpg","width":500,"height":500,"caption":"Buntband F\u00e4rgade"},{"@type":"BreadcrumbList","@id":"https:\/\/c-profil.se\/produkt\/buntband-fargade\/#breadcrumb","itemListElement":[{"@type":"ListItem","position":1,"name":"Hem","item":"https:\/\/c-profil.se\/"},{"@type":"ListItem","position":2,"name":"Produkter","item":"https:\/\/c-profil.se\/produkter\/"},{"@type":"ListItem","position":3,"name":"Buntband","item":"https:\/\/c-profil.se\/produkt-kategori\/buntband\/"},{"@type":"ListItem","position":4,"name":"Buntband F\u00e4rgade"}]},{"@type":"WebSite","@id":"https:\/\/c-profil.se\/#website","url":"https:\/\/c-profil.se\/","name":"C-Pro","description":"Products for Electricity and Automation","publisher":{"@id":"https:\/\/c-profil.se\/#organization"},"potentialAction":[{"@type":"SearchAction","target":{"@type":"EntryPoint","urlTemplate":"https:\/\/c-profil.se\/?s={search_term_string}"},"query-input":{"@type":"PropertyValueSpecification","valueRequired":true,"valueName":"search_term_string"}}],"inLanguage":"en"},{"@type":"Organization","@id":"https:\/\/c-profil.se\/#organization","name":"C-Pro","alternateName":"C-PRO","url":"https:\/\/c-profil.se\/","logo":{"@type":"ImageObject","inLanguage":"en","@id":"https:\/\/c-profil.se\/#\/schema\/logo\/image\/","url":"https:\/\/c-profil.se\/wp-content\/uploads\/2022\/03\/c-pro-logga-liggande-500x500-1.png","contentUrl":"https:\/\/c-profil.se\/wp-content\/uploads\/2022\/03\/c-pro-logga-liggande-500x500-1.png","width":500,"height":500,"caption":"C-Pro"},"image":{"@id":"https:\/\/c-profil.se\/#\/schema\/logo\/image\/"},"sameAs":["https:\/\/www.facebook.com\/people\/C-Pro\/61561767306874\/","https:\/\/www.linkedin.com\/company\/c-pro-ab","https:\/\/www.instagram.com\/cpro.ab\/"],"description":"C-PRO AB is a comprehensive supplier of materials for applications in electricity and automation. Ever since the start in 1987, we have supplied the Swedish manufacturing industry with electrical materials. Despite our size and leading position, we have never abandoned our basic philosophy, to be a personal supplier. We at C-PRO are easy to get in touch with, honest and passionate about solving our customers&#039; problems.","email":"info@c-profil.se","telephone":"031575785","legalName":"C-Profil F\u00f6rl\u00e4ggningsmaterial AB","foundingDate":"1987-01-01"}]},"product_brand":"dragning av kablage","product_price_currency":"SEK","og_availability":"instock","product_availability":"instock","product_retailer_item_id":"Buntband F\u00e4rgade","product_condition":"new"},"_links":{"self":[{"href":"https:\/\/c-profil.se\/english\/wp-json\/wp\/v2\/product\/24861","targetHints":{"allow":["GET"]}}],"collection":[{"href":"https:\/\/c-profil.se\/english\/wp-json\/wp\/v2\/product"}],"about":[{"href":"https:\/\/c-profil.se\/english\/wp-json\/wp\/v2\/types\/product"}],"version-history":[{"count":6,"href":"https:\/\/c-profil.se\/english\/wp-json\/wp\/v2\/product\/24861\/revisions"}],"predecessor-version":[{"id":74401,"href":"https:\/\/c-profil.se\/english\/wp-json\/wp\/v2\/product\/24861\/revisions\/74401"}],"wp:featuredmedia":[{"embeddable":true,"href":"https:\/\/c-profil.se\/english\/wp-json\/wp\/v2\/media\/24862"}],"wp:attachment":[{"href":"https:\/\/c-profil.se\/english\/wp-json\/wp\/v2\/media?parent=24861"}],"wp:term":[{"taxonomy":"product_brand","embeddable":true,"href":"https:\/\/c-profil.se\/english\/wp-json\/wp\/v2\/product_brand?post=24861"},{"taxonomy":"product_cat","embeddable":true,"href":"https:\/\/c-profil.se\/english\/wp-json\/wp\/v2\/product_cat?post=24861"},{"taxonomy":"product_tag","embeddable":true,"href":"https:\/\/c-profil.se\/english\/wp-json\/wp\/v2\/product_tag?post=24861"}],"curies":[{"name":"wp","href":"https:\/\/api.w.org\/{rel}","templated":true}]}}