{"id":24837,"date":"2019-08-29T12:51:00","date_gmt":"2019-08-29T11:51:00","guid":{"rendered":"https:\/\/c-profil.se\/produkt\/x-shark-programvara\/"},"modified":"2026-03-17T14:44:24","modified_gmt":"2026-03-17T13:44:24","slug":"x-shark-software","status":"publish","type":"product","link":"https:\/\/c-profil.se\/english\/produkt\/x-shark-programvara\/","title":{"rendered":"X-Shark Software"},"content":{"rendered":"<p><strong>STULZ X-Shark is a selection program developed to help you choose the right cooler from the STULZ Techno series.<\/strong><br \/>\nThe software supports the sizing of both air- and water-cooled chillers for industrial, IT and comfort applications and simplifies the selection of the optimal solution based on power requirements and operating conditions.<\/p>","protected":false},"excerpt":{"rendered":"<p>STULZ <strong>X-Shark<\/strong> STULZ X-Shark Software was created by STULZ S.p.A. to help you choose the right chiller in the series:<\/p>\n<ul>\n<li><strong>WPAmini Techno<\/strong>: Air condensed radiator for water 95kW-170kW<\/li>\n<li><strong>WPA Techno<\/strong>: Air condensed radiator for water 160kW-550kW<\/li>\n<li><strong>WSA Techno<\/strong>: High-efficiency coolers for industrial, IT and comfort applications 376kW-1260kW<\/li>\n<li><strong>WSW Techno<\/strong>: High-efficiency coolers for industrial, IT and comfort applications 230kW-1529kW<\/li>\n<li><strong>RAW High Density<\/strong>: water-condensed inrow<\/li>\n<\/ul>\n<p><strong>Windows 10 users:<\/strong> when you install the software on Windows 10 you may get an error. To continue, just press the \"Cancel\" button<\/p>\n<p>To help you use <strong>X-Shark<\/strong> Software you can download our guide which is available <a href=\"https:\/\/www.stulz.it\/fileadmin\/user_upload\/Final_images\/STULZ_IT\/Base_for_Custom_Profile.xls\">Here<\/a><\/p>\n<p><a href=\"https:\/\/www.stulz.it\/fileadmin\/user_upload\/Final_images\/STULZ_IT\/XSHARK_STULZ_Setup_190802.zip\">Software<\/a><\/p>\n<p>Original file for custom temperature profile <a href=\"https:\/\/www.stulz.it\/fileadmin\/user_upload\/Final_images\/STULZ_IT\/Base_for_Custom_Profile.xls\">Here<\/a><\/p>","protected":false},"featured_media":51405,"template":"","meta":{"_acf_changed":false},"product_brand":[735],"product_cat":[266],"product_tag":[952,962,972,971],"class_list":{"0":"post-24837","1":"product","2":"type-product","3":"status-publish","4":"has-post-thumbnail","6":"product_brand-cosmotec","7":"product_cat-chillers","8":"product_tag-kravande-miljo","9":"product_tag-kylning","10":"product_tag-maskinkylning","11":"product_tag-processindustri","13":"first","14":"instock","15":"virtual","16":"product-type-simple"},"acf":[],"yoast_head":"<!-- This site is optimized with the Yoast SEO Premium plugin v27.5 (Yoast SEO v27.5) - https:\/\/yoast.com\/product\/yoast-seo-premium-wordpress\/ -->\n<title>X-Shark Programvara - C-Pro<\/title>\n<meta name=\"description\" content=\"STULZ X-Shark Programvara har skapats av STULZ S.p.A. f\u00f6r att hj\u00e4lpa dig att v\u00e4lja r\u00e4tt kylare. Ladda ner v\u00e5r guide. L\u00e4s Mer!\" \/>\n<meta name=\"robots\" content=\"index, follow, max-snippet:-1, max-image-preview:large, max-video-preview:-1\" \/>\n<link rel=\"canonical\" href=\"https:\/\/c-profil.se\/english\/product\/x-shark-software\/\" \/>\n<meta property=\"og:locale\" content=\"en_US\" \/>\n<meta property=\"og:type\" content=\"article\" \/>\n<meta property=\"og:title\" content=\"X-Shark Programvara - C-Pro\" \/>\n<meta property=\"og:description\" content=\"STULZ X-Shark Programvara har skapats av STULZ S.p.A. f\u00f6r att hj\u00e4lpa dig att v\u00e4lja r\u00e4tt kylare i serien:   WPAmini Techno: Luftkondenserad kylare f\u00f6r vatten 95kW-170kW  WPA Techno: Luftkondenserad kylare f\u00f6r vatten 160kW-550kW  WSA Techno: H\u00f6geffektiv kylare f\u00f6r industri, IT och komfortapplikationer 376kW-1260kW  WSW Techno: H\u00f6geffektiv kylare f\u00f6r industriella, IT- och komfortapplikationer 230kW-1529kW  RAW H\u00f6g t\u00e4thet: vattenkondenserad inrow  Windows 10-anv\u00e4ndare: n\u00e4r du installerar programvaran p\u00e5 Windows 10 kan du f\u00e5 ett fel. F\u00f6r att forts\u00e4tta, tryck bara p\u00e5 &quot;Avbryt&quot; -knappen.  F\u00f6r att hj\u00e4lpa dig anv\u00e4nda X-Shark Programvara kan du ladda ner v\u00e5r guide som finns tillg\u00e4nglig H\u00c4R  Programvara  Originalfil f\u00f6r anpassad temperaturprofil H\u00c4R\" \/>\n<meta property=\"og:url\" content=\"https:\/\/c-profil.se\/english\/product\/x-shark-software\/\" \/>\n<meta property=\"og:site_name\" content=\"C-Pro\" \/>\n<meta property=\"article:publisher\" content=\"https:\/\/www.facebook.com\/people\/C-Pro\/61561767306874\/\" \/>\n<meta property=\"article:modified_time\" content=\"2026-03-17T13:44:24+00:00\" \/>\n<meta property=\"og:image\" content=\"https:\/\/c-profil.se\/wp-content\/uploads\/2019\/08\/X-Shark.jpg\" \/>\n\t<meta property=\"og:image:width\" content=\"1000\" \/>\n\t<meta property=\"og:image:height\" content=\"1000\" \/>\n\t<meta property=\"og:image:type\" content=\"image\/jpeg\" \/>\n<meta name=\"twitter:card\" content=\"summary_large_image\" \/>\n<meta name=\"twitter:label1\" content=\"Price\" \/>\n\t<meta name=\"twitter:data1\" content=\"\" \/>\n\t<meta name=\"twitter:label2\" content=\"Availability\" \/>\n\t<meta name=\"twitter:data2\" content=\"In stock\" \/>\n<script type=\"application\/ld+json\" class=\"yoast-schema-graph\">{\"@context\":\"https:\\\/\\\/schema.org\",\"@graph\":[{\"@type\":\"WebPage\",\"@id\":\"https:\\\/\\\/c-profil.se\\\/produkt\\\/x-shark-programvara\\\/\",\"url\":\"https:\\\/\\\/c-profil.se\\\/produkt\\\/x-shark-programvara\\\/\",\"name\":\"X-Shark Programvara - C-Pro\",\"isPartOf\":{\"@id\":\"https:\\\/\\\/c-profil.se\\\/#website\"},\"primaryImageOfPage\":{\"@id\":\"https:\\\/\\\/c-profil.se\\\/produkt\\\/x-shark-programvara\\\/#primaryimage\"},\"image\":{\"@id\":\"https:\\\/\\\/c-profil.se\\\/produkt\\\/x-shark-programvara\\\/#primaryimage\"},\"thumbnailUrl\":\"https:\\\/\\\/c-profil.se\\\/wp-content\\\/uploads\\\/2019\\\/08\\\/X-Shark.jpg\",\"datePublished\":\"2019-08-29T11:51:00+00:00\",\"dateModified\":\"2026-03-17T13:44:24+00:00\",\"description\":\"STULZ X-Shark Programvara har skapats av STULZ S.p.A. f\u00f6r att hj\u00e4lpa dig att v\u00e4lja r\u00e4tt kylare. Ladda ner v\u00e5r guide. L\u00e4s Mer!\",\"breadcrumb\":{\"@id\":\"https:\\\/\\\/c-profil.se\\\/produkt\\\/x-shark-programvara\\\/#breadcrumb\"},\"inLanguage\":\"en\",\"potentialAction\":[{\"@type\":\"ReadAction\",\"target\":[\"https:\\\/\\\/c-profil.se\\\/produkt\\\/x-shark-programvara\\\/\"]}]},{\"@type\":\"ImageObject\",\"inLanguage\":\"en\",\"@id\":\"https:\\\/\\\/c-profil.se\\\/produkt\\\/x-shark-programvara\\\/#primaryimage\",\"url\":\"https:\\\/\\\/c-profil.se\\\/wp-content\\\/uploads\\\/2019\\\/08\\\/X-Shark.jpg\",\"contentUrl\":\"https:\\\/\\\/c-profil.se\\\/wp-content\\\/uploads\\\/2019\\\/08\\\/X-Shark.jpg\",\"width\":1000,\"height\":1000,\"caption\":\"X-Shark\"},{\"@type\":\"BreadcrumbList\",\"@id\":\"https:\\\/\\\/c-profil.se\\\/produkt\\\/x-shark-programvara\\\/#breadcrumb\",\"itemListElement\":[{\"@type\":\"ListItem\",\"position\":1,\"name\":\"Hem\",\"item\":\"https:\\\/\\\/c-profil.se\\\/\"},{\"@type\":\"ListItem\",\"position\":2,\"name\":\"Produkter\",\"item\":\"https:\\\/\\\/c-profil.se\\\/produkter\\\/\"},{\"@type\":\"ListItem\",\"position\":3,\"name\":\"Chillers - industrikylare\",\"item\":\"https:\\\/\\\/c-profil.se\\\/produkt-kategori\\\/chillers\\\/\"},{\"@type\":\"ListItem\",\"position\":4,\"name\":\"X-Shark Programvara\"}]},{\"@type\":\"WebSite\",\"@id\":\"https:\\\/\\\/c-profil.se\\\/#website\",\"url\":\"https:\\\/\\\/c-profil.se\\\/\",\"name\":\"C-Pro\",\"description\":\"Produkter f\u00f6r El och Automation\",\"publisher\":{\"@id\":\"https:\\\/\\\/c-profil.se\\\/#organization\"},\"potentialAction\":[{\"@type\":\"SearchAction\",\"target\":{\"@type\":\"EntryPoint\",\"urlTemplate\":\"https:\\\/\\\/c-profil.se\\\/?s={search_term_string}\"},\"query-input\":{\"@type\":\"PropertyValueSpecification\",\"valueRequired\":true,\"valueName\":\"search_term_string\"}}],\"inLanguage\":\"en\"},{\"@type\":\"Organization\",\"@id\":\"https:\\\/\\\/c-profil.se\\\/#organization\",\"name\":\"C-Pro\",\"alternateName\":\"C-PRO\",\"url\":\"https:\\\/\\\/c-profil.se\\\/\",\"logo\":{\"@type\":\"ImageObject\",\"inLanguage\":\"en\",\"@id\":\"https:\\\/\\\/c-profil.se\\\/#\\\/schema\\\/logo\\\/image\\\/\",\"url\":\"https:\\\/\\\/c-profil.se\\\/wp-content\\\/uploads\\\/2022\\\/03\\\/c-pro-logga-liggande-500x500-1.png\",\"contentUrl\":\"https:\\\/\\\/c-profil.se\\\/wp-content\\\/uploads\\\/2022\\\/03\\\/c-pro-logga-liggande-500x500-1.png\",\"width\":500,\"height\":500,\"caption\":\"C-Pro\"},\"image\":{\"@id\":\"https:\\\/\\\/c-profil.se\\\/#\\\/schema\\\/logo\\\/image\\\/\"},\"sameAs\":[\"https:\\\/\\\/www.facebook.com\\\/people\\\/C-Pro\\\/61561767306874\\\/\",\"https:\\\/\\\/www.linkedin.com\\\/company\\\/c-pro-ab\",\"https:\\\/\\\/www.instagram.com\\\/cpro.ab\\\/\"],\"description\":\"C-PRO AB \u00e4r en helt\u00e4ckande leverant\u00f6r av material f\u00f6r applikationer inom el och automation. \u00c4nda sedan starten 1987 har vi f\u00f6rsett den svenska tillverkande industrin med elmaterial. Trots v\u00e5r storlek och ledande position har vi aldrig \u00f6vergett v\u00e5r grundfilosofi, att vara en personlig leverant\u00f6r. Vi p\u00e5 C-PRO \u00e4r l\u00e4tta att komma i kontakt med, \u00e4rliga och brinner f\u00f6r att l\u00f6sa v\u00e5ra kunders problem.\",\"email\":\"info@c-profil.se\",\"telephone\":\"031575785\",\"legalName\":\"C-Profil F\u00f6rl\u00e4ggningsmaterial AB\",\"foundingDate\":\"1987-01-01\"}]}<\/script>\n<meta property=\"product:brand\" content=\"kr\u00e4vande milj\u00f6\" \/>\n<meta property=\"product:price:currency\" content=\"SEK\" \/>\n<meta property=\"og:availability\" content=\"instock\" \/>\n<meta property=\"product:availability\" content=\"instock\" \/>\n<meta property=\"product:retailer_item_id\" content=\"X-Shark\" \/>\n<meta property=\"product:condition\" content=\"new\" \/>\n<!-- \/ Yoast SEO Premium plugin. -->","yoast_head_json":{"title":"X-Shark Software - C-Pro","description":"STULZ X-Shark Software has been created by STULZ SpA to help you choose the right cooler. Download our guide. Read More!","robots":{"index":"index","follow":"follow","max-snippet":"max-snippet:-1","max-image-preview":"max-image-preview:large","max-video-preview":"max-video-preview:-1"},"canonical":"https:\/\/c-profil.se\/english\/product\/x-shark-software\/","og_locale":"en_US","og_type":"article","og_title":"X-Shark Programvara - C-Pro","og_description":"STULZ X-Shark Programvara har skapats av STULZ S.p.A. f\u00f6r att hj\u00e4lpa dig att v\u00e4lja r\u00e4tt kylare i serien:   WPAmini Techno: Luftkondenserad kylare f\u00f6r vatten 95kW-170kW  WPA Techno: Luftkondenserad kylare f\u00f6r vatten 160kW-550kW  WSA Techno: H\u00f6geffektiv kylare f\u00f6r industri, IT och komfortapplikationer 376kW-1260kW  WSW Techno: H\u00f6geffektiv kylare f\u00f6r industriella, IT- och komfortapplikationer 230kW-1529kW  RAW H\u00f6g t\u00e4thet: vattenkondenserad inrow  Windows 10-anv\u00e4ndare: n\u00e4r du installerar programvaran p\u00e5 Windows 10 kan du f\u00e5 ett fel. F\u00f6r att forts\u00e4tta, tryck bara p\u00e5 \"Avbryt\" -knappen.  F\u00f6r att hj\u00e4lpa dig anv\u00e4nda X-Shark Programvara kan du ladda ner v\u00e5r guide som finns tillg\u00e4nglig H\u00c4R  Programvara  Originalfil f\u00f6r anpassad temperaturprofil H\u00c4R","og_url":"https:\/\/c-profil.se\/english\/product\/x-shark-software\/","og_site_name":"C-Pro","article_publisher":"https:\/\/www.facebook.com\/people\/C-Pro\/61561767306874\/","article_modified_time":"2026-03-17T13:44:24+00:00","og_image":[{"width":1000,"height":1000,"url":"https:\/\/c-profil.se\/wp-content\/uploads\/2019\/08\/X-Shark.jpg","type":"image\/jpeg"}],"twitter_card":"summary_large_image","twitter_misc":{"Price":"","Availability":"In stock"},"schema":{"@context":"https:\/\/schema.org","@graph":[{"@type":"WebPage","@id":"https:\/\/c-profil.se\/produkt\/x-shark-programvara\/","url":"https:\/\/c-profil.se\/produkt\/x-shark-programvara\/","name":"X-Shark Software - C-Pro","isPartOf":{"@id":"https:\/\/c-profil.se\/#website"},"primaryImageOfPage":{"@id":"https:\/\/c-profil.se\/produkt\/x-shark-programvara\/#primaryimage"},"image":{"@id":"https:\/\/c-profil.se\/produkt\/x-shark-programvara\/#primaryimage"},"thumbnailUrl":"https:\/\/c-profil.se\/wp-content\/uploads\/2019\/08\/X-Shark.jpg","datePublished":"2019-08-29T11:51:00+00:00","dateModified":"2026-03-17T13:44:24+00:00","description":"STULZ X-Shark Software has been created by STULZ SpA to help you choose the right cooler. Download our guide. Read More!","breadcrumb":{"@id":"https:\/\/c-profil.se\/produkt\/x-shark-programvara\/#breadcrumb"},"inLanguage":"en","potentialAction":[{"@type":"ReadAction","target":["https:\/\/c-profil.se\/produkt\/x-shark-programvara\/"]}]},{"@type":"ImageObject","inLanguage":"en","@id":"https:\/\/c-profil.se\/produkt\/x-shark-programvara\/#primaryimage","url":"https:\/\/c-profil.se\/wp-content\/uploads\/2019\/08\/X-Shark.jpg","contentUrl":"https:\/\/c-profil.se\/wp-content\/uploads\/2019\/08\/X-Shark.jpg","width":1000,"height":1000,"caption":"X-Shark"},{"@type":"BreadcrumbList","@id":"https:\/\/c-profil.se\/produkt\/x-shark-programvara\/#breadcrumb","itemListElement":[{"@type":"ListItem","position":1,"name":"Hem","item":"https:\/\/c-profil.se\/"},{"@type":"ListItem","position":2,"name":"Produkter","item":"https:\/\/c-profil.se\/produkter\/"},{"@type":"ListItem","position":3,"name":"Chillers - industrikylare","item":"https:\/\/c-profil.se\/produkt-kategori\/chillers\/"},{"@type":"ListItem","position":4,"name":"X-Shark Programvara"}]},{"@type":"WebSite","@id":"https:\/\/c-profil.se\/#website","url":"https:\/\/c-profil.se\/","name":"C-Pro","description":"Products for Electricity and Automation","publisher":{"@id":"https:\/\/c-profil.se\/#organization"},"potentialAction":[{"@type":"SearchAction","target":{"@type":"EntryPoint","urlTemplate":"https:\/\/c-profil.se\/?s={search_term_string}"},"query-input":{"@type":"PropertyValueSpecification","valueRequired":true,"valueName":"search_term_string"}}],"inLanguage":"en"},{"@type":"Organization","@id":"https:\/\/c-profil.se\/#organization","name":"C-Pro","alternateName":"C-PRO","url":"https:\/\/c-profil.se\/","logo":{"@type":"ImageObject","inLanguage":"en","@id":"https:\/\/c-profil.se\/#\/schema\/logo\/image\/","url":"https:\/\/c-profil.se\/wp-content\/uploads\/2022\/03\/c-pro-logga-liggande-500x500-1.png","contentUrl":"https:\/\/c-profil.se\/wp-content\/uploads\/2022\/03\/c-pro-logga-liggande-500x500-1.png","width":500,"height":500,"caption":"C-Pro"},"image":{"@id":"https:\/\/c-profil.se\/#\/schema\/logo\/image\/"},"sameAs":["https:\/\/www.facebook.com\/people\/C-Pro\/61561767306874\/","https:\/\/www.linkedin.com\/company\/c-pro-ab","https:\/\/www.instagram.com\/cpro.ab\/"],"description":"C-PRO AB is a comprehensive supplier of materials for applications in electricity and automation. Ever since the start in 1987, we have supplied the Swedish manufacturing industry with electrical materials. Despite our size and leading position, we have never abandoned our basic philosophy, to be a personal supplier. We at C-PRO are easy to get in touch with, honest and passionate about solving our customers&#039; problems.","email":"info@c-profil.se","telephone":"031575785","legalName":"C-Profil F\u00f6rl\u00e4ggningsmaterial AB","foundingDate":"1987-01-01"}]},"product_brand":"kr\u00e4vande milj\u00f6","product_price_currency":"SEK","og_availability":"instock","product_availability":"instock","product_retailer_item_id":"X-Shark","product_condition":"new"},"_links":{"self":[{"href":"https:\/\/c-profil.se\/english\/wp-json\/wp\/v2\/product\/24837","targetHints":{"allow":["GET"]}}],"collection":[{"href":"https:\/\/c-profil.se\/english\/wp-json\/wp\/v2\/product"}],"about":[{"href":"https:\/\/c-profil.se\/english\/wp-json\/wp\/v2\/types\/product"}],"version-history":[{"count":5,"href":"https:\/\/c-profil.se\/english\/wp-json\/wp\/v2\/product\/24837\/revisions"}],"predecessor-version":[{"id":71785,"href":"https:\/\/c-profil.se\/english\/wp-json\/wp\/v2\/product\/24837\/revisions\/71785"}],"wp:featuredmedia":[{"embeddable":true,"href":"https:\/\/c-profil.se\/english\/wp-json\/wp\/v2\/media\/51405"}],"wp:attachment":[{"href":"https:\/\/c-profil.se\/english\/wp-json\/wp\/v2\/media?parent=24837"}],"wp:term":[{"taxonomy":"product_brand","embeddable":true,"href":"https:\/\/c-profil.se\/english\/wp-json\/wp\/v2\/product_brand?post=24837"},{"taxonomy":"product_cat","embeddable":true,"href":"https:\/\/c-profil.se\/english\/wp-json\/wp\/v2\/product_cat?post=24837"},{"taxonomy":"product_tag","embeddable":true,"href":"https:\/\/c-profil.se\/english\/wp-json\/wp\/v2\/product_tag?post=24837"}],"curies":[{"name":"wp","href":"https:\/\/api.w.org\/{rel}","templated":true}]}}